{"id":988,"date":"2017-02-11T19:23:04","date_gmt":"2017-02-11T18:23:04","guid":{"rendered":"http:\/\/chtululu.be\/index.php\/produit\/les-chenes-dor\/"},"modified":"2017-02-11T19:25:26","modified_gmt":"2017-02-11T18:25:26","slug":"les-chenes-dor","status":"publish","type":"product","link":"https:\/\/chtululu.be\/index.php\/produit\/les-chenes-dor\/","title":{"rendered":"Les Ch\u00eanes d&rsquo;Or"},"content":{"rendered":"","protected":false},"excerpt":{"rendered":"<p><strong>Signol Christian<\/strong><br \/>\nDe la terre, M\u00e9lina a tout appris.<br \/>\nSes dures lois comme ses moindres \u00e9nigmes. Au fil des hivers qui g\u00e8lent le c\u009cur de la Dordogne, elle a senti et \u00e9prouv\u00e9 les forces souterraines qui animent cette nature sauvage, persuad\u00e9e qu&rsquo;une puissance \u00e9tait l\u00e0, qui d\u00e9passait celle des hommes.<\/p>\n<p>Cette magie inaccessible au commun des mortels, elle a parfois l&rsquo;impression de la d\u00e9tenir, tant elle est li\u00e9e \u00e0 ce pays o\u00f9 l&rsquo;on croit que les chemins forestiers ne m\u00e8nent nulle part et qui l&rsquo;a initi\u00e9e aux rites de la \u00a0\u00bb demoiselle noire \u00ab\u00a0.<\/p>\n<p>Dans ce monde qui porte en lui l&rsquo;essentiel si l&rsquo;on sait l&rsquo;\u00e9couter, M\u00e9lina cherche sa v\u00e9rit\u00e9. Un r\u00e9cit intense o\u00f9 Christian Signol nous fait partager les secrets de la terre et du temps, poursuivant sa sensible description d&rsquo;un univers soumis \u00e0 des principes ancestraux.<\/p>\n<p>Dans ce roman qui c\u00e9l\u00e8bre la communion de l&rsquo;homme et de la nature, l&rsquo;auteur de Bleus sont les \u00e9t\u00e9s brosse le magnifique portrait d&rsquo;une femme qui cherche \u00e0 percer le myst\u00e8re de sa naissance, comme une tentative de saisir le sens cach\u00e9 des choses.<\/p>\n","protected":false},"featured_media":980,"template":"","meta":{"_acf_changed":false,"_exactmetrics_skip_tracking":false,"_exactmetrics_sitenote_active":false,"_exactmetrics_sitenote_note":"","_exactmetrics_sitenote_category":0},"product_brand":[],"product_cat":[24],"product_tag":[240],"class_list":{"0":"post-988","1":"product","2":"type-product","3":"status-publish","4":"has-post-thumbnail","6":"product_cat-roman","7":"product_tag-signol-christian","9":"first","10":"instock","11":"sold-individually","12":"taxable","13":"shipping-taxable","14":"purchasable","15":"product-type-simple"},"acf":[],"yoast_head":"<!-- This site is optimized with the Yoast SEO plugin v26.6 - https:\/\/yoast.com\/wordpress\/plugins\/seo\/ -->\n<title>Les Ch\u00eanes d&#039;Or - Le Chtululu<\/title>\n<meta name=\"robots\" content=\"index, follow, max-snippet:-1, max-image-preview:large, max-video-preview:-1\" \/>\n<link rel=\"canonical\" href=\"https:\/\/chtululu.be\/index.php\/produit\/les-chenes-dor\/\" \/>\n<meta property=\"og:locale\" content=\"fr_FR\" \/>\n<meta property=\"og:type\" content=\"article\" \/>\n<meta property=\"og:title\" content=\"Les Ch\u00eanes d&#039;Or - Le Chtululu\" \/>\n<meta property=\"og:description\" content=\"Signol Christian De la terre, M\u00e9lina a tout appris. Ses dures lois comme ses moindres \u00e9nigmes. Au fil des hivers qui g\u00e8lent le c\u009cur de la Dordogne, elle a senti et \u00e9prouv\u00e9 les forces souterraines qui animent cette nature sauvage, persuad\u00e9e qu&#039;une puissance \u00e9tait l\u00e0, qui d\u00e9passait celle des hommes.  Cette magie inaccessible au commun des mortels, elle a parfois l&#039;impression de la d\u00e9tenir, tant elle est li\u00e9e \u00e0 ce pays o\u00f9 l&#039;on croit que les chemins forestiers ne m\u00e8nent nulle part et qui l&#039;a initi\u00e9e aux rites de la &quot; demoiselle noire &quot;.  Dans ce monde qui porte en lui l&#039;essentiel si l&#039;on sait l&#039;\u00e9couter, M\u00e9lina cherche sa v\u00e9rit\u00e9. Un r\u00e9cit intense o\u00f9 Christian Signol nous fait partager les secrets de la terre et du temps, poursuivant sa sensible description d&#039;un univers soumis \u00e0 des principes ancestraux.  Dans ce roman qui c\u00e9l\u00e8bre la communion de l&#039;homme et de la nature, l&#039;auteur de Bleus sont les \u00e9t\u00e9s brosse le magnifique portrait d&#039;une femme qui cherche \u00e0 percer le myst\u00e8re de sa naissance, comme une tentative de saisir le sens cach\u00e9 des choses.\" \/>\n<meta property=\"og:url\" content=\"https:\/\/chtululu.be\/index.php\/produit\/les-chenes-dor\/\" \/>\n<meta property=\"og:site_name\" content=\"Le Chtululu\" \/>\n<meta property=\"article:modified_time\" content=\"2017-02-11T18:25:26+00:00\" \/>\n<meta property=\"og:image\" content=\"https:\/\/chtululu.be\/wp-content\/uploads\/2017\/02\/chenes.jpg\" \/>\n\t<meta property=\"og:image:width\" content=\"200\" \/>\n\t<meta property=\"og:image:height\" content=\"310\" \/>\n\t<meta property=\"og:image:type\" content=\"image\/jpeg\" \/>\n<meta name=\"twitter:card\" content=\"summary_large_image\" \/>\n<script type=\"application\/ld+json\" class=\"yoast-schema-graph\">{\"@context\":\"https:\/\/schema.org\",\"@graph\":[{\"@type\":\"WebPage\",\"@id\":\"https:\/\/chtululu.be\/index.php\/produit\/les-chenes-dor\/\",\"url\":\"https:\/\/chtululu.be\/index.php\/produit\/les-chenes-dor\/\",\"name\":\"Les Ch\u00eanes d'Or - Le Chtululu\",\"isPartOf\":{\"@id\":\"https:\/\/chtululu.be\/#website\"},\"primaryImageOfPage\":{\"@id\":\"https:\/\/chtululu.be\/index.php\/produit\/les-chenes-dor\/#primaryimage\"},\"image\":{\"@id\":\"https:\/\/chtululu.be\/index.php\/produit\/les-chenes-dor\/#primaryimage\"},\"thumbnailUrl\":\"https:\/\/chtululu.be\/wp-content\/uploads\/2017\/02\/chenes.jpg\",\"datePublished\":\"2017-02-11T18:23:04+00:00\",\"dateModified\":\"2017-02-11T18:25:26+00:00\",\"breadcrumb\":{\"@id\":\"https:\/\/chtululu.be\/index.php\/produit\/les-chenes-dor\/#breadcrumb\"},\"inLanguage\":\"fr-FR\",\"potentialAction\":[{\"@type\":\"ReadAction\",\"target\":[\"https:\/\/chtululu.be\/index.php\/produit\/les-chenes-dor\/\"]}]},{\"@type\":\"ImageObject\",\"inLanguage\":\"fr-FR\",\"@id\":\"https:\/\/chtululu.be\/index.php\/produit\/les-chenes-dor\/#primaryimage\",\"url\":\"https:\/\/chtululu.be\/wp-content\/uploads\/2017\/02\/chenes.jpg\",\"contentUrl\":\"https:\/\/chtululu.be\/wp-content\/uploads\/2017\/02\/chenes.jpg\",\"width\":200,\"height\":310},{\"@type\":\"BreadcrumbList\",\"@id\":\"https:\/\/chtululu.be\/index.php\/produit\/les-chenes-dor\/#breadcrumb\",\"itemListElement\":[{\"@type\":\"ListItem\",\"position\":1,\"name\":\"Accueil\",\"item\":\"https:\/\/chtululu.be\/\"},{\"@type\":\"ListItem\",\"position\":2,\"name\":\"Les livres\",\"item\":\"https:\/\/chtululu.be\/index.php\/livres-doccasion\/\"},{\"@type\":\"ListItem\",\"position\":3,\"name\":\"Les Ch\u00eanes d&rsquo;Or\"}]},{\"@type\":\"WebSite\",\"@id\":\"https:\/\/chtululu.be\/#website\",\"url\":\"https:\/\/chtululu.be\/\",\"name\":\"Le Chtululu\",\"description\":\"Votre librairie de seconde main \u00e0 Soignies\",\"publisher\":{\"@id\":\"https:\/\/chtululu.be\/#organization\"},\"potentialAction\":[{\"@type\":\"SearchAction\",\"target\":{\"@type\":\"EntryPoint\",\"urlTemplate\":\"https:\/\/chtululu.be\/?s={search_term_string}\"},\"query-input\":{\"@type\":\"PropertyValueSpecification\",\"valueRequired\":true,\"valueName\":\"search_term_string\"}}],\"inLanguage\":\"fr-FR\"},{\"@type\":\"Organization\",\"@id\":\"https:\/\/chtululu.be\/#organization\",\"name\":\"Le Chtululu\",\"url\":\"https:\/\/chtululu.be\/\",\"logo\":{\"@type\":\"ImageObject\",\"inLanguage\":\"fr-FR\",\"@id\":\"https:\/\/chtululu.be\/#\/schema\/logo\/image\/\",\"url\":\"https:\/\/chtululu.be\/wp-content\/uploads\/2016\/05\/logo-def-blanc.jpg\",\"contentUrl\":\"https:\/\/chtululu.be\/wp-content\/uploads\/2016\/05\/logo-def-blanc.jpg\",\"width\":2048,\"height\":1901,\"caption\":\"Le Chtululu\"},\"image\":{\"@id\":\"https:\/\/chtululu.be\/#\/schema\/logo\/image\/\"}}]}<\/script>\n<!-- \/ Yoast SEO plugin. -->","yoast_head_json":{"title":"Les Ch\u00eanes d'Or - Le Chtululu","robots":{"index":"index","follow":"follow","max-snippet":"max-snippet:-1","max-image-preview":"max-image-preview:large","max-video-preview":"max-video-preview:-1"},"canonical":"https:\/\/chtululu.be\/index.php\/produit\/les-chenes-dor\/","og_locale":"fr_FR","og_type":"article","og_title":"Les Ch\u00eanes d'Or - Le Chtululu","og_description":"Signol Christian De la terre, M\u00e9lina a tout appris. Ses dures lois comme ses moindres \u00e9nigmes. Au fil des hivers qui g\u00e8lent le c\u009cur de la Dordogne, elle a senti et \u00e9prouv\u00e9 les forces souterraines qui animent cette nature sauvage, persuad\u00e9e qu'une puissance \u00e9tait l\u00e0, qui d\u00e9passait celle des hommes.  Cette magie inaccessible au commun des mortels, elle a parfois l'impression de la d\u00e9tenir, tant elle est li\u00e9e \u00e0 ce pays o\u00f9 l'on croit que les chemins forestiers ne m\u00e8nent nulle part et qui l'a initi\u00e9e aux rites de la \" demoiselle noire \".  Dans ce monde qui porte en lui l'essentiel si l'on sait l'\u00e9couter, M\u00e9lina cherche sa v\u00e9rit\u00e9. Un r\u00e9cit intense o\u00f9 Christian Signol nous fait partager les secrets de la terre et du temps, poursuivant sa sensible description d'un univers soumis \u00e0 des principes ancestraux.  Dans ce roman qui c\u00e9l\u00e8bre la communion de l'homme et de la nature, l'auteur de Bleus sont les \u00e9t\u00e9s brosse le magnifique portrait d'une femme qui cherche \u00e0 percer le myst\u00e8re de sa naissance, comme une tentative de saisir le sens cach\u00e9 des choses.","og_url":"https:\/\/chtululu.be\/index.php\/produit\/les-chenes-dor\/","og_site_name":"Le Chtululu","article_modified_time":"2017-02-11T18:25:26+00:00","og_image":[{"width":200,"height":310,"url":"https:\/\/chtululu.be\/wp-content\/uploads\/2017\/02\/chenes.jpg","type":"image\/jpeg"}],"twitter_card":"summary_large_image","schema":{"@context":"https:\/\/schema.org","@graph":[{"@type":"WebPage","@id":"https:\/\/chtululu.be\/index.php\/produit\/les-chenes-dor\/","url":"https:\/\/chtululu.be\/index.php\/produit\/les-chenes-dor\/","name":"Les Ch\u00eanes d'Or - Le Chtululu","isPartOf":{"@id":"https:\/\/chtululu.be\/#website"},"primaryImageOfPage":{"@id":"https:\/\/chtululu.be\/index.php\/produit\/les-chenes-dor\/#primaryimage"},"image":{"@id":"https:\/\/chtululu.be\/index.php\/produit\/les-chenes-dor\/#primaryimage"},"thumbnailUrl":"https:\/\/chtululu.be\/wp-content\/uploads\/2017\/02\/chenes.jpg","datePublished":"2017-02-11T18:23:04+00:00","dateModified":"2017-02-11T18:25:26+00:00","breadcrumb":{"@id":"https:\/\/chtululu.be\/index.php\/produit\/les-chenes-dor\/#breadcrumb"},"inLanguage":"fr-FR","potentialAction":[{"@type":"ReadAction","target":["https:\/\/chtululu.be\/index.php\/produit\/les-chenes-dor\/"]}]},{"@type":"ImageObject","inLanguage":"fr-FR","@id":"https:\/\/chtululu.be\/index.php\/produit\/les-chenes-dor\/#primaryimage","url":"https:\/\/chtululu.be\/wp-content\/uploads\/2017\/02\/chenes.jpg","contentUrl":"https:\/\/chtululu.be\/wp-content\/uploads\/2017\/02\/chenes.jpg","width":200,"height":310},{"@type":"BreadcrumbList","@id":"https:\/\/chtululu.be\/index.php\/produit\/les-chenes-dor\/#breadcrumb","itemListElement":[{"@type":"ListItem","position":1,"name":"Accueil","item":"https:\/\/chtululu.be\/"},{"@type":"ListItem","position":2,"name":"Les livres","item":"https:\/\/chtululu.be\/index.php\/livres-doccasion\/"},{"@type":"ListItem","position":3,"name":"Les Ch\u00eanes d&rsquo;Or"}]},{"@type":"WebSite","@id":"https:\/\/chtululu.be\/#website","url":"https:\/\/chtululu.be\/","name":"Le Chtululu","description":"Votre librairie de seconde main \u00e0 Soignies","publisher":{"@id":"https:\/\/chtululu.be\/#organization"},"potentialAction":[{"@type":"SearchAction","target":{"@type":"EntryPoint","urlTemplate":"https:\/\/chtululu.be\/?s={search_term_string}"},"query-input":{"@type":"PropertyValueSpecification","valueRequired":true,"valueName":"search_term_string"}}],"inLanguage":"fr-FR"},{"@type":"Organization","@id":"https:\/\/chtululu.be\/#organization","name":"Le Chtululu","url":"https:\/\/chtululu.be\/","logo":{"@type":"ImageObject","inLanguage":"fr-FR","@id":"https:\/\/chtululu.be\/#\/schema\/logo\/image\/","url":"https:\/\/chtululu.be\/wp-content\/uploads\/2016\/05\/logo-def-blanc.jpg","contentUrl":"https:\/\/chtululu.be\/wp-content\/uploads\/2016\/05\/logo-def-blanc.jpg","width":2048,"height":1901,"caption":"Le Chtululu"},"image":{"@id":"https:\/\/chtululu.be\/#\/schema\/logo\/image\/"}}]}},"_links":{"self":[{"href":"https:\/\/chtululu.be\/index.php\/wp-json\/wp\/v2\/product\/988","targetHints":{"allow":["GET"]}}],"collection":[{"href":"https:\/\/chtululu.be\/index.php\/wp-json\/wp\/v2\/product"}],"about":[{"href":"https:\/\/chtululu.be\/index.php\/wp-json\/wp\/v2\/types\/product"}],"wp:featuredmedia":[{"embeddable":true,"href":"https:\/\/chtululu.be\/index.php\/wp-json\/wp\/v2\/media\/980"}],"wp:attachment":[{"href":"https:\/\/chtululu.be\/index.php\/wp-json\/wp\/v2\/media?parent=988"}],"wp:term":[{"taxonomy":"product_brand","embeddable":true,"href":"https:\/\/chtululu.be\/index.php\/wp-json\/wp\/v2\/product_brand?post=988"},{"taxonomy":"product_cat","embeddable":true,"href":"https:\/\/chtululu.be\/index.php\/wp-json\/wp\/v2\/product_cat?post=988"},{"taxonomy":"product_tag","embeddable":true,"href":"https:\/\/chtululu.be\/index.php\/wp-json\/wp\/v2\/product_tag?post=988"}],"curies":[{"name":"wp","href":"https:\/\/api.w.org\/{rel}","templated":true}]}}