{"id":972,"date":"2017-02-11T18:28:43","date_gmt":"2017-02-11T17:28:43","guid":{"rendered":"http:\/\/chtululu.be\/index.php\/produit\/oscar-et-la-dame-rose\/"},"modified":"2021-03-26T10:08:58","modified_gmt":"2021-03-26T09:08:58","slug":"oscar-et-la-dame-rose","status":"publish","type":"product","link":"https:\/\/chtululu.be\/index.php\/produit\/oscar-et-la-dame-rose\/","title":{"rendered":"Oscar et la dame rose (Eric-Emmanuel Schmitt)"},"content":{"rendered":"<p>Oscar et la dame rose (Eric-Emmanuel Schmitt)<\/p>\n<h2>R\u00e9sum\u00e9<\/h2>\n<p>Voici les lettres adress\u00e9es \u00e0 Dieu par un enfant de dix ans. Elles ont \u00e9t\u00e9 retrouv\u00e9es par Marie Rose, la dame rose qui vient lui rendre visite \u00e0 l&rsquo;h\u00f4pital pour enfants. Elles d\u00e9crivent douze jours de la vie d&rsquo;Oscar, douze jours cocasses et po\u00e9tiques, douze jours pleins de personnages dr\u00f4les et \u00e9mouvants. Ces douze jours seront peut-\u00eatre les douze derniers. Mais, gr\u00e2ce \u00e0 Mamie Rose qui noue avec Oscar un tr\u00e8s fort lien d&rsquo;amour, ces douze jours deviendront l\u00e9gende.<\/p>\n<p>Oscar a dix ans et il vit \u00e0 l&rsquo;h\u00f4pital. M\u00eame si personne n&rsquo;ose le lui dire, il sait qu&rsquo;il va mourir. La dame rose, qui le visite et \u00ab\u00a0qui croit au ciel\u00a0\u00bb, lui propose, pour qu&rsquo;il se sente moins seul, d&rsquo;\u00e9crire \u00e0 Dieu.<\/p>\n<p>A travers cette correspondance originale, le r\u00e9cit aborde du point de vue de l&rsquo;enfance, des questions philosophiques et existentielles: la maladie, la souffrance, le passage de la vie \u00e0 la mort, la rencontre avec l&rsquo;autre et avec le myst\u00e8re&#8230; Les nombreux passages de paroles rapport\u00e9es permettront aux \u00e9l\u00e8ves de r\u00e9fl\u00e9chir, en m\u00eame temps que les personnages, \u00e0 ces interrogations fondamentales et de d\u00e9couvrir ou d&rsquo;approfondir les techniques du dialogue argumentatif. En outre, l&rsquo;appareil p\u00e9dagogique est suivi d&rsquo;une interview exclusive d&rsquo;Eric- Emmanuel Schmitt.<\/p>\n","protected":false},"excerpt":{"rendered":"<p>Oscar et la dame rose (Eric-Emmanuel Schmitt)<\/p>\n","protected":false},"featured_media":1955,"template":"","meta":{"_acf_changed":false,"_exactmetrics_skip_tracking":false,"_exactmetrics_sitenote_active":false,"_exactmetrics_sitenote_note":"","_exactmetrics_sitenote_category":0},"product_brand":[],"product_cat":[24],"product_tag":[155,265],"class_list":{"0":"post-972","1":"product","2":"type-product","3":"status-publish","4":"has-post-thumbnail","6":"product_cat-roman","7":"product_tag-adaptation-au-cinema","8":"product_tag-schmitt-eric-emmanuel","10":"first","11":"instock","12":"sold-individually","13":"taxable","14":"shipping-taxable","15":"purchasable","16":"product-type-simple"},"acf":[],"yoast_head":"<!-- This site is optimized with the Yoast SEO plugin v26.6 - https:\/\/yoast.com\/wordpress\/plugins\/seo\/ -->\n<title>Oscar et la dame rose (Eric-Emmanuel Schmitt) au Chtululu (Soignies)<\/title>\n<meta name=\"description\" content=\"Oscar et la dame rose d&#039;Eric-Emmanuel Schmitt est disponible en seconde main au Chtululu (gare de Soignies).\" \/>\n<meta name=\"robots\" content=\"index, follow, max-snippet:-1, max-image-preview:large, max-video-preview:-1\" \/>\n<link rel=\"canonical\" href=\"https:\/\/chtululu.be\/index.php\/produit\/oscar-et-la-dame-rose\/\" \/>\n<meta property=\"og:locale\" content=\"fr_FR\" \/>\n<meta property=\"og:type\" content=\"article\" \/>\n<meta property=\"og:title\" content=\"Oscar et la dame rose (Eric-Emmanuel Schmitt) au Chtululu (Soignies)\" \/>\n<meta property=\"og:description\" content=\"Oscar et la dame rose d&#039;Eric-Emmanuel Schmitt est disponible en seconde main au Chtululu (gare de Soignies).\" \/>\n<meta property=\"og:url\" content=\"https:\/\/chtululu.be\/index.php\/produit\/oscar-et-la-dame-rose\/\" \/>\n<meta property=\"og:site_name\" content=\"Le Chtululu\" \/>\n<meta property=\"article:modified_time\" content=\"2021-03-26T09:08:58+00:00\" \/>\n<meta property=\"og:image\" content=\"https:\/\/chtululu.be\/wp-content\/uploads\/2017\/02\/IMG_20210124_172818-scaled.jpg\" \/>\n\t<meta property=\"og:image:width\" content=\"1920\" \/>\n\t<meta property=\"og:image:height\" content=\"2560\" \/>\n\t<meta property=\"og:image:type\" content=\"image\/jpeg\" \/>\n<meta name=\"twitter:card\" content=\"summary_large_image\" \/>\n<meta name=\"twitter:label1\" content=\"Dur\u00e9e de lecture estim\u00e9e\" \/>\n\t<meta name=\"twitter:data1\" content=\"1 minute\" \/>\n<script type=\"application\/ld+json\" class=\"yoast-schema-graph\">{\"@context\":\"https:\/\/schema.org\",\"@graph\":[{\"@type\":\"WebPage\",\"@id\":\"https:\/\/chtululu.be\/index.php\/produit\/oscar-et-la-dame-rose\/\",\"url\":\"https:\/\/chtululu.be\/index.php\/produit\/oscar-et-la-dame-rose\/\",\"name\":\"Oscar et la dame rose (Eric-Emmanuel Schmitt) au Chtululu (Soignies)\",\"isPartOf\":{\"@id\":\"https:\/\/chtululu.be\/#website\"},\"primaryImageOfPage\":{\"@id\":\"https:\/\/chtululu.be\/index.php\/produit\/oscar-et-la-dame-rose\/#primaryimage\"},\"image\":{\"@id\":\"https:\/\/chtululu.be\/index.php\/produit\/oscar-et-la-dame-rose\/#primaryimage\"},\"thumbnailUrl\":\"https:\/\/chtululu.be\/wp-content\/uploads\/2017\/02\/IMG_20210124_172818-scaled.jpg\",\"datePublished\":\"2017-02-11T17:28:43+00:00\",\"dateModified\":\"2021-03-26T09:08:58+00:00\",\"description\":\"Oscar et la dame rose d'Eric-Emmanuel Schmitt est disponible en seconde main au Chtululu (gare de Soignies).\",\"breadcrumb\":{\"@id\":\"https:\/\/chtululu.be\/index.php\/produit\/oscar-et-la-dame-rose\/#breadcrumb\"},\"inLanguage\":\"fr-FR\",\"potentialAction\":[{\"@type\":\"ReadAction\",\"target\":[\"https:\/\/chtululu.be\/index.php\/produit\/oscar-et-la-dame-rose\/\"]}]},{\"@type\":\"ImageObject\",\"inLanguage\":\"fr-FR\",\"@id\":\"https:\/\/chtululu.be\/index.php\/produit\/oscar-et-la-dame-rose\/#primaryimage\",\"url\":\"https:\/\/chtululu.be\/wp-content\/uploads\/2017\/02\/IMG_20210124_172818-scaled.jpg\",\"contentUrl\":\"https:\/\/chtululu.be\/wp-content\/uploads\/2017\/02\/IMG_20210124_172818-scaled.jpg\",\"width\":1920,\"height\":2560,\"caption\":\"Oscar et la dame rose\"},{\"@type\":\"BreadcrumbList\",\"@id\":\"https:\/\/chtululu.be\/index.php\/produit\/oscar-et-la-dame-rose\/#breadcrumb\",\"itemListElement\":[{\"@type\":\"ListItem\",\"position\":1,\"name\":\"Accueil\",\"item\":\"https:\/\/chtululu.be\/\"},{\"@type\":\"ListItem\",\"position\":2,\"name\":\"Les livres\",\"item\":\"https:\/\/chtululu.be\/index.php\/livres-doccasion\/\"},{\"@type\":\"ListItem\",\"position\":3,\"name\":\"Oscar et la dame rose (Eric-Emmanuel Schmitt)\"}]},{\"@type\":\"WebSite\",\"@id\":\"https:\/\/chtululu.be\/#website\",\"url\":\"https:\/\/chtululu.be\/\",\"name\":\"Le Chtululu\",\"description\":\"Votre librairie de seconde main \u00e0 Soignies\",\"publisher\":{\"@id\":\"https:\/\/chtululu.be\/#organization\"},\"potentialAction\":[{\"@type\":\"SearchAction\",\"target\":{\"@type\":\"EntryPoint\",\"urlTemplate\":\"https:\/\/chtululu.be\/?s={search_term_string}\"},\"query-input\":{\"@type\":\"PropertyValueSpecification\",\"valueRequired\":true,\"valueName\":\"search_term_string\"}}],\"inLanguage\":\"fr-FR\"},{\"@type\":\"Organization\",\"@id\":\"https:\/\/chtululu.be\/#organization\",\"name\":\"Le Chtululu\",\"url\":\"https:\/\/chtululu.be\/\",\"logo\":{\"@type\":\"ImageObject\",\"inLanguage\":\"fr-FR\",\"@id\":\"https:\/\/chtululu.be\/#\/schema\/logo\/image\/\",\"url\":\"https:\/\/chtululu.be\/wp-content\/uploads\/2016\/05\/logo-def-blanc.jpg\",\"contentUrl\":\"https:\/\/chtululu.be\/wp-content\/uploads\/2016\/05\/logo-def-blanc.jpg\",\"width\":2048,\"height\":1901,\"caption\":\"Le Chtululu\"},\"image\":{\"@id\":\"https:\/\/chtululu.be\/#\/schema\/logo\/image\/\"}}]}<\/script>\n<!-- \/ Yoast SEO plugin. -->","yoast_head_json":{"title":"Oscar et la dame rose (Eric-Emmanuel Schmitt) au Chtululu (Soignies)","description":"Oscar et la dame rose d'Eric-Emmanuel Schmitt est disponible en seconde main au Chtululu (gare de Soignies).","robots":{"index":"index","follow":"follow","max-snippet":"max-snippet:-1","max-image-preview":"max-image-preview:large","max-video-preview":"max-video-preview:-1"},"canonical":"https:\/\/chtululu.be\/index.php\/produit\/oscar-et-la-dame-rose\/","og_locale":"fr_FR","og_type":"article","og_title":"Oscar et la dame rose (Eric-Emmanuel Schmitt) au Chtululu (Soignies)","og_description":"Oscar et la dame rose d'Eric-Emmanuel Schmitt est disponible en seconde main au Chtululu (gare de Soignies).","og_url":"https:\/\/chtululu.be\/index.php\/produit\/oscar-et-la-dame-rose\/","og_site_name":"Le Chtululu","article_modified_time":"2021-03-26T09:08:58+00:00","og_image":[{"width":1920,"height":2560,"url":"https:\/\/chtululu.be\/wp-content\/uploads\/2017\/02\/IMG_20210124_172818-scaled.jpg","type":"image\/jpeg"}],"twitter_card":"summary_large_image","twitter_misc":{"Dur\u00e9e de lecture estim\u00e9e":"1 minute"},"schema":{"@context":"https:\/\/schema.org","@graph":[{"@type":"WebPage","@id":"https:\/\/chtululu.be\/index.php\/produit\/oscar-et-la-dame-rose\/","url":"https:\/\/chtululu.be\/index.php\/produit\/oscar-et-la-dame-rose\/","name":"Oscar et la dame rose (Eric-Emmanuel Schmitt) au Chtululu (Soignies)","isPartOf":{"@id":"https:\/\/chtululu.be\/#website"},"primaryImageOfPage":{"@id":"https:\/\/chtululu.be\/index.php\/produit\/oscar-et-la-dame-rose\/#primaryimage"},"image":{"@id":"https:\/\/chtululu.be\/index.php\/produit\/oscar-et-la-dame-rose\/#primaryimage"},"thumbnailUrl":"https:\/\/chtululu.be\/wp-content\/uploads\/2017\/02\/IMG_20210124_172818-scaled.jpg","datePublished":"2017-02-11T17:28:43+00:00","dateModified":"2021-03-26T09:08:58+00:00","description":"Oscar et la dame rose d'Eric-Emmanuel Schmitt est disponible en seconde main au Chtululu (gare de Soignies).","breadcrumb":{"@id":"https:\/\/chtululu.be\/index.php\/produit\/oscar-et-la-dame-rose\/#breadcrumb"},"inLanguage":"fr-FR","potentialAction":[{"@type":"ReadAction","target":["https:\/\/chtululu.be\/index.php\/produit\/oscar-et-la-dame-rose\/"]}]},{"@type":"ImageObject","inLanguage":"fr-FR","@id":"https:\/\/chtululu.be\/index.php\/produit\/oscar-et-la-dame-rose\/#primaryimage","url":"https:\/\/chtululu.be\/wp-content\/uploads\/2017\/02\/IMG_20210124_172818-scaled.jpg","contentUrl":"https:\/\/chtululu.be\/wp-content\/uploads\/2017\/02\/IMG_20210124_172818-scaled.jpg","width":1920,"height":2560,"caption":"Oscar et la dame rose"},{"@type":"BreadcrumbList","@id":"https:\/\/chtululu.be\/index.php\/produit\/oscar-et-la-dame-rose\/#breadcrumb","itemListElement":[{"@type":"ListItem","position":1,"name":"Accueil","item":"https:\/\/chtululu.be\/"},{"@type":"ListItem","position":2,"name":"Les livres","item":"https:\/\/chtululu.be\/index.php\/livres-doccasion\/"},{"@type":"ListItem","position":3,"name":"Oscar et la dame rose (Eric-Emmanuel Schmitt)"}]},{"@type":"WebSite","@id":"https:\/\/chtululu.be\/#website","url":"https:\/\/chtululu.be\/","name":"Le Chtululu","description":"Votre librairie de seconde main \u00e0 Soignies","publisher":{"@id":"https:\/\/chtululu.be\/#organization"},"potentialAction":[{"@type":"SearchAction","target":{"@type":"EntryPoint","urlTemplate":"https:\/\/chtululu.be\/?s={search_term_string}"},"query-input":{"@type":"PropertyValueSpecification","valueRequired":true,"valueName":"search_term_string"}}],"inLanguage":"fr-FR"},{"@type":"Organization","@id":"https:\/\/chtululu.be\/#organization","name":"Le Chtululu","url":"https:\/\/chtululu.be\/","logo":{"@type":"ImageObject","inLanguage":"fr-FR","@id":"https:\/\/chtululu.be\/#\/schema\/logo\/image\/","url":"https:\/\/chtululu.be\/wp-content\/uploads\/2016\/05\/logo-def-blanc.jpg","contentUrl":"https:\/\/chtululu.be\/wp-content\/uploads\/2016\/05\/logo-def-blanc.jpg","width":2048,"height":1901,"caption":"Le Chtululu"},"image":{"@id":"https:\/\/chtululu.be\/#\/schema\/logo\/image\/"}}]}},"_links":{"self":[{"href":"https:\/\/chtululu.be\/index.php\/wp-json\/wp\/v2\/product\/972","targetHints":{"allow":["GET"]}}],"collection":[{"href":"https:\/\/chtululu.be\/index.php\/wp-json\/wp\/v2\/product"}],"about":[{"href":"https:\/\/chtululu.be\/index.php\/wp-json\/wp\/v2\/types\/product"}],"wp:featuredmedia":[{"embeddable":true,"href":"https:\/\/chtululu.be\/index.php\/wp-json\/wp\/v2\/media\/1955"}],"wp:attachment":[{"href":"https:\/\/chtululu.be\/index.php\/wp-json\/wp\/v2\/media?parent=972"}],"wp:term":[{"taxonomy":"product_brand","embeddable":true,"href":"https:\/\/chtululu.be\/index.php\/wp-json\/wp\/v2\/product_brand?post=972"},{"taxonomy":"product_cat","embeddable":true,"href":"https:\/\/chtululu.be\/index.php\/wp-json\/wp\/v2\/product_cat?post=972"},{"taxonomy":"product_tag","embeddable":true,"href":"https:\/\/chtululu.be\/index.php\/wp-json\/wp\/v2\/product_tag?post=972"}],"curies":[{"name":"wp","href":"https:\/\/api.w.org\/{rel}","templated":true}]}}