{"id":949,"date":"2017-02-05T20:31:31","date_gmt":"2017-02-05T19:31:31","guid":{"rendered":"http:\/\/chtululu.be\/index.php\/produit\/lamant-de-la-chine-du-nord\/"},"modified":"2017-02-05T20:39:18","modified_gmt":"2017-02-05T19:39:18","slug":"lamant-de-la-chine-du-nord","status":"publish","type":"product","link":"https:\/\/chtululu.be\/index.php\/produit\/lamant-de-la-chine-du-nord\/","title":{"rendered":"L&rsquo;amant de la Chine du Nord"},"content":{"rendered":"","protected":false},"excerpt":{"rendered":"<p><strong>Duras Marguerite<\/strong><br \/>\n\u00a0\u00bb J&rsquo;ai appris qu&rsquo;il \u00e9tait mort depuis des ann\u00e9es. C&rsquo;\u00e9tait en mai 90 (&#8230;). Je n&rsquo;avais jamais pens\u00e9 \u00e0 sa mort. On m&rsquo;a dit aussi qu&rsquo;il \u00e9tait enterr\u00e9 \u00e0 Sadec, que la maison bleue \u00e9tait toujours l\u00e0, habit\u00e9e par sa famille et des enfants. Qu&rsquo;il avait \u00e9t\u00e9 aim\u00e9 \u00e0 Sadec pour sa bont\u00e9, sa simplicit\u00e9 et qu&rsquo;aussi il \u00e9tait devenu tr\u00e8s religieux \u00e0 la fin de sa vie. J&rsquo;ai abandonn\u00e9 le travail que j&rsquo;\u00e9tais en train de faire. J&rsquo;ai \u00e9crit l&rsquo;histoire de l&rsquo;amant de la Chine du Nord et de l&rsquo;enfant : elle n&rsquo;\u00e9tait pas encore l\u00e0 dans L&rsquo;Amant, le temps manquait autour d&rsquo;eux. J&rsquo;ai \u00e9crit ce livre dans le bonheur fou de l&rsquo;\u00e9crire. Je suis rest\u00e9e un an dans ce roman, enferm\u00e9e dans cette ann\u00e9e-l\u00e0 de l&rsquo;amour entre le Chinois et l&rsquo;enfant. Je ne suis pas all\u00e9e au-del\u00e0 du d\u00e9part du paquebot de ligne, c&rsquo;est-\u00e0-dire le d\u00e9part de l&rsquo;enfant. \u00a0\u00bb M.D<\/p>\n","protected":false},"featured_media":945,"template":"","meta":{"_acf_changed":false,"_exactmetrics_skip_tracking":false,"_exactmetrics_sitenote_active":false,"_exactmetrics_sitenote_note":"","_exactmetrics_sitenote_category":0},"product_brand":[],"product_cat":[24],"product_tag":[120],"class_list":{"0":"post-949","1":"product","2":"type-product","3":"status-publish","4":"has-post-thumbnail","6":"product_cat-roman","7":"product_tag-duras-marguerite","9":"first","10":"instock","11":"sold-individually","12":"taxable","13":"shipping-taxable","14":"purchasable","15":"product-type-simple"},"acf":[],"yoast_head":"<!-- This site is optimized with the Yoast SEO plugin v26.6 - https:\/\/yoast.com\/wordpress\/plugins\/seo\/ -->\n<title>L&#039;amant de la Chine du Nord - Le Chtululu<\/title>\n<meta name=\"robots\" content=\"index, follow, max-snippet:-1, max-image-preview:large, max-video-preview:-1\" \/>\n<link rel=\"canonical\" href=\"https:\/\/chtululu.be\/index.php\/produit\/lamant-de-la-chine-du-nord\/\" \/>\n<meta property=\"og:locale\" content=\"fr_FR\" \/>\n<meta property=\"og:type\" content=\"article\" \/>\n<meta property=\"og:title\" content=\"L&#039;amant de la Chine du Nord - Le Chtululu\" \/>\n<meta property=\"og:description\" content=\"Duras Marguerite &quot; J&#039;ai appris qu&#039;il \u00e9tait mort depuis des ann\u00e9es. C&#039;\u00e9tait en mai 90 (...). Je n&#039;avais jamais pens\u00e9 \u00e0 sa mort. On m&#039;a dit aussi qu&#039;il \u00e9tait enterr\u00e9 \u00e0 Sadec, que la maison bleue \u00e9tait toujours l\u00e0, habit\u00e9e par sa famille et des enfants. Qu&#039;il avait \u00e9t\u00e9 aim\u00e9 \u00e0 Sadec pour sa bont\u00e9, sa simplicit\u00e9 et qu&#039;aussi il \u00e9tait devenu tr\u00e8s religieux \u00e0 la fin de sa vie. J&#039;ai abandonn\u00e9 le travail que j&#039;\u00e9tais en train de faire. J&#039;ai \u00e9crit l&#039;histoire de l&#039;amant de la Chine du Nord et de l&#039;enfant : elle n&#039;\u00e9tait pas encore l\u00e0 dans L&#039;Amant, le temps manquait autour d&#039;eux. J&#039;ai \u00e9crit ce livre dans le bonheur fou de l&#039;\u00e9crire. Je suis rest\u00e9e un an dans ce roman, enferm\u00e9e dans cette ann\u00e9e-l\u00e0 de l&#039;amour entre le Chinois et l&#039;enfant. Je ne suis pas all\u00e9e au-del\u00e0 du d\u00e9part du paquebot de ligne, c&#039;est-\u00e0-dire le d\u00e9part de l&#039;enfant. &quot; M.D\" \/>\n<meta property=\"og:url\" content=\"https:\/\/chtululu.be\/index.php\/produit\/lamant-de-la-chine-du-nord\/\" \/>\n<meta property=\"og:site_name\" content=\"Le Chtululu\" \/>\n<meta property=\"article:modified_time\" content=\"2017-02-05T19:39:18+00:00\" \/>\n<meta property=\"og:image\" content=\"https:\/\/chtululu.be\/wp-content\/uploads\/2017\/02\/amant.jpg\" \/>\n\t<meta property=\"og:image:width\" content=\"200\" \/>\n\t<meta property=\"og:image:height\" content=\"295\" \/>\n\t<meta property=\"og:image:type\" content=\"image\/jpeg\" \/>\n<meta name=\"twitter:card\" content=\"summary_large_image\" \/>\n<script type=\"application\/ld+json\" class=\"yoast-schema-graph\">{\"@context\":\"https:\/\/schema.org\",\"@graph\":[{\"@type\":\"WebPage\",\"@id\":\"https:\/\/chtululu.be\/index.php\/produit\/lamant-de-la-chine-du-nord\/\",\"url\":\"https:\/\/chtululu.be\/index.php\/produit\/lamant-de-la-chine-du-nord\/\",\"name\":\"L'amant de la Chine du Nord - Le Chtululu\",\"isPartOf\":{\"@id\":\"https:\/\/chtululu.be\/#website\"},\"primaryImageOfPage\":{\"@id\":\"https:\/\/chtululu.be\/index.php\/produit\/lamant-de-la-chine-du-nord\/#primaryimage\"},\"image\":{\"@id\":\"https:\/\/chtululu.be\/index.php\/produit\/lamant-de-la-chine-du-nord\/#primaryimage\"},\"thumbnailUrl\":\"https:\/\/chtululu.be\/wp-content\/uploads\/2017\/02\/amant.jpg\",\"datePublished\":\"2017-02-05T19:31:31+00:00\",\"dateModified\":\"2017-02-05T19:39:18+00:00\",\"breadcrumb\":{\"@id\":\"https:\/\/chtululu.be\/index.php\/produit\/lamant-de-la-chine-du-nord\/#breadcrumb\"},\"inLanguage\":\"fr-FR\",\"potentialAction\":[{\"@type\":\"ReadAction\",\"target\":[\"https:\/\/chtululu.be\/index.php\/produit\/lamant-de-la-chine-du-nord\/\"]}]},{\"@type\":\"ImageObject\",\"inLanguage\":\"fr-FR\",\"@id\":\"https:\/\/chtululu.be\/index.php\/produit\/lamant-de-la-chine-du-nord\/#primaryimage\",\"url\":\"https:\/\/chtululu.be\/wp-content\/uploads\/2017\/02\/amant.jpg\",\"contentUrl\":\"https:\/\/chtululu.be\/wp-content\/uploads\/2017\/02\/amant.jpg\",\"width\":200,\"height\":295},{\"@type\":\"BreadcrumbList\",\"@id\":\"https:\/\/chtululu.be\/index.php\/produit\/lamant-de-la-chine-du-nord\/#breadcrumb\",\"itemListElement\":[{\"@type\":\"ListItem\",\"position\":1,\"name\":\"Accueil\",\"item\":\"https:\/\/chtululu.be\/\"},{\"@type\":\"ListItem\",\"position\":2,\"name\":\"Les livres\",\"item\":\"https:\/\/chtululu.be\/index.php\/livres-doccasion\/\"},{\"@type\":\"ListItem\",\"position\":3,\"name\":\"L&rsquo;amant de la Chine du Nord\"}]},{\"@type\":\"WebSite\",\"@id\":\"https:\/\/chtululu.be\/#website\",\"url\":\"https:\/\/chtululu.be\/\",\"name\":\"Le Chtululu\",\"description\":\"Votre librairie de seconde main \u00e0 Soignies\",\"publisher\":{\"@id\":\"https:\/\/chtululu.be\/#organization\"},\"potentialAction\":[{\"@type\":\"SearchAction\",\"target\":{\"@type\":\"EntryPoint\",\"urlTemplate\":\"https:\/\/chtululu.be\/?s={search_term_string}\"},\"query-input\":{\"@type\":\"PropertyValueSpecification\",\"valueRequired\":true,\"valueName\":\"search_term_string\"}}],\"inLanguage\":\"fr-FR\"},{\"@type\":\"Organization\",\"@id\":\"https:\/\/chtululu.be\/#organization\",\"name\":\"Le Chtululu\",\"url\":\"https:\/\/chtululu.be\/\",\"logo\":{\"@type\":\"ImageObject\",\"inLanguage\":\"fr-FR\",\"@id\":\"https:\/\/chtululu.be\/#\/schema\/logo\/image\/\",\"url\":\"https:\/\/chtululu.be\/wp-content\/uploads\/2016\/05\/logo-def-blanc.jpg\",\"contentUrl\":\"https:\/\/chtululu.be\/wp-content\/uploads\/2016\/05\/logo-def-blanc.jpg\",\"width\":2048,\"height\":1901,\"caption\":\"Le Chtululu\"},\"image\":{\"@id\":\"https:\/\/chtululu.be\/#\/schema\/logo\/image\/\"}}]}<\/script>\n<!-- \/ Yoast SEO plugin. -->","yoast_head_json":{"title":"L'amant de la Chine du Nord - Le Chtululu","robots":{"index":"index","follow":"follow","max-snippet":"max-snippet:-1","max-image-preview":"max-image-preview:large","max-video-preview":"max-video-preview:-1"},"canonical":"https:\/\/chtululu.be\/index.php\/produit\/lamant-de-la-chine-du-nord\/","og_locale":"fr_FR","og_type":"article","og_title":"L'amant de la Chine du Nord - Le Chtululu","og_description":"Duras Marguerite \" J'ai appris qu'il \u00e9tait mort depuis des ann\u00e9es. C'\u00e9tait en mai 90 (...). Je n'avais jamais pens\u00e9 \u00e0 sa mort. On m'a dit aussi qu'il \u00e9tait enterr\u00e9 \u00e0 Sadec, que la maison bleue \u00e9tait toujours l\u00e0, habit\u00e9e par sa famille et des enfants. Qu'il avait \u00e9t\u00e9 aim\u00e9 \u00e0 Sadec pour sa bont\u00e9, sa simplicit\u00e9 et qu'aussi il \u00e9tait devenu tr\u00e8s religieux \u00e0 la fin de sa vie. J'ai abandonn\u00e9 le travail que j'\u00e9tais en train de faire. J'ai \u00e9crit l'histoire de l'amant de la Chine du Nord et de l'enfant : elle n'\u00e9tait pas encore l\u00e0 dans L'Amant, le temps manquait autour d'eux. J'ai \u00e9crit ce livre dans le bonheur fou de l'\u00e9crire. Je suis rest\u00e9e un an dans ce roman, enferm\u00e9e dans cette ann\u00e9e-l\u00e0 de l'amour entre le Chinois et l'enfant. Je ne suis pas all\u00e9e au-del\u00e0 du d\u00e9part du paquebot de ligne, c'est-\u00e0-dire le d\u00e9part de l'enfant. \" M.D","og_url":"https:\/\/chtululu.be\/index.php\/produit\/lamant-de-la-chine-du-nord\/","og_site_name":"Le Chtululu","article_modified_time":"2017-02-05T19:39:18+00:00","og_image":[{"width":200,"height":295,"url":"https:\/\/chtululu.be\/wp-content\/uploads\/2017\/02\/amant.jpg","type":"image\/jpeg"}],"twitter_card":"summary_large_image","schema":{"@context":"https:\/\/schema.org","@graph":[{"@type":"WebPage","@id":"https:\/\/chtululu.be\/index.php\/produit\/lamant-de-la-chine-du-nord\/","url":"https:\/\/chtululu.be\/index.php\/produit\/lamant-de-la-chine-du-nord\/","name":"L'amant de la Chine du Nord - Le Chtululu","isPartOf":{"@id":"https:\/\/chtululu.be\/#website"},"primaryImageOfPage":{"@id":"https:\/\/chtululu.be\/index.php\/produit\/lamant-de-la-chine-du-nord\/#primaryimage"},"image":{"@id":"https:\/\/chtululu.be\/index.php\/produit\/lamant-de-la-chine-du-nord\/#primaryimage"},"thumbnailUrl":"https:\/\/chtululu.be\/wp-content\/uploads\/2017\/02\/amant.jpg","datePublished":"2017-02-05T19:31:31+00:00","dateModified":"2017-02-05T19:39:18+00:00","breadcrumb":{"@id":"https:\/\/chtululu.be\/index.php\/produit\/lamant-de-la-chine-du-nord\/#breadcrumb"},"inLanguage":"fr-FR","potentialAction":[{"@type":"ReadAction","target":["https:\/\/chtululu.be\/index.php\/produit\/lamant-de-la-chine-du-nord\/"]}]},{"@type":"ImageObject","inLanguage":"fr-FR","@id":"https:\/\/chtululu.be\/index.php\/produit\/lamant-de-la-chine-du-nord\/#primaryimage","url":"https:\/\/chtululu.be\/wp-content\/uploads\/2017\/02\/amant.jpg","contentUrl":"https:\/\/chtululu.be\/wp-content\/uploads\/2017\/02\/amant.jpg","width":200,"height":295},{"@type":"BreadcrumbList","@id":"https:\/\/chtululu.be\/index.php\/produit\/lamant-de-la-chine-du-nord\/#breadcrumb","itemListElement":[{"@type":"ListItem","position":1,"name":"Accueil","item":"https:\/\/chtululu.be\/"},{"@type":"ListItem","position":2,"name":"Les livres","item":"https:\/\/chtululu.be\/index.php\/livres-doccasion\/"},{"@type":"ListItem","position":3,"name":"L&rsquo;amant de la Chine du Nord"}]},{"@type":"WebSite","@id":"https:\/\/chtululu.be\/#website","url":"https:\/\/chtululu.be\/","name":"Le Chtululu","description":"Votre librairie de seconde main \u00e0 Soignies","publisher":{"@id":"https:\/\/chtululu.be\/#organization"},"potentialAction":[{"@type":"SearchAction","target":{"@type":"EntryPoint","urlTemplate":"https:\/\/chtululu.be\/?s={search_term_string}"},"query-input":{"@type":"PropertyValueSpecification","valueRequired":true,"valueName":"search_term_string"}}],"inLanguage":"fr-FR"},{"@type":"Organization","@id":"https:\/\/chtululu.be\/#organization","name":"Le Chtululu","url":"https:\/\/chtululu.be\/","logo":{"@type":"ImageObject","inLanguage":"fr-FR","@id":"https:\/\/chtululu.be\/#\/schema\/logo\/image\/","url":"https:\/\/chtululu.be\/wp-content\/uploads\/2016\/05\/logo-def-blanc.jpg","contentUrl":"https:\/\/chtululu.be\/wp-content\/uploads\/2016\/05\/logo-def-blanc.jpg","width":2048,"height":1901,"caption":"Le Chtululu"},"image":{"@id":"https:\/\/chtululu.be\/#\/schema\/logo\/image\/"}}]}},"_links":{"self":[{"href":"https:\/\/chtululu.be\/index.php\/wp-json\/wp\/v2\/product\/949","targetHints":{"allow":["GET"]}}],"collection":[{"href":"https:\/\/chtululu.be\/index.php\/wp-json\/wp\/v2\/product"}],"about":[{"href":"https:\/\/chtululu.be\/index.php\/wp-json\/wp\/v2\/types\/product"}],"wp:featuredmedia":[{"embeddable":true,"href":"https:\/\/chtululu.be\/index.php\/wp-json\/wp\/v2\/media\/945"}],"wp:attachment":[{"href":"https:\/\/chtululu.be\/index.php\/wp-json\/wp\/v2\/media?parent=949"}],"wp:term":[{"taxonomy":"product_brand","embeddable":true,"href":"https:\/\/chtululu.be\/index.php\/wp-json\/wp\/v2\/product_brand?post=949"},{"taxonomy":"product_cat","embeddable":true,"href":"https:\/\/chtululu.be\/index.php\/wp-json\/wp\/v2\/product_cat?post=949"},{"taxonomy":"product_tag","embeddable":true,"href":"https:\/\/chtululu.be\/index.php\/wp-json\/wp\/v2\/product_tag?post=949"}],"curies":[{"name":"wp","href":"https:\/\/api.w.org\/{rel}","templated":true}]}}