{"id":924,"date":"2017-01-30T20:33:07","date_gmt":"2017-01-30T19:33:07","guid":{"rendered":"http:\/\/chtululu.be\/index.php\/produit\/pour-tes-levres\/"},"modified":"2021-01-18T19:38:35","modified_gmt":"2021-01-18T18:38:35","slug":"pour-tes-levres","status":"publish","type":"product","link":"https:\/\/chtululu.be\/index.php\/produit\/pour-tes-levres\/","title":{"rendered":"Pour tes l\u00e8vres"},"content":{"rendered":"","protected":false},"excerpt":{"rendered":"<p><strong>Cao Irene<\/strong><br \/>\nElena a tourn\u00e9 la page. Sa passion d\u00e9vorante pour Leonardo, qui l\u0092a initi\u00e9e aux plaisirs des sens, est maintenant derri\u00e8re elle. Elle a choisi Filippo : pour lui, elle a quitt\u00e9 Venise et est venue s\u0092installer \u00e0 Rome.<br \/>\nMais rien ne sert de lutter contre le destin.<br \/>\nPour ses trente ans, Filippo invite Elena au restaurant. Au moment du dessert, elle d\u00e9couvre, parsem\u00e9s sur son assiette, des grains de grenade&#8230; Le fruit de Leonardo. L\u0092homme qui l\u0092a tant hant\u00e9e est l\u00e0, et la d\u00e9sire plus que jamais. Pour Elena, une fois de plus, tout bascule. Mais ce qu\u0092elle ignore, c\u0092est que se dresse entre eux le secret le plus inavouable de Leonardo&#8230;<\/p>\n","protected":false},"featured_media":920,"template":"","meta":{"_acf_changed":false,"_exactmetrics_skip_tracking":false,"_exactmetrics_sitenote_active":false,"_exactmetrics_sitenote_note":"","_exactmetrics_sitenote_category":0},"product_brand":[],"product_cat":[368,24],"product_tag":[252,253],"class_list":{"0":"post-924","1":"product","2":"type-product","3":"status-publish","4":"has-post-thumbnail","6":"product_cat-erotique","7":"product_cat-roman","8":"product_tag-cao-irene","9":"product_tag-erotique","11":"first","12":"instock","13":"sold-individually","14":"taxable","15":"shipping-taxable","16":"purchasable","17":"product-type-simple"},"acf":[],"yoast_head":"<!-- This site is optimized with the Yoast SEO plugin v26.6 - https:\/\/yoast.com\/wordpress\/plugins\/seo\/ -->\n<title>Pour tes l\u00e8vres - Le Chtululu<\/title>\n<meta name=\"robots\" content=\"index, follow, max-snippet:-1, max-image-preview:large, max-video-preview:-1\" \/>\n<link rel=\"canonical\" href=\"https:\/\/chtululu.be\/index.php\/produit\/pour-tes-levres\/\" \/>\n<meta property=\"og:locale\" content=\"fr_FR\" \/>\n<meta property=\"og:type\" content=\"article\" \/>\n<meta property=\"og:title\" content=\"Pour tes l\u00e8vres - Le Chtululu\" \/>\n<meta property=\"og:description\" content=\"Cao Irene Elena a tourn\u00e9 la page. Sa passion d\u00e9vorante pour Leonardo, qui l\u0092a initi\u00e9e aux plaisirs des sens, est maintenant derri\u00e8re elle. Elle a choisi Filippo : pour lui, elle a quitt\u00e9 Venise et est venue s\u0092installer \u00e0 Rome. Mais rien ne sert de lutter contre le destin. Pour ses trente ans, Filippo invite Elena au restaurant. Au moment du dessert, elle d\u00e9couvre, parsem\u00e9s sur son assiette, des grains de grenade... Le fruit de Leonardo. L\u0092homme qui l\u0092a tant hant\u00e9e est l\u00e0, et la d\u00e9sire plus que jamais. Pour Elena, une fois de plus, tout bascule. Mais ce qu\u0092elle ignore, c\u0092est que se dresse entre eux le secret le plus inavouable de Leonardo...\" \/>\n<meta property=\"og:url\" content=\"https:\/\/chtululu.be\/index.php\/produit\/pour-tes-levres\/\" \/>\n<meta property=\"og:site_name\" content=\"Le Chtululu\" \/>\n<meta property=\"article:modified_time\" content=\"2021-01-18T18:38:35+00:00\" \/>\n<meta property=\"og:image\" content=\"https:\/\/chtululu.be\/wp-content\/uploads\/2017\/01\/pour_tes_levres.jpg\" \/>\n\t<meta property=\"og:image:width\" content=\"200\" \/>\n\t<meta property=\"og:image:height\" content=\"314\" \/>\n\t<meta property=\"og:image:type\" content=\"image\/jpeg\" \/>\n<meta name=\"twitter:card\" content=\"summary_large_image\" \/>\n<script type=\"application\/ld+json\" class=\"yoast-schema-graph\">{\"@context\":\"https:\/\/schema.org\",\"@graph\":[{\"@type\":\"WebPage\",\"@id\":\"https:\/\/chtululu.be\/index.php\/produit\/pour-tes-levres\/\",\"url\":\"https:\/\/chtululu.be\/index.php\/produit\/pour-tes-levres\/\",\"name\":\"Pour tes l\u00e8vres - Le Chtululu\",\"isPartOf\":{\"@id\":\"https:\/\/chtululu.be\/#website\"},\"primaryImageOfPage\":{\"@id\":\"https:\/\/chtululu.be\/index.php\/produit\/pour-tes-levres\/#primaryimage\"},\"image\":{\"@id\":\"https:\/\/chtululu.be\/index.php\/produit\/pour-tes-levres\/#primaryimage\"},\"thumbnailUrl\":\"https:\/\/chtululu.be\/wp-content\/uploads\/2017\/01\/pour_tes_levres.jpg\",\"datePublished\":\"2017-01-30T19:33:07+00:00\",\"dateModified\":\"2021-01-18T18:38:35+00:00\",\"breadcrumb\":{\"@id\":\"https:\/\/chtululu.be\/index.php\/produit\/pour-tes-levres\/#breadcrumb\"},\"inLanguage\":\"fr-FR\",\"potentialAction\":[{\"@type\":\"ReadAction\",\"target\":[\"https:\/\/chtululu.be\/index.php\/produit\/pour-tes-levres\/\"]}]},{\"@type\":\"ImageObject\",\"inLanguage\":\"fr-FR\",\"@id\":\"https:\/\/chtululu.be\/index.php\/produit\/pour-tes-levres\/#primaryimage\",\"url\":\"https:\/\/chtululu.be\/wp-content\/uploads\/2017\/01\/pour_tes_levres.jpg\",\"contentUrl\":\"https:\/\/chtululu.be\/wp-content\/uploads\/2017\/01\/pour_tes_levres.jpg\",\"width\":200,\"height\":314},{\"@type\":\"BreadcrumbList\",\"@id\":\"https:\/\/chtululu.be\/index.php\/produit\/pour-tes-levres\/#breadcrumb\",\"itemListElement\":[{\"@type\":\"ListItem\",\"position\":1,\"name\":\"Accueil\",\"item\":\"https:\/\/chtululu.be\/\"},{\"@type\":\"ListItem\",\"position\":2,\"name\":\"Les livres\",\"item\":\"https:\/\/chtululu.be\/index.php\/livres-doccasion\/\"},{\"@type\":\"ListItem\",\"position\":3,\"name\":\"Pour tes l\u00e8vres\"}]},{\"@type\":\"WebSite\",\"@id\":\"https:\/\/chtululu.be\/#website\",\"url\":\"https:\/\/chtululu.be\/\",\"name\":\"Le Chtululu\",\"description\":\"Votre librairie de seconde main \u00e0 Soignies\",\"publisher\":{\"@id\":\"https:\/\/chtululu.be\/#organization\"},\"potentialAction\":[{\"@type\":\"SearchAction\",\"target\":{\"@type\":\"EntryPoint\",\"urlTemplate\":\"https:\/\/chtululu.be\/?s={search_term_string}\"},\"query-input\":{\"@type\":\"PropertyValueSpecification\",\"valueRequired\":true,\"valueName\":\"search_term_string\"}}],\"inLanguage\":\"fr-FR\"},{\"@type\":\"Organization\",\"@id\":\"https:\/\/chtululu.be\/#organization\",\"name\":\"Le Chtululu\",\"url\":\"https:\/\/chtululu.be\/\",\"logo\":{\"@type\":\"ImageObject\",\"inLanguage\":\"fr-FR\",\"@id\":\"https:\/\/chtululu.be\/#\/schema\/logo\/image\/\",\"url\":\"https:\/\/chtululu.be\/wp-content\/uploads\/2016\/05\/logo-def-blanc.jpg\",\"contentUrl\":\"https:\/\/chtululu.be\/wp-content\/uploads\/2016\/05\/logo-def-blanc.jpg\",\"width\":2048,\"height\":1901,\"caption\":\"Le Chtululu\"},\"image\":{\"@id\":\"https:\/\/chtululu.be\/#\/schema\/logo\/image\/\"}}]}<\/script>\n<!-- \/ Yoast SEO plugin. -->","yoast_head_json":{"title":"Pour tes l\u00e8vres - Le Chtululu","robots":{"index":"index","follow":"follow","max-snippet":"max-snippet:-1","max-image-preview":"max-image-preview:large","max-video-preview":"max-video-preview:-1"},"canonical":"https:\/\/chtululu.be\/index.php\/produit\/pour-tes-levres\/","og_locale":"fr_FR","og_type":"article","og_title":"Pour tes l\u00e8vres - Le Chtululu","og_description":"Cao Irene Elena a tourn\u00e9 la page. Sa passion d\u00e9vorante pour Leonardo, qui l\u0092a initi\u00e9e aux plaisirs des sens, est maintenant derri\u00e8re elle. Elle a choisi Filippo : pour lui, elle a quitt\u00e9 Venise et est venue s\u0092installer \u00e0 Rome. Mais rien ne sert de lutter contre le destin. Pour ses trente ans, Filippo invite Elena au restaurant. Au moment du dessert, elle d\u00e9couvre, parsem\u00e9s sur son assiette, des grains de grenade... Le fruit de Leonardo. L\u0092homme qui l\u0092a tant hant\u00e9e est l\u00e0, et la d\u00e9sire plus que jamais. Pour Elena, une fois de plus, tout bascule. Mais ce qu\u0092elle ignore, c\u0092est que se dresse entre eux le secret le plus inavouable de Leonardo...","og_url":"https:\/\/chtululu.be\/index.php\/produit\/pour-tes-levres\/","og_site_name":"Le Chtululu","article_modified_time":"2021-01-18T18:38:35+00:00","og_image":[{"width":200,"height":314,"url":"https:\/\/chtululu.be\/wp-content\/uploads\/2017\/01\/pour_tes_levres.jpg","type":"image\/jpeg"}],"twitter_card":"summary_large_image","schema":{"@context":"https:\/\/schema.org","@graph":[{"@type":"WebPage","@id":"https:\/\/chtululu.be\/index.php\/produit\/pour-tes-levres\/","url":"https:\/\/chtululu.be\/index.php\/produit\/pour-tes-levres\/","name":"Pour tes l\u00e8vres - Le Chtululu","isPartOf":{"@id":"https:\/\/chtululu.be\/#website"},"primaryImageOfPage":{"@id":"https:\/\/chtululu.be\/index.php\/produit\/pour-tes-levres\/#primaryimage"},"image":{"@id":"https:\/\/chtululu.be\/index.php\/produit\/pour-tes-levres\/#primaryimage"},"thumbnailUrl":"https:\/\/chtululu.be\/wp-content\/uploads\/2017\/01\/pour_tes_levres.jpg","datePublished":"2017-01-30T19:33:07+00:00","dateModified":"2021-01-18T18:38:35+00:00","breadcrumb":{"@id":"https:\/\/chtululu.be\/index.php\/produit\/pour-tes-levres\/#breadcrumb"},"inLanguage":"fr-FR","potentialAction":[{"@type":"ReadAction","target":["https:\/\/chtululu.be\/index.php\/produit\/pour-tes-levres\/"]}]},{"@type":"ImageObject","inLanguage":"fr-FR","@id":"https:\/\/chtululu.be\/index.php\/produit\/pour-tes-levres\/#primaryimage","url":"https:\/\/chtululu.be\/wp-content\/uploads\/2017\/01\/pour_tes_levres.jpg","contentUrl":"https:\/\/chtululu.be\/wp-content\/uploads\/2017\/01\/pour_tes_levres.jpg","width":200,"height":314},{"@type":"BreadcrumbList","@id":"https:\/\/chtululu.be\/index.php\/produit\/pour-tes-levres\/#breadcrumb","itemListElement":[{"@type":"ListItem","position":1,"name":"Accueil","item":"https:\/\/chtululu.be\/"},{"@type":"ListItem","position":2,"name":"Les livres","item":"https:\/\/chtululu.be\/index.php\/livres-doccasion\/"},{"@type":"ListItem","position":3,"name":"Pour tes l\u00e8vres"}]},{"@type":"WebSite","@id":"https:\/\/chtululu.be\/#website","url":"https:\/\/chtululu.be\/","name":"Le Chtululu","description":"Votre librairie de seconde main \u00e0 Soignies","publisher":{"@id":"https:\/\/chtululu.be\/#organization"},"potentialAction":[{"@type":"SearchAction","target":{"@type":"EntryPoint","urlTemplate":"https:\/\/chtululu.be\/?s={search_term_string}"},"query-input":{"@type":"PropertyValueSpecification","valueRequired":true,"valueName":"search_term_string"}}],"inLanguage":"fr-FR"},{"@type":"Organization","@id":"https:\/\/chtululu.be\/#organization","name":"Le Chtululu","url":"https:\/\/chtululu.be\/","logo":{"@type":"ImageObject","inLanguage":"fr-FR","@id":"https:\/\/chtululu.be\/#\/schema\/logo\/image\/","url":"https:\/\/chtululu.be\/wp-content\/uploads\/2016\/05\/logo-def-blanc.jpg","contentUrl":"https:\/\/chtululu.be\/wp-content\/uploads\/2016\/05\/logo-def-blanc.jpg","width":2048,"height":1901,"caption":"Le Chtululu"},"image":{"@id":"https:\/\/chtululu.be\/#\/schema\/logo\/image\/"}}]}},"_links":{"self":[{"href":"https:\/\/chtululu.be\/index.php\/wp-json\/wp\/v2\/product\/924","targetHints":{"allow":["GET"]}}],"collection":[{"href":"https:\/\/chtululu.be\/index.php\/wp-json\/wp\/v2\/product"}],"about":[{"href":"https:\/\/chtululu.be\/index.php\/wp-json\/wp\/v2\/types\/product"}],"wp:featuredmedia":[{"embeddable":true,"href":"https:\/\/chtululu.be\/index.php\/wp-json\/wp\/v2\/media\/920"}],"wp:attachment":[{"href":"https:\/\/chtululu.be\/index.php\/wp-json\/wp\/v2\/media?parent=924"}],"wp:term":[{"taxonomy":"product_brand","embeddable":true,"href":"https:\/\/chtululu.be\/index.php\/wp-json\/wp\/v2\/product_brand?post=924"},{"taxonomy":"product_cat","embeddable":true,"href":"https:\/\/chtululu.be\/index.php\/wp-json\/wp\/v2\/product_cat?post=924"},{"taxonomy":"product_tag","embeddable":true,"href":"https:\/\/chtululu.be\/index.php\/wp-json\/wp\/v2\/product_tag?post=924"}],"curies":[{"name":"wp","href":"https:\/\/api.w.org\/{rel}","templated":true}]}}