{"id":906,"date":"2017-01-29T19:49:42","date_gmt":"2017-01-29T18:49:42","guid":{"rendered":"http:\/\/chtululu.be\/index.php\/produit\/succubus-blues\/"},"modified":"2017-01-29T19:52:03","modified_gmt":"2017-01-29T18:52:03","slug":"succubus-blues","status":"publish","type":"product","link":"https:\/\/chtululu.be\/index.php\/produit\/succubus-blues\/","title":{"rendered":"Succubus blues"},"content":{"rendered":"","protected":false},"excerpt":{"rendered":"<p><strong>Mead Richelle<\/strong><br \/>\nGeorgina Kincaid est succube a Seattle. A priori&rsquo; un choix de carri\u00e8re plut\u00f4t sympa: la jeunesse \u00e9ternelle, l&rsquo;apparence de son choix une garde-robe top-niveau et des hommes pr\u00eats \u00e0 tout pour un simple effleurement. Pourtant, sa vie n&rsquo;est pas si glamour : pas moyen de d\u00e9crocher un rancard potable sans mettre en p\u00e9ril l&rsquo;\u00e2me de l&rsquo;heureux \u00e9lu. Heureusement, elle est libraire, et son travail la passionne! Livres \u00e0 l&rsquo;\u009cil, moka blanc \u00e0 volont\u00e9&#8230; et la possibilit\u00e9 d&rsquo;approcher le beau Seth Mortensen, un \u00e9crivain irr\u00e9sistible qu&rsquo;elle r\u00eave &#8211; mais s&rsquo;interdit &#8211; de mettre dans son lit. Mais les fantasmes devront attendre. Quelqu&rsquo;un s&rsquo;est mis en t\u00eate de jouer les justiciers dans la communaut\u00e9 des anges et d\u00e9mons. Bien malgr\u00e9 elle, Georgina est propuls\u00e9e au c\u009cur de la tourmente. Et pour une fois, ses sortil\u00e8ges sexy et sa langue bien pendue ne lui seront d&rsquo;aucun secours.<\/p>\n","protected":false},"featured_media":900,"template":"","meta":{"_acf_changed":false,"_exactmetrics_skip_tracking":false,"_exactmetrics_sitenote_active":false,"_exactmetrics_sitenote_note":"","_exactmetrics_sitenote_category":0},"product_brand":[],"product_cat":[24],"product_tag":[226,233],"class_list":{"0":"post-906","1":"product","2":"type-product","3":"status-publish","4":"has-post-thumbnail","6":"product_cat-roman","7":"product_tag-bit-lit","8":"product_tag-mead-richelle","10":"first","11":"instock","12":"sold-individually","13":"taxable","14":"shipping-taxable","15":"purchasable","16":"product-type-simple"},"acf":[],"yoast_head":"<!-- This site is optimized with the Yoast SEO plugin v26.6 - https:\/\/yoast.com\/wordpress\/plugins\/seo\/ -->\n<title>Succubus blues - Le Chtululu<\/title>\n<meta name=\"robots\" content=\"index, follow, max-snippet:-1, max-image-preview:large, max-video-preview:-1\" \/>\n<link rel=\"canonical\" href=\"https:\/\/chtululu.be\/index.php\/produit\/succubus-blues\/\" \/>\n<meta property=\"og:locale\" content=\"fr_FR\" \/>\n<meta property=\"og:type\" content=\"article\" \/>\n<meta property=\"og:title\" content=\"Succubus blues - Le Chtululu\" \/>\n<meta property=\"og:description\" content=\"Mead Richelle Georgina Kincaid est succube a Seattle. A priori&#039; un choix de carri\u00e8re plut\u00f4t sympa: la jeunesse \u00e9ternelle, l&#039;apparence de son choix une garde-robe top-niveau et des hommes pr\u00eats \u00e0 tout pour un simple effleurement. Pourtant, sa vie n&#039;est pas si glamour : pas moyen de d\u00e9crocher un rancard potable sans mettre en p\u00e9ril l&#039;\u00e2me de l&#039;heureux \u00e9lu. Heureusement, elle est libraire, et son travail la passionne! Livres \u00e0 l&#039;\u009cil, moka blanc \u00e0 volont\u00e9... et la possibilit\u00e9 d&#039;approcher le beau Seth Mortensen, un \u00e9crivain irr\u00e9sistible qu&#039;elle r\u00eave - mais s&#039;interdit - de mettre dans son lit. Mais les fantasmes devront attendre. Quelqu&#039;un s&#039;est mis en t\u00eate de jouer les justiciers dans la communaut\u00e9 des anges et d\u00e9mons. Bien malgr\u00e9 elle, Georgina est propuls\u00e9e au c\u009cur de la tourmente. Et pour une fois, ses sortil\u00e8ges sexy et sa langue bien pendue ne lui seront d&#039;aucun secours.\" \/>\n<meta property=\"og:url\" content=\"https:\/\/chtululu.be\/index.php\/produit\/succubus-blues\/\" \/>\n<meta property=\"og:site_name\" content=\"Le Chtululu\" \/>\n<meta property=\"article:modified_time\" content=\"2017-01-29T18:52:03+00:00\" \/>\n<meta property=\"og:image\" content=\"https:\/\/chtululu.be\/wp-content\/uploads\/2017\/01\/succubus.jpg\" \/>\n\t<meta property=\"og:image:width\" content=\"200\" \/>\n\t<meta property=\"og:image:height\" content=\"315\" \/>\n\t<meta property=\"og:image:type\" content=\"image\/jpeg\" \/>\n<meta name=\"twitter:card\" content=\"summary_large_image\" \/>\n<script type=\"application\/ld+json\" class=\"yoast-schema-graph\">{\"@context\":\"https:\/\/schema.org\",\"@graph\":[{\"@type\":\"WebPage\",\"@id\":\"https:\/\/chtululu.be\/index.php\/produit\/succubus-blues\/\",\"url\":\"https:\/\/chtululu.be\/index.php\/produit\/succubus-blues\/\",\"name\":\"Succubus blues - Le Chtululu\",\"isPartOf\":{\"@id\":\"https:\/\/chtululu.be\/#website\"},\"primaryImageOfPage\":{\"@id\":\"https:\/\/chtululu.be\/index.php\/produit\/succubus-blues\/#primaryimage\"},\"image\":{\"@id\":\"https:\/\/chtululu.be\/index.php\/produit\/succubus-blues\/#primaryimage\"},\"thumbnailUrl\":\"https:\/\/chtululu.be\/wp-content\/uploads\/2017\/01\/succubus.jpg\",\"datePublished\":\"2017-01-29T18:49:42+00:00\",\"dateModified\":\"2017-01-29T18:52:03+00:00\",\"breadcrumb\":{\"@id\":\"https:\/\/chtululu.be\/index.php\/produit\/succubus-blues\/#breadcrumb\"},\"inLanguage\":\"fr-FR\",\"potentialAction\":[{\"@type\":\"ReadAction\",\"target\":[\"https:\/\/chtululu.be\/index.php\/produit\/succubus-blues\/\"]}]},{\"@type\":\"ImageObject\",\"inLanguage\":\"fr-FR\",\"@id\":\"https:\/\/chtululu.be\/index.php\/produit\/succubus-blues\/#primaryimage\",\"url\":\"https:\/\/chtululu.be\/wp-content\/uploads\/2017\/01\/succubus.jpg\",\"contentUrl\":\"https:\/\/chtululu.be\/wp-content\/uploads\/2017\/01\/succubus.jpg\",\"width\":200,\"height\":315},{\"@type\":\"BreadcrumbList\",\"@id\":\"https:\/\/chtululu.be\/index.php\/produit\/succubus-blues\/#breadcrumb\",\"itemListElement\":[{\"@type\":\"ListItem\",\"position\":1,\"name\":\"Accueil\",\"item\":\"https:\/\/chtululu.be\/\"},{\"@type\":\"ListItem\",\"position\":2,\"name\":\"Les livres\",\"item\":\"https:\/\/chtululu.be\/index.php\/livres-doccasion\/\"},{\"@type\":\"ListItem\",\"position\":3,\"name\":\"Succubus blues\"}]},{\"@type\":\"WebSite\",\"@id\":\"https:\/\/chtululu.be\/#website\",\"url\":\"https:\/\/chtululu.be\/\",\"name\":\"Le Chtululu\",\"description\":\"Votre librairie de seconde main \u00e0 Soignies\",\"publisher\":{\"@id\":\"https:\/\/chtululu.be\/#organization\"},\"potentialAction\":[{\"@type\":\"SearchAction\",\"target\":{\"@type\":\"EntryPoint\",\"urlTemplate\":\"https:\/\/chtululu.be\/?s={search_term_string}\"},\"query-input\":{\"@type\":\"PropertyValueSpecification\",\"valueRequired\":true,\"valueName\":\"search_term_string\"}}],\"inLanguage\":\"fr-FR\"},{\"@type\":\"Organization\",\"@id\":\"https:\/\/chtululu.be\/#organization\",\"name\":\"Le Chtululu\",\"url\":\"https:\/\/chtululu.be\/\",\"logo\":{\"@type\":\"ImageObject\",\"inLanguage\":\"fr-FR\",\"@id\":\"https:\/\/chtululu.be\/#\/schema\/logo\/image\/\",\"url\":\"https:\/\/chtululu.be\/wp-content\/uploads\/2016\/05\/logo-def-blanc.jpg\",\"contentUrl\":\"https:\/\/chtululu.be\/wp-content\/uploads\/2016\/05\/logo-def-blanc.jpg\",\"width\":2048,\"height\":1901,\"caption\":\"Le Chtululu\"},\"image\":{\"@id\":\"https:\/\/chtululu.be\/#\/schema\/logo\/image\/\"}}]}<\/script>\n<!-- \/ Yoast SEO plugin. -->","yoast_head_json":{"title":"Succubus blues - Le Chtululu","robots":{"index":"index","follow":"follow","max-snippet":"max-snippet:-1","max-image-preview":"max-image-preview:large","max-video-preview":"max-video-preview:-1"},"canonical":"https:\/\/chtululu.be\/index.php\/produit\/succubus-blues\/","og_locale":"fr_FR","og_type":"article","og_title":"Succubus blues - Le Chtululu","og_description":"Mead Richelle Georgina Kincaid est succube a Seattle. A priori' un choix de carri\u00e8re plut\u00f4t sympa: la jeunesse \u00e9ternelle, l'apparence de son choix une garde-robe top-niveau et des hommes pr\u00eats \u00e0 tout pour un simple effleurement. Pourtant, sa vie n'est pas si glamour : pas moyen de d\u00e9crocher un rancard potable sans mettre en p\u00e9ril l'\u00e2me de l'heureux \u00e9lu. Heureusement, elle est libraire, et son travail la passionne! Livres \u00e0 l'\u009cil, moka blanc \u00e0 volont\u00e9... et la possibilit\u00e9 d'approcher le beau Seth Mortensen, un \u00e9crivain irr\u00e9sistible qu'elle r\u00eave - mais s'interdit - de mettre dans son lit. Mais les fantasmes devront attendre. Quelqu'un s'est mis en t\u00eate de jouer les justiciers dans la communaut\u00e9 des anges et d\u00e9mons. Bien malgr\u00e9 elle, Georgina est propuls\u00e9e au c\u009cur de la tourmente. Et pour une fois, ses sortil\u00e8ges sexy et sa langue bien pendue ne lui seront d'aucun secours.","og_url":"https:\/\/chtululu.be\/index.php\/produit\/succubus-blues\/","og_site_name":"Le Chtululu","article_modified_time":"2017-01-29T18:52:03+00:00","og_image":[{"width":200,"height":315,"url":"https:\/\/chtululu.be\/wp-content\/uploads\/2017\/01\/succubus.jpg","type":"image\/jpeg"}],"twitter_card":"summary_large_image","schema":{"@context":"https:\/\/schema.org","@graph":[{"@type":"WebPage","@id":"https:\/\/chtululu.be\/index.php\/produit\/succubus-blues\/","url":"https:\/\/chtululu.be\/index.php\/produit\/succubus-blues\/","name":"Succubus blues - Le Chtululu","isPartOf":{"@id":"https:\/\/chtululu.be\/#website"},"primaryImageOfPage":{"@id":"https:\/\/chtululu.be\/index.php\/produit\/succubus-blues\/#primaryimage"},"image":{"@id":"https:\/\/chtululu.be\/index.php\/produit\/succubus-blues\/#primaryimage"},"thumbnailUrl":"https:\/\/chtululu.be\/wp-content\/uploads\/2017\/01\/succubus.jpg","datePublished":"2017-01-29T18:49:42+00:00","dateModified":"2017-01-29T18:52:03+00:00","breadcrumb":{"@id":"https:\/\/chtululu.be\/index.php\/produit\/succubus-blues\/#breadcrumb"},"inLanguage":"fr-FR","potentialAction":[{"@type":"ReadAction","target":["https:\/\/chtululu.be\/index.php\/produit\/succubus-blues\/"]}]},{"@type":"ImageObject","inLanguage":"fr-FR","@id":"https:\/\/chtululu.be\/index.php\/produit\/succubus-blues\/#primaryimage","url":"https:\/\/chtululu.be\/wp-content\/uploads\/2017\/01\/succubus.jpg","contentUrl":"https:\/\/chtululu.be\/wp-content\/uploads\/2017\/01\/succubus.jpg","width":200,"height":315},{"@type":"BreadcrumbList","@id":"https:\/\/chtululu.be\/index.php\/produit\/succubus-blues\/#breadcrumb","itemListElement":[{"@type":"ListItem","position":1,"name":"Accueil","item":"https:\/\/chtululu.be\/"},{"@type":"ListItem","position":2,"name":"Les livres","item":"https:\/\/chtululu.be\/index.php\/livres-doccasion\/"},{"@type":"ListItem","position":3,"name":"Succubus blues"}]},{"@type":"WebSite","@id":"https:\/\/chtululu.be\/#website","url":"https:\/\/chtululu.be\/","name":"Le Chtululu","description":"Votre librairie de seconde main \u00e0 Soignies","publisher":{"@id":"https:\/\/chtululu.be\/#organization"},"potentialAction":[{"@type":"SearchAction","target":{"@type":"EntryPoint","urlTemplate":"https:\/\/chtululu.be\/?s={search_term_string}"},"query-input":{"@type":"PropertyValueSpecification","valueRequired":true,"valueName":"search_term_string"}}],"inLanguage":"fr-FR"},{"@type":"Organization","@id":"https:\/\/chtululu.be\/#organization","name":"Le Chtululu","url":"https:\/\/chtululu.be\/","logo":{"@type":"ImageObject","inLanguage":"fr-FR","@id":"https:\/\/chtululu.be\/#\/schema\/logo\/image\/","url":"https:\/\/chtululu.be\/wp-content\/uploads\/2016\/05\/logo-def-blanc.jpg","contentUrl":"https:\/\/chtululu.be\/wp-content\/uploads\/2016\/05\/logo-def-blanc.jpg","width":2048,"height":1901,"caption":"Le Chtululu"},"image":{"@id":"https:\/\/chtululu.be\/#\/schema\/logo\/image\/"}}]}},"_links":{"self":[{"href":"https:\/\/chtululu.be\/index.php\/wp-json\/wp\/v2\/product\/906","targetHints":{"allow":["GET"]}}],"collection":[{"href":"https:\/\/chtululu.be\/index.php\/wp-json\/wp\/v2\/product"}],"about":[{"href":"https:\/\/chtululu.be\/index.php\/wp-json\/wp\/v2\/types\/product"}],"wp:featuredmedia":[{"embeddable":true,"href":"https:\/\/chtululu.be\/index.php\/wp-json\/wp\/v2\/media\/900"}],"wp:attachment":[{"href":"https:\/\/chtululu.be\/index.php\/wp-json\/wp\/v2\/media?parent=906"}],"wp:term":[{"taxonomy":"product_brand","embeddable":true,"href":"https:\/\/chtululu.be\/index.php\/wp-json\/wp\/v2\/product_brand?post=906"},{"taxonomy":"product_cat","embeddable":true,"href":"https:\/\/chtululu.be\/index.php\/wp-json\/wp\/v2\/product_cat?post=906"},{"taxonomy":"product_tag","embeddable":true,"href":"https:\/\/chtululu.be\/index.php\/wp-json\/wp\/v2\/product_tag?post=906"}],"curies":[{"name":"wp","href":"https:\/\/api.w.org\/{rel}","templated":true}]}}