{"id":904,"date":"2017-01-29T19:49:40","date_gmt":"2017-01-29T18:49:40","guid":{"rendered":"http:\/\/chtululu.be\/index.php\/produit\/au-nom-du-pere-2\/"},"modified":"2017-01-29T19:54:38","modified_gmt":"2017-01-29T18:54:38","slug":"au-nom-du-pere-2","status":"publish","type":"product","link":"https:\/\/chtululu.be\/index.php\/produit\/au-nom-du-pere-2\/","title":{"rendered":"Au nom du p\u00e8re"},"content":{"rendered":"","protected":false},"excerpt":{"rendered":"<p><strong>Bourdin Fran\u00e7oise<\/strong><br \/>\nDans la famille Larcher, les enfants sont adultes mais tous gardent le m\u00eame plaisir \u00e0 se retrouver autour d&rsquo;une grande tabl\u00e9e. Dan et Valentine ont h\u00e9rit\u00e9 du virus de la course de leur p\u00e8re, Gabriel, ancien champion automobile, au grand dam d&rsquo;Albane, leur m\u00e8re. Nicolas en revanche a depuis longtemps tourn\u00e9 le dos \u00e0 ce lourd h\u00e9ritage. Pour chacun d&rsquo;entre eux, la vie s&rsquo;offre sous un nouveau jour : auront-ils le courage de se lancer dans ces d\u00e9fis professionnels et amoureux ? Gabriel laissera-t-il ses enfants prendre leur envol ?<\/p>\n","protected":false},"featured_media":897,"template":"","meta":{"_acf_changed":false,"_exactmetrics_skip_tracking":false,"_exactmetrics_sitenote_active":false,"_exactmetrics_sitenote_note":"","_exactmetrics_sitenote_category":0},"product_brand":[],"product_cat":[24],"product_tag":[65],"class_list":{"0":"post-904","1":"product","2":"type-product","3":"status-publish","4":"has-post-thumbnail","6":"product_cat-roman","7":"product_tag-bourdin-francoise","9":"first","10":"instock","11":"sold-individually","12":"taxable","13":"shipping-taxable","14":"purchasable","15":"product-type-simple"},"acf":[],"yoast_head":"<!-- This site is optimized with the Yoast SEO plugin v26.6 - https:\/\/yoast.com\/wordpress\/plugins\/seo\/ -->\n<title>Au nom du p\u00e8re - Le Chtululu<\/title>\n<meta name=\"robots\" content=\"index, follow, max-snippet:-1, max-image-preview:large, max-video-preview:-1\" \/>\n<link rel=\"canonical\" href=\"https:\/\/chtululu.be\/index.php\/produit\/au-nom-du-pere-2\/\" \/>\n<meta property=\"og:locale\" content=\"fr_FR\" \/>\n<meta property=\"og:type\" content=\"article\" \/>\n<meta property=\"og:title\" content=\"Au nom du p\u00e8re - Le Chtululu\" \/>\n<meta property=\"og:description\" content=\"Bourdin Fran\u00e7oise Dans la famille Larcher, les enfants sont adultes mais tous gardent le m\u00eame plaisir \u00e0 se retrouver autour d&#039;une grande tabl\u00e9e. Dan et Valentine ont h\u00e9rit\u00e9 du virus de la course de leur p\u00e8re, Gabriel, ancien champion automobile, au grand dam d&#039;Albane, leur m\u00e8re. Nicolas en revanche a depuis longtemps tourn\u00e9 le dos \u00e0 ce lourd h\u00e9ritage. Pour chacun d&#039;entre eux, la vie s&#039;offre sous un nouveau jour : auront-ils le courage de se lancer dans ces d\u00e9fis professionnels et amoureux ? Gabriel laissera-t-il ses enfants prendre leur envol ?\" \/>\n<meta property=\"og:url\" content=\"https:\/\/chtululu.be\/index.php\/produit\/au-nom-du-pere-2\/\" \/>\n<meta property=\"og:site_name\" content=\"Le Chtululu\" \/>\n<meta property=\"article:modified_time\" content=\"2017-01-29T18:54:38+00:00\" \/>\n<meta property=\"og:image\" content=\"https:\/\/chtululu.be\/wp-content\/uploads\/2017\/01\/au-nom-du-pereBelfond.jpg\" \/>\n\t<meta property=\"og:image:width\" content=\"200\" \/>\n\t<meta property=\"og:image:height\" content=\"312\" \/>\n\t<meta property=\"og:image:type\" content=\"image\/jpeg\" \/>\n<meta name=\"twitter:card\" content=\"summary_large_image\" \/>\n<script type=\"application\/ld+json\" class=\"yoast-schema-graph\">{\"@context\":\"https:\/\/schema.org\",\"@graph\":[{\"@type\":\"WebPage\",\"@id\":\"https:\/\/chtululu.be\/index.php\/produit\/au-nom-du-pere-2\/\",\"url\":\"https:\/\/chtululu.be\/index.php\/produit\/au-nom-du-pere-2\/\",\"name\":\"Au nom du p\u00e8re - Le Chtululu\",\"isPartOf\":{\"@id\":\"https:\/\/chtululu.be\/#website\"},\"primaryImageOfPage\":{\"@id\":\"https:\/\/chtululu.be\/index.php\/produit\/au-nom-du-pere-2\/#primaryimage\"},\"image\":{\"@id\":\"https:\/\/chtululu.be\/index.php\/produit\/au-nom-du-pere-2\/#primaryimage\"},\"thumbnailUrl\":\"https:\/\/chtululu.be\/wp-content\/uploads\/2017\/01\/au-nom-du-pereBelfond.jpg\",\"datePublished\":\"2017-01-29T18:49:40+00:00\",\"dateModified\":\"2017-01-29T18:54:38+00:00\",\"breadcrumb\":{\"@id\":\"https:\/\/chtululu.be\/index.php\/produit\/au-nom-du-pere-2\/#breadcrumb\"},\"inLanguage\":\"fr-FR\",\"potentialAction\":[{\"@type\":\"ReadAction\",\"target\":[\"https:\/\/chtululu.be\/index.php\/produit\/au-nom-du-pere-2\/\"]}]},{\"@type\":\"ImageObject\",\"inLanguage\":\"fr-FR\",\"@id\":\"https:\/\/chtululu.be\/index.php\/produit\/au-nom-du-pere-2\/#primaryimage\",\"url\":\"https:\/\/chtululu.be\/wp-content\/uploads\/2017\/01\/au-nom-du-pereBelfond.jpg\",\"contentUrl\":\"https:\/\/chtululu.be\/wp-content\/uploads\/2017\/01\/au-nom-du-pereBelfond.jpg\",\"width\":200,\"height\":312},{\"@type\":\"BreadcrumbList\",\"@id\":\"https:\/\/chtululu.be\/index.php\/produit\/au-nom-du-pere-2\/#breadcrumb\",\"itemListElement\":[{\"@type\":\"ListItem\",\"position\":1,\"name\":\"Accueil\",\"item\":\"https:\/\/chtululu.be\/\"},{\"@type\":\"ListItem\",\"position\":2,\"name\":\"Les livres\",\"item\":\"https:\/\/chtululu.be\/index.php\/livres-doccasion\/\"},{\"@type\":\"ListItem\",\"position\":3,\"name\":\"Au nom du p\u00e8re\"}]},{\"@type\":\"WebSite\",\"@id\":\"https:\/\/chtululu.be\/#website\",\"url\":\"https:\/\/chtululu.be\/\",\"name\":\"Le Chtululu\",\"description\":\"Votre librairie de seconde main \u00e0 Soignies\",\"publisher\":{\"@id\":\"https:\/\/chtululu.be\/#organization\"},\"potentialAction\":[{\"@type\":\"SearchAction\",\"target\":{\"@type\":\"EntryPoint\",\"urlTemplate\":\"https:\/\/chtululu.be\/?s={search_term_string}\"},\"query-input\":{\"@type\":\"PropertyValueSpecification\",\"valueRequired\":true,\"valueName\":\"search_term_string\"}}],\"inLanguage\":\"fr-FR\"},{\"@type\":\"Organization\",\"@id\":\"https:\/\/chtululu.be\/#organization\",\"name\":\"Le Chtululu\",\"url\":\"https:\/\/chtululu.be\/\",\"logo\":{\"@type\":\"ImageObject\",\"inLanguage\":\"fr-FR\",\"@id\":\"https:\/\/chtululu.be\/#\/schema\/logo\/image\/\",\"url\":\"https:\/\/chtululu.be\/wp-content\/uploads\/2016\/05\/logo-def-blanc.jpg\",\"contentUrl\":\"https:\/\/chtululu.be\/wp-content\/uploads\/2016\/05\/logo-def-blanc.jpg\",\"width\":2048,\"height\":1901,\"caption\":\"Le Chtululu\"},\"image\":{\"@id\":\"https:\/\/chtululu.be\/#\/schema\/logo\/image\/\"}}]}<\/script>\n<!-- \/ Yoast SEO plugin. -->","yoast_head_json":{"title":"Au nom du p\u00e8re - Le Chtululu","robots":{"index":"index","follow":"follow","max-snippet":"max-snippet:-1","max-image-preview":"max-image-preview:large","max-video-preview":"max-video-preview:-1"},"canonical":"https:\/\/chtululu.be\/index.php\/produit\/au-nom-du-pere-2\/","og_locale":"fr_FR","og_type":"article","og_title":"Au nom du p\u00e8re - Le Chtululu","og_description":"Bourdin Fran\u00e7oise Dans la famille Larcher, les enfants sont adultes mais tous gardent le m\u00eame plaisir \u00e0 se retrouver autour d'une grande tabl\u00e9e. Dan et Valentine ont h\u00e9rit\u00e9 du virus de la course de leur p\u00e8re, Gabriel, ancien champion automobile, au grand dam d'Albane, leur m\u00e8re. Nicolas en revanche a depuis longtemps tourn\u00e9 le dos \u00e0 ce lourd h\u00e9ritage. Pour chacun d'entre eux, la vie s'offre sous un nouveau jour : auront-ils le courage de se lancer dans ces d\u00e9fis professionnels et amoureux ? Gabriel laissera-t-il ses enfants prendre leur envol ?","og_url":"https:\/\/chtululu.be\/index.php\/produit\/au-nom-du-pere-2\/","og_site_name":"Le Chtululu","article_modified_time":"2017-01-29T18:54:38+00:00","og_image":[{"width":200,"height":312,"url":"https:\/\/chtululu.be\/wp-content\/uploads\/2017\/01\/au-nom-du-pereBelfond.jpg","type":"image\/jpeg"}],"twitter_card":"summary_large_image","schema":{"@context":"https:\/\/schema.org","@graph":[{"@type":"WebPage","@id":"https:\/\/chtululu.be\/index.php\/produit\/au-nom-du-pere-2\/","url":"https:\/\/chtululu.be\/index.php\/produit\/au-nom-du-pere-2\/","name":"Au nom du p\u00e8re - Le Chtululu","isPartOf":{"@id":"https:\/\/chtululu.be\/#website"},"primaryImageOfPage":{"@id":"https:\/\/chtululu.be\/index.php\/produit\/au-nom-du-pere-2\/#primaryimage"},"image":{"@id":"https:\/\/chtululu.be\/index.php\/produit\/au-nom-du-pere-2\/#primaryimage"},"thumbnailUrl":"https:\/\/chtululu.be\/wp-content\/uploads\/2017\/01\/au-nom-du-pereBelfond.jpg","datePublished":"2017-01-29T18:49:40+00:00","dateModified":"2017-01-29T18:54:38+00:00","breadcrumb":{"@id":"https:\/\/chtululu.be\/index.php\/produit\/au-nom-du-pere-2\/#breadcrumb"},"inLanguage":"fr-FR","potentialAction":[{"@type":"ReadAction","target":["https:\/\/chtululu.be\/index.php\/produit\/au-nom-du-pere-2\/"]}]},{"@type":"ImageObject","inLanguage":"fr-FR","@id":"https:\/\/chtululu.be\/index.php\/produit\/au-nom-du-pere-2\/#primaryimage","url":"https:\/\/chtululu.be\/wp-content\/uploads\/2017\/01\/au-nom-du-pereBelfond.jpg","contentUrl":"https:\/\/chtululu.be\/wp-content\/uploads\/2017\/01\/au-nom-du-pereBelfond.jpg","width":200,"height":312},{"@type":"BreadcrumbList","@id":"https:\/\/chtululu.be\/index.php\/produit\/au-nom-du-pere-2\/#breadcrumb","itemListElement":[{"@type":"ListItem","position":1,"name":"Accueil","item":"https:\/\/chtululu.be\/"},{"@type":"ListItem","position":2,"name":"Les livres","item":"https:\/\/chtululu.be\/index.php\/livres-doccasion\/"},{"@type":"ListItem","position":3,"name":"Au nom du p\u00e8re"}]},{"@type":"WebSite","@id":"https:\/\/chtululu.be\/#website","url":"https:\/\/chtululu.be\/","name":"Le Chtululu","description":"Votre librairie de seconde main \u00e0 Soignies","publisher":{"@id":"https:\/\/chtululu.be\/#organization"},"potentialAction":[{"@type":"SearchAction","target":{"@type":"EntryPoint","urlTemplate":"https:\/\/chtululu.be\/?s={search_term_string}"},"query-input":{"@type":"PropertyValueSpecification","valueRequired":true,"valueName":"search_term_string"}}],"inLanguage":"fr-FR"},{"@type":"Organization","@id":"https:\/\/chtululu.be\/#organization","name":"Le Chtululu","url":"https:\/\/chtululu.be\/","logo":{"@type":"ImageObject","inLanguage":"fr-FR","@id":"https:\/\/chtululu.be\/#\/schema\/logo\/image\/","url":"https:\/\/chtululu.be\/wp-content\/uploads\/2016\/05\/logo-def-blanc.jpg","contentUrl":"https:\/\/chtululu.be\/wp-content\/uploads\/2016\/05\/logo-def-blanc.jpg","width":2048,"height":1901,"caption":"Le Chtululu"},"image":{"@id":"https:\/\/chtululu.be\/#\/schema\/logo\/image\/"}}]}},"_links":{"self":[{"href":"https:\/\/chtululu.be\/index.php\/wp-json\/wp\/v2\/product\/904","targetHints":{"allow":["GET"]}}],"collection":[{"href":"https:\/\/chtululu.be\/index.php\/wp-json\/wp\/v2\/product"}],"about":[{"href":"https:\/\/chtululu.be\/index.php\/wp-json\/wp\/v2\/types\/product"}],"wp:featuredmedia":[{"embeddable":true,"href":"https:\/\/chtululu.be\/index.php\/wp-json\/wp\/v2\/media\/897"}],"wp:attachment":[{"href":"https:\/\/chtululu.be\/index.php\/wp-json\/wp\/v2\/media?parent=904"}],"wp:term":[{"taxonomy":"product_brand","embeddable":true,"href":"https:\/\/chtululu.be\/index.php\/wp-json\/wp\/v2\/product_brand?post=904"},{"taxonomy":"product_cat","embeddable":true,"href":"https:\/\/chtululu.be\/index.php\/wp-json\/wp\/v2\/product_cat?post=904"},{"taxonomy":"product_tag","embeddable":true,"href":"https:\/\/chtululu.be\/index.php\/wp-json\/wp\/v2\/product_tag?post=904"}],"curies":[{"name":"wp","href":"https:\/\/api.w.org\/{rel}","templated":true}]}}