{"id":885,"date":"2017-01-22T17:51:12","date_gmt":"2017-01-22T16:51:12","guid":{"rendered":"http:\/\/chtululu.be\/index.php\/produit\/sur-tes-yeux\/"},"modified":"2017-01-22T17:53:12","modified_gmt":"2017-01-22T16:53:12","slug":"sur-tes-yeux","status":"publish","type":"product","link":"https:\/\/chtululu.be\/index.php\/produit\/sur-tes-yeux\/","title":{"rendered":"Sur tes yeux"},"content":{"rendered":"","protected":false},"excerpt":{"rendered":"<p><strong>Cao Irene<\/strong><br \/>\nSi on pouvait capturer le plaisir, Elena le ferait avec les yeux. \u00c2g\u00e9e de vingt-neuf ans, d\u0092une beaut\u00e9 innocente mais radieuse, elle ignore encore ce qu\u0092est la passion. Son monde est fait d\u0092art et de couleurs \u0096 celles de la fresque qu\u0092elle restaure \u00e0 Venise, la ville o\u00f9 elle a vu le jour \u0096 jusqu\u0092\u00e0 sa rencontre avec Leonardo, un chef cuisinier de renomm\u00e9e internationale. En entrant dans sa vie, celui-ci emporte tout sur son passage : son histoire d\u0092amour naissante avec Filippo, l\u0092id\u00e9e qu\u0092elle s\u0092est toujours faite d\u0092elle-m\u00eame et, surtout, sa fa\u00e7on de vivre les plaisirs de la chair.<br \/>\nLeonardo, qui vient de s\u0092installer dans le palais o\u00f9 elle travaille, s\u0092appr\u00eate \u00e0 lui ouvrir les portes d\u0092un paradis inexplor\u00e9, dont lui seul poss\u00e8de les cl\u00e9s. Il sait que le plaisir doit conqu\u00e9rir tous les sens, qu\u0092il a une forme, une odeur, une saveur, et va initier Elena \u00e0 une condition : qu\u0092elle ne tombe jamais amoureuse de lui. Mais comment r\u00e9sister au magn\u00e9tisme de cet homme et au tourbillon des sens qu\u0092il \u00e9veille en elle ?<\/p>\n","protected":false},"featured_media":853,"template":"","meta":{"_acf_changed":false,"_exactmetrics_skip_tracking":false,"_exactmetrics_sitenote_active":false,"_exactmetrics_sitenote_note":"","_exactmetrics_sitenote_category":0},"product_brand":[],"product_cat":[24],"product_tag":[252,253],"class_list":{"0":"post-885","1":"product","2":"type-product","3":"status-publish","4":"has-post-thumbnail","6":"product_cat-roman","7":"product_tag-cao-irene","8":"product_tag-erotique","10":"first","11":"instock","12":"sold-individually","13":"taxable","14":"shipping-taxable","15":"purchasable","16":"product-type-simple"},"acf":[],"yoast_head":"<!-- This site is optimized with the Yoast SEO plugin v26.6 - https:\/\/yoast.com\/wordpress\/plugins\/seo\/ -->\n<title>Sur tes yeux - Le Chtululu<\/title>\n<meta name=\"robots\" content=\"index, follow, max-snippet:-1, max-image-preview:large, max-video-preview:-1\" \/>\n<link rel=\"canonical\" href=\"https:\/\/chtululu.be\/index.php\/produit\/sur-tes-yeux\/\" \/>\n<meta property=\"og:locale\" content=\"fr_FR\" \/>\n<meta property=\"og:type\" content=\"article\" \/>\n<meta property=\"og:title\" content=\"Sur tes yeux - Le Chtululu\" \/>\n<meta property=\"og:description\" content=\"Cao Irene Si on pouvait capturer le plaisir, Elena le ferait avec les yeux. \u00c2g\u00e9e de vingt-neuf ans, d\u0092une beaut\u00e9 innocente mais radieuse, elle ignore encore ce qu\u0092est la passion. Son monde est fait d\u0092art et de couleurs \u0096 celles de la fresque qu\u0092elle restaure \u00e0 Venise, la ville o\u00f9 elle a vu le jour \u0096 jusqu\u0092\u00e0 sa rencontre avec Leonardo, un chef cuisinier de renomm\u00e9e internationale. En entrant dans sa vie, celui-ci emporte tout sur son passage : son histoire d\u0092amour naissante avec Filippo, l\u0092id\u00e9e qu\u0092elle s\u0092est toujours faite d\u0092elle-m\u00eame et, surtout, sa fa\u00e7on de vivre les plaisirs de la chair. Leonardo, qui vient de s\u0092installer dans le palais o\u00f9 elle travaille, s\u0092appr\u00eate \u00e0 lui ouvrir les portes d\u0092un paradis inexplor\u00e9, dont lui seul poss\u00e8de les cl\u00e9s. Il sait que le plaisir doit conqu\u00e9rir tous les sens, qu\u0092il a une forme, une odeur, une saveur, et va initier Elena \u00e0 une condition : qu\u0092elle ne tombe jamais amoureuse de lui. Mais comment r\u00e9sister au magn\u00e9tisme de cet homme et au tourbillon des sens qu\u0092il \u00e9veille en elle ?\" \/>\n<meta property=\"og:url\" content=\"https:\/\/chtululu.be\/index.php\/produit\/sur-tes-yeux\/\" \/>\n<meta property=\"og:site_name\" content=\"Le Chtululu\" \/>\n<meta property=\"article:modified_time\" content=\"2017-01-22T16:53:12+00:00\" \/>\n<meta property=\"og:image\" content=\"https:\/\/chtululu.be\/wp-content\/uploads\/2017\/01\/sur_tes_yeux.jpg\" \/>\n\t<meta property=\"og:image:width\" content=\"200\" \/>\n\t<meta property=\"og:image:height\" content=\"314\" \/>\n\t<meta property=\"og:image:type\" content=\"image\/jpeg\" \/>\n<meta name=\"twitter:card\" content=\"summary_large_image\" \/>\n<script type=\"application\/ld+json\" class=\"yoast-schema-graph\">{\"@context\":\"https:\/\/schema.org\",\"@graph\":[{\"@type\":\"WebPage\",\"@id\":\"https:\/\/chtululu.be\/index.php\/produit\/sur-tes-yeux\/\",\"url\":\"https:\/\/chtululu.be\/index.php\/produit\/sur-tes-yeux\/\",\"name\":\"Sur tes yeux - Le Chtululu\",\"isPartOf\":{\"@id\":\"https:\/\/chtululu.be\/#website\"},\"primaryImageOfPage\":{\"@id\":\"https:\/\/chtululu.be\/index.php\/produit\/sur-tes-yeux\/#primaryimage\"},\"image\":{\"@id\":\"https:\/\/chtululu.be\/index.php\/produit\/sur-tes-yeux\/#primaryimage\"},\"thumbnailUrl\":\"https:\/\/chtululu.be\/wp-content\/uploads\/2017\/01\/sur_tes_yeux.jpg\",\"datePublished\":\"2017-01-22T16:51:12+00:00\",\"dateModified\":\"2017-01-22T16:53:12+00:00\",\"breadcrumb\":{\"@id\":\"https:\/\/chtululu.be\/index.php\/produit\/sur-tes-yeux\/#breadcrumb\"},\"inLanguage\":\"fr-FR\",\"potentialAction\":[{\"@type\":\"ReadAction\",\"target\":[\"https:\/\/chtululu.be\/index.php\/produit\/sur-tes-yeux\/\"]}]},{\"@type\":\"ImageObject\",\"inLanguage\":\"fr-FR\",\"@id\":\"https:\/\/chtululu.be\/index.php\/produit\/sur-tes-yeux\/#primaryimage\",\"url\":\"https:\/\/chtululu.be\/wp-content\/uploads\/2017\/01\/sur_tes_yeux.jpg\",\"contentUrl\":\"https:\/\/chtululu.be\/wp-content\/uploads\/2017\/01\/sur_tes_yeux.jpg\",\"width\":200,\"height\":314},{\"@type\":\"BreadcrumbList\",\"@id\":\"https:\/\/chtululu.be\/index.php\/produit\/sur-tes-yeux\/#breadcrumb\",\"itemListElement\":[{\"@type\":\"ListItem\",\"position\":1,\"name\":\"Accueil\",\"item\":\"https:\/\/chtululu.be\/\"},{\"@type\":\"ListItem\",\"position\":2,\"name\":\"Les livres\",\"item\":\"https:\/\/chtululu.be\/index.php\/livres-doccasion\/\"},{\"@type\":\"ListItem\",\"position\":3,\"name\":\"Sur tes yeux\"}]},{\"@type\":\"WebSite\",\"@id\":\"https:\/\/chtululu.be\/#website\",\"url\":\"https:\/\/chtululu.be\/\",\"name\":\"Le Chtululu\",\"description\":\"Votre librairie de seconde main \u00e0 Soignies\",\"publisher\":{\"@id\":\"https:\/\/chtululu.be\/#organization\"},\"potentialAction\":[{\"@type\":\"SearchAction\",\"target\":{\"@type\":\"EntryPoint\",\"urlTemplate\":\"https:\/\/chtululu.be\/?s={search_term_string}\"},\"query-input\":{\"@type\":\"PropertyValueSpecification\",\"valueRequired\":true,\"valueName\":\"search_term_string\"}}],\"inLanguage\":\"fr-FR\"},{\"@type\":\"Organization\",\"@id\":\"https:\/\/chtululu.be\/#organization\",\"name\":\"Le Chtululu\",\"url\":\"https:\/\/chtululu.be\/\",\"logo\":{\"@type\":\"ImageObject\",\"inLanguage\":\"fr-FR\",\"@id\":\"https:\/\/chtululu.be\/#\/schema\/logo\/image\/\",\"url\":\"https:\/\/chtululu.be\/wp-content\/uploads\/2016\/05\/logo-def-blanc.jpg\",\"contentUrl\":\"https:\/\/chtululu.be\/wp-content\/uploads\/2016\/05\/logo-def-blanc.jpg\",\"width\":2048,\"height\":1901,\"caption\":\"Le Chtululu\"},\"image\":{\"@id\":\"https:\/\/chtululu.be\/#\/schema\/logo\/image\/\"}}]}<\/script>\n<!-- \/ Yoast SEO plugin. -->","yoast_head_json":{"title":"Sur tes yeux - Le Chtululu","robots":{"index":"index","follow":"follow","max-snippet":"max-snippet:-1","max-image-preview":"max-image-preview:large","max-video-preview":"max-video-preview:-1"},"canonical":"https:\/\/chtululu.be\/index.php\/produit\/sur-tes-yeux\/","og_locale":"fr_FR","og_type":"article","og_title":"Sur tes yeux - Le Chtululu","og_description":"Cao Irene Si on pouvait capturer le plaisir, Elena le ferait avec les yeux. \u00c2g\u00e9e de vingt-neuf ans, d\u0092une beaut\u00e9 innocente mais radieuse, elle ignore encore ce qu\u0092est la passion. Son monde est fait d\u0092art et de couleurs \u0096 celles de la fresque qu\u0092elle restaure \u00e0 Venise, la ville o\u00f9 elle a vu le jour \u0096 jusqu\u0092\u00e0 sa rencontre avec Leonardo, un chef cuisinier de renomm\u00e9e internationale. En entrant dans sa vie, celui-ci emporte tout sur son passage : son histoire d\u0092amour naissante avec Filippo, l\u0092id\u00e9e qu\u0092elle s\u0092est toujours faite d\u0092elle-m\u00eame et, surtout, sa fa\u00e7on de vivre les plaisirs de la chair. Leonardo, qui vient de s\u0092installer dans le palais o\u00f9 elle travaille, s\u0092appr\u00eate \u00e0 lui ouvrir les portes d\u0092un paradis inexplor\u00e9, dont lui seul poss\u00e8de les cl\u00e9s. Il sait que le plaisir doit conqu\u00e9rir tous les sens, qu\u0092il a une forme, une odeur, une saveur, et va initier Elena \u00e0 une condition : qu\u0092elle ne tombe jamais amoureuse de lui. Mais comment r\u00e9sister au magn\u00e9tisme de cet homme et au tourbillon des sens qu\u0092il \u00e9veille en elle ?","og_url":"https:\/\/chtululu.be\/index.php\/produit\/sur-tes-yeux\/","og_site_name":"Le Chtululu","article_modified_time":"2017-01-22T16:53:12+00:00","og_image":[{"width":200,"height":314,"url":"https:\/\/chtululu.be\/wp-content\/uploads\/2017\/01\/sur_tes_yeux.jpg","type":"image\/jpeg"}],"twitter_card":"summary_large_image","schema":{"@context":"https:\/\/schema.org","@graph":[{"@type":"WebPage","@id":"https:\/\/chtululu.be\/index.php\/produit\/sur-tes-yeux\/","url":"https:\/\/chtululu.be\/index.php\/produit\/sur-tes-yeux\/","name":"Sur tes yeux - Le Chtululu","isPartOf":{"@id":"https:\/\/chtululu.be\/#website"},"primaryImageOfPage":{"@id":"https:\/\/chtululu.be\/index.php\/produit\/sur-tes-yeux\/#primaryimage"},"image":{"@id":"https:\/\/chtululu.be\/index.php\/produit\/sur-tes-yeux\/#primaryimage"},"thumbnailUrl":"https:\/\/chtululu.be\/wp-content\/uploads\/2017\/01\/sur_tes_yeux.jpg","datePublished":"2017-01-22T16:51:12+00:00","dateModified":"2017-01-22T16:53:12+00:00","breadcrumb":{"@id":"https:\/\/chtululu.be\/index.php\/produit\/sur-tes-yeux\/#breadcrumb"},"inLanguage":"fr-FR","potentialAction":[{"@type":"ReadAction","target":["https:\/\/chtululu.be\/index.php\/produit\/sur-tes-yeux\/"]}]},{"@type":"ImageObject","inLanguage":"fr-FR","@id":"https:\/\/chtululu.be\/index.php\/produit\/sur-tes-yeux\/#primaryimage","url":"https:\/\/chtululu.be\/wp-content\/uploads\/2017\/01\/sur_tes_yeux.jpg","contentUrl":"https:\/\/chtululu.be\/wp-content\/uploads\/2017\/01\/sur_tes_yeux.jpg","width":200,"height":314},{"@type":"BreadcrumbList","@id":"https:\/\/chtululu.be\/index.php\/produit\/sur-tes-yeux\/#breadcrumb","itemListElement":[{"@type":"ListItem","position":1,"name":"Accueil","item":"https:\/\/chtululu.be\/"},{"@type":"ListItem","position":2,"name":"Les livres","item":"https:\/\/chtululu.be\/index.php\/livres-doccasion\/"},{"@type":"ListItem","position":3,"name":"Sur tes yeux"}]},{"@type":"WebSite","@id":"https:\/\/chtululu.be\/#website","url":"https:\/\/chtululu.be\/","name":"Le Chtululu","description":"Votre librairie de seconde main \u00e0 Soignies","publisher":{"@id":"https:\/\/chtululu.be\/#organization"},"potentialAction":[{"@type":"SearchAction","target":{"@type":"EntryPoint","urlTemplate":"https:\/\/chtululu.be\/?s={search_term_string}"},"query-input":{"@type":"PropertyValueSpecification","valueRequired":true,"valueName":"search_term_string"}}],"inLanguage":"fr-FR"},{"@type":"Organization","@id":"https:\/\/chtululu.be\/#organization","name":"Le Chtululu","url":"https:\/\/chtululu.be\/","logo":{"@type":"ImageObject","inLanguage":"fr-FR","@id":"https:\/\/chtululu.be\/#\/schema\/logo\/image\/","url":"https:\/\/chtululu.be\/wp-content\/uploads\/2016\/05\/logo-def-blanc.jpg","contentUrl":"https:\/\/chtululu.be\/wp-content\/uploads\/2016\/05\/logo-def-blanc.jpg","width":2048,"height":1901,"caption":"Le Chtululu"},"image":{"@id":"https:\/\/chtululu.be\/#\/schema\/logo\/image\/"}}]}},"_links":{"self":[{"href":"https:\/\/chtululu.be\/index.php\/wp-json\/wp\/v2\/product\/885","targetHints":{"allow":["GET"]}}],"collection":[{"href":"https:\/\/chtululu.be\/index.php\/wp-json\/wp\/v2\/product"}],"about":[{"href":"https:\/\/chtululu.be\/index.php\/wp-json\/wp\/v2\/types\/product"}],"wp:featuredmedia":[{"embeddable":true,"href":"https:\/\/chtululu.be\/index.php\/wp-json\/wp\/v2\/media\/853"}],"wp:attachment":[{"href":"https:\/\/chtululu.be\/index.php\/wp-json\/wp\/v2\/media?parent=885"}],"wp:term":[{"taxonomy":"product_brand","embeddable":true,"href":"https:\/\/chtululu.be\/index.php\/wp-json\/wp\/v2\/product_brand?post=885"},{"taxonomy":"product_cat","embeddable":true,"href":"https:\/\/chtululu.be\/index.php\/wp-json\/wp\/v2\/product_cat?post=885"},{"taxonomy":"product_tag","embeddable":true,"href":"https:\/\/chtululu.be\/index.php\/wp-json\/wp\/v2\/product_tag?post=885"}],"curies":[{"name":"wp","href":"https:\/\/api.w.org\/{rel}","templated":true}]}}