{"id":884,"date":"2017-01-22T17:51:12","date_gmt":"2017-01-22T16:51:12","guid":{"rendered":"http:\/\/chtululu.be\/index.php\/produit\/stark-t-3-possede-moi\/"},"modified":"2017-01-22T17:54:04","modified_gmt":"2017-01-22T16:54:04","slug":"stark-t-3-possede-moi","status":"publish","type":"product","link":"https:\/\/chtululu.be\/index.php\/produit\/stark-t-3-possede-moi\/","title":{"rendered":"Stark t.3 : Poss\u00e8de-moi"},"content":{"rendered":"","protected":false},"excerpt":{"rendered":"<p><strong>Kenner J.<\/strong><br \/>\n\u00ab Pour Damien, notre passion est un jeu. Pour moi, c\u0092est f\u00e9roce, aveuglant et r\u00e9el.<br \/>\nSes envies sont claires : besoin de jouissance, de contr\u00f4le. De moi.<br \/>\nJe me suis pli\u00e9e \u00e0 toutes ses volont\u00e9s, et j\u0092aspire \u00e0 \u00eatre pleinement sienne. Je veux que nous nous poss\u00e9dions au-del\u00e0 de l\u0092extase, et que le feu de notre passion nous br\u00fble.<br \/>\nMais une part de Damien m\u0092\u00e9chappe. Je meurs d\u0092envie de percer ses secrets, de le mettre \u00e0 nu. La noirceur de notre pass\u00e9 pourrait \u00e9troitement nous unir\u0085 ou au contraire nous briser. \u00bb<br \/>\nNikki<\/p>\n","protected":false},"featured_media":852,"template":"","meta":{"_acf_changed":false,"_exactmetrics_skip_tracking":false,"_exactmetrics_sitenote_active":false,"_exactmetrics_sitenote_note":"","_exactmetrics_sitenote_category":0},"product_brand":[],"product_cat":[24],"product_tag":[253,254],"class_list":{"0":"post-884","1":"product","2":"type-product","3":"status-publish","4":"has-post-thumbnail","6":"product_cat-roman","7":"product_tag-erotique","8":"product_tag-kenner-j","10":"first","11":"instock","12":"sold-individually","13":"taxable","14":"shipping-taxable","15":"purchasable","16":"product-type-simple"},"acf":[],"yoast_head":"<!-- This site is optimized with the Yoast SEO plugin v26.6 - https:\/\/yoast.com\/wordpress\/plugins\/seo\/ -->\n<title>Stark t.3 : Poss\u00e8de-moi - Le Chtululu<\/title>\n<meta name=\"robots\" content=\"index, follow, max-snippet:-1, max-image-preview:large, max-video-preview:-1\" \/>\n<link rel=\"canonical\" href=\"https:\/\/chtululu.be\/index.php\/produit\/stark-t-3-possede-moi\/\" \/>\n<meta property=\"og:locale\" content=\"fr_FR\" \/>\n<meta property=\"og:type\" content=\"article\" \/>\n<meta property=\"og:title\" content=\"Stark t.3 : Poss\u00e8de-moi - Le Chtululu\" \/>\n<meta property=\"og:description\" content=\"Kenner J. \u00ab Pour Damien, notre passion est un jeu. Pour moi, c\u0092est f\u00e9roce, aveuglant et r\u00e9el. Ses envies sont claires : besoin de jouissance, de contr\u00f4le. De moi. Je me suis pli\u00e9e \u00e0 toutes ses volont\u00e9s, et j\u0092aspire \u00e0 \u00eatre pleinement sienne. Je veux que nous nous poss\u00e9dions au-del\u00e0 de l\u0092extase, et que le feu de notre passion nous br\u00fble. Mais une part de Damien m\u0092\u00e9chappe. Je meurs d\u0092envie de percer ses secrets, de le mettre \u00e0 nu. La noirceur de notre pass\u00e9 pourrait \u00e9troitement nous unir\u0085 ou au contraire nous briser. \u00bb Nikki\" \/>\n<meta property=\"og:url\" content=\"https:\/\/chtululu.be\/index.php\/produit\/stark-t-3-possede-moi\/\" \/>\n<meta property=\"og:site_name\" content=\"Le Chtululu\" \/>\n<meta property=\"article:modified_time\" content=\"2017-01-22T16:54:04+00:00\" \/>\n<meta property=\"og:image\" content=\"https:\/\/chtululu.be\/wp-content\/uploads\/2017\/01\/possede-moi.jpg\" \/>\n\t<meta property=\"og:image:width\" content=\"200\" \/>\n\t<meta property=\"og:image:height\" content=\"328\" \/>\n\t<meta property=\"og:image:type\" content=\"image\/jpeg\" \/>\n<meta name=\"twitter:card\" content=\"summary_large_image\" \/>\n<script type=\"application\/ld+json\" class=\"yoast-schema-graph\">{\"@context\":\"https:\/\/schema.org\",\"@graph\":[{\"@type\":\"WebPage\",\"@id\":\"https:\/\/chtululu.be\/index.php\/produit\/stark-t-3-possede-moi\/\",\"url\":\"https:\/\/chtululu.be\/index.php\/produit\/stark-t-3-possede-moi\/\",\"name\":\"Stark t.3 : Poss\u00e8de-moi - Le Chtululu\",\"isPartOf\":{\"@id\":\"https:\/\/chtululu.be\/#website\"},\"primaryImageOfPage\":{\"@id\":\"https:\/\/chtululu.be\/index.php\/produit\/stark-t-3-possede-moi\/#primaryimage\"},\"image\":{\"@id\":\"https:\/\/chtululu.be\/index.php\/produit\/stark-t-3-possede-moi\/#primaryimage\"},\"thumbnailUrl\":\"https:\/\/chtululu.be\/wp-content\/uploads\/2017\/01\/possede-moi.jpg\",\"datePublished\":\"2017-01-22T16:51:12+00:00\",\"dateModified\":\"2017-01-22T16:54:04+00:00\",\"breadcrumb\":{\"@id\":\"https:\/\/chtululu.be\/index.php\/produit\/stark-t-3-possede-moi\/#breadcrumb\"},\"inLanguage\":\"fr-FR\",\"potentialAction\":[{\"@type\":\"ReadAction\",\"target\":[\"https:\/\/chtululu.be\/index.php\/produit\/stark-t-3-possede-moi\/\"]}]},{\"@type\":\"ImageObject\",\"inLanguage\":\"fr-FR\",\"@id\":\"https:\/\/chtululu.be\/index.php\/produit\/stark-t-3-possede-moi\/#primaryimage\",\"url\":\"https:\/\/chtululu.be\/wp-content\/uploads\/2017\/01\/possede-moi.jpg\",\"contentUrl\":\"https:\/\/chtululu.be\/wp-content\/uploads\/2017\/01\/possede-moi.jpg\",\"width\":200,\"height\":328},{\"@type\":\"BreadcrumbList\",\"@id\":\"https:\/\/chtululu.be\/index.php\/produit\/stark-t-3-possede-moi\/#breadcrumb\",\"itemListElement\":[{\"@type\":\"ListItem\",\"position\":1,\"name\":\"Accueil\",\"item\":\"https:\/\/chtululu.be\/\"},{\"@type\":\"ListItem\",\"position\":2,\"name\":\"Les livres\",\"item\":\"https:\/\/chtululu.be\/index.php\/livres-doccasion\/\"},{\"@type\":\"ListItem\",\"position\":3,\"name\":\"Stark t.3 : Poss\u00e8de-moi\"}]},{\"@type\":\"WebSite\",\"@id\":\"https:\/\/chtululu.be\/#website\",\"url\":\"https:\/\/chtululu.be\/\",\"name\":\"Le Chtululu\",\"description\":\"Votre librairie de seconde main \u00e0 Soignies\",\"publisher\":{\"@id\":\"https:\/\/chtululu.be\/#organization\"},\"potentialAction\":[{\"@type\":\"SearchAction\",\"target\":{\"@type\":\"EntryPoint\",\"urlTemplate\":\"https:\/\/chtululu.be\/?s={search_term_string}\"},\"query-input\":{\"@type\":\"PropertyValueSpecification\",\"valueRequired\":true,\"valueName\":\"search_term_string\"}}],\"inLanguage\":\"fr-FR\"},{\"@type\":\"Organization\",\"@id\":\"https:\/\/chtululu.be\/#organization\",\"name\":\"Le Chtululu\",\"url\":\"https:\/\/chtululu.be\/\",\"logo\":{\"@type\":\"ImageObject\",\"inLanguage\":\"fr-FR\",\"@id\":\"https:\/\/chtululu.be\/#\/schema\/logo\/image\/\",\"url\":\"https:\/\/chtululu.be\/wp-content\/uploads\/2016\/05\/logo-def-blanc.jpg\",\"contentUrl\":\"https:\/\/chtululu.be\/wp-content\/uploads\/2016\/05\/logo-def-blanc.jpg\",\"width\":2048,\"height\":1901,\"caption\":\"Le Chtululu\"},\"image\":{\"@id\":\"https:\/\/chtululu.be\/#\/schema\/logo\/image\/\"}}]}<\/script>\n<!-- \/ Yoast SEO plugin. -->","yoast_head_json":{"title":"Stark t.3 : Poss\u00e8de-moi - Le Chtululu","robots":{"index":"index","follow":"follow","max-snippet":"max-snippet:-1","max-image-preview":"max-image-preview:large","max-video-preview":"max-video-preview:-1"},"canonical":"https:\/\/chtululu.be\/index.php\/produit\/stark-t-3-possede-moi\/","og_locale":"fr_FR","og_type":"article","og_title":"Stark t.3 : Poss\u00e8de-moi - Le Chtululu","og_description":"Kenner J. \u00ab Pour Damien, notre passion est un jeu. Pour moi, c\u0092est f\u00e9roce, aveuglant et r\u00e9el. Ses envies sont claires : besoin de jouissance, de contr\u00f4le. De moi. Je me suis pli\u00e9e \u00e0 toutes ses volont\u00e9s, et j\u0092aspire \u00e0 \u00eatre pleinement sienne. Je veux que nous nous poss\u00e9dions au-del\u00e0 de l\u0092extase, et que le feu de notre passion nous br\u00fble. Mais une part de Damien m\u0092\u00e9chappe. Je meurs d\u0092envie de percer ses secrets, de le mettre \u00e0 nu. La noirceur de notre pass\u00e9 pourrait \u00e9troitement nous unir\u0085 ou au contraire nous briser. \u00bb Nikki","og_url":"https:\/\/chtululu.be\/index.php\/produit\/stark-t-3-possede-moi\/","og_site_name":"Le Chtululu","article_modified_time":"2017-01-22T16:54:04+00:00","og_image":[{"width":200,"height":328,"url":"https:\/\/chtululu.be\/wp-content\/uploads\/2017\/01\/possede-moi.jpg","type":"image\/jpeg"}],"twitter_card":"summary_large_image","schema":{"@context":"https:\/\/schema.org","@graph":[{"@type":"WebPage","@id":"https:\/\/chtululu.be\/index.php\/produit\/stark-t-3-possede-moi\/","url":"https:\/\/chtululu.be\/index.php\/produit\/stark-t-3-possede-moi\/","name":"Stark t.3 : Poss\u00e8de-moi - Le Chtululu","isPartOf":{"@id":"https:\/\/chtululu.be\/#website"},"primaryImageOfPage":{"@id":"https:\/\/chtululu.be\/index.php\/produit\/stark-t-3-possede-moi\/#primaryimage"},"image":{"@id":"https:\/\/chtululu.be\/index.php\/produit\/stark-t-3-possede-moi\/#primaryimage"},"thumbnailUrl":"https:\/\/chtululu.be\/wp-content\/uploads\/2017\/01\/possede-moi.jpg","datePublished":"2017-01-22T16:51:12+00:00","dateModified":"2017-01-22T16:54:04+00:00","breadcrumb":{"@id":"https:\/\/chtululu.be\/index.php\/produit\/stark-t-3-possede-moi\/#breadcrumb"},"inLanguage":"fr-FR","potentialAction":[{"@type":"ReadAction","target":["https:\/\/chtululu.be\/index.php\/produit\/stark-t-3-possede-moi\/"]}]},{"@type":"ImageObject","inLanguage":"fr-FR","@id":"https:\/\/chtululu.be\/index.php\/produit\/stark-t-3-possede-moi\/#primaryimage","url":"https:\/\/chtululu.be\/wp-content\/uploads\/2017\/01\/possede-moi.jpg","contentUrl":"https:\/\/chtululu.be\/wp-content\/uploads\/2017\/01\/possede-moi.jpg","width":200,"height":328},{"@type":"BreadcrumbList","@id":"https:\/\/chtululu.be\/index.php\/produit\/stark-t-3-possede-moi\/#breadcrumb","itemListElement":[{"@type":"ListItem","position":1,"name":"Accueil","item":"https:\/\/chtululu.be\/"},{"@type":"ListItem","position":2,"name":"Les livres","item":"https:\/\/chtululu.be\/index.php\/livres-doccasion\/"},{"@type":"ListItem","position":3,"name":"Stark t.3 : Poss\u00e8de-moi"}]},{"@type":"WebSite","@id":"https:\/\/chtululu.be\/#website","url":"https:\/\/chtululu.be\/","name":"Le Chtululu","description":"Votre librairie de seconde main \u00e0 Soignies","publisher":{"@id":"https:\/\/chtululu.be\/#organization"},"potentialAction":[{"@type":"SearchAction","target":{"@type":"EntryPoint","urlTemplate":"https:\/\/chtululu.be\/?s={search_term_string}"},"query-input":{"@type":"PropertyValueSpecification","valueRequired":true,"valueName":"search_term_string"}}],"inLanguage":"fr-FR"},{"@type":"Organization","@id":"https:\/\/chtululu.be\/#organization","name":"Le Chtululu","url":"https:\/\/chtululu.be\/","logo":{"@type":"ImageObject","inLanguage":"fr-FR","@id":"https:\/\/chtululu.be\/#\/schema\/logo\/image\/","url":"https:\/\/chtululu.be\/wp-content\/uploads\/2016\/05\/logo-def-blanc.jpg","contentUrl":"https:\/\/chtululu.be\/wp-content\/uploads\/2016\/05\/logo-def-blanc.jpg","width":2048,"height":1901,"caption":"Le Chtululu"},"image":{"@id":"https:\/\/chtululu.be\/#\/schema\/logo\/image\/"}}]}},"_links":{"self":[{"href":"https:\/\/chtululu.be\/index.php\/wp-json\/wp\/v2\/product\/884","targetHints":{"allow":["GET"]}}],"collection":[{"href":"https:\/\/chtululu.be\/index.php\/wp-json\/wp\/v2\/product"}],"about":[{"href":"https:\/\/chtululu.be\/index.php\/wp-json\/wp\/v2\/types\/product"}],"wp:featuredmedia":[{"embeddable":true,"href":"https:\/\/chtululu.be\/index.php\/wp-json\/wp\/v2\/media\/852"}],"wp:attachment":[{"href":"https:\/\/chtululu.be\/index.php\/wp-json\/wp\/v2\/media?parent=884"}],"wp:term":[{"taxonomy":"product_brand","embeddable":true,"href":"https:\/\/chtululu.be\/index.php\/wp-json\/wp\/v2\/product_brand?post=884"},{"taxonomy":"product_cat","embeddable":true,"href":"https:\/\/chtululu.be\/index.php\/wp-json\/wp\/v2\/product_cat?post=884"},{"taxonomy":"product_tag","embeddable":true,"href":"https:\/\/chtululu.be\/index.php\/wp-json\/wp\/v2\/product_tag?post=884"}],"curies":[{"name":"wp","href":"https:\/\/api.w.org\/{rel}","templated":true}]}}