{"id":883,"date":"2017-01-22T17:51:11","date_gmt":"2017-01-22T16:51:11","guid":{"rendered":"http:\/\/chtululu.be\/index.php\/produit\/stark-t-3-aime-moi\/"},"modified":"2017-01-22T17:54:59","modified_gmt":"2017-01-22T16:54:59","slug":"stark-t-3-aime-moi","status":"publish","type":"product","link":"https:\/\/chtululu.be\/index.php\/produit\/stark-t-3-aime-moi\/","title":{"rendered":"Stark t.3 : Aime-moi"},"content":{"rendered":"","protected":false},"excerpt":{"rendered":"<p><strong>Kenner J.<\/strong><br \/>\nDamien Stark est un riche homme d\u0092affaires, d\u0092une rare s\u00e9duction. Tout ce qu\u0092il veut, il l\u0092obtient. Et ce qu\u0092il veut par-dessus tout, c\u0092est Nikki\u0085<br \/>\n\u00ab Nos d\u00e9sirs sont fougueux, nos secrets, imp\u00e9n\u00e9trables. Puissant, sublime, imposant, Damien me fait chavirer. Je connais chaque trait de son visage et chaque courbe de son corps. Je peux fermer les yeux et me repr\u00e9senter les siens, assombris par la passion, illumin\u00e9s par la joie. Chaque regard que je lui porte me coupe le souffle, comme au premier jour.<br \/>\nMais aujourd&rsquo;hui, notre amour ne suffit pas. Damien ne peut plus \u00e9chapper aux d\u00e9mons de son pass\u00e9, ni fuir les dangers qui nous menacent. Il doit d\u00e9sormais faire face. Notre avenir en d\u00e9pend.\u00bb<\/p>\n","protected":false},"featured_media":859,"template":"","meta":{"_acf_changed":false,"_exactmetrics_skip_tracking":false,"_exactmetrics_sitenote_active":false,"_exactmetrics_sitenote_note":"","_exactmetrics_sitenote_category":0},"product_brand":[],"product_cat":[24],"product_tag":[253,254],"class_list":{"0":"post-883","1":"product","2":"type-product","3":"status-publish","4":"has-post-thumbnail","6":"product_cat-roman","7":"product_tag-erotique","8":"product_tag-kenner-j","10":"first","11":"instock","12":"sold-individually","13":"taxable","14":"shipping-taxable","15":"purchasable","16":"product-type-simple"},"acf":[],"yoast_head":"<!-- This site is optimized with the Yoast SEO plugin v26.6 - https:\/\/yoast.com\/wordpress\/plugins\/seo\/ -->\n<title>Stark t.3 : Aime-moi - Le Chtululu<\/title>\n<meta name=\"robots\" content=\"index, follow, max-snippet:-1, max-image-preview:large, max-video-preview:-1\" \/>\n<link rel=\"canonical\" href=\"https:\/\/chtululu.be\/index.php\/produit\/stark-t-3-aime-moi\/\" \/>\n<meta property=\"og:locale\" content=\"fr_FR\" \/>\n<meta property=\"og:type\" content=\"article\" \/>\n<meta property=\"og:title\" content=\"Stark t.3 : Aime-moi - Le Chtululu\" \/>\n<meta property=\"og:description\" content=\"Kenner J. Damien Stark est un riche homme d\u0092affaires, d\u0092une rare s\u00e9duction. Tout ce qu\u0092il veut, il l\u0092obtient. Et ce qu\u0092il veut par-dessus tout, c\u0092est Nikki\u0085 \u00ab Nos d\u00e9sirs sont fougueux, nos secrets, imp\u00e9n\u00e9trables. Puissant, sublime, imposant, Damien me fait chavirer. Je connais chaque trait de son visage et chaque courbe de son corps. Je peux fermer les yeux et me repr\u00e9senter les siens, assombris par la passion, illumin\u00e9s par la joie. Chaque regard que je lui porte me coupe le souffle, comme au premier jour. Mais aujourd&#039;hui, notre amour ne suffit pas. Damien ne peut plus \u00e9chapper aux d\u00e9mons de son pass\u00e9, ni fuir les dangers qui nous menacent. Il doit d\u00e9sormais faire face. Notre avenir en d\u00e9pend.\u00bb\" \/>\n<meta property=\"og:url\" content=\"https:\/\/chtululu.be\/index.php\/produit\/stark-t-3-aime-moi\/\" \/>\n<meta property=\"og:site_name\" content=\"Le Chtululu\" \/>\n<meta property=\"article:modified_time\" content=\"2017-01-22T16:54:59+00:00\" \/>\n<meta property=\"og:image\" content=\"https:\/\/chtululu.be\/wp-content\/uploads\/2017\/01\/aime-moi.jpg\" \/>\n\t<meta property=\"og:image:width\" content=\"200\" \/>\n\t<meta property=\"og:image:height\" content=\"328\" \/>\n\t<meta property=\"og:image:type\" content=\"image\/jpeg\" \/>\n<meta name=\"twitter:card\" content=\"summary_large_image\" \/>\n<script type=\"application\/ld+json\" class=\"yoast-schema-graph\">{\"@context\":\"https:\/\/schema.org\",\"@graph\":[{\"@type\":\"WebPage\",\"@id\":\"https:\/\/chtululu.be\/index.php\/produit\/stark-t-3-aime-moi\/\",\"url\":\"https:\/\/chtululu.be\/index.php\/produit\/stark-t-3-aime-moi\/\",\"name\":\"Stark t.3 : Aime-moi - Le Chtululu\",\"isPartOf\":{\"@id\":\"https:\/\/chtululu.be\/#website\"},\"primaryImageOfPage\":{\"@id\":\"https:\/\/chtululu.be\/index.php\/produit\/stark-t-3-aime-moi\/#primaryimage\"},\"image\":{\"@id\":\"https:\/\/chtululu.be\/index.php\/produit\/stark-t-3-aime-moi\/#primaryimage\"},\"thumbnailUrl\":\"https:\/\/chtululu.be\/wp-content\/uploads\/2017\/01\/aime-moi.jpg\",\"datePublished\":\"2017-01-22T16:51:11+00:00\",\"dateModified\":\"2017-01-22T16:54:59+00:00\",\"breadcrumb\":{\"@id\":\"https:\/\/chtululu.be\/index.php\/produit\/stark-t-3-aime-moi\/#breadcrumb\"},\"inLanguage\":\"fr-FR\",\"potentialAction\":[{\"@type\":\"ReadAction\",\"target\":[\"https:\/\/chtululu.be\/index.php\/produit\/stark-t-3-aime-moi\/\"]}]},{\"@type\":\"ImageObject\",\"inLanguage\":\"fr-FR\",\"@id\":\"https:\/\/chtululu.be\/index.php\/produit\/stark-t-3-aime-moi\/#primaryimage\",\"url\":\"https:\/\/chtululu.be\/wp-content\/uploads\/2017\/01\/aime-moi.jpg\",\"contentUrl\":\"https:\/\/chtululu.be\/wp-content\/uploads\/2017\/01\/aime-moi.jpg\",\"width\":200,\"height\":328},{\"@type\":\"BreadcrumbList\",\"@id\":\"https:\/\/chtululu.be\/index.php\/produit\/stark-t-3-aime-moi\/#breadcrumb\",\"itemListElement\":[{\"@type\":\"ListItem\",\"position\":1,\"name\":\"Accueil\",\"item\":\"https:\/\/chtululu.be\/\"},{\"@type\":\"ListItem\",\"position\":2,\"name\":\"Les livres\",\"item\":\"https:\/\/chtululu.be\/index.php\/livres-doccasion\/\"},{\"@type\":\"ListItem\",\"position\":3,\"name\":\"Stark t.3 : Aime-moi\"}]},{\"@type\":\"WebSite\",\"@id\":\"https:\/\/chtululu.be\/#website\",\"url\":\"https:\/\/chtululu.be\/\",\"name\":\"Le Chtululu\",\"description\":\"Votre librairie de seconde main \u00e0 Soignies\",\"publisher\":{\"@id\":\"https:\/\/chtululu.be\/#organization\"},\"potentialAction\":[{\"@type\":\"SearchAction\",\"target\":{\"@type\":\"EntryPoint\",\"urlTemplate\":\"https:\/\/chtululu.be\/?s={search_term_string}\"},\"query-input\":{\"@type\":\"PropertyValueSpecification\",\"valueRequired\":true,\"valueName\":\"search_term_string\"}}],\"inLanguage\":\"fr-FR\"},{\"@type\":\"Organization\",\"@id\":\"https:\/\/chtululu.be\/#organization\",\"name\":\"Le Chtululu\",\"url\":\"https:\/\/chtululu.be\/\",\"logo\":{\"@type\":\"ImageObject\",\"inLanguage\":\"fr-FR\",\"@id\":\"https:\/\/chtululu.be\/#\/schema\/logo\/image\/\",\"url\":\"https:\/\/chtululu.be\/wp-content\/uploads\/2016\/05\/logo-def-blanc.jpg\",\"contentUrl\":\"https:\/\/chtululu.be\/wp-content\/uploads\/2016\/05\/logo-def-blanc.jpg\",\"width\":2048,\"height\":1901,\"caption\":\"Le Chtululu\"},\"image\":{\"@id\":\"https:\/\/chtululu.be\/#\/schema\/logo\/image\/\"}}]}<\/script>\n<!-- \/ Yoast SEO plugin. -->","yoast_head_json":{"title":"Stark t.3 : Aime-moi - Le Chtululu","robots":{"index":"index","follow":"follow","max-snippet":"max-snippet:-1","max-image-preview":"max-image-preview:large","max-video-preview":"max-video-preview:-1"},"canonical":"https:\/\/chtululu.be\/index.php\/produit\/stark-t-3-aime-moi\/","og_locale":"fr_FR","og_type":"article","og_title":"Stark t.3 : Aime-moi - Le Chtululu","og_description":"Kenner J. Damien Stark est un riche homme d\u0092affaires, d\u0092une rare s\u00e9duction. Tout ce qu\u0092il veut, il l\u0092obtient. Et ce qu\u0092il veut par-dessus tout, c\u0092est Nikki\u0085 \u00ab Nos d\u00e9sirs sont fougueux, nos secrets, imp\u00e9n\u00e9trables. Puissant, sublime, imposant, Damien me fait chavirer. Je connais chaque trait de son visage et chaque courbe de son corps. Je peux fermer les yeux et me repr\u00e9senter les siens, assombris par la passion, illumin\u00e9s par la joie. Chaque regard que je lui porte me coupe le souffle, comme au premier jour. Mais aujourd'hui, notre amour ne suffit pas. Damien ne peut plus \u00e9chapper aux d\u00e9mons de son pass\u00e9, ni fuir les dangers qui nous menacent. Il doit d\u00e9sormais faire face. Notre avenir en d\u00e9pend.\u00bb","og_url":"https:\/\/chtululu.be\/index.php\/produit\/stark-t-3-aime-moi\/","og_site_name":"Le Chtululu","article_modified_time":"2017-01-22T16:54:59+00:00","og_image":[{"width":200,"height":328,"url":"https:\/\/chtululu.be\/wp-content\/uploads\/2017\/01\/aime-moi.jpg","type":"image\/jpeg"}],"twitter_card":"summary_large_image","schema":{"@context":"https:\/\/schema.org","@graph":[{"@type":"WebPage","@id":"https:\/\/chtululu.be\/index.php\/produit\/stark-t-3-aime-moi\/","url":"https:\/\/chtululu.be\/index.php\/produit\/stark-t-3-aime-moi\/","name":"Stark t.3 : Aime-moi - Le Chtululu","isPartOf":{"@id":"https:\/\/chtululu.be\/#website"},"primaryImageOfPage":{"@id":"https:\/\/chtululu.be\/index.php\/produit\/stark-t-3-aime-moi\/#primaryimage"},"image":{"@id":"https:\/\/chtululu.be\/index.php\/produit\/stark-t-3-aime-moi\/#primaryimage"},"thumbnailUrl":"https:\/\/chtululu.be\/wp-content\/uploads\/2017\/01\/aime-moi.jpg","datePublished":"2017-01-22T16:51:11+00:00","dateModified":"2017-01-22T16:54:59+00:00","breadcrumb":{"@id":"https:\/\/chtululu.be\/index.php\/produit\/stark-t-3-aime-moi\/#breadcrumb"},"inLanguage":"fr-FR","potentialAction":[{"@type":"ReadAction","target":["https:\/\/chtululu.be\/index.php\/produit\/stark-t-3-aime-moi\/"]}]},{"@type":"ImageObject","inLanguage":"fr-FR","@id":"https:\/\/chtululu.be\/index.php\/produit\/stark-t-3-aime-moi\/#primaryimage","url":"https:\/\/chtululu.be\/wp-content\/uploads\/2017\/01\/aime-moi.jpg","contentUrl":"https:\/\/chtululu.be\/wp-content\/uploads\/2017\/01\/aime-moi.jpg","width":200,"height":328},{"@type":"BreadcrumbList","@id":"https:\/\/chtululu.be\/index.php\/produit\/stark-t-3-aime-moi\/#breadcrumb","itemListElement":[{"@type":"ListItem","position":1,"name":"Accueil","item":"https:\/\/chtululu.be\/"},{"@type":"ListItem","position":2,"name":"Les livres","item":"https:\/\/chtululu.be\/index.php\/livres-doccasion\/"},{"@type":"ListItem","position":3,"name":"Stark t.3 : Aime-moi"}]},{"@type":"WebSite","@id":"https:\/\/chtululu.be\/#website","url":"https:\/\/chtululu.be\/","name":"Le Chtululu","description":"Votre librairie de seconde main \u00e0 Soignies","publisher":{"@id":"https:\/\/chtululu.be\/#organization"},"potentialAction":[{"@type":"SearchAction","target":{"@type":"EntryPoint","urlTemplate":"https:\/\/chtululu.be\/?s={search_term_string}"},"query-input":{"@type":"PropertyValueSpecification","valueRequired":true,"valueName":"search_term_string"}}],"inLanguage":"fr-FR"},{"@type":"Organization","@id":"https:\/\/chtululu.be\/#organization","name":"Le Chtululu","url":"https:\/\/chtululu.be\/","logo":{"@type":"ImageObject","inLanguage":"fr-FR","@id":"https:\/\/chtululu.be\/#\/schema\/logo\/image\/","url":"https:\/\/chtululu.be\/wp-content\/uploads\/2016\/05\/logo-def-blanc.jpg","contentUrl":"https:\/\/chtululu.be\/wp-content\/uploads\/2016\/05\/logo-def-blanc.jpg","width":2048,"height":1901,"caption":"Le Chtululu"},"image":{"@id":"https:\/\/chtululu.be\/#\/schema\/logo\/image\/"}}]}},"_links":{"self":[{"href":"https:\/\/chtululu.be\/index.php\/wp-json\/wp\/v2\/product\/883","targetHints":{"allow":["GET"]}}],"collection":[{"href":"https:\/\/chtululu.be\/index.php\/wp-json\/wp\/v2\/product"}],"about":[{"href":"https:\/\/chtululu.be\/index.php\/wp-json\/wp\/v2\/types\/product"}],"wp:featuredmedia":[{"embeddable":true,"href":"https:\/\/chtululu.be\/index.php\/wp-json\/wp\/v2\/media\/859"}],"wp:attachment":[{"href":"https:\/\/chtululu.be\/index.php\/wp-json\/wp\/v2\/media?parent=883"}],"wp:term":[{"taxonomy":"product_brand","embeddable":true,"href":"https:\/\/chtululu.be\/index.php\/wp-json\/wp\/v2\/product_brand?post=883"},{"taxonomy":"product_cat","embeddable":true,"href":"https:\/\/chtululu.be\/index.php\/wp-json\/wp\/v2\/product_cat?post=883"},{"taxonomy":"product_tag","embeddable":true,"href":"https:\/\/chtululu.be\/index.php\/wp-json\/wp\/v2\/product_tag?post=883"}],"curies":[{"name":"wp","href":"https:\/\/api.w.org\/{rel}","templated":true}]}}