{"id":877,"date":"2017-01-22T17:51:06","date_gmt":"2017-01-22T16:51:06","guid":{"rendered":"http:\/\/chtululu.be\/index.php\/produit\/mercy-thompson-t-1-lappel-de-la-lune\/"},"modified":"2017-04-17T21:23:16","modified_gmt":"2017-04-17T20:23:16","slug":"mercy-thompson-t-1-lappel-de-la-lune","status":"publish","type":"product","link":"https:\/\/chtululu.be\/index.php\/produit\/mercy-thompson-t-1-lappel-de-la-lune\/","title":{"rendered":"Mercy Thompson t.1 : L&rsquo;Appel de la Lune"},"content":{"rendered":"","protected":false},"excerpt":{"rendered":"<p><strong>Briggs Patricia<\/strong><br \/>\n\u00a0\u00bb Les loups-garous peuvent \u00eatre dangereux si vous vous mettez en travers de leur chemin. Ils ont un talent extraordinaire pour dissimuler leur v\u00e9ritable nature aux yeux des humains. Mais moi, je ne suis pas tout \u00e0 fait humaine.\u00a0\u00bb En effet, Mercy Thompson n&rsquo;est pas une fille des plus banales. M\u00e9canicienne dans le Montana, c&rsquo;est une dure \u00e0 cuire qui n&rsquo;h\u00e9site pas \u00e0 mettre les mains dans le cambouis et \u00e0 sortir les griffes quand le danger frappe \u00e0 sa porte. Mais ce n&rsquo;est pas tout : son voisin tr\u00e8s sexy est le chef de meute d&rsquo;une bande de loups-garous, le minibus qu&rsquo;elle bricole en ce moment appartient \u00e0 un vampire, et la vieille dame tr\u00e8s digne qui lui rend visite vient jeter des sorts sur son garage. Au c\u009cur de ce monde des cr\u00e9atures de la nuit, Mercy se trouve m\u00eal\u00e9e \u00e0 une d\u00e9licate affaire de meurtre et d&rsquo;enl\u00e8vement&#8230;<\/p>\n","protected":false},"featured_media":850,"template":"","meta":{"_acf_changed":false,"_exactmetrics_skip_tracking":false,"_exactmetrics_sitenote_active":false,"_exactmetrics_sitenote_note":"","_exactmetrics_sitenote_category":0},"product_brand":[],"product_cat":[24],"product_tag":[226,238],"class_list":{"0":"post-877","1":"product","2":"type-product","3":"status-publish","4":"has-post-thumbnail","6":"product_cat-roman","7":"product_tag-bit-lit","8":"product_tag-briggs-patricia","10":"first","11":"instock","12":"sold-individually","13":"taxable","14":"shipping-taxable","15":"purchasable","16":"product-type-simple"},"acf":[],"yoast_head":"<!-- This site is optimized with the Yoast SEO plugin v26.6 - https:\/\/yoast.com\/wordpress\/plugins\/seo\/ -->\n<title>Mercy Thompson t.1 : L&#039;Appel de la Lune - Le Chtululu<\/title>\n<meta name=\"robots\" content=\"index, follow, max-snippet:-1, max-image-preview:large, max-video-preview:-1\" \/>\n<link rel=\"canonical\" href=\"https:\/\/chtululu.be\/index.php\/produit\/mercy-thompson-t-1-lappel-de-la-lune\/\" \/>\n<meta property=\"og:locale\" content=\"fr_FR\" \/>\n<meta property=\"og:type\" content=\"article\" \/>\n<meta property=\"og:title\" content=\"Mercy Thompson t.1 : L&#039;Appel de la Lune - Le Chtululu\" \/>\n<meta property=\"og:description\" content=\"Briggs Patricia &quot; Les loups-garous peuvent \u00eatre dangereux si vous vous mettez en travers de leur chemin. Ils ont un talent extraordinaire pour dissimuler leur v\u00e9ritable nature aux yeux des humains. Mais moi, je ne suis pas tout \u00e0 fait humaine.&quot; En effet, Mercy Thompson n&#039;est pas une fille des plus banales. M\u00e9canicienne dans le Montana, c&#039;est une dure \u00e0 cuire qui n&#039;h\u00e9site pas \u00e0 mettre les mains dans le cambouis et \u00e0 sortir les griffes quand le danger frappe \u00e0 sa porte. Mais ce n&#039;est pas tout : son voisin tr\u00e8s sexy est le chef de meute d&#039;une bande de loups-garous, le minibus qu&#039;elle bricole en ce moment appartient \u00e0 un vampire, et la vieille dame tr\u00e8s digne qui lui rend visite vient jeter des sorts sur son garage. Au c\u009cur de ce monde des cr\u00e9atures de la nuit, Mercy se trouve m\u00eal\u00e9e \u00e0 une d\u00e9licate affaire de meurtre et d&#039;enl\u00e8vement...\" \/>\n<meta property=\"og:url\" content=\"https:\/\/chtululu.be\/index.php\/produit\/mercy-thompson-t-1-lappel-de-la-lune\/\" \/>\n<meta property=\"og:site_name\" content=\"Le Chtululu\" \/>\n<meta property=\"article:modified_time\" content=\"2017-04-17T20:23:16+00:00\" \/>\n<meta property=\"og:image\" content=\"https:\/\/chtululu.be\/wp-content\/uploads\/2017\/01\/mercy_thompson_1.jpg\" \/>\n\t<meta property=\"og:image:width\" content=\"200\" \/>\n\t<meta property=\"og:image:height\" content=\"324\" \/>\n\t<meta property=\"og:image:type\" content=\"image\/jpeg\" \/>\n<meta name=\"twitter:card\" content=\"summary_large_image\" \/>\n<script type=\"application\/ld+json\" class=\"yoast-schema-graph\">{\"@context\":\"https:\/\/schema.org\",\"@graph\":[{\"@type\":\"WebPage\",\"@id\":\"https:\/\/chtululu.be\/index.php\/produit\/mercy-thompson-t-1-lappel-de-la-lune\/\",\"url\":\"https:\/\/chtululu.be\/index.php\/produit\/mercy-thompson-t-1-lappel-de-la-lune\/\",\"name\":\"Mercy Thompson t.1 : L'Appel de la Lune - Le Chtululu\",\"isPartOf\":{\"@id\":\"https:\/\/chtululu.be\/#website\"},\"primaryImageOfPage\":{\"@id\":\"https:\/\/chtululu.be\/index.php\/produit\/mercy-thompson-t-1-lappel-de-la-lune\/#primaryimage\"},\"image\":{\"@id\":\"https:\/\/chtululu.be\/index.php\/produit\/mercy-thompson-t-1-lappel-de-la-lune\/#primaryimage\"},\"thumbnailUrl\":\"https:\/\/chtululu.be\/wp-content\/uploads\/2017\/01\/mercy_thompson_1.jpg\",\"datePublished\":\"2017-01-22T16:51:06+00:00\",\"dateModified\":\"2017-04-17T20:23:16+00:00\",\"breadcrumb\":{\"@id\":\"https:\/\/chtululu.be\/index.php\/produit\/mercy-thompson-t-1-lappel-de-la-lune\/#breadcrumb\"},\"inLanguage\":\"fr-FR\",\"potentialAction\":[{\"@type\":\"ReadAction\",\"target\":[\"https:\/\/chtululu.be\/index.php\/produit\/mercy-thompson-t-1-lappel-de-la-lune\/\"]}]},{\"@type\":\"ImageObject\",\"inLanguage\":\"fr-FR\",\"@id\":\"https:\/\/chtululu.be\/index.php\/produit\/mercy-thompson-t-1-lappel-de-la-lune\/#primaryimage\",\"url\":\"https:\/\/chtululu.be\/wp-content\/uploads\/2017\/01\/mercy_thompson_1.jpg\",\"contentUrl\":\"https:\/\/chtululu.be\/wp-content\/uploads\/2017\/01\/mercy_thompson_1.jpg\",\"width\":200,\"height\":324},{\"@type\":\"BreadcrumbList\",\"@id\":\"https:\/\/chtululu.be\/index.php\/produit\/mercy-thompson-t-1-lappel-de-la-lune\/#breadcrumb\",\"itemListElement\":[{\"@type\":\"ListItem\",\"position\":1,\"name\":\"Accueil\",\"item\":\"https:\/\/chtululu.be\/\"},{\"@type\":\"ListItem\",\"position\":2,\"name\":\"Les livres\",\"item\":\"https:\/\/chtululu.be\/index.php\/livres-doccasion\/\"},{\"@type\":\"ListItem\",\"position\":3,\"name\":\"Mercy Thompson t.1 : L&rsquo;Appel de la Lune\"}]},{\"@type\":\"WebSite\",\"@id\":\"https:\/\/chtululu.be\/#website\",\"url\":\"https:\/\/chtululu.be\/\",\"name\":\"Le Chtululu\",\"description\":\"Votre librairie de seconde main \u00e0 Soignies\",\"publisher\":{\"@id\":\"https:\/\/chtululu.be\/#organization\"},\"potentialAction\":[{\"@type\":\"SearchAction\",\"target\":{\"@type\":\"EntryPoint\",\"urlTemplate\":\"https:\/\/chtululu.be\/?s={search_term_string}\"},\"query-input\":{\"@type\":\"PropertyValueSpecification\",\"valueRequired\":true,\"valueName\":\"search_term_string\"}}],\"inLanguage\":\"fr-FR\"},{\"@type\":\"Organization\",\"@id\":\"https:\/\/chtululu.be\/#organization\",\"name\":\"Le Chtululu\",\"url\":\"https:\/\/chtululu.be\/\",\"logo\":{\"@type\":\"ImageObject\",\"inLanguage\":\"fr-FR\",\"@id\":\"https:\/\/chtululu.be\/#\/schema\/logo\/image\/\",\"url\":\"https:\/\/chtululu.be\/wp-content\/uploads\/2016\/05\/logo-def-blanc.jpg\",\"contentUrl\":\"https:\/\/chtululu.be\/wp-content\/uploads\/2016\/05\/logo-def-blanc.jpg\",\"width\":2048,\"height\":1901,\"caption\":\"Le Chtululu\"},\"image\":{\"@id\":\"https:\/\/chtululu.be\/#\/schema\/logo\/image\/\"}}]}<\/script>\n<!-- \/ Yoast SEO plugin. -->","yoast_head_json":{"title":"Mercy Thompson t.1 : L'Appel de la Lune - Le Chtululu","robots":{"index":"index","follow":"follow","max-snippet":"max-snippet:-1","max-image-preview":"max-image-preview:large","max-video-preview":"max-video-preview:-1"},"canonical":"https:\/\/chtululu.be\/index.php\/produit\/mercy-thompson-t-1-lappel-de-la-lune\/","og_locale":"fr_FR","og_type":"article","og_title":"Mercy Thompson t.1 : L'Appel de la Lune - Le Chtululu","og_description":"Briggs Patricia \" Les loups-garous peuvent \u00eatre dangereux si vous vous mettez en travers de leur chemin. Ils ont un talent extraordinaire pour dissimuler leur v\u00e9ritable nature aux yeux des humains. Mais moi, je ne suis pas tout \u00e0 fait humaine.\" En effet, Mercy Thompson n'est pas une fille des plus banales. M\u00e9canicienne dans le Montana, c'est une dure \u00e0 cuire qui n'h\u00e9site pas \u00e0 mettre les mains dans le cambouis et \u00e0 sortir les griffes quand le danger frappe \u00e0 sa porte. Mais ce n'est pas tout : son voisin tr\u00e8s sexy est le chef de meute d'une bande de loups-garous, le minibus qu'elle bricole en ce moment appartient \u00e0 un vampire, et la vieille dame tr\u00e8s digne qui lui rend visite vient jeter des sorts sur son garage. Au c\u009cur de ce monde des cr\u00e9atures de la nuit, Mercy se trouve m\u00eal\u00e9e \u00e0 une d\u00e9licate affaire de meurtre et d'enl\u00e8vement...","og_url":"https:\/\/chtululu.be\/index.php\/produit\/mercy-thompson-t-1-lappel-de-la-lune\/","og_site_name":"Le Chtululu","article_modified_time":"2017-04-17T20:23:16+00:00","og_image":[{"width":200,"height":324,"url":"https:\/\/chtululu.be\/wp-content\/uploads\/2017\/01\/mercy_thompson_1.jpg","type":"image\/jpeg"}],"twitter_card":"summary_large_image","schema":{"@context":"https:\/\/schema.org","@graph":[{"@type":"WebPage","@id":"https:\/\/chtululu.be\/index.php\/produit\/mercy-thompson-t-1-lappel-de-la-lune\/","url":"https:\/\/chtululu.be\/index.php\/produit\/mercy-thompson-t-1-lappel-de-la-lune\/","name":"Mercy Thompson t.1 : L'Appel de la Lune - Le Chtululu","isPartOf":{"@id":"https:\/\/chtululu.be\/#website"},"primaryImageOfPage":{"@id":"https:\/\/chtululu.be\/index.php\/produit\/mercy-thompson-t-1-lappel-de-la-lune\/#primaryimage"},"image":{"@id":"https:\/\/chtululu.be\/index.php\/produit\/mercy-thompson-t-1-lappel-de-la-lune\/#primaryimage"},"thumbnailUrl":"https:\/\/chtululu.be\/wp-content\/uploads\/2017\/01\/mercy_thompson_1.jpg","datePublished":"2017-01-22T16:51:06+00:00","dateModified":"2017-04-17T20:23:16+00:00","breadcrumb":{"@id":"https:\/\/chtululu.be\/index.php\/produit\/mercy-thompson-t-1-lappel-de-la-lune\/#breadcrumb"},"inLanguage":"fr-FR","potentialAction":[{"@type":"ReadAction","target":["https:\/\/chtululu.be\/index.php\/produit\/mercy-thompson-t-1-lappel-de-la-lune\/"]}]},{"@type":"ImageObject","inLanguage":"fr-FR","@id":"https:\/\/chtululu.be\/index.php\/produit\/mercy-thompson-t-1-lappel-de-la-lune\/#primaryimage","url":"https:\/\/chtululu.be\/wp-content\/uploads\/2017\/01\/mercy_thompson_1.jpg","contentUrl":"https:\/\/chtululu.be\/wp-content\/uploads\/2017\/01\/mercy_thompson_1.jpg","width":200,"height":324},{"@type":"BreadcrumbList","@id":"https:\/\/chtululu.be\/index.php\/produit\/mercy-thompson-t-1-lappel-de-la-lune\/#breadcrumb","itemListElement":[{"@type":"ListItem","position":1,"name":"Accueil","item":"https:\/\/chtululu.be\/"},{"@type":"ListItem","position":2,"name":"Les livres","item":"https:\/\/chtululu.be\/index.php\/livres-doccasion\/"},{"@type":"ListItem","position":3,"name":"Mercy Thompson t.1 : L&rsquo;Appel de la Lune"}]},{"@type":"WebSite","@id":"https:\/\/chtululu.be\/#website","url":"https:\/\/chtululu.be\/","name":"Le Chtululu","description":"Votre librairie de seconde main \u00e0 Soignies","publisher":{"@id":"https:\/\/chtululu.be\/#organization"},"potentialAction":[{"@type":"SearchAction","target":{"@type":"EntryPoint","urlTemplate":"https:\/\/chtululu.be\/?s={search_term_string}"},"query-input":{"@type":"PropertyValueSpecification","valueRequired":true,"valueName":"search_term_string"}}],"inLanguage":"fr-FR"},{"@type":"Organization","@id":"https:\/\/chtululu.be\/#organization","name":"Le Chtululu","url":"https:\/\/chtululu.be\/","logo":{"@type":"ImageObject","inLanguage":"fr-FR","@id":"https:\/\/chtululu.be\/#\/schema\/logo\/image\/","url":"https:\/\/chtululu.be\/wp-content\/uploads\/2016\/05\/logo-def-blanc.jpg","contentUrl":"https:\/\/chtululu.be\/wp-content\/uploads\/2016\/05\/logo-def-blanc.jpg","width":2048,"height":1901,"caption":"Le Chtululu"},"image":{"@id":"https:\/\/chtululu.be\/#\/schema\/logo\/image\/"}}]}},"_links":{"self":[{"href":"https:\/\/chtululu.be\/index.php\/wp-json\/wp\/v2\/product\/877","targetHints":{"allow":["GET"]}}],"collection":[{"href":"https:\/\/chtululu.be\/index.php\/wp-json\/wp\/v2\/product"}],"about":[{"href":"https:\/\/chtululu.be\/index.php\/wp-json\/wp\/v2\/types\/product"}],"wp:featuredmedia":[{"embeddable":true,"href":"https:\/\/chtululu.be\/index.php\/wp-json\/wp\/v2\/media\/850"}],"wp:attachment":[{"href":"https:\/\/chtululu.be\/index.php\/wp-json\/wp\/v2\/media?parent=877"}],"wp:term":[{"taxonomy":"product_brand","embeddable":true,"href":"https:\/\/chtululu.be\/index.php\/wp-json\/wp\/v2\/product_brand?post=877"},{"taxonomy":"product_cat","embeddable":true,"href":"https:\/\/chtululu.be\/index.php\/wp-json\/wp\/v2\/product_cat?post=877"},{"taxonomy":"product_tag","embeddable":true,"href":"https:\/\/chtululu.be\/index.php\/wp-json\/wp\/v2\/product_tag?post=877"}],"curies":[{"name":"wp","href":"https:\/\/api.w.org\/{rel}","templated":true}]}}