{"id":875,"date":"2017-01-22T17:51:04","date_gmt":"2017-01-22T16:51:04","guid":{"rendered":"http:\/\/chtululu.be\/index.php\/produit\/la-clinique-du-docteur-h\/"},"modified":"2021-01-30T22:05:23","modified_gmt":"2021-01-30T21:05:23","slug":"la-clinique-du-docteur-h","status":"publish","type":"product","link":"https:\/\/chtululu.be\/index.php\/produit\/la-clinique-du-docteur-h\/","title":{"rendered":"La clinique du Docteur H"},"content":{"rendered":"","protected":false},"excerpt":{"rendered":"<p><strong>Clark Mary Higgins<\/strong><br \/>\nL&rsquo;h\u00e9ro\u00efne, Katie DeMaio, est une jeune, s\u00e9duisante et brillante adjointe au procureur dans une petite ville du New Jersey. Un accident de voiture mineur la conduit \u00e0 la clinique Westlake o\u00f9 elle aper\u00e7oit &#8211; ou croit apercevoir &#8211; au milieu de la nuit, une silhouette famili\u00e8re transportant un corps de femme inanim\u00e9e dans une voiture.<br \/>\nLorsque la femme est retrouv\u00e9e le lendemain morte dans son lit, pr\u00e9tendument victime d&rsquo;un suicide, Katie d\u00e9cide de d\u00e9couvrir la v\u00e9rit\u00e9, et met tr\u00e8s vite au jour les scandales et les peurs enfouis dans la vie de personnages en apparence parfaitement \u00e9quilibr\u00e9s et respectables.<br \/>\nParmi ceux-ci : le Dr Edgar Highley, un grand gyn\u00e9cologue qui semble capable d&rsquo;accomplir des miracles sur certaines de ses patientes, et dont la froideur distante cache peut-\u00eatre autre chose que son int\u00e9r\u00eat pour les probl\u00e8mes de maternit\u00e9&#8230;<\/p>\n","protected":false},"featured_media":866,"template":"","meta":{"_acf_changed":false,"_exactmetrics_skip_tracking":false,"_exactmetrics_sitenote_active":false,"_exactmetrics_sitenote_note":"","_exactmetrics_sitenote_category":0},"product_brand":[],"product_cat":[385],"product_tag":[84],"class_list":{"0":"post-875","1":"product","2":"type-product","3":"status-publish","4":"has-post-thumbnail","6":"product_cat-thrillers-policiers","7":"product_tag-clark-mary-higgins","9":"first","10":"instock","11":"sold-individually","12":"taxable","13":"shipping-taxable","14":"purchasable","15":"product-type-simple"},"acf":[],"yoast_head":"<!-- This site is optimized with the Yoast SEO plugin v26.6 - https:\/\/yoast.com\/wordpress\/plugins\/seo\/ -->\n<title>La clinique du Docteur H - Le Chtululu<\/title>\n<meta name=\"robots\" content=\"index, follow, max-snippet:-1, max-image-preview:large, max-video-preview:-1\" \/>\n<link rel=\"canonical\" href=\"https:\/\/chtululu.be\/index.php\/produit\/la-clinique-du-docteur-h\/\" \/>\n<meta property=\"og:locale\" content=\"fr_FR\" \/>\n<meta property=\"og:type\" content=\"article\" \/>\n<meta property=\"og:title\" content=\"La clinique du Docteur H - Le Chtululu\" \/>\n<meta property=\"og:description\" content=\"Clark Mary Higgins L&#039;h\u00e9ro\u00efne, Katie DeMaio, est une jeune, s\u00e9duisante et brillante adjointe au procureur dans une petite ville du New Jersey. Un accident de voiture mineur la conduit \u00e0 la clinique Westlake o\u00f9 elle aper\u00e7oit - ou croit apercevoir - au milieu de la nuit, une silhouette famili\u00e8re transportant un corps de femme inanim\u00e9e dans une voiture. Lorsque la femme est retrouv\u00e9e le lendemain morte dans son lit, pr\u00e9tendument victime d&#039;un suicide, Katie d\u00e9cide de d\u00e9couvrir la v\u00e9rit\u00e9, et met tr\u00e8s vite au jour les scandales et les peurs enfouis dans la vie de personnages en apparence parfaitement \u00e9quilibr\u00e9s et respectables. Parmi ceux-ci : le Dr Edgar Highley, un grand gyn\u00e9cologue qui semble capable d&#039;accomplir des miracles sur certaines de ses patientes, et dont la froideur distante cache peut-\u00eatre autre chose que son int\u00e9r\u00eat pour les probl\u00e8mes de maternit\u00e9...\" \/>\n<meta property=\"og:url\" content=\"https:\/\/chtululu.be\/index.php\/produit\/la-clinique-du-docteur-h\/\" \/>\n<meta property=\"og:site_name\" content=\"Le Chtululu\" \/>\n<meta property=\"article:modified_time\" content=\"2021-01-30T21:05:23+00:00\" \/>\n<meta property=\"og:image\" content=\"https:\/\/chtululu.be\/wp-content\/uploads\/2017\/01\/la-clinique-du-docteur-h.jpg\" \/>\n\t<meta property=\"og:image:width\" content=\"200\" \/>\n\t<meta property=\"og:image:height\" content=\"314\" \/>\n\t<meta property=\"og:image:type\" content=\"image\/jpeg\" \/>\n<meta name=\"twitter:card\" content=\"summary_large_image\" \/>\n<script type=\"application\/ld+json\" class=\"yoast-schema-graph\">{\"@context\":\"https:\/\/schema.org\",\"@graph\":[{\"@type\":\"WebPage\",\"@id\":\"https:\/\/chtululu.be\/index.php\/produit\/la-clinique-du-docteur-h\/\",\"url\":\"https:\/\/chtululu.be\/index.php\/produit\/la-clinique-du-docteur-h\/\",\"name\":\"La clinique du Docteur H - Le Chtululu\",\"isPartOf\":{\"@id\":\"https:\/\/chtululu.be\/#website\"},\"primaryImageOfPage\":{\"@id\":\"https:\/\/chtululu.be\/index.php\/produit\/la-clinique-du-docteur-h\/#primaryimage\"},\"image\":{\"@id\":\"https:\/\/chtululu.be\/index.php\/produit\/la-clinique-du-docteur-h\/#primaryimage\"},\"thumbnailUrl\":\"https:\/\/chtululu.be\/wp-content\/uploads\/2017\/01\/la-clinique-du-docteur-h.jpg\",\"datePublished\":\"2017-01-22T16:51:04+00:00\",\"dateModified\":\"2021-01-30T21:05:23+00:00\",\"breadcrumb\":{\"@id\":\"https:\/\/chtululu.be\/index.php\/produit\/la-clinique-du-docteur-h\/#breadcrumb\"},\"inLanguage\":\"fr-FR\",\"potentialAction\":[{\"@type\":\"ReadAction\",\"target\":[\"https:\/\/chtululu.be\/index.php\/produit\/la-clinique-du-docteur-h\/\"]}]},{\"@type\":\"ImageObject\",\"inLanguage\":\"fr-FR\",\"@id\":\"https:\/\/chtululu.be\/index.php\/produit\/la-clinique-du-docteur-h\/#primaryimage\",\"url\":\"https:\/\/chtululu.be\/wp-content\/uploads\/2017\/01\/la-clinique-du-docteur-h.jpg\",\"contentUrl\":\"https:\/\/chtululu.be\/wp-content\/uploads\/2017\/01\/la-clinique-du-docteur-h.jpg\",\"width\":200,\"height\":314},{\"@type\":\"BreadcrumbList\",\"@id\":\"https:\/\/chtululu.be\/index.php\/produit\/la-clinique-du-docteur-h\/#breadcrumb\",\"itemListElement\":[{\"@type\":\"ListItem\",\"position\":1,\"name\":\"Accueil\",\"item\":\"https:\/\/chtululu.be\/\"},{\"@type\":\"ListItem\",\"position\":2,\"name\":\"Les livres\",\"item\":\"https:\/\/chtululu.be\/index.php\/livres-doccasion\/\"},{\"@type\":\"ListItem\",\"position\":3,\"name\":\"La clinique du Docteur H\"}]},{\"@type\":\"WebSite\",\"@id\":\"https:\/\/chtululu.be\/#website\",\"url\":\"https:\/\/chtululu.be\/\",\"name\":\"Le Chtululu\",\"description\":\"Votre librairie de seconde main \u00e0 Soignies\",\"publisher\":{\"@id\":\"https:\/\/chtululu.be\/#organization\"},\"potentialAction\":[{\"@type\":\"SearchAction\",\"target\":{\"@type\":\"EntryPoint\",\"urlTemplate\":\"https:\/\/chtululu.be\/?s={search_term_string}\"},\"query-input\":{\"@type\":\"PropertyValueSpecification\",\"valueRequired\":true,\"valueName\":\"search_term_string\"}}],\"inLanguage\":\"fr-FR\"},{\"@type\":\"Organization\",\"@id\":\"https:\/\/chtululu.be\/#organization\",\"name\":\"Le Chtululu\",\"url\":\"https:\/\/chtululu.be\/\",\"logo\":{\"@type\":\"ImageObject\",\"inLanguage\":\"fr-FR\",\"@id\":\"https:\/\/chtululu.be\/#\/schema\/logo\/image\/\",\"url\":\"https:\/\/chtululu.be\/wp-content\/uploads\/2016\/05\/logo-def-blanc.jpg\",\"contentUrl\":\"https:\/\/chtululu.be\/wp-content\/uploads\/2016\/05\/logo-def-blanc.jpg\",\"width\":2048,\"height\":1901,\"caption\":\"Le Chtululu\"},\"image\":{\"@id\":\"https:\/\/chtululu.be\/#\/schema\/logo\/image\/\"}}]}<\/script>\n<!-- \/ Yoast SEO plugin. -->","yoast_head_json":{"title":"La clinique du Docteur H - Le Chtululu","robots":{"index":"index","follow":"follow","max-snippet":"max-snippet:-1","max-image-preview":"max-image-preview:large","max-video-preview":"max-video-preview:-1"},"canonical":"https:\/\/chtululu.be\/index.php\/produit\/la-clinique-du-docteur-h\/","og_locale":"fr_FR","og_type":"article","og_title":"La clinique du Docteur H - Le Chtululu","og_description":"Clark Mary Higgins L'h\u00e9ro\u00efne, Katie DeMaio, est une jeune, s\u00e9duisante et brillante adjointe au procureur dans une petite ville du New Jersey. Un accident de voiture mineur la conduit \u00e0 la clinique Westlake o\u00f9 elle aper\u00e7oit - ou croit apercevoir - au milieu de la nuit, une silhouette famili\u00e8re transportant un corps de femme inanim\u00e9e dans une voiture. Lorsque la femme est retrouv\u00e9e le lendemain morte dans son lit, pr\u00e9tendument victime d'un suicide, Katie d\u00e9cide de d\u00e9couvrir la v\u00e9rit\u00e9, et met tr\u00e8s vite au jour les scandales et les peurs enfouis dans la vie de personnages en apparence parfaitement \u00e9quilibr\u00e9s et respectables. Parmi ceux-ci : le Dr Edgar Highley, un grand gyn\u00e9cologue qui semble capable d'accomplir des miracles sur certaines de ses patientes, et dont la froideur distante cache peut-\u00eatre autre chose que son int\u00e9r\u00eat pour les probl\u00e8mes de maternit\u00e9...","og_url":"https:\/\/chtululu.be\/index.php\/produit\/la-clinique-du-docteur-h\/","og_site_name":"Le Chtululu","article_modified_time":"2021-01-30T21:05:23+00:00","og_image":[{"width":200,"height":314,"url":"https:\/\/chtululu.be\/wp-content\/uploads\/2017\/01\/la-clinique-du-docteur-h.jpg","type":"image\/jpeg"}],"twitter_card":"summary_large_image","schema":{"@context":"https:\/\/schema.org","@graph":[{"@type":"WebPage","@id":"https:\/\/chtululu.be\/index.php\/produit\/la-clinique-du-docteur-h\/","url":"https:\/\/chtululu.be\/index.php\/produit\/la-clinique-du-docteur-h\/","name":"La clinique du Docteur H - Le Chtululu","isPartOf":{"@id":"https:\/\/chtululu.be\/#website"},"primaryImageOfPage":{"@id":"https:\/\/chtululu.be\/index.php\/produit\/la-clinique-du-docteur-h\/#primaryimage"},"image":{"@id":"https:\/\/chtululu.be\/index.php\/produit\/la-clinique-du-docteur-h\/#primaryimage"},"thumbnailUrl":"https:\/\/chtululu.be\/wp-content\/uploads\/2017\/01\/la-clinique-du-docteur-h.jpg","datePublished":"2017-01-22T16:51:04+00:00","dateModified":"2021-01-30T21:05:23+00:00","breadcrumb":{"@id":"https:\/\/chtululu.be\/index.php\/produit\/la-clinique-du-docteur-h\/#breadcrumb"},"inLanguage":"fr-FR","potentialAction":[{"@type":"ReadAction","target":["https:\/\/chtululu.be\/index.php\/produit\/la-clinique-du-docteur-h\/"]}]},{"@type":"ImageObject","inLanguage":"fr-FR","@id":"https:\/\/chtululu.be\/index.php\/produit\/la-clinique-du-docteur-h\/#primaryimage","url":"https:\/\/chtululu.be\/wp-content\/uploads\/2017\/01\/la-clinique-du-docteur-h.jpg","contentUrl":"https:\/\/chtululu.be\/wp-content\/uploads\/2017\/01\/la-clinique-du-docteur-h.jpg","width":200,"height":314},{"@type":"BreadcrumbList","@id":"https:\/\/chtululu.be\/index.php\/produit\/la-clinique-du-docteur-h\/#breadcrumb","itemListElement":[{"@type":"ListItem","position":1,"name":"Accueil","item":"https:\/\/chtululu.be\/"},{"@type":"ListItem","position":2,"name":"Les livres","item":"https:\/\/chtululu.be\/index.php\/livres-doccasion\/"},{"@type":"ListItem","position":3,"name":"La clinique du Docteur H"}]},{"@type":"WebSite","@id":"https:\/\/chtululu.be\/#website","url":"https:\/\/chtululu.be\/","name":"Le Chtululu","description":"Votre librairie de seconde main \u00e0 Soignies","publisher":{"@id":"https:\/\/chtululu.be\/#organization"},"potentialAction":[{"@type":"SearchAction","target":{"@type":"EntryPoint","urlTemplate":"https:\/\/chtululu.be\/?s={search_term_string}"},"query-input":{"@type":"PropertyValueSpecification","valueRequired":true,"valueName":"search_term_string"}}],"inLanguage":"fr-FR"},{"@type":"Organization","@id":"https:\/\/chtululu.be\/#organization","name":"Le Chtululu","url":"https:\/\/chtululu.be\/","logo":{"@type":"ImageObject","inLanguage":"fr-FR","@id":"https:\/\/chtululu.be\/#\/schema\/logo\/image\/","url":"https:\/\/chtululu.be\/wp-content\/uploads\/2016\/05\/logo-def-blanc.jpg","contentUrl":"https:\/\/chtululu.be\/wp-content\/uploads\/2016\/05\/logo-def-blanc.jpg","width":2048,"height":1901,"caption":"Le Chtululu"},"image":{"@id":"https:\/\/chtululu.be\/#\/schema\/logo\/image\/"}}]}},"_links":{"self":[{"href":"https:\/\/chtululu.be\/index.php\/wp-json\/wp\/v2\/product\/875","targetHints":{"allow":["GET"]}}],"collection":[{"href":"https:\/\/chtululu.be\/index.php\/wp-json\/wp\/v2\/product"}],"about":[{"href":"https:\/\/chtululu.be\/index.php\/wp-json\/wp\/v2\/types\/product"}],"wp:featuredmedia":[{"embeddable":true,"href":"https:\/\/chtululu.be\/index.php\/wp-json\/wp\/v2\/media\/866"}],"wp:attachment":[{"href":"https:\/\/chtululu.be\/index.php\/wp-json\/wp\/v2\/media?parent=875"}],"wp:term":[{"taxonomy":"product_brand","embeddable":true,"href":"https:\/\/chtululu.be\/index.php\/wp-json\/wp\/v2\/product_brand?post=875"},{"taxonomy":"product_cat","embeddable":true,"href":"https:\/\/chtululu.be\/index.php\/wp-json\/wp\/v2\/product_cat?post=875"},{"taxonomy":"product_tag","embeddable":true,"href":"https:\/\/chtululu.be\/index.php\/wp-json\/wp\/v2\/product_tag?post=875"}],"curies":[{"name":"wp","href":"https:\/\/api.w.org\/{rel}","templated":true}]}}