{"id":871,"date":"2017-01-22T17:51:01","date_gmt":"2017-01-22T16:51:01","guid":{"rendered":"http:\/\/chtululu.be\/index.php\/produit\/laffaire-pelican\/"},"modified":"2021-01-30T22:06:35","modified_gmt":"2021-01-30T21:06:35","slug":"laffaire-pelican","status":"publish","type":"product","link":"https:\/\/chtululu.be\/index.php\/produit\/laffaire-pelican\/","title":{"rendered":"L&rsquo;affaire P\u00e9lican"},"content":{"rendered":"","protected":false},"excerpt":{"rendered":"<p><strong>Grisham John<\/strong><br \/>\nIl est six heures moins dix. Un flash sp\u00e9cial de NBC plonge l&rsquo;Am\u00e9rique dans la stupeur. Sans cravate, en cardigan marron, le pr\u00e9sident des Etats-Unis vient d&rsquo;annoncer la mort de Jensen et de Rosenberg, les deux plus hauts magistrats de la Cour supr\u00eame.<br \/>\nLa disparition, \u00e0 quelques heures d&rsquo;intervalle, de ces deux figures l\u00e9gendaires ne peut \u00eatre le fait d&rsquo;une co\u00efncidence. Or ni la CIA ni le FBI, qui ne disposent pas du moindre indice, ne savent par o\u00f9 commencer l&rsquo;enqu\u00eate.<br \/>\nSeule l&rsquo;intuition de Darby Shaw, brillante et opini\u00e2tre \u00e9tudiante en droit, permet d&rsquo;\u00e9tablir un lien fragile entre les deux assassinats. D\u00e8s lors, avec l&rsquo;aide d&rsquo;un journaliste du Washington Post, elle d\u00e9fie un ennemi invisible aux moyens illimit\u00e9s, un gouvernement soucieux d&rsquo;\u00e9touffer l&rsquo;affaire, et des tueurs pr\u00eats \u00e0 la liquider au premier faux pas.<\/p>\n","protected":false},"featured_media":867,"template":"","meta":{"_acf_changed":false,"_exactmetrics_skip_tracking":false,"_exactmetrics_sitenote_active":false,"_exactmetrics_sitenote_note":"","_exactmetrics_sitenote_category":0},"product_brand":[],"product_cat":[385],"product_tag":[155,159],"class_list":{"0":"post-871","1":"product","2":"type-product","3":"status-publish","4":"has-post-thumbnail","6":"product_cat-thrillers-policiers","7":"product_tag-adaptation-au-cinema","8":"product_tag-grisham-john","10":"first","11":"instock","12":"sold-individually","13":"taxable","14":"shipping-taxable","15":"purchasable","16":"product-type-simple"},"acf":[],"yoast_head":"<!-- This site is optimized with the Yoast SEO plugin v26.6 - https:\/\/yoast.com\/wordpress\/plugins\/seo\/ -->\n<title>L&#039;affaire P\u00e9lican - Le Chtululu<\/title>\n<meta name=\"robots\" content=\"index, follow, max-snippet:-1, max-image-preview:large, max-video-preview:-1\" \/>\n<link rel=\"canonical\" href=\"https:\/\/chtululu.be\/index.php\/produit\/laffaire-pelican\/\" \/>\n<meta property=\"og:locale\" content=\"fr_FR\" \/>\n<meta property=\"og:type\" content=\"article\" \/>\n<meta property=\"og:title\" content=\"L&#039;affaire P\u00e9lican - Le Chtululu\" \/>\n<meta property=\"og:description\" content=\"Grisham John Il est six heures moins dix. Un flash sp\u00e9cial de NBC plonge l&#039;Am\u00e9rique dans la stupeur. Sans cravate, en cardigan marron, le pr\u00e9sident des Etats-Unis vient d&#039;annoncer la mort de Jensen et de Rosenberg, les deux plus hauts magistrats de la Cour supr\u00eame. La disparition, \u00e0 quelques heures d&#039;intervalle, de ces deux figures l\u00e9gendaires ne peut \u00eatre le fait d&#039;une co\u00efncidence. Or ni la CIA ni le FBI, qui ne disposent pas du moindre indice, ne savent par o\u00f9 commencer l&#039;enqu\u00eate. Seule l&#039;intuition de Darby Shaw, brillante et opini\u00e2tre \u00e9tudiante en droit, permet d&#039;\u00e9tablir un lien fragile entre les deux assassinats. D\u00e8s lors, avec l&#039;aide d&#039;un journaliste du Washington Post, elle d\u00e9fie un ennemi invisible aux moyens illimit\u00e9s, un gouvernement soucieux d&#039;\u00e9touffer l&#039;affaire, et des tueurs pr\u00eats \u00e0 la liquider au premier faux pas.\" \/>\n<meta property=\"og:url\" content=\"https:\/\/chtululu.be\/index.php\/produit\/laffaire-pelican\/\" \/>\n<meta property=\"og:site_name\" content=\"Le Chtululu\" \/>\n<meta property=\"article:modified_time\" content=\"2021-01-30T21:06:35+00:00\" \/>\n<meta property=\"og:image\" content=\"https:\/\/chtululu.be\/wp-content\/uploads\/2017\/01\/Laffaire-Pelican.jpg\" \/>\n\t<meta property=\"og:image:width\" content=\"200\" \/>\n\t<meta property=\"og:image:height\" content=\"312\" \/>\n\t<meta property=\"og:image:type\" content=\"image\/jpeg\" \/>\n<meta name=\"twitter:card\" content=\"summary_large_image\" \/>\n<script type=\"application\/ld+json\" class=\"yoast-schema-graph\">{\"@context\":\"https:\/\/schema.org\",\"@graph\":[{\"@type\":\"WebPage\",\"@id\":\"https:\/\/chtululu.be\/index.php\/produit\/laffaire-pelican\/\",\"url\":\"https:\/\/chtululu.be\/index.php\/produit\/laffaire-pelican\/\",\"name\":\"L'affaire P\u00e9lican - Le Chtululu\",\"isPartOf\":{\"@id\":\"https:\/\/chtululu.be\/#website\"},\"primaryImageOfPage\":{\"@id\":\"https:\/\/chtululu.be\/index.php\/produit\/laffaire-pelican\/#primaryimage\"},\"image\":{\"@id\":\"https:\/\/chtululu.be\/index.php\/produit\/laffaire-pelican\/#primaryimage\"},\"thumbnailUrl\":\"https:\/\/chtululu.be\/wp-content\/uploads\/2017\/01\/Laffaire-Pelican.jpg\",\"datePublished\":\"2017-01-22T16:51:01+00:00\",\"dateModified\":\"2021-01-30T21:06:35+00:00\",\"breadcrumb\":{\"@id\":\"https:\/\/chtululu.be\/index.php\/produit\/laffaire-pelican\/#breadcrumb\"},\"inLanguage\":\"fr-FR\",\"potentialAction\":[{\"@type\":\"ReadAction\",\"target\":[\"https:\/\/chtululu.be\/index.php\/produit\/laffaire-pelican\/\"]}]},{\"@type\":\"ImageObject\",\"inLanguage\":\"fr-FR\",\"@id\":\"https:\/\/chtululu.be\/index.php\/produit\/laffaire-pelican\/#primaryimage\",\"url\":\"https:\/\/chtululu.be\/wp-content\/uploads\/2017\/01\/Laffaire-Pelican.jpg\",\"contentUrl\":\"https:\/\/chtululu.be\/wp-content\/uploads\/2017\/01\/Laffaire-Pelican.jpg\",\"width\":200,\"height\":312},{\"@type\":\"BreadcrumbList\",\"@id\":\"https:\/\/chtululu.be\/index.php\/produit\/laffaire-pelican\/#breadcrumb\",\"itemListElement\":[{\"@type\":\"ListItem\",\"position\":1,\"name\":\"Accueil\",\"item\":\"https:\/\/chtululu.be\/\"},{\"@type\":\"ListItem\",\"position\":2,\"name\":\"Les livres\",\"item\":\"https:\/\/chtululu.be\/index.php\/livres-doccasion\/\"},{\"@type\":\"ListItem\",\"position\":3,\"name\":\"L&rsquo;affaire P\u00e9lican\"}]},{\"@type\":\"WebSite\",\"@id\":\"https:\/\/chtululu.be\/#website\",\"url\":\"https:\/\/chtululu.be\/\",\"name\":\"Le Chtululu\",\"description\":\"Votre librairie de seconde main \u00e0 Soignies\",\"publisher\":{\"@id\":\"https:\/\/chtululu.be\/#organization\"},\"potentialAction\":[{\"@type\":\"SearchAction\",\"target\":{\"@type\":\"EntryPoint\",\"urlTemplate\":\"https:\/\/chtululu.be\/?s={search_term_string}\"},\"query-input\":{\"@type\":\"PropertyValueSpecification\",\"valueRequired\":true,\"valueName\":\"search_term_string\"}}],\"inLanguage\":\"fr-FR\"},{\"@type\":\"Organization\",\"@id\":\"https:\/\/chtululu.be\/#organization\",\"name\":\"Le Chtululu\",\"url\":\"https:\/\/chtululu.be\/\",\"logo\":{\"@type\":\"ImageObject\",\"inLanguage\":\"fr-FR\",\"@id\":\"https:\/\/chtululu.be\/#\/schema\/logo\/image\/\",\"url\":\"https:\/\/chtululu.be\/wp-content\/uploads\/2016\/05\/logo-def-blanc.jpg\",\"contentUrl\":\"https:\/\/chtululu.be\/wp-content\/uploads\/2016\/05\/logo-def-blanc.jpg\",\"width\":2048,\"height\":1901,\"caption\":\"Le Chtululu\"},\"image\":{\"@id\":\"https:\/\/chtululu.be\/#\/schema\/logo\/image\/\"}}]}<\/script>\n<!-- \/ Yoast SEO plugin. -->","yoast_head_json":{"title":"L'affaire P\u00e9lican - Le Chtululu","robots":{"index":"index","follow":"follow","max-snippet":"max-snippet:-1","max-image-preview":"max-image-preview:large","max-video-preview":"max-video-preview:-1"},"canonical":"https:\/\/chtululu.be\/index.php\/produit\/laffaire-pelican\/","og_locale":"fr_FR","og_type":"article","og_title":"L'affaire P\u00e9lican - Le Chtululu","og_description":"Grisham John Il est six heures moins dix. Un flash sp\u00e9cial de NBC plonge l'Am\u00e9rique dans la stupeur. Sans cravate, en cardigan marron, le pr\u00e9sident des Etats-Unis vient d'annoncer la mort de Jensen et de Rosenberg, les deux plus hauts magistrats de la Cour supr\u00eame. La disparition, \u00e0 quelques heures d'intervalle, de ces deux figures l\u00e9gendaires ne peut \u00eatre le fait d'une co\u00efncidence. Or ni la CIA ni le FBI, qui ne disposent pas du moindre indice, ne savent par o\u00f9 commencer l'enqu\u00eate. Seule l'intuition de Darby Shaw, brillante et opini\u00e2tre \u00e9tudiante en droit, permet d'\u00e9tablir un lien fragile entre les deux assassinats. D\u00e8s lors, avec l'aide d'un journaliste du Washington Post, elle d\u00e9fie un ennemi invisible aux moyens illimit\u00e9s, un gouvernement soucieux d'\u00e9touffer l'affaire, et des tueurs pr\u00eats \u00e0 la liquider au premier faux pas.","og_url":"https:\/\/chtululu.be\/index.php\/produit\/laffaire-pelican\/","og_site_name":"Le Chtululu","article_modified_time":"2021-01-30T21:06:35+00:00","og_image":[{"width":200,"height":312,"url":"https:\/\/chtululu.be\/wp-content\/uploads\/2017\/01\/Laffaire-Pelican.jpg","type":"image\/jpeg"}],"twitter_card":"summary_large_image","schema":{"@context":"https:\/\/schema.org","@graph":[{"@type":"WebPage","@id":"https:\/\/chtululu.be\/index.php\/produit\/laffaire-pelican\/","url":"https:\/\/chtululu.be\/index.php\/produit\/laffaire-pelican\/","name":"L'affaire P\u00e9lican - Le Chtululu","isPartOf":{"@id":"https:\/\/chtululu.be\/#website"},"primaryImageOfPage":{"@id":"https:\/\/chtululu.be\/index.php\/produit\/laffaire-pelican\/#primaryimage"},"image":{"@id":"https:\/\/chtululu.be\/index.php\/produit\/laffaire-pelican\/#primaryimage"},"thumbnailUrl":"https:\/\/chtululu.be\/wp-content\/uploads\/2017\/01\/Laffaire-Pelican.jpg","datePublished":"2017-01-22T16:51:01+00:00","dateModified":"2021-01-30T21:06:35+00:00","breadcrumb":{"@id":"https:\/\/chtululu.be\/index.php\/produit\/laffaire-pelican\/#breadcrumb"},"inLanguage":"fr-FR","potentialAction":[{"@type":"ReadAction","target":["https:\/\/chtululu.be\/index.php\/produit\/laffaire-pelican\/"]}]},{"@type":"ImageObject","inLanguage":"fr-FR","@id":"https:\/\/chtululu.be\/index.php\/produit\/laffaire-pelican\/#primaryimage","url":"https:\/\/chtululu.be\/wp-content\/uploads\/2017\/01\/Laffaire-Pelican.jpg","contentUrl":"https:\/\/chtululu.be\/wp-content\/uploads\/2017\/01\/Laffaire-Pelican.jpg","width":200,"height":312},{"@type":"BreadcrumbList","@id":"https:\/\/chtululu.be\/index.php\/produit\/laffaire-pelican\/#breadcrumb","itemListElement":[{"@type":"ListItem","position":1,"name":"Accueil","item":"https:\/\/chtululu.be\/"},{"@type":"ListItem","position":2,"name":"Les livres","item":"https:\/\/chtululu.be\/index.php\/livres-doccasion\/"},{"@type":"ListItem","position":3,"name":"L&rsquo;affaire P\u00e9lican"}]},{"@type":"WebSite","@id":"https:\/\/chtululu.be\/#website","url":"https:\/\/chtululu.be\/","name":"Le Chtululu","description":"Votre librairie de seconde main \u00e0 Soignies","publisher":{"@id":"https:\/\/chtululu.be\/#organization"},"potentialAction":[{"@type":"SearchAction","target":{"@type":"EntryPoint","urlTemplate":"https:\/\/chtululu.be\/?s={search_term_string}"},"query-input":{"@type":"PropertyValueSpecification","valueRequired":true,"valueName":"search_term_string"}}],"inLanguage":"fr-FR"},{"@type":"Organization","@id":"https:\/\/chtululu.be\/#organization","name":"Le Chtululu","url":"https:\/\/chtululu.be\/","logo":{"@type":"ImageObject","inLanguage":"fr-FR","@id":"https:\/\/chtululu.be\/#\/schema\/logo\/image\/","url":"https:\/\/chtululu.be\/wp-content\/uploads\/2016\/05\/logo-def-blanc.jpg","contentUrl":"https:\/\/chtululu.be\/wp-content\/uploads\/2016\/05\/logo-def-blanc.jpg","width":2048,"height":1901,"caption":"Le Chtululu"},"image":{"@id":"https:\/\/chtululu.be\/#\/schema\/logo\/image\/"}}]}},"_links":{"self":[{"href":"https:\/\/chtululu.be\/index.php\/wp-json\/wp\/v2\/product\/871","targetHints":{"allow":["GET"]}}],"collection":[{"href":"https:\/\/chtululu.be\/index.php\/wp-json\/wp\/v2\/product"}],"about":[{"href":"https:\/\/chtululu.be\/index.php\/wp-json\/wp\/v2\/types\/product"}],"wp:featuredmedia":[{"embeddable":true,"href":"https:\/\/chtululu.be\/index.php\/wp-json\/wp\/v2\/media\/867"}],"wp:attachment":[{"href":"https:\/\/chtululu.be\/index.php\/wp-json\/wp\/v2\/media?parent=871"}],"wp:term":[{"taxonomy":"product_brand","embeddable":true,"href":"https:\/\/chtululu.be\/index.php\/wp-json\/wp\/v2\/product_brand?post=871"},{"taxonomy":"product_cat","embeddable":true,"href":"https:\/\/chtululu.be\/index.php\/wp-json\/wp\/v2\/product_cat?post=871"},{"taxonomy":"product_tag","embeddable":true,"href":"https:\/\/chtululu.be\/index.php\/wp-json\/wp\/v2\/product_tag?post=871"}],"curies":[{"name":"wp","href":"https:\/\/api.w.org\/{rel}","templated":true}]}}