{"id":870,"date":"2017-01-22T17:51:01","date_gmt":"2017-01-22T16:51:01","guid":{"rendered":"http:\/\/chtululu.be\/index.php\/produit\/les-yeux-bleus-cheveux-noirs\/"},"modified":"2017-01-22T18:04:59","modified_gmt":"2017-01-22T17:04:59","slug":"les-yeux-bleus-cheveux-noirs","status":"publish","type":"product","link":"https:\/\/chtululu.be\/index.php\/produit\/les-yeux-bleus-cheveux-noirs\/","title":{"rendered":"Les yeux bleus Cheveux noirs"},"content":{"rendered":"","protected":false},"excerpt":{"rendered":"<p><strong>Duras Marguerite<\/strong><br \/>\nUne jeune femme au corps long et souple, un homme \u00e9l\u00e9gant, grand lui aussi. Ils se rencontrent ce soir-l\u00e0 dans un caf\u00e9 de la station baln\u00e9aire. Il est d\u00e9sesp\u00e9r\u00e9, \u00e0 cause de quelqu\u0092un qu\u0092il a vu par hasard le jour m\u00eame, qui \u00e9tait celui qu\u0092il attendait depuis toujours et qu\u0092il voulait revoir co\u00fbte que co\u00fbte : un jeune \u00e9tranger aux yeux bleus cheveux noirs. \u0093 Quelle co\u00efncidence \u0094, dit-elle.<\/p>\n<p>Il demande \u00e0 la jeune femme de venir dormir \u00e0 son c\u00f4t\u00e9, dans la chambre nue qu\u0092il habite face \u00e0 la mer ; il la paiera. Elle accepte. S\u0092ouvre alors une aventure intense et d\u00e9chirante qui va les conduire l\u0092un et l\u0092autre au bord de la folie et de la mort.<\/p>\n","protected":false},"featured_media":848,"template":"","meta":{"_acf_changed":false,"_exactmetrics_skip_tracking":false,"_exactmetrics_sitenote_active":false,"_exactmetrics_sitenote_note":"","_exactmetrics_sitenote_category":0},"product_brand":[],"product_cat":[24],"product_tag":[120],"class_list":{"0":"post-870","1":"product","2":"type-product","3":"status-publish","4":"has-post-thumbnail","6":"product_cat-roman","7":"product_tag-duras-marguerite","9":"first","10":"instock","11":"sold-individually","12":"taxable","13":"shipping-taxable","14":"purchasable","15":"product-type-simple"},"acf":[],"yoast_head":"<!-- This site is optimized with the Yoast SEO plugin v26.6 - https:\/\/yoast.com\/wordpress\/plugins\/seo\/ -->\n<title>Les yeux bleus Cheveux noirs - Le Chtululu<\/title>\n<meta name=\"robots\" content=\"index, follow, max-snippet:-1, max-image-preview:large, max-video-preview:-1\" \/>\n<link rel=\"canonical\" href=\"https:\/\/chtululu.be\/index.php\/produit\/les-yeux-bleus-cheveux-noirs\/\" \/>\n<meta property=\"og:locale\" content=\"fr_FR\" \/>\n<meta property=\"og:type\" content=\"article\" \/>\n<meta property=\"og:title\" content=\"Les yeux bleus Cheveux noirs - Le Chtululu\" \/>\n<meta property=\"og:description\" content=\"Duras Marguerite Une jeune femme au corps long et souple, un homme \u00e9l\u00e9gant, grand lui aussi. Ils se rencontrent ce soir-l\u00e0 dans un caf\u00e9 de la station baln\u00e9aire. Il est d\u00e9sesp\u00e9r\u00e9, \u00e0 cause de quelqu\u0092un qu\u0092il a vu par hasard le jour m\u00eame, qui \u00e9tait celui qu\u0092il attendait depuis toujours et qu\u0092il voulait revoir co\u00fbte que co\u00fbte : un jeune \u00e9tranger aux yeux bleus cheveux noirs. \u0093 Quelle co\u00efncidence \u0094, dit-elle.  Il demande \u00e0 la jeune femme de venir dormir \u00e0 son c\u00f4t\u00e9, dans la chambre nue qu\u0092il habite face \u00e0 la mer ; il la paiera. Elle accepte. S\u0092ouvre alors une aventure intense et d\u00e9chirante qui va les conduire l\u0092un et l\u0092autre au bord de la folie et de la mort.\" \/>\n<meta property=\"og:url\" content=\"https:\/\/chtululu.be\/index.php\/produit\/les-yeux-bleus-cheveux-noirs\/\" \/>\n<meta property=\"og:site_name\" content=\"Le Chtululu\" \/>\n<meta property=\"article:modified_time\" content=\"2017-01-22T17:04:59+00:00\" \/>\n<meta property=\"og:image\" content=\"https:\/\/chtululu.be\/wp-content\/uploads\/2017\/01\/Les-yeux-bleus-cheveux-noirs.jpg\" \/>\n\t<meta property=\"og:image:width\" content=\"200\" \/>\n\t<meta property=\"og:image:height\" content=\"313\" \/>\n\t<meta property=\"og:image:type\" content=\"image\/jpeg\" \/>\n<meta name=\"twitter:card\" content=\"summary_large_image\" \/>\n<script type=\"application\/ld+json\" class=\"yoast-schema-graph\">{\"@context\":\"https:\/\/schema.org\",\"@graph\":[{\"@type\":\"WebPage\",\"@id\":\"https:\/\/chtululu.be\/index.php\/produit\/les-yeux-bleus-cheveux-noirs\/\",\"url\":\"https:\/\/chtululu.be\/index.php\/produit\/les-yeux-bleus-cheveux-noirs\/\",\"name\":\"Les yeux bleus Cheveux noirs - Le Chtululu\",\"isPartOf\":{\"@id\":\"https:\/\/chtululu.be\/#website\"},\"primaryImageOfPage\":{\"@id\":\"https:\/\/chtululu.be\/index.php\/produit\/les-yeux-bleus-cheveux-noirs\/#primaryimage\"},\"image\":{\"@id\":\"https:\/\/chtululu.be\/index.php\/produit\/les-yeux-bleus-cheveux-noirs\/#primaryimage\"},\"thumbnailUrl\":\"https:\/\/chtululu.be\/wp-content\/uploads\/2017\/01\/Les-yeux-bleus-cheveux-noirs.jpg\",\"datePublished\":\"2017-01-22T16:51:01+00:00\",\"dateModified\":\"2017-01-22T17:04:59+00:00\",\"breadcrumb\":{\"@id\":\"https:\/\/chtululu.be\/index.php\/produit\/les-yeux-bleus-cheveux-noirs\/#breadcrumb\"},\"inLanguage\":\"fr-FR\",\"potentialAction\":[{\"@type\":\"ReadAction\",\"target\":[\"https:\/\/chtululu.be\/index.php\/produit\/les-yeux-bleus-cheveux-noirs\/\"]}]},{\"@type\":\"ImageObject\",\"inLanguage\":\"fr-FR\",\"@id\":\"https:\/\/chtululu.be\/index.php\/produit\/les-yeux-bleus-cheveux-noirs\/#primaryimage\",\"url\":\"https:\/\/chtululu.be\/wp-content\/uploads\/2017\/01\/Les-yeux-bleus-cheveux-noirs.jpg\",\"contentUrl\":\"https:\/\/chtululu.be\/wp-content\/uploads\/2017\/01\/Les-yeux-bleus-cheveux-noirs.jpg\",\"width\":200,\"height\":313},{\"@type\":\"BreadcrumbList\",\"@id\":\"https:\/\/chtululu.be\/index.php\/produit\/les-yeux-bleus-cheveux-noirs\/#breadcrumb\",\"itemListElement\":[{\"@type\":\"ListItem\",\"position\":1,\"name\":\"Accueil\",\"item\":\"https:\/\/chtululu.be\/\"},{\"@type\":\"ListItem\",\"position\":2,\"name\":\"Les livres\",\"item\":\"https:\/\/chtululu.be\/index.php\/livres-doccasion\/\"},{\"@type\":\"ListItem\",\"position\":3,\"name\":\"Les yeux bleus Cheveux noirs\"}]},{\"@type\":\"WebSite\",\"@id\":\"https:\/\/chtululu.be\/#website\",\"url\":\"https:\/\/chtululu.be\/\",\"name\":\"Le Chtululu\",\"description\":\"Votre librairie de seconde main \u00e0 Soignies\",\"publisher\":{\"@id\":\"https:\/\/chtululu.be\/#organization\"},\"potentialAction\":[{\"@type\":\"SearchAction\",\"target\":{\"@type\":\"EntryPoint\",\"urlTemplate\":\"https:\/\/chtululu.be\/?s={search_term_string}\"},\"query-input\":{\"@type\":\"PropertyValueSpecification\",\"valueRequired\":true,\"valueName\":\"search_term_string\"}}],\"inLanguage\":\"fr-FR\"},{\"@type\":\"Organization\",\"@id\":\"https:\/\/chtululu.be\/#organization\",\"name\":\"Le Chtululu\",\"url\":\"https:\/\/chtululu.be\/\",\"logo\":{\"@type\":\"ImageObject\",\"inLanguage\":\"fr-FR\",\"@id\":\"https:\/\/chtululu.be\/#\/schema\/logo\/image\/\",\"url\":\"https:\/\/chtululu.be\/wp-content\/uploads\/2016\/05\/logo-def-blanc.jpg\",\"contentUrl\":\"https:\/\/chtululu.be\/wp-content\/uploads\/2016\/05\/logo-def-blanc.jpg\",\"width\":2048,\"height\":1901,\"caption\":\"Le Chtululu\"},\"image\":{\"@id\":\"https:\/\/chtululu.be\/#\/schema\/logo\/image\/\"}}]}<\/script>\n<!-- \/ Yoast SEO plugin. -->","yoast_head_json":{"title":"Les yeux bleus Cheveux noirs - Le Chtululu","robots":{"index":"index","follow":"follow","max-snippet":"max-snippet:-1","max-image-preview":"max-image-preview:large","max-video-preview":"max-video-preview:-1"},"canonical":"https:\/\/chtululu.be\/index.php\/produit\/les-yeux-bleus-cheveux-noirs\/","og_locale":"fr_FR","og_type":"article","og_title":"Les yeux bleus Cheveux noirs - Le Chtululu","og_description":"Duras Marguerite Une jeune femme au corps long et souple, un homme \u00e9l\u00e9gant, grand lui aussi. Ils se rencontrent ce soir-l\u00e0 dans un caf\u00e9 de la station baln\u00e9aire. Il est d\u00e9sesp\u00e9r\u00e9, \u00e0 cause de quelqu\u0092un qu\u0092il a vu par hasard le jour m\u00eame, qui \u00e9tait celui qu\u0092il attendait depuis toujours et qu\u0092il voulait revoir co\u00fbte que co\u00fbte : un jeune \u00e9tranger aux yeux bleus cheveux noirs. \u0093 Quelle co\u00efncidence \u0094, dit-elle.  Il demande \u00e0 la jeune femme de venir dormir \u00e0 son c\u00f4t\u00e9, dans la chambre nue qu\u0092il habite face \u00e0 la mer ; il la paiera. Elle accepte. S\u0092ouvre alors une aventure intense et d\u00e9chirante qui va les conduire l\u0092un et l\u0092autre au bord de la folie et de la mort.","og_url":"https:\/\/chtululu.be\/index.php\/produit\/les-yeux-bleus-cheveux-noirs\/","og_site_name":"Le Chtululu","article_modified_time":"2017-01-22T17:04:59+00:00","og_image":[{"width":200,"height":313,"url":"https:\/\/chtululu.be\/wp-content\/uploads\/2017\/01\/Les-yeux-bleus-cheveux-noirs.jpg","type":"image\/jpeg"}],"twitter_card":"summary_large_image","schema":{"@context":"https:\/\/schema.org","@graph":[{"@type":"WebPage","@id":"https:\/\/chtululu.be\/index.php\/produit\/les-yeux-bleus-cheveux-noirs\/","url":"https:\/\/chtululu.be\/index.php\/produit\/les-yeux-bleus-cheveux-noirs\/","name":"Les yeux bleus Cheveux noirs - Le Chtululu","isPartOf":{"@id":"https:\/\/chtululu.be\/#website"},"primaryImageOfPage":{"@id":"https:\/\/chtululu.be\/index.php\/produit\/les-yeux-bleus-cheveux-noirs\/#primaryimage"},"image":{"@id":"https:\/\/chtululu.be\/index.php\/produit\/les-yeux-bleus-cheveux-noirs\/#primaryimage"},"thumbnailUrl":"https:\/\/chtululu.be\/wp-content\/uploads\/2017\/01\/Les-yeux-bleus-cheveux-noirs.jpg","datePublished":"2017-01-22T16:51:01+00:00","dateModified":"2017-01-22T17:04:59+00:00","breadcrumb":{"@id":"https:\/\/chtululu.be\/index.php\/produit\/les-yeux-bleus-cheveux-noirs\/#breadcrumb"},"inLanguage":"fr-FR","potentialAction":[{"@type":"ReadAction","target":["https:\/\/chtululu.be\/index.php\/produit\/les-yeux-bleus-cheveux-noirs\/"]}]},{"@type":"ImageObject","inLanguage":"fr-FR","@id":"https:\/\/chtululu.be\/index.php\/produit\/les-yeux-bleus-cheveux-noirs\/#primaryimage","url":"https:\/\/chtululu.be\/wp-content\/uploads\/2017\/01\/Les-yeux-bleus-cheveux-noirs.jpg","contentUrl":"https:\/\/chtululu.be\/wp-content\/uploads\/2017\/01\/Les-yeux-bleus-cheveux-noirs.jpg","width":200,"height":313},{"@type":"BreadcrumbList","@id":"https:\/\/chtululu.be\/index.php\/produit\/les-yeux-bleus-cheveux-noirs\/#breadcrumb","itemListElement":[{"@type":"ListItem","position":1,"name":"Accueil","item":"https:\/\/chtululu.be\/"},{"@type":"ListItem","position":2,"name":"Les livres","item":"https:\/\/chtululu.be\/index.php\/livres-doccasion\/"},{"@type":"ListItem","position":3,"name":"Les yeux bleus Cheveux noirs"}]},{"@type":"WebSite","@id":"https:\/\/chtululu.be\/#website","url":"https:\/\/chtululu.be\/","name":"Le Chtululu","description":"Votre librairie de seconde main \u00e0 Soignies","publisher":{"@id":"https:\/\/chtululu.be\/#organization"},"potentialAction":[{"@type":"SearchAction","target":{"@type":"EntryPoint","urlTemplate":"https:\/\/chtululu.be\/?s={search_term_string}"},"query-input":{"@type":"PropertyValueSpecification","valueRequired":true,"valueName":"search_term_string"}}],"inLanguage":"fr-FR"},{"@type":"Organization","@id":"https:\/\/chtululu.be\/#organization","name":"Le Chtululu","url":"https:\/\/chtululu.be\/","logo":{"@type":"ImageObject","inLanguage":"fr-FR","@id":"https:\/\/chtululu.be\/#\/schema\/logo\/image\/","url":"https:\/\/chtululu.be\/wp-content\/uploads\/2016\/05\/logo-def-blanc.jpg","contentUrl":"https:\/\/chtululu.be\/wp-content\/uploads\/2016\/05\/logo-def-blanc.jpg","width":2048,"height":1901,"caption":"Le Chtululu"},"image":{"@id":"https:\/\/chtululu.be\/#\/schema\/logo\/image\/"}}]}},"_links":{"self":[{"href":"https:\/\/chtululu.be\/index.php\/wp-json\/wp\/v2\/product\/870","targetHints":{"allow":["GET"]}}],"collection":[{"href":"https:\/\/chtululu.be\/index.php\/wp-json\/wp\/v2\/product"}],"about":[{"href":"https:\/\/chtululu.be\/index.php\/wp-json\/wp\/v2\/types\/product"}],"wp:featuredmedia":[{"embeddable":true,"href":"https:\/\/chtululu.be\/index.php\/wp-json\/wp\/v2\/media\/848"}],"wp:attachment":[{"href":"https:\/\/chtululu.be\/index.php\/wp-json\/wp\/v2\/media?parent=870"}],"wp:term":[{"taxonomy":"product_brand","embeddable":true,"href":"https:\/\/chtululu.be\/index.php\/wp-json\/wp\/v2\/product_brand?post=870"},{"taxonomy":"product_cat","embeddable":true,"href":"https:\/\/chtululu.be\/index.php\/wp-json\/wp\/v2\/product_cat?post=870"},{"taxonomy":"product_tag","embeddable":true,"href":"https:\/\/chtululu.be\/index.php\/wp-json\/wp\/v2\/product_tag?post=870"}],"curies":[{"name":"wp","href":"https:\/\/api.w.org\/{rel}","templated":true}]}}