{"id":869,"date":"2017-01-22T17:51:00","date_gmt":"2017-01-22T16:51:00","guid":{"rendered":"http:\/\/chtululu.be\/index.php\/produit\/la-camarguaise\/"},"modified":"2017-01-22T18:05:36","modified_gmt":"2017-01-22T17:05:36","slug":"la-camarguaise","status":"publish","type":"product","link":"https:\/\/chtululu.be\/index.php\/produit\/la-camarguaise\/","title":{"rendered":"La camarguaise"},"content":{"rendered":"","protected":false},"excerpt":{"rendered":"<p><strong>Bourdin Fran\u00e7oise<\/strong><br \/>\n\u00c0 la mort de Fran\u00e7ois Valence, sa petite-fille Jordane a repris en main la destin\u00e9e du Biloba, la bastide familiale en plein coeur des somptueux paysages de Camargue. Mais comment la seule exploitation des champs d&rsquo;iris, des moutons m\u00e9rinos et des chevaux andalous pourrait-elle sauver de la ruine un si lourd h\u00e9ritage ?<br \/>\nD\u00e9chir\u00e9e \u00e0 l&rsquo;id\u00e9e de perdre son domaine guett\u00e9 par les huissiers, mais trop fi\u00e8re pour accepter l&rsquo;aide de Lionel, son mari dont elle est s\u00e9par\u00e9e, la jeune femme d\u00e9cide de transformer le Biloba en h\u00f4tel de luxe : un choix douloureux, violemment critiqu\u00e9 par son entourage. Au sein des dynasties arl\u00e9siennes, on n&rsquo;aime gu\u00e8re les touristes&#8230;<br \/>\nTandis que des intrigues se nouent autour du devenir du Biloba, la beaut\u00e9 et la fougue de Jordane font tourner les t\u00eates et chavirer les coeurs : celui de Lionel, qui n&rsquo;a pas perdu espoir de la reconqu\u00e9rir, mais aussi celui de deux hommes, deux fr\u00e8res que tout s\u00e9pare, et qui vont se disputer son amour&#8230;<\/p>\n","protected":false},"featured_media":865,"template":"","meta":{"_acf_changed":false,"_exactmetrics_skip_tracking":false,"_exactmetrics_sitenote_active":false,"_exactmetrics_sitenote_note":"","_exactmetrics_sitenote_category":0},"product_brand":[],"product_cat":[24],"product_tag":[65],"class_list":{"0":"post-869","1":"product","2":"type-product","3":"status-publish","4":"has-post-thumbnail","6":"product_cat-roman","7":"product_tag-bourdin-francoise","9":"first","10":"instock","11":"sold-individually","12":"taxable","13":"shipping-taxable","14":"purchasable","15":"product-type-simple"},"acf":[],"yoast_head":"<!-- This site is optimized with the Yoast SEO plugin v26.6 - https:\/\/yoast.com\/wordpress\/plugins\/seo\/ -->\n<title>La camarguaise - Le Chtululu<\/title>\n<meta name=\"robots\" content=\"index, follow, max-snippet:-1, max-image-preview:large, max-video-preview:-1\" \/>\n<link rel=\"canonical\" href=\"https:\/\/chtululu.be\/index.php\/produit\/la-camarguaise\/\" \/>\n<meta property=\"og:locale\" content=\"fr_FR\" \/>\n<meta property=\"og:type\" content=\"article\" \/>\n<meta property=\"og:title\" content=\"La camarguaise - Le Chtululu\" \/>\n<meta property=\"og:description\" content=\"Bourdin Fran\u00e7oise \u00c0 la mort de Fran\u00e7ois Valence, sa petite-fille Jordane a repris en main la destin\u00e9e du Biloba, la bastide familiale en plein coeur des somptueux paysages de Camargue. Mais comment la seule exploitation des champs d&#039;iris, des moutons m\u00e9rinos et des chevaux andalous pourrait-elle sauver de la ruine un si lourd h\u00e9ritage ? D\u00e9chir\u00e9e \u00e0 l&#039;id\u00e9e de perdre son domaine guett\u00e9 par les huissiers, mais trop fi\u00e8re pour accepter l&#039;aide de Lionel, son mari dont elle est s\u00e9par\u00e9e, la jeune femme d\u00e9cide de transformer le Biloba en h\u00f4tel de luxe : un choix douloureux, violemment critiqu\u00e9 par son entourage. Au sein des dynasties arl\u00e9siennes, on n&#039;aime gu\u00e8re les touristes... Tandis que des intrigues se nouent autour du devenir du Biloba, la beaut\u00e9 et la fougue de Jordane font tourner les t\u00eates et chavirer les coeurs : celui de Lionel, qui n&#039;a pas perdu espoir de la reconqu\u00e9rir, mais aussi celui de deux hommes, deux fr\u00e8res que tout s\u00e9pare, et qui vont se disputer son amour...\" \/>\n<meta property=\"og:url\" content=\"https:\/\/chtululu.be\/index.php\/produit\/la-camarguaise\/\" \/>\n<meta property=\"og:site_name\" content=\"Le Chtululu\" \/>\n<meta property=\"article:modified_time\" content=\"2017-01-22T17:05:36+00:00\" \/>\n<meta property=\"og:image\" content=\"https:\/\/chtululu.be\/wp-content\/uploads\/2017\/01\/La_camarguaise.jpg\" \/>\n\t<meta property=\"og:image:width\" content=\"200\" \/>\n\t<meta property=\"og:image:height\" content=\"317\" \/>\n\t<meta property=\"og:image:type\" content=\"image\/jpeg\" \/>\n<meta name=\"twitter:card\" content=\"summary_large_image\" \/>\n<script type=\"application\/ld+json\" class=\"yoast-schema-graph\">{\"@context\":\"https:\/\/schema.org\",\"@graph\":[{\"@type\":\"WebPage\",\"@id\":\"https:\/\/chtululu.be\/index.php\/produit\/la-camarguaise\/\",\"url\":\"https:\/\/chtululu.be\/index.php\/produit\/la-camarguaise\/\",\"name\":\"La camarguaise - Le Chtululu\",\"isPartOf\":{\"@id\":\"https:\/\/chtululu.be\/#website\"},\"primaryImageOfPage\":{\"@id\":\"https:\/\/chtululu.be\/index.php\/produit\/la-camarguaise\/#primaryimage\"},\"image\":{\"@id\":\"https:\/\/chtululu.be\/index.php\/produit\/la-camarguaise\/#primaryimage\"},\"thumbnailUrl\":\"https:\/\/chtululu.be\/wp-content\/uploads\/2017\/01\/La_camarguaise.jpg\",\"datePublished\":\"2017-01-22T16:51:00+00:00\",\"dateModified\":\"2017-01-22T17:05:36+00:00\",\"breadcrumb\":{\"@id\":\"https:\/\/chtululu.be\/index.php\/produit\/la-camarguaise\/#breadcrumb\"},\"inLanguage\":\"fr-FR\",\"potentialAction\":[{\"@type\":\"ReadAction\",\"target\":[\"https:\/\/chtululu.be\/index.php\/produit\/la-camarguaise\/\"]}]},{\"@type\":\"ImageObject\",\"inLanguage\":\"fr-FR\",\"@id\":\"https:\/\/chtululu.be\/index.php\/produit\/la-camarguaise\/#primaryimage\",\"url\":\"https:\/\/chtululu.be\/wp-content\/uploads\/2017\/01\/La_camarguaise.jpg\",\"contentUrl\":\"https:\/\/chtululu.be\/wp-content\/uploads\/2017\/01\/La_camarguaise.jpg\",\"width\":200,\"height\":317},{\"@type\":\"BreadcrumbList\",\"@id\":\"https:\/\/chtululu.be\/index.php\/produit\/la-camarguaise\/#breadcrumb\",\"itemListElement\":[{\"@type\":\"ListItem\",\"position\":1,\"name\":\"Accueil\",\"item\":\"https:\/\/chtululu.be\/\"},{\"@type\":\"ListItem\",\"position\":2,\"name\":\"Les livres\",\"item\":\"https:\/\/chtululu.be\/index.php\/livres-doccasion\/\"},{\"@type\":\"ListItem\",\"position\":3,\"name\":\"La camarguaise\"}]},{\"@type\":\"WebSite\",\"@id\":\"https:\/\/chtululu.be\/#website\",\"url\":\"https:\/\/chtululu.be\/\",\"name\":\"Le Chtululu\",\"description\":\"Votre librairie de seconde main \u00e0 Soignies\",\"publisher\":{\"@id\":\"https:\/\/chtululu.be\/#organization\"},\"potentialAction\":[{\"@type\":\"SearchAction\",\"target\":{\"@type\":\"EntryPoint\",\"urlTemplate\":\"https:\/\/chtululu.be\/?s={search_term_string}\"},\"query-input\":{\"@type\":\"PropertyValueSpecification\",\"valueRequired\":true,\"valueName\":\"search_term_string\"}}],\"inLanguage\":\"fr-FR\"},{\"@type\":\"Organization\",\"@id\":\"https:\/\/chtululu.be\/#organization\",\"name\":\"Le Chtululu\",\"url\":\"https:\/\/chtululu.be\/\",\"logo\":{\"@type\":\"ImageObject\",\"inLanguage\":\"fr-FR\",\"@id\":\"https:\/\/chtululu.be\/#\/schema\/logo\/image\/\",\"url\":\"https:\/\/chtululu.be\/wp-content\/uploads\/2016\/05\/logo-def-blanc.jpg\",\"contentUrl\":\"https:\/\/chtululu.be\/wp-content\/uploads\/2016\/05\/logo-def-blanc.jpg\",\"width\":2048,\"height\":1901,\"caption\":\"Le Chtululu\"},\"image\":{\"@id\":\"https:\/\/chtululu.be\/#\/schema\/logo\/image\/\"}}]}<\/script>\n<!-- \/ Yoast SEO plugin. -->","yoast_head_json":{"title":"La camarguaise - Le Chtululu","robots":{"index":"index","follow":"follow","max-snippet":"max-snippet:-1","max-image-preview":"max-image-preview:large","max-video-preview":"max-video-preview:-1"},"canonical":"https:\/\/chtululu.be\/index.php\/produit\/la-camarguaise\/","og_locale":"fr_FR","og_type":"article","og_title":"La camarguaise - Le Chtululu","og_description":"Bourdin Fran\u00e7oise \u00c0 la mort de Fran\u00e7ois Valence, sa petite-fille Jordane a repris en main la destin\u00e9e du Biloba, la bastide familiale en plein coeur des somptueux paysages de Camargue. Mais comment la seule exploitation des champs d'iris, des moutons m\u00e9rinos et des chevaux andalous pourrait-elle sauver de la ruine un si lourd h\u00e9ritage ? D\u00e9chir\u00e9e \u00e0 l'id\u00e9e de perdre son domaine guett\u00e9 par les huissiers, mais trop fi\u00e8re pour accepter l'aide de Lionel, son mari dont elle est s\u00e9par\u00e9e, la jeune femme d\u00e9cide de transformer le Biloba en h\u00f4tel de luxe : un choix douloureux, violemment critiqu\u00e9 par son entourage. Au sein des dynasties arl\u00e9siennes, on n'aime gu\u00e8re les touristes... Tandis que des intrigues se nouent autour du devenir du Biloba, la beaut\u00e9 et la fougue de Jordane font tourner les t\u00eates et chavirer les coeurs : celui de Lionel, qui n'a pas perdu espoir de la reconqu\u00e9rir, mais aussi celui de deux hommes, deux fr\u00e8res que tout s\u00e9pare, et qui vont se disputer son amour...","og_url":"https:\/\/chtululu.be\/index.php\/produit\/la-camarguaise\/","og_site_name":"Le Chtululu","article_modified_time":"2017-01-22T17:05:36+00:00","og_image":[{"width":200,"height":317,"url":"https:\/\/chtululu.be\/wp-content\/uploads\/2017\/01\/La_camarguaise.jpg","type":"image\/jpeg"}],"twitter_card":"summary_large_image","schema":{"@context":"https:\/\/schema.org","@graph":[{"@type":"WebPage","@id":"https:\/\/chtululu.be\/index.php\/produit\/la-camarguaise\/","url":"https:\/\/chtululu.be\/index.php\/produit\/la-camarguaise\/","name":"La camarguaise - Le Chtululu","isPartOf":{"@id":"https:\/\/chtululu.be\/#website"},"primaryImageOfPage":{"@id":"https:\/\/chtululu.be\/index.php\/produit\/la-camarguaise\/#primaryimage"},"image":{"@id":"https:\/\/chtululu.be\/index.php\/produit\/la-camarguaise\/#primaryimage"},"thumbnailUrl":"https:\/\/chtululu.be\/wp-content\/uploads\/2017\/01\/La_camarguaise.jpg","datePublished":"2017-01-22T16:51:00+00:00","dateModified":"2017-01-22T17:05:36+00:00","breadcrumb":{"@id":"https:\/\/chtululu.be\/index.php\/produit\/la-camarguaise\/#breadcrumb"},"inLanguage":"fr-FR","potentialAction":[{"@type":"ReadAction","target":["https:\/\/chtululu.be\/index.php\/produit\/la-camarguaise\/"]}]},{"@type":"ImageObject","inLanguage":"fr-FR","@id":"https:\/\/chtululu.be\/index.php\/produit\/la-camarguaise\/#primaryimage","url":"https:\/\/chtululu.be\/wp-content\/uploads\/2017\/01\/La_camarguaise.jpg","contentUrl":"https:\/\/chtululu.be\/wp-content\/uploads\/2017\/01\/La_camarguaise.jpg","width":200,"height":317},{"@type":"BreadcrumbList","@id":"https:\/\/chtululu.be\/index.php\/produit\/la-camarguaise\/#breadcrumb","itemListElement":[{"@type":"ListItem","position":1,"name":"Accueil","item":"https:\/\/chtululu.be\/"},{"@type":"ListItem","position":2,"name":"Les livres","item":"https:\/\/chtululu.be\/index.php\/livres-doccasion\/"},{"@type":"ListItem","position":3,"name":"La camarguaise"}]},{"@type":"WebSite","@id":"https:\/\/chtululu.be\/#website","url":"https:\/\/chtululu.be\/","name":"Le Chtululu","description":"Votre librairie de seconde main \u00e0 Soignies","publisher":{"@id":"https:\/\/chtululu.be\/#organization"},"potentialAction":[{"@type":"SearchAction","target":{"@type":"EntryPoint","urlTemplate":"https:\/\/chtululu.be\/?s={search_term_string}"},"query-input":{"@type":"PropertyValueSpecification","valueRequired":true,"valueName":"search_term_string"}}],"inLanguage":"fr-FR"},{"@type":"Organization","@id":"https:\/\/chtululu.be\/#organization","name":"Le Chtululu","url":"https:\/\/chtululu.be\/","logo":{"@type":"ImageObject","inLanguage":"fr-FR","@id":"https:\/\/chtululu.be\/#\/schema\/logo\/image\/","url":"https:\/\/chtululu.be\/wp-content\/uploads\/2016\/05\/logo-def-blanc.jpg","contentUrl":"https:\/\/chtululu.be\/wp-content\/uploads\/2016\/05\/logo-def-blanc.jpg","width":2048,"height":1901,"caption":"Le Chtululu"},"image":{"@id":"https:\/\/chtululu.be\/#\/schema\/logo\/image\/"}}]}},"_links":{"self":[{"href":"https:\/\/chtululu.be\/index.php\/wp-json\/wp\/v2\/product\/869","targetHints":{"allow":["GET"]}}],"collection":[{"href":"https:\/\/chtululu.be\/index.php\/wp-json\/wp\/v2\/product"}],"about":[{"href":"https:\/\/chtululu.be\/index.php\/wp-json\/wp\/v2\/types\/product"}],"wp:featuredmedia":[{"embeddable":true,"href":"https:\/\/chtululu.be\/index.php\/wp-json\/wp\/v2\/media\/865"}],"wp:attachment":[{"href":"https:\/\/chtululu.be\/index.php\/wp-json\/wp\/v2\/media?parent=869"}],"wp:term":[{"taxonomy":"product_brand","embeddable":true,"href":"https:\/\/chtululu.be\/index.php\/wp-json\/wp\/v2\/product_brand?post=869"},{"taxonomy":"product_cat","embeddable":true,"href":"https:\/\/chtululu.be\/index.php\/wp-json\/wp\/v2\/product_cat?post=869"},{"taxonomy":"product_tag","embeddable":true,"href":"https:\/\/chtululu.be\/index.php\/wp-json\/wp\/v2\/product_tag?post=869"}],"curies":[{"name":"wp","href":"https:\/\/api.w.org\/{rel}","templated":true}]}}