{"id":835,"date":"2017-01-21T11:34:09","date_gmt":"2017-01-21T10:34:09","guid":{"rendered":"http:\/\/chtululu.be\/index.php\/produit\/les-enfants-des-justes\/"},"modified":"2017-01-21T11:42:54","modified_gmt":"2017-01-21T10:42:54","slug":"les-enfants-des-justes","status":"publish","type":"product","link":"https:\/\/chtululu.be\/index.php\/produit\/les-enfants-des-justes\/","title":{"rendered":"Les Enfants des Justes"},"content":{"rendered":"","protected":false},"excerpt":{"rendered":"<p><strong>Signol Christian<\/strong><br \/>\nEn 1942, dans le d\u00e9partement de la Dordogne, la ligne de d\u00e9marcation croise le cours de l\u0092Isle. La ferme des Laborie est \u00e0 deux pas de la rivi\u00e8re et Virgile, n\u0092\u00e9coutant que son coeur, ne refuse jamais sa barque \u00e0 ceux qui tentent de passer en zone libre.<br \/>\nLorsqu&rsquo;on propose \u00e0 Virgile et \u00e0 Victoria qui n\u0092ont jamais pu avoir d\u0092enfants, de cacher Sarah et Elie, deux gamins juifs perdus dans la tourmente, ils accueillent les petits r\u00e9fugi\u00e9s comme un don du ciel. Au fil des jours, malgr\u00e9 les trahisons, les d\u00e9nonciations, les contr\u00f4les incessants, la R\u00e9sistance s\u0092organise dans le P\u00e9rigord jusqu\u0092aux reflux des troupes allemandes dans le sang et la terreur.<\/p>\n","protected":false},"featured_media":840,"template":"","meta":{"_acf_changed":false,"_exactmetrics_skip_tracking":false,"_exactmetrics_sitenote_active":false,"_exactmetrics_sitenote_note":"","_exactmetrics_sitenote_category":0},"product_brand":[],"product_cat":[24],"product_tag":[240],"class_list":{"0":"post-835","1":"product","2":"type-product","3":"status-publish","4":"has-post-thumbnail","6":"product_cat-roman","7":"product_tag-signol-christian","9":"first","10":"instock","11":"sold-individually","12":"taxable","13":"shipping-taxable","14":"purchasable","15":"product-type-simple"},"acf":[],"yoast_head":"<!-- This site is optimized with the Yoast SEO plugin v26.6 - https:\/\/yoast.com\/wordpress\/plugins\/seo\/ -->\n<title>Les Enfants des Justes - Le Chtululu<\/title>\n<meta name=\"robots\" content=\"index, follow, max-snippet:-1, max-image-preview:large, max-video-preview:-1\" \/>\n<link rel=\"canonical\" href=\"https:\/\/chtululu.be\/index.php\/produit\/les-enfants-des-justes\/\" \/>\n<meta property=\"og:locale\" content=\"fr_FR\" \/>\n<meta property=\"og:type\" content=\"article\" \/>\n<meta property=\"og:title\" content=\"Les Enfants des Justes - Le Chtululu\" \/>\n<meta property=\"og:description\" content=\"Signol Christian En 1942, dans le d\u00e9partement de la Dordogne, la ligne de d\u00e9marcation croise le cours de l\u0092Isle. La ferme des Laborie est \u00e0 deux pas de la rivi\u00e8re et Virgile, n\u0092\u00e9coutant que son coeur, ne refuse jamais sa barque \u00e0 ceux qui tentent de passer en zone libre. Lorsqu&#039;on propose \u00e0 Virgile et \u00e0 Victoria qui n\u0092ont jamais pu avoir d\u0092enfants, de cacher Sarah et Elie, deux gamins juifs perdus dans la tourmente, ils accueillent les petits r\u00e9fugi\u00e9s comme un don du ciel. Au fil des jours, malgr\u00e9 les trahisons, les d\u00e9nonciations, les contr\u00f4les incessants, la R\u00e9sistance s\u0092organise dans le P\u00e9rigord jusqu\u0092aux reflux des troupes allemandes dans le sang et la terreur.\" \/>\n<meta property=\"og:url\" content=\"https:\/\/chtululu.be\/index.php\/produit\/les-enfants-des-justes\/\" \/>\n<meta property=\"og:site_name\" content=\"Le Chtululu\" \/>\n<meta property=\"article:modified_time\" content=\"2017-01-21T10:42:54+00:00\" \/>\n<meta property=\"og:image\" content=\"https:\/\/chtululu.be\/wp-content\/uploads\/2017\/01\/Les-enfants-des-justes.jpg\" \/>\n\t<meta property=\"og:image:width\" content=\"200\" \/>\n\t<meta property=\"og:image:height\" content=\"312\" \/>\n\t<meta property=\"og:image:type\" content=\"image\/jpeg\" \/>\n<meta name=\"twitter:card\" content=\"summary_large_image\" \/>\n<script type=\"application\/ld+json\" class=\"yoast-schema-graph\">{\"@context\":\"https:\/\/schema.org\",\"@graph\":[{\"@type\":\"WebPage\",\"@id\":\"https:\/\/chtululu.be\/index.php\/produit\/les-enfants-des-justes\/\",\"url\":\"https:\/\/chtululu.be\/index.php\/produit\/les-enfants-des-justes\/\",\"name\":\"Les Enfants des Justes - Le Chtululu\",\"isPartOf\":{\"@id\":\"https:\/\/chtululu.be\/#website\"},\"primaryImageOfPage\":{\"@id\":\"https:\/\/chtululu.be\/index.php\/produit\/les-enfants-des-justes\/#primaryimage\"},\"image\":{\"@id\":\"https:\/\/chtululu.be\/index.php\/produit\/les-enfants-des-justes\/#primaryimage\"},\"thumbnailUrl\":\"https:\/\/chtululu.be\/wp-content\/uploads\/2017\/01\/Les-enfants-des-justes.jpg\",\"datePublished\":\"2017-01-21T10:34:09+00:00\",\"dateModified\":\"2017-01-21T10:42:54+00:00\",\"breadcrumb\":{\"@id\":\"https:\/\/chtululu.be\/index.php\/produit\/les-enfants-des-justes\/#breadcrumb\"},\"inLanguage\":\"fr-FR\",\"potentialAction\":[{\"@type\":\"ReadAction\",\"target\":[\"https:\/\/chtululu.be\/index.php\/produit\/les-enfants-des-justes\/\"]}]},{\"@type\":\"ImageObject\",\"inLanguage\":\"fr-FR\",\"@id\":\"https:\/\/chtululu.be\/index.php\/produit\/les-enfants-des-justes\/#primaryimage\",\"url\":\"https:\/\/chtululu.be\/wp-content\/uploads\/2017\/01\/Les-enfants-des-justes.jpg\",\"contentUrl\":\"https:\/\/chtululu.be\/wp-content\/uploads\/2017\/01\/Les-enfants-des-justes.jpg\",\"width\":200,\"height\":312},{\"@type\":\"BreadcrumbList\",\"@id\":\"https:\/\/chtululu.be\/index.php\/produit\/les-enfants-des-justes\/#breadcrumb\",\"itemListElement\":[{\"@type\":\"ListItem\",\"position\":1,\"name\":\"Accueil\",\"item\":\"https:\/\/chtululu.be\/\"},{\"@type\":\"ListItem\",\"position\":2,\"name\":\"Les livres\",\"item\":\"https:\/\/chtululu.be\/index.php\/livres-doccasion\/\"},{\"@type\":\"ListItem\",\"position\":3,\"name\":\"Les Enfants des Justes\"}]},{\"@type\":\"WebSite\",\"@id\":\"https:\/\/chtululu.be\/#website\",\"url\":\"https:\/\/chtululu.be\/\",\"name\":\"Le Chtululu\",\"description\":\"Votre librairie de seconde main \u00e0 Soignies\",\"publisher\":{\"@id\":\"https:\/\/chtululu.be\/#organization\"},\"potentialAction\":[{\"@type\":\"SearchAction\",\"target\":{\"@type\":\"EntryPoint\",\"urlTemplate\":\"https:\/\/chtululu.be\/?s={search_term_string}\"},\"query-input\":{\"@type\":\"PropertyValueSpecification\",\"valueRequired\":true,\"valueName\":\"search_term_string\"}}],\"inLanguage\":\"fr-FR\"},{\"@type\":\"Organization\",\"@id\":\"https:\/\/chtululu.be\/#organization\",\"name\":\"Le Chtululu\",\"url\":\"https:\/\/chtululu.be\/\",\"logo\":{\"@type\":\"ImageObject\",\"inLanguage\":\"fr-FR\",\"@id\":\"https:\/\/chtululu.be\/#\/schema\/logo\/image\/\",\"url\":\"https:\/\/chtululu.be\/wp-content\/uploads\/2016\/05\/logo-def-blanc.jpg\",\"contentUrl\":\"https:\/\/chtululu.be\/wp-content\/uploads\/2016\/05\/logo-def-blanc.jpg\",\"width\":2048,\"height\":1901,\"caption\":\"Le Chtululu\"},\"image\":{\"@id\":\"https:\/\/chtululu.be\/#\/schema\/logo\/image\/\"}}]}<\/script>\n<!-- \/ Yoast SEO plugin. -->","yoast_head_json":{"title":"Les Enfants des Justes - Le Chtululu","robots":{"index":"index","follow":"follow","max-snippet":"max-snippet:-1","max-image-preview":"max-image-preview:large","max-video-preview":"max-video-preview:-1"},"canonical":"https:\/\/chtululu.be\/index.php\/produit\/les-enfants-des-justes\/","og_locale":"fr_FR","og_type":"article","og_title":"Les Enfants des Justes - Le Chtululu","og_description":"Signol Christian En 1942, dans le d\u00e9partement de la Dordogne, la ligne de d\u00e9marcation croise le cours de l\u0092Isle. La ferme des Laborie est \u00e0 deux pas de la rivi\u00e8re et Virgile, n\u0092\u00e9coutant que son coeur, ne refuse jamais sa barque \u00e0 ceux qui tentent de passer en zone libre. Lorsqu'on propose \u00e0 Virgile et \u00e0 Victoria qui n\u0092ont jamais pu avoir d\u0092enfants, de cacher Sarah et Elie, deux gamins juifs perdus dans la tourmente, ils accueillent les petits r\u00e9fugi\u00e9s comme un don du ciel. Au fil des jours, malgr\u00e9 les trahisons, les d\u00e9nonciations, les contr\u00f4les incessants, la R\u00e9sistance s\u0092organise dans le P\u00e9rigord jusqu\u0092aux reflux des troupes allemandes dans le sang et la terreur.","og_url":"https:\/\/chtululu.be\/index.php\/produit\/les-enfants-des-justes\/","og_site_name":"Le Chtululu","article_modified_time":"2017-01-21T10:42:54+00:00","og_image":[{"width":200,"height":312,"url":"https:\/\/chtululu.be\/wp-content\/uploads\/2017\/01\/Les-enfants-des-justes.jpg","type":"image\/jpeg"}],"twitter_card":"summary_large_image","schema":{"@context":"https:\/\/schema.org","@graph":[{"@type":"WebPage","@id":"https:\/\/chtululu.be\/index.php\/produit\/les-enfants-des-justes\/","url":"https:\/\/chtululu.be\/index.php\/produit\/les-enfants-des-justes\/","name":"Les Enfants des Justes - Le Chtululu","isPartOf":{"@id":"https:\/\/chtululu.be\/#website"},"primaryImageOfPage":{"@id":"https:\/\/chtululu.be\/index.php\/produit\/les-enfants-des-justes\/#primaryimage"},"image":{"@id":"https:\/\/chtululu.be\/index.php\/produit\/les-enfants-des-justes\/#primaryimage"},"thumbnailUrl":"https:\/\/chtululu.be\/wp-content\/uploads\/2017\/01\/Les-enfants-des-justes.jpg","datePublished":"2017-01-21T10:34:09+00:00","dateModified":"2017-01-21T10:42:54+00:00","breadcrumb":{"@id":"https:\/\/chtululu.be\/index.php\/produit\/les-enfants-des-justes\/#breadcrumb"},"inLanguage":"fr-FR","potentialAction":[{"@type":"ReadAction","target":["https:\/\/chtululu.be\/index.php\/produit\/les-enfants-des-justes\/"]}]},{"@type":"ImageObject","inLanguage":"fr-FR","@id":"https:\/\/chtululu.be\/index.php\/produit\/les-enfants-des-justes\/#primaryimage","url":"https:\/\/chtululu.be\/wp-content\/uploads\/2017\/01\/Les-enfants-des-justes.jpg","contentUrl":"https:\/\/chtululu.be\/wp-content\/uploads\/2017\/01\/Les-enfants-des-justes.jpg","width":200,"height":312},{"@type":"BreadcrumbList","@id":"https:\/\/chtululu.be\/index.php\/produit\/les-enfants-des-justes\/#breadcrumb","itemListElement":[{"@type":"ListItem","position":1,"name":"Accueil","item":"https:\/\/chtululu.be\/"},{"@type":"ListItem","position":2,"name":"Les livres","item":"https:\/\/chtululu.be\/index.php\/livres-doccasion\/"},{"@type":"ListItem","position":3,"name":"Les Enfants des Justes"}]},{"@type":"WebSite","@id":"https:\/\/chtululu.be\/#website","url":"https:\/\/chtululu.be\/","name":"Le Chtululu","description":"Votre librairie de seconde main \u00e0 Soignies","publisher":{"@id":"https:\/\/chtululu.be\/#organization"},"potentialAction":[{"@type":"SearchAction","target":{"@type":"EntryPoint","urlTemplate":"https:\/\/chtululu.be\/?s={search_term_string}"},"query-input":{"@type":"PropertyValueSpecification","valueRequired":true,"valueName":"search_term_string"}}],"inLanguage":"fr-FR"},{"@type":"Organization","@id":"https:\/\/chtululu.be\/#organization","name":"Le Chtululu","url":"https:\/\/chtululu.be\/","logo":{"@type":"ImageObject","inLanguage":"fr-FR","@id":"https:\/\/chtululu.be\/#\/schema\/logo\/image\/","url":"https:\/\/chtululu.be\/wp-content\/uploads\/2016\/05\/logo-def-blanc.jpg","contentUrl":"https:\/\/chtululu.be\/wp-content\/uploads\/2016\/05\/logo-def-blanc.jpg","width":2048,"height":1901,"caption":"Le Chtululu"},"image":{"@id":"https:\/\/chtululu.be\/#\/schema\/logo\/image\/"}}]}},"_links":{"self":[{"href":"https:\/\/chtululu.be\/index.php\/wp-json\/wp\/v2\/product\/835","targetHints":{"allow":["GET"]}}],"collection":[{"href":"https:\/\/chtululu.be\/index.php\/wp-json\/wp\/v2\/product"}],"about":[{"href":"https:\/\/chtululu.be\/index.php\/wp-json\/wp\/v2\/types\/product"}],"wp:featuredmedia":[{"embeddable":true,"href":"https:\/\/chtululu.be\/index.php\/wp-json\/wp\/v2\/media\/840"}],"wp:attachment":[{"href":"https:\/\/chtululu.be\/index.php\/wp-json\/wp\/v2\/media?parent=835"}],"wp:term":[{"taxonomy":"product_brand","embeddable":true,"href":"https:\/\/chtululu.be\/index.php\/wp-json\/wp\/v2\/product_brand?post=835"},{"taxonomy":"product_cat","embeddable":true,"href":"https:\/\/chtululu.be\/index.php\/wp-json\/wp\/v2\/product_cat?post=835"},{"taxonomy":"product_tag","embeddable":true,"href":"https:\/\/chtululu.be\/index.php\/wp-json\/wp\/v2\/product_tag?post=835"}],"curies":[{"name":"wp","href":"https:\/\/api.w.org\/{rel}","templated":true}]}}