{"id":833,"date":"2017-01-21T11:34:07","date_gmt":"2017-01-21T10:34:07","guid":{"rendered":"http:\/\/chtululu.be\/index.php\/produit\/cette-vie-ou-celle-dapres\/"},"modified":"2017-01-21T11:45:14","modified_gmt":"2017-01-21T10:45:14","slug":"cette-vie-ou-celle-dapres","status":"publish","type":"product","link":"https:\/\/chtululu.be\/index.php\/produit\/cette-vie-ou-celle-dapres\/","title":{"rendered":"Cette vie ou celle d&rsquo;apr\u00e8s"},"content":{"rendered":"","protected":false},"excerpt":{"rendered":"<p><strong>Signol Christian<\/strong><br \/>\nC\u0092est dans les solitudes du Vercors, son pays natal, que Blanche a d\u00e9cid\u00e9 de se retirer. Quarante ans auparavant, elle s\u0092\u00e9tait pourtant jur\u00e9 de n\u0092y jamais revenir\u0085<\/p>\n<p>Blanche \u00e9tait institutrice. Un beau m\u00e9tier, choisi d\u00e8s l\u0092enfance et conquis de haute lutte par une petite fille devenue orpheline \u00e0 quatorze ans. Peu avant la guerre, elle avait rencontr\u00e9 Julien, un charbonnier illettr\u00e9. Jour apr\u00e8s jour, elle lui avait appris l\u0092\u00e9criture et donn\u00e9 le go\u00fbt des livres. Il lui avait appris \u00e0 aimer.<\/p>\n<p>Quand la guerre avait \u00e9clat\u00e9, ils avaient rejoint la R\u00e9sistance et leurs destins s\u0092\u00e9taient scell\u00e9s \u00e0 jamais. Mais le c\u009cur de Blanche n\u0092a jamais cess\u00e9 d\u0092esp\u00e9rer : ce qui n\u0092a pu s\u0092accomplir dans cette vie ne pourrait-il se r\u00e9aliser dans celle d\u0092apr\u00e8s ?<\/p>\n<p>Histoire d\u0092une vie, inoubliable portrait de femme, ce livre nostalgique et grave, auquel la langue forte et vraie de Christian Signol donne toute sa tragique beaut\u00e9, est aussi le plus bouleversant des romans d\u0092amour.<\/p>\n","protected":false},"featured_media":841,"template":"","meta":{"_acf_changed":false,"_exactmetrics_skip_tracking":false,"_exactmetrics_sitenote_active":false,"_exactmetrics_sitenote_note":"","_exactmetrics_sitenote_category":0},"product_brand":[],"product_cat":[24],"product_tag":[240],"class_list":{"0":"post-833","1":"product","2":"type-product","3":"status-publish","4":"has-post-thumbnail","6":"product_cat-roman","7":"product_tag-signol-christian","9":"first","10":"instock","11":"sold-individually","12":"taxable","13":"shipping-taxable","14":"purchasable","15":"product-type-simple"},"acf":[],"yoast_head":"<!-- This site is optimized with the Yoast SEO plugin v26.6 - https:\/\/yoast.com\/wordpress\/plugins\/seo\/ -->\n<title>Cette vie ou celle d&#039;apr\u00e8s - Le Chtululu<\/title>\n<meta name=\"robots\" content=\"index, follow, max-snippet:-1, max-image-preview:large, max-video-preview:-1\" \/>\n<link rel=\"canonical\" href=\"https:\/\/chtululu.be\/index.php\/produit\/cette-vie-ou-celle-dapres\/\" \/>\n<meta property=\"og:locale\" content=\"fr_FR\" \/>\n<meta property=\"og:type\" content=\"article\" \/>\n<meta property=\"og:title\" content=\"Cette vie ou celle d&#039;apr\u00e8s - Le Chtululu\" \/>\n<meta property=\"og:description\" content=\"Signol Christian C\u0092est dans les solitudes du Vercors, son pays natal, que Blanche a d\u00e9cid\u00e9 de se retirer. Quarante ans auparavant, elle s\u0092\u00e9tait pourtant jur\u00e9 de n\u0092y jamais revenir\u0085  Blanche \u00e9tait institutrice. Un beau m\u00e9tier, choisi d\u00e8s l\u0092enfance et conquis de haute lutte par une petite fille devenue orpheline \u00e0 quatorze ans. Peu avant la guerre, elle avait rencontr\u00e9 Julien, un charbonnier illettr\u00e9. Jour apr\u00e8s jour, elle lui avait appris l\u0092\u00e9criture et donn\u00e9 le go\u00fbt des livres. Il lui avait appris \u00e0 aimer.  Quand la guerre avait \u00e9clat\u00e9, ils avaient rejoint la R\u00e9sistance et leurs destins s\u0092\u00e9taient scell\u00e9s \u00e0 jamais. Mais le c\u009cur de Blanche n\u0092a jamais cess\u00e9 d\u0092esp\u00e9rer : ce qui n\u0092a pu s\u0092accomplir dans cette vie ne pourrait-il se r\u00e9aliser dans celle d\u0092apr\u00e8s ?  Histoire d\u0092une vie, inoubliable portrait de femme, ce livre nostalgique et grave, auquel la langue forte et vraie de Christian Signol donne toute sa tragique beaut\u00e9, est aussi le plus bouleversant des romans d\u0092amour.\" \/>\n<meta property=\"og:url\" content=\"https:\/\/chtululu.be\/index.php\/produit\/cette-vie-ou-celle-dapres\/\" \/>\n<meta property=\"og:site_name\" content=\"Le Chtululu\" \/>\n<meta property=\"article:modified_time\" content=\"2017-01-21T10:45:14+00:00\" \/>\n<meta property=\"og:image\" content=\"https:\/\/chtululu.be\/wp-content\/uploads\/2017\/01\/Cette-vie-ou-celle-dapres_5427.jpeg\" \/>\n\t<meta property=\"og:image:width\" content=\"200\" \/>\n\t<meta property=\"og:image:height\" content=\"310\" \/>\n\t<meta property=\"og:image:type\" content=\"image\/jpeg\" \/>\n<meta name=\"twitter:card\" content=\"summary_large_image\" \/>\n<script type=\"application\/ld+json\" class=\"yoast-schema-graph\">{\"@context\":\"https:\/\/schema.org\",\"@graph\":[{\"@type\":\"WebPage\",\"@id\":\"https:\/\/chtululu.be\/index.php\/produit\/cette-vie-ou-celle-dapres\/\",\"url\":\"https:\/\/chtululu.be\/index.php\/produit\/cette-vie-ou-celle-dapres\/\",\"name\":\"Cette vie ou celle d'apr\u00e8s - Le Chtululu\",\"isPartOf\":{\"@id\":\"https:\/\/chtululu.be\/#website\"},\"primaryImageOfPage\":{\"@id\":\"https:\/\/chtululu.be\/index.php\/produit\/cette-vie-ou-celle-dapres\/#primaryimage\"},\"image\":{\"@id\":\"https:\/\/chtululu.be\/index.php\/produit\/cette-vie-ou-celle-dapres\/#primaryimage\"},\"thumbnailUrl\":\"https:\/\/chtululu.be\/wp-content\/uploads\/2017\/01\/Cette-vie-ou-celle-dapres_5427.jpeg\",\"datePublished\":\"2017-01-21T10:34:07+00:00\",\"dateModified\":\"2017-01-21T10:45:14+00:00\",\"breadcrumb\":{\"@id\":\"https:\/\/chtululu.be\/index.php\/produit\/cette-vie-ou-celle-dapres\/#breadcrumb\"},\"inLanguage\":\"fr-FR\",\"potentialAction\":[{\"@type\":\"ReadAction\",\"target\":[\"https:\/\/chtululu.be\/index.php\/produit\/cette-vie-ou-celle-dapres\/\"]}]},{\"@type\":\"ImageObject\",\"inLanguage\":\"fr-FR\",\"@id\":\"https:\/\/chtululu.be\/index.php\/produit\/cette-vie-ou-celle-dapres\/#primaryimage\",\"url\":\"https:\/\/chtululu.be\/wp-content\/uploads\/2017\/01\/Cette-vie-ou-celle-dapres_5427.jpeg\",\"contentUrl\":\"https:\/\/chtululu.be\/wp-content\/uploads\/2017\/01\/Cette-vie-ou-celle-dapres_5427.jpeg\",\"width\":200,\"height\":310},{\"@type\":\"BreadcrumbList\",\"@id\":\"https:\/\/chtululu.be\/index.php\/produit\/cette-vie-ou-celle-dapres\/#breadcrumb\",\"itemListElement\":[{\"@type\":\"ListItem\",\"position\":1,\"name\":\"Accueil\",\"item\":\"https:\/\/chtululu.be\/\"},{\"@type\":\"ListItem\",\"position\":2,\"name\":\"Les livres\",\"item\":\"https:\/\/chtululu.be\/index.php\/livres-doccasion\/\"},{\"@type\":\"ListItem\",\"position\":3,\"name\":\"Cette vie ou celle d&rsquo;apr\u00e8s\"}]},{\"@type\":\"WebSite\",\"@id\":\"https:\/\/chtululu.be\/#website\",\"url\":\"https:\/\/chtululu.be\/\",\"name\":\"Le Chtululu\",\"description\":\"Votre librairie de seconde main \u00e0 Soignies\",\"publisher\":{\"@id\":\"https:\/\/chtululu.be\/#organization\"},\"potentialAction\":[{\"@type\":\"SearchAction\",\"target\":{\"@type\":\"EntryPoint\",\"urlTemplate\":\"https:\/\/chtululu.be\/?s={search_term_string}\"},\"query-input\":{\"@type\":\"PropertyValueSpecification\",\"valueRequired\":true,\"valueName\":\"search_term_string\"}}],\"inLanguage\":\"fr-FR\"},{\"@type\":\"Organization\",\"@id\":\"https:\/\/chtululu.be\/#organization\",\"name\":\"Le Chtululu\",\"url\":\"https:\/\/chtululu.be\/\",\"logo\":{\"@type\":\"ImageObject\",\"inLanguage\":\"fr-FR\",\"@id\":\"https:\/\/chtululu.be\/#\/schema\/logo\/image\/\",\"url\":\"https:\/\/chtululu.be\/wp-content\/uploads\/2016\/05\/logo-def-blanc.jpg\",\"contentUrl\":\"https:\/\/chtululu.be\/wp-content\/uploads\/2016\/05\/logo-def-blanc.jpg\",\"width\":2048,\"height\":1901,\"caption\":\"Le Chtululu\"},\"image\":{\"@id\":\"https:\/\/chtululu.be\/#\/schema\/logo\/image\/\"}}]}<\/script>\n<!-- \/ Yoast SEO plugin. -->","yoast_head_json":{"title":"Cette vie ou celle d'apr\u00e8s - Le Chtululu","robots":{"index":"index","follow":"follow","max-snippet":"max-snippet:-1","max-image-preview":"max-image-preview:large","max-video-preview":"max-video-preview:-1"},"canonical":"https:\/\/chtululu.be\/index.php\/produit\/cette-vie-ou-celle-dapres\/","og_locale":"fr_FR","og_type":"article","og_title":"Cette vie ou celle d'apr\u00e8s - Le Chtululu","og_description":"Signol Christian C\u0092est dans les solitudes du Vercors, son pays natal, que Blanche a d\u00e9cid\u00e9 de se retirer. Quarante ans auparavant, elle s\u0092\u00e9tait pourtant jur\u00e9 de n\u0092y jamais revenir\u0085  Blanche \u00e9tait institutrice. Un beau m\u00e9tier, choisi d\u00e8s l\u0092enfance et conquis de haute lutte par une petite fille devenue orpheline \u00e0 quatorze ans. Peu avant la guerre, elle avait rencontr\u00e9 Julien, un charbonnier illettr\u00e9. Jour apr\u00e8s jour, elle lui avait appris l\u0092\u00e9criture et donn\u00e9 le go\u00fbt des livres. Il lui avait appris \u00e0 aimer.  Quand la guerre avait \u00e9clat\u00e9, ils avaient rejoint la R\u00e9sistance et leurs destins s\u0092\u00e9taient scell\u00e9s \u00e0 jamais. Mais le c\u009cur de Blanche n\u0092a jamais cess\u00e9 d\u0092esp\u00e9rer : ce qui n\u0092a pu s\u0092accomplir dans cette vie ne pourrait-il se r\u00e9aliser dans celle d\u0092apr\u00e8s ?  Histoire d\u0092une vie, inoubliable portrait de femme, ce livre nostalgique et grave, auquel la langue forte et vraie de Christian Signol donne toute sa tragique beaut\u00e9, est aussi le plus bouleversant des romans d\u0092amour.","og_url":"https:\/\/chtululu.be\/index.php\/produit\/cette-vie-ou-celle-dapres\/","og_site_name":"Le Chtululu","article_modified_time":"2017-01-21T10:45:14+00:00","og_image":[{"width":200,"height":310,"url":"https:\/\/chtululu.be\/wp-content\/uploads\/2017\/01\/Cette-vie-ou-celle-dapres_5427.jpeg","type":"image\/jpeg"}],"twitter_card":"summary_large_image","schema":{"@context":"https:\/\/schema.org","@graph":[{"@type":"WebPage","@id":"https:\/\/chtululu.be\/index.php\/produit\/cette-vie-ou-celle-dapres\/","url":"https:\/\/chtululu.be\/index.php\/produit\/cette-vie-ou-celle-dapres\/","name":"Cette vie ou celle d'apr\u00e8s - Le Chtululu","isPartOf":{"@id":"https:\/\/chtululu.be\/#website"},"primaryImageOfPage":{"@id":"https:\/\/chtululu.be\/index.php\/produit\/cette-vie-ou-celle-dapres\/#primaryimage"},"image":{"@id":"https:\/\/chtululu.be\/index.php\/produit\/cette-vie-ou-celle-dapres\/#primaryimage"},"thumbnailUrl":"https:\/\/chtululu.be\/wp-content\/uploads\/2017\/01\/Cette-vie-ou-celle-dapres_5427.jpeg","datePublished":"2017-01-21T10:34:07+00:00","dateModified":"2017-01-21T10:45:14+00:00","breadcrumb":{"@id":"https:\/\/chtululu.be\/index.php\/produit\/cette-vie-ou-celle-dapres\/#breadcrumb"},"inLanguage":"fr-FR","potentialAction":[{"@type":"ReadAction","target":["https:\/\/chtululu.be\/index.php\/produit\/cette-vie-ou-celle-dapres\/"]}]},{"@type":"ImageObject","inLanguage":"fr-FR","@id":"https:\/\/chtululu.be\/index.php\/produit\/cette-vie-ou-celle-dapres\/#primaryimage","url":"https:\/\/chtululu.be\/wp-content\/uploads\/2017\/01\/Cette-vie-ou-celle-dapres_5427.jpeg","contentUrl":"https:\/\/chtululu.be\/wp-content\/uploads\/2017\/01\/Cette-vie-ou-celle-dapres_5427.jpeg","width":200,"height":310},{"@type":"BreadcrumbList","@id":"https:\/\/chtululu.be\/index.php\/produit\/cette-vie-ou-celle-dapres\/#breadcrumb","itemListElement":[{"@type":"ListItem","position":1,"name":"Accueil","item":"https:\/\/chtululu.be\/"},{"@type":"ListItem","position":2,"name":"Les livres","item":"https:\/\/chtululu.be\/index.php\/livres-doccasion\/"},{"@type":"ListItem","position":3,"name":"Cette vie ou celle d&rsquo;apr\u00e8s"}]},{"@type":"WebSite","@id":"https:\/\/chtululu.be\/#website","url":"https:\/\/chtululu.be\/","name":"Le Chtululu","description":"Votre librairie de seconde main \u00e0 Soignies","publisher":{"@id":"https:\/\/chtululu.be\/#organization"},"potentialAction":[{"@type":"SearchAction","target":{"@type":"EntryPoint","urlTemplate":"https:\/\/chtululu.be\/?s={search_term_string}"},"query-input":{"@type":"PropertyValueSpecification","valueRequired":true,"valueName":"search_term_string"}}],"inLanguage":"fr-FR"},{"@type":"Organization","@id":"https:\/\/chtululu.be\/#organization","name":"Le Chtululu","url":"https:\/\/chtululu.be\/","logo":{"@type":"ImageObject","inLanguage":"fr-FR","@id":"https:\/\/chtululu.be\/#\/schema\/logo\/image\/","url":"https:\/\/chtululu.be\/wp-content\/uploads\/2016\/05\/logo-def-blanc.jpg","contentUrl":"https:\/\/chtululu.be\/wp-content\/uploads\/2016\/05\/logo-def-blanc.jpg","width":2048,"height":1901,"caption":"Le Chtululu"},"image":{"@id":"https:\/\/chtululu.be\/#\/schema\/logo\/image\/"}}]}},"_links":{"self":[{"href":"https:\/\/chtululu.be\/index.php\/wp-json\/wp\/v2\/product\/833","targetHints":{"allow":["GET"]}}],"collection":[{"href":"https:\/\/chtululu.be\/index.php\/wp-json\/wp\/v2\/product"}],"about":[{"href":"https:\/\/chtululu.be\/index.php\/wp-json\/wp\/v2\/types\/product"}],"wp:featuredmedia":[{"embeddable":true,"href":"https:\/\/chtululu.be\/index.php\/wp-json\/wp\/v2\/media\/841"}],"wp:attachment":[{"href":"https:\/\/chtululu.be\/index.php\/wp-json\/wp\/v2\/media?parent=833"}],"wp:term":[{"taxonomy":"product_brand","embeddable":true,"href":"https:\/\/chtululu.be\/index.php\/wp-json\/wp\/v2\/product_brand?post=833"},{"taxonomy":"product_cat","embeddable":true,"href":"https:\/\/chtululu.be\/index.php\/wp-json\/wp\/v2\/product_cat?post=833"},{"taxonomy":"product_tag","embeddable":true,"href":"https:\/\/chtululu.be\/index.php\/wp-json\/wp\/v2\/product_tag?post=833"}],"curies":[{"name":"wp","href":"https:\/\/api.w.org\/{rel}","templated":true}]}}