{"id":832,"date":"2017-01-21T11:34:07","date_gmt":"2017-01-21T10:34:07","guid":{"rendered":"http:\/\/chtululu.be\/index.php\/produit\/une-si-belle-ecole\/"},"modified":"2017-01-21T11:41:17","modified_gmt":"2017-01-21T10:41:17","slug":"une-si-belle-ecole","status":"publish","type":"product","link":"https:\/\/chtululu.be\/index.php\/produit\/une-si-belle-ecole\/","title":{"rendered":"Une si belle \u00e9cole"},"content":{"rendered":"","protected":false},"excerpt":{"rendered":"<p><strong>Signol Christian<\/strong><br \/>\nEn 1954, une jeune femme de 20 ans rejoint son premier poste de ma\u00eetresse d&rsquo;\u00e9cole \u00e0 S\u00e9gali\u00e8res, un hameau \u00e0 800 m d&rsquo;altitude entre la vall\u00e9e du Lot et les monts d&rsquo;Auvergne.Ornella Perrugi est la fille d&rsquo;un ma\u00e7on italien, ses parents sont pauvres mais elle a choisi tr\u00e8s t\u00f4t son destin \u00ab cinq ans, mais d\u00e9j\u00e0 je savais : les livres r\u00e8gneraient sur moi comme je r\u00e8gnerai sur eux \u00bb.La foi dans son m\u00e9tier chevill\u00e9e au corps, elle va se heurter, dans son premier poste, \u00e0 la rudesse des paysans qui ont besoin de leurs enfants pour le travail des terres, qui souhaitent pour eux le Certificat mais pas l&rsquo;entr\u00e9e en 6e.Mut\u00e9e parce qu&rsquo;elle va d\u00e9fendre, bec et ongles, un enfant en d\u00e9tresse, elle va rejoindre un poste double. Ce sera la rencontre avec Pierre qui s&rsquo;occupe des petits et elle des grands. Amoureux, jeunes \u00e9poux, puis parents, ils vivront tout au long de leur vie leur passion commune pour l&rsquo;\u00e9ducation et poursuivront leur carri\u00e8re au gr\u00e9 des r\u00e9formes&#8230;Dans ce tr\u00e8s beau roman, Christian Signol, nous raconte avec l&rsquo;\u00e9motion, la tendresse et la nostalgie qui lui sont propres un demi-si\u00e8cle de notre histoire et donne un visage \u00e0 ces successeurs magnifiques des \u00ab hussards noirs de la R\u00e9publique \u00bb \u00e0 qui nous devons tant.<\/p>\n","protected":false},"featured_media":839,"template":"","meta":{"_acf_changed":false,"_exactmetrics_skip_tracking":false,"_exactmetrics_sitenote_active":false,"_exactmetrics_sitenote_note":"","_exactmetrics_sitenote_category":0},"product_brand":[],"product_cat":[24],"product_tag":[240],"class_list":{"0":"post-832","1":"product","2":"type-product","3":"status-publish","4":"has-post-thumbnail","6":"product_cat-roman","7":"product_tag-signol-christian","9":"first","10":"instock","11":"sold-individually","12":"taxable","13":"shipping-taxable","14":"purchasable","15":"product-type-simple"},"acf":[],"yoast_head":"<!-- This site is optimized with the Yoast SEO plugin v26.6 - https:\/\/yoast.com\/wordpress\/plugins\/seo\/ -->\n<title>Une si belle \u00e9cole - Le Chtululu<\/title>\n<meta name=\"robots\" content=\"index, follow, max-snippet:-1, max-image-preview:large, max-video-preview:-1\" \/>\n<link rel=\"canonical\" href=\"https:\/\/chtululu.be\/index.php\/produit\/une-si-belle-ecole\/\" \/>\n<meta property=\"og:locale\" content=\"fr_FR\" \/>\n<meta property=\"og:type\" content=\"article\" \/>\n<meta property=\"og:title\" content=\"Une si belle \u00e9cole - Le Chtululu\" \/>\n<meta property=\"og:description\" content=\"Signol Christian En 1954, une jeune femme de 20 ans rejoint son premier poste de ma\u00eetresse d&#039;\u00e9cole \u00e0 S\u00e9gali\u00e8res, un hameau \u00e0 800 m d&#039;altitude entre la vall\u00e9e du Lot et les monts d&#039;Auvergne.Ornella Perrugi est la fille d&#039;un ma\u00e7on italien, ses parents sont pauvres mais elle a choisi tr\u00e8s t\u00f4t son destin \u00ab cinq ans, mais d\u00e9j\u00e0 je savais : les livres r\u00e8gneraient sur moi comme je r\u00e8gnerai sur eux \u00bb.La foi dans son m\u00e9tier chevill\u00e9e au corps, elle va se heurter, dans son premier poste, \u00e0 la rudesse des paysans qui ont besoin de leurs enfants pour le travail des terres, qui souhaitent pour eux le Certificat mais pas l&#039;entr\u00e9e en 6e.Mut\u00e9e parce qu&#039;elle va d\u00e9fendre, bec et ongles, un enfant en d\u00e9tresse, elle va rejoindre un poste double. Ce sera la rencontre avec Pierre qui s&#039;occupe des petits et elle des grands. Amoureux, jeunes \u00e9poux, puis parents, ils vivront tout au long de leur vie leur passion commune pour l&#039;\u00e9ducation et poursuivront leur carri\u00e8re au gr\u00e9 des r\u00e9formes...Dans ce tr\u00e8s beau roman, Christian Signol, nous raconte avec l&#039;\u00e9motion, la tendresse et la nostalgie qui lui sont propres un demi-si\u00e8cle de notre histoire et donne un visage \u00e0 ces successeurs magnifiques des \u00ab hussards noirs de la R\u00e9publique \u00bb \u00e0 qui nous devons tant.\" \/>\n<meta property=\"og:url\" content=\"https:\/\/chtululu.be\/index.php\/produit\/une-si-belle-ecole\/\" \/>\n<meta property=\"og:site_name\" content=\"Le Chtululu\" \/>\n<meta property=\"article:modified_time\" content=\"2017-01-21T10:41:17+00:00\" \/>\n<meta property=\"og:image\" content=\"https:\/\/chtululu.be\/wp-content\/uploads\/2017\/01\/Sibelleecole.jpg\" \/>\n\t<meta property=\"og:image:width\" content=\"200\" \/>\n\t<meta property=\"og:image:height\" content=\"315\" \/>\n\t<meta property=\"og:image:type\" content=\"image\/jpeg\" \/>\n<meta name=\"twitter:card\" content=\"summary_large_image\" \/>\n<script type=\"application\/ld+json\" class=\"yoast-schema-graph\">{\"@context\":\"https:\/\/schema.org\",\"@graph\":[{\"@type\":\"WebPage\",\"@id\":\"https:\/\/chtululu.be\/index.php\/produit\/une-si-belle-ecole\/\",\"url\":\"https:\/\/chtululu.be\/index.php\/produit\/une-si-belle-ecole\/\",\"name\":\"Une si belle \u00e9cole - Le Chtululu\",\"isPartOf\":{\"@id\":\"https:\/\/chtululu.be\/#website\"},\"primaryImageOfPage\":{\"@id\":\"https:\/\/chtululu.be\/index.php\/produit\/une-si-belle-ecole\/#primaryimage\"},\"image\":{\"@id\":\"https:\/\/chtululu.be\/index.php\/produit\/une-si-belle-ecole\/#primaryimage\"},\"thumbnailUrl\":\"https:\/\/chtululu.be\/wp-content\/uploads\/2017\/01\/Sibelleecole.jpg\",\"datePublished\":\"2017-01-21T10:34:07+00:00\",\"dateModified\":\"2017-01-21T10:41:17+00:00\",\"breadcrumb\":{\"@id\":\"https:\/\/chtululu.be\/index.php\/produit\/une-si-belle-ecole\/#breadcrumb\"},\"inLanguage\":\"fr-FR\",\"potentialAction\":[{\"@type\":\"ReadAction\",\"target\":[\"https:\/\/chtululu.be\/index.php\/produit\/une-si-belle-ecole\/\"]}]},{\"@type\":\"ImageObject\",\"inLanguage\":\"fr-FR\",\"@id\":\"https:\/\/chtululu.be\/index.php\/produit\/une-si-belle-ecole\/#primaryimage\",\"url\":\"https:\/\/chtululu.be\/wp-content\/uploads\/2017\/01\/Sibelleecole.jpg\",\"contentUrl\":\"https:\/\/chtululu.be\/wp-content\/uploads\/2017\/01\/Sibelleecole.jpg\",\"width\":200,\"height\":315},{\"@type\":\"BreadcrumbList\",\"@id\":\"https:\/\/chtululu.be\/index.php\/produit\/une-si-belle-ecole\/#breadcrumb\",\"itemListElement\":[{\"@type\":\"ListItem\",\"position\":1,\"name\":\"Accueil\",\"item\":\"https:\/\/chtululu.be\/\"},{\"@type\":\"ListItem\",\"position\":2,\"name\":\"Les livres\",\"item\":\"https:\/\/chtululu.be\/index.php\/livres-doccasion\/\"},{\"@type\":\"ListItem\",\"position\":3,\"name\":\"Une si belle \u00e9cole\"}]},{\"@type\":\"WebSite\",\"@id\":\"https:\/\/chtululu.be\/#website\",\"url\":\"https:\/\/chtululu.be\/\",\"name\":\"Le Chtululu\",\"description\":\"Votre librairie de seconde main \u00e0 Soignies\",\"publisher\":{\"@id\":\"https:\/\/chtululu.be\/#organization\"},\"potentialAction\":[{\"@type\":\"SearchAction\",\"target\":{\"@type\":\"EntryPoint\",\"urlTemplate\":\"https:\/\/chtululu.be\/?s={search_term_string}\"},\"query-input\":{\"@type\":\"PropertyValueSpecification\",\"valueRequired\":true,\"valueName\":\"search_term_string\"}}],\"inLanguage\":\"fr-FR\"},{\"@type\":\"Organization\",\"@id\":\"https:\/\/chtululu.be\/#organization\",\"name\":\"Le Chtululu\",\"url\":\"https:\/\/chtululu.be\/\",\"logo\":{\"@type\":\"ImageObject\",\"inLanguage\":\"fr-FR\",\"@id\":\"https:\/\/chtululu.be\/#\/schema\/logo\/image\/\",\"url\":\"https:\/\/chtululu.be\/wp-content\/uploads\/2016\/05\/logo-def-blanc.jpg\",\"contentUrl\":\"https:\/\/chtululu.be\/wp-content\/uploads\/2016\/05\/logo-def-blanc.jpg\",\"width\":2048,\"height\":1901,\"caption\":\"Le Chtululu\"},\"image\":{\"@id\":\"https:\/\/chtululu.be\/#\/schema\/logo\/image\/\"}}]}<\/script>\n<!-- \/ Yoast SEO plugin. -->","yoast_head_json":{"title":"Une si belle \u00e9cole - Le Chtululu","robots":{"index":"index","follow":"follow","max-snippet":"max-snippet:-1","max-image-preview":"max-image-preview:large","max-video-preview":"max-video-preview:-1"},"canonical":"https:\/\/chtululu.be\/index.php\/produit\/une-si-belle-ecole\/","og_locale":"fr_FR","og_type":"article","og_title":"Une si belle \u00e9cole - Le Chtululu","og_description":"Signol Christian En 1954, une jeune femme de 20 ans rejoint son premier poste de ma\u00eetresse d'\u00e9cole \u00e0 S\u00e9gali\u00e8res, un hameau \u00e0 800 m d'altitude entre la vall\u00e9e du Lot et les monts d'Auvergne.Ornella Perrugi est la fille d'un ma\u00e7on italien, ses parents sont pauvres mais elle a choisi tr\u00e8s t\u00f4t son destin \u00ab cinq ans, mais d\u00e9j\u00e0 je savais : les livres r\u00e8gneraient sur moi comme je r\u00e8gnerai sur eux \u00bb.La foi dans son m\u00e9tier chevill\u00e9e au corps, elle va se heurter, dans son premier poste, \u00e0 la rudesse des paysans qui ont besoin de leurs enfants pour le travail des terres, qui souhaitent pour eux le Certificat mais pas l'entr\u00e9e en 6e.Mut\u00e9e parce qu'elle va d\u00e9fendre, bec et ongles, un enfant en d\u00e9tresse, elle va rejoindre un poste double. Ce sera la rencontre avec Pierre qui s'occupe des petits et elle des grands. Amoureux, jeunes \u00e9poux, puis parents, ils vivront tout au long de leur vie leur passion commune pour l'\u00e9ducation et poursuivront leur carri\u00e8re au gr\u00e9 des r\u00e9formes...Dans ce tr\u00e8s beau roman, Christian Signol, nous raconte avec l'\u00e9motion, la tendresse et la nostalgie qui lui sont propres un demi-si\u00e8cle de notre histoire et donne un visage \u00e0 ces successeurs magnifiques des \u00ab hussards noirs de la R\u00e9publique \u00bb \u00e0 qui nous devons tant.","og_url":"https:\/\/chtululu.be\/index.php\/produit\/une-si-belle-ecole\/","og_site_name":"Le Chtululu","article_modified_time":"2017-01-21T10:41:17+00:00","og_image":[{"width":200,"height":315,"url":"https:\/\/chtululu.be\/wp-content\/uploads\/2017\/01\/Sibelleecole.jpg","type":"image\/jpeg"}],"twitter_card":"summary_large_image","schema":{"@context":"https:\/\/schema.org","@graph":[{"@type":"WebPage","@id":"https:\/\/chtululu.be\/index.php\/produit\/une-si-belle-ecole\/","url":"https:\/\/chtululu.be\/index.php\/produit\/une-si-belle-ecole\/","name":"Une si belle \u00e9cole - Le Chtululu","isPartOf":{"@id":"https:\/\/chtululu.be\/#website"},"primaryImageOfPage":{"@id":"https:\/\/chtululu.be\/index.php\/produit\/une-si-belle-ecole\/#primaryimage"},"image":{"@id":"https:\/\/chtululu.be\/index.php\/produit\/une-si-belle-ecole\/#primaryimage"},"thumbnailUrl":"https:\/\/chtululu.be\/wp-content\/uploads\/2017\/01\/Sibelleecole.jpg","datePublished":"2017-01-21T10:34:07+00:00","dateModified":"2017-01-21T10:41:17+00:00","breadcrumb":{"@id":"https:\/\/chtululu.be\/index.php\/produit\/une-si-belle-ecole\/#breadcrumb"},"inLanguage":"fr-FR","potentialAction":[{"@type":"ReadAction","target":["https:\/\/chtululu.be\/index.php\/produit\/une-si-belle-ecole\/"]}]},{"@type":"ImageObject","inLanguage":"fr-FR","@id":"https:\/\/chtululu.be\/index.php\/produit\/une-si-belle-ecole\/#primaryimage","url":"https:\/\/chtululu.be\/wp-content\/uploads\/2017\/01\/Sibelleecole.jpg","contentUrl":"https:\/\/chtululu.be\/wp-content\/uploads\/2017\/01\/Sibelleecole.jpg","width":200,"height":315},{"@type":"BreadcrumbList","@id":"https:\/\/chtululu.be\/index.php\/produit\/une-si-belle-ecole\/#breadcrumb","itemListElement":[{"@type":"ListItem","position":1,"name":"Accueil","item":"https:\/\/chtululu.be\/"},{"@type":"ListItem","position":2,"name":"Les livres","item":"https:\/\/chtululu.be\/index.php\/livres-doccasion\/"},{"@type":"ListItem","position":3,"name":"Une si belle \u00e9cole"}]},{"@type":"WebSite","@id":"https:\/\/chtululu.be\/#website","url":"https:\/\/chtululu.be\/","name":"Le Chtululu","description":"Votre librairie de seconde main \u00e0 Soignies","publisher":{"@id":"https:\/\/chtululu.be\/#organization"},"potentialAction":[{"@type":"SearchAction","target":{"@type":"EntryPoint","urlTemplate":"https:\/\/chtululu.be\/?s={search_term_string}"},"query-input":{"@type":"PropertyValueSpecification","valueRequired":true,"valueName":"search_term_string"}}],"inLanguage":"fr-FR"},{"@type":"Organization","@id":"https:\/\/chtululu.be\/#organization","name":"Le Chtululu","url":"https:\/\/chtululu.be\/","logo":{"@type":"ImageObject","inLanguage":"fr-FR","@id":"https:\/\/chtululu.be\/#\/schema\/logo\/image\/","url":"https:\/\/chtululu.be\/wp-content\/uploads\/2016\/05\/logo-def-blanc.jpg","contentUrl":"https:\/\/chtululu.be\/wp-content\/uploads\/2016\/05\/logo-def-blanc.jpg","width":2048,"height":1901,"caption":"Le Chtululu"},"image":{"@id":"https:\/\/chtululu.be\/#\/schema\/logo\/image\/"}}]}},"_links":{"self":[{"href":"https:\/\/chtululu.be\/index.php\/wp-json\/wp\/v2\/product\/832","targetHints":{"allow":["GET"]}}],"collection":[{"href":"https:\/\/chtululu.be\/index.php\/wp-json\/wp\/v2\/product"}],"about":[{"href":"https:\/\/chtululu.be\/index.php\/wp-json\/wp\/v2\/types\/product"}],"wp:featuredmedia":[{"embeddable":true,"href":"https:\/\/chtululu.be\/index.php\/wp-json\/wp\/v2\/media\/839"}],"wp:attachment":[{"href":"https:\/\/chtululu.be\/index.php\/wp-json\/wp\/v2\/media?parent=832"}],"wp:term":[{"taxonomy":"product_brand","embeddable":true,"href":"https:\/\/chtululu.be\/index.php\/wp-json\/wp\/v2\/product_brand?post=832"},{"taxonomy":"product_cat","embeddable":true,"href":"https:\/\/chtululu.be\/index.php\/wp-json\/wp\/v2\/product_cat?post=832"},{"taxonomy":"product_tag","embeddable":true,"href":"https:\/\/chtululu.be\/index.php\/wp-json\/wp\/v2\/product_tag?post=832"}],"curies":[{"name":"wp","href":"https:\/\/api.w.org\/{rel}","templated":true}]}}