{"id":830,"date":"2017-01-21T11:13:41","date_gmt":"2017-01-21T10:13:41","guid":{"rendered":"http:\/\/chtululu.be\/?post_type=product&#038;p=830"},"modified":"2017-01-21T11:13:41","modified_gmt":"2017-01-21T10:13:41","slug":"mercy-thompson-t-3-baiser-fer","status":"publish","type":"product","link":"https:\/\/chtululu.be\/index.php\/produit\/mercy-thompson-t-3-baiser-fer\/","title":{"rendered":"Mercy Thompson t.3 : Le Baiser du Fer"},"content":{"rendered":"","protected":false},"excerpt":{"rendered":"<p><strong>Briggs Patricia<\/strong><\/p>\n<p>\u00ab\u00a0Je retroussai mes babines pour lui donner une bonne vue de mes crocs. J&rsquo;avais beau ne pas peser plus de quinze kilos sous ma forme de coyote, j&rsquo;\u00e9tais n\u00e9anmoins un pr\u00e9dateur&#8230;\u00a0\u00bb<br \/>\nLa forme de Mercy Thompson est peut-\u00eatre changeante, mais ce n&rsquo;est pas le cas de sa loyaut\u00e9. Lorsque son ancien patron et mentor est arr\u00eat\u00e9 pour meurtre et abandonn\u00e9 par les siens, Mercy est la seule \u00e0 vouloir l&rsquo;innocenter, qu&rsquo;il le veuille ou non.<br \/>\nLe c\u0153ur de Mercy , quant \u00e0 lui, est \u00e0 l&rsquo;image de la nature de sa propri\u00e9taire : partag\u00e9. il balance entre deux loups-garous. Or, ces derniers ne sont pas r\u00e9put\u00e9s pour leur patience, et si elle ne parvient pas \u00e0 faire un choix, Sam et Adam s&rsquo;en chargeront peut-\u00eatre pour elle&#8230;<\/p>\n","protected":false},"featured_media":831,"template":"","meta":{"_acf_changed":false,"_exactmetrics_skip_tracking":false,"_exactmetrics_sitenote_active":false,"_exactmetrics_sitenote_note":"","_exactmetrics_sitenote_category":0},"product_brand":[],"product_cat":[24],"product_tag":[226,238],"class_list":{"0":"post-830","1":"product","2":"type-product","3":"status-publish","4":"has-post-thumbnail","6":"product_cat-roman","7":"product_tag-bit-lit","8":"product_tag-briggs-patricia","10":"first","11":"instock","12":"sold-individually","13":"taxable","14":"shipping-taxable","15":"purchasable","16":"product-type-simple"},"acf":[],"yoast_head":"<!-- This site is optimized with the Yoast SEO plugin v26.6 - https:\/\/yoast.com\/wordpress\/plugins\/seo\/ -->\n<title>Mercy Thompson t.3 : Le Baiser du Fer - Le Chtululu<\/title>\n<meta name=\"robots\" content=\"index, follow, max-snippet:-1, max-image-preview:large, max-video-preview:-1\" \/>\n<link rel=\"canonical\" href=\"https:\/\/chtululu.be\/index.php\/produit\/mercy-thompson-t-3-baiser-fer\/\" \/>\n<meta property=\"og:locale\" content=\"fr_FR\" \/>\n<meta property=\"og:type\" content=\"article\" \/>\n<meta property=\"og:title\" content=\"Mercy Thompson t.3 : Le Baiser du Fer - Le Chtululu\" \/>\n<meta property=\"og:description\" content=\"Briggs Patricia  &quot;Je retroussai mes babines pour lui donner une bonne vue de mes crocs. J&#039;avais beau ne pas peser plus de quinze kilos sous ma forme de coyote, j&#039;\u00e9tais n\u00e9anmoins un pr\u00e9dateur...&quot; La forme de Mercy Thompson est peut-\u00eatre changeante, mais ce n&#039;est pas le cas de sa loyaut\u00e9. Lorsque son ancien patron et mentor est arr\u00eat\u00e9 pour meurtre et abandonn\u00e9 par les siens, Mercy est la seule \u00e0 vouloir l&#039;innocenter, qu&#039;il le veuille ou non. Le c\u0153ur de Mercy , quant \u00e0 lui, est \u00e0 l&#039;image de la nature de sa propri\u00e9taire : partag\u00e9. il balance entre deux loups-garous. Or, ces derniers ne sont pas r\u00e9put\u00e9s pour leur patience, et si elle ne parvient pas \u00e0 faire un choix, Sam et Adam s&#039;en chargeront peut-\u00eatre pour elle...\" \/>\n<meta property=\"og:url\" content=\"https:\/\/chtululu.be\/index.php\/produit\/mercy-thompson-t-3-baiser-fer\/\" \/>\n<meta property=\"og:site_name\" content=\"Le Chtululu\" \/>\n<meta property=\"og:image\" content=\"https:\/\/chtululu.be\/wp-content\/uploads\/2017\/01\/bm_10603_571338.jpg\" \/>\n\t<meta property=\"og:image:width\" content=\"200\" \/>\n\t<meta property=\"og:image:height\" content=\"323\" \/>\n\t<meta property=\"og:image:type\" content=\"image\/jpeg\" \/>\n<meta name=\"twitter:card\" content=\"summary_large_image\" \/>\n<script type=\"application\/ld+json\" class=\"yoast-schema-graph\">{\"@context\":\"https:\/\/schema.org\",\"@graph\":[{\"@type\":\"WebPage\",\"@id\":\"https:\/\/chtululu.be\/index.php\/produit\/mercy-thompson-t-3-baiser-fer\/\",\"url\":\"https:\/\/chtululu.be\/index.php\/produit\/mercy-thompson-t-3-baiser-fer\/\",\"name\":\"Mercy Thompson t.3 : Le Baiser du Fer - Le Chtululu\",\"isPartOf\":{\"@id\":\"https:\/\/chtululu.be\/#website\"},\"primaryImageOfPage\":{\"@id\":\"https:\/\/chtululu.be\/index.php\/produit\/mercy-thompson-t-3-baiser-fer\/#primaryimage\"},\"image\":{\"@id\":\"https:\/\/chtululu.be\/index.php\/produit\/mercy-thompson-t-3-baiser-fer\/#primaryimage\"},\"thumbnailUrl\":\"https:\/\/chtululu.be\/wp-content\/uploads\/2017\/01\/bm_10603_571338.jpg\",\"datePublished\":\"2017-01-21T10:13:41+00:00\",\"breadcrumb\":{\"@id\":\"https:\/\/chtululu.be\/index.php\/produit\/mercy-thompson-t-3-baiser-fer\/#breadcrumb\"},\"inLanguage\":\"fr-FR\",\"potentialAction\":[{\"@type\":\"ReadAction\",\"target\":[\"https:\/\/chtululu.be\/index.php\/produit\/mercy-thompson-t-3-baiser-fer\/\"]}]},{\"@type\":\"ImageObject\",\"inLanguage\":\"fr-FR\",\"@id\":\"https:\/\/chtululu.be\/index.php\/produit\/mercy-thompson-t-3-baiser-fer\/#primaryimage\",\"url\":\"https:\/\/chtululu.be\/wp-content\/uploads\/2017\/01\/bm_10603_571338.jpg\",\"contentUrl\":\"https:\/\/chtululu.be\/wp-content\/uploads\/2017\/01\/bm_10603_571338.jpg\",\"width\":200,\"height\":323},{\"@type\":\"BreadcrumbList\",\"@id\":\"https:\/\/chtululu.be\/index.php\/produit\/mercy-thompson-t-3-baiser-fer\/#breadcrumb\",\"itemListElement\":[{\"@type\":\"ListItem\",\"position\":1,\"name\":\"Accueil\",\"item\":\"https:\/\/chtululu.be\/\"},{\"@type\":\"ListItem\",\"position\":2,\"name\":\"Les livres\",\"item\":\"https:\/\/chtululu.be\/index.php\/livres-doccasion\/\"},{\"@type\":\"ListItem\",\"position\":3,\"name\":\"Mercy Thompson t.3 : Le Baiser du Fer\"}]},{\"@type\":\"WebSite\",\"@id\":\"https:\/\/chtululu.be\/#website\",\"url\":\"https:\/\/chtululu.be\/\",\"name\":\"Le Chtululu\",\"description\":\"Votre librairie de seconde main \u00e0 Soignies\",\"publisher\":{\"@id\":\"https:\/\/chtululu.be\/#organization\"},\"potentialAction\":[{\"@type\":\"SearchAction\",\"target\":{\"@type\":\"EntryPoint\",\"urlTemplate\":\"https:\/\/chtululu.be\/?s={search_term_string}\"},\"query-input\":{\"@type\":\"PropertyValueSpecification\",\"valueRequired\":true,\"valueName\":\"search_term_string\"}}],\"inLanguage\":\"fr-FR\"},{\"@type\":\"Organization\",\"@id\":\"https:\/\/chtululu.be\/#organization\",\"name\":\"Le Chtululu\",\"url\":\"https:\/\/chtululu.be\/\",\"logo\":{\"@type\":\"ImageObject\",\"inLanguage\":\"fr-FR\",\"@id\":\"https:\/\/chtululu.be\/#\/schema\/logo\/image\/\",\"url\":\"https:\/\/chtululu.be\/wp-content\/uploads\/2016\/05\/logo-def-blanc.jpg\",\"contentUrl\":\"https:\/\/chtululu.be\/wp-content\/uploads\/2016\/05\/logo-def-blanc.jpg\",\"width\":2048,\"height\":1901,\"caption\":\"Le Chtululu\"},\"image\":{\"@id\":\"https:\/\/chtululu.be\/#\/schema\/logo\/image\/\"}}]}<\/script>\n<!-- \/ Yoast SEO plugin. -->","yoast_head_json":{"title":"Mercy Thompson t.3 : Le Baiser du Fer - Le Chtululu","robots":{"index":"index","follow":"follow","max-snippet":"max-snippet:-1","max-image-preview":"max-image-preview:large","max-video-preview":"max-video-preview:-1"},"canonical":"https:\/\/chtululu.be\/index.php\/produit\/mercy-thompson-t-3-baiser-fer\/","og_locale":"fr_FR","og_type":"article","og_title":"Mercy Thompson t.3 : Le Baiser du Fer - Le Chtululu","og_description":"Briggs Patricia  \"Je retroussai mes babines pour lui donner une bonne vue de mes crocs. J'avais beau ne pas peser plus de quinze kilos sous ma forme de coyote, j'\u00e9tais n\u00e9anmoins un pr\u00e9dateur...\" La forme de Mercy Thompson est peut-\u00eatre changeante, mais ce n'est pas le cas de sa loyaut\u00e9. Lorsque son ancien patron et mentor est arr\u00eat\u00e9 pour meurtre et abandonn\u00e9 par les siens, Mercy est la seule \u00e0 vouloir l'innocenter, qu'il le veuille ou non. Le c\u0153ur de Mercy , quant \u00e0 lui, est \u00e0 l'image de la nature de sa propri\u00e9taire : partag\u00e9. il balance entre deux loups-garous. Or, ces derniers ne sont pas r\u00e9put\u00e9s pour leur patience, et si elle ne parvient pas \u00e0 faire un choix, Sam et Adam s'en chargeront peut-\u00eatre pour elle...","og_url":"https:\/\/chtululu.be\/index.php\/produit\/mercy-thompson-t-3-baiser-fer\/","og_site_name":"Le Chtululu","og_image":[{"width":200,"height":323,"url":"https:\/\/chtululu.be\/wp-content\/uploads\/2017\/01\/bm_10603_571338.jpg","type":"image\/jpeg"}],"twitter_card":"summary_large_image","schema":{"@context":"https:\/\/schema.org","@graph":[{"@type":"WebPage","@id":"https:\/\/chtululu.be\/index.php\/produit\/mercy-thompson-t-3-baiser-fer\/","url":"https:\/\/chtululu.be\/index.php\/produit\/mercy-thompson-t-3-baiser-fer\/","name":"Mercy Thompson t.3 : Le Baiser du Fer - Le Chtululu","isPartOf":{"@id":"https:\/\/chtululu.be\/#website"},"primaryImageOfPage":{"@id":"https:\/\/chtululu.be\/index.php\/produit\/mercy-thompson-t-3-baiser-fer\/#primaryimage"},"image":{"@id":"https:\/\/chtululu.be\/index.php\/produit\/mercy-thompson-t-3-baiser-fer\/#primaryimage"},"thumbnailUrl":"https:\/\/chtululu.be\/wp-content\/uploads\/2017\/01\/bm_10603_571338.jpg","datePublished":"2017-01-21T10:13:41+00:00","breadcrumb":{"@id":"https:\/\/chtululu.be\/index.php\/produit\/mercy-thompson-t-3-baiser-fer\/#breadcrumb"},"inLanguage":"fr-FR","potentialAction":[{"@type":"ReadAction","target":["https:\/\/chtululu.be\/index.php\/produit\/mercy-thompson-t-3-baiser-fer\/"]}]},{"@type":"ImageObject","inLanguage":"fr-FR","@id":"https:\/\/chtululu.be\/index.php\/produit\/mercy-thompson-t-3-baiser-fer\/#primaryimage","url":"https:\/\/chtululu.be\/wp-content\/uploads\/2017\/01\/bm_10603_571338.jpg","contentUrl":"https:\/\/chtululu.be\/wp-content\/uploads\/2017\/01\/bm_10603_571338.jpg","width":200,"height":323},{"@type":"BreadcrumbList","@id":"https:\/\/chtululu.be\/index.php\/produit\/mercy-thompson-t-3-baiser-fer\/#breadcrumb","itemListElement":[{"@type":"ListItem","position":1,"name":"Accueil","item":"https:\/\/chtululu.be\/"},{"@type":"ListItem","position":2,"name":"Les livres","item":"https:\/\/chtululu.be\/index.php\/livres-doccasion\/"},{"@type":"ListItem","position":3,"name":"Mercy Thompson t.3 : Le Baiser du Fer"}]},{"@type":"WebSite","@id":"https:\/\/chtululu.be\/#website","url":"https:\/\/chtululu.be\/","name":"Le Chtululu","description":"Votre librairie de seconde main \u00e0 Soignies","publisher":{"@id":"https:\/\/chtululu.be\/#organization"},"potentialAction":[{"@type":"SearchAction","target":{"@type":"EntryPoint","urlTemplate":"https:\/\/chtululu.be\/?s={search_term_string}"},"query-input":{"@type":"PropertyValueSpecification","valueRequired":true,"valueName":"search_term_string"}}],"inLanguage":"fr-FR"},{"@type":"Organization","@id":"https:\/\/chtululu.be\/#organization","name":"Le Chtululu","url":"https:\/\/chtululu.be\/","logo":{"@type":"ImageObject","inLanguage":"fr-FR","@id":"https:\/\/chtululu.be\/#\/schema\/logo\/image\/","url":"https:\/\/chtululu.be\/wp-content\/uploads\/2016\/05\/logo-def-blanc.jpg","contentUrl":"https:\/\/chtululu.be\/wp-content\/uploads\/2016\/05\/logo-def-blanc.jpg","width":2048,"height":1901,"caption":"Le Chtululu"},"image":{"@id":"https:\/\/chtululu.be\/#\/schema\/logo\/image\/"}}]}},"_links":{"self":[{"href":"https:\/\/chtululu.be\/index.php\/wp-json\/wp\/v2\/product\/830","targetHints":{"allow":["GET"]}}],"collection":[{"href":"https:\/\/chtululu.be\/index.php\/wp-json\/wp\/v2\/product"}],"about":[{"href":"https:\/\/chtululu.be\/index.php\/wp-json\/wp\/v2\/types\/product"}],"wp:featuredmedia":[{"embeddable":true,"href":"https:\/\/chtululu.be\/index.php\/wp-json\/wp\/v2\/media\/831"}],"wp:attachment":[{"href":"https:\/\/chtululu.be\/index.php\/wp-json\/wp\/v2\/media?parent=830"}],"wp:term":[{"taxonomy":"product_brand","embeddable":true,"href":"https:\/\/chtululu.be\/index.php\/wp-json\/wp\/v2\/product_brand?post=830"},{"taxonomy":"product_cat","embeddable":true,"href":"https:\/\/chtululu.be\/index.php\/wp-json\/wp\/v2\/product_cat?post=830"},{"taxonomy":"product_tag","embeddable":true,"href":"https:\/\/chtululu.be\/index.php\/wp-json\/wp\/v2\/product_tag?post=830"}],"curies":[{"name":"wp","href":"https:\/\/api.w.org\/{rel}","templated":true}]}}