{"id":823,"date":"2017-01-21T11:02:08","date_gmt":"2017-01-21T10:02:08","guid":{"rendered":"http:\/\/chtululu.be\/?post_type=product&#038;p=823"},"modified":"2017-01-21T11:02:08","modified_gmt":"2017-01-21T10:02:08","slug":"succubus-nights","status":"publish","type":"product","link":"https:\/\/chtululu.be\/index.php\/produit\/succubus-nights\/","title":{"rendered":"Succubus Nights"},"content":{"rendered":"","protected":false},"excerpt":{"rendered":"<p><strong>Mead Richelle<\/strong><\/p>\n<p>L\u2019amour, \u00e7a fait mal. Et nul ne le sait mieux que Georgina Kincaid, \u00e0 qui il suffirait d\u2019embrasser son petit ami pour le vider de sa force vitale. Car Georgina est un succube, un d\u00e9mon qui tire son pouvoir du plaisir des hommes. C\u2019est vrai qu\u2019il y a des compensations plut\u00f4t sympas : elle peut changer de corps \u00e0 volont\u00e9 et elle est immortelle. Mais ne pas pouvoir roucouler avec le seul homme qui l\u2019accepte comme elle est, c\u2019est trop injuste !<br \/>\nDans la librairie o\u00f9 elle travaille, c\u2019est aussi un peu chaotique. Son coll\u00e8gue Doug a un comportement pour le moins \u00e9trange et Georgina soup\u00e7onne quelque chose de bien plus d\u00e9moniaque qu\u2019une overdose d\u2019expressos. Et voil\u00e0 que son meilleur ami immortel, un incube irr\u00e9sistible, l\u2019appelle sur une mission de s\u00e9duction plus que d\u00e9licate.<br \/>\nUne fois encore, Georgina va devoir remuer le ciel et l\u2019enfer \u2013 et vite !<\/p>\n","protected":false},"featured_media":824,"template":"","meta":{"_acf_changed":false,"_exactmetrics_skip_tracking":false,"_exactmetrics_sitenote_active":false,"_exactmetrics_sitenote_note":"","_exactmetrics_sitenote_category":0},"product_brand":[],"product_cat":[24],"product_tag":[226,233],"class_list":{"0":"post-823","1":"product","2":"type-product","3":"status-publish","4":"has-post-thumbnail","6":"product_cat-roman","7":"product_tag-bit-lit","8":"product_tag-mead-richelle","10":"first","11":"outofstock","12":"sold-individually","13":"taxable","14":"shipping-taxable","15":"purchasable","16":"product-type-simple"},"acf":[],"yoast_head":"<!-- This site is optimized with the Yoast SEO plugin v26.6 - https:\/\/yoast.com\/wordpress\/plugins\/seo\/ -->\n<title>Succubus Nights - Le Chtululu<\/title>\n<meta name=\"robots\" content=\"index, follow, max-snippet:-1, max-image-preview:large, max-video-preview:-1\" \/>\n<link rel=\"canonical\" href=\"https:\/\/chtululu.be\/index.php\/produit\/succubus-nights\/\" \/>\n<meta property=\"og:locale\" content=\"fr_FR\" \/>\n<meta property=\"og:type\" content=\"article\" \/>\n<meta property=\"og:title\" content=\"Succubus Nights - Le Chtululu\" \/>\n<meta property=\"og:description\" content=\"Mead Richelle  L\u2019amour, \u00e7a fait mal. Et nul ne le sait mieux que Georgina Kincaid, \u00e0 qui il suffirait d\u2019embrasser son petit ami pour le vider de sa force vitale. Car Georgina est un succube, un d\u00e9mon qui tire son pouvoir du plaisir des hommes. C\u2019est vrai qu\u2019il y a des compensations plut\u00f4t sympas : elle peut changer de corps \u00e0 volont\u00e9 et elle est immortelle. Mais ne pas pouvoir roucouler avec le seul homme qui l\u2019accepte comme elle est, c\u2019est trop injuste ! Dans la librairie o\u00f9 elle travaille, c\u2019est aussi un peu chaotique. Son coll\u00e8gue Doug a un comportement pour le moins \u00e9trange et Georgina soup\u00e7onne quelque chose de bien plus d\u00e9moniaque qu\u2019une overdose d\u2019expressos. Et voil\u00e0 que son meilleur ami immortel, un incube irr\u00e9sistible, l\u2019appelle sur une mission de s\u00e9duction plus que d\u00e9licate. Une fois encore, Georgina va devoir remuer le ciel et l\u2019enfer \u2013 et vite !\" \/>\n<meta property=\"og:url\" content=\"https:\/\/chtululu.be\/index.php\/produit\/succubus-nights\/\" \/>\n<meta property=\"og:site_name\" content=\"Le Chtululu\" \/>\n<meta property=\"og:image\" content=\"https:\/\/chtululu.be\/wp-content\/uploads\/2017\/01\/0907-succubus2.jpg\" \/>\n\t<meta property=\"og:image:width\" content=\"200\" \/>\n\t<meta property=\"og:image:height\" content=\"309\" \/>\n\t<meta property=\"og:image:type\" content=\"image\/jpeg\" \/>\n<meta name=\"twitter:card\" content=\"summary_large_image\" \/>\n<script type=\"application\/ld+json\" class=\"yoast-schema-graph\">{\"@context\":\"https:\/\/schema.org\",\"@graph\":[{\"@type\":\"WebPage\",\"@id\":\"https:\/\/chtululu.be\/index.php\/produit\/succubus-nights\/\",\"url\":\"https:\/\/chtululu.be\/index.php\/produit\/succubus-nights\/\",\"name\":\"Succubus Nights - Le Chtululu\",\"isPartOf\":{\"@id\":\"https:\/\/chtululu.be\/#website\"},\"primaryImageOfPage\":{\"@id\":\"https:\/\/chtululu.be\/index.php\/produit\/succubus-nights\/#primaryimage\"},\"image\":{\"@id\":\"https:\/\/chtululu.be\/index.php\/produit\/succubus-nights\/#primaryimage\"},\"thumbnailUrl\":\"https:\/\/chtululu.be\/wp-content\/uploads\/2017\/01\/0907-succubus2.jpg\",\"datePublished\":\"2017-01-21T10:02:08+00:00\",\"breadcrumb\":{\"@id\":\"https:\/\/chtululu.be\/index.php\/produit\/succubus-nights\/#breadcrumb\"},\"inLanguage\":\"fr-FR\",\"potentialAction\":[{\"@type\":\"ReadAction\",\"target\":[\"https:\/\/chtululu.be\/index.php\/produit\/succubus-nights\/\"]}]},{\"@type\":\"ImageObject\",\"inLanguage\":\"fr-FR\",\"@id\":\"https:\/\/chtululu.be\/index.php\/produit\/succubus-nights\/#primaryimage\",\"url\":\"https:\/\/chtululu.be\/wp-content\/uploads\/2017\/01\/0907-succubus2.jpg\",\"contentUrl\":\"https:\/\/chtululu.be\/wp-content\/uploads\/2017\/01\/0907-succubus2.jpg\",\"width\":200,\"height\":309},{\"@type\":\"BreadcrumbList\",\"@id\":\"https:\/\/chtululu.be\/index.php\/produit\/succubus-nights\/#breadcrumb\",\"itemListElement\":[{\"@type\":\"ListItem\",\"position\":1,\"name\":\"Accueil\",\"item\":\"https:\/\/chtululu.be\/\"},{\"@type\":\"ListItem\",\"position\":2,\"name\":\"Les livres\",\"item\":\"https:\/\/chtululu.be\/index.php\/livres-doccasion\/\"},{\"@type\":\"ListItem\",\"position\":3,\"name\":\"Succubus Nights\"}]},{\"@type\":\"WebSite\",\"@id\":\"https:\/\/chtululu.be\/#website\",\"url\":\"https:\/\/chtululu.be\/\",\"name\":\"Le Chtululu\",\"description\":\"Votre librairie de seconde main \u00e0 Soignies\",\"publisher\":{\"@id\":\"https:\/\/chtululu.be\/#organization\"},\"potentialAction\":[{\"@type\":\"SearchAction\",\"target\":{\"@type\":\"EntryPoint\",\"urlTemplate\":\"https:\/\/chtululu.be\/?s={search_term_string}\"},\"query-input\":{\"@type\":\"PropertyValueSpecification\",\"valueRequired\":true,\"valueName\":\"search_term_string\"}}],\"inLanguage\":\"fr-FR\"},{\"@type\":\"Organization\",\"@id\":\"https:\/\/chtululu.be\/#organization\",\"name\":\"Le Chtululu\",\"url\":\"https:\/\/chtululu.be\/\",\"logo\":{\"@type\":\"ImageObject\",\"inLanguage\":\"fr-FR\",\"@id\":\"https:\/\/chtululu.be\/#\/schema\/logo\/image\/\",\"url\":\"https:\/\/chtululu.be\/wp-content\/uploads\/2016\/05\/logo-def-blanc.jpg\",\"contentUrl\":\"https:\/\/chtululu.be\/wp-content\/uploads\/2016\/05\/logo-def-blanc.jpg\",\"width\":2048,\"height\":1901,\"caption\":\"Le Chtululu\"},\"image\":{\"@id\":\"https:\/\/chtululu.be\/#\/schema\/logo\/image\/\"}}]}<\/script>\n<!-- \/ Yoast SEO plugin. -->","yoast_head_json":{"title":"Succubus Nights - Le Chtululu","robots":{"index":"index","follow":"follow","max-snippet":"max-snippet:-1","max-image-preview":"max-image-preview:large","max-video-preview":"max-video-preview:-1"},"canonical":"https:\/\/chtululu.be\/index.php\/produit\/succubus-nights\/","og_locale":"fr_FR","og_type":"article","og_title":"Succubus Nights - Le Chtululu","og_description":"Mead Richelle  L\u2019amour, \u00e7a fait mal. Et nul ne le sait mieux que Georgina Kincaid, \u00e0 qui il suffirait d\u2019embrasser son petit ami pour le vider de sa force vitale. Car Georgina est un succube, un d\u00e9mon qui tire son pouvoir du plaisir des hommes. C\u2019est vrai qu\u2019il y a des compensations plut\u00f4t sympas : elle peut changer de corps \u00e0 volont\u00e9 et elle est immortelle. Mais ne pas pouvoir roucouler avec le seul homme qui l\u2019accepte comme elle est, c\u2019est trop injuste ! Dans la librairie o\u00f9 elle travaille, c\u2019est aussi un peu chaotique. Son coll\u00e8gue Doug a un comportement pour le moins \u00e9trange et Georgina soup\u00e7onne quelque chose de bien plus d\u00e9moniaque qu\u2019une overdose d\u2019expressos. Et voil\u00e0 que son meilleur ami immortel, un incube irr\u00e9sistible, l\u2019appelle sur une mission de s\u00e9duction plus que d\u00e9licate. Une fois encore, Georgina va devoir remuer le ciel et l\u2019enfer \u2013 et vite !","og_url":"https:\/\/chtululu.be\/index.php\/produit\/succubus-nights\/","og_site_name":"Le Chtululu","og_image":[{"width":200,"height":309,"url":"https:\/\/chtululu.be\/wp-content\/uploads\/2017\/01\/0907-succubus2.jpg","type":"image\/jpeg"}],"twitter_card":"summary_large_image","schema":{"@context":"https:\/\/schema.org","@graph":[{"@type":"WebPage","@id":"https:\/\/chtululu.be\/index.php\/produit\/succubus-nights\/","url":"https:\/\/chtululu.be\/index.php\/produit\/succubus-nights\/","name":"Succubus Nights - Le Chtululu","isPartOf":{"@id":"https:\/\/chtululu.be\/#website"},"primaryImageOfPage":{"@id":"https:\/\/chtululu.be\/index.php\/produit\/succubus-nights\/#primaryimage"},"image":{"@id":"https:\/\/chtululu.be\/index.php\/produit\/succubus-nights\/#primaryimage"},"thumbnailUrl":"https:\/\/chtululu.be\/wp-content\/uploads\/2017\/01\/0907-succubus2.jpg","datePublished":"2017-01-21T10:02:08+00:00","breadcrumb":{"@id":"https:\/\/chtululu.be\/index.php\/produit\/succubus-nights\/#breadcrumb"},"inLanguage":"fr-FR","potentialAction":[{"@type":"ReadAction","target":["https:\/\/chtululu.be\/index.php\/produit\/succubus-nights\/"]}]},{"@type":"ImageObject","inLanguage":"fr-FR","@id":"https:\/\/chtululu.be\/index.php\/produit\/succubus-nights\/#primaryimage","url":"https:\/\/chtululu.be\/wp-content\/uploads\/2017\/01\/0907-succubus2.jpg","contentUrl":"https:\/\/chtululu.be\/wp-content\/uploads\/2017\/01\/0907-succubus2.jpg","width":200,"height":309},{"@type":"BreadcrumbList","@id":"https:\/\/chtululu.be\/index.php\/produit\/succubus-nights\/#breadcrumb","itemListElement":[{"@type":"ListItem","position":1,"name":"Accueil","item":"https:\/\/chtululu.be\/"},{"@type":"ListItem","position":2,"name":"Les livres","item":"https:\/\/chtululu.be\/index.php\/livres-doccasion\/"},{"@type":"ListItem","position":3,"name":"Succubus Nights"}]},{"@type":"WebSite","@id":"https:\/\/chtululu.be\/#website","url":"https:\/\/chtululu.be\/","name":"Le Chtululu","description":"Votre librairie de seconde main \u00e0 Soignies","publisher":{"@id":"https:\/\/chtululu.be\/#organization"},"potentialAction":[{"@type":"SearchAction","target":{"@type":"EntryPoint","urlTemplate":"https:\/\/chtululu.be\/?s={search_term_string}"},"query-input":{"@type":"PropertyValueSpecification","valueRequired":true,"valueName":"search_term_string"}}],"inLanguage":"fr-FR"},{"@type":"Organization","@id":"https:\/\/chtululu.be\/#organization","name":"Le Chtululu","url":"https:\/\/chtululu.be\/","logo":{"@type":"ImageObject","inLanguage":"fr-FR","@id":"https:\/\/chtululu.be\/#\/schema\/logo\/image\/","url":"https:\/\/chtululu.be\/wp-content\/uploads\/2016\/05\/logo-def-blanc.jpg","contentUrl":"https:\/\/chtululu.be\/wp-content\/uploads\/2016\/05\/logo-def-blanc.jpg","width":2048,"height":1901,"caption":"Le Chtululu"},"image":{"@id":"https:\/\/chtululu.be\/#\/schema\/logo\/image\/"}}]}},"_links":{"self":[{"href":"https:\/\/chtululu.be\/index.php\/wp-json\/wp\/v2\/product\/823","targetHints":{"allow":["GET"]}}],"collection":[{"href":"https:\/\/chtululu.be\/index.php\/wp-json\/wp\/v2\/product"}],"about":[{"href":"https:\/\/chtululu.be\/index.php\/wp-json\/wp\/v2\/types\/product"}],"wp:featuredmedia":[{"embeddable":true,"href":"https:\/\/chtululu.be\/index.php\/wp-json\/wp\/v2\/media\/824"}],"wp:attachment":[{"href":"https:\/\/chtululu.be\/index.php\/wp-json\/wp\/v2\/media?parent=823"}],"wp:term":[{"taxonomy":"product_brand","embeddable":true,"href":"https:\/\/chtululu.be\/index.php\/wp-json\/wp\/v2\/product_brand?post=823"},{"taxonomy":"product_cat","embeddable":true,"href":"https:\/\/chtululu.be\/index.php\/wp-json\/wp\/v2\/product_cat?post=823"},{"taxonomy":"product_tag","embeddable":true,"href":"https:\/\/chtululu.be\/index.php\/wp-json\/wp\/v2\/product_tag?post=823"}],"curies":[{"name":"wp","href":"https:\/\/api.w.org\/{rel}","templated":true}]}}