{"id":815,"date":"2017-01-19T22:40:15","date_gmt":"2017-01-19T21:40:15","guid":{"rendered":"http:\/\/chtululu.be\/?post_type=product&#038;p=815"},"modified":"2017-01-19T22:40:15","modified_gmt":"2017-01-19T21:40:15","slug":"night-world-t-1-secret-vampire","status":"publish","type":"product","link":"https:\/\/chtululu.be\/index.php\/produit\/night-world-t-1-secret-vampire\/","title":{"rendered":"Night World t.1 : Le secret du vampire"},"content":{"rendered":"","protected":false},"excerpt":{"rendered":"<p><strong>Smith L. J.<\/strong><\/p>\n<p>Il n&rsquo;y aplus aucun espoir pour Poppy: sa maladie est incurable. Elle se pr\u00e9pare donc au pire. Jusqu&rsquo;\u00e0 ce que James, le plus beau gar\u00e7on du lyc\u00e9e qu&rsquo;elle aime en secret, lui fasse le plus fabuleux des cadeaux: un baiser vertigineux qui lui donne acc\u00e9s \u00e0 son \u00e2me. Elle apprend ainsi que James partage ses sentiments depuis toujorus, mais fait partie du NIght World.<br \/>\nBravant les interdits de son monde, le jeune homme propose \u00e0 Poppy de le suivre jusqu&rsquo;\u00e0 la mort, et m\u00eame au del\u00e0. Mais il lui faudrait pour cela devenir un vampire.<\/p>\n","protected":false},"featured_media":816,"template":"","meta":{"_acf_changed":false,"_exactmetrics_skip_tracking":false,"_exactmetrics_sitenote_active":false,"_exactmetrics_sitenote_note":"","_exactmetrics_sitenote_category":0},"product_brand":[],"product_cat":[24],"product_tag":[226,230],"class_list":{"0":"post-815","1":"product","2":"type-product","3":"status-publish","4":"has-post-thumbnail","6":"product_cat-roman","7":"product_tag-bit-lit","8":"product_tag-smith-l-j","10":"first","11":"instock","12":"sold-individually","13":"taxable","14":"shipping-taxable","15":"purchasable","16":"product-type-simple"},"acf":[],"yoast_head":"<!-- This site is optimized with the Yoast SEO plugin v26.6 - https:\/\/yoast.com\/wordpress\/plugins\/seo\/ -->\n<title>Night World t.1 : Le secret du vampire - Le Chtululu<\/title>\n<meta name=\"robots\" content=\"index, follow, max-snippet:-1, max-image-preview:large, max-video-preview:-1\" \/>\n<link rel=\"canonical\" href=\"https:\/\/chtululu.be\/index.php\/produit\/night-world-t-1-secret-vampire\/\" \/>\n<meta property=\"og:locale\" content=\"fr_FR\" \/>\n<meta property=\"og:type\" content=\"article\" \/>\n<meta property=\"og:title\" content=\"Night World t.1 : Le secret du vampire - Le Chtululu\" \/>\n<meta property=\"og:description\" content=\"Smith L. J.  Il n&#039;y aplus aucun espoir pour Poppy: sa maladie est incurable. Elle se pr\u00e9pare donc au pire. Jusqu&#039;\u00e0 ce que James, le plus beau gar\u00e7on du lyc\u00e9e qu&#039;elle aime en secret, lui fasse le plus fabuleux des cadeaux: un baiser vertigineux qui lui donne acc\u00e9s \u00e0 son \u00e2me. Elle apprend ainsi que James partage ses sentiments depuis toujorus, mais fait partie du NIght World. Bravant les interdits de son monde, le jeune homme propose \u00e0 Poppy de le suivre jusqu&#039;\u00e0 la mort, et m\u00eame au del\u00e0. Mais il lui faudrait pour cela devenir un vampire.\" \/>\n<meta property=\"og:url\" content=\"https:\/\/chtululu.be\/index.php\/produit\/night-world-t-1-secret-vampire\/\" \/>\n<meta property=\"og:site_name\" content=\"Le Chtululu\" \/>\n<meta property=\"og:image\" content=\"https:\/\/chtululu.be\/wp-content\/uploads\/2017\/01\/night-world-1.jpg\" \/>\n\t<meta property=\"og:image:width\" content=\"200\" \/>\n\t<meta property=\"og:image:height\" content=\"327\" \/>\n\t<meta property=\"og:image:type\" content=\"image\/jpeg\" \/>\n<meta name=\"twitter:card\" content=\"summary_large_image\" \/>\n<script type=\"application\/ld+json\" class=\"yoast-schema-graph\">{\"@context\":\"https:\/\/schema.org\",\"@graph\":[{\"@type\":\"WebPage\",\"@id\":\"https:\/\/chtululu.be\/index.php\/produit\/night-world-t-1-secret-vampire\/\",\"url\":\"https:\/\/chtululu.be\/index.php\/produit\/night-world-t-1-secret-vampire\/\",\"name\":\"Night World t.1 : Le secret du vampire - Le Chtululu\",\"isPartOf\":{\"@id\":\"https:\/\/chtululu.be\/#website\"},\"primaryImageOfPage\":{\"@id\":\"https:\/\/chtululu.be\/index.php\/produit\/night-world-t-1-secret-vampire\/#primaryimage\"},\"image\":{\"@id\":\"https:\/\/chtululu.be\/index.php\/produit\/night-world-t-1-secret-vampire\/#primaryimage\"},\"thumbnailUrl\":\"https:\/\/chtululu.be\/wp-content\/uploads\/2017\/01\/night-world-1.jpg\",\"datePublished\":\"2017-01-19T21:40:15+00:00\",\"breadcrumb\":{\"@id\":\"https:\/\/chtululu.be\/index.php\/produit\/night-world-t-1-secret-vampire\/#breadcrumb\"},\"inLanguage\":\"fr-FR\",\"potentialAction\":[{\"@type\":\"ReadAction\",\"target\":[\"https:\/\/chtululu.be\/index.php\/produit\/night-world-t-1-secret-vampire\/\"]}]},{\"@type\":\"ImageObject\",\"inLanguage\":\"fr-FR\",\"@id\":\"https:\/\/chtululu.be\/index.php\/produit\/night-world-t-1-secret-vampire\/#primaryimage\",\"url\":\"https:\/\/chtululu.be\/wp-content\/uploads\/2017\/01\/night-world-1.jpg\",\"contentUrl\":\"https:\/\/chtululu.be\/wp-content\/uploads\/2017\/01\/night-world-1.jpg\",\"width\":200,\"height\":327},{\"@type\":\"BreadcrumbList\",\"@id\":\"https:\/\/chtululu.be\/index.php\/produit\/night-world-t-1-secret-vampire\/#breadcrumb\",\"itemListElement\":[{\"@type\":\"ListItem\",\"position\":1,\"name\":\"Accueil\",\"item\":\"https:\/\/chtululu.be\/\"},{\"@type\":\"ListItem\",\"position\":2,\"name\":\"Les livres\",\"item\":\"https:\/\/chtululu.be\/index.php\/livres-doccasion\/\"},{\"@type\":\"ListItem\",\"position\":3,\"name\":\"Night World t.1 : Le secret du vampire\"}]},{\"@type\":\"WebSite\",\"@id\":\"https:\/\/chtululu.be\/#website\",\"url\":\"https:\/\/chtululu.be\/\",\"name\":\"Le Chtululu\",\"description\":\"Votre librairie de seconde main \u00e0 Soignies\",\"publisher\":{\"@id\":\"https:\/\/chtululu.be\/#organization\"},\"potentialAction\":[{\"@type\":\"SearchAction\",\"target\":{\"@type\":\"EntryPoint\",\"urlTemplate\":\"https:\/\/chtululu.be\/?s={search_term_string}\"},\"query-input\":{\"@type\":\"PropertyValueSpecification\",\"valueRequired\":true,\"valueName\":\"search_term_string\"}}],\"inLanguage\":\"fr-FR\"},{\"@type\":\"Organization\",\"@id\":\"https:\/\/chtululu.be\/#organization\",\"name\":\"Le Chtululu\",\"url\":\"https:\/\/chtululu.be\/\",\"logo\":{\"@type\":\"ImageObject\",\"inLanguage\":\"fr-FR\",\"@id\":\"https:\/\/chtululu.be\/#\/schema\/logo\/image\/\",\"url\":\"https:\/\/chtululu.be\/wp-content\/uploads\/2016\/05\/logo-def-blanc.jpg\",\"contentUrl\":\"https:\/\/chtululu.be\/wp-content\/uploads\/2016\/05\/logo-def-blanc.jpg\",\"width\":2048,\"height\":1901,\"caption\":\"Le Chtululu\"},\"image\":{\"@id\":\"https:\/\/chtululu.be\/#\/schema\/logo\/image\/\"}}]}<\/script>\n<!-- \/ Yoast SEO plugin. -->","yoast_head_json":{"title":"Night World t.1 : Le secret du vampire - Le Chtululu","robots":{"index":"index","follow":"follow","max-snippet":"max-snippet:-1","max-image-preview":"max-image-preview:large","max-video-preview":"max-video-preview:-1"},"canonical":"https:\/\/chtululu.be\/index.php\/produit\/night-world-t-1-secret-vampire\/","og_locale":"fr_FR","og_type":"article","og_title":"Night World t.1 : Le secret du vampire - Le Chtululu","og_description":"Smith L. J.  Il n'y aplus aucun espoir pour Poppy: sa maladie est incurable. Elle se pr\u00e9pare donc au pire. Jusqu'\u00e0 ce que James, le plus beau gar\u00e7on du lyc\u00e9e qu'elle aime en secret, lui fasse le plus fabuleux des cadeaux: un baiser vertigineux qui lui donne acc\u00e9s \u00e0 son \u00e2me. Elle apprend ainsi que James partage ses sentiments depuis toujorus, mais fait partie du NIght World. Bravant les interdits de son monde, le jeune homme propose \u00e0 Poppy de le suivre jusqu'\u00e0 la mort, et m\u00eame au del\u00e0. Mais il lui faudrait pour cela devenir un vampire.","og_url":"https:\/\/chtululu.be\/index.php\/produit\/night-world-t-1-secret-vampire\/","og_site_name":"Le Chtululu","og_image":[{"width":200,"height":327,"url":"https:\/\/chtululu.be\/wp-content\/uploads\/2017\/01\/night-world-1.jpg","type":"image\/jpeg"}],"twitter_card":"summary_large_image","schema":{"@context":"https:\/\/schema.org","@graph":[{"@type":"WebPage","@id":"https:\/\/chtululu.be\/index.php\/produit\/night-world-t-1-secret-vampire\/","url":"https:\/\/chtululu.be\/index.php\/produit\/night-world-t-1-secret-vampire\/","name":"Night World t.1 : Le secret du vampire - Le Chtululu","isPartOf":{"@id":"https:\/\/chtululu.be\/#website"},"primaryImageOfPage":{"@id":"https:\/\/chtululu.be\/index.php\/produit\/night-world-t-1-secret-vampire\/#primaryimage"},"image":{"@id":"https:\/\/chtululu.be\/index.php\/produit\/night-world-t-1-secret-vampire\/#primaryimage"},"thumbnailUrl":"https:\/\/chtululu.be\/wp-content\/uploads\/2017\/01\/night-world-1.jpg","datePublished":"2017-01-19T21:40:15+00:00","breadcrumb":{"@id":"https:\/\/chtululu.be\/index.php\/produit\/night-world-t-1-secret-vampire\/#breadcrumb"},"inLanguage":"fr-FR","potentialAction":[{"@type":"ReadAction","target":["https:\/\/chtululu.be\/index.php\/produit\/night-world-t-1-secret-vampire\/"]}]},{"@type":"ImageObject","inLanguage":"fr-FR","@id":"https:\/\/chtululu.be\/index.php\/produit\/night-world-t-1-secret-vampire\/#primaryimage","url":"https:\/\/chtululu.be\/wp-content\/uploads\/2017\/01\/night-world-1.jpg","contentUrl":"https:\/\/chtululu.be\/wp-content\/uploads\/2017\/01\/night-world-1.jpg","width":200,"height":327},{"@type":"BreadcrumbList","@id":"https:\/\/chtululu.be\/index.php\/produit\/night-world-t-1-secret-vampire\/#breadcrumb","itemListElement":[{"@type":"ListItem","position":1,"name":"Accueil","item":"https:\/\/chtululu.be\/"},{"@type":"ListItem","position":2,"name":"Les livres","item":"https:\/\/chtululu.be\/index.php\/livres-doccasion\/"},{"@type":"ListItem","position":3,"name":"Night World t.1 : Le secret du vampire"}]},{"@type":"WebSite","@id":"https:\/\/chtululu.be\/#website","url":"https:\/\/chtululu.be\/","name":"Le Chtululu","description":"Votre librairie de seconde main \u00e0 Soignies","publisher":{"@id":"https:\/\/chtululu.be\/#organization"},"potentialAction":[{"@type":"SearchAction","target":{"@type":"EntryPoint","urlTemplate":"https:\/\/chtululu.be\/?s={search_term_string}"},"query-input":{"@type":"PropertyValueSpecification","valueRequired":true,"valueName":"search_term_string"}}],"inLanguage":"fr-FR"},{"@type":"Organization","@id":"https:\/\/chtululu.be\/#organization","name":"Le Chtululu","url":"https:\/\/chtululu.be\/","logo":{"@type":"ImageObject","inLanguage":"fr-FR","@id":"https:\/\/chtululu.be\/#\/schema\/logo\/image\/","url":"https:\/\/chtululu.be\/wp-content\/uploads\/2016\/05\/logo-def-blanc.jpg","contentUrl":"https:\/\/chtululu.be\/wp-content\/uploads\/2016\/05\/logo-def-blanc.jpg","width":2048,"height":1901,"caption":"Le Chtululu"},"image":{"@id":"https:\/\/chtululu.be\/#\/schema\/logo\/image\/"}}]}},"_links":{"self":[{"href":"https:\/\/chtululu.be\/index.php\/wp-json\/wp\/v2\/product\/815","targetHints":{"allow":["GET"]}}],"collection":[{"href":"https:\/\/chtululu.be\/index.php\/wp-json\/wp\/v2\/product"}],"about":[{"href":"https:\/\/chtululu.be\/index.php\/wp-json\/wp\/v2\/types\/product"}],"wp:featuredmedia":[{"embeddable":true,"href":"https:\/\/chtululu.be\/index.php\/wp-json\/wp\/v2\/media\/816"}],"wp:attachment":[{"href":"https:\/\/chtululu.be\/index.php\/wp-json\/wp\/v2\/media?parent=815"}],"wp:term":[{"taxonomy":"product_brand","embeddable":true,"href":"https:\/\/chtululu.be\/index.php\/wp-json\/wp\/v2\/product_brand?post=815"},{"taxonomy":"product_cat","embeddable":true,"href":"https:\/\/chtululu.be\/index.php\/wp-json\/wp\/v2\/product_cat?post=815"},{"taxonomy":"product_tag","embeddable":true,"href":"https:\/\/chtululu.be\/index.php\/wp-json\/wp\/v2\/product_tag?post=815"}],"curies":[{"name":"wp","href":"https:\/\/api.w.org\/{rel}","templated":true}]}}