{"id":805,"date":"2017-01-19T22:15:07","date_gmt":"2017-01-19T21:15:07","guid":{"rendered":"http:\/\/chtululu.be\/?post_type=product&#038;p=805"},"modified":"2017-01-19T22:15:07","modified_gmt":"2017-01-19T21:15:07","slug":"night-world-t-3-ensorceleuse","status":"publish","type":"product","link":"https:\/\/chtululu.be\/index.php\/produit\/night-world-t-3-ensorceleuse\/","title":{"rendered":"Night World t.3 : Ensorceleuse"},"content":{"rendered":"","protected":false},"excerpt":{"rendered":"<p><strong>Smith L.J.<\/strong><\/p>\n<p>Le Night World ne se limite pas \u00e0 un endroit pr\u00e9cis. Il nous entoure. Ses lois sont tr\u00e8s claires: sous aucun pr\u00e9texte son existence ne doit \u00eatre r\u00e9v\u00e9l\u00e9e \u00e0 qui que ce soit d&rsquo;ext\u00e9rieur. Et ses membres ne doivent pas tomber amoureux d&rsquo;un individu de la race humaine. Sous peine de cons\u00e9quences terrifiantes. D\u00e9couvrez ce qui arrive \u00e0 ceux qui enfreignent les r\u00e8gles&#8230; Blaise fait chavirer les coeurs. Sa beaut\u00e9 sombre et incandescente inspire le d\u00e9sir et la jalousie. Cette cruelle sorci\u00e8re a le pouvoir de r\u00e9duire la gent masculine en esclavage. Alors qu&rsquo;elle recherche une nouvelle victime, elle rencontre Eric, qui semble \u00eatre la proie parfaite. Sa cousine Thea, qui n&rsquo;est pas indiff\u00e9rente aux charmes de celui-ci, comprend ses desseins mal\u00e9fiques et la pr\u00e9vient: \u00a0\u00bb Pas touche! \u00ab\u00a0. Or la magie noire de Blaise est puissante. Le seul moyen pour Thea de riposter est d&rsquo;utiliser sa magie blanche pour ensorceler Eric en premier. Mais les lois de son monde, le Night World, sont claires : en aucun cas elle ne doit tomber amoureuse d&rsquo;un humain. Alors que la nuit des sorci\u00e8res approche, Thea pourra-t-elle sauver Eric des griffes de Blaise et elle-m\u00eame de ses sentiments interdits? Jamais il n&rsquo;a \u00e9t\u00e9 aussi dangereux d&rsquo;aimer.<\/p>\n","protected":false},"featured_media":806,"template":"","meta":{"_acf_changed":false,"_exactmetrics_skip_tracking":false,"_exactmetrics_sitenote_active":false,"_exactmetrics_sitenote_note":"","_exactmetrics_sitenote_category":0},"product_brand":[],"product_cat":[24],"product_tag":[226,231,230],"class_list":{"0":"post-805","1":"product","2":"type-product","3":"status-publish","4":"has-post-thumbnail","6":"product_cat-roman","7":"product_tag-bit-lit","8":"product_tag-night-world","9":"product_tag-smith-l-j","11":"first","12":"instock","13":"sold-individually","14":"taxable","15":"shipping-taxable","16":"purchasable","17":"product-type-simple"},"acf":[],"yoast_head":"<!-- This site is optimized with the Yoast SEO plugin v26.6 - https:\/\/yoast.com\/wordpress\/plugins\/seo\/ -->\n<title>Night World t.3 : Ensorceleuse - Le Chtululu<\/title>\n<meta name=\"robots\" content=\"index, follow, max-snippet:-1, max-image-preview:large, max-video-preview:-1\" \/>\n<link rel=\"canonical\" href=\"https:\/\/chtululu.be\/index.php\/produit\/night-world-t-3-ensorceleuse\/\" \/>\n<meta property=\"og:locale\" content=\"fr_FR\" \/>\n<meta property=\"og:type\" content=\"article\" \/>\n<meta property=\"og:title\" content=\"Night World t.3 : Ensorceleuse - Le Chtululu\" \/>\n<meta property=\"og:description\" content=\"Smith L.J.  Le Night World ne se limite pas \u00e0 un endroit pr\u00e9cis. Il nous entoure. Ses lois sont tr\u00e8s claires: sous aucun pr\u00e9texte son existence ne doit \u00eatre r\u00e9v\u00e9l\u00e9e \u00e0 qui que ce soit d&#039;ext\u00e9rieur. Et ses membres ne doivent pas tomber amoureux d&#039;un individu de la race humaine. Sous peine de cons\u00e9quences terrifiantes. D\u00e9couvrez ce qui arrive \u00e0 ceux qui enfreignent les r\u00e8gles... Blaise fait chavirer les coeurs. Sa beaut\u00e9 sombre et incandescente inspire le d\u00e9sir et la jalousie. Cette cruelle sorci\u00e8re a le pouvoir de r\u00e9duire la gent masculine en esclavage. Alors qu&#039;elle recherche une nouvelle victime, elle rencontre Eric, qui semble \u00eatre la proie parfaite. Sa cousine Thea, qui n&#039;est pas indiff\u00e9rente aux charmes de celui-ci, comprend ses desseins mal\u00e9fiques et la pr\u00e9vient: &quot; Pas touche! &quot;. Or la magie noire de Blaise est puissante. Le seul moyen pour Thea de riposter est d&#039;utiliser sa magie blanche pour ensorceler Eric en premier. Mais les lois de son monde, le Night World, sont claires : en aucun cas elle ne doit tomber amoureuse d&#039;un humain. Alors que la nuit des sorci\u00e8res approche, Thea pourra-t-elle sauver Eric des griffes de Blaise et elle-m\u00eame de ses sentiments interdits? Jamais il n&#039;a \u00e9t\u00e9 aussi dangereux d&#039;aimer.\" \/>\n<meta property=\"og:url\" content=\"https:\/\/chtululu.be\/index.php\/produit\/night-world-t-3-ensorceleuse\/\" \/>\n<meta property=\"og:site_name\" content=\"Le Chtululu\" \/>\n<meta property=\"og:image\" content=\"https:\/\/chtululu.be\/wp-content\/uploads\/2017\/01\/night-world.jpg\" \/>\n\t<meta property=\"og:image:width\" content=\"200\" \/>\n\t<meta property=\"og:image:height\" content=\"317\" \/>\n\t<meta property=\"og:image:type\" content=\"image\/jpeg\" \/>\n<meta name=\"twitter:card\" content=\"summary_large_image\" \/>\n<script type=\"application\/ld+json\" class=\"yoast-schema-graph\">{\"@context\":\"https:\/\/schema.org\",\"@graph\":[{\"@type\":\"WebPage\",\"@id\":\"https:\/\/chtululu.be\/index.php\/produit\/night-world-t-3-ensorceleuse\/\",\"url\":\"https:\/\/chtululu.be\/index.php\/produit\/night-world-t-3-ensorceleuse\/\",\"name\":\"Night World t.3 : Ensorceleuse - Le Chtululu\",\"isPartOf\":{\"@id\":\"https:\/\/chtululu.be\/#website\"},\"primaryImageOfPage\":{\"@id\":\"https:\/\/chtululu.be\/index.php\/produit\/night-world-t-3-ensorceleuse\/#primaryimage\"},\"image\":{\"@id\":\"https:\/\/chtululu.be\/index.php\/produit\/night-world-t-3-ensorceleuse\/#primaryimage\"},\"thumbnailUrl\":\"https:\/\/chtululu.be\/wp-content\/uploads\/2017\/01\/night-world.jpg\",\"datePublished\":\"2017-01-19T21:15:07+00:00\",\"breadcrumb\":{\"@id\":\"https:\/\/chtululu.be\/index.php\/produit\/night-world-t-3-ensorceleuse\/#breadcrumb\"},\"inLanguage\":\"fr-FR\",\"potentialAction\":[{\"@type\":\"ReadAction\",\"target\":[\"https:\/\/chtululu.be\/index.php\/produit\/night-world-t-3-ensorceleuse\/\"]}]},{\"@type\":\"ImageObject\",\"inLanguage\":\"fr-FR\",\"@id\":\"https:\/\/chtululu.be\/index.php\/produit\/night-world-t-3-ensorceleuse\/#primaryimage\",\"url\":\"https:\/\/chtululu.be\/wp-content\/uploads\/2017\/01\/night-world.jpg\",\"contentUrl\":\"https:\/\/chtululu.be\/wp-content\/uploads\/2017\/01\/night-world.jpg\",\"width\":200,\"height\":317},{\"@type\":\"BreadcrumbList\",\"@id\":\"https:\/\/chtululu.be\/index.php\/produit\/night-world-t-3-ensorceleuse\/#breadcrumb\",\"itemListElement\":[{\"@type\":\"ListItem\",\"position\":1,\"name\":\"Accueil\",\"item\":\"https:\/\/chtululu.be\/\"},{\"@type\":\"ListItem\",\"position\":2,\"name\":\"Les livres\",\"item\":\"https:\/\/chtululu.be\/index.php\/livres-doccasion\/\"},{\"@type\":\"ListItem\",\"position\":3,\"name\":\"Night World t.3 : Ensorceleuse\"}]},{\"@type\":\"WebSite\",\"@id\":\"https:\/\/chtululu.be\/#website\",\"url\":\"https:\/\/chtululu.be\/\",\"name\":\"Le Chtululu\",\"description\":\"Votre librairie de seconde main \u00e0 Soignies\",\"publisher\":{\"@id\":\"https:\/\/chtululu.be\/#organization\"},\"potentialAction\":[{\"@type\":\"SearchAction\",\"target\":{\"@type\":\"EntryPoint\",\"urlTemplate\":\"https:\/\/chtululu.be\/?s={search_term_string}\"},\"query-input\":{\"@type\":\"PropertyValueSpecification\",\"valueRequired\":true,\"valueName\":\"search_term_string\"}}],\"inLanguage\":\"fr-FR\"},{\"@type\":\"Organization\",\"@id\":\"https:\/\/chtululu.be\/#organization\",\"name\":\"Le Chtululu\",\"url\":\"https:\/\/chtululu.be\/\",\"logo\":{\"@type\":\"ImageObject\",\"inLanguage\":\"fr-FR\",\"@id\":\"https:\/\/chtululu.be\/#\/schema\/logo\/image\/\",\"url\":\"https:\/\/chtululu.be\/wp-content\/uploads\/2016\/05\/logo-def-blanc.jpg\",\"contentUrl\":\"https:\/\/chtululu.be\/wp-content\/uploads\/2016\/05\/logo-def-blanc.jpg\",\"width\":2048,\"height\":1901,\"caption\":\"Le Chtululu\"},\"image\":{\"@id\":\"https:\/\/chtululu.be\/#\/schema\/logo\/image\/\"}}]}<\/script>\n<!-- \/ Yoast SEO plugin. -->","yoast_head_json":{"title":"Night World t.3 : Ensorceleuse - Le Chtululu","robots":{"index":"index","follow":"follow","max-snippet":"max-snippet:-1","max-image-preview":"max-image-preview:large","max-video-preview":"max-video-preview:-1"},"canonical":"https:\/\/chtululu.be\/index.php\/produit\/night-world-t-3-ensorceleuse\/","og_locale":"fr_FR","og_type":"article","og_title":"Night World t.3 : Ensorceleuse - Le Chtululu","og_description":"Smith L.J.  Le Night World ne se limite pas \u00e0 un endroit pr\u00e9cis. Il nous entoure. Ses lois sont tr\u00e8s claires: sous aucun pr\u00e9texte son existence ne doit \u00eatre r\u00e9v\u00e9l\u00e9e \u00e0 qui que ce soit d'ext\u00e9rieur. Et ses membres ne doivent pas tomber amoureux d'un individu de la race humaine. Sous peine de cons\u00e9quences terrifiantes. D\u00e9couvrez ce qui arrive \u00e0 ceux qui enfreignent les r\u00e8gles... Blaise fait chavirer les coeurs. Sa beaut\u00e9 sombre et incandescente inspire le d\u00e9sir et la jalousie. Cette cruelle sorci\u00e8re a le pouvoir de r\u00e9duire la gent masculine en esclavage. Alors qu'elle recherche une nouvelle victime, elle rencontre Eric, qui semble \u00eatre la proie parfaite. Sa cousine Thea, qui n'est pas indiff\u00e9rente aux charmes de celui-ci, comprend ses desseins mal\u00e9fiques et la pr\u00e9vient: \" Pas touche! \". Or la magie noire de Blaise est puissante. Le seul moyen pour Thea de riposter est d'utiliser sa magie blanche pour ensorceler Eric en premier. Mais les lois de son monde, le Night World, sont claires : en aucun cas elle ne doit tomber amoureuse d'un humain. Alors que la nuit des sorci\u00e8res approche, Thea pourra-t-elle sauver Eric des griffes de Blaise et elle-m\u00eame de ses sentiments interdits? Jamais il n'a \u00e9t\u00e9 aussi dangereux d'aimer.","og_url":"https:\/\/chtululu.be\/index.php\/produit\/night-world-t-3-ensorceleuse\/","og_site_name":"Le Chtululu","og_image":[{"width":200,"height":317,"url":"https:\/\/chtululu.be\/wp-content\/uploads\/2017\/01\/night-world.jpg","type":"image\/jpeg"}],"twitter_card":"summary_large_image","schema":{"@context":"https:\/\/schema.org","@graph":[{"@type":"WebPage","@id":"https:\/\/chtululu.be\/index.php\/produit\/night-world-t-3-ensorceleuse\/","url":"https:\/\/chtululu.be\/index.php\/produit\/night-world-t-3-ensorceleuse\/","name":"Night World t.3 : Ensorceleuse - Le Chtululu","isPartOf":{"@id":"https:\/\/chtululu.be\/#website"},"primaryImageOfPage":{"@id":"https:\/\/chtululu.be\/index.php\/produit\/night-world-t-3-ensorceleuse\/#primaryimage"},"image":{"@id":"https:\/\/chtululu.be\/index.php\/produit\/night-world-t-3-ensorceleuse\/#primaryimage"},"thumbnailUrl":"https:\/\/chtululu.be\/wp-content\/uploads\/2017\/01\/night-world.jpg","datePublished":"2017-01-19T21:15:07+00:00","breadcrumb":{"@id":"https:\/\/chtululu.be\/index.php\/produit\/night-world-t-3-ensorceleuse\/#breadcrumb"},"inLanguage":"fr-FR","potentialAction":[{"@type":"ReadAction","target":["https:\/\/chtululu.be\/index.php\/produit\/night-world-t-3-ensorceleuse\/"]}]},{"@type":"ImageObject","inLanguage":"fr-FR","@id":"https:\/\/chtululu.be\/index.php\/produit\/night-world-t-3-ensorceleuse\/#primaryimage","url":"https:\/\/chtululu.be\/wp-content\/uploads\/2017\/01\/night-world.jpg","contentUrl":"https:\/\/chtululu.be\/wp-content\/uploads\/2017\/01\/night-world.jpg","width":200,"height":317},{"@type":"BreadcrumbList","@id":"https:\/\/chtululu.be\/index.php\/produit\/night-world-t-3-ensorceleuse\/#breadcrumb","itemListElement":[{"@type":"ListItem","position":1,"name":"Accueil","item":"https:\/\/chtululu.be\/"},{"@type":"ListItem","position":2,"name":"Les livres","item":"https:\/\/chtululu.be\/index.php\/livres-doccasion\/"},{"@type":"ListItem","position":3,"name":"Night World t.3 : Ensorceleuse"}]},{"@type":"WebSite","@id":"https:\/\/chtululu.be\/#website","url":"https:\/\/chtululu.be\/","name":"Le Chtululu","description":"Votre librairie de seconde main \u00e0 Soignies","publisher":{"@id":"https:\/\/chtululu.be\/#organization"},"potentialAction":[{"@type":"SearchAction","target":{"@type":"EntryPoint","urlTemplate":"https:\/\/chtululu.be\/?s={search_term_string}"},"query-input":{"@type":"PropertyValueSpecification","valueRequired":true,"valueName":"search_term_string"}}],"inLanguage":"fr-FR"},{"@type":"Organization","@id":"https:\/\/chtululu.be\/#organization","name":"Le Chtululu","url":"https:\/\/chtululu.be\/","logo":{"@type":"ImageObject","inLanguage":"fr-FR","@id":"https:\/\/chtululu.be\/#\/schema\/logo\/image\/","url":"https:\/\/chtululu.be\/wp-content\/uploads\/2016\/05\/logo-def-blanc.jpg","contentUrl":"https:\/\/chtululu.be\/wp-content\/uploads\/2016\/05\/logo-def-blanc.jpg","width":2048,"height":1901,"caption":"Le Chtululu"},"image":{"@id":"https:\/\/chtululu.be\/#\/schema\/logo\/image\/"}}]}},"_links":{"self":[{"href":"https:\/\/chtululu.be\/index.php\/wp-json\/wp\/v2\/product\/805","targetHints":{"allow":["GET"]}}],"collection":[{"href":"https:\/\/chtululu.be\/index.php\/wp-json\/wp\/v2\/product"}],"about":[{"href":"https:\/\/chtululu.be\/index.php\/wp-json\/wp\/v2\/types\/product"}],"wp:featuredmedia":[{"embeddable":true,"href":"https:\/\/chtululu.be\/index.php\/wp-json\/wp\/v2\/media\/806"}],"wp:attachment":[{"href":"https:\/\/chtululu.be\/index.php\/wp-json\/wp\/v2\/media?parent=805"}],"wp:term":[{"taxonomy":"product_brand","embeddable":true,"href":"https:\/\/chtululu.be\/index.php\/wp-json\/wp\/v2\/product_brand?post=805"},{"taxonomy":"product_cat","embeddable":true,"href":"https:\/\/chtululu.be\/index.php\/wp-json\/wp\/v2\/product_cat?post=805"},{"taxonomy":"product_tag","embeddable":true,"href":"https:\/\/chtululu.be\/index.php\/wp-json\/wp\/v2\/product_tag?post=805"}],"curies":[{"name":"wp","href":"https:\/\/api.w.org\/{rel}","templated":true}]}}