{"id":803,"date":"2017-01-19T22:08:10","date_gmt":"2017-01-19T21:08:10","guid":{"rendered":"http:\/\/chtululu.be\/?post_type=product&#038;p=803"},"modified":"2017-01-19T22:16:03","modified_gmt":"2017-01-19T21:16:03","slug":"eternels-t-2-lune-bleue","status":"publish","type":"product","link":"https:\/\/chtululu.be\/index.php\/produit\/eternels-t-2-lune-bleue\/","title":{"rendered":"\u00c9ternels t.2 : lune bleue"},"content":{"rendered":"","protected":false},"excerpt":{"rendered":"<p><strong>No\u00ebl Alyson<\/strong><\/p>\n<p>La vie souriait enfin \u00e0 Ever. Apr\u00e8s six si\u00e8cles d&rsquo;attente, Damen et elle \u00e9taient d\u00e9sormais r\u00e9unis. Mais un jour celui-ci ne la regarde plus. Pourquoi semble-t-il avoir tout oubli\u00e9 de ce qu&rsquo;ils \u00e9taient ? L&rsquo;arriv\u00e9e au lyc\u00e9e de Roman, un \u00e9trange \u00e9tudiant que tous semblent appr\u00e9cier, aurait-elle un lien avec ce cruel changement ?<\/p>\n<p>Pr\u00eate \u00e0 tout pour sauver son amour, Ever explore son nouveau monde, l\u2019\u00c9t\u00e9 perp\u00e9tuel. Elle y d\u00e9couvre le secret de Damen &#8211; une sombre histoire qu&rsquo;il esp\u00e9rait lui cacher. Elle apprend aussi l&rsquo;existence d&rsquo;un myst\u00e9rieux portail qui apparait au moment de la lune bleue et permet de circuler \u00e0 travers le temps.<\/p>\n<p>Or la lune bleue approche&#8230; Ever doit alors faire face \u00e0 un choix d\u00e9chirant : revenir dans le pass\u00e9 pour ramener sa famille \u00e0 la vie, ou rester dans le pr\u00e9sent et sauver Damen.<\/p>\n","protected":false},"featured_media":804,"template":"","meta":{"_acf_changed":false,"_exactmetrics_skip_tracking":false,"_exactmetrics_sitenote_active":false,"_exactmetrics_sitenote_note":"","_exactmetrics_sitenote_category":0},"product_brand":[],"product_cat":[24],"product_tag":[226,228,227],"class_list":{"0":"post-803","1":"product","2":"type-product","3":"status-publish","4":"has-post-thumbnail","6":"product_cat-roman","7":"product_tag-bit-lit","8":"product_tag-eternels","9":"product_tag-noel-alyson","11":"first","12":"instock","13":"sold-individually","14":"taxable","15":"shipping-taxable","16":"purchasable","17":"product-type-simple"},"acf":[],"yoast_head":"<!-- This site is optimized with the Yoast SEO plugin v26.6 - https:\/\/yoast.com\/wordpress\/plugins\/seo\/ -->\n<title>\u00c9ternels t.2 : lune bleue - Le Chtululu<\/title>\n<meta name=\"robots\" content=\"index, follow, max-snippet:-1, max-image-preview:large, max-video-preview:-1\" \/>\n<link rel=\"canonical\" href=\"https:\/\/chtululu.be\/index.php\/produit\/eternels-t-2-lune-bleue\/\" \/>\n<meta property=\"og:locale\" content=\"fr_FR\" \/>\n<meta property=\"og:type\" content=\"article\" \/>\n<meta property=\"og:title\" content=\"\u00c9ternels t.2 : lune bleue - Le Chtululu\" \/>\n<meta property=\"og:description\" content=\"No\u00ebl Alyson  La vie souriait enfin \u00e0 Ever. Apr\u00e8s six si\u00e8cles d&#039;attente, Damen et elle \u00e9taient d\u00e9sormais r\u00e9unis. Mais un jour celui-ci ne la regarde plus. Pourquoi semble-t-il avoir tout oubli\u00e9 de ce qu&#039;ils \u00e9taient ? L&#039;arriv\u00e9e au lyc\u00e9e de Roman, un \u00e9trange \u00e9tudiant que tous semblent appr\u00e9cier, aurait-elle un lien avec ce cruel changement ?  Pr\u00eate \u00e0 tout pour sauver son amour, Ever explore son nouveau monde, l\u2019\u00c9t\u00e9 perp\u00e9tuel. Elle y d\u00e9couvre le secret de Damen - une sombre histoire qu&#039;il esp\u00e9rait lui cacher. Elle apprend aussi l&#039;existence d&#039;un myst\u00e9rieux portail qui apparait au moment de la lune bleue et permet de circuler \u00e0 travers le temps.  Or la lune bleue approche... Ever doit alors faire face \u00e0 un choix d\u00e9chirant : revenir dans le pass\u00e9 pour ramener sa famille \u00e0 la vie, ou rester dans le pr\u00e9sent et sauver Damen.\" \/>\n<meta property=\"og:url\" content=\"https:\/\/chtululu.be\/index.php\/produit\/eternels-t-2-lune-bleue\/\" \/>\n<meta property=\"og:site_name\" content=\"Le Chtululu\" \/>\n<meta property=\"article:modified_time\" content=\"2017-01-19T21:16:03+00:00\" \/>\n<meta property=\"og:image\" content=\"https:\/\/chtululu.be\/wp-content\/uploads\/2017\/01\/Lune-bleue.jpg\" \/>\n\t<meta property=\"og:image:width\" content=\"200\" \/>\n\t<meta property=\"og:image:height\" content=\"317\" \/>\n\t<meta property=\"og:image:type\" content=\"image\/jpeg\" \/>\n<meta name=\"twitter:card\" content=\"summary_large_image\" \/>\n<script type=\"application\/ld+json\" class=\"yoast-schema-graph\">{\"@context\":\"https:\/\/schema.org\",\"@graph\":[{\"@type\":\"WebPage\",\"@id\":\"https:\/\/chtululu.be\/index.php\/produit\/eternels-t-2-lune-bleue\/\",\"url\":\"https:\/\/chtululu.be\/index.php\/produit\/eternels-t-2-lune-bleue\/\",\"name\":\"\u00c9ternels t.2 : lune bleue - Le Chtululu\",\"isPartOf\":{\"@id\":\"https:\/\/chtululu.be\/#website\"},\"primaryImageOfPage\":{\"@id\":\"https:\/\/chtululu.be\/index.php\/produit\/eternels-t-2-lune-bleue\/#primaryimage\"},\"image\":{\"@id\":\"https:\/\/chtululu.be\/index.php\/produit\/eternels-t-2-lune-bleue\/#primaryimage\"},\"thumbnailUrl\":\"https:\/\/chtululu.be\/wp-content\/uploads\/2017\/01\/Lune-bleue.jpg\",\"datePublished\":\"2017-01-19T21:08:10+00:00\",\"dateModified\":\"2017-01-19T21:16:03+00:00\",\"breadcrumb\":{\"@id\":\"https:\/\/chtululu.be\/index.php\/produit\/eternels-t-2-lune-bleue\/#breadcrumb\"},\"inLanguage\":\"fr-FR\",\"potentialAction\":[{\"@type\":\"ReadAction\",\"target\":[\"https:\/\/chtululu.be\/index.php\/produit\/eternels-t-2-lune-bleue\/\"]}]},{\"@type\":\"ImageObject\",\"inLanguage\":\"fr-FR\",\"@id\":\"https:\/\/chtululu.be\/index.php\/produit\/eternels-t-2-lune-bleue\/#primaryimage\",\"url\":\"https:\/\/chtululu.be\/wp-content\/uploads\/2017\/01\/Lune-bleue.jpg\",\"contentUrl\":\"https:\/\/chtululu.be\/wp-content\/uploads\/2017\/01\/Lune-bleue.jpg\",\"width\":200,\"height\":317},{\"@type\":\"BreadcrumbList\",\"@id\":\"https:\/\/chtululu.be\/index.php\/produit\/eternels-t-2-lune-bleue\/#breadcrumb\",\"itemListElement\":[{\"@type\":\"ListItem\",\"position\":1,\"name\":\"Accueil\",\"item\":\"https:\/\/chtululu.be\/\"},{\"@type\":\"ListItem\",\"position\":2,\"name\":\"Les livres\",\"item\":\"https:\/\/chtululu.be\/index.php\/livres-doccasion\/\"},{\"@type\":\"ListItem\",\"position\":3,\"name\":\"\u00c9ternels t.2 : lune bleue\"}]},{\"@type\":\"WebSite\",\"@id\":\"https:\/\/chtululu.be\/#website\",\"url\":\"https:\/\/chtululu.be\/\",\"name\":\"Le Chtululu\",\"description\":\"Votre librairie de seconde main \u00e0 Soignies\",\"publisher\":{\"@id\":\"https:\/\/chtululu.be\/#organization\"},\"potentialAction\":[{\"@type\":\"SearchAction\",\"target\":{\"@type\":\"EntryPoint\",\"urlTemplate\":\"https:\/\/chtululu.be\/?s={search_term_string}\"},\"query-input\":{\"@type\":\"PropertyValueSpecification\",\"valueRequired\":true,\"valueName\":\"search_term_string\"}}],\"inLanguage\":\"fr-FR\"},{\"@type\":\"Organization\",\"@id\":\"https:\/\/chtululu.be\/#organization\",\"name\":\"Le Chtululu\",\"url\":\"https:\/\/chtululu.be\/\",\"logo\":{\"@type\":\"ImageObject\",\"inLanguage\":\"fr-FR\",\"@id\":\"https:\/\/chtululu.be\/#\/schema\/logo\/image\/\",\"url\":\"https:\/\/chtululu.be\/wp-content\/uploads\/2016\/05\/logo-def-blanc.jpg\",\"contentUrl\":\"https:\/\/chtululu.be\/wp-content\/uploads\/2016\/05\/logo-def-blanc.jpg\",\"width\":2048,\"height\":1901,\"caption\":\"Le Chtululu\"},\"image\":{\"@id\":\"https:\/\/chtululu.be\/#\/schema\/logo\/image\/\"}}]}<\/script>\n<!-- \/ Yoast SEO plugin. -->","yoast_head_json":{"title":"\u00c9ternels t.2 : lune bleue - Le Chtululu","robots":{"index":"index","follow":"follow","max-snippet":"max-snippet:-1","max-image-preview":"max-image-preview:large","max-video-preview":"max-video-preview:-1"},"canonical":"https:\/\/chtululu.be\/index.php\/produit\/eternels-t-2-lune-bleue\/","og_locale":"fr_FR","og_type":"article","og_title":"\u00c9ternels t.2 : lune bleue - Le Chtululu","og_description":"No\u00ebl Alyson  La vie souriait enfin \u00e0 Ever. Apr\u00e8s six si\u00e8cles d'attente, Damen et elle \u00e9taient d\u00e9sormais r\u00e9unis. Mais un jour celui-ci ne la regarde plus. Pourquoi semble-t-il avoir tout oubli\u00e9 de ce qu'ils \u00e9taient ? L'arriv\u00e9e au lyc\u00e9e de Roman, un \u00e9trange \u00e9tudiant que tous semblent appr\u00e9cier, aurait-elle un lien avec ce cruel changement ?  Pr\u00eate \u00e0 tout pour sauver son amour, Ever explore son nouveau monde, l\u2019\u00c9t\u00e9 perp\u00e9tuel. Elle y d\u00e9couvre le secret de Damen - une sombre histoire qu'il esp\u00e9rait lui cacher. Elle apprend aussi l'existence d'un myst\u00e9rieux portail qui apparait au moment de la lune bleue et permet de circuler \u00e0 travers le temps.  Or la lune bleue approche... Ever doit alors faire face \u00e0 un choix d\u00e9chirant : revenir dans le pass\u00e9 pour ramener sa famille \u00e0 la vie, ou rester dans le pr\u00e9sent et sauver Damen.","og_url":"https:\/\/chtululu.be\/index.php\/produit\/eternels-t-2-lune-bleue\/","og_site_name":"Le Chtululu","article_modified_time":"2017-01-19T21:16:03+00:00","og_image":[{"width":200,"height":317,"url":"https:\/\/chtululu.be\/wp-content\/uploads\/2017\/01\/Lune-bleue.jpg","type":"image\/jpeg"}],"twitter_card":"summary_large_image","schema":{"@context":"https:\/\/schema.org","@graph":[{"@type":"WebPage","@id":"https:\/\/chtululu.be\/index.php\/produit\/eternels-t-2-lune-bleue\/","url":"https:\/\/chtululu.be\/index.php\/produit\/eternels-t-2-lune-bleue\/","name":"\u00c9ternels t.2 : lune bleue - Le Chtululu","isPartOf":{"@id":"https:\/\/chtululu.be\/#website"},"primaryImageOfPage":{"@id":"https:\/\/chtululu.be\/index.php\/produit\/eternels-t-2-lune-bleue\/#primaryimage"},"image":{"@id":"https:\/\/chtululu.be\/index.php\/produit\/eternels-t-2-lune-bleue\/#primaryimage"},"thumbnailUrl":"https:\/\/chtululu.be\/wp-content\/uploads\/2017\/01\/Lune-bleue.jpg","datePublished":"2017-01-19T21:08:10+00:00","dateModified":"2017-01-19T21:16:03+00:00","breadcrumb":{"@id":"https:\/\/chtululu.be\/index.php\/produit\/eternels-t-2-lune-bleue\/#breadcrumb"},"inLanguage":"fr-FR","potentialAction":[{"@type":"ReadAction","target":["https:\/\/chtululu.be\/index.php\/produit\/eternels-t-2-lune-bleue\/"]}]},{"@type":"ImageObject","inLanguage":"fr-FR","@id":"https:\/\/chtululu.be\/index.php\/produit\/eternels-t-2-lune-bleue\/#primaryimage","url":"https:\/\/chtululu.be\/wp-content\/uploads\/2017\/01\/Lune-bleue.jpg","contentUrl":"https:\/\/chtululu.be\/wp-content\/uploads\/2017\/01\/Lune-bleue.jpg","width":200,"height":317},{"@type":"BreadcrumbList","@id":"https:\/\/chtululu.be\/index.php\/produit\/eternels-t-2-lune-bleue\/#breadcrumb","itemListElement":[{"@type":"ListItem","position":1,"name":"Accueil","item":"https:\/\/chtululu.be\/"},{"@type":"ListItem","position":2,"name":"Les livres","item":"https:\/\/chtululu.be\/index.php\/livres-doccasion\/"},{"@type":"ListItem","position":3,"name":"\u00c9ternels t.2 : lune bleue"}]},{"@type":"WebSite","@id":"https:\/\/chtululu.be\/#website","url":"https:\/\/chtululu.be\/","name":"Le Chtululu","description":"Votre librairie de seconde main \u00e0 Soignies","publisher":{"@id":"https:\/\/chtululu.be\/#organization"},"potentialAction":[{"@type":"SearchAction","target":{"@type":"EntryPoint","urlTemplate":"https:\/\/chtululu.be\/?s={search_term_string}"},"query-input":{"@type":"PropertyValueSpecification","valueRequired":true,"valueName":"search_term_string"}}],"inLanguage":"fr-FR"},{"@type":"Organization","@id":"https:\/\/chtululu.be\/#organization","name":"Le Chtululu","url":"https:\/\/chtululu.be\/","logo":{"@type":"ImageObject","inLanguage":"fr-FR","@id":"https:\/\/chtululu.be\/#\/schema\/logo\/image\/","url":"https:\/\/chtululu.be\/wp-content\/uploads\/2016\/05\/logo-def-blanc.jpg","contentUrl":"https:\/\/chtululu.be\/wp-content\/uploads\/2016\/05\/logo-def-blanc.jpg","width":2048,"height":1901,"caption":"Le Chtululu"},"image":{"@id":"https:\/\/chtululu.be\/#\/schema\/logo\/image\/"}}]}},"_links":{"self":[{"href":"https:\/\/chtululu.be\/index.php\/wp-json\/wp\/v2\/product\/803","targetHints":{"allow":["GET"]}}],"collection":[{"href":"https:\/\/chtululu.be\/index.php\/wp-json\/wp\/v2\/product"}],"about":[{"href":"https:\/\/chtululu.be\/index.php\/wp-json\/wp\/v2\/types\/product"}],"wp:featuredmedia":[{"embeddable":true,"href":"https:\/\/chtululu.be\/index.php\/wp-json\/wp\/v2\/media\/804"}],"wp:attachment":[{"href":"https:\/\/chtululu.be\/index.php\/wp-json\/wp\/v2\/media?parent=803"}],"wp:term":[{"taxonomy":"product_brand","embeddable":true,"href":"https:\/\/chtululu.be\/index.php\/wp-json\/wp\/v2\/product_brand?post=803"},{"taxonomy":"product_cat","embeddable":true,"href":"https:\/\/chtululu.be\/index.php\/wp-json\/wp\/v2\/product_cat?post=803"},{"taxonomy":"product_tag","embeddable":true,"href":"https:\/\/chtululu.be\/index.php\/wp-json\/wp\/v2\/product_tag?post=803"}],"curies":[{"name":"wp","href":"https:\/\/api.w.org\/{rel}","templated":true}]}}