{"id":801,"date":"2017-01-19T21:57:44","date_gmt":"2017-01-19T20:57:44","guid":{"rendered":"http:\/\/chtululu.be\/?post_type=product&#038;p=801"},"modified":"2017-01-19T21:57:44","modified_gmt":"2017-01-19T20:57:44","slug":"nuits-denfer-paradis","status":"publish","type":"product","link":"https:\/\/chtululu.be\/index.php\/produit\/nuits-denfer-paradis\/","title":{"rendered":"Nuits d&rsquo;Enfer au Paradis"},"content":{"rendered":"","protected":false},"excerpt":{"rendered":"<p><strong>Meyer Stephenie<\/strong><\/p>\n<p>Quelle fille n&rsquo;a jamais r\u00eav\u00e9 d&rsquo;\u00eatre la reine du bal de fin d&rsquo;ann\u00e9e ? Une robe vaporeuse, un cavalier \u00e9l\u00e9gant et amoureux, une musique ent\u00eatante&#8230; Les histoires de ce recueil r\u00e9unissent des h\u00e9ro\u00efnes qui ont tout pour acc\u00e9der au podium. Malheureusement, c&rsquo;est sans compter sur les vampires, d\u00e9mons et autres morts-vivants qui s&rsquo;invitent \u00e0 la f\u00eate&#8230; Alors, pr\u00eates \u00e0 danser avec le Diable ?<\/p>\n","protected":false},"featured_media":802,"template":"","meta":{"_acf_changed":false,"_exactmetrics_skip_tracking":false,"_exactmetrics_sitenote_active":false,"_exactmetrics_sitenote_note":"","_exactmetrics_sitenote_category":0},"product_brand":[],"product_cat":[24],"product_tag":[226,225],"class_list":{"0":"post-801","1":"product","2":"type-product","3":"status-publish","4":"has-post-thumbnail","6":"product_cat-roman","7":"product_tag-bit-lit","8":"product_tag-meyer-stephenie","10":"first","11":"instock","12":"sold-individually","13":"taxable","14":"shipping-taxable","15":"purchasable","16":"product-type-simple"},"acf":[],"yoast_head":"<!-- This site is optimized with the Yoast SEO plugin v26.6 - https:\/\/yoast.com\/wordpress\/plugins\/seo\/ -->\n<title>Nuits d&#039;Enfer au Paradis - Le Chtululu<\/title>\n<meta name=\"robots\" content=\"index, follow, max-snippet:-1, max-image-preview:large, max-video-preview:-1\" \/>\n<link rel=\"canonical\" href=\"https:\/\/chtululu.be\/index.php\/produit\/nuits-denfer-paradis\/\" \/>\n<meta property=\"og:locale\" content=\"fr_FR\" \/>\n<meta property=\"og:type\" content=\"article\" \/>\n<meta property=\"og:title\" content=\"Nuits d&#039;Enfer au Paradis - Le Chtululu\" \/>\n<meta property=\"og:description\" content=\"Meyer Stephenie  Quelle fille n&#039;a jamais r\u00eav\u00e9 d&#039;\u00eatre la reine du bal de fin d&#039;ann\u00e9e ? Une robe vaporeuse, un cavalier \u00e9l\u00e9gant et amoureux, une musique ent\u00eatante... Les histoires de ce recueil r\u00e9unissent des h\u00e9ro\u00efnes qui ont tout pour acc\u00e9der au podium. Malheureusement, c&#039;est sans compter sur les vampires, d\u00e9mons et autres morts-vivants qui s&#039;invitent \u00e0 la f\u00eate... Alors, pr\u00eates \u00e0 danser avec le Diable ?\" \/>\n<meta property=\"og:url\" content=\"https:\/\/chtululu.be\/index.php\/produit\/nuits-denfer-paradis\/\" \/>\n<meta property=\"og:site_name\" content=\"Le Chtululu\" \/>\n<meta property=\"og:image\" content=\"https:\/\/chtululu.be\/wp-content\/uploads\/2017\/01\/Nuits-d-enfer-au-paradis.jpg\" \/>\n\t<meta property=\"og:image:width\" content=\"200\" \/>\n\t<meta property=\"og:image:height\" content=\"319\" \/>\n\t<meta property=\"og:image:type\" content=\"image\/jpeg\" \/>\n<meta name=\"twitter:card\" content=\"summary_large_image\" \/>\n<script type=\"application\/ld+json\" class=\"yoast-schema-graph\">{\"@context\":\"https:\/\/schema.org\",\"@graph\":[{\"@type\":\"WebPage\",\"@id\":\"https:\/\/chtululu.be\/index.php\/produit\/nuits-denfer-paradis\/\",\"url\":\"https:\/\/chtululu.be\/index.php\/produit\/nuits-denfer-paradis\/\",\"name\":\"Nuits d'Enfer au Paradis - Le Chtululu\",\"isPartOf\":{\"@id\":\"https:\/\/chtululu.be\/#website\"},\"primaryImageOfPage\":{\"@id\":\"https:\/\/chtululu.be\/index.php\/produit\/nuits-denfer-paradis\/#primaryimage\"},\"image\":{\"@id\":\"https:\/\/chtululu.be\/index.php\/produit\/nuits-denfer-paradis\/#primaryimage\"},\"thumbnailUrl\":\"https:\/\/chtululu.be\/wp-content\/uploads\/2017\/01\/Nuits-d-enfer-au-paradis.jpg\",\"datePublished\":\"2017-01-19T20:57:44+00:00\",\"breadcrumb\":{\"@id\":\"https:\/\/chtululu.be\/index.php\/produit\/nuits-denfer-paradis\/#breadcrumb\"},\"inLanguage\":\"fr-FR\",\"potentialAction\":[{\"@type\":\"ReadAction\",\"target\":[\"https:\/\/chtululu.be\/index.php\/produit\/nuits-denfer-paradis\/\"]}]},{\"@type\":\"ImageObject\",\"inLanguage\":\"fr-FR\",\"@id\":\"https:\/\/chtululu.be\/index.php\/produit\/nuits-denfer-paradis\/#primaryimage\",\"url\":\"https:\/\/chtululu.be\/wp-content\/uploads\/2017\/01\/Nuits-d-enfer-au-paradis.jpg\",\"contentUrl\":\"https:\/\/chtululu.be\/wp-content\/uploads\/2017\/01\/Nuits-d-enfer-au-paradis.jpg\",\"width\":200,\"height\":319},{\"@type\":\"BreadcrumbList\",\"@id\":\"https:\/\/chtululu.be\/index.php\/produit\/nuits-denfer-paradis\/#breadcrumb\",\"itemListElement\":[{\"@type\":\"ListItem\",\"position\":1,\"name\":\"Accueil\",\"item\":\"https:\/\/chtululu.be\/\"},{\"@type\":\"ListItem\",\"position\":2,\"name\":\"Les livres\",\"item\":\"https:\/\/chtululu.be\/index.php\/livres-doccasion\/\"},{\"@type\":\"ListItem\",\"position\":3,\"name\":\"Nuits d&rsquo;Enfer au Paradis\"}]},{\"@type\":\"WebSite\",\"@id\":\"https:\/\/chtululu.be\/#website\",\"url\":\"https:\/\/chtululu.be\/\",\"name\":\"Le Chtululu\",\"description\":\"Votre librairie de seconde main \u00e0 Soignies\",\"publisher\":{\"@id\":\"https:\/\/chtululu.be\/#organization\"},\"potentialAction\":[{\"@type\":\"SearchAction\",\"target\":{\"@type\":\"EntryPoint\",\"urlTemplate\":\"https:\/\/chtululu.be\/?s={search_term_string}\"},\"query-input\":{\"@type\":\"PropertyValueSpecification\",\"valueRequired\":true,\"valueName\":\"search_term_string\"}}],\"inLanguage\":\"fr-FR\"},{\"@type\":\"Organization\",\"@id\":\"https:\/\/chtululu.be\/#organization\",\"name\":\"Le Chtululu\",\"url\":\"https:\/\/chtululu.be\/\",\"logo\":{\"@type\":\"ImageObject\",\"inLanguage\":\"fr-FR\",\"@id\":\"https:\/\/chtululu.be\/#\/schema\/logo\/image\/\",\"url\":\"https:\/\/chtululu.be\/wp-content\/uploads\/2016\/05\/logo-def-blanc.jpg\",\"contentUrl\":\"https:\/\/chtululu.be\/wp-content\/uploads\/2016\/05\/logo-def-blanc.jpg\",\"width\":2048,\"height\":1901,\"caption\":\"Le Chtululu\"},\"image\":{\"@id\":\"https:\/\/chtululu.be\/#\/schema\/logo\/image\/\"}}]}<\/script>\n<!-- \/ Yoast SEO plugin. -->","yoast_head_json":{"title":"Nuits d'Enfer au Paradis - Le Chtululu","robots":{"index":"index","follow":"follow","max-snippet":"max-snippet:-1","max-image-preview":"max-image-preview:large","max-video-preview":"max-video-preview:-1"},"canonical":"https:\/\/chtululu.be\/index.php\/produit\/nuits-denfer-paradis\/","og_locale":"fr_FR","og_type":"article","og_title":"Nuits d'Enfer au Paradis - Le Chtululu","og_description":"Meyer Stephenie  Quelle fille n'a jamais r\u00eav\u00e9 d'\u00eatre la reine du bal de fin d'ann\u00e9e ? Une robe vaporeuse, un cavalier \u00e9l\u00e9gant et amoureux, une musique ent\u00eatante... Les histoires de ce recueil r\u00e9unissent des h\u00e9ro\u00efnes qui ont tout pour acc\u00e9der au podium. Malheureusement, c'est sans compter sur les vampires, d\u00e9mons et autres morts-vivants qui s'invitent \u00e0 la f\u00eate... Alors, pr\u00eates \u00e0 danser avec le Diable ?","og_url":"https:\/\/chtululu.be\/index.php\/produit\/nuits-denfer-paradis\/","og_site_name":"Le Chtululu","og_image":[{"width":200,"height":319,"url":"https:\/\/chtululu.be\/wp-content\/uploads\/2017\/01\/Nuits-d-enfer-au-paradis.jpg","type":"image\/jpeg"}],"twitter_card":"summary_large_image","schema":{"@context":"https:\/\/schema.org","@graph":[{"@type":"WebPage","@id":"https:\/\/chtululu.be\/index.php\/produit\/nuits-denfer-paradis\/","url":"https:\/\/chtululu.be\/index.php\/produit\/nuits-denfer-paradis\/","name":"Nuits d'Enfer au Paradis - Le Chtululu","isPartOf":{"@id":"https:\/\/chtululu.be\/#website"},"primaryImageOfPage":{"@id":"https:\/\/chtululu.be\/index.php\/produit\/nuits-denfer-paradis\/#primaryimage"},"image":{"@id":"https:\/\/chtululu.be\/index.php\/produit\/nuits-denfer-paradis\/#primaryimage"},"thumbnailUrl":"https:\/\/chtululu.be\/wp-content\/uploads\/2017\/01\/Nuits-d-enfer-au-paradis.jpg","datePublished":"2017-01-19T20:57:44+00:00","breadcrumb":{"@id":"https:\/\/chtululu.be\/index.php\/produit\/nuits-denfer-paradis\/#breadcrumb"},"inLanguage":"fr-FR","potentialAction":[{"@type":"ReadAction","target":["https:\/\/chtululu.be\/index.php\/produit\/nuits-denfer-paradis\/"]}]},{"@type":"ImageObject","inLanguage":"fr-FR","@id":"https:\/\/chtululu.be\/index.php\/produit\/nuits-denfer-paradis\/#primaryimage","url":"https:\/\/chtululu.be\/wp-content\/uploads\/2017\/01\/Nuits-d-enfer-au-paradis.jpg","contentUrl":"https:\/\/chtululu.be\/wp-content\/uploads\/2017\/01\/Nuits-d-enfer-au-paradis.jpg","width":200,"height":319},{"@type":"BreadcrumbList","@id":"https:\/\/chtululu.be\/index.php\/produit\/nuits-denfer-paradis\/#breadcrumb","itemListElement":[{"@type":"ListItem","position":1,"name":"Accueil","item":"https:\/\/chtululu.be\/"},{"@type":"ListItem","position":2,"name":"Les livres","item":"https:\/\/chtululu.be\/index.php\/livres-doccasion\/"},{"@type":"ListItem","position":3,"name":"Nuits d&rsquo;Enfer au Paradis"}]},{"@type":"WebSite","@id":"https:\/\/chtululu.be\/#website","url":"https:\/\/chtululu.be\/","name":"Le Chtululu","description":"Votre librairie de seconde main \u00e0 Soignies","publisher":{"@id":"https:\/\/chtululu.be\/#organization"},"potentialAction":[{"@type":"SearchAction","target":{"@type":"EntryPoint","urlTemplate":"https:\/\/chtululu.be\/?s={search_term_string}"},"query-input":{"@type":"PropertyValueSpecification","valueRequired":true,"valueName":"search_term_string"}}],"inLanguage":"fr-FR"},{"@type":"Organization","@id":"https:\/\/chtululu.be\/#organization","name":"Le Chtululu","url":"https:\/\/chtululu.be\/","logo":{"@type":"ImageObject","inLanguage":"fr-FR","@id":"https:\/\/chtululu.be\/#\/schema\/logo\/image\/","url":"https:\/\/chtululu.be\/wp-content\/uploads\/2016\/05\/logo-def-blanc.jpg","contentUrl":"https:\/\/chtululu.be\/wp-content\/uploads\/2016\/05\/logo-def-blanc.jpg","width":2048,"height":1901,"caption":"Le Chtululu"},"image":{"@id":"https:\/\/chtululu.be\/#\/schema\/logo\/image\/"}}]}},"_links":{"self":[{"href":"https:\/\/chtululu.be\/index.php\/wp-json\/wp\/v2\/product\/801","targetHints":{"allow":["GET"]}}],"collection":[{"href":"https:\/\/chtululu.be\/index.php\/wp-json\/wp\/v2\/product"}],"about":[{"href":"https:\/\/chtululu.be\/index.php\/wp-json\/wp\/v2\/types\/product"}],"wp:featuredmedia":[{"embeddable":true,"href":"https:\/\/chtululu.be\/index.php\/wp-json\/wp\/v2\/media\/802"}],"wp:attachment":[{"href":"https:\/\/chtululu.be\/index.php\/wp-json\/wp\/v2\/media?parent=801"}],"wp:term":[{"taxonomy":"product_brand","embeddable":true,"href":"https:\/\/chtululu.be\/index.php\/wp-json\/wp\/v2\/product_brand?post=801"},{"taxonomy":"product_cat","embeddable":true,"href":"https:\/\/chtululu.be\/index.php\/wp-json\/wp\/v2\/product_cat?post=801"},{"taxonomy":"product_tag","embeddable":true,"href":"https:\/\/chtululu.be\/index.php\/wp-json\/wp\/v2\/product_tag?post=801"}],"curies":[{"name":"wp","href":"https:\/\/api.w.org\/{rel}","templated":true}]}}