{"id":784,"date":"2017-01-13T22:32:15","date_gmt":"2017-01-13T21:32:15","guid":{"rendered":"http:\/\/chtululu.be\/?post_type=product&#038;p=784"},"modified":"2017-01-13T22:38:41","modified_gmt":"2017-01-13T21:38:41","slug":"jeune-fille-pair","status":"publish","type":"product","link":"https:\/\/chtululu.be\/index.php\/produit\/jeune-fille-pair\/","title":{"rendered":"La jeune fille au pair"},"content":{"rendered":"","protected":false},"excerpt":{"rendered":"<p>Quelques ann\u00e9es apr\u00e8s la Lib\u00e9ration, une jeune Allemande, Wanda Schomberg, arrive \u00e0 Paris et se place comme fille au pair dans une famille juive de Montmartre : les Finkelstein. Un choix d\u00e9lib\u00e9r\u00e9 : elle esp\u00e8re p\u00e9n\u00e9trer dans cette communaut\u00e9, et conna\u00eetre de pr\u00e8s ces gens que les nazis destinaient \u00e0 l\u2019extermination.<br \/>\nAssez vite des liens de confiance et d\u2019amiti\u00e9 se tissent entre Wanda et les Finkelstein. Pourtant, Wanda dispara\u00eet de temps en temps, pour quelques jours, sans motif connu. Quel est le secret qui hante sa vie ?<br \/>\nSur des th\u00e8mes qui n\u2019ont rien perdu de leur actualit\u00e9, l\u2019auteur du best-seller Un sac de billes \u2013 mais aussi de Tendre \u00e9t\u00e9 et d\u2019Abraham L\u00e9vy, cur\u00e9 de campagne \u2013 m\u00eale l\u2019\u00e9motion au sourire, dans un r\u00e9cit o\u00f9 l\u2019apprentissage de la fraternit\u00e9 humaine d\u00e9bouche sur une v\u00e9ritable conversion int\u00e9rieure.<\/p>\n","protected":false},"featured_media":785,"template":"","meta":{"_acf_changed":false,"_exactmetrics_skip_tracking":false,"_exactmetrics_sitenote_active":false,"_exactmetrics_sitenote_note":"","_exactmetrics_sitenote_category":0},"product_brand":[],"product_cat":[24],"product_tag":[221],"class_list":{"0":"post-784","1":"product","2":"type-product","3":"status-publish","4":"has-post-thumbnail","6":"product_cat-roman","7":"product_tag-joffo-joseph","9":"first","10":"instock","11":"sold-individually","12":"taxable","13":"shipping-taxable","14":"purchasable","15":"product-type-simple"},"acf":[],"yoast_head":"<!-- This site is optimized with the Yoast SEO plugin v26.6 - https:\/\/yoast.com\/wordpress\/plugins\/seo\/ -->\n<title>La jeune fille au pair - Le Chtululu<\/title>\n<meta name=\"robots\" content=\"index, follow, max-snippet:-1, max-image-preview:large, max-video-preview:-1\" \/>\n<link rel=\"canonical\" href=\"https:\/\/chtululu.be\/index.php\/produit\/jeune-fille-pair\/\" \/>\n<meta property=\"og:locale\" content=\"fr_FR\" \/>\n<meta property=\"og:type\" content=\"article\" \/>\n<meta property=\"og:title\" content=\"La jeune fille au pair - Le Chtululu\" \/>\n<meta property=\"og:description\" content=\"Quelques ann\u00e9es apr\u00e8s la Lib\u00e9ration, une jeune Allemande, Wanda Schomberg, arrive \u00e0 Paris et se place comme fille au pair dans une famille juive de Montmartre : les Finkelstein. Un choix d\u00e9lib\u00e9r\u00e9 : elle esp\u00e8re p\u00e9n\u00e9trer dans cette communaut\u00e9, et conna\u00eetre de pr\u00e8s ces gens que les nazis destinaient \u00e0 l\u2019extermination. Assez vite des liens de confiance et d\u2019amiti\u00e9 se tissent entre Wanda et les Finkelstein. Pourtant, Wanda dispara\u00eet de temps en temps, pour quelques jours, sans motif connu. Quel est le secret qui hante sa vie ? Sur des th\u00e8mes qui n\u2019ont rien perdu de leur actualit\u00e9, l\u2019auteur du best-seller Un sac de billes \u2013 mais aussi de Tendre \u00e9t\u00e9 et d\u2019Abraham L\u00e9vy, cur\u00e9 de campagne \u2013 m\u00eale l\u2019\u00e9motion au sourire, dans un r\u00e9cit o\u00f9 l\u2019apprentissage de la fraternit\u00e9 humaine d\u00e9bouche sur une v\u00e9ritable conversion int\u00e9rieure.\" \/>\n<meta property=\"og:url\" content=\"https:\/\/chtululu.be\/index.php\/produit\/jeune-fille-pair\/\" \/>\n<meta property=\"og:site_name\" content=\"Le Chtululu\" \/>\n<meta property=\"article:modified_time\" content=\"2017-01-13T21:38:41+00:00\" \/>\n<meta property=\"og:image\" content=\"https:\/\/chtululu.be\/wp-content\/uploads\/2017\/01\/jeune_fille.jpeg\" \/>\n\t<meta property=\"og:image:width\" content=\"200\" \/>\n\t<meta property=\"og:image:height\" content=\"323\" \/>\n\t<meta property=\"og:image:type\" content=\"image\/jpeg\" \/>\n<meta name=\"twitter:card\" content=\"summary_large_image\" \/>\n<script type=\"application\/ld+json\" class=\"yoast-schema-graph\">{\"@context\":\"https:\/\/schema.org\",\"@graph\":[{\"@type\":\"WebPage\",\"@id\":\"https:\/\/chtululu.be\/index.php\/produit\/jeune-fille-pair\/\",\"url\":\"https:\/\/chtululu.be\/index.php\/produit\/jeune-fille-pair\/\",\"name\":\"La jeune fille au pair - Le Chtululu\",\"isPartOf\":{\"@id\":\"https:\/\/chtululu.be\/#website\"},\"primaryImageOfPage\":{\"@id\":\"https:\/\/chtululu.be\/index.php\/produit\/jeune-fille-pair\/#primaryimage\"},\"image\":{\"@id\":\"https:\/\/chtululu.be\/index.php\/produit\/jeune-fille-pair\/#primaryimage\"},\"thumbnailUrl\":\"https:\/\/chtululu.be\/wp-content\/uploads\/2017\/01\/jeune_fille.jpeg\",\"datePublished\":\"2017-01-13T21:32:15+00:00\",\"dateModified\":\"2017-01-13T21:38:41+00:00\",\"breadcrumb\":{\"@id\":\"https:\/\/chtululu.be\/index.php\/produit\/jeune-fille-pair\/#breadcrumb\"},\"inLanguage\":\"fr-FR\",\"potentialAction\":[{\"@type\":\"ReadAction\",\"target\":[\"https:\/\/chtululu.be\/index.php\/produit\/jeune-fille-pair\/\"]}]},{\"@type\":\"ImageObject\",\"inLanguage\":\"fr-FR\",\"@id\":\"https:\/\/chtululu.be\/index.php\/produit\/jeune-fille-pair\/#primaryimage\",\"url\":\"https:\/\/chtululu.be\/wp-content\/uploads\/2017\/01\/jeune_fille.jpeg\",\"contentUrl\":\"https:\/\/chtululu.be\/wp-content\/uploads\/2017\/01\/jeune_fille.jpeg\",\"width\":200,\"height\":323},{\"@type\":\"BreadcrumbList\",\"@id\":\"https:\/\/chtululu.be\/index.php\/produit\/jeune-fille-pair\/#breadcrumb\",\"itemListElement\":[{\"@type\":\"ListItem\",\"position\":1,\"name\":\"Accueil\",\"item\":\"https:\/\/chtululu.be\/\"},{\"@type\":\"ListItem\",\"position\":2,\"name\":\"Les livres\",\"item\":\"https:\/\/chtululu.be\/index.php\/livres-doccasion\/\"},{\"@type\":\"ListItem\",\"position\":3,\"name\":\"La jeune fille au pair\"}]},{\"@type\":\"WebSite\",\"@id\":\"https:\/\/chtululu.be\/#website\",\"url\":\"https:\/\/chtululu.be\/\",\"name\":\"Le Chtululu\",\"description\":\"Votre librairie de seconde main \u00e0 Soignies\",\"publisher\":{\"@id\":\"https:\/\/chtululu.be\/#organization\"},\"potentialAction\":[{\"@type\":\"SearchAction\",\"target\":{\"@type\":\"EntryPoint\",\"urlTemplate\":\"https:\/\/chtululu.be\/?s={search_term_string}\"},\"query-input\":{\"@type\":\"PropertyValueSpecification\",\"valueRequired\":true,\"valueName\":\"search_term_string\"}}],\"inLanguage\":\"fr-FR\"},{\"@type\":\"Organization\",\"@id\":\"https:\/\/chtululu.be\/#organization\",\"name\":\"Le Chtululu\",\"url\":\"https:\/\/chtululu.be\/\",\"logo\":{\"@type\":\"ImageObject\",\"inLanguage\":\"fr-FR\",\"@id\":\"https:\/\/chtululu.be\/#\/schema\/logo\/image\/\",\"url\":\"https:\/\/chtululu.be\/wp-content\/uploads\/2016\/05\/logo-def-blanc.jpg\",\"contentUrl\":\"https:\/\/chtululu.be\/wp-content\/uploads\/2016\/05\/logo-def-blanc.jpg\",\"width\":2048,\"height\":1901,\"caption\":\"Le Chtululu\"},\"image\":{\"@id\":\"https:\/\/chtululu.be\/#\/schema\/logo\/image\/\"}}]}<\/script>\n<!-- \/ Yoast SEO plugin. -->","yoast_head_json":{"title":"La jeune fille au pair - Le Chtululu","robots":{"index":"index","follow":"follow","max-snippet":"max-snippet:-1","max-image-preview":"max-image-preview:large","max-video-preview":"max-video-preview:-1"},"canonical":"https:\/\/chtululu.be\/index.php\/produit\/jeune-fille-pair\/","og_locale":"fr_FR","og_type":"article","og_title":"La jeune fille au pair - Le Chtululu","og_description":"Quelques ann\u00e9es apr\u00e8s la Lib\u00e9ration, une jeune Allemande, Wanda Schomberg, arrive \u00e0 Paris et se place comme fille au pair dans une famille juive de Montmartre : les Finkelstein. Un choix d\u00e9lib\u00e9r\u00e9 : elle esp\u00e8re p\u00e9n\u00e9trer dans cette communaut\u00e9, et conna\u00eetre de pr\u00e8s ces gens que les nazis destinaient \u00e0 l\u2019extermination. Assez vite des liens de confiance et d\u2019amiti\u00e9 se tissent entre Wanda et les Finkelstein. Pourtant, Wanda dispara\u00eet de temps en temps, pour quelques jours, sans motif connu. Quel est le secret qui hante sa vie ? Sur des th\u00e8mes qui n\u2019ont rien perdu de leur actualit\u00e9, l\u2019auteur du best-seller Un sac de billes \u2013 mais aussi de Tendre \u00e9t\u00e9 et d\u2019Abraham L\u00e9vy, cur\u00e9 de campagne \u2013 m\u00eale l\u2019\u00e9motion au sourire, dans un r\u00e9cit o\u00f9 l\u2019apprentissage de la fraternit\u00e9 humaine d\u00e9bouche sur une v\u00e9ritable conversion int\u00e9rieure.","og_url":"https:\/\/chtululu.be\/index.php\/produit\/jeune-fille-pair\/","og_site_name":"Le Chtululu","article_modified_time":"2017-01-13T21:38:41+00:00","og_image":[{"width":200,"height":323,"url":"https:\/\/chtululu.be\/wp-content\/uploads\/2017\/01\/jeune_fille.jpeg","type":"image\/jpeg"}],"twitter_card":"summary_large_image","schema":{"@context":"https:\/\/schema.org","@graph":[{"@type":"WebPage","@id":"https:\/\/chtululu.be\/index.php\/produit\/jeune-fille-pair\/","url":"https:\/\/chtululu.be\/index.php\/produit\/jeune-fille-pair\/","name":"La jeune fille au pair - Le Chtululu","isPartOf":{"@id":"https:\/\/chtululu.be\/#website"},"primaryImageOfPage":{"@id":"https:\/\/chtululu.be\/index.php\/produit\/jeune-fille-pair\/#primaryimage"},"image":{"@id":"https:\/\/chtululu.be\/index.php\/produit\/jeune-fille-pair\/#primaryimage"},"thumbnailUrl":"https:\/\/chtululu.be\/wp-content\/uploads\/2017\/01\/jeune_fille.jpeg","datePublished":"2017-01-13T21:32:15+00:00","dateModified":"2017-01-13T21:38:41+00:00","breadcrumb":{"@id":"https:\/\/chtululu.be\/index.php\/produit\/jeune-fille-pair\/#breadcrumb"},"inLanguage":"fr-FR","potentialAction":[{"@type":"ReadAction","target":["https:\/\/chtululu.be\/index.php\/produit\/jeune-fille-pair\/"]}]},{"@type":"ImageObject","inLanguage":"fr-FR","@id":"https:\/\/chtululu.be\/index.php\/produit\/jeune-fille-pair\/#primaryimage","url":"https:\/\/chtululu.be\/wp-content\/uploads\/2017\/01\/jeune_fille.jpeg","contentUrl":"https:\/\/chtululu.be\/wp-content\/uploads\/2017\/01\/jeune_fille.jpeg","width":200,"height":323},{"@type":"BreadcrumbList","@id":"https:\/\/chtululu.be\/index.php\/produit\/jeune-fille-pair\/#breadcrumb","itemListElement":[{"@type":"ListItem","position":1,"name":"Accueil","item":"https:\/\/chtululu.be\/"},{"@type":"ListItem","position":2,"name":"Les livres","item":"https:\/\/chtululu.be\/index.php\/livres-doccasion\/"},{"@type":"ListItem","position":3,"name":"La jeune fille au pair"}]},{"@type":"WebSite","@id":"https:\/\/chtululu.be\/#website","url":"https:\/\/chtululu.be\/","name":"Le Chtululu","description":"Votre librairie de seconde main \u00e0 Soignies","publisher":{"@id":"https:\/\/chtululu.be\/#organization"},"potentialAction":[{"@type":"SearchAction","target":{"@type":"EntryPoint","urlTemplate":"https:\/\/chtululu.be\/?s={search_term_string}"},"query-input":{"@type":"PropertyValueSpecification","valueRequired":true,"valueName":"search_term_string"}}],"inLanguage":"fr-FR"},{"@type":"Organization","@id":"https:\/\/chtululu.be\/#organization","name":"Le Chtululu","url":"https:\/\/chtululu.be\/","logo":{"@type":"ImageObject","inLanguage":"fr-FR","@id":"https:\/\/chtululu.be\/#\/schema\/logo\/image\/","url":"https:\/\/chtululu.be\/wp-content\/uploads\/2016\/05\/logo-def-blanc.jpg","contentUrl":"https:\/\/chtululu.be\/wp-content\/uploads\/2016\/05\/logo-def-blanc.jpg","width":2048,"height":1901,"caption":"Le Chtululu"},"image":{"@id":"https:\/\/chtululu.be\/#\/schema\/logo\/image\/"}}]}},"_links":{"self":[{"href":"https:\/\/chtululu.be\/index.php\/wp-json\/wp\/v2\/product\/784","targetHints":{"allow":["GET"]}}],"collection":[{"href":"https:\/\/chtululu.be\/index.php\/wp-json\/wp\/v2\/product"}],"about":[{"href":"https:\/\/chtululu.be\/index.php\/wp-json\/wp\/v2\/types\/product"}],"wp:featuredmedia":[{"embeddable":true,"href":"https:\/\/chtululu.be\/index.php\/wp-json\/wp\/v2\/media\/785"}],"wp:attachment":[{"href":"https:\/\/chtululu.be\/index.php\/wp-json\/wp\/v2\/media?parent=784"}],"wp:term":[{"taxonomy":"product_brand","embeddable":true,"href":"https:\/\/chtululu.be\/index.php\/wp-json\/wp\/v2\/product_brand?post=784"},{"taxonomy":"product_cat","embeddable":true,"href":"https:\/\/chtululu.be\/index.php\/wp-json\/wp\/v2\/product_cat?post=784"},{"taxonomy":"product_tag","embeddable":true,"href":"https:\/\/chtululu.be\/index.php\/wp-json\/wp\/v2\/product_tag?post=784"}],"curies":[{"name":"wp","href":"https:\/\/api.w.org\/{rel}","templated":true}]}}