{"id":768,"date":"2017-01-09T21:18:50","date_gmt":"2017-01-09T20:18:50","guid":{"rendered":"http:\/\/chtululu.be\/index.php\/produit\/un-jour\/"},"modified":"2017-01-09T21:21:50","modified_gmt":"2017-01-09T20:21:50","slug":"un-jour","status":"publish","type":"product","link":"https:\/\/chtululu.be\/index.php\/produit\/un-jour\/","title":{"rendered":"Un jour"},"content":{"rendered":"","protected":false},"excerpt":{"rendered":"<p><strong>Nicholls David<\/strong><br \/>\nCom\u00e9die de moeurs, tableau social de l&rsquo;Angleterre des vingt derni\u00e8res ann\u00e9es, mais surtout sublime histoire d&rsquo;amour, Un jour est le livre qui a fait chavirer l&rsquo;Europe tout enti\u00e8re. Superbement construit, un roman dr\u00f4le et lucide sur l&rsquo;amiti\u00e9, le passage \u00e0 l&rsquo;\u00e2ge adulte, les occasions manqu\u00e9es, les illusions perdues.<\/p>\n<p>Lui, Dexter, issu d&rsquo;un milieu ais\u00e9, s\u00e9duisant, s\u00fbr de lui, insouciant.<br \/>\nElle, Emma, d&rsquo;origine modeste, charmante qui s&rsquo;ignore, bourr\u00e9e de complexes, de principes et de convictions.<\/p>\n<p>Nous sommes le 15 juillet 1988. Margaret Thatcher est au pouvoir, la new wave bat son plein, Dexter et Emma viennent de passer une nuit ensemble. Ces deux-l\u00e0 ne le savent pas encore mais ils ont v\u00e9cu un coup de foudre.<\/p>\n<p>D&rsquo;ann\u00e9e en ann\u00e9e, Dexter et Emma vont se chercher, se perdre, s&rsquo;aimer, se d\u00e9tester, se s\u00e9parer, et finir par comprendre qu&rsquo;ils ne sont jamais aussi heureux que lorsqu&rsquo;ils sont ensemble.<\/p>\n<p>Nous sommes le 15 juillet 2004. Tony Blair est Premier ministre, Robbie Williams cartonne et la vie, la vie qui va, r\u00e9serve encore bien des surprises&#8230;<\/p>\n","protected":false},"featured_media":743,"template":"","meta":{"_acf_changed":false,"_exactmetrics_skip_tracking":false,"_exactmetrics_sitenote_active":false,"_exactmetrics_sitenote_note":"","_exactmetrics_sitenote_category":0},"product_brand":[],"product_cat":[24],"product_tag":[215,214],"class_list":{"0":"post-768","1":"product","2":"type-product","3":"status-publish","4":"has-post-thumbnail","6":"product_cat-roman","7":"product_tag-adapation-au-cinema","8":"product_tag-nicholls-david","10":"first","11":"instock","12":"sold-individually","13":"taxable","14":"shipping-taxable","15":"purchasable","16":"product-type-simple"},"acf":[],"yoast_head":"<!-- This site is optimized with the Yoast SEO plugin v26.6 - https:\/\/yoast.com\/wordpress\/plugins\/seo\/ -->\n<title>Un jour - Le Chtululu<\/title>\n<meta name=\"robots\" content=\"index, follow, max-snippet:-1, max-image-preview:large, max-video-preview:-1\" \/>\n<link rel=\"canonical\" href=\"https:\/\/chtululu.be\/index.php\/produit\/un-jour\/\" \/>\n<meta property=\"og:locale\" content=\"fr_FR\" \/>\n<meta property=\"og:type\" content=\"article\" \/>\n<meta property=\"og:title\" content=\"Un jour - Le Chtululu\" \/>\n<meta property=\"og:description\" content=\"Nicholls David Com\u00e9die de moeurs, tableau social de l&#039;Angleterre des vingt derni\u00e8res ann\u00e9es, mais surtout sublime histoire d&#039;amour, Un jour est le livre qui a fait chavirer l&#039;Europe tout enti\u00e8re. Superbement construit, un roman dr\u00f4le et lucide sur l&#039;amiti\u00e9, le passage \u00e0 l&#039;\u00e2ge adulte, les occasions manqu\u00e9es, les illusions perdues.  Lui, Dexter, issu d&#039;un milieu ais\u00e9, s\u00e9duisant, s\u00fbr de lui, insouciant. Elle, Emma, d&#039;origine modeste, charmante qui s&#039;ignore, bourr\u00e9e de complexes, de principes et de convictions.  Nous sommes le 15 juillet 1988. Margaret Thatcher est au pouvoir, la new wave bat son plein, Dexter et Emma viennent de passer une nuit ensemble. Ces deux-l\u00e0 ne le savent pas encore mais ils ont v\u00e9cu un coup de foudre.  D&#039;ann\u00e9e en ann\u00e9e, Dexter et Emma vont se chercher, se perdre, s&#039;aimer, se d\u00e9tester, se s\u00e9parer, et finir par comprendre qu&#039;ils ne sont jamais aussi heureux que lorsqu&#039;ils sont ensemble.  Nous sommes le 15 juillet 2004. Tony Blair est Premier ministre, Robbie Williams cartonne et la vie, la vie qui va, r\u00e9serve encore bien des surprises...\" \/>\n<meta property=\"og:url\" content=\"https:\/\/chtululu.be\/index.php\/produit\/un-jour\/\" \/>\n<meta property=\"og:site_name\" content=\"Le Chtululu\" \/>\n<meta property=\"article:modified_time\" content=\"2017-01-09T20:21:50+00:00\" \/>\n<meta property=\"og:image\" content=\"https:\/\/chtululu.be\/wp-content\/uploads\/2017\/01\/unjour.jpg\" \/>\n\t<meta property=\"og:image:width\" content=\"200\" \/>\n\t<meta property=\"og:image:height\" content=\"309\" \/>\n\t<meta property=\"og:image:type\" content=\"image\/jpeg\" \/>\n<meta name=\"twitter:card\" content=\"summary_large_image\" \/>\n<script type=\"application\/ld+json\" class=\"yoast-schema-graph\">{\"@context\":\"https:\/\/schema.org\",\"@graph\":[{\"@type\":\"WebPage\",\"@id\":\"https:\/\/chtululu.be\/index.php\/produit\/un-jour\/\",\"url\":\"https:\/\/chtululu.be\/index.php\/produit\/un-jour\/\",\"name\":\"Un jour - Le Chtululu\",\"isPartOf\":{\"@id\":\"https:\/\/chtululu.be\/#website\"},\"primaryImageOfPage\":{\"@id\":\"https:\/\/chtululu.be\/index.php\/produit\/un-jour\/#primaryimage\"},\"image\":{\"@id\":\"https:\/\/chtululu.be\/index.php\/produit\/un-jour\/#primaryimage\"},\"thumbnailUrl\":\"https:\/\/chtululu.be\/wp-content\/uploads\/2017\/01\/unjour.jpg\",\"datePublished\":\"2017-01-09T20:18:50+00:00\",\"dateModified\":\"2017-01-09T20:21:50+00:00\",\"breadcrumb\":{\"@id\":\"https:\/\/chtululu.be\/index.php\/produit\/un-jour\/#breadcrumb\"},\"inLanguage\":\"fr-FR\",\"potentialAction\":[{\"@type\":\"ReadAction\",\"target\":[\"https:\/\/chtululu.be\/index.php\/produit\/un-jour\/\"]}]},{\"@type\":\"ImageObject\",\"inLanguage\":\"fr-FR\",\"@id\":\"https:\/\/chtululu.be\/index.php\/produit\/un-jour\/#primaryimage\",\"url\":\"https:\/\/chtululu.be\/wp-content\/uploads\/2017\/01\/unjour.jpg\",\"contentUrl\":\"https:\/\/chtululu.be\/wp-content\/uploads\/2017\/01\/unjour.jpg\",\"width\":200,\"height\":309},{\"@type\":\"BreadcrumbList\",\"@id\":\"https:\/\/chtululu.be\/index.php\/produit\/un-jour\/#breadcrumb\",\"itemListElement\":[{\"@type\":\"ListItem\",\"position\":1,\"name\":\"Accueil\",\"item\":\"https:\/\/chtululu.be\/\"},{\"@type\":\"ListItem\",\"position\":2,\"name\":\"Les livres\",\"item\":\"https:\/\/chtululu.be\/index.php\/livres-doccasion\/\"},{\"@type\":\"ListItem\",\"position\":3,\"name\":\"Un jour\"}]},{\"@type\":\"WebSite\",\"@id\":\"https:\/\/chtululu.be\/#website\",\"url\":\"https:\/\/chtululu.be\/\",\"name\":\"Le Chtululu\",\"description\":\"Votre librairie de seconde main \u00e0 Soignies\",\"publisher\":{\"@id\":\"https:\/\/chtululu.be\/#organization\"},\"potentialAction\":[{\"@type\":\"SearchAction\",\"target\":{\"@type\":\"EntryPoint\",\"urlTemplate\":\"https:\/\/chtululu.be\/?s={search_term_string}\"},\"query-input\":{\"@type\":\"PropertyValueSpecification\",\"valueRequired\":true,\"valueName\":\"search_term_string\"}}],\"inLanguage\":\"fr-FR\"},{\"@type\":\"Organization\",\"@id\":\"https:\/\/chtululu.be\/#organization\",\"name\":\"Le Chtululu\",\"url\":\"https:\/\/chtululu.be\/\",\"logo\":{\"@type\":\"ImageObject\",\"inLanguage\":\"fr-FR\",\"@id\":\"https:\/\/chtululu.be\/#\/schema\/logo\/image\/\",\"url\":\"https:\/\/chtululu.be\/wp-content\/uploads\/2016\/05\/logo-def-blanc.jpg\",\"contentUrl\":\"https:\/\/chtululu.be\/wp-content\/uploads\/2016\/05\/logo-def-blanc.jpg\",\"width\":2048,\"height\":1901,\"caption\":\"Le Chtululu\"},\"image\":{\"@id\":\"https:\/\/chtululu.be\/#\/schema\/logo\/image\/\"}}]}<\/script>\n<!-- \/ Yoast SEO plugin. -->","yoast_head_json":{"title":"Un jour - Le Chtululu","robots":{"index":"index","follow":"follow","max-snippet":"max-snippet:-1","max-image-preview":"max-image-preview:large","max-video-preview":"max-video-preview:-1"},"canonical":"https:\/\/chtululu.be\/index.php\/produit\/un-jour\/","og_locale":"fr_FR","og_type":"article","og_title":"Un jour - Le Chtululu","og_description":"Nicholls David Com\u00e9die de moeurs, tableau social de l'Angleterre des vingt derni\u00e8res ann\u00e9es, mais surtout sublime histoire d'amour, Un jour est le livre qui a fait chavirer l'Europe tout enti\u00e8re. Superbement construit, un roman dr\u00f4le et lucide sur l'amiti\u00e9, le passage \u00e0 l'\u00e2ge adulte, les occasions manqu\u00e9es, les illusions perdues.  Lui, Dexter, issu d'un milieu ais\u00e9, s\u00e9duisant, s\u00fbr de lui, insouciant. Elle, Emma, d'origine modeste, charmante qui s'ignore, bourr\u00e9e de complexes, de principes et de convictions.  Nous sommes le 15 juillet 1988. Margaret Thatcher est au pouvoir, la new wave bat son plein, Dexter et Emma viennent de passer une nuit ensemble. Ces deux-l\u00e0 ne le savent pas encore mais ils ont v\u00e9cu un coup de foudre.  D'ann\u00e9e en ann\u00e9e, Dexter et Emma vont se chercher, se perdre, s'aimer, se d\u00e9tester, se s\u00e9parer, et finir par comprendre qu'ils ne sont jamais aussi heureux que lorsqu'ils sont ensemble.  Nous sommes le 15 juillet 2004. Tony Blair est Premier ministre, Robbie Williams cartonne et la vie, la vie qui va, r\u00e9serve encore bien des surprises...","og_url":"https:\/\/chtululu.be\/index.php\/produit\/un-jour\/","og_site_name":"Le Chtululu","article_modified_time":"2017-01-09T20:21:50+00:00","og_image":[{"width":200,"height":309,"url":"https:\/\/chtululu.be\/wp-content\/uploads\/2017\/01\/unjour.jpg","type":"image\/jpeg"}],"twitter_card":"summary_large_image","schema":{"@context":"https:\/\/schema.org","@graph":[{"@type":"WebPage","@id":"https:\/\/chtululu.be\/index.php\/produit\/un-jour\/","url":"https:\/\/chtululu.be\/index.php\/produit\/un-jour\/","name":"Un jour - Le Chtululu","isPartOf":{"@id":"https:\/\/chtululu.be\/#website"},"primaryImageOfPage":{"@id":"https:\/\/chtululu.be\/index.php\/produit\/un-jour\/#primaryimage"},"image":{"@id":"https:\/\/chtululu.be\/index.php\/produit\/un-jour\/#primaryimage"},"thumbnailUrl":"https:\/\/chtululu.be\/wp-content\/uploads\/2017\/01\/unjour.jpg","datePublished":"2017-01-09T20:18:50+00:00","dateModified":"2017-01-09T20:21:50+00:00","breadcrumb":{"@id":"https:\/\/chtululu.be\/index.php\/produit\/un-jour\/#breadcrumb"},"inLanguage":"fr-FR","potentialAction":[{"@type":"ReadAction","target":["https:\/\/chtululu.be\/index.php\/produit\/un-jour\/"]}]},{"@type":"ImageObject","inLanguage":"fr-FR","@id":"https:\/\/chtululu.be\/index.php\/produit\/un-jour\/#primaryimage","url":"https:\/\/chtululu.be\/wp-content\/uploads\/2017\/01\/unjour.jpg","contentUrl":"https:\/\/chtululu.be\/wp-content\/uploads\/2017\/01\/unjour.jpg","width":200,"height":309},{"@type":"BreadcrumbList","@id":"https:\/\/chtululu.be\/index.php\/produit\/un-jour\/#breadcrumb","itemListElement":[{"@type":"ListItem","position":1,"name":"Accueil","item":"https:\/\/chtululu.be\/"},{"@type":"ListItem","position":2,"name":"Les livres","item":"https:\/\/chtululu.be\/index.php\/livres-doccasion\/"},{"@type":"ListItem","position":3,"name":"Un jour"}]},{"@type":"WebSite","@id":"https:\/\/chtululu.be\/#website","url":"https:\/\/chtululu.be\/","name":"Le Chtululu","description":"Votre librairie de seconde main \u00e0 Soignies","publisher":{"@id":"https:\/\/chtululu.be\/#organization"},"potentialAction":[{"@type":"SearchAction","target":{"@type":"EntryPoint","urlTemplate":"https:\/\/chtululu.be\/?s={search_term_string}"},"query-input":{"@type":"PropertyValueSpecification","valueRequired":true,"valueName":"search_term_string"}}],"inLanguage":"fr-FR"},{"@type":"Organization","@id":"https:\/\/chtululu.be\/#organization","name":"Le Chtululu","url":"https:\/\/chtululu.be\/","logo":{"@type":"ImageObject","inLanguage":"fr-FR","@id":"https:\/\/chtululu.be\/#\/schema\/logo\/image\/","url":"https:\/\/chtululu.be\/wp-content\/uploads\/2016\/05\/logo-def-blanc.jpg","contentUrl":"https:\/\/chtululu.be\/wp-content\/uploads\/2016\/05\/logo-def-blanc.jpg","width":2048,"height":1901,"caption":"Le Chtululu"},"image":{"@id":"https:\/\/chtululu.be\/#\/schema\/logo\/image\/"}}]}},"_links":{"self":[{"href":"https:\/\/chtululu.be\/index.php\/wp-json\/wp\/v2\/product\/768","targetHints":{"allow":["GET"]}}],"collection":[{"href":"https:\/\/chtululu.be\/index.php\/wp-json\/wp\/v2\/product"}],"about":[{"href":"https:\/\/chtululu.be\/index.php\/wp-json\/wp\/v2\/types\/product"}],"wp:featuredmedia":[{"embeddable":true,"href":"https:\/\/chtululu.be\/index.php\/wp-json\/wp\/v2\/media\/743"}],"wp:attachment":[{"href":"https:\/\/chtululu.be\/index.php\/wp-json\/wp\/v2\/media?parent=768"}],"wp:term":[{"taxonomy":"product_brand","embeddable":true,"href":"https:\/\/chtululu.be\/index.php\/wp-json\/wp\/v2\/product_brand?post=768"},{"taxonomy":"product_cat","embeddable":true,"href":"https:\/\/chtululu.be\/index.php\/wp-json\/wp\/v2\/product_cat?post=768"},{"taxonomy":"product_tag","embeddable":true,"href":"https:\/\/chtululu.be\/index.php\/wp-json\/wp\/v2\/product_tag?post=768"}],"curies":[{"name":"wp","href":"https:\/\/api.w.org\/{rel}","templated":true}]}}