{"id":767,"date":"2017-01-09T21:18:49","date_gmt":"2017-01-09T20:18:49","guid":{"rendered":"http:\/\/chtululu.be\/index.php\/produit\/les-amants-de-maulnes\/"},"modified":"2017-01-09T21:23:14","modified_gmt":"2017-01-09T20:23:14","slug":"les-amants-de-maulnes","status":"publish","type":"product","link":"https:\/\/chtululu.be\/index.php\/produit\/les-amants-de-maulnes\/","title":{"rendered":"Les amants de Maulnes"},"content":{"rendered":"","protected":false},"excerpt":{"rendered":"<p><strong>Mosca Lyliane<\/strong><br \/>\n1945. Dans la petite gare d\u0092Ancy, chacun se presse pour accueillir les hommes de retour apr\u00e8s la guerre. Celui que Jeannette attend f\u00e9brilement, elle ne l\u0092a jamais vu. Maxime et elle se sont \u00e9chang\u00e9 des lettres pendant toute la dur\u00e9e du conflit et l\u0092heure est venue pour eux de confronter leurs tendres sentiments \u00e0 la r\u00e9alit\u00e9.<br \/>\nAmoureux au premier regard, ils d\u00e9cident tr\u00e8s vite de se fiancer. Un soulagement pour Jeannette qui se r\u00e9jouit de quitter la petite maison qu\u0092elle partage avec Rachel, sa m\u00e8re, \u00e0 la lisi\u00e8re de la for\u00eat de Maulnes, non loin d\u0092un ch\u00e2teau abandonn\u00e9. L\u0092ambiance myst\u00e9rieuse du lieu a toujours plu \u00e0 Rachel, gu\u00e9risseuse, tandis que Jeannette r\u00eave d\u0092une vie moins marginale.<br \/>\nAimante mais conflictuelle, la relation m\u00e8re-fille s\u0092envenime avec la pr\u00e9sence de Maxime. D\u0092abord critique, Rachel semble d\u00e9sormais appr\u00e9cier un peu trop le jeune homme\u0085<\/p>\n","protected":false},"featured_media":752,"template":"","meta":{"_acf_changed":false,"_exactmetrics_skip_tracking":false,"_exactmetrics_sitenote_active":false,"_exactmetrics_sitenote_note":"","_exactmetrics_sitenote_category":0},"product_brand":[],"product_cat":[24],"product_tag":[213],"class_list":{"0":"post-767","1":"product","2":"type-product","3":"status-publish","4":"has-post-thumbnail","6":"product_cat-roman","7":"product_tag-mosca-lyliane","9":"first","10":"instock","11":"sold-individually","12":"taxable","13":"shipping-taxable","14":"purchasable","15":"product-type-simple"},"acf":[],"yoast_head":"<!-- This site is optimized with the Yoast SEO plugin v26.6 - https:\/\/yoast.com\/wordpress\/plugins\/seo\/ -->\n<title>Les amants de Maulnes - Le Chtululu<\/title>\n<meta name=\"robots\" content=\"index, follow, max-snippet:-1, max-image-preview:large, max-video-preview:-1\" \/>\n<link rel=\"canonical\" href=\"https:\/\/chtululu.be\/index.php\/produit\/les-amants-de-maulnes\/\" \/>\n<meta property=\"og:locale\" content=\"fr_FR\" \/>\n<meta property=\"og:type\" content=\"article\" \/>\n<meta property=\"og:title\" content=\"Les amants de Maulnes - Le Chtululu\" \/>\n<meta property=\"og:description\" content=\"Mosca Lyliane 1945. Dans la petite gare d\u0092Ancy, chacun se presse pour accueillir les hommes de retour apr\u00e8s la guerre. Celui que Jeannette attend f\u00e9brilement, elle ne l\u0092a jamais vu. Maxime et elle se sont \u00e9chang\u00e9 des lettres pendant toute la dur\u00e9e du conflit et l\u0092heure est venue pour eux de confronter leurs tendres sentiments \u00e0 la r\u00e9alit\u00e9. Amoureux au premier regard, ils d\u00e9cident tr\u00e8s vite de se fiancer. Un soulagement pour Jeannette qui se r\u00e9jouit de quitter la petite maison qu\u0092elle partage avec Rachel, sa m\u00e8re, \u00e0 la lisi\u00e8re de la for\u00eat de Maulnes, non loin d\u0092un ch\u00e2teau abandonn\u00e9. L\u0092ambiance myst\u00e9rieuse du lieu a toujours plu \u00e0 Rachel, gu\u00e9risseuse, tandis que Jeannette r\u00eave d\u0092une vie moins marginale. Aimante mais conflictuelle, la relation m\u00e8re-fille s\u0092envenime avec la pr\u00e9sence de Maxime. D\u0092abord critique, Rachel semble d\u00e9sormais appr\u00e9cier un peu trop le jeune homme\u0085\" \/>\n<meta property=\"og:url\" content=\"https:\/\/chtululu.be\/index.php\/produit\/les-amants-de-maulnes\/\" \/>\n<meta property=\"og:site_name\" content=\"Le Chtululu\" \/>\n<meta property=\"article:modified_time\" content=\"2017-01-09T20:23:14+00:00\" \/>\n<meta property=\"og:image\" content=\"https:\/\/chtululu.be\/wp-content\/uploads\/2017\/01\/les-amants-de-maulnes.jpg\" \/>\n\t<meta property=\"og:image:width\" content=\"200\" \/>\n\t<meta property=\"og:image:height\" content=\"321\" \/>\n\t<meta property=\"og:image:type\" content=\"image\/jpeg\" \/>\n<meta name=\"twitter:card\" content=\"summary_large_image\" \/>\n<script type=\"application\/ld+json\" class=\"yoast-schema-graph\">{\"@context\":\"https:\/\/schema.org\",\"@graph\":[{\"@type\":\"WebPage\",\"@id\":\"https:\/\/chtululu.be\/index.php\/produit\/les-amants-de-maulnes\/\",\"url\":\"https:\/\/chtululu.be\/index.php\/produit\/les-amants-de-maulnes\/\",\"name\":\"Les amants de Maulnes - Le Chtululu\",\"isPartOf\":{\"@id\":\"https:\/\/chtululu.be\/#website\"},\"primaryImageOfPage\":{\"@id\":\"https:\/\/chtululu.be\/index.php\/produit\/les-amants-de-maulnes\/#primaryimage\"},\"image\":{\"@id\":\"https:\/\/chtululu.be\/index.php\/produit\/les-amants-de-maulnes\/#primaryimage\"},\"thumbnailUrl\":\"https:\/\/chtululu.be\/wp-content\/uploads\/2017\/01\/les-amants-de-maulnes.jpg\",\"datePublished\":\"2017-01-09T20:18:49+00:00\",\"dateModified\":\"2017-01-09T20:23:14+00:00\",\"breadcrumb\":{\"@id\":\"https:\/\/chtululu.be\/index.php\/produit\/les-amants-de-maulnes\/#breadcrumb\"},\"inLanguage\":\"fr-FR\",\"potentialAction\":[{\"@type\":\"ReadAction\",\"target\":[\"https:\/\/chtululu.be\/index.php\/produit\/les-amants-de-maulnes\/\"]}]},{\"@type\":\"ImageObject\",\"inLanguage\":\"fr-FR\",\"@id\":\"https:\/\/chtululu.be\/index.php\/produit\/les-amants-de-maulnes\/#primaryimage\",\"url\":\"https:\/\/chtululu.be\/wp-content\/uploads\/2017\/01\/les-amants-de-maulnes.jpg\",\"contentUrl\":\"https:\/\/chtululu.be\/wp-content\/uploads\/2017\/01\/les-amants-de-maulnes.jpg\",\"width\":200,\"height\":321},{\"@type\":\"BreadcrumbList\",\"@id\":\"https:\/\/chtululu.be\/index.php\/produit\/les-amants-de-maulnes\/#breadcrumb\",\"itemListElement\":[{\"@type\":\"ListItem\",\"position\":1,\"name\":\"Accueil\",\"item\":\"https:\/\/chtululu.be\/\"},{\"@type\":\"ListItem\",\"position\":2,\"name\":\"Les livres\",\"item\":\"https:\/\/chtululu.be\/index.php\/livres-doccasion\/\"},{\"@type\":\"ListItem\",\"position\":3,\"name\":\"Les amants de Maulnes\"}]},{\"@type\":\"WebSite\",\"@id\":\"https:\/\/chtululu.be\/#website\",\"url\":\"https:\/\/chtululu.be\/\",\"name\":\"Le Chtululu\",\"description\":\"Votre librairie de seconde main \u00e0 Soignies\",\"publisher\":{\"@id\":\"https:\/\/chtululu.be\/#organization\"},\"potentialAction\":[{\"@type\":\"SearchAction\",\"target\":{\"@type\":\"EntryPoint\",\"urlTemplate\":\"https:\/\/chtululu.be\/?s={search_term_string}\"},\"query-input\":{\"@type\":\"PropertyValueSpecification\",\"valueRequired\":true,\"valueName\":\"search_term_string\"}}],\"inLanguage\":\"fr-FR\"},{\"@type\":\"Organization\",\"@id\":\"https:\/\/chtululu.be\/#organization\",\"name\":\"Le Chtululu\",\"url\":\"https:\/\/chtululu.be\/\",\"logo\":{\"@type\":\"ImageObject\",\"inLanguage\":\"fr-FR\",\"@id\":\"https:\/\/chtululu.be\/#\/schema\/logo\/image\/\",\"url\":\"https:\/\/chtululu.be\/wp-content\/uploads\/2016\/05\/logo-def-blanc.jpg\",\"contentUrl\":\"https:\/\/chtululu.be\/wp-content\/uploads\/2016\/05\/logo-def-blanc.jpg\",\"width\":2048,\"height\":1901,\"caption\":\"Le Chtululu\"},\"image\":{\"@id\":\"https:\/\/chtululu.be\/#\/schema\/logo\/image\/\"}}]}<\/script>\n<!-- \/ Yoast SEO plugin. -->","yoast_head_json":{"title":"Les amants de Maulnes - Le Chtululu","robots":{"index":"index","follow":"follow","max-snippet":"max-snippet:-1","max-image-preview":"max-image-preview:large","max-video-preview":"max-video-preview:-1"},"canonical":"https:\/\/chtululu.be\/index.php\/produit\/les-amants-de-maulnes\/","og_locale":"fr_FR","og_type":"article","og_title":"Les amants de Maulnes - Le Chtululu","og_description":"Mosca Lyliane 1945. Dans la petite gare d\u0092Ancy, chacun se presse pour accueillir les hommes de retour apr\u00e8s la guerre. Celui que Jeannette attend f\u00e9brilement, elle ne l\u0092a jamais vu. Maxime et elle se sont \u00e9chang\u00e9 des lettres pendant toute la dur\u00e9e du conflit et l\u0092heure est venue pour eux de confronter leurs tendres sentiments \u00e0 la r\u00e9alit\u00e9. Amoureux au premier regard, ils d\u00e9cident tr\u00e8s vite de se fiancer. Un soulagement pour Jeannette qui se r\u00e9jouit de quitter la petite maison qu\u0092elle partage avec Rachel, sa m\u00e8re, \u00e0 la lisi\u00e8re de la for\u00eat de Maulnes, non loin d\u0092un ch\u00e2teau abandonn\u00e9. L\u0092ambiance myst\u00e9rieuse du lieu a toujours plu \u00e0 Rachel, gu\u00e9risseuse, tandis que Jeannette r\u00eave d\u0092une vie moins marginale. Aimante mais conflictuelle, la relation m\u00e8re-fille s\u0092envenime avec la pr\u00e9sence de Maxime. D\u0092abord critique, Rachel semble d\u00e9sormais appr\u00e9cier un peu trop le jeune homme\u0085","og_url":"https:\/\/chtululu.be\/index.php\/produit\/les-amants-de-maulnes\/","og_site_name":"Le Chtululu","article_modified_time":"2017-01-09T20:23:14+00:00","og_image":[{"width":200,"height":321,"url":"https:\/\/chtululu.be\/wp-content\/uploads\/2017\/01\/les-amants-de-maulnes.jpg","type":"image\/jpeg"}],"twitter_card":"summary_large_image","schema":{"@context":"https:\/\/schema.org","@graph":[{"@type":"WebPage","@id":"https:\/\/chtululu.be\/index.php\/produit\/les-amants-de-maulnes\/","url":"https:\/\/chtululu.be\/index.php\/produit\/les-amants-de-maulnes\/","name":"Les amants de Maulnes - Le Chtululu","isPartOf":{"@id":"https:\/\/chtululu.be\/#website"},"primaryImageOfPage":{"@id":"https:\/\/chtululu.be\/index.php\/produit\/les-amants-de-maulnes\/#primaryimage"},"image":{"@id":"https:\/\/chtululu.be\/index.php\/produit\/les-amants-de-maulnes\/#primaryimage"},"thumbnailUrl":"https:\/\/chtululu.be\/wp-content\/uploads\/2017\/01\/les-amants-de-maulnes.jpg","datePublished":"2017-01-09T20:18:49+00:00","dateModified":"2017-01-09T20:23:14+00:00","breadcrumb":{"@id":"https:\/\/chtululu.be\/index.php\/produit\/les-amants-de-maulnes\/#breadcrumb"},"inLanguage":"fr-FR","potentialAction":[{"@type":"ReadAction","target":["https:\/\/chtululu.be\/index.php\/produit\/les-amants-de-maulnes\/"]}]},{"@type":"ImageObject","inLanguage":"fr-FR","@id":"https:\/\/chtululu.be\/index.php\/produit\/les-amants-de-maulnes\/#primaryimage","url":"https:\/\/chtululu.be\/wp-content\/uploads\/2017\/01\/les-amants-de-maulnes.jpg","contentUrl":"https:\/\/chtululu.be\/wp-content\/uploads\/2017\/01\/les-amants-de-maulnes.jpg","width":200,"height":321},{"@type":"BreadcrumbList","@id":"https:\/\/chtululu.be\/index.php\/produit\/les-amants-de-maulnes\/#breadcrumb","itemListElement":[{"@type":"ListItem","position":1,"name":"Accueil","item":"https:\/\/chtululu.be\/"},{"@type":"ListItem","position":2,"name":"Les livres","item":"https:\/\/chtululu.be\/index.php\/livres-doccasion\/"},{"@type":"ListItem","position":3,"name":"Les amants de Maulnes"}]},{"@type":"WebSite","@id":"https:\/\/chtululu.be\/#website","url":"https:\/\/chtululu.be\/","name":"Le Chtululu","description":"Votre librairie de seconde main \u00e0 Soignies","publisher":{"@id":"https:\/\/chtululu.be\/#organization"},"potentialAction":[{"@type":"SearchAction","target":{"@type":"EntryPoint","urlTemplate":"https:\/\/chtululu.be\/?s={search_term_string}"},"query-input":{"@type":"PropertyValueSpecification","valueRequired":true,"valueName":"search_term_string"}}],"inLanguage":"fr-FR"},{"@type":"Organization","@id":"https:\/\/chtululu.be\/#organization","name":"Le Chtululu","url":"https:\/\/chtululu.be\/","logo":{"@type":"ImageObject","inLanguage":"fr-FR","@id":"https:\/\/chtululu.be\/#\/schema\/logo\/image\/","url":"https:\/\/chtululu.be\/wp-content\/uploads\/2016\/05\/logo-def-blanc.jpg","contentUrl":"https:\/\/chtululu.be\/wp-content\/uploads\/2016\/05\/logo-def-blanc.jpg","width":2048,"height":1901,"caption":"Le Chtululu"},"image":{"@id":"https:\/\/chtululu.be\/#\/schema\/logo\/image\/"}}]}},"_links":{"self":[{"href":"https:\/\/chtululu.be\/index.php\/wp-json\/wp\/v2\/product\/767","targetHints":{"allow":["GET"]}}],"collection":[{"href":"https:\/\/chtululu.be\/index.php\/wp-json\/wp\/v2\/product"}],"about":[{"href":"https:\/\/chtululu.be\/index.php\/wp-json\/wp\/v2\/types\/product"}],"wp:featuredmedia":[{"embeddable":true,"href":"https:\/\/chtululu.be\/index.php\/wp-json\/wp\/v2\/media\/752"}],"wp:attachment":[{"href":"https:\/\/chtululu.be\/index.php\/wp-json\/wp\/v2\/media?parent=767"}],"wp:term":[{"taxonomy":"product_brand","embeddable":true,"href":"https:\/\/chtululu.be\/index.php\/wp-json\/wp\/v2\/product_brand?post=767"},{"taxonomy":"product_cat","embeddable":true,"href":"https:\/\/chtululu.be\/index.php\/wp-json\/wp\/v2\/product_cat?post=767"},{"taxonomy":"product_tag","embeddable":true,"href":"https:\/\/chtululu.be\/index.php\/wp-json\/wp\/v2\/product_tag?post=767"}],"curies":[{"name":"wp","href":"https:\/\/api.w.org\/{rel}","templated":true}]}}