{"id":766,"date":"2017-01-09T21:18:49","date_gmt":"2017-01-09T20:18:49","guid":{"rendered":"http:\/\/chtululu.be\/index.php\/produit\/la-femme-perdue\/"},"modified":"2017-01-09T21:24:09","modified_gmt":"2017-01-09T20:24:09","slug":"la-femme-perdue","status":"publish","type":"product","link":"https:\/\/chtululu.be\/index.php\/produit\/la-femme-perdue\/","title":{"rendered":"La femme perdue"},"content":{"rendered":"","protected":false},"excerpt":{"rendered":"<p><strong>Mones Nicole<\/strong><br \/>\nPassionn\u00e9e par la Chine, Alice Mannegan vit \u00e0 P\u00e9kin o\u00f9 elle travaille comme interpr\u00e8te. Elle est amen\u00e9e \u00e0 accompagner un groupe de pal\u00e9ontologues am\u00e9ricano-chinois qui recherchent l&rsquo;Homme de P\u00e9kin, un sp\u00e9cimen d&rsquo;Homo erectus, dont les ossements ont myst\u00e9rieusement disparus en 1941. L&rsquo;enjeu de cette qu\u00eate, qui les m\u00e8nera aux confins de la Mongolie Int\u00e9rieure, sur les traces du j\u00e9suite fran\u00e7ais, Pierre Teilhard de Chardin, est d&rsquo;une valeur inestimable pour l&rsquo;histoire de l&rsquo;humanit\u00e9. Pour Alice, c&rsquo;est peut-\u00eatre enfin la chance de rencontrer l&rsquo;amour qu&rsquo;elle croyait impossible et de r\u00e9concilier sa propre histoire avec celle d&rsquo;un pays dont le mode de vie, les myst\u00e8res, les traditions et les contradictions n&rsquo;ont pas fini de l&rsquo;\u00e9tonner.<\/p>\n","protected":false},"featured_media":751,"template":"","meta":{"_acf_changed":false,"_exactmetrics_skip_tracking":false,"_exactmetrics_sitenote_active":false,"_exactmetrics_sitenote_note":"","_exactmetrics_sitenote_category":0},"product_brand":[],"product_cat":[24],"product_tag":[212],"class_list":{"0":"post-766","1":"product","2":"type-product","3":"status-publish","4":"has-post-thumbnail","6":"product_cat-roman","7":"product_tag-mones-nicole","9":"first","10":"instock","11":"sold-individually","12":"taxable","13":"shipping-taxable","14":"purchasable","15":"product-type-simple"},"acf":[],"yoast_head":"<!-- This site is optimized with the Yoast SEO plugin v26.6 - https:\/\/yoast.com\/wordpress\/plugins\/seo\/ -->\n<title>La femme perdue - Le Chtululu<\/title>\n<meta name=\"robots\" content=\"index, follow, max-snippet:-1, max-image-preview:large, max-video-preview:-1\" \/>\n<link rel=\"canonical\" href=\"https:\/\/chtululu.be\/index.php\/produit\/la-femme-perdue\/\" \/>\n<meta property=\"og:locale\" content=\"fr_FR\" \/>\n<meta property=\"og:type\" content=\"article\" \/>\n<meta property=\"og:title\" content=\"La femme perdue - Le Chtululu\" \/>\n<meta property=\"og:description\" content=\"Mones Nicole Passionn\u00e9e par la Chine, Alice Mannegan vit \u00e0 P\u00e9kin o\u00f9 elle travaille comme interpr\u00e8te. Elle est amen\u00e9e \u00e0 accompagner un groupe de pal\u00e9ontologues am\u00e9ricano-chinois qui recherchent l&#039;Homme de P\u00e9kin, un sp\u00e9cimen d&#039;Homo erectus, dont les ossements ont myst\u00e9rieusement disparus en 1941. L&#039;enjeu de cette qu\u00eate, qui les m\u00e8nera aux confins de la Mongolie Int\u00e9rieure, sur les traces du j\u00e9suite fran\u00e7ais, Pierre Teilhard de Chardin, est d&#039;une valeur inestimable pour l&#039;histoire de l&#039;humanit\u00e9. Pour Alice, c&#039;est peut-\u00eatre enfin la chance de rencontrer l&#039;amour qu&#039;elle croyait impossible et de r\u00e9concilier sa propre histoire avec celle d&#039;un pays dont le mode de vie, les myst\u00e8res, les traditions et les contradictions n&#039;ont pas fini de l&#039;\u00e9tonner.\" \/>\n<meta property=\"og:url\" content=\"https:\/\/chtululu.be\/index.php\/produit\/la-femme-perdue\/\" \/>\n<meta property=\"og:site_name\" content=\"Le Chtululu\" \/>\n<meta property=\"article:modified_time\" content=\"2017-01-09T20:24:09+00:00\" \/>\n<meta property=\"og:image\" content=\"https:\/\/chtululu.be\/wp-content\/uploads\/2017\/01\/la-femme-perdue.jpg\" \/>\n\t<meta property=\"og:image:width\" content=\"200\" \/>\n\t<meta property=\"og:image:height\" content=\"310\" \/>\n\t<meta property=\"og:image:type\" content=\"image\/jpeg\" \/>\n<meta name=\"twitter:card\" content=\"summary_large_image\" \/>\n<script type=\"application\/ld+json\" class=\"yoast-schema-graph\">{\"@context\":\"https:\/\/schema.org\",\"@graph\":[{\"@type\":\"WebPage\",\"@id\":\"https:\/\/chtululu.be\/index.php\/produit\/la-femme-perdue\/\",\"url\":\"https:\/\/chtululu.be\/index.php\/produit\/la-femme-perdue\/\",\"name\":\"La femme perdue - Le Chtululu\",\"isPartOf\":{\"@id\":\"https:\/\/chtululu.be\/#website\"},\"primaryImageOfPage\":{\"@id\":\"https:\/\/chtululu.be\/index.php\/produit\/la-femme-perdue\/#primaryimage\"},\"image\":{\"@id\":\"https:\/\/chtululu.be\/index.php\/produit\/la-femme-perdue\/#primaryimage\"},\"thumbnailUrl\":\"https:\/\/chtululu.be\/wp-content\/uploads\/2017\/01\/la-femme-perdue.jpg\",\"datePublished\":\"2017-01-09T20:18:49+00:00\",\"dateModified\":\"2017-01-09T20:24:09+00:00\",\"breadcrumb\":{\"@id\":\"https:\/\/chtululu.be\/index.php\/produit\/la-femme-perdue\/#breadcrumb\"},\"inLanguage\":\"fr-FR\",\"potentialAction\":[{\"@type\":\"ReadAction\",\"target\":[\"https:\/\/chtululu.be\/index.php\/produit\/la-femme-perdue\/\"]}]},{\"@type\":\"ImageObject\",\"inLanguage\":\"fr-FR\",\"@id\":\"https:\/\/chtululu.be\/index.php\/produit\/la-femme-perdue\/#primaryimage\",\"url\":\"https:\/\/chtululu.be\/wp-content\/uploads\/2017\/01\/la-femme-perdue.jpg\",\"contentUrl\":\"https:\/\/chtululu.be\/wp-content\/uploads\/2017\/01\/la-femme-perdue.jpg\",\"width\":200,\"height\":310},{\"@type\":\"BreadcrumbList\",\"@id\":\"https:\/\/chtululu.be\/index.php\/produit\/la-femme-perdue\/#breadcrumb\",\"itemListElement\":[{\"@type\":\"ListItem\",\"position\":1,\"name\":\"Accueil\",\"item\":\"https:\/\/chtululu.be\/\"},{\"@type\":\"ListItem\",\"position\":2,\"name\":\"Les livres\",\"item\":\"https:\/\/chtululu.be\/index.php\/livres-doccasion\/\"},{\"@type\":\"ListItem\",\"position\":3,\"name\":\"La femme perdue\"}]},{\"@type\":\"WebSite\",\"@id\":\"https:\/\/chtululu.be\/#website\",\"url\":\"https:\/\/chtululu.be\/\",\"name\":\"Le Chtululu\",\"description\":\"Votre librairie de seconde main \u00e0 Soignies\",\"publisher\":{\"@id\":\"https:\/\/chtululu.be\/#organization\"},\"potentialAction\":[{\"@type\":\"SearchAction\",\"target\":{\"@type\":\"EntryPoint\",\"urlTemplate\":\"https:\/\/chtululu.be\/?s={search_term_string}\"},\"query-input\":{\"@type\":\"PropertyValueSpecification\",\"valueRequired\":true,\"valueName\":\"search_term_string\"}}],\"inLanguage\":\"fr-FR\"},{\"@type\":\"Organization\",\"@id\":\"https:\/\/chtululu.be\/#organization\",\"name\":\"Le Chtululu\",\"url\":\"https:\/\/chtululu.be\/\",\"logo\":{\"@type\":\"ImageObject\",\"inLanguage\":\"fr-FR\",\"@id\":\"https:\/\/chtululu.be\/#\/schema\/logo\/image\/\",\"url\":\"https:\/\/chtululu.be\/wp-content\/uploads\/2016\/05\/logo-def-blanc.jpg\",\"contentUrl\":\"https:\/\/chtululu.be\/wp-content\/uploads\/2016\/05\/logo-def-blanc.jpg\",\"width\":2048,\"height\":1901,\"caption\":\"Le Chtululu\"},\"image\":{\"@id\":\"https:\/\/chtululu.be\/#\/schema\/logo\/image\/\"}}]}<\/script>\n<!-- \/ Yoast SEO plugin. -->","yoast_head_json":{"title":"La femme perdue - Le Chtululu","robots":{"index":"index","follow":"follow","max-snippet":"max-snippet:-1","max-image-preview":"max-image-preview:large","max-video-preview":"max-video-preview:-1"},"canonical":"https:\/\/chtululu.be\/index.php\/produit\/la-femme-perdue\/","og_locale":"fr_FR","og_type":"article","og_title":"La femme perdue - Le Chtululu","og_description":"Mones Nicole Passionn\u00e9e par la Chine, Alice Mannegan vit \u00e0 P\u00e9kin o\u00f9 elle travaille comme interpr\u00e8te. Elle est amen\u00e9e \u00e0 accompagner un groupe de pal\u00e9ontologues am\u00e9ricano-chinois qui recherchent l'Homme de P\u00e9kin, un sp\u00e9cimen d'Homo erectus, dont les ossements ont myst\u00e9rieusement disparus en 1941. L'enjeu de cette qu\u00eate, qui les m\u00e8nera aux confins de la Mongolie Int\u00e9rieure, sur les traces du j\u00e9suite fran\u00e7ais, Pierre Teilhard de Chardin, est d'une valeur inestimable pour l'histoire de l'humanit\u00e9. Pour Alice, c'est peut-\u00eatre enfin la chance de rencontrer l'amour qu'elle croyait impossible et de r\u00e9concilier sa propre histoire avec celle d'un pays dont le mode de vie, les myst\u00e8res, les traditions et les contradictions n'ont pas fini de l'\u00e9tonner.","og_url":"https:\/\/chtululu.be\/index.php\/produit\/la-femme-perdue\/","og_site_name":"Le Chtululu","article_modified_time":"2017-01-09T20:24:09+00:00","og_image":[{"width":200,"height":310,"url":"https:\/\/chtululu.be\/wp-content\/uploads\/2017\/01\/la-femme-perdue.jpg","type":"image\/jpeg"}],"twitter_card":"summary_large_image","schema":{"@context":"https:\/\/schema.org","@graph":[{"@type":"WebPage","@id":"https:\/\/chtululu.be\/index.php\/produit\/la-femme-perdue\/","url":"https:\/\/chtululu.be\/index.php\/produit\/la-femme-perdue\/","name":"La femme perdue - Le Chtululu","isPartOf":{"@id":"https:\/\/chtululu.be\/#website"},"primaryImageOfPage":{"@id":"https:\/\/chtululu.be\/index.php\/produit\/la-femme-perdue\/#primaryimage"},"image":{"@id":"https:\/\/chtululu.be\/index.php\/produit\/la-femme-perdue\/#primaryimage"},"thumbnailUrl":"https:\/\/chtululu.be\/wp-content\/uploads\/2017\/01\/la-femme-perdue.jpg","datePublished":"2017-01-09T20:18:49+00:00","dateModified":"2017-01-09T20:24:09+00:00","breadcrumb":{"@id":"https:\/\/chtululu.be\/index.php\/produit\/la-femme-perdue\/#breadcrumb"},"inLanguage":"fr-FR","potentialAction":[{"@type":"ReadAction","target":["https:\/\/chtululu.be\/index.php\/produit\/la-femme-perdue\/"]}]},{"@type":"ImageObject","inLanguage":"fr-FR","@id":"https:\/\/chtululu.be\/index.php\/produit\/la-femme-perdue\/#primaryimage","url":"https:\/\/chtululu.be\/wp-content\/uploads\/2017\/01\/la-femme-perdue.jpg","contentUrl":"https:\/\/chtululu.be\/wp-content\/uploads\/2017\/01\/la-femme-perdue.jpg","width":200,"height":310},{"@type":"BreadcrumbList","@id":"https:\/\/chtululu.be\/index.php\/produit\/la-femme-perdue\/#breadcrumb","itemListElement":[{"@type":"ListItem","position":1,"name":"Accueil","item":"https:\/\/chtululu.be\/"},{"@type":"ListItem","position":2,"name":"Les livres","item":"https:\/\/chtululu.be\/index.php\/livres-doccasion\/"},{"@type":"ListItem","position":3,"name":"La femme perdue"}]},{"@type":"WebSite","@id":"https:\/\/chtululu.be\/#website","url":"https:\/\/chtululu.be\/","name":"Le Chtululu","description":"Votre librairie de seconde main \u00e0 Soignies","publisher":{"@id":"https:\/\/chtululu.be\/#organization"},"potentialAction":[{"@type":"SearchAction","target":{"@type":"EntryPoint","urlTemplate":"https:\/\/chtululu.be\/?s={search_term_string}"},"query-input":{"@type":"PropertyValueSpecification","valueRequired":true,"valueName":"search_term_string"}}],"inLanguage":"fr-FR"},{"@type":"Organization","@id":"https:\/\/chtululu.be\/#organization","name":"Le Chtululu","url":"https:\/\/chtululu.be\/","logo":{"@type":"ImageObject","inLanguage":"fr-FR","@id":"https:\/\/chtululu.be\/#\/schema\/logo\/image\/","url":"https:\/\/chtululu.be\/wp-content\/uploads\/2016\/05\/logo-def-blanc.jpg","contentUrl":"https:\/\/chtululu.be\/wp-content\/uploads\/2016\/05\/logo-def-blanc.jpg","width":2048,"height":1901,"caption":"Le Chtululu"},"image":{"@id":"https:\/\/chtululu.be\/#\/schema\/logo\/image\/"}}]}},"_links":{"self":[{"href":"https:\/\/chtululu.be\/index.php\/wp-json\/wp\/v2\/product\/766","targetHints":{"allow":["GET"]}}],"collection":[{"href":"https:\/\/chtululu.be\/index.php\/wp-json\/wp\/v2\/product"}],"about":[{"href":"https:\/\/chtululu.be\/index.php\/wp-json\/wp\/v2\/types\/product"}],"wp:featuredmedia":[{"embeddable":true,"href":"https:\/\/chtululu.be\/index.php\/wp-json\/wp\/v2\/media\/751"}],"wp:attachment":[{"href":"https:\/\/chtululu.be\/index.php\/wp-json\/wp\/v2\/media?parent=766"}],"wp:term":[{"taxonomy":"product_brand","embeddable":true,"href":"https:\/\/chtululu.be\/index.php\/wp-json\/wp\/v2\/product_brand?post=766"},{"taxonomy":"product_cat","embeddable":true,"href":"https:\/\/chtululu.be\/index.php\/wp-json\/wp\/v2\/product_cat?post=766"},{"taxonomy":"product_tag","embeddable":true,"href":"https:\/\/chtululu.be\/index.php\/wp-json\/wp\/v2\/product_tag?post=766"}],"curies":[{"name":"wp","href":"https:\/\/api.w.org\/{rel}","templated":true}]}}