{"id":764,"date":"2017-01-09T21:18:47","date_gmt":"2017-01-09T20:18:47","guid":{"rendered":"http:\/\/chtululu.be\/index.php\/produit\/les-chaussures-italiennes\/"},"modified":"2017-01-09T21:26:19","modified_gmt":"2017-01-09T20:26:19","slug":"les-chaussures-italiennes","status":"publish","type":"product","link":"https:\/\/chtululu.be\/index.php\/produit\/les-chaussures-italiennes\/","title":{"rendered":"Les chaussures italiennes"},"content":{"rendered":"","protected":false},"excerpt":{"rendered":"<p><strong>Mankell Henning<\/strong><br \/>\nA soixante-six ans, Fredrik Welin vit reclus depuis une d\u00e9cennie sur une \u00eele de la Baltique avec pour seule compagnie un chat et un chien et pour seules visites celles du facteur de l\u0092archipel. Depuis qu\u0092une tragique erreur a bris\u00e9 sa carri\u00e8re de chirurgien, il s\u0092est isol\u00e9 des hommes. Pour se prouver qu\u0092il est encore en vie, il creuse un trou dans la glace et s\u0092y immerge chaque matin. Au solstice d\u0092hiver, cette routine est interrompue par l\u0092intrusion d\u0092Harriet, la femme qu\u0092il a aim\u00e9e et abandonn\u00e9e quarante ans plus t\u00f4t. Fredrik ne le sait pas encore, mais sa vie vient juste de recommencer.<\/p>\n<p>Le temps de deux solstices d\u0092hiver et d\u0092un superbe solstice d\u0092\u00e9t\u00e9, dans un espace compris entre une maison, une \u00eele, une for\u00eat, une caravane, Mankell nous r\u00e9v\u00e8le une facette peu connue de son talent avec ce r\u00e9cit sobre, intime, vibrant, sur les hommes et les femmes, la solitude et la peur, l\u0092amour et la r\u00e9demption.<\/p>\n","protected":false},"featured_media":741,"template":"","meta":{"_acf_changed":false,"_exactmetrics_skip_tracking":false,"_exactmetrics_sitenote_active":false,"_exactmetrics_sitenote_note":"","_exactmetrics_sitenote_category":0},"product_brand":[],"product_cat":[24],"product_tag":[210,209],"class_list":{"0":"post-764","1":"product","2":"type-product","3":"status-publish","4":"has-post-thumbnail","6":"product_cat-roman","7":"product_tag-litterature-suedoise","8":"product_tag-mankell-henning","10":"first","11":"instock","12":"sold-individually","13":"taxable","14":"shipping-taxable","15":"purchasable","16":"product-type-simple"},"acf":[],"yoast_head":"<!-- This site is optimized with the Yoast SEO plugin v26.6 - https:\/\/yoast.com\/wordpress\/plugins\/seo\/ -->\n<title>Les chaussures italiennes - Le Chtululu<\/title>\n<meta name=\"robots\" content=\"index, follow, max-snippet:-1, max-image-preview:large, max-video-preview:-1\" \/>\n<link rel=\"canonical\" href=\"https:\/\/chtululu.be\/index.php\/produit\/les-chaussures-italiennes\/\" \/>\n<meta property=\"og:locale\" content=\"fr_FR\" \/>\n<meta property=\"og:type\" content=\"article\" \/>\n<meta property=\"og:title\" content=\"Les chaussures italiennes - Le Chtululu\" \/>\n<meta property=\"og:description\" content=\"Mankell Henning A soixante-six ans, Fredrik Welin vit reclus depuis une d\u00e9cennie sur une \u00eele de la Baltique avec pour seule compagnie un chat et un chien et pour seules visites celles du facteur de l\u0092archipel. Depuis qu\u0092une tragique erreur a bris\u00e9 sa carri\u00e8re de chirurgien, il s\u0092est isol\u00e9 des hommes. Pour se prouver qu\u0092il est encore en vie, il creuse un trou dans la glace et s\u0092y immerge chaque matin. Au solstice d\u0092hiver, cette routine est interrompue par l\u0092intrusion d\u0092Harriet, la femme qu\u0092il a aim\u00e9e et abandonn\u00e9e quarante ans plus t\u00f4t. Fredrik ne le sait pas encore, mais sa vie vient juste de recommencer.  Le temps de deux solstices d\u0092hiver et d\u0092un superbe solstice d\u0092\u00e9t\u00e9, dans un espace compris entre une maison, une \u00eele, une for\u00eat, une caravane, Mankell nous r\u00e9v\u00e8le une facette peu connue de son talent avec ce r\u00e9cit sobre, intime, vibrant, sur les hommes et les femmes, la solitude et la peur, l\u0092amour et la r\u00e9demption.\" \/>\n<meta property=\"og:url\" content=\"https:\/\/chtululu.be\/index.php\/produit\/les-chaussures-italiennes\/\" \/>\n<meta property=\"og:site_name\" content=\"Le Chtululu\" \/>\n<meta property=\"article:modified_time\" content=\"2017-01-09T20:26:19+00:00\" \/>\n<meta property=\"og:image\" content=\"https:\/\/chtululu.be\/wp-content\/uploads\/2017\/01\/Les-chauures-italiennes.jpg\" \/>\n\t<meta property=\"og:image:width\" content=\"224\" \/>\n\t<meta property=\"og:image:height\" content=\"340\" \/>\n\t<meta property=\"og:image:type\" content=\"image\/jpeg\" \/>\n<meta name=\"twitter:card\" content=\"summary_large_image\" \/>\n<script type=\"application\/ld+json\" class=\"yoast-schema-graph\">{\"@context\":\"https:\/\/schema.org\",\"@graph\":[{\"@type\":\"WebPage\",\"@id\":\"https:\/\/chtululu.be\/index.php\/produit\/les-chaussures-italiennes\/\",\"url\":\"https:\/\/chtululu.be\/index.php\/produit\/les-chaussures-italiennes\/\",\"name\":\"Les chaussures italiennes - Le Chtululu\",\"isPartOf\":{\"@id\":\"https:\/\/chtululu.be\/#website\"},\"primaryImageOfPage\":{\"@id\":\"https:\/\/chtululu.be\/index.php\/produit\/les-chaussures-italiennes\/#primaryimage\"},\"image\":{\"@id\":\"https:\/\/chtululu.be\/index.php\/produit\/les-chaussures-italiennes\/#primaryimage\"},\"thumbnailUrl\":\"https:\/\/chtululu.be\/wp-content\/uploads\/2017\/01\/Les-chauures-italiennes.jpg\",\"datePublished\":\"2017-01-09T20:18:47+00:00\",\"dateModified\":\"2017-01-09T20:26:19+00:00\",\"breadcrumb\":{\"@id\":\"https:\/\/chtululu.be\/index.php\/produit\/les-chaussures-italiennes\/#breadcrumb\"},\"inLanguage\":\"fr-FR\",\"potentialAction\":[{\"@type\":\"ReadAction\",\"target\":[\"https:\/\/chtululu.be\/index.php\/produit\/les-chaussures-italiennes\/\"]}]},{\"@type\":\"ImageObject\",\"inLanguage\":\"fr-FR\",\"@id\":\"https:\/\/chtululu.be\/index.php\/produit\/les-chaussures-italiennes\/#primaryimage\",\"url\":\"https:\/\/chtululu.be\/wp-content\/uploads\/2017\/01\/Les-chauures-italiennes.jpg\",\"contentUrl\":\"https:\/\/chtululu.be\/wp-content\/uploads\/2017\/01\/Les-chauures-italiennes.jpg\",\"width\":224,\"height\":340},{\"@type\":\"BreadcrumbList\",\"@id\":\"https:\/\/chtululu.be\/index.php\/produit\/les-chaussures-italiennes\/#breadcrumb\",\"itemListElement\":[{\"@type\":\"ListItem\",\"position\":1,\"name\":\"Accueil\",\"item\":\"https:\/\/chtululu.be\/\"},{\"@type\":\"ListItem\",\"position\":2,\"name\":\"Les livres\",\"item\":\"https:\/\/chtululu.be\/index.php\/livres-doccasion\/\"},{\"@type\":\"ListItem\",\"position\":3,\"name\":\"Les chaussures italiennes\"}]},{\"@type\":\"WebSite\",\"@id\":\"https:\/\/chtululu.be\/#website\",\"url\":\"https:\/\/chtululu.be\/\",\"name\":\"Le Chtululu\",\"description\":\"Votre librairie de seconde main \u00e0 Soignies\",\"publisher\":{\"@id\":\"https:\/\/chtululu.be\/#organization\"},\"potentialAction\":[{\"@type\":\"SearchAction\",\"target\":{\"@type\":\"EntryPoint\",\"urlTemplate\":\"https:\/\/chtululu.be\/?s={search_term_string}\"},\"query-input\":{\"@type\":\"PropertyValueSpecification\",\"valueRequired\":true,\"valueName\":\"search_term_string\"}}],\"inLanguage\":\"fr-FR\"},{\"@type\":\"Organization\",\"@id\":\"https:\/\/chtululu.be\/#organization\",\"name\":\"Le Chtululu\",\"url\":\"https:\/\/chtululu.be\/\",\"logo\":{\"@type\":\"ImageObject\",\"inLanguage\":\"fr-FR\",\"@id\":\"https:\/\/chtululu.be\/#\/schema\/logo\/image\/\",\"url\":\"https:\/\/chtululu.be\/wp-content\/uploads\/2016\/05\/logo-def-blanc.jpg\",\"contentUrl\":\"https:\/\/chtululu.be\/wp-content\/uploads\/2016\/05\/logo-def-blanc.jpg\",\"width\":2048,\"height\":1901,\"caption\":\"Le Chtululu\"},\"image\":{\"@id\":\"https:\/\/chtululu.be\/#\/schema\/logo\/image\/\"}}]}<\/script>\n<!-- \/ Yoast SEO plugin. -->","yoast_head_json":{"title":"Les chaussures italiennes - Le Chtululu","robots":{"index":"index","follow":"follow","max-snippet":"max-snippet:-1","max-image-preview":"max-image-preview:large","max-video-preview":"max-video-preview:-1"},"canonical":"https:\/\/chtululu.be\/index.php\/produit\/les-chaussures-italiennes\/","og_locale":"fr_FR","og_type":"article","og_title":"Les chaussures italiennes - Le Chtululu","og_description":"Mankell Henning A soixante-six ans, Fredrik Welin vit reclus depuis une d\u00e9cennie sur une \u00eele de la Baltique avec pour seule compagnie un chat et un chien et pour seules visites celles du facteur de l\u0092archipel. Depuis qu\u0092une tragique erreur a bris\u00e9 sa carri\u00e8re de chirurgien, il s\u0092est isol\u00e9 des hommes. Pour se prouver qu\u0092il est encore en vie, il creuse un trou dans la glace et s\u0092y immerge chaque matin. Au solstice d\u0092hiver, cette routine est interrompue par l\u0092intrusion d\u0092Harriet, la femme qu\u0092il a aim\u00e9e et abandonn\u00e9e quarante ans plus t\u00f4t. Fredrik ne le sait pas encore, mais sa vie vient juste de recommencer.  Le temps de deux solstices d\u0092hiver et d\u0092un superbe solstice d\u0092\u00e9t\u00e9, dans un espace compris entre une maison, une \u00eele, une for\u00eat, une caravane, Mankell nous r\u00e9v\u00e8le une facette peu connue de son talent avec ce r\u00e9cit sobre, intime, vibrant, sur les hommes et les femmes, la solitude et la peur, l\u0092amour et la r\u00e9demption.","og_url":"https:\/\/chtululu.be\/index.php\/produit\/les-chaussures-italiennes\/","og_site_name":"Le Chtululu","article_modified_time":"2017-01-09T20:26:19+00:00","og_image":[{"width":224,"height":340,"url":"https:\/\/chtululu.be\/wp-content\/uploads\/2017\/01\/Les-chauures-italiennes.jpg","type":"image\/jpeg"}],"twitter_card":"summary_large_image","schema":{"@context":"https:\/\/schema.org","@graph":[{"@type":"WebPage","@id":"https:\/\/chtululu.be\/index.php\/produit\/les-chaussures-italiennes\/","url":"https:\/\/chtululu.be\/index.php\/produit\/les-chaussures-italiennes\/","name":"Les chaussures italiennes - Le Chtululu","isPartOf":{"@id":"https:\/\/chtululu.be\/#website"},"primaryImageOfPage":{"@id":"https:\/\/chtululu.be\/index.php\/produit\/les-chaussures-italiennes\/#primaryimage"},"image":{"@id":"https:\/\/chtululu.be\/index.php\/produit\/les-chaussures-italiennes\/#primaryimage"},"thumbnailUrl":"https:\/\/chtululu.be\/wp-content\/uploads\/2017\/01\/Les-chauures-italiennes.jpg","datePublished":"2017-01-09T20:18:47+00:00","dateModified":"2017-01-09T20:26:19+00:00","breadcrumb":{"@id":"https:\/\/chtululu.be\/index.php\/produit\/les-chaussures-italiennes\/#breadcrumb"},"inLanguage":"fr-FR","potentialAction":[{"@type":"ReadAction","target":["https:\/\/chtululu.be\/index.php\/produit\/les-chaussures-italiennes\/"]}]},{"@type":"ImageObject","inLanguage":"fr-FR","@id":"https:\/\/chtululu.be\/index.php\/produit\/les-chaussures-italiennes\/#primaryimage","url":"https:\/\/chtululu.be\/wp-content\/uploads\/2017\/01\/Les-chauures-italiennes.jpg","contentUrl":"https:\/\/chtululu.be\/wp-content\/uploads\/2017\/01\/Les-chauures-italiennes.jpg","width":224,"height":340},{"@type":"BreadcrumbList","@id":"https:\/\/chtululu.be\/index.php\/produit\/les-chaussures-italiennes\/#breadcrumb","itemListElement":[{"@type":"ListItem","position":1,"name":"Accueil","item":"https:\/\/chtululu.be\/"},{"@type":"ListItem","position":2,"name":"Les livres","item":"https:\/\/chtululu.be\/index.php\/livres-doccasion\/"},{"@type":"ListItem","position":3,"name":"Les chaussures italiennes"}]},{"@type":"WebSite","@id":"https:\/\/chtululu.be\/#website","url":"https:\/\/chtululu.be\/","name":"Le Chtululu","description":"Votre librairie de seconde main \u00e0 Soignies","publisher":{"@id":"https:\/\/chtululu.be\/#organization"},"potentialAction":[{"@type":"SearchAction","target":{"@type":"EntryPoint","urlTemplate":"https:\/\/chtululu.be\/?s={search_term_string}"},"query-input":{"@type":"PropertyValueSpecification","valueRequired":true,"valueName":"search_term_string"}}],"inLanguage":"fr-FR"},{"@type":"Organization","@id":"https:\/\/chtululu.be\/#organization","name":"Le Chtululu","url":"https:\/\/chtululu.be\/","logo":{"@type":"ImageObject","inLanguage":"fr-FR","@id":"https:\/\/chtululu.be\/#\/schema\/logo\/image\/","url":"https:\/\/chtululu.be\/wp-content\/uploads\/2016\/05\/logo-def-blanc.jpg","contentUrl":"https:\/\/chtululu.be\/wp-content\/uploads\/2016\/05\/logo-def-blanc.jpg","width":2048,"height":1901,"caption":"Le Chtululu"},"image":{"@id":"https:\/\/chtululu.be\/#\/schema\/logo\/image\/"}}]}},"_links":{"self":[{"href":"https:\/\/chtululu.be\/index.php\/wp-json\/wp\/v2\/product\/764","targetHints":{"allow":["GET"]}}],"collection":[{"href":"https:\/\/chtululu.be\/index.php\/wp-json\/wp\/v2\/product"}],"about":[{"href":"https:\/\/chtululu.be\/index.php\/wp-json\/wp\/v2\/types\/product"}],"wp:featuredmedia":[{"embeddable":true,"href":"https:\/\/chtululu.be\/index.php\/wp-json\/wp\/v2\/media\/741"}],"wp:attachment":[{"href":"https:\/\/chtululu.be\/index.php\/wp-json\/wp\/v2\/media?parent=764"}],"wp:term":[{"taxonomy":"product_brand","embeddable":true,"href":"https:\/\/chtululu.be\/index.php\/wp-json\/wp\/v2\/product_brand?post=764"},{"taxonomy":"product_cat","embeddable":true,"href":"https:\/\/chtululu.be\/index.php\/wp-json\/wp\/v2\/product_cat?post=764"},{"taxonomy":"product_tag","embeddable":true,"href":"https:\/\/chtululu.be\/index.php\/wp-json\/wp\/v2\/product_tag?post=764"}],"curies":[{"name":"wp","href":"https:\/\/api.w.org\/{rel}","templated":true}]}}