{"id":763,"date":"2017-01-09T21:18:46","date_gmt":"2017-01-09T20:18:46","guid":{"rendered":"http:\/\/chtululu.be\/index.php\/produit\/cest-comment-lamerique\/"},"modified":"2021-01-30T22:03:52","modified_gmt":"2021-01-30T21:03:52","slug":"cest-comment-lamerique","status":"publish","type":"product","link":"https:\/\/chtululu.be\/index.php\/produit\/cest-comment-lamerique\/","title":{"rendered":"C&rsquo;est comment l&rsquo;Am\u00e9rique ?"},"content":{"rendered":"","protected":false},"excerpt":{"rendered":"<p><strong>McCourt Frank<\/strong><br \/>\nC&rsquo;est un parcours tout \u00e0 fait atypique que celui de Frank McCourt. N\u00e9 \u00e0 Brooklyn en 1930, peu de temps apr\u00e8s que ses parents ont d\u00e9cid\u00e9 de s&rsquo;installer aux \u00c9tats-Unis, il a cependant grandi \u00e0 Limerick dans la mis\u00e8re la plus noire, sa famille ayant d\u00fb se r\u00e9soudre, la mort dans l&rsquo;\u00e2me, \u00e0 rentrer en Irlande. L&rsquo;id\u00e9e de repartir \u00e0 la conqu\u00eate de l&rsquo;Am\u00e9rique \u00e0 l&rsquo;\u00e2ge de dix-neuf ans est donc \u00e0 la fois un d\u00e9fi et une revanche. Son r\u00e9cit autobiographique couvre la p\u00e9riode qui va de 1949 \u00e0 la mort de son p\u00e8re en 1985, et raconte l&rsquo;ascension d&rsquo;un jeune \u00e9migrant irlandais qui fait tous les m\u00e9tiers et conna\u00eet toutes sortes de tribulations avant de devenir sur le tard professeur d&rsquo;universit\u00e9 et auteur \u00e0 succ\u00e8s. Mais le r\u00e9cit est men\u00e9 avec cette verve et cet humour qui se refuse \u00e0 l&rsquo;apitoiement dans les circonstances les plus tragiques qui ont d\u00e9j\u00e0 fait le succ\u00e8s des \u00ab\u00a0Cendres d&rsquo;Angela\u00a0\u00bb. Plus encore que dans le premier volume de son autobiographie, Frank McCourt trouve ici des accents inoubliables pour \u00e9voquer, au-del\u00e0 de son destin individuel, l&rsquo;aventure poignante et singuli\u00e8re de toute vie. &#8211;G\u00e9rard Meudal<\/p>\n","protected":false},"featured_media":739,"template":"","meta":{"_acf_changed":false,"_exactmetrics_skip_tracking":false,"_exactmetrics_sitenote_active":false,"_exactmetrics_sitenote_note":"","_exactmetrics_sitenote_category":0},"product_brand":[],"product_cat":[24],"product_tag":[208],"class_list":{"0":"post-763","1":"product","2":"type-product","3":"status-publish","4":"has-post-thumbnail","6":"product_cat-roman","7":"product_tag-mccourt-frank","9":"first","10":"instock","11":"sold-individually","12":"taxable","13":"shipping-taxable","14":"purchasable","15":"product-type-simple"},"acf":[],"yoast_head":"<!-- This site is optimized with the Yoast SEO plugin v26.6 - https:\/\/yoast.com\/wordpress\/plugins\/seo\/ -->\n<title>C&#039;est comment l&#039;Am\u00e9rique ? - Le Chtululu<\/title>\n<meta name=\"robots\" content=\"index, follow, max-snippet:-1, max-image-preview:large, max-video-preview:-1\" \/>\n<link rel=\"canonical\" href=\"https:\/\/chtululu.be\/index.php\/produit\/cest-comment-lamerique\/\" \/>\n<meta property=\"og:locale\" content=\"fr_FR\" \/>\n<meta property=\"og:type\" content=\"article\" \/>\n<meta property=\"og:title\" content=\"C&#039;est comment l&#039;Am\u00e9rique ? - Le Chtululu\" \/>\n<meta property=\"og:description\" content=\"McCourt Frank C&#039;est un parcours tout \u00e0 fait atypique que celui de Frank McCourt. N\u00e9 \u00e0 Brooklyn en 1930, peu de temps apr\u00e8s que ses parents ont d\u00e9cid\u00e9 de s&#039;installer aux \u00c9tats-Unis, il a cependant grandi \u00e0 Limerick dans la mis\u00e8re la plus noire, sa famille ayant d\u00fb se r\u00e9soudre, la mort dans l&#039;\u00e2me, \u00e0 rentrer en Irlande. L&#039;id\u00e9e de repartir \u00e0 la conqu\u00eate de l&#039;Am\u00e9rique \u00e0 l&#039;\u00e2ge de dix-neuf ans est donc \u00e0 la fois un d\u00e9fi et une revanche. Son r\u00e9cit autobiographique couvre la p\u00e9riode qui va de 1949 \u00e0 la mort de son p\u00e8re en 1985, et raconte l&#039;ascension d&#039;un jeune \u00e9migrant irlandais qui fait tous les m\u00e9tiers et conna\u00eet toutes sortes de tribulations avant de devenir sur le tard professeur d&#039;universit\u00e9 et auteur \u00e0 succ\u00e8s. Mais le r\u00e9cit est men\u00e9 avec cette verve et cet humour qui se refuse \u00e0 l&#039;apitoiement dans les circonstances les plus tragiques qui ont d\u00e9j\u00e0 fait le succ\u00e8s des &quot;Cendres d&#039;Angela&quot;. Plus encore que dans le premier volume de son autobiographie, Frank McCourt trouve ici des accents inoubliables pour \u00e9voquer, au-del\u00e0 de son destin individuel, l&#039;aventure poignante et singuli\u00e8re de toute vie. --G\u00e9rard Meudal\" \/>\n<meta property=\"og:url\" content=\"https:\/\/chtululu.be\/index.php\/produit\/cest-comment-lamerique\/\" \/>\n<meta property=\"og:site_name\" content=\"Le Chtululu\" \/>\n<meta property=\"article:modified_time\" content=\"2021-01-30T21:03:52+00:00\" \/>\n<meta property=\"og:image\" content=\"https:\/\/chtululu.be\/wp-content\/uploads\/2017\/01\/cest_comment_amerique.jpg\" \/>\n\t<meta property=\"og:image:width\" content=\"200\" \/>\n\t<meta property=\"og:image:height\" content=\"323\" \/>\n\t<meta property=\"og:image:type\" content=\"image\/jpeg\" \/>\n<meta name=\"twitter:card\" content=\"summary_large_image\" \/>\n<script type=\"application\/ld+json\" class=\"yoast-schema-graph\">{\"@context\":\"https:\/\/schema.org\",\"@graph\":[{\"@type\":\"WebPage\",\"@id\":\"https:\/\/chtululu.be\/index.php\/produit\/cest-comment-lamerique\/\",\"url\":\"https:\/\/chtululu.be\/index.php\/produit\/cest-comment-lamerique\/\",\"name\":\"C'est comment l'Am\u00e9rique ? - Le Chtululu\",\"isPartOf\":{\"@id\":\"https:\/\/chtululu.be\/#website\"},\"primaryImageOfPage\":{\"@id\":\"https:\/\/chtululu.be\/index.php\/produit\/cest-comment-lamerique\/#primaryimage\"},\"image\":{\"@id\":\"https:\/\/chtululu.be\/index.php\/produit\/cest-comment-lamerique\/#primaryimage\"},\"thumbnailUrl\":\"https:\/\/chtululu.be\/wp-content\/uploads\/2017\/01\/cest_comment_amerique.jpg\",\"datePublished\":\"2017-01-09T20:18:46+00:00\",\"dateModified\":\"2021-01-30T21:03:52+00:00\",\"breadcrumb\":{\"@id\":\"https:\/\/chtululu.be\/index.php\/produit\/cest-comment-lamerique\/#breadcrumb\"},\"inLanguage\":\"fr-FR\",\"potentialAction\":[{\"@type\":\"ReadAction\",\"target\":[\"https:\/\/chtululu.be\/index.php\/produit\/cest-comment-lamerique\/\"]}]},{\"@type\":\"ImageObject\",\"inLanguage\":\"fr-FR\",\"@id\":\"https:\/\/chtululu.be\/index.php\/produit\/cest-comment-lamerique\/#primaryimage\",\"url\":\"https:\/\/chtululu.be\/wp-content\/uploads\/2017\/01\/cest_comment_amerique.jpg\",\"contentUrl\":\"https:\/\/chtululu.be\/wp-content\/uploads\/2017\/01\/cest_comment_amerique.jpg\",\"width\":200,\"height\":323},{\"@type\":\"BreadcrumbList\",\"@id\":\"https:\/\/chtululu.be\/index.php\/produit\/cest-comment-lamerique\/#breadcrumb\",\"itemListElement\":[{\"@type\":\"ListItem\",\"position\":1,\"name\":\"Accueil\",\"item\":\"https:\/\/chtululu.be\/\"},{\"@type\":\"ListItem\",\"position\":2,\"name\":\"Les livres\",\"item\":\"https:\/\/chtululu.be\/index.php\/livres-doccasion\/\"},{\"@type\":\"ListItem\",\"position\":3,\"name\":\"C&rsquo;est comment l&rsquo;Am\u00e9rique ?\"}]},{\"@type\":\"WebSite\",\"@id\":\"https:\/\/chtululu.be\/#website\",\"url\":\"https:\/\/chtululu.be\/\",\"name\":\"Le Chtululu\",\"description\":\"Votre librairie de seconde main \u00e0 Soignies\",\"publisher\":{\"@id\":\"https:\/\/chtululu.be\/#organization\"},\"potentialAction\":[{\"@type\":\"SearchAction\",\"target\":{\"@type\":\"EntryPoint\",\"urlTemplate\":\"https:\/\/chtululu.be\/?s={search_term_string}\"},\"query-input\":{\"@type\":\"PropertyValueSpecification\",\"valueRequired\":true,\"valueName\":\"search_term_string\"}}],\"inLanguage\":\"fr-FR\"},{\"@type\":\"Organization\",\"@id\":\"https:\/\/chtululu.be\/#organization\",\"name\":\"Le Chtululu\",\"url\":\"https:\/\/chtululu.be\/\",\"logo\":{\"@type\":\"ImageObject\",\"inLanguage\":\"fr-FR\",\"@id\":\"https:\/\/chtululu.be\/#\/schema\/logo\/image\/\",\"url\":\"https:\/\/chtululu.be\/wp-content\/uploads\/2016\/05\/logo-def-blanc.jpg\",\"contentUrl\":\"https:\/\/chtululu.be\/wp-content\/uploads\/2016\/05\/logo-def-blanc.jpg\",\"width\":2048,\"height\":1901,\"caption\":\"Le Chtululu\"},\"image\":{\"@id\":\"https:\/\/chtululu.be\/#\/schema\/logo\/image\/\"}}]}<\/script>\n<!-- \/ Yoast SEO plugin. -->","yoast_head_json":{"title":"C'est comment l'Am\u00e9rique ? - Le Chtululu","robots":{"index":"index","follow":"follow","max-snippet":"max-snippet:-1","max-image-preview":"max-image-preview:large","max-video-preview":"max-video-preview:-1"},"canonical":"https:\/\/chtululu.be\/index.php\/produit\/cest-comment-lamerique\/","og_locale":"fr_FR","og_type":"article","og_title":"C'est comment l'Am\u00e9rique ? - Le Chtululu","og_description":"McCourt Frank C'est un parcours tout \u00e0 fait atypique que celui de Frank McCourt. N\u00e9 \u00e0 Brooklyn en 1930, peu de temps apr\u00e8s que ses parents ont d\u00e9cid\u00e9 de s'installer aux \u00c9tats-Unis, il a cependant grandi \u00e0 Limerick dans la mis\u00e8re la plus noire, sa famille ayant d\u00fb se r\u00e9soudre, la mort dans l'\u00e2me, \u00e0 rentrer en Irlande. L'id\u00e9e de repartir \u00e0 la conqu\u00eate de l'Am\u00e9rique \u00e0 l'\u00e2ge de dix-neuf ans est donc \u00e0 la fois un d\u00e9fi et une revanche. Son r\u00e9cit autobiographique couvre la p\u00e9riode qui va de 1949 \u00e0 la mort de son p\u00e8re en 1985, et raconte l'ascension d'un jeune \u00e9migrant irlandais qui fait tous les m\u00e9tiers et conna\u00eet toutes sortes de tribulations avant de devenir sur le tard professeur d'universit\u00e9 et auteur \u00e0 succ\u00e8s. Mais le r\u00e9cit est men\u00e9 avec cette verve et cet humour qui se refuse \u00e0 l'apitoiement dans les circonstances les plus tragiques qui ont d\u00e9j\u00e0 fait le succ\u00e8s des \"Cendres d'Angela\". Plus encore que dans le premier volume de son autobiographie, Frank McCourt trouve ici des accents inoubliables pour \u00e9voquer, au-del\u00e0 de son destin individuel, l'aventure poignante et singuli\u00e8re de toute vie. --G\u00e9rard Meudal","og_url":"https:\/\/chtululu.be\/index.php\/produit\/cest-comment-lamerique\/","og_site_name":"Le Chtululu","article_modified_time":"2021-01-30T21:03:52+00:00","og_image":[{"width":200,"height":323,"url":"https:\/\/chtululu.be\/wp-content\/uploads\/2017\/01\/cest_comment_amerique.jpg","type":"image\/jpeg"}],"twitter_card":"summary_large_image","schema":{"@context":"https:\/\/schema.org","@graph":[{"@type":"WebPage","@id":"https:\/\/chtululu.be\/index.php\/produit\/cest-comment-lamerique\/","url":"https:\/\/chtululu.be\/index.php\/produit\/cest-comment-lamerique\/","name":"C'est comment l'Am\u00e9rique ? - Le Chtululu","isPartOf":{"@id":"https:\/\/chtululu.be\/#website"},"primaryImageOfPage":{"@id":"https:\/\/chtululu.be\/index.php\/produit\/cest-comment-lamerique\/#primaryimage"},"image":{"@id":"https:\/\/chtululu.be\/index.php\/produit\/cest-comment-lamerique\/#primaryimage"},"thumbnailUrl":"https:\/\/chtululu.be\/wp-content\/uploads\/2017\/01\/cest_comment_amerique.jpg","datePublished":"2017-01-09T20:18:46+00:00","dateModified":"2021-01-30T21:03:52+00:00","breadcrumb":{"@id":"https:\/\/chtululu.be\/index.php\/produit\/cest-comment-lamerique\/#breadcrumb"},"inLanguage":"fr-FR","potentialAction":[{"@type":"ReadAction","target":["https:\/\/chtululu.be\/index.php\/produit\/cest-comment-lamerique\/"]}]},{"@type":"ImageObject","inLanguage":"fr-FR","@id":"https:\/\/chtululu.be\/index.php\/produit\/cest-comment-lamerique\/#primaryimage","url":"https:\/\/chtululu.be\/wp-content\/uploads\/2017\/01\/cest_comment_amerique.jpg","contentUrl":"https:\/\/chtululu.be\/wp-content\/uploads\/2017\/01\/cest_comment_amerique.jpg","width":200,"height":323},{"@type":"BreadcrumbList","@id":"https:\/\/chtululu.be\/index.php\/produit\/cest-comment-lamerique\/#breadcrumb","itemListElement":[{"@type":"ListItem","position":1,"name":"Accueil","item":"https:\/\/chtululu.be\/"},{"@type":"ListItem","position":2,"name":"Les livres","item":"https:\/\/chtululu.be\/index.php\/livres-doccasion\/"},{"@type":"ListItem","position":3,"name":"C&rsquo;est comment l&rsquo;Am\u00e9rique ?"}]},{"@type":"WebSite","@id":"https:\/\/chtululu.be\/#website","url":"https:\/\/chtululu.be\/","name":"Le Chtululu","description":"Votre librairie de seconde main \u00e0 Soignies","publisher":{"@id":"https:\/\/chtululu.be\/#organization"},"potentialAction":[{"@type":"SearchAction","target":{"@type":"EntryPoint","urlTemplate":"https:\/\/chtululu.be\/?s={search_term_string}"},"query-input":{"@type":"PropertyValueSpecification","valueRequired":true,"valueName":"search_term_string"}}],"inLanguage":"fr-FR"},{"@type":"Organization","@id":"https:\/\/chtululu.be\/#organization","name":"Le Chtululu","url":"https:\/\/chtululu.be\/","logo":{"@type":"ImageObject","inLanguage":"fr-FR","@id":"https:\/\/chtululu.be\/#\/schema\/logo\/image\/","url":"https:\/\/chtululu.be\/wp-content\/uploads\/2016\/05\/logo-def-blanc.jpg","contentUrl":"https:\/\/chtululu.be\/wp-content\/uploads\/2016\/05\/logo-def-blanc.jpg","width":2048,"height":1901,"caption":"Le Chtululu"},"image":{"@id":"https:\/\/chtululu.be\/#\/schema\/logo\/image\/"}}]}},"_links":{"self":[{"href":"https:\/\/chtululu.be\/index.php\/wp-json\/wp\/v2\/product\/763","targetHints":{"allow":["GET"]}}],"collection":[{"href":"https:\/\/chtululu.be\/index.php\/wp-json\/wp\/v2\/product"}],"about":[{"href":"https:\/\/chtululu.be\/index.php\/wp-json\/wp\/v2\/types\/product"}],"wp:featuredmedia":[{"embeddable":true,"href":"https:\/\/chtululu.be\/index.php\/wp-json\/wp\/v2\/media\/739"}],"wp:attachment":[{"href":"https:\/\/chtululu.be\/index.php\/wp-json\/wp\/v2\/media?parent=763"}],"wp:term":[{"taxonomy":"product_brand","embeddable":true,"href":"https:\/\/chtululu.be\/index.php\/wp-json\/wp\/v2\/product_brand?post=763"},{"taxonomy":"product_cat","embeddable":true,"href":"https:\/\/chtululu.be\/index.php\/wp-json\/wp\/v2\/product_cat?post=763"},{"taxonomy":"product_tag","embeddable":true,"href":"https:\/\/chtululu.be\/index.php\/wp-json\/wp\/v2\/product_tag?post=763"}],"curies":[{"name":"wp","href":"https:\/\/api.w.org\/{rel}","templated":true}]}}