{"id":762,"date":"2017-01-09T21:18:45","date_gmt":"2017-01-09T20:18:45","guid":{"rendered":"http:\/\/chtululu.be\/index.php\/produit\/relations-dangereuses\/"},"modified":"2017-01-09T21:35:23","modified_gmt":"2017-01-09T20:35:23","slug":"relations-dangereuses","status":"publish","type":"product","link":"https:\/\/chtululu.be\/index.php\/produit\/relations-dangereuses\/","title":{"rendered":"Relations dangereuses"},"content":{"rendered":"","protected":false},"excerpt":{"rendered":"<p><strong>Lovett Sarah<\/strong><br \/>\n\u00ab\u00a0Il est incontestable qu&rsquo;avec Relations Dangereuses la d\u00e9butante sarah Lovett a \u00e9crit un roman extr\u00eament fort et qu&rsquo;elle a r\u00e9ussi, en alternant les s\u00e9quences dramatiques et les s\u00e9quences plus descriptives ou plus techniques, \u00e0 tenir sans cesse son lecteur en haleine. En fait, on est frapp\u00e9 ici par la grande cr\u00e9dibilit\u00e9 de l&rsquo;intrigue, alors m\u00eame qu&rsquo;elle a parfois tendance \u00e0 \u00eatre fort scabreuse&#8230;Sarah Lovett est un nom avec lequel, d&rsquo;ores et d\u00e9j\u00e0, il faudra compter.\u00a0\u00bb Alexandre Lous<\/p>\n","protected":false},"featured_media":746,"template":"","meta":{"_acf_changed":false,"_exactmetrics_skip_tracking":false,"_exactmetrics_sitenote_active":false,"_exactmetrics_sitenote_note":"","_exactmetrics_sitenote_category":0},"product_brand":[],"product_cat":[24],"product_tag":[207],"class_list":{"0":"post-762","1":"product","2":"type-product","3":"status-publish","4":"has-post-thumbnail","6":"product_cat-roman","7":"product_tag-lovett-sarah","9":"first","10":"instock","11":"sold-individually","12":"taxable","13":"shipping-taxable","14":"purchasable","15":"product-type-simple"},"acf":[],"yoast_head":"<!-- This site is optimized with the Yoast SEO plugin v26.6 - https:\/\/yoast.com\/wordpress\/plugins\/seo\/ -->\n<title>Relations dangereuses - Le Chtululu<\/title>\n<meta name=\"robots\" content=\"index, follow, max-snippet:-1, max-image-preview:large, max-video-preview:-1\" \/>\n<link rel=\"canonical\" href=\"https:\/\/chtululu.be\/index.php\/produit\/relations-dangereuses\/\" \/>\n<meta property=\"og:locale\" content=\"fr_FR\" \/>\n<meta property=\"og:type\" content=\"article\" \/>\n<meta property=\"og:title\" content=\"Relations dangereuses - Le Chtululu\" \/>\n<meta property=\"og:description\" content=\"Lovett Sarah &quot;Il est incontestable qu&#039;avec Relations Dangereuses la d\u00e9butante sarah Lovett a \u00e9crit un roman extr\u00eament fort et qu&#039;elle a r\u00e9ussi, en alternant les s\u00e9quences dramatiques et les s\u00e9quences plus descriptives ou plus techniques, \u00e0 tenir sans cesse son lecteur en haleine. En fait, on est frapp\u00e9 ici par la grande cr\u00e9dibilit\u00e9 de l&#039;intrigue, alors m\u00eame qu&#039;elle a parfois tendance \u00e0 \u00eatre fort scabreuse...Sarah Lovett est un nom avec lequel, d&#039;ores et d\u00e9j\u00e0, il faudra compter.&quot; Alexandre Lous\" \/>\n<meta property=\"og:url\" content=\"https:\/\/chtululu.be\/index.php\/produit\/relations-dangereuses\/\" \/>\n<meta property=\"og:site_name\" content=\"Le Chtululu\" \/>\n<meta property=\"article:modified_time\" content=\"2017-01-09T20:35:23+00:00\" \/>\n<meta property=\"og:image\" content=\"https:\/\/chtululu.be\/wp-content\/uploads\/2017\/01\/relations-dangereuses.jpg\" \/>\n\t<meta property=\"og:image:width\" content=\"200\" \/>\n\t<meta property=\"og:image:height\" content=\"322\" \/>\n\t<meta property=\"og:image:type\" content=\"image\/jpeg\" \/>\n<meta name=\"twitter:card\" content=\"summary_large_image\" \/>\n<script type=\"application\/ld+json\" class=\"yoast-schema-graph\">{\"@context\":\"https:\/\/schema.org\",\"@graph\":[{\"@type\":\"WebPage\",\"@id\":\"https:\/\/chtululu.be\/index.php\/produit\/relations-dangereuses\/\",\"url\":\"https:\/\/chtululu.be\/index.php\/produit\/relations-dangereuses\/\",\"name\":\"Relations dangereuses - Le Chtululu\",\"isPartOf\":{\"@id\":\"https:\/\/chtululu.be\/#website\"},\"primaryImageOfPage\":{\"@id\":\"https:\/\/chtululu.be\/index.php\/produit\/relations-dangereuses\/#primaryimage\"},\"image\":{\"@id\":\"https:\/\/chtululu.be\/index.php\/produit\/relations-dangereuses\/#primaryimage\"},\"thumbnailUrl\":\"https:\/\/chtululu.be\/wp-content\/uploads\/2017\/01\/relations-dangereuses.jpg\",\"datePublished\":\"2017-01-09T20:18:45+00:00\",\"dateModified\":\"2017-01-09T20:35:23+00:00\",\"breadcrumb\":{\"@id\":\"https:\/\/chtululu.be\/index.php\/produit\/relations-dangereuses\/#breadcrumb\"},\"inLanguage\":\"fr-FR\",\"potentialAction\":[{\"@type\":\"ReadAction\",\"target\":[\"https:\/\/chtululu.be\/index.php\/produit\/relations-dangereuses\/\"]}]},{\"@type\":\"ImageObject\",\"inLanguage\":\"fr-FR\",\"@id\":\"https:\/\/chtululu.be\/index.php\/produit\/relations-dangereuses\/#primaryimage\",\"url\":\"https:\/\/chtululu.be\/wp-content\/uploads\/2017\/01\/relations-dangereuses.jpg\",\"contentUrl\":\"https:\/\/chtululu.be\/wp-content\/uploads\/2017\/01\/relations-dangereuses.jpg\",\"width\":200,\"height\":322},{\"@type\":\"BreadcrumbList\",\"@id\":\"https:\/\/chtululu.be\/index.php\/produit\/relations-dangereuses\/#breadcrumb\",\"itemListElement\":[{\"@type\":\"ListItem\",\"position\":1,\"name\":\"Accueil\",\"item\":\"https:\/\/chtululu.be\/\"},{\"@type\":\"ListItem\",\"position\":2,\"name\":\"Les livres\",\"item\":\"https:\/\/chtululu.be\/index.php\/livres-doccasion\/\"},{\"@type\":\"ListItem\",\"position\":3,\"name\":\"Relations dangereuses\"}]},{\"@type\":\"WebSite\",\"@id\":\"https:\/\/chtululu.be\/#website\",\"url\":\"https:\/\/chtululu.be\/\",\"name\":\"Le Chtululu\",\"description\":\"Votre librairie de seconde main \u00e0 Soignies\",\"publisher\":{\"@id\":\"https:\/\/chtululu.be\/#organization\"},\"potentialAction\":[{\"@type\":\"SearchAction\",\"target\":{\"@type\":\"EntryPoint\",\"urlTemplate\":\"https:\/\/chtululu.be\/?s={search_term_string}\"},\"query-input\":{\"@type\":\"PropertyValueSpecification\",\"valueRequired\":true,\"valueName\":\"search_term_string\"}}],\"inLanguage\":\"fr-FR\"},{\"@type\":\"Organization\",\"@id\":\"https:\/\/chtululu.be\/#organization\",\"name\":\"Le Chtululu\",\"url\":\"https:\/\/chtululu.be\/\",\"logo\":{\"@type\":\"ImageObject\",\"inLanguage\":\"fr-FR\",\"@id\":\"https:\/\/chtululu.be\/#\/schema\/logo\/image\/\",\"url\":\"https:\/\/chtululu.be\/wp-content\/uploads\/2016\/05\/logo-def-blanc.jpg\",\"contentUrl\":\"https:\/\/chtululu.be\/wp-content\/uploads\/2016\/05\/logo-def-blanc.jpg\",\"width\":2048,\"height\":1901,\"caption\":\"Le Chtululu\"},\"image\":{\"@id\":\"https:\/\/chtululu.be\/#\/schema\/logo\/image\/\"}}]}<\/script>\n<!-- \/ Yoast SEO plugin. -->","yoast_head_json":{"title":"Relations dangereuses - Le Chtululu","robots":{"index":"index","follow":"follow","max-snippet":"max-snippet:-1","max-image-preview":"max-image-preview:large","max-video-preview":"max-video-preview:-1"},"canonical":"https:\/\/chtululu.be\/index.php\/produit\/relations-dangereuses\/","og_locale":"fr_FR","og_type":"article","og_title":"Relations dangereuses - Le Chtululu","og_description":"Lovett Sarah \"Il est incontestable qu'avec Relations Dangereuses la d\u00e9butante sarah Lovett a \u00e9crit un roman extr\u00eament fort et qu'elle a r\u00e9ussi, en alternant les s\u00e9quences dramatiques et les s\u00e9quences plus descriptives ou plus techniques, \u00e0 tenir sans cesse son lecteur en haleine. En fait, on est frapp\u00e9 ici par la grande cr\u00e9dibilit\u00e9 de l'intrigue, alors m\u00eame qu'elle a parfois tendance \u00e0 \u00eatre fort scabreuse...Sarah Lovett est un nom avec lequel, d'ores et d\u00e9j\u00e0, il faudra compter.\" Alexandre Lous","og_url":"https:\/\/chtululu.be\/index.php\/produit\/relations-dangereuses\/","og_site_name":"Le Chtululu","article_modified_time":"2017-01-09T20:35:23+00:00","og_image":[{"width":200,"height":322,"url":"https:\/\/chtululu.be\/wp-content\/uploads\/2017\/01\/relations-dangereuses.jpg","type":"image\/jpeg"}],"twitter_card":"summary_large_image","schema":{"@context":"https:\/\/schema.org","@graph":[{"@type":"WebPage","@id":"https:\/\/chtululu.be\/index.php\/produit\/relations-dangereuses\/","url":"https:\/\/chtululu.be\/index.php\/produit\/relations-dangereuses\/","name":"Relations dangereuses - Le Chtululu","isPartOf":{"@id":"https:\/\/chtululu.be\/#website"},"primaryImageOfPage":{"@id":"https:\/\/chtululu.be\/index.php\/produit\/relations-dangereuses\/#primaryimage"},"image":{"@id":"https:\/\/chtululu.be\/index.php\/produit\/relations-dangereuses\/#primaryimage"},"thumbnailUrl":"https:\/\/chtululu.be\/wp-content\/uploads\/2017\/01\/relations-dangereuses.jpg","datePublished":"2017-01-09T20:18:45+00:00","dateModified":"2017-01-09T20:35:23+00:00","breadcrumb":{"@id":"https:\/\/chtululu.be\/index.php\/produit\/relations-dangereuses\/#breadcrumb"},"inLanguage":"fr-FR","potentialAction":[{"@type":"ReadAction","target":["https:\/\/chtululu.be\/index.php\/produit\/relations-dangereuses\/"]}]},{"@type":"ImageObject","inLanguage":"fr-FR","@id":"https:\/\/chtululu.be\/index.php\/produit\/relations-dangereuses\/#primaryimage","url":"https:\/\/chtululu.be\/wp-content\/uploads\/2017\/01\/relations-dangereuses.jpg","contentUrl":"https:\/\/chtululu.be\/wp-content\/uploads\/2017\/01\/relations-dangereuses.jpg","width":200,"height":322},{"@type":"BreadcrumbList","@id":"https:\/\/chtululu.be\/index.php\/produit\/relations-dangereuses\/#breadcrumb","itemListElement":[{"@type":"ListItem","position":1,"name":"Accueil","item":"https:\/\/chtululu.be\/"},{"@type":"ListItem","position":2,"name":"Les livres","item":"https:\/\/chtululu.be\/index.php\/livres-doccasion\/"},{"@type":"ListItem","position":3,"name":"Relations dangereuses"}]},{"@type":"WebSite","@id":"https:\/\/chtululu.be\/#website","url":"https:\/\/chtululu.be\/","name":"Le Chtululu","description":"Votre librairie de seconde main \u00e0 Soignies","publisher":{"@id":"https:\/\/chtululu.be\/#organization"},"potentialAction":[{"@type":"SearchAction","target":{"@type":"EntryPoint","urlTemplate":"https:\/\/chtululu.be\/?s={search_term_string}"},"query-input":{"@type":"PropertyValueSpecification","valueRequired":true,"valueName":"search_term_string"}}],"inLanguage":"fr-FR"},{"@type":"Organization","@id":"https:\/\/chtululu.be\/#organization","name":"Le Chtululu","url":"https:\/\/chtululu.be\/","logo":{"@type":"ImageObject","inLanguage":"fr-FR","@id":"https:\/\/chtululu.be\/#\/schema\/logo\/image\/","url":"https:\/\/chtululu.be\/wp-content\/uploads\/2016\/05\/logo-def-blanc.jpg","contentUrl":"https:\/\/chtululu.be\/wp-content\/uploads\/2016\/05\/logo-def-blanc.jpg","width":2048,"height":1901,"caption":"Le Chtululu"},"image":{"@id":"https:\/\/chtululu.be\/#\/schema\/logo\/image\/"}}]}},"_links":{"self":[{"href":"https:\/\/chtululu.be\/index.php\/wp-json\/wp\/v2\/product\/762","targetHints":{"allow":["GET"]}}],"collection":[{"href":"https:\/\/chtululu.be\/index.php\/wp-json\/wp\/v2\/product"}],"about":[{"href":"https:\/\/chtululu.be\/index.php\/wp-json\/wp\/v2\/types\/product"}],"wp:featuredmedia":[{"embeddable":true,"href":"https:\/\/chtululu.be\/index.php\/wp-json\/wp\/v2\/media\/746"}],"wp:attachment":[{"href":"https:\/\/chtululu.be\/index.php\/wp-json\/wp\/v2\/media?parent=762"}],"wp:term":[{"taxonomy":"product_brand","embeddable":true,"href":"https:\/\/chtululu.be\/index.php\/wp-json\/wp\/v2\/product_brand?post=762"},{"taxonomy":"product_cat","embeddable":true,"href":"https:\/\/chtululu.be\/index.php\/wp-json\/wp\/v2\/product_cat?post=762"},{"taxonomy":"product_tag","embeddable":true,"href":"https:\/\/chtululu.be\/index.php\/wp-json\/wp\/v2\/product_tag?post=762"}],"curies":[{"name":"wp","href":"https:\/\/api.w.org\/{rel}","templated":true}]}}