{"id":761,"date":"2017-01-09T21:18:44","date_gmt":"2017-01-09T20:18:44","guid":{"rendered":"http:\/\/chtululu.be\/index.php\/produit\/les-etes-de-la-colere\/"},"modified":"2017-01-09T21:25:18","modified_gmt":"2017-01-09T20:25:18","slug":"les-etes-de-la-colere","status":"publish","type":"product","link":"https:\/\/chtululu.be\/index.php\/produit\/les-etes-de-la-colere\/","title":{"rendered":"Les \u00e9t\u00e9s de la col\u00e8re"},"content":{"rendered":"","protected":false},"excerpt":{"rendered":"<p><strong>Le Nabour Eric<\/strong><br \/>\nJuin 1940, en plein exode. Apr\u00e8s avoir caus\u00e9 accidentellement la mort d&rsquo;un couple juif, C\u00e9cile recueille leur petit gar\u00e7on, Samuel.<\/p>\n<p>Mais en recherchant la famille de l&rsquo;enfant, elle est arr\u00eat\u00e9e par la Gestapo et sauv\u00e9e in extremis par l&rsquo;\u00e9poux nazi d&rsquo;une amie d&rsquo;enfance.<\/p>\n<p>Confront\u00e9e de plein fouet \u00e0 l&rsquo;horreur de la guerre, l&rsquo;insouciante jeune femme d&rsquo;autrefois n&rsquo;a d\u00e9sormais qu&rsquo;un seul but : sauver Samuel.<\/p>\n","protected":false},"featured_media":742,"template":"","meta":{"_acf_changed":false,"_exactmetrics_skip_tracking":false,"_exactmetrics_sitenote_active":false,"_exactmetrics_sitenote_note":"","_exactmetrics_sitenote_category":0},"product_brand":[],"product_cat":[24],"product_tag":[206],"class_list":{"0":"post-761","1":"product","2":"type-product","3":"status-publish","4":"has-post-thumbnail","6":"product_cat-roman","7":"product_tag-le-nabour-eric","9":"first","10":"instock","11":"sold-individually","12":"taxable","13":"shipping-taxable","14":"purchasable","15":"product-type-simple"},"acf":[],"yoast_head":"<!-- This site is optimized with the Yoast SEO plugin v26.6 - https:\/\/yoast.com\/wordpress\/plugins\/seo\/ -->\n<title>Les \u00e9t\u00e9s de la col\u00e8re - Le Chtululu<\/title>\n<meta name=\"robots\" content=\"index, follow, max-snippet:-1, max-image-preview:large, max-video-preview:-1\" \/>\n<link rel=\"canonical\" href=\"https:\/\/chtululu.be\/index.php\/produit\/les-etes-de-la-colere\/\" \/>\n<meta property=\"og:locale\" content=\"fr_FR\" \/>\n<meta property=\"og:type\" content=\"article\" \/>\n<meta property=\"og:title\" content=\"Les \u00e9t\u00e9s de la col\u00e8re - Le Chtululu\" \/>\n<meta property=\"og:description\" content=\"Le Nabour Eric Juin 1940, en plein exode. Apr\u00e8s avoir caus\u00e9 accidentellement la mort d&#039;un couple juif, C\u00e9cile recueille leur petit gar\u00e7on, Samuel.  Mais en recherchant la famille de l&#039;enfant, elle est arr\u00eat\u00e9e par la Gestapo et sauv\u00e9e in extremis par l&#039;\u00e9poux nazi d&#039;une amie d&#039;enfance.  Confront\u00e9e de plein fouet \u00e0 l&#039;horreur de la guerre, l&#039;insouciante jeune femme d&#039;autrefois n&#039;a d\u00e9sormais qu&#039;un seul but : sauver Samuel.\" \/>\n<meta property=\"og:url\" content=\"https:\/\/chtululu.be\/index.php\/produit\/les-etes-de-la-colere\/\" \/>\n<meta property=\"og:site_name\" content=\"Le Chtululu\" \/>\n<meta property=\"article:modified_time\" content=\"2017-01-09T20:25:18+00:00\" \/>\n<meta property=\"og:image\" content=\"https:\/\/chtululu.be\/wp-content\/uploads\/2017\/01\/les-etes-de-la-colere.jpg\" \/>\n\t<meta property=\"og:image:width\" content=\"200\" \/>\n\t<meta property=\"og:image:height\" content=\"313\" \/>\n\t<meta property=\"og:image:type\" content=\"image\/jpeg\" \/>\n<meta name=\"twitter:card\" content=\"summary_large_image\" \/>\n<script type=\"application\/ld+json\" class=\"yoast-schema-graph\">{\"@context\":\"https:\/\/schema.org\",\"@graph\":[{\"@type\":\"WebPage\",\"@id\":\"https:\/\/chtululu.be\/index.php\/produit\/les-etes-de-la-colere\/\",\"url\":\"https:\/\/chtululu.be\/index.php\/produit\/les-etes-de-la-colere\/\",\"name\":\"Les \u00e9t\u00e9s de la col\u00e8re - Le Chtululu\",\"isPartOf\":{\"@id\":\"https:\/\/chtululu.be\/#website\"},\"primaryImageOfPage\":{\"@id\":\"https:\/\/chtululu.be\/index.php\/produit\/les-etes-de-la-colere\/#primaryimage\"},\"image\":{\"@id\":\"https:\/\/chtululu.be\/index.php\/produit\/les-etes-de-la-colere\/#primaryimage\"},\"thumbnailUrl\":\"https:\/\/chtululu.be\/wp-content\/uploads\/2017\/01\/les-etes-de-la-colere.jpg\",\"datePublished\":\"2017-01-09T20:18:44+00:00\",\"dateModified\":\"2017-01-09T20:25:18+00:00\",\"breadcrumb\":{\"@id\":\"https:\/\/chtululu.be\/index.php\/produit\/les-etes-de-la-colere\/#breadcrumb\"},\"inLanguage\":\"fr-FR\",\"potentialAction\":[{\"@type\":\"ReadAction\",\"target\":[\"https:\/\/chtululu.be\/index.php\/produit\/les-etes-de-la-colere\/\"]}]},{\"@type\":\"ImageObject\",\"inLanguage\":\"fr-FR\",\"@id\":\"https:\/\/chtululu.be\/index.php\/produit\/les-etes-de-la-colere\/#primaryimage\",\"url\":\"https:\/\/chtululu.be\/wp-content\/uploads\/2017\/01\/les-etes-de-la-colere.jpg\",\"contentUrl\":\"https:\/\/chtululu.be\/wp-content\/uploads\/2017\/01\/les-etes-de-la-colere.jpg\",\"width\":200,\"height\":313},{\"@type\":\"BreadcrumbList\",\"@id\":\"https:\/\/chtululu.be\/index.php\/produit\/les-etes-de-la-colere\/#breadcrumb\",\"itemListElement\":[{\"@type\":\"ListItem\",\"position\":1,\"name\":\"Accueil\",\"item\":\"https:\/\/chtululu.be\/\"},{\"@type\":\"ListItem\",\"position\":2,\"name\":\"Les livres\",\"item\":\"https:\/\/chtululu.be\/index.php\/livres-doccasion\/\"},{\"@type\":\"ListItem\",\"position\":3,\"name\":\"Les \u00e9t\u00e9s de la col\u00e8re\"}]},{\"@type\":\"WebSite\",\"@id\":\"https:\/\/chtululu.be\/#website\",\"url\":\"https:\/\/chtululu.be\/\",\"name\":\"Le Chtululu\",\"description\":\"Votre librairie de seconde main \u00e0 Soignies\",\"publisher\":{\"@id\":\"https:\/\/chtululu.be\/#organization\"},\"potentialAction\":[{\"@type\":\"SearchAction\",\"target\":{\"@type\":\"EntryPoint\",\"urlTemplate\":\"https:\/\/chtululu.be\/?s={search_term_string}\"},\"query-input\":{\"@type\":\"PropertyValueSpecification\",\"valueRequired\":true,\"valueName\":\"search_term_string\"}}],\"inLanguage\":\"fr-FR\"},{\"@type\":\"Organization\",\"@id\":\"https:\/\/chtululu.be\/#organization\",\"name\":\"Le Chtululu\",\"url\":\"https:\/\/chtululu.be\/\",\"logo\":{\"@type\":\"ImageObject\",\"inLanguage\":\"fr-FR\",\"@id\":\"https:\/\/chtululu.be\/#\/schema\/logo\/image\/\",\"url\":\"https:\/\/chtululu.be\/wp-content\/uploads\/2016\/05\/logo-def-blanc.jpg\",\"contentUrl\":\"https:\/\/chtululu.be\/wp-content\/uploads\/2016\/05\/logo-def-blanc.jpg\",\"width\":2048,\"height\":1901,\"caption\":\"Le Chtululu\"},\"image\":{\"@id\":\"https:\/\/chtululu.be\/#\/schema\/logo\/image\/\"}}]}<\/script>\n<!-- \/ Yoast SEO plugin. -->","yoast_head_json":{"title":"Les \u00e9t\u00e9s de la col\u00e8re - Le Chtululu","robots":{"index":"index","follow":"follow","max-snippet":"max-snippet:-1","max-image-preview":"max-image-preview:large","max-video-preview":"max-video-preview:-1"},"canonical":"https:\/\/chtululu.be\/index.php\/produit\/les-etes-de-la-colere\/","og_locale":"fr_FR","og_type":"article","og_title":"Les \u00e9t\u00e9s de la col\u00e8re - Le Chtululu","og_description":"Le Nabour Eric Juin 1940, en plein exode. Apr\u00e8s avoir caus\u00e9 accidentellement la mort d'un couple juif, C\u00e9cile recueille leur petit gar\u00e7on, Samuel.  Mais en recherchant la famille de l'enfant, elle est arr\u00eat\u00e9e par la Gestapo et sauv\u00e9e in extremis par l'\u00e9poux nazi d'une amie d'enfance.  Confront\u00e9e de plein fouet \u00e0 l'horreur de la guerre, l'insouciante jeune femme d'autrefois n'a d\u00e9sormais qu'un seul but : sauver Samuel.","og_url":"https:\/\/chtululu.be\/index.php\/produit\/les-etes-de-la-colere\/","og_site_name":"Le Chtululu","article_modified_time":"2017-01-09T20:25:18+00:00","og_image":[{"width":200,"height":313,"url":"https:\/\/chtululu.be\/wp-content\/uploads\/2017\/01\/les-etes-de-la-colere.jpg","type":"image\/jpeg"}],"twitter_card":"summary_large_image","schema":{"@context":"https:\/\/schema.org","@graph":[{"@type":"WebPage","@id":"https:\/\/chtululu.be\/index.php\/produit\/les-etes-de-la-colere\/","url":"https:\/\/chtululu.be\/index.php\/produit\/les-etes-de-la-colere\/","name":"Les \u00e9t\u00e9s de la col\u00e8re - Le Chtululu","isPartOf":{"@id":"https:\/\/chtululu.be\/#website"},"primaryImageOfPage":{"@id":"https:\/\/chtululu.be\/index.php\/produit\/les-etes-de-la-colere\/#primaryimage"},"image":{"@id":"https:\/\/chtululu.be\/index.php\/produit\/les-etes-de-la-colere\/#primaryimage"},"thumbnailUrl":"https:\/\/chtululu.be\/wp-content\/uploads\/2017\/01\/les-etes-de-la-colere.jpg","datePublished":"2017-01-09T20:18:44+00:00","dateModified":"2017-01-09T20:25:18+00:00","breadcrumb":{"@id":"https:\/\/chtululu.be\/index.php\/produit\/les-etes-de-la-colere\/#breadcrumb"},"inLanguage":"fr-FR","potentialAction":[{"@type":"ReadAction","target":["https:\/\/chtululu.be\/index.php\/produit\/les-etes-de-la-colere\/"]}]},{"@type":"ImageObject","inLanguage":"fr-FR","@id":"https:\/\/chtululu.be\/index.php\/produit\/les-etes-de-la-colere\/#primaryimage","url":"https:\/\/chtululu.be\/wp-content\/uploads\/2017\/01\/les-etes-de-la-colere.jpg","contentUrl":"https:\/\/chtululu.be\/wp-content\/uploads\/2017\/01\/les-etes-de-la-colere.jpg","width":200,"height":313},{"@type":"BreadcrumbList","@id":"https:\/\/chtululu.be\/index.php\/produit\/les-etes-de-la-colere\/#breadcrumb","itemListElement":[{"@type":"ListItem","position":1,"name":"Accueil","item":"https:\/\/chtululu.be\/"},{"@type":"ListItem","position":2,"name":"Les livres","item":"https:\/\/chtululu.be\/index.php\/livres-doccasion\/"},{"@type":"ListItem","position":3,"name":"Les \u00e9t\u00e9s de la col\u00e8re"}]},{"@type":"WebSite","@id":"https:\/\/chtululu.be\/#website","url":"https:\/\/chtululu.be\/","name":"Le Chtululu","description":"Votre librairie de seconde main \u00e0 Soignies","publisher":{"@id":"https:\/\/chtululu.be\/#organization"},"potentialAction":[{"@type":"SearchAction","target":{"@type":"EntryPoint","urlTemplate":"https:\/\/chtululu.be\/?s={search_term_string}"},"query-input":{"@type":"PropertyValueSpecification","valueRequired":true,"valueName":"search_term_string"}}],"inLanguage":"fr-FR"},{"@type":"Organization","@id":"https:\/\/chtululu.be\/#organization","name":"Le Chtululu","url":"https:\/\/chtululu.be\/","logo":{"@type":"ImageObject","inLanguage":"fr-FR","@id":"https:\/\/chtululu.be\/#\/schema\/logo\/image\/","url":"https:\/\/chtululu.be\/wp-content\/uploads\/2016\/05\/logo-def-blanc.jpg","contentUrl":"https:\/\/chtululu.be\/wp-content\/uploads\/2016\/05\/logo-def-blanc.jpg","width":2048,"height":1901,"caption":"Le Chtululu"},"image":{"@id":"https:\/\/chtululu.be\/#\/schema\/logo\/image\/"}}]}},"_links":{"self":[{"href":"https:\/\/chtululu.be\/index.php\/wp-json\/wp\/v2\/product\/761","targetHints":{"allow":["GET"]}}],"collection":[{"href":"https:\/\/chtululu.be\/index.php\/wp-json\/wp\/v2\/product"}],"about":[{"href":"https:\/\/chtululu.be\/index.php\/wp-json\/wp\/v2\/types\/product"}],"wp:featuredmedia":[{"embeddable":true,"href":"https:\/\/chtululu.be\/index.php\/wp-json\/wp\/v2\/media\/742"}],"wp:attachment":[{"href":"https:\/\/chtululu.be\/index.php\/wp-json\/wp\/v2\/media?parent=761"}],"wp:term":[{"taxonomy":"product_brand","embeddable":true,"href":"https:\/\/chtululu.be\/index.php\/wp-json\/wp\/v2\/product_brand?post=761"},{"taxonomy":"product_cat","embeddable":true,"href":"https:\/\/chtululu.be\/index.php\/wp-json\/wp\/v2\/product_cat?post=761"},{"taxonomy":"product_tag","embeddable":true,"href":"https:\/\/chtululu.be\/index.php\/wp-json\/wp\/v2\/product_tag?post=761"}],"curies":[{"name":"wp","href":"https:\/\/api.w.org\/{rel}","templated":true}]}}