{"id":759,"date":"2017-01-09T21:18:43","date_gmt":"2017-01-09T20:18:43","guid":{"rendered":"http:\/\/chtululu.be\/index.php\/produit\/lheritage-t-2-les-maitres-du-pain\/"},"modified":"2017-01-09T21:32:28","modified_gmt":"2017-01-09T20:32:28","slug":"lheritage-t-2-les-maitres-du-pain","status":"publish","type":"product","link":"https:\/\/chtululu.be\/index.php\/produit\/lheritage-t-2-les-maitres-du-pain\/","title":{"rendered":"L&rsquo;h\u00e9ritage t.2 (Les ma\u00eetres du pain)"},"content":{"rendered":"","protected":false},"excerpt":{"rendered":"<p><strong>Lenteric Bernard<\/strong><br \/>\nUn million de lecteurs. Trente millions de t\u00e9l\u00e9spectateurs. L&rsquo;histoire des Ma\u00eetres du pain est entr\u00e9e dans la l\u00e9gende.<\/p>\n<p>L&rsquo;H\u00e9ritage, le tome 2, commence en 1940, lorsque l&rsquo;occupation allemande \u00e9tend son ombre sur la France. J\u00e9r\u00f4me Corbi\u00e8res, le ma\u00eetre boulanger, d\u00e9sormais maire de Perpezac, doit arbitrer entre ses deux fils adoptifs. Honor\u00e9 a rejoint la milice et S\u00e9bastien s&rsquo;est engag\u00e9 dans la R\u00e9sistance. La paix gu\u00e9rit difficilement les blessures des ann\u00e9es noires.<\/p>\n<p>Claire, la fille de Jeanne, est devenue une jeune fille belle et ambitieuse. Elle s&rsquo;oppose \u00e0 J\u00e9r\u00f4me Corbi\u00e8res pour lequel il n&rsquo;y a de pain que celui que l&rsquo;on p\u00e9trit \u00e0 la main, avec peine, avec le geindre, ce qui le rend unique. Claire est convaincue par les m\u00e9thodes modernes. Elle r\u00e9ussit \u00e0 b\u00e2tir un empire industriel en luttant contre le conservatisme et le fait d&rsquo;\u00eatre une femme dans un monde o\u00f9 les hommes ont le pouvoir.<\/p>\n<p>C&rsquo;est la rupture avec le Patriarche, qui la rejette et la d\u00e9sh\u00e9rite. La r\u00e9ussite de Claire est fabuleuse, mais elle y perd son \u00e2me. Si J\u00e9r\u00f4me d\u00e9tenait la v\u00e9rit\u00e9, son h\u00e9ritage, dans ses miches cuites et fa\u00e7onn\u00e9es avec amour?<\/p>\n","protected":false},"featured_media":771,"template":"","meta":{"_acf_changed":false,"_exactmetrics_skip_tracking":false,"_exactmetrics_sitenote_active":false,"_exactmetrics_sitenote_note":"","_exactmetrics_sitenote_category":0},"product_brand":[],"product_cat":[24],"product_tag":[204],"class_list":{"0":"post-759","1":"product","2":"type-product","3":"status-publish","4":"has-post-thumbnail","6":"product_cat-roman","7":"product_tag-lenteric-bernard","9":"first","10":"instock","11":"sold-individually","12":"taxable","13":"shipping-taxable","14":"purchasable","15":"product-type-simple"},"acf":[],"yoast_head":"<!-- This site is optimized with the Yoast SEO plugin v26.6 - https:\/\/yoast.com\/wordpress\/plugins\/seo\/ -->\n<title>L&#039;h\u00e9ritage t.2 (Les ma\u00eetres du pain) - Le Chtululu<\/title>\n<meta name=\"robots\" content=\"index, follow, max-snippet:-1, max-image-preview:large, max-video-preview:-1\" \/>\n<link rel=\"canonical\" href=\"https:\/\/chtululu.be\/index.php\/produit\/lheritage-t-2-les-maitres-du-pain\/\" \/>\n<meta property=\"og:locale\" content=\"fr_FR\" \/>\n<meta property=\"og:type\" content=\"article\" \/>\n<meta property=\"og:title\" content=\"L&#039;h\u00e9ritage t.2 (Les ma\u00eetres du pain) - Le Chtululu\" \/>\n<meta property=\"og:description\" content=\"Lenteric Bernard Un million de lecteurs. Trente millions de t\u00e9l\u00e9spectateurs. L&#039;histoire des Ma\u00eetres du pain est entr\u00e9e dans la l\u00e9gende.  L&#039;H\u00e9ritage, le tome 2, commence en 1940, lorsque l&#039;occupation allemande \u00e9tend son ombre sur la France. J\u00e9r\u00f4me Corbi\u00e8res, le ma\u00eetre boulanger, d\u00e9sormais maire de Perpezac, doit arbitrer entre ses deux fils adoptifs. Honor\u00e9 a rejoint la milice et S\u00e9bastien s&#039;est engag\u00e9 dans la R\u00e9sistance. La paix gu\u00e9rit difficilement les blessures des ann\u00e9es noires.  Claire, la fille de Jeanne, est devenue une jeune fille belle et ambitieuse. Elle s&#039;oppose \u00e0 J\u00e9r\u00f4me Corbi\u00e8res pour lequel il n&#039;y a de pain que celui que l&#039;on p\u00e9trit \u00e0 la main, avec peine, avec le geindre, ce qui le rend unique. Claire est convaincue par les m\u00e9thodes modernes. Elle r\u00e9ussit \u00e0 b\u00e2tir un empire industriel en luttant contre le conservatisme et le fait d&#039;\u00eatre une femme dans un monde o\u00f9 les hommes ont le pouvoir.  C&#039;est la rupture avec le Patriarche, qui la rejette et la d\u00e9sh\u00e9rite. La r\u00e9ussite de Claire est fabuleuse, mais elle y perd son \u00e2me. Si J\u00e9r\u00f4me d\u00e9tenait la v\u00e9rit\u00e9, son h\u00e9ritage, dans ses miches cuites et fa\u00e7onn\u00e9es avec amour?\" \/>\n<meta property=\"og:url\" content=\"https:\/\/chtululu.be\/index.php\/produit\/lheritage-t-2-les-maitres-du-pain\/\" \/>\n<meta property=\"og:site_name\" content=\"Le Chtululu\" \/>\n<meta property=\"article:modified_time\" content=\"2017-01-09T20:32:28+00:00\" \/>\n<meta property=\"og:image\" content=\"https:\/\/chtululu.be\/wp-content\/uploads\/2017\/01\/les-maitres-du-pain-tome-2.jpg\" \/>\n\t<meta property=\"og:image:width\" content=\"200\" \/>\n\t<meta property=\"og:image:height\" content=\"308\" \/>\n\t<meta property=\"og:image:type\" content=\"image\/jpeg\" \/>\n<meta name=\"twitter:card\" content=\"summary_large_image\" \/>\n<script type=\"application\/ld+json\" class=\"yoast-schema-graph\">{\"@context\":\"https:\/\/schema.org\",\"@graph\":[{\"@type\":\"WebPage\",\"@id\":\"https:\/\/chtululu.be\/index.php\/produit\/lheritage-t-2-les-maitres-du-pain\/\",\"url\":\"https:\/\/chtululu.be\/index.php\/produit\/lheritage-t-2-les-maitres-du-pain\/\",\"name\":\"L'h\u00e9ritage t.2 (Les ma\u00eetres du pain) - Le Chtululu\",\"isPartOf\":{\"@id\":\"https:\/\/chtululu.be\/#website\"},\"primaryImageOfPage\":{\"@id\":\"https:\/\/chtululu.be\/index.php\/produit\/lheritage-t-2-les-maitres-du-pain\/#primaryimage\"},\"image\":{\"@id\":\"https:\/\/chtululu.be\/index.php\/produit\/lheritage-t-2-les-maitres-du-pain\/#primaryimage\"},\"thumbnailUrl\":\"https:\/\/chtululu.be\/wp-content\/uploads\/2017\/01\/les-maitres-du-pain-tome-2.jpg\",\"datePublished\":\"2017-01-09T20:18:43+00:00\",\"dateModified\":\"2017-01-09T20:32:28+00:00\",\"breadcrumb\":{\"@id\":\"https:\/\/chtululu.be\/index.php\/produit\/lheritage-t-2-les-maitres-du-pain\/#breadcrumb\"},\"inLanguage\":\"fr-FR\",\"potentialAction\":[{\"@type\":\"ReadAction\",\"target\":[\"https:\/\/chtululu.be\/index.php\/produit\/lheritage-t-2-les-maitres-du-pain\/\"]}]},{\"@type\":\"ImageObject\",\"inLanguage\":\"fr-FR\",\"@id\":\"https:\/\/chtululu.be\/index.php\/produit\/lheritage-t-2-les-maitres-du-pain\/#primaryimage\",\"url\":\"https:\/\/chtululu.be\/wp-content\/uploads\/2017\/01\/les-maitres-du-pain-tome-2.jpg\",\"contentUrl\":\"https:\/\/chtululu.be\/wp-content\/uploads\/2017\/01\/les-maitres-du-pain-tome-2.jpg\",\"width\":200,\"height\":308},{\"@type\":\"BreadcrumbList\",\"@id\":\"https:\/\/chtululu.be\/index.php\/produit\/lheritage-t-2-les-maitres-du-pain\/#breadcrumb\",\"itemListElement\":[{\"@type\":\"ListItem\",\"position\":1,\"name\":\"Accueil\",\"item\":\"https:\/\/chtululu.be\/\"},{\"@type\":\"ListItem\",\"position\":2,\"name\":\"Les livres\",\"item\":\"https:\/\/chtululu.be\/index.php\/livres-doccasion\/\"},{\"@type\":\"ListItem\",\"position\":3,\"name\":\"L&rsquo;h\u00e9ritage t.2 (Les ma\u00eetres du pain)\"}]},{\"@type\":\"WebSite\",\"@id\":\"https:\/\/chtululu.be\/#website\",\"url\":\"https:\/\/chtululu.be\/\",\"name\":\"Le Chtululu\",\"description\":\"Votre librairie de seconde main \u00e0 Soignies\",\"publisher\":{\"@id\":\"https:\/\/chtululu.be\/#organization\"},\"potentialAction\":[{\"@type\":\"SearchAction\",\"target\":{\"@type\":\"EntryPoint\",\"urlTemplate\":\"https:\/\/chtululu.be\/?s={search_term_string}\"},\"query-input\":{\"@type\":\"PropertyValueSpecification\",\"valueRequired\":true,\"valueName\":\"search_term_string\"}}],\"inLanguage\":\"fr-FR\"},{\"@type\":\"Organization\",\"@id\":\"https:\/\/chtululu.be\/#organization\",\"name\":\"Le Chtululu\",\"url\":\"https:\/\/chtululu.be\/\",\"logo\":{\"@type\":\"ImageObject\",\"inLanguage\":\"fr-FR\",\"@id\":\"https:\/\/chtululu.be\/#\/schema\/logo\/image\/\",\"url\":\"https:\/\/chtululu.be\/wp-content\/uploads\/2016\/05\/logo-def-blanc.jpg\",\"contentUrl\":\"https:\/\/chtululu.be\/wp-content\/uploads\/2016\/05\/logo-def-blanc.jpg\",\"width\":2048,\"height\":1901,\"caption\":\"Le Chtululu\"},\"image\":{\"@id\":\"https:\/\/chtululu.be\/#\/schema\/logo\/image\/\"}}]}<\/script>\n<!-- \/ Yoast SEO plugin. -->","yoast_head_json":{"title":"L'h\u00e9ritage t.2 (Les ma\u00eetres du pain) - Le Chtululu","robots":{"index":"index","follow":"follow","max-snippet":"max-snippet:-1","max-image-preview":"max-image-preview:large","max-video-preview":"max-video-preview:-1"},"canonical":"https:\/\/chtululu.be\/index.php\/produit\/lheritage-t-2-les-maitres-du-pain\/","og_locale":"fr_FR","og_type":"article","og_title":"L'h\u00e9ritage t.2 (Les ma\u00eetres du pain) - Le Chtululu","og_description":"Lenteric Bernard Un million de lecteurs. Trente millions de t\u00e9l\u00e9spectateurs. L'histoire des Ma\u00eetres du pain est entr\u00e9e dans la l\u00e9gende.  L'H\u00e9ritage, le tome 2, commence en 1940, lorsque l'occupation allemande \u00e9tend son ombre sur la France. J\u00e9r\u00f4me Corbi\u00e8res, le ma\u00eetre boulanger, d\u00e9sormais maire de Perpezac, doit arbitrer entre ses deux fils adoptifs. Honor\u00e9 a rejoint la milice et S\u00e9bastien s'est engag\u00e9 dans la R\u00e9sistance. La paix gu\u00e9rit difficilement les blessures des ann\u00e9es noires.  Claire, la fille de Jeanne, est devenue une jeune fille belle et ambitieuse. Elle s'oppose \u00e0 J\u00e9r\u00f4me Corbi\u00e8res pour lequel il n'y a de pain que celui que l'on p\u00e9trit \u00e0 la main, avec peine, avec le geindre, ce qui le rend unique. Claire est convaincue par les m\u00e9thodes modernes. Elle r\u00e9ussit \u00e0 b\u00e2tir un empire industriel en luttant contre le conservatisme et le fait d'\u00eatre une femme dans un monde o\u00f9 les hommes ont le pouvoir.  C'est la rupture avec le Patriarche, qui la rejette et la d\u00e9sh\u00e9rite. La r\u00e9ussite de Claire est fabuleuse, mais elle y perd son \u00e2me. Si J\u00e9r\u00f4me d\u00e9tenait la v\u00e9rit\u00e9, son h\u00e9ritage, dans ses miches cuites et fa\u00e7onn\u00e9es avec amour?","og_url":"https:\/\/chtululu.be\/index.php\/produit\/lheritage-t-2-les-maitres-du-pain\/","og_site_name":"Le Chtululu","article_modified_time":"2017-01-09T20:32:28+00:00","og_image":[{"width":200,"height":308,"url":"https:\/\/chtululu.be\/wp-content\/uploads\/2017\/01\/les-maitres-du-pain-tome-2.jpg","type":"image\/jpeg"}],"twitter_card":"summary_large_image","schema":{"@context":"https:\/\/schema.org","@graph":[{"@type":"WebPage","@id":"https:\/\/chtululu.be\/index.php\/produit\/lheritage-t-2-les-maitres-du-pain\/","url":"https:\/\/chtululu.be\/index.php\/produit\/lheritage-t-2-les-maitres-du-pain\/","name":"L'h\u00e9ritage t.2 (Les ma\u00eetres du pain) - Le Chtululu","isPartOf":{"@id":"https:\/\/chtululu.be\/#website"},"primaryImageOfPage":{"@id":"https:\/\/chtululu.be\/index.php\/produit\/lheritage-t-2-les-maitres-du-pain\/#primaryimage"},"image":{"@id":"https:\/\/chtululu.be\/index.php\/produit\/lheritage-t-2-les-maitres-du-pain\/#primaryimage"},"thumbnailUrl":"https:\/\/chtululu.be\/wp-content\/uploads\/2017\/01\/les-maitres-du-pain-tome-2.jpg","datePublished":"2017-01-09T20:18:43+00:00","dateModified":"2017-01-09T20:32:28+00:00","breadcrumb":{"@id":"https:\/\/chtululu.be\/index.php\/produit\/lheritage-t-2-les-maitres-du-pain\/#breadcrumb"},"inLanguage":"fr-FR","potentialAction":[{"@type":"ReadAction","target":["https:\/\/chtululu.be\/index.php\/produit\/lheritage-t-2-les-maitres-du-pain\/"]}]},{"@type":"ImageObject","inLanguage":"fr-FR","@id":"https:\/\/chtululu.be\/index.php\/produit\/lheritage-t-2-les-maitres-du-pain\/#primaryimage","url":"https:\/\/chtululu.be\/wp-content\/uploads\/2017\/01\/les-maitres-du-pain-tome-2.jpg","contentUrl":"https:\/\/chtululu.be\/wp-content\/uploads\/2017\/01\/les-maitres-du-pain-tome-2.jpg","width":200,"height":308},{"@type":"BreadcrumbList","@id":"https:\/\/chtululu.be\/index.php\/produit\/lheritage-t-2-les-maitres-du-pain\/#breadcrumb","itemListElement":[{"@type":"ListItem","position":1,"name":"Accueil","item":"https:\/\/chtululu.be\/"},{"@type":"ListItem","position":2,"name":"Les livres","item":"https:\/\/chtululu.be\/index.php\/livres-doccasion\/"},{"@type":"ListItem","position":3,"name":"L&rsquo;h\u00e9ritage t.2 (Les ma\u00eetres du pain)"}]},{"@type":"WebSite","@id":"https:\/\/chtululu.be\/#website","url":"https:\/\/chtululu.be\/","name":"Le Chtululu","description":"Votre librairie de seconde main \u00e0 Soignies","publisher":{"@id":"https:\/\/chtululu.be\/#organization"},"potentialAction":[{"@type":"SearchAction","target":{"@type":"EntryPoint","urlTemplate":"https:\/\/chtululu.be\/?s={search_term_string}"},"query-input":{"@type":"PropertyValueSpecification","valueRequired":true,"valueName":"search_term_string"}}],"inLanguage":"fr-FR"},{"@type":"Organization","@id":"https:\/\/chtululu.be\/#organization","name":"Le Chtululu","url":"https:\/\/chtululu.be\/","logo":{"@type":"ImageObject","inLanguage":"fr-FR","@id":"https:\/\/chtululu.be\/#\/schema\/logo\/image\/","url":"https:\/\/chtululu.be\/wp-content\/uploads\/2016\/05\/logo-def-blanc.jpg","contentUrl":"https:\/\/chtululu.be\/wp-content\/uploads\/2016\/05\/logo-def-blanc.jpg","width":2048,"height":1901,"caption":"Le Chtululu"},"image":{"@id":"https:\/\/chtululu.be\/#\/schema\/logo\/image\/"}}]}},"_links":{"self":[{"href":"https:\/\/chtululu.be\/index.php\/wp-json\/wp\/v2\/product\/759","targetHints":{"allow":["GET"]}}],"collection":[{"href":"https:\/\/chtululu.be\/index.php\/wp-json\/wp\/v2\/product"}],"about":[{"href":"https:\/\/chtululu.be\/index.php\/wp-json\/wp\/v2\/types\/product"}],"wp:featuredmedia":[{"embeddable":true,"href":"https:\/\/chtululu.be\/index.php\/wp-json\/wp\/v2\/media\/771"}],"wp:attachment":[{"href":"https:\/\/chtululu.be\/index.php\/wp-json\/wp\/v2\/media?parent=759"}],"wp:term":[{"taxonomy":"product_brand","embeddable":true,"href":"https:\/\/chtululu.be\/index.php\/wp-json\/wp\/v2\/product_brand?post=759"},{"taxonomy":"product_cat","embeddable":true,"href":"https:\/\/chtululu.be\/index.php\/wp-json\/wp\/v2\/product_cat?post=759"},{"taxonomy":"product_tag","embeddable":true,"href":"https:\/\/chtululu.be\/index.php\/wp-json\/wp\/v2\/product_tag?post=759"}],"curies":[{"name":"wp","href":"https:\/\/api.w.org\/{rel}","templated":true}]}}