{"id":758,"date":"2017-01-09T21:18:42","date_gmt":"2017-01-09T20:18:42","guid":{"rendered":"http:\/\/chtululu.be\/index.php\/produit\/les-maitres-du-pain\/"},"modified":"2017-01-09T21:32:57","modified_gmt":"2017-01-09T20:32:57","slug":"les-maitres-du-pain","status":"publish","type":"product","link":"https:\/\/chtululu.be\/index.php\/produit\/les-maitres-du-pain\/","title":{"rendered":"Les ma\u00eetres du pain"},"content":{"rendered":"","protected":false},"excerpt":{"rendered":"<p><strong>Lenteric Bernard<\/strong><br \/>\n\u00c0 Perpezac, les hommes et les femmes vivent dans l\u0092insouciance. La douceur de vivre s\u0092est install\u00e9e un jour dans ce village de Corr\u00e8ze et ne l\u0092a jamais quitt\u00e9, m\u00eame \u00e0 l\u0092approche de la Seconde Guerre mondiale.<\/p>\n<p>Entre l\u0092\u00e9glise et la place du village, J\u00e9r\u00f4me Corbi\u00e8res, m\u00ealant la farine, le levain, le sel et l\u0092eau en une alchimie connue de lui seul, p\u00e9trit, fa\u00e7onne et cuit le meilleur pain de la r\u00e9gion.<\/p>\n<p>Ma\u00eetre Adeline, le ma\u00eetre boulanger, a recueilli cet orphelin et, au fil des ann\u00e9es, lui a enseign\u00e9 le secret du pain, faisant de lui le dernier maillon d\u0092une cha\u00eene qui remonte si loin l\u0092histoire des hommes qu\u0092on n\u0092en conna\u00eet plus l\u0092origine.<\/p>\n<p>Autour de J\u00e9r\u00f4me Corbi\u00e8res tout est bonheur. L\u0092odeur des foins coup\u00e9s, les femmes au lavoir, les truites chapard\u00e9es dans la rivi\u00e8re, les lapins pris au collet et les secrets du fournil\u0085<\/p>\n<p>Et puis Jeanne. Sa femme belle et douce comme une soir\u00e9e d\u0092\u00e9t\u00e9. Jeanne qui attend un enfant. Le fils du boulanger.<\/p>\n<p>Pourtant, le malheur est tapi dans l\u0092ombre. Le destin de J\u00e9r\u00f4me Corbi\u00e8res est lourd de menaces\u0085 J\u00e9r\u00f4me Corbi\u00e8res de Perpezac pourra-t-il transmettre son art et pr\u00e9server son bonheur malgr\u00e9 les tumultes qui s\u0092annoncent ?<\/p>\n","protected":false},"featured_media":750,"template":"","meta":{"_acf_changed":false,"_exactmetrics_skip_tracking":false,"_exactmetrics_sitenote_active":false,"_exactmetrics_sitenote_note":"","_exactmetrics_sitenote_category":0},"product_brand":[],"product_cat":[24],"product_tag":[204],"class_list":{"0":"post-758","1":"product","2":"type-product","3":"status-publish","4":"has-post-thumbnail","6":"product_cat-roman","7":"product_tag-lenteric-bernard","9":"first","10":"instock","11":"sold-individually","12":"taxable","13":"shipping-taxable","14":"purchasable","15":"product-type-simple"},"acf":[],"yoast_head":"<!-- This site is optimized with the Yoast SEO plugin v26.6 - https:\/\/yoast.com\/wordpress\/plugins\/seo\/ -->\n<title>Les ma\u00eetres du pain - Le Chtululu<\/title>\n<meta name=\"robots\" content=\"index, follow, max-snippet:-1, max-image-preview:large, max-video-preview:-1\" \/>\n<link rel=\"canonical\" href=\"https:\/\/chtululu.be\/index.php\/produit\/les-maitres-du-pain\/\" \/>\n<meta property=\"og:locale\" content=\"fr_FR\" \/>\n<meta property=\"og:type\" content=\"article\" \/>\n<meta property=\"og:title\" content=\"Les ma\u00eetres du pain - Le Chtululu\" \/>\n<meta property=\"og:description\" content=\"Lenteric Bernard \u00c0 Perpezac, les hommes et les femmes vivent dans l\u0092insouciance. La douceur de vivre s\u0092est install\u00e9e un jour dans ce village de Corr\u00e8ze et ne l\u0092a jamais quitt\u00e9, m\u00eame \u00e0 l\u0092approche de la Seconde Guerre mondiale.  Entre l\u0092\u00e9glise et la place du village, J\u00e9r\u00f4me Corbi\u00e8res, m\u00ealant la farine, le levain, le sel et l\u0092eau en une alchimie connue de lui seul, p\u00e9trit, fa\u00e7onne et cuit le meilleur pain de la r\u00e9gion.  Ma\u00eetre Adeline, le ma\u00eetre boulanger, a recueilli cet orphelin et, au fil des ann\u00e9es, lui a enseign\u00e9 le secret du pain, faisant de lui le dernier maillon d\u0092une cha\u00eene qui remonte si loin l\u0092histoire des hommes qu\u0092on n\u0092en conna\u00eet plus l\u0092origine.  Autour de J\u00e9r\u00f4me Corbi\u00e8res tout est bonheur. L\u0092odeur des foins coup\u00e9s, les femmes au lavoir, les truites chapard\u00e9es dans la rivi\u00e8re, les lapins pris au collet et les secrets du fournil\u0085  Et puis Jeanne. Sa femme belle et douce comme une soir\u00e9e d\u0092\u00e9t\u00e9. Jeanne qui attend un enfant. Le fils du boulanger.  Pourtant, le malheur est tapi dans l\u0092ombre. Le destin de J\u00e9r\u00f4me Corbi\u00e8res est lourd de menaces\u0085 J\u00e9r\u00f4me Corbi\u00e8res de Perpezac pourra-t-il transmettre son art et pr\u00e9server son bonheur malgr\u00e9 les tumultes qui s\u0092annoncent ?\" \/>\n<meta property=\"og:url\" content=\"https:\/\/chtululu.be\/index.php\/produit\/les-maitres-du-pain\/\" \/>\n<meta property=\"og:site_name\" content=\"Le Chtululu\" \/>\n<meta property=\"article:modified_time\" content=\"2017-01-09T20:32:57+00:00\" \/>\n<meta property=\"og:image\" content=\"https:\/\/chtululu.be\/wp-content\/uploads\/2017\/01\/maitresdupain.jpg\" \/>\n\t<meta property=\"og:image:width\" content=\"200\" \/>\n\t<meta property=\"og:image:height\" content=\"290\" \/>\n\t<meta property=\"og:image:type\" content=\"image\/jpeg\" \/>\n<meta name=\"twitter:card\" content=\"summary_large_image\" \/>\n<script type=\"application\/ld+json\" class=\"yoast-schema-graph\">{\"@context\":\"https:\/\/schema.org\",\"@graph\":[{\"@type\":\"WebPage\",\"@id\":\"https:\/\/chtululu.be\/index.php\/produit\/les-maitres-du-pain\/\",\"url\":\"https:\/\/chtululu.be\/index.php\/produit\/les-maitres-du-pain\/\",\"name\":\"Les ma\u00eetres du pain - Le Chtululu\",\"isPartOf\":{\"@id\":\"https:\/\/chtululu.be\/#website\"},\"primaryImageOfPage\":{\"@id\":\"https:\/\/chtululu.be\/index.php\/produit\/les-maitres-du-pain\/#primaryimage\"},\"image\":{\"@id\":\"https:\/\/chtululu.be\/index.php\/produit\/les-maitres-du-pain\/#primaryimage\"},\"thumbnailUrl\":\"https:\/\/chtululu.be\/wp-content\/uploads\/2017\/01\/maitresdupain.jpg\",\"datePublished\":\"2017-01-09T20:18:42+00:00\",\"dateModified\":\"2017-01-09T20:32:57+00:00\",\"breadcrumb\":{\"@id\":\"https:\/\/chtululu.be\/index.php\/produit\/les-maitres-du-pain\/#breadcrumb\"},\"inLanguage\":\"fr-FR\",\"potentialAction\":[{\"@type\":\"ReadAction\",\"target\":[\"https:\/\/chtululu.be\/index.php\/produit\/les-maitres-du-pain\/\"]}]},{\"@type\":\"ImageObject\",\"inLanguage\":\"fr-FR\",\"@id\":\"https:\/\/chtululu.be\/index.php\/produit\/les-maitres-du-pain\/#primaryimage\",\"url\":\"https:\/\/chtululu.be\/wp-content\/uploads\/2017\/01\/maitresdupain.jpg\",\"contentUrl\":\"https:\/\/chtululu.be\/wp-content\/uploads\/2017\/01\/maitresdupain.jpg\",\"width\":200,\"height\":290},{\"@type\":\"BreadcrumbList\",\"@id\":\"https:\/\/chtululu.be\/index.php\/produit\/les-maitres-du-pain\/#breadcrumb\",\"itemListElement\":[{\"@type\":\"ListItem\",\"position\":1,\"name\":\"Accueil\",\"item\":\"https:\/\/chtululu.be\/\"},{\"@type\":\"ListItem\",\"position\":2,\"name\":\"Les livres\",\"item\":\"https:\/\/chtululu.be\/index.php\/livres-doccasion\/\"},{\"@type\":\"ListItem\",\"position\":3,\"name\":\"Les ma\u00eetres du pain\"}]},{\"@type\":\"WebSite\",\"@id\":\"https:\/\/chtululu.be\/#website\",\"url\":\"https:\/\/chtululu.be\/\",\"name\":\"Le Chtululu\",\"description\":\"Votre librairie de seconde main \u00e0 Soignies\",\"publisher\":{\"@id\":\"https:\/\/chtululu.be\/#organization\"},\"potentialAction\":[{\"@type\":\"SearchAction\",\"target\":{\"@type\":\"EntryPoint\",\"urlTemplate\":\"https:\/\/chtululu.be\/?s={search_term_string}\"},\"query-input\":{\"@type\":\"PropertyValueSpecification\",\"valueRequired\":true,\"valueName\":\"search_term_string\"}}],\"inLanguage\":\"fr-FR\"},{\"@type\":\"Organization\",\"@id\":\"https:\/\/chtululu.be\/#organization\",\"name\":\"Le Chtululu\",\"url\":\"https:\/\/chtululu.be\/\",\"logo\":{\"@type\":\"ImageObject\",\"inLanguage\":\"fr-FR\",\"@id\":\"https:\/\/chtululu.be\/#\/schema\/logo\/image\/\",\"url\":\"https:\/\/chtululu.be\/wp-content\/uploads\/2016\/05\/logo-def-blanc.jpg\",\"contentUrl\":\"https:\/\/chtululu.be\/wp-content\/uploads\/2016\/05\/logo-def-blanc.jpg\",\"width\":2048,\"height\":1901,\"caption\":\"Le Chtululu\"},\"image\":{\"@id\":\"https:\/\/chtululu.be\/#\/schema\/logo\/image\/\"}}]}<\/script>\n<!-- \/ Yoast SEO plugin. -->","yoast_head_json":{"title":"Les ma\u00eetres du pain - Le Chtululu","robots":{"index":"index","follow":"follow","max-snippet":"max-snippet:-1","max-image-preview":"max-image-preview:large","max-video-preview":"max-video-preview:-1"},"canonical":"https:\/\/chtululu.be\/index.php\/produit\/les-maitres-du-pain\/","og_locale":"fr_FR","og_type":"article","og_title":"Les ma\u00eetres du pain - Le Chtululu","og_description":"Lenteric Bernard \u00c0 Perpezac, les hommes et les femmes vivent dans l\u0092insouciance. La douceur de vivre s\u0092est install\u00e9e un jour dans ce village de Corr\u00e8ze et ne l\u0092a jamais quitt\u00e9, m\u00eame \u00e0 l\u0092approche de la Seconde Guerre mondiale.  Entre l\u0092\u00e9glise et la place du village, J\u00e9r\u00f4me Corbi\u00e8res, m\u00ealant la farine, le levain, le sel et l\u0092eau en une alchimie connue de lui seul, p\u00e9trit, fa\u00e7onne et cuit le meilleur pain de la r\u00e9gion.  Ma\u00eetre Adeline, le ma\u00eetre boulanger, a recueilli cet orphelin et, au fil des ann\u00e9es, lui a enseign\u00e9 le secret du pain, faisant de lui le dernier maillon d\u0092une cha\u00eene qui remonte si loin l\u0092histoire des hommes qu\u0092on n\u0092en conna\u00eet plus l\u0092origine.  Autour de J\u00e9r\u00f4me Corbi\u00e8res tout est bonheur. L\u0092odeur des foins coup\u00e9s, les femmes au lavoir, les truites chapard\u00e9es dans la rivi\u00e8re, les lapins pris au collet et les secrets du fournil\u0085  Et puis Jeanne. Sa femme belle et douce comme une soir\u00e9e d\u0092\u00e9t\u00e9. Jeanne qui attend un enfant. Le fils du boulanger.  Pourtant, le malheur est tapi dans l\u0092ombre. Le destin de J\u00e9r\u00f4me Corbi\u00e8res est lourd de menaces\u0085 J\u00e9r\u00f4me Corbi\u00e8res de Perpezac pourra-t-il transmettre son art et pr\u00e9server son bonheur malgr\u00e9 les tumultes qui s\u0092annoncent ?","og_url":"https:\/\/chtululu.be\/index.php\/produit\/les-maitres-du-pain\/","og_site_name":"Le Chtululu","article_modified_time":"2017-01-09T20:32:57+00:00","og_image":[{"width":200,"height":290,"url":"https:\/\/chtululu.be\/wp-content\/uploads\/2017\/01\/maitresdupain.jpg","type":"image\/jpeg"}],"twitter_card":"summary_large_image","schema":{"@context":"https:\/\/schema.org","@graph":[{"@type":"WebPage","@id":"https:\/\/chtululu.be\/index.php\/produit\/les-maitres-du-pain\/","url":"https:\/\/chtululu.be\/index.php\/produit\/les-maitres-du-pain\/","name":"Les ma\u00eetres du pain - Le Chtululu","isPartOf":{"@id":"https:\/\/chtululu.be\/#website"},"primaryImageOfPage":{"@id":"https:\/\/chtululu.be\/index.php\/produit\/les-maitres-du-pain\/#primaryimage"},"image":{"@id":"https:\/\/chtululu.be\/index.php\/produit\/les-maitres-du-pain\/#primaryimage"},"thumbnailUrl":"https:\/\/chtululu.be\/wp-content\/uploads\/2017\/01\/maitresdupain.jpg","datePublished":"2017-01-09T20:18:42+00:00","dateModified":"2017-01-09T20:32:57+00:00","breadcrumb":{"@id":"https:\/\/chtululu.be\/index.php\/produit\/les-maitres-du-pain\/#breadcrumb"},"inLanguage":"fr-FR","potentialAction":[{"@type":"ReadAction","target":["https:\/\/chtululu.be\/index.php\/produit\/les-maitres-du-pain\/"]}]},{"@type":"ImageObject","inLanguage":"fr-FR","@id":"https:\/\/chtululu.be\/index.php\/produit\/les-maitres-du-pain\/#primaryimage","url":"https:\/\/chtululu.be\/wp-content\/uploads\/2017\/01\/maitresdupain.jpg","contentUrl":"https:\/\/chtululu.be\/wp-content\/uploads\/2017\/01\/maitresdupain.jpg","width":200,"height":290},{"@type":"BreadcrumbList","@id":"https:\/\/chtululu.be\/index.php\/produit\/les-maitres-du-pain\/#breadcrumb","itemListElement":[{"@type":"ListItem","position":1,"name":"Accueil","item":"https:\/\/chtululu.be\/"},{"@type":"ListItem","position":2,"name":"Les livres","item":"https:\/\/chtululu.be\/index.php\/livres-doccasion\/"},{"@type":"ListItem","position":3,"name":"Les ma\u00eetres du pain"}]},{"@type":"WebSite","@id":"https:\/\/chtululu.be\/#website","url":"https:\/\/chtululu.be\/","name":"Le Chtululu","description":"Votre librairie de seconde main \u00e0 Soignies","publisher":{"@id":"https:\/\/chtululu.be\/#organization"},"potentialAction":[{"@type":"SearchAction","target":{"@type":"EntryPoint","urlTemplate":"https:\/\/chtululu.be\/?s={search_term_string}"},"query-input":{"@type":"PropertyValueSpecification","valueRequired":true,"valueName":"search_term_string"}}],"inLanguage":"fr-FR"},{"@type":"Organization","@id":"https:\/\/chtululu.be\/#organization","name":"Le Chtululu","url":"https:\/\/chtululu.be\/","logo":{"@type":"ImageObject","inLanguage":"fr-FR","@id":"https:\/\/chtululu.be\/#\/schema\/logo\/image\/","url":"https:\/\/chtululu.be\/wp-content\/uploads\/2016\/05\/logo-def-blanc.jpg","contentUrl":"https:\/\/chtululu.be\/wp-content\/uploads\/2016\/05\/logo-def-blanc.jpg","width":2048,"height":1901,"caption":"Le Chtululu"},"image":{"@id":"https:\/\/chtululu.be\/#\/schema\/logo\/image\/"}}]}},"_links":{"self":[{"href":"https:\/\/chtululu.be\/index.php\/wp-json\/wp\/v2\/product\/758","targetHints":{"allow":["GET"]}}],"collection":[{"href":"https:\/\/chtululu.be\/index.php\/wp-json\/wp\/v2\/product"}],"about":[{"href":"https:\/\/chtululu.be\/index.php\/wp-json\/wp\/v2\/types\/product"}],"wp:featuredmedia":[{"embeddable":true,"href":"https:\/\/chtululu.be\/index.php\/wp-json\/wp\/v2\/media\/750"}],"wp:attachment":[{"href":"https:\/\/chtululu.be\/index.php\/wp-json\/wp\/v2\/media?parent=758"}],"wp:term":[{"taxonomy":"product_brand","embeddable":true,"href":"https:\/\/chtululu.be\/index.php\/wp-json\/wp\/v2\/product_brand?post=758"},{"taxonomy":"product_cat","embeddable":true,"href":"https:\/\/chtululu.be\/index.php\/wp-json\/wp\/v2\/product_cat?post=758"},{"taxonomy":"product_tag","embeddable":true,"href":"https:\/\/chtululu.be\/index.php\/wp-json\/wp\/v2\/product_tag?post=758"}],"curies":[{"name":"wp","href":"https:\/\/api.w.org\/{rel}","templated":true}]}}