{"id":754,"date":"2017-01-09T21:18:39","date_gmt":"2017-01-09T20:18:39","guid":{"rendered":"http:\/\/chtululu.be\/index.php\/produit\/dans-la-tete-le-venin\/"},"modified":"2021-01-30T22:11:06","modified_gmt":"2021-01-30T21:11:06","slug":"dans-la-tete-le-venin","status":"publish","type":"product","link":"https:\/\/chtululu.be\/index.php\/produit\/dans-la-tete-le-venin\/","title":{"rendered":"Dans la t\u00eate, le venin"},"content":{"rendered":"","protected":false},"excerpt":{"rendered":"<p><strong>Japp Andrea<\/strong><br \/>\nDiane Silver est une des meilleures profileuses au monde et exerce ses talents \u00e0 Quantico, au FBI.<\/p>\n<p>Traquer les tueurs en s\u00e9rie est pour elle une affaire personnelle : sa fille, Leonor, a \u00e9t\u00e9 tortur\u00e9e et tu\u00e9e. Diane ne parvient toujours pas \u00e0 comprendre. Comment Leonor, si m\u00e9fiante, a-t-elle pu accepter de suivre son assassin ?<\/p>\n<p>Yves, un flic fran\u00e7ais qu\u0092elle a form\u00e9 aux techniques du profilage, est peut-\u00eatre l\u0092unique ami de Diane, dont le caract\u00e8re difficile est notoire.<\/p>\n<p>Il la tient au courant de crimes commis en France avec une rare sauvagerie.<\/p>\n<p>Se pourrait-il qu\u0092il existe un lien entre ces meurtres et ceux commis au Mexique et \u00e0 New York ?<\/p>\n<p>Entre ces affaires internationales, la traque d\u0092un tueur de prostitu\u00e9es dans les rues de Boston, l\u0092assassinat de Leonor peu \u00e0 peu un fil se noue, auquel n\u0092est pas \u00e9tranger le bizarre \u00ab stagiaire \u00bb que le FBI a impos\u00e9 \u00e0 Diane.<\/p>\n<p>Diane va alors ouvrir la bo\u00eete de Pandore, reconstituer le puzzle et remonter jusqu\u0092au pr\u00e9dateur ultime. Et peu lui importent les cons\u00e9quences.<\/p>\n","protected":false},"featured_media":740,"template":"","meta":{"_acf_changed":false,"_exactmetrics_skip_tracking":false,"_exactmetrics_sitenote_active":false,"_exactmetrics_sitenote_note":"","_exactmetrics_sitenote_category":0},"product_brand":[],"product_cat":[385],"product_tag":[199],"class_list":{"0":"post-754","1":"product","2":"type-product","3":"status-publish","4":"has-post-thumbnail","6":"product_cat-thrillers-policiers","7":"product_tag-japp-andrea","9":"first","10":"instock","11":"sold-individually","12":"taxable","13":"shipping-taxable","14":"purchasable","15":"product-type-simple"},"acf":[],"yoast_head":"<!-- This site is optimized with the Yoast SEO plugin v26.6 - https:\/\/yoast.com\/wordpress\/plugins\/seo\/ -->\n<title>Dans la t\u00eate, le venin - Le Chtululu<\/title>\n<meta name=\"robots\" content=\"index, follow, max-snippet:-1, max-image-preview:large, max-video-preview:-1\" \/>\n<link rel=\"canonical\" href=\"https:\/\/chtululu.be\/index.php\/produit\/dans-la-tete-le-venin\/\" \/>\n<meta property=\"og:locale\" content=\"fr_FR\" \/>\n<meta property=\"og:type\" content=\"article\" \/>\n<meta property=\"og:title\" content=\"Dans la t\u00eate, le venin - Le Chtululu\" \/>\n<meta property=\"og:description\" content=\"Japp Andrea Diane Silver est une des meilleures profileuses au monde et exerce ses talents \u00e0 Quantico, au FBI.  Traquer les tueurs en s\u00e9rie est pour elle une affaire personnelle : sa fille, Leonor, a \u00e9t\u00e9 tortur\u00e9e et tu\u00e9e. Diane ne parvient toujours pas \u00e0 comprendre. Comment Leonor, si m\u00e9fiante, a-t-elle pu accepter de suivre son assassin ?  Yves, un flic fran\u00e7ais qu\u0092elle a form\u00e9 aux techniques du profilage, est peut-\u00eatre l\u0092unique ami de Diane, dont le caract\u00e8re difficile est notoire.  Il la tient au courant de crimes commis en France avec une rare sauvagerie.  Se pourrait-il qu\u0092il existe un lien entre ces meurtres et ceux commis au Mexique et \u00e0 New York ?  Entre ces affaires internationales, la traque d\u0092un tueur de prostitu\u00e9es dans les rues de Boston, l\u0092assassinat de Leonor peu \u00e0 peu un fil se noue, auquel n\u0092est pas \u00e9tranger le bizarre \u00ab stagiaire \u00bb que le FBI a impos\u00e9 \u00e0 Diane.  Diane va alors ouvrir la bo\u00eete de Pandore, reconstituer le puzzle et remonter jusqu\u0092au pr\u00e9dateur ultime. Et peu lui importent les cons\u00e9quences.\" \/>\n<meta property=\"og:url\" content=\"https:\/\/chtululu.be\/index.php\/produit\/dans-la-tete-le-venin\/\" \/>\n<meta property=\"og:site_name\" content=\"Le Chtululu\" \/>\n<meta property=\"article:modified_time\" content=\"2021-01-30T21:11:06+00:00\" \/>\n<meta property=\"og:image\" content=\"https:\/\/chtululu.be\/wp-content\/uploads\/2017\/01\/dans_la_tete_levenin.gif\" \/>\n\t<meta property=\"og:image:width\" content=\"200\" \/>\n\t<meta property=\"og:image:height\" content=\"316\" \/>\n\t<meta property=\"og:image:type\" content=\"image\/gif\" \/>\n<meta name=\"twitter:card\" content=\"summary_large_image\" \/>\n<script type=\"application\/ld+json\" class=\"yoast-schema-graph\">{\"@context\":\"https:\/\/schema.org\",\"@graph\":[{\"@type\":\"WebPage\",\"@id\":\"https:\/\/chtululu.be\/index.php\/produit\/dans-la-tete-le-venin\/\",\"url\":\"https:\/\/chtululu.be\/index.php\/produit\/dans-la-tete-le-venin\/\",\"name\":\"Dans la t\u00eate, le venin - Le Chtululu\",\"isPartOf\":{\"@id\":\"https:\/\/chtululu.be\/#website\"},\"primaryImageOfPage\":{\"@id\":\"https:\/\/chtululu.be\/index.php\/produit\/dans-la-tete-le-venin\/#primaryimage\"},\"image\":{\"@id\":\"https:\/\/chtululu.be\/index.php\/produit\/dans-la-tete-le-venin\/#primaryimage\"},\"thumbnailUrl\":\"https:\/\/chtululu.be\/wp-content\/uploads\/2017\/01\/dans_la_tete_levenin.gif\",\"datePublished\":\"2017-01-09T20:18:39+00:00\",\"dateModified\":\"2021-01-30T21:11:06+00:00\",\"breadcrumb\":{\"@id\":\"https:\/\/chtululu.be\/index.php\/produit\/dans-la-tete-le-venin\/#breadcrumb\"},\"inLanguage\":\"fr-FR\",\"potentialAction\":[{\"@type\":\"ReadAction\",\"target\":[\"https:\/\/chtululu.be\/index.php\/produit\/dans-la-tete-le-venin\/\"]}]},{\"@type\":\"ImageObject\",\"inLanguage\":\"fr-FR\",\"@id\":\"https:\/\/chtululu.be\/index.php\/produit\/dans-la-tete-le-venin\/#primaryimage\",\"url\":\"https:\/\/chtululu.be\/wp-content\/uploads\/2017\/01\/dans_la_tete_levenin.gif\",\"contentUrl\":\"https:\/\/chtululu.be\/wp-content\/uploads\/2017\/01\/dans_la_tete_levenin.gif\",\"width\":200,\"height\":316},{\"@type\":\"BreadcrumbList\",\"@id\":\"https:\/\/chtululu.be\/index.php\/produit\/dans-la-tete-le-venin\/#breadcrumb\",\"itemListElement\":[{\"@type\":\"ListItem\",\"position\":1,\"name\":\"Accueil\",\"item\":\"https:\/\/chtululu.be\/\"},{\"@type\":\"ListItem\",\"position\":2,\"name\":\"Les livres\",\"item\":\"https:\/\/chtululu.be\/index.php\/livres-doccasion\/\"},{\"@type\":\"ListItem\",\"position\":3,\"name\":\"Dans la t\u00eate, le venin\"}]},{\"@type\":\"WebSite\",\"@id\":\"https:\/\/chtululu.be\/#website\",\"url\":\"https:\/\/chtululu.be\/\",\"name\":\"Le Chtululu\",\"description\":\"Votre librairie de seconde main \u00e0 Soignies\",\"publisher\":{\"@id\":\"https:\/\/chtululu.be\/#organization\"},\"potentialAction\":[{\"@type\":\"SearchAction\",\"target\":{\"@type\":\"EntryPoint\",\"urlTemplate\":\"https:\/\/chtululu.be\/?s={search_term_string}\"},\"query-input\":{\"@type\":\"PropertyValueSpecification\",\"valueRequired\":true,\"valueName\":\"search_term_string\"}}],\"inLanguage\":\"fr-FR\"},{\"@type\":\"Organization\",\"@id\":\"https:\/\/chtululu.be\/#organization\",\"name\":\"Le Chtululu\",\"url\":\"https:\/\/chtululu.be\/\",\"logo\":{\"@type\":\"ImageObject\",\"inLanguage\":\"fr-FR\",\"@id\":\"https:\/\/chtululu.be\/#\/schema\/logo\/image\/\",\"url\":\"https:\/\/chtululu.be\/wp-content\/uploads\/2016\/05\/logo-def-blanc.jpg\",\"contentUrl\":\"https:\/\/chtululu.be\/wp-content\/uploads\/2016\/05\/logo-def-blanc.jpg\",\"width\":2048,\"height\":1901,\"caption\":\"Le Chtululu\"},\"image\":{\"@id\":\"https:\/\/chtululu.be\/#\/schema\/logo\/image\/\"}}]}<\/script>\n<!-- \/ Yoast SEO plugin. -->","yoast_head_json":{"title":"Dans la t\u00eate, le venin - Le Chtululu","robots":{"index":"index","follow":"follow","max-snippet":"max-snippet:-1","max-image-preview":"max-image-preview:large","max-video-preview":"max-video-preview:-1"},"canonical":"https:\/\/chtululu.be\/index.php\/produit\/dans-la-tete-le-venin\/","og_locale":"fr_FR","og_type":"article","og_title":"Dans la t\u00eate, le venin - Le Chtululu","og_description":"Japp Andrea Diane Silver est une des meilleures profileuses au monde et exerce ses talents \u00e0 Quantico, au FBI.  Traquer les tueurs en s\u00e9rie est pour elle une affaire personnelle : sa fille, Leonor, a \u00e9t\u00e9 tortur\u00e9e et tu\u00e9e. Diane ne parvient toujours pas \u00e0 comprendre. Comment Leonor, si m\u00e9fiante, a-t-elle pu accepter de suivre son assassin ?  Yves, un flic fran\u00e7ais qu\u0092elle a form\u00e9 aux techniques du profilage, est peut-\u00eatre l\u0092unique ami de Diane, dont le caract\u00e8re difficile est notoire.  Il la tient au courant de crimes commis en France avec une rare sauvagerie.  Se pourrait-il qu\u0092il existe un lien entre ces meurtres et ceux commis au Mexique et \u00e0 New York ?  Entre ces affaires internationales, la traque d\u0092un tueur de prostitu\u00e9es dans les rues de Boston, l\u0092assassinat de Leonor peu \u00e0 peu un fil se noue, auquel n\u0092est pas \u00e9tranger le bizarre \u00ab stagiaire \u00bb que le FBI a impos\u00e9 \u00e0 Diane.  Diane va alors ouvrir la bo\u00eete de Pandore, reconstituer le puzzle et remonter jusqu\u0092au pr\u00e9dateur ultime. Et peu lui importent les cons\u00e9quences.","og_url":"https:\/\/chtululu.be\/index.php\/produit\/dans-la-tete-le-venin\/","og_site_name":"Le Chtululu","article_modified_time":"2021-01-30T21:11:06+00:00","og_image":[{"width":200,"height":316,"url":"https:\/\/chtululu.be\/wp-content\/uploads\/2017\/01\/dans_la_tete_levenin.gif","type":"image\/gif"}],"twitter_card":"summary_large_image","schema":{"@context":"https:\/\/schema.org","@graph":[{"@type":"WebPage","@id":"https:\/\/chtululu.be\/index.php\/produit\/dans-la-tete-le-venin\/","url":"https:\/\/chtululu.be\/index.php\/produit\/dans-la-tete-le-venin\/","name":"Dans la t\u00eate, le venin - Le Chtululu","isPartOf":{"@id":"https:\/\/chtululu.be\/#website"},"primaryImageOfPage":{"@id":"https:\/\/chtululu.be\/index.php\/produit\/dans-la-tete-le-venin\/#primaryimage"},"image":{"@id":"https:\/\/chtululu.be\/index.php\/produit\/dans-la-tete-le-venin\/#primaryimage"},"thumbnailUrl":"https:\/\/chtululu.be\/wp-content\/uploads\/2017\/01\/dans_la_tete_levenin.gif","datePublished":"2017-01-09T20:18:39+00:00","dateModified":"2021-01-30T21:11:06+00:00","breadcrumb":{"@id":"https:\/\/chtululu.be\/index.php\/produit\/dans-la-tete-le-venin\/#breadcrumb"},"inLanguage":"fr-FR","potentialAction":[{"@type":"ReadAction","target":["https:\/\/chtululu.be\/index.php\/produit\/dans-la-tete-le-venin\/"]}]},{"@type":"ImageObject","inLanguage":"fr-FR","@id":"https:\/\/chtululu.be\/index.php\/produit\/dans-la-tete-le-venin\/#primaryimage","url":"https:\/\/chtululu.be\/wp-content\/uploads\/2017\/01\/dans_la_tete_levenin.gif","contentUrl":"https:\/\/chtululu.be\/wp-content\/uploads\/2017\/01\/dans_la_tete_levenin.gif","width":200,"height":316},{"@type":"BreadcrumbList","@id":"https:\/\/chtululu.be\/index.php\/produit\/dans-la-tete-le-venin\/#breadcrumb","itemListElement":[{"@type":"ListItem","position":1,"name":"Accueil","item":"https:\/\/chtululu.be\/"},{"@type":"ListItem","position":2,"name":"Les livres","item":"https:\/\/chtululu.be\/index.php\/livres-doccasion\/"},{"@type":"ListItem","position":3,"name":"Dans la t\u00eate, le venin"}]},{"@type":"WebSite","@id":"https:\/\/chtululu.be\/#website","url":"https:\/\/chtululu.be\/","name":"Le Chtululu","description":"Votre librairie de seconde main \u00e0 Soignies","publisher":{"@id":"https:\/\/chtululu.be\/#organization"},"potentialAction":[{"@type":"SearchAction","target":{"@type":"EntryPoint","urlTemplate":"https:\/\/chtululu.be\/?s={search_term_string}"},"query-input":{"@type":"PropertyValueSpecification","valueRequired":true,"valueName":"search_term_string"}}],"inLanguage":"fr-FR"},{"@type":"Organization","@id":"https:\/\/chtululu.be\/#organization","name":"Le Chtululu","url":"https:\/\/chtululu.be\/","logo":{"@type":"ImageObject","inLanguage":"fr-FR","@id":"https:\/\/chtululu.be\/#\/schema\/logo\/image\/","url":"https:\/\/chtululu.be\/wp-content\/uploads\/2016\/05\/logo-def-blanc.jpg","contentUrl":"https:\/\/chtululu.be\/wp-content\/uploads\/2016\/05\/logo-def-blanc.jpg","width":2048,"height":1901,"caption":"Le Chtululu"},"image":{"@id":"https:\/\/chtululu.be\/#\/schema\/logo\/image\/"}}]}},"_links":{"self":[{"href":"https:\/\/chtululu.be\/index.php\/wp-json\/wp\/v2\/product\/754","targetHints":{"allow":["GET"]}}],"collection":[{"href":"https:\/\/chtululu.be\/index.php\/wp-json\/wp\/v2\/product"}],"about":[{"href":"https:\/\/chtululu.be\/index.php\/wp-json\/wp\/v2\/types\/product"}],"wp:featuredmedia":[{"embeddable":true,"href":"https:\/\/chtululu.be\/index.php\/wp-json\/wp\/v2\/media\/740"}],"wp:attachment":[{"href":"https:\/\/chtululu.be\/index.php\/wp-json\/wp\/v2\/media?parent=754"}],"wp:term":[{"taxonomy":"product_brand","embeddable":true,"href":"https:\/\/chtululu.be\/index.php\/wp-json\/wp\/v2\/product_brand?post=754"},{"taxonomy":"product_cat","embeddable":true,"href":"https:\/\/chtululu.be\/index.php\/wp-json\/wp\/v2\/product_cat?post=754"},{"taxonomy":"product_tag","embeddable":true,"href":"https:\/\/chtululu.be\/index.php\/wp-json\/wp\/v2\/product_tag?post=754"}],"curies":[{"name":"wp","href":"https:\/\/api.w.org\/{rel}","templated":true}]}}