{"id":737,"date":"2017-01-08T18:17:50","date_gmt":"2017-01-08T17:17:50","guid":{"rendered":"http:\/\/chtululu.be\/index.php\/produit\/les-ames-perdues-dangelkov\/"},"modified":"2017-01-08T18:22:13","modified_gmt":"2017-01-08T17:22:13","slug":"les-ames-perdues-dangelkov","status":"publish","type":"product","link":"https:\/\/chtululu.be\/index.php\/produit\/les-ames-perdues-dangelkov\/","title":{"rendered":"Les \u00e2mes perdues d&rsquo;Angelkov"},"content":{"rendered":"","protected":false},"excerpt":{"rendered":"<p><strong>Holeman Linda<\/strong><br \/>\nDans la Russie des tsars, le destin tourment\u00e9 d\u0092une jeune femme ardente et courageuse<\/p>\n<p>En apparence, la vie de la comtesse Antonina n\u0092est que faste et privil\u00e8ges\u0085 Mais sous le joug d\u0092un p\u00e8re autoritaire, puis d\u0092un mari qu\u0092elle n\u0092a pas choisi, la jeune femme vit le pire des drames lorsque son fils Micha est enlev\u00e9 par une bande de cosaques. Alors que tout la pousse au d\u00e9sespoir, Antonina d\u00e9cide de se battre pour retrouver son enfant, soutenue par Lilia, sa fid\u00e8le servante, et Gricha, le r\u00e9gisseur du domaine au charme troublant. Trouvera-t-elle en elle la force de triompher du sort ?<\/p>\n","protected":false},"featured_media":712,"template":"","meta":{"_acf_changed":false,"_exactmetrics_skip_tracking":false,"_exactmetrics_sitenote_active":false,"_exactmetrics_sitenote_note":"","_exactmetrics_sitenote_category":0},"product_brand":[],"product_cat":[24],"product_tag":[166,167],"class_list":{"0":"post-737","1":"product","2":"type-product","3":"status-publish","4":"has-post-thumbnail","6":"product_cat-roman","7":"product_tag-holeman-linda","8":"product_tag-russie","10":"first","11":"instock","12":"sold-individually","13":"taxable","14":"shipping-taxable","15":"purchasable","16":"product-type-simple"},"acf":[],"yoast_head":"<!-- This site is optimized with the Yoast SEO plugin v26.6 - https:\/\/yoast.com\/wordpress\/plugins\/seo\/ -->\n<title>Les \u00e2mes perdues d&#039;Angelkov - Le Chtululu<\/title>\n<meta name=\"robots\" content=\"index, follow, max-snippet:-1, max-image-preview:large, max-video-preview:-1\" \/>\n<link rel=\"canonical\" href=\"https:\/\/chtululu.be\/index.php\/produit\/les-ames-perdues-dangelkov\/\" \/>\n<meta property=\"og:locale\" content=\"fr_FR\" \/>\n<meta property=\"og:type\" content=\"article\" \/>\n<meta property=\"og:title\" content=\"Les \u00e2mes perdues d&#039;Angelkov - Le Chtululu\" \/>\n<meta property=\"og:description\" content=\"Holeman Linda Dans la Russie des tsars, le destin tourment\u00e9 d\u0092une jeune femme ardente et courageuse  En apparence, la vie de la comtesse Antonina n\u0092est que faste et privil\u00e8ges\u0085 Mais sous le joug d\u0092un p\u00e8re autoritaire, puis d\u0092un mari qu\u0092elle n\u0092a pas choisi, la jeune femme vit le pire des drames lorsque son fils Micha est enlev\u00e9 par une bande de cosaques. Alors que tout la pousse au d\u00e9sespoir, Antonina d\u00e9cide de se battre pour retrouver son enfant, soutenue par Lilia, sa fid\u00e8le servante, et Gricha, le r\u00e9gisseur du domaine au charme troublant. Trouvera-t-elle en elle la force de triompher du sort ?\" \/>\n<meta property=\"og:url\" content=\"https:\/\/chtululu.be\/index.php\/produit\/les-ames-perdues-dangelkov\/\" \/>\n<meta property=\"og:site_name\" content=\"Le Chtululu\" \/>\n<meta property=\"article:modified_time\" content=\"2017-01-08T17:22:13+00:00\" \/>\n<meta property=\"og:image\" content=\"https:\/\/chtululu.be\/wp-content\/uploads\/2017\/01\/les-ames-perdues-d-angelkov.jpg\" \/>\n\t<meta property=\"og:image:width\" content=\"200\" \/>\n\t<meta property=\"og:image:height\" content=\"317\" \/>\n\t<meta property=\"og:image:type\" content=\"image\/jpeg\" \/>\n<meta name=\"twitter:card\" content=\"summary_large_image\" \/>\n<script type=\"application\/ld+json\" class=\"yoast-schema-graph\">{\"@context\":\"https:\/\/schema.org\",\"@graph\":[{\"@type\":\"WebPage\",\"@id\":\"https:\/\/chtululu.be\/index.php\/produit\/les-ames-perdues-dangelkov\/\",\"url\":\"https:\/\/chtululu.be\/index.php\/produit\/les-ames-perdues-dangelkov\/\",\"name\":\"Les \u00e2mes perdues d'Angelkov - Le Chtululu\",\"isPartOf\":{\"@id\":\"https:\/\/chtululu.be\/#website\"},\"primaryImageOfPage\":{\"@id\":\"https:\/\/chtululu.be\/index.php\/produit\/les-ames-perdues-dangelkov\/#primaryimage\"},\"image\":{\"@id\":\"https:\/\/chtululu.be\/index.php\/produit\/les-ames-perdues-dangelkov\/#primaryimage\"},\"thumbnailUrl\":\"https:\/\/chtululu.be\/wp-content\/uploads\/2017\/01\/les-ames-perdues-d-angelkov.jpg\",\"datePublished\":\"2017-01-08T17:17:50+00:00\",\"dateModified\":\"2017-01-08T17:22:13+00:00\",\"breadcrumb\":{\"@id\":\"https:\/\/chtululu.be\/index.php\/produit\/les-ames-perdues-dangelkov\/#breadcrumb\"},\"inLanguage\":\"fr-FR\",\"potentialAction\":[{\"@type\":\"ReadAction\",\"target\":[\"https:\/\/chtululu.be\/index.php\/produit\/les-ames-perdues-dangelkov\/\"]}]},{\"@type\":\"ImageObject\",\"inLanguage\":\"fr-FR\",\"@id\":\"https:\/\/chtululu.be\/index.php\/produit\/les-ames-perdues-dangelkov\/#primaryimage\",\"url\":\"https:\/\/chtululu.be\/wp-content\/uploads\/2017\/01\/les-ames-perdues-d-angelkov.jpg\",\"contentUrl\":\"https:\/\/chtululu.be\/wp-content\/uploads\/2017\/01\/les-ames-perdues-d-angelkov.jpg\",\"width\":200,\"height\":317},{\"@type\":\"BreadcrumbList\",\"@id\":\"https:\/\/chtululu.be\/index.php\/produit\/les-ames-perdues-dangelkov\/#breadcrumb\",\"itemListElement\":[{\"@type\":\"ListItem\",\"position\":1,\"name\":\"Accueil\",\"item\":\"https:\/\/chtululu.be\/\"},{\"@type\":\"ListItem\",\"position\":2,\"name\":\"Les livres\",\"item\":\"https:\/\/chtululu.be\/index.php\/livres-doccasion\/\"},{\"@type\":\"ListItem\",\"position\":3,\"name\":\"Les \u00e2mes perdues d&rsquo;Angelkov\"}]},{\"@type\":\"WebSite\",\"@id\":\"https:\/\/chtululu.be\/#website\",\"url\":\"https:\/\/chtululu.be\/\",\"name\":\"Le Chtululu\",\"description\":\"Votre librairie de seconde main \u00e0 Soignies\",\"publisher\":{\"@id\":\"https:\/\/chtululu.be\/#organization\"},\"potentialAction\":[{\"@type\":\"SearchAction\",\"target\":{\"@type\":\"EntryPoint\",\"urlTemplate\":\"https:\/\/chtululu.be\/?s={search_term_string}\"},\"query-input\":{\"@type\":\"PropertyValueSpecification\",\"valueRequired\":true,\"valueName\":\"search_term_string\"}}],\"inLanguage\":\"fr-FR\"},{\"@type\":\"Organization\",\"@id\":\"https:\/\/chtululu.be\/#organization\",\"name\":\"Le Chtululu\",\"url\":\"https:\/\/chtululu.be\/\",\"logo\":{\"@type\":\"ImageObject\",\"inLanguage\":\"fr-FR\",\"@id\":\"https:\/\/chtululu.be\/#\/schema\/logo\/image\/\",\"url\":\"https:\/\/chtululu.be\/wp-content\/uploads\/2016\/05\/logo-def-blanc.jpg\",\"contentUrl\":\"https:\/\/chtululu.be\/wp-content\/uploads\/2016\/05\/logo-def-blanc.jpg\",\"width\":2048,\"height\":1901,\"caption\":\"Le Chtululu\"},\"image\":{\"@id\":\"https:\/\/chtululu.be\/#\/schema\/logo\/image\/\"}}]}<\/script>\n<!-- \/ Yoast SEO plugin. -->","yoast_head_json":{"title":"Les \u00e2mes perdues d'Angelkov - Le Chtululu","robots":{"index":"index","follow":"follow","max-snippet":"max-snippet:-1","max-image-preview":"max-image-preview:large","max-video-preview":"max-video-preview:-1"},"canonical":"https:\/\/chtululu.be\/index.php\/produit\/les-ames-perdues-dangelkov\/","og_locale":"fr_FR","og_type":"article","og_title":"Les \u00e2mes perdues d'Angelkov - Le Chtululu","og_description":"Holeman Linda Dans la Russie des tsars, le destin tourment\u00e9 d\u0092une jeune femme ardente et courageuse  En apparence, la vie de la comtesse Antonina n\u0092est que faste et privil\u00e8ges\u0085 Mais sous le joug d\u0092un p\u00e8re autoritaire, puis d\u0092un mari qu\u0092elle n\u0092a pas choisi, la jeune femme vit le pire des drames lorsque son fils Micha est enlev\u00e9 par une bande de cosaques. Alors que tout la pousse au d\u00e9sespoir, Antonina d\u00e9cide de se battre pour retrouver son enfant, soutenue par Lilia, sa fid\u00e8le servante, et Gricha, le r\u00e9gisseur du domaine au charme troublant. Trouvera-t-elle en elle la force de triompher du sort ?","og_url":"https:\/\/chtululu.be\/index.php\/produit\/les-ames-perdues-dangelkov\/","og_site_name":"Le Chtululu","article_modified_time":"2017-01-08T17:22:13+00:00","og_image":[{"width":200,"height":317,"url":"https:\/\/chtululu.be\/wp-content\/uploads\/2017\/01\/les-ames-perdues-d-angelkov.jpg","type":"image\/jpeg"}],"twitter_card":"summary_large_image","schema":{"@context":"https:\/\/schema.org","@graph":[{"@type":"WebPage","@id":"https:\/\/chtululu.be\/index.php\/produit\/les-ames-perdues-dangelkov\/","url":"https:\/\/chtululu.be\/index.php\/produit\/les-ames-perdues-dangelkov\/","name":"Les \u00e2mes perdues d'Angelkov - Le Chtululu","isPartOf":{"@id":"https:\/\/chtululu.be\/#website"},"primaryImageOfPage":{"@id":"https:\/\/chtululu.be\/index.php\/produit\/les-ames-perdues-dangelkov\/#primaryimage"},"image":{"@id":"https:\/\/chtululu.be\/index.php\/produit\/les-ames-perdues-dangelkov\/#primaryimage"},"thumbnailUrl":"https:\/\/chtululu.be\/wp-content\/uploads\/2017\/01\/les-ames-perdues-d-angelkov.jpg","datePublished":"2017-01-08T17:17:50+00:00","dateModified":"2017-01-08T17:22:13+00:00","breadcrumb":{"@id":"https:\/\/chtululu.be\/index.php\/produit\/les-ames-perdues-dangelkov\/#breadcrumb"},"inLanguage":"fr-FR","potentialAction":[{"@type":"ReadAction","target":["https:\/\/chtululu.be\/index.php\/produit\/les-ames-perdues-dangelkov\/"]}]},{"@type":"ImageObject","inLanguage":"fr-FR","@id":"https:\/\/chtululu.be\/index.php\/produit\/les-ames-perdues-dangelkov\/#primaryimage","url":"https:\/\/chtululu.be\/wp-content\/uploads\/2017\/01\/les-ames-perdues-d-angelkov.jpg","contentUrl":"https:\/\/chtululu.be\/wp-content\/uploads\/2017\/01\/les-ames-perdues-d-angelkov.jpg","width":200,"height":317},{"@type":"BreadcrumbList","@id":"https:\/\/chtululu.be\/index.php\/produit\/les-ames-perdues-dangelkov\/#breadcrumb","itemListElement":[{"@type":"ListItem","position":1,"name":"Accueil","item":"https:\/\/chtululu.be\/"},{"@type":"ListItem","position":2,"name":"Les livres","item":"https:\/\/chtululu.be\/index.php\/livres-doccasion\/"},{"@type":"ListItem","position":3,"name":"Les \u00e2mes perdues d&rsquo;Angelkov"}]},{"@type":"WebSite","@id":"https:\/\/chtululu.be\/#website","url":"https:\/\/chtululu.be\/","name":"Le Chtululu","description":"Votre librairie de seconde main \u00e0 Soignies","publisher":{"@id":"https:\/\/chtululu.be\/#organization"},"potentialAction":[{"@type":"SearchAction","target":{"@type":"EntryPoint","urlTemplate":"https:\/\/chtululu.be\/?s={search_term_string}"},"query-input":{"@type":"PropertyValueSpecification","valueRequired":true,"valueName":"search_term_string"}}],"inLanguage":"fr-FR"},{"@type":"Organization","@id":"https:\/\/chtululu.be\/#organization","name":"Le Chtululu","url":"https:\/\/chtululu.be\/","logo":{"@type":"ImageObject","inLanguage":"fr-FR","@id":"https:\/\/chtululu.be\/#\/schema\/logo\/image\/","url":"https:\/\/chtululu.be\/wp-content\/uploads\/2016\/05\/logo-def-blanc.jpg","contentUrl":"https:\/\/chtululu.be\/wp-content\/uploads\/2016\/05\/logo-def-blanc.jpg","width":2048,"height":1901,"caption":"Le Chtululu"},"image":{"@id":"https:\/\/chtululu.be\/#\/schema\/logo\/image\/"}}]}},"_links":{"self":[{"href":"https:\/\/chtululu.be\/index.php\/wp-json\/wp\/v2\/product\/737","targetHints":{"allow":["GET"]}}],"collection":[{"href":"https:\/\/chtululu.be\/index.php\/wp-json\/wp\/v2\/product"}],"about":[{"href":"https:\/\/chtululu.be\/index.php\/wp-json\/wp\/v2\/types\/product"}],"wp:featuredmedia":[{"embeddable":true,"href":"https:\/\/chtululu.be\/index.php\/wp-json\/wp\/v2\/media\/712"}],"wp:attachment":[{"href":"https:\/\/chtululu.be\/index.php\/wp-json\/wp\/v2\/media?parent=737"}],"wp:term":[{"taxonomy":"product_brand","embeddable":true,"href":"https:\/\/chtululu.be\/index.php\/wp-json\/wp\/v2\/product_brand?post=737"},{"taxonomy":"product_cat","embeddable":true,"href":"https:\/\/chtululu.be\/index.php\/wp-json\/wp\/v2\/product_cat?post=737"},{"taxonomy":"product_tag","embeddable":true,"href":"https:\/\/chtululu.be\/index.php\/wp-json\/wp\/v2\/product_tag?post=737"}],"curies":[{"name":"wp","href":"https:\/\/api.w.org\/{rel}","templated":true}]}}