{"id":734,"date":"2017-01-08T18:17:48","date_gmt":"2017-01-08T17:17:48","guid":{"rendered":"http:\/\/chtululu.be\/index.php\/produit\/sang-impur\/"},"modified":"2017-01-08T18:26:37","modified_gmt":"2017-01-08T17:26:37","slug":"sang-impur","status":"publish","type":"product","link":"https:\/\/chtululu.be\/index.php\/produit\/sang-impur\/","title":{"rendered":"Sang impur"},"content":{"rendered":"","protected":false},"excerpt":{"rendered":"<p><strong>Hamilton Hugo<\/strong><br \/>\nIssue de l&rsquo;union d&rsquo;une Berlinoise antinazie avec un nationaliste irlandais, une port\u00e9e de gamins grandit dans les quartiers mis\u00e9rables du Dublin des ann\u00e9es 1960. Taloch\u00e9s par un p\u00e8re dont les \u00e9checs affligent tout la famille, les petits Hamilton essuient au dehors les insultes du voisinage. Mais aupr\u00e8s de leur douce m\u00e8re, Hugo, Franz et Maria apprennent le bonheur d&rsquo;\u00eatre en vie, de s&rsquo;aimer et de se serrer fort contre les siens.<\/p>\n","protected":false},"featured_media":709,"template":"","meta":{"_acf_changed":false,"_exactmetrics_skip_tracking":false,"_exactmetrics_sitenote_active":false,"_exactmetrics_sitenote_note":"","_exactmetrics_sitenote_category":0},"product_brand":[],"product_cat":[24],"product_tag":[161,162],"class_list":{"0":"post-734","1":"product","2":"type-product","3":"status-publish","4":"has-post-thumbnail","6":"product_cat-roman","7":"product_tag-hamilton-hugo","8":"product_tag-prix-femina","10":"first","11":"instock","12":"sold-individually","13":"taxable","14":"shipping-taxable","15":"purchasable","16":"product-type-simple"},"acf":[],"yoast_head":"<!-- This site is optimized with the Yoast SEO plugin v26.6 - https:\/\/yoast.com\/wordpress\/plugins\/seo\/ -->\n<title>Sang impur - Le Chtululu<\/title>\n<meta name=\"robots\" content=\"index, follow, max-snippet:-1, max-image-preview:large, max-video-preview:-1\" \/>\n<link rel=\"canonical\" href=\"https:\/\/chtululu.be\/index.php\/produit\/sang-impur\/\" \/>\n<meta property=\"og:locale\" content=\"fr_FR\" \/>\n<meta property=\"og:type\" content=\"article\" \/>\n<meta property=\"og:title\" content=\"Sang impur - Le Chtululu\" \/>\n<meta property=\"og:description\" content=\"Hamilton Hugo Issue de l&#039;union d&#039;une Berlinoise antinazie avec un nationaliste irlandais, une port\u00e9e de gamins grandit dans les quartiers mis\u00e9rables du Dublin des ann\u00e9es 1960. Taloch\u00e9s par un p\u00e8re dont les \u00e9checs affligent tout la famille, les petits Hamilton essuient au dehors les insultes du voisinage. Mais aupr\u00e8s de leur douce m\u00e8re, Hugo, Franz et Maria apprennent le bonheur d&#039;\u00eatre en vie, de s&#039;aimer et de se serrer fort contre les siens.\" \/>\n<meta property=\"og:url\" content=\"https:\/\/chtululu.be\/index.php\/produit\/sang-impur\/\" \/>\n<meta property=\"og:site_name\" content=\"Le Chtululu\" \/>\n<meta property=\"article:modified_time\" content=\"2017-01-08T17:26:37+00:00\" \/>\n<meta property=\"og:image\" content=\"https:\/\/chtululu.be\/wp-content\/uploads\/2017\/01\/sang_impur.jpg\" \/>\n\t<meta property=\"og:image:width\" content=\"200\" \/>\n\t<meta property=\"og:image:height\" content=\"288\" \/>\n\t<meta property=\"og:image:type\" content=\"image\/jpeg\" \/>\n<meta name=\"twitter:card\" content=\"summary_large_image\" \/>\n<script type=\"application\/ld+json\" class=\"yoast-schema-graph\">{\"@context\":\"https:\/\/schema.org\",\"@graph\":[{\"@type\":\"WebPage\",\"@id\":\"https:\/\/chtululu.be\/index.php\/produit\/sang-impur\/\",\"url\":\"https:\/\/chtululu.be\/index.php\/produit\/sang-impur\/\",\"name\":\"Sang impur - Le Chtululu\",\"isPartOf\":{\"@id\":\"https:\/\/chtululu.be\/#website\"},\"primaryImageOfPage\":{\"@id\":\"https:\/\/chtululu.be\/index.php\/produit\/sang-impur\/#primaryimage\"},\"image\":{\"@id\":\"https:\/\/chtululu.be\/index.php\/produit\/sang-impur\/#primaryimage\"},\"thumbnailUrl\":\"https:\/\/chtululu.be\/wp-content\/uploads\/2017\/01\/sang_impur.jpg\",\"datePublished\":\"2017-01-08T17:17:48+00:00\",\"dateModified\":\"2017-01-08T17:26:37+00:00\",\"breadcrumb\":{\"@id\":\"https:\/\/chtululu.be\/index.php\/produit\/sang-impur\/#breadcrumb\"},\"inLanguage\":\"fr-FR\",\"potentialAction\":[{\"@type\":\"ReadAction\",\"target\":[\"https:\/\/chtululu.be\/index.php\/produit\/sang-impur\/\"]}]},{\"@type\":\"ImageObject\",\"inLanguage\":\"fr-FR\",\"@id\":\"https:\/\/chtululu.be\/index.php\/produit\/sang-impur\/#primaryimage\",\"url\":\"https:\/\/chtululu.be\/wp-content\/uploads\/2017\/01\/sang_impur.jpg\",\"contentUrl\":\"https:\/\/chtululu.be\/wp-content\/uploads\/2017\/01\/sang_impur.jpg\",\"width\":200,\"height\":288},{\"@type\":\"BreadcrumbList\",\"@id\":\"https:\/\/chtululu.be\/index.php\/produit\/sang-impur\/#breadcrumb\",\"itemListElement\":[{\"@type\":\"ListItem\",\"position\":1,\"name\":\"Accueil\",\"item\":\"https:\/\/chtululu.be\/\"},{\"@type\":\"ListItem\",\"position\":2,\"name\":\"Les livres\",\"item\":\"https:\/\/chtululu.be\/index.php\/livres-doccasion\/\"},{\"@type\":\"ListItem\",\"position\":3,\"name\":\"Sang impur\"}]},{\"@type\":\"WebSite\",\"@id\":\"https:\/\/chtululu.be\/#website\",\"url\":\"https:\/\/chtululu.be\/\",\"name\":\"Le Chtululu\",\"description\":\"Votre librairie de seconde main \u00e0 Soignies\",\"publisher\":{\"@id\":\"https:\/\/chtululu.be\/#organization\"},\"potentialAction\":[{\"@type\":\"SearchAction\",\"target\":{\"@type\":\"EntryPoint\",\"urlTemplate\":\"https:\/\/chtululu.be\/?s={search_term_string}\"},\"query-input\":{\"@type\":\"PropertyValueSpecification\",\"valueRequired\":true,\"valueName\":\"search_term_string\"}}],\"inLanguage\":\"fr-FR\"},{\"@type\":\"Organization\",\"@id\":\"https:\/\/chtululu.be\/#organization\",\"name\":\"Le Chtululu\",\"url\":\"https:\/\/chtululu.be\/\",\"logo\":{\"@type\":\"ImageObject\",\"inLanguage\":\"fr-FR\",\"@id\":\"https:\/\/chtululu.be\/#\/schema\/logo\/image\/\",\"url\":\"https:\/\/chtululu.be\/wp-content\/uploads\/2016\/05\/logo-def-blanc.jpg\",\"contentUrl\":\"https:\/\/chtululu.be\/wp-content\/uploads\/2016\/05\/logo-def-blanc.jpg\",\"width\":2048,\"height\":1901,\"caption\":\"Le Chtululu\"},\"image\":{\"@id\":\"https:\/\/chtululu.be\/#\/schema\/logo\/image\/\"}}]}<\/script>\n<!-- \/ Yoast SEO plugin. -->","yoast_head_json":{"title":"Sang impur - Le Chtululu","robots":{"index":"index","follow":"follow","max-snippet":"max-snippet:-1","max-image-preview":"max-image-preview:large","max-video-preview":"max-video-preview:-1"},"canonical":"https:\/\/chtululu.be\/index.php\/produit\/sang-impur\/","og_locale":"fr_FR","og_type":"article","og_title":"Sang impur - Le Chtululu","og_description":"Hamilton Hugo Issue de l'union d'une Berlinoise antinazie avec un nationaliste irlandais, une port\u00e9e de gamins grandit dans les quartiers mis\u00e9rables du Dublin des ann\u00e9es 1960. Taloch\u00e9s par un p\u00e8re dont les \u00e9checs affligent tout la famille, les petits Hamilton essuient au dehors les insultes du voisinage. Mais aupr\u00e8s de leur douce m\u00e8re, Hugo, Franz et Maria apprennent le bonheur d'\u00eatre en vie, de s'aimer et de se serrer fort contre les siens.","og_url":"https:\/\/chtululu.be\/index.php\/produit\/sang-impur\/","og_site_name":"Le Chtululu","article_modified_time":"2017-01-08T17:26:37+00:00","og_image":[{"width":200,"height":288,"url":"https:\/\/chtululu.be\/wp-content\/uploads\/2017\/01\/sang_impur.jpg","type":"image\/jpeg"}],"twitter_card":"summary_large_image","schema":{"@context":"https:\/\/schema.org","@graph":[{"@type":"WebPage","@id":"https:\/\/chtululu.be\/index.php\/produit\/sang-impur\/","url":"https:\/\/chtululu.be\/index.php\/produit\/sang-impur\/","name":"Sang impur - Le Chtululu","isPartOf":{"@id":"https:\/\/chtululu.be\/#website"},"primaryImageOfPage":{"@id":"https:\/\/chtululu.be\/index.php\/produit\/sang-impur\/#primaryimage"},"image":{"@id":"https:\/\/chtululu.be\/index.php\/produit\/sang-impur\/#primaryimage"},"thumbnailUrl":"https:\/\/chtululu.be\/wp-content\/uploads\/2017\/01\/sang_impur.jpg","datePublished":"2017-01-08T17:17:48+00:00","dateModified":"2017-01-08T17:26:37+00:00","breadcrumb":{"@id":"https:\/\/chtululu.be\/index.php\/produit\/sang-impur\/#breadcrumb"},"inLanguage":"fr-FR","potentialAction":[{"@type":"ReadAction","target":["https:\/\/chtululu.be\/index.php\/produit\/sang-impur\/"]}]},{"@type":"ImageObject","inLanguage":"fr-FR","@id":"https:\/\/chtululu.be\/index.php\/produit\/sang-impur\/#primaryimage","url":"https:\/\/chtululu.be\/wp-content\/uploads\/2017\/01\/sang_impur.jpg","contentUrl":"https:\/\/chtululu.be\/wp-content\/uploads\/2017\/01\/sang_impur.jpg","width":200,"height":288},{"@type":"BreadcrumbList","@id":"https:\/\/chtululu.be\/index.php\/produit\/sang-impur\/#breadcrumb","itemListElement":[{"@type":"ListItem","position":1,"name":"Accueil","item":"https:\/\/chtululu.be\/"},{"@type":"ListItem","position":2,"name":"Les livres","item":"https:\/\/chtululu.be\/index.php\/livres-doccasion\/"},{"@type":"ListItem","position":3,"name":"Sang impur"}]},{"@type":"WebSite","@id":"https:\/\/chtululu.be\/#website","url":"https:\/\/chtululu.be\/","name":"Le Chtululu","description":"Votre librairie de seconde main \u00e0 Soignies","publisher":{"@id":"https:\/\/chtululu.be\/#organization"},"potentialAction":[{"@type":"SearchAction","target":{"@type":"EntryPoint","urlTemplate":"https:\/\/chtululu.be\/?s={search_term_string}"},"query-input":{"@type":"PropertyValueSpecification","valueRequired":true,"valueName":"search_term_string"}}],"inLanguage":"fr-FR"},{"@type":"Organization","@id":"https:\/\/chtululu.be\/#organization","name":"Le Chtululu","url":"https:\/\/chtululu.be\/","logo":{"@type":"ImageObject","inLanguage":"fr-FR","@id":"https:\/\/chtululu.be\/#\/schema\/logo\/image\/","url":"https:\/\/chtululu.be\/wp-content\/uploads\/2016\/05\/logo-def-blanc.jpg","contentUrl":"https:\/\/chtululu.be\/wp-content\/uploads\/2016\/05\/logo-def-blanc.jpg","width":2048,"height":1901,"caption":"Le Chtululu"},"image":{"@id":"https:\/\/chtululu.be\/#\/schema\/logo\/image\/"}}]}},"_links":{"self":[{"href":"https:\/\/chtululu.be\/index.php\/wp-json\/wp\/v2\/product\/734","targetHints":{"allow":["GET"]}}],"collection":[{"href":"https:\/\/chtululu.be\/index.php\/wp-json\/wp\/v2\/product"}],"about":[{"href":"https:\/\/chtululu.be\/index.php\/wp-json\/wp\/v2\/types\/product"}],"wp:featuredmedia":[{"embeddable":true,"href":"https:\/\/chtululu.be\/index.php\/wp-json\/wp\/v2\/media\/709"}],"wp:attachment":[{"href":"https:\/\/chtululu.be\/index.php\/wp-json\/wp\/v2\/media?parent=734"}],"wp:term":[{"taxonomy":"product_brand","embeddable":true,"href":"https:\/\/chtululu.be\/index.php\/wp-json\/wp\/v2\/product_brand?post=734"},{"taxonomy":"product_cat","embeddable":true,"href":"https:\/\/chtululu.be\/index.php\/wp-json\/wp\/v2\/product_cat?post=734"},{"taxonomy":"product_tag","embeddable":true,"href":"https:\/\/chtululu.be\/index.php\/wp-json\/wp\/v2\/product_tag?post=734"}],"curies":[{"name":"wp","href":"https:\/\/api.w.org\/{rel}","templated":true}]}}