{"id":726,"date":"2017-01-08T18:17:41","date_gmt":"2017-01-08T17:17:41","guid":{"rendered":"http:\/\/chtululu.be\/index.php\/produit\/geisha\/"},"modified":"2017-02-05T20:35:06","modified_gmt":"2017-02-05T19:35:06","slug":"geisha","status":"publish","type":"product","link":"https:\/\/chtululu.be\/index.php\/produit\/geisha\/","title":{"rendered":"Geisha"},"content":{"rendered":"","protected":false},"excerpt":{"rendered":"<p><strong>Golden Arthur<\/strong><br \/>\nYoroido: un modeste village de p\u00eacheurs dans le Japon des ann\u00e9es trente. La petite Chiyo-chan y coule une enfance pauvre mais heureuse entre ses parents et sa grande soeur, Satsu. Mais un cancer ronge en silence les os de sa m\u00e8re, sur le point de mourir. Le p\u00e8re est si vieux et d\u00e9j\u00e0 si perdu qu&rsquo;il accepte la proposition de M. Tanaka. Les deux jeunes filles partent bient\u00f4t pour Kyoto, parmi d&rsquo;autres enfants vendus. Chiyo-chan est si belle avec ses yeux d&rsquo;eau \u00ab\u00a0comme si quelqu&rsquo;un y avait perc\u00e9 un trou et que l&rsquo;encre avait coul\u00e9\u00a0\u00bb qu&rsquo;on l&#8217;emm\u00e8ne dans une \u00e9cole de geishas. Elle deviendra Sayuri, l&rsquo;une des geishas ou courtisanes les plus appr\u00e9ci\u00e9es de la ville, excellant dans l&rsquo;art du chant, de la danse et de l&rsquo;amour, ma\u00eetrisant parfaitement la science de la toilette et du th\u00e9.<\/p>\n","protected":false},"featured_media":708,"template":"","meta":{"_acf_changed":false,"_exactmetrics_skip_tracking":false,"_exactmetrics_sitenote_active":false,"_exactmetrics_sitenote_note":"","_exactmetrics_sitenote_category":0},"product_brand":[],"product_cat":[24],"product_tag":[155,153,154],"class_list":{"0":"post-726","1":"product","2":"type-product","3":"status-publish","4":"has-post-thumbnail","6":"product_cat-roman","7":"product_tag-adaptation-au-cinema","8":"product_tag-golden-arthur","9":"product_tag-japon","11":"first","12":"instock","13":"sold-individually","14":"taxable","15":"shipping-taxable","16":"purchasable","17":"product-type-simple"},"acf":[],"yoast_head":"<!-- This site is optimized with the Yoast SEO plugin v26.6 - https:\/\/yoast.com\/wordpress\/plugins\/seo\/ -->\n<title>Geisha - Le Chtululu<\/title>\n<meta name=\"robots\" content=\"index, follow, max-snippet:-1, max-image-preview:large, max-video-preview:-1\" \/>\n<link rel=\"canonical\" href=\"https:\/\/chtululu.be\/index.php\/produit\/geisha\/\" \/>\n<meta property=\"og:locale\" content=\"fr_FR\" \/>\n<meta property=\"og:type\" content=\"article\" \/>\n<meta property=\"og:title\" content=\"Geisha - Le Chtululu\" \/>\n<meta property=\"og:description\" content=\"Golden Arthur Yoroido: un modeste village de p\u00eacheurs dans le Japon des ann\u00e9es trente. La petite Chiyo-chan y coule une enfance pauvre mais heureuse entre ses parents et sa grande soeur, Satsu. Mais un cancer ronge en silence les os de sa m\u00e8re, sur le point de mourir. Le p\u00e8re est si vieux et d\u00e9j\u00e0 si perdu qu&#039;il accepte la proposition de M. Tanaka. Les deux jeunes filles partent bient\u00f4t pour Kyoto, parmi d&#039;autres enfants vendus. Chiyo-chan est si belle avec ses yeux d&#039;eau &quot;comme si quelqu&#039;un y avait perc\u00e9 un trou et que l&#039;encre avait coul\u00e9&quot; qu&#039;on l&#039;emm\u00e8ne dans une \u00e9cole de geishas. Elle deviendra Sayuri, l&#039;une des geishas ou courtisanes les plus appr\u00e9ci\u00e9es de la ville, excellant dans l&#039;art du chant, de la danse et de l&#039;amour, ma\u00eetrisant parfaitement la science de la toilette et du th\u00e9.\" \/>\n<meta property=\"og:url\" content=\"https:\/\/chtululu.be\/index.php\/produit\/geisha\/\" \/>\n<meta property=\"og:site_name\" content=\"Le Chtululu\" \/>\n<meta property=\"article:modified_time\" content=\"2017-02-05T19:35:06+00:00\" \/>\n<meta property=\"og:image\" content=\"https:\/\/chtululu.be\/wp-content\/uploads\/2017\/01\/geisha.jpg\" \/>\n\t<meta property=\"og:image:width\" content=\"200\" \/>\n\t<meta property=\"og:image:height\" content=\"309\" \/>\n\t<meta property=\"og:image:type\" content=\"image\/jpeg\" \/>\n<meta name=\"twitter:card\" content=\"summary_large_image\" \/>\n<script type=\"application\/ld+json\" class=\"yoast-schema-graph\">{\"@context\":\"https:\/\/schema.org\",\"@graph\":[{\"@type\":\"WebPage\",\"@id\":\"https:\/\/chtululu.be\/index.php\/produit\/geisha\/\",\"url\":\"https:\/\/chtululu.be\/index.php\/produit\/geisha\/\",\"name\":\"Geisha - Le Chtululu\",\"isPartOf\":{\"@id\":\"https:\/\/chtululu.be\/#website\"},\"primaryImageOfPage\":{\"@id\":\"https:\/\/chtululu.be\/index.php\/produit\/geisha\/#primaryimage\"},\"image\":{\"@id\":\"https:\/\/chtululu.be\/index.php\/produit\/geisha\/#primaryimage\"},\"thumbnailUrl\":\"https:\/\/chtululu.be\/wp-content\/uploads\/2017\/01\/geisha.jpg\",\"datePublished\":\"2017-01-08T17:17:41+00:00\",\"dateModified\":\"2017-02-05T19:35:06+00:00\",\"breadcrumb\":{\"@id\":\"https:\/\/chtululu.be\/index.php\/produit\/geisha\/#breadcrumb\"},\"inLanguage\":\"fr-FR\",\"potentialAction\":[{\"@type\":\"ReadAction\",\"target\":[\"https:\/\/chtululu.be\/index.php\/produit\/geisha\/\"]}]},{\"@type\":\"ImageObject\",\"inLanguage\":\"fr-FR\",\"@id\":\"https:\/\/chtululu.be\/index.php\/produit\/geisha\/#primaryimage\",\"url\":\"https:\/\/chtululu.be\/wp-content\/uploads\/2017\/01\/geisha.jpg\",\"contentUrl\":\"https:\/\/chtululu.be\/wp-content\/uploads\/2017\/01\/geisha.jpg\",\"width\":200,\"height\":309},{\"@type\":\"BreadcrumbList\",\"@id\":\"https:\/\/chtululu.be\/index.php\/produit\/geisha\/#breadcrumb\",\"itemListElement\":[{\"@type\":\"ListItem\",\"position\":1,\"name\":\"Accueil\",\"item\":\"https:\/\/chtululu.be\/\"},{\"@type\":\"ListItem\",\"position\":2,\"name\":\"Les livres\",\"item\":\"https:\/\/chtululu.be\/index.php\/livres-doccasion\/\"},{\"@type\":\"ListItem\",\"position\":3,\"name\":\"Geisha\"}]},{\"@type\":\"WebSite\",\"@id\":\"https:\/\/chtululu.be\/#website\",\"url\":\"https:\/\/chtululu.be\/\",\"name\":\"Le Chtululu\",\"description\":\"Votre librairie de seconde main \u00e0 Soignies\",\"publisher\":{\"@id\":\"https:\/\/chtululu.be\/#organization\"},\"potentialAction\":[{\"@type\":\"SearchAction\",\"target\":{\"@type\":\"EntryPoint\",\"urlTemplate\":\"https:\/\/chtululu.be\/?s={search_term_string}\"},\"query-input\":{\"@type\":\"PropertyValueSpecification\",\"valueRequired\":true,\"valueName\":\"search_term_string\"}}],\"inLanguage\":\"fr-FR\"},{\"@type\":\"Organization\",\"@id\":\"https:\/\/chtululu.be\/#organization\",\"name\":\"Le Chtululu\",\"url\":\"https:\/\/chtululu.be\/\",\"logo\":{\"@type\":\"ImageObject\",\"inLanguage\":\"fr-FR\",\"@id\":\"https:\/\/chtululu.be\/#\/schema\/logo\/image\/\",\"url\":\"https:\/\/chtululu.be\/wp-content\/uploads\/2016\/05\/logo-def-blanc.jpg\",\"contentUrl\":\"https:\/\/chtululu.be\/wp-content\/uploads\/2016\/05\/logo-def-blanc.jpg\",\"width\":2048,\"height\":1901,\"caption\":\"Le Chtululu\"},\"image\":{\"@id\":\"https:\/\/chtululu.be\/#\/schema\/logo\/image\/\"}}]}<\/script>\n<!-- \/ Yoast SEO plugin. -->","yoast_head_json":{"title":"Geisha - Le Chtululu","robots":{"index":"index","follow":"follow","max-snippet":"max-snippet:-1","max-image-preview":"max-image-preview:large","max-video-preview":"max-video-preview:-1"},"canonical":"https:\/\/chtululu.be\/index.php\/produit\/geisha\/","og_locale":"fr_FR","og_type":"article","og_title":"Geisha - Le Chtululu","og_description":"Golden Arthur Yoroido: un modeste village de p\u00eacheurs dans le Japon des ann\u00e9es trente. La petite Chiyo-chan y coule une enfance pauvre mais heureuse entre ses parents et sa grande soeur, Satsu. Mais un cancer ronge en silence les os de sa m\u00e8re, sur le point de mourir. Le p\u00e8re est si vieux et d\u00e9j\u00e0 si perdu qu'il accepte la proposition de M. Tanaka. Les deux jeunes filles partent bient\u00f4t pour Kyoto, parmi d'autres enfants vendus. Chiyo-chan est si belle avec ses yeux d'eau \"comme si quelqu'un y avait perc\u00e9 un trou et que l'encre avait coul\u00e9\" qu'on l'emm\u00e8ne dans une \u00e9cole de geishas. Elle deviendra Sayuri, l'une des geishas ou courtisanes les plus appr\u00e9ci\u00e9es de la ville, excellant dans l'art du chant, de la danse et de l'amour, ma\u00eetrisant parfaitement la science de la toilette et du th\u00e9.","og_url":"https:\/\/chtululu.be\/index.php\/produit\/geisha\/","og_site_name":"Le Chtululu","article_modified_time":"2017-02-05T19:35:06+00:00","og_image":[{"width":200,"height":309,"url":"https:\/\/chtululu.be\/wp-content\/uploads\/2017\/01\/geisha.jpg","type":"image\/jpeg"}],"twitter_card":"summary_large_image","schema":{"@context":"https:\/\/schema.org","@graph":[{"@type":"WebPage","@id":"https:\/\/chtululu.be\/index.php\/produit\/geisha\/","url":"https:\/\/chtululu.be\/index.php\/produit\/geisha\/","name":"Geisha - Le Chtululu","isPartOf":{"@id":"https:\/\/chtululu.be\/#website"},"primaryImageOfPage":{"@id":"https:\/\/chtululu.be\/index.php\/produit\/geisha\/#primaryimage"},"image":{"@id":"https:\/\/chtululu.be\/index.php\/produit\/geisha\/#primaryimage"},"thumbnailUrl":"https:\/\/chtululu.be\/wp-content\/uploads\/2017\/01\/geisha.jpg","datePublished":"2017-01-08T17:17:41+00:00","dateModified":"2017-02-05T19:35:06+00:00","breadcrumb":{"@id":"https:\/\/chtululu.be\/index.php\/produit\/geisha\/#breadcrumb"},"inLanguage":"fr-FR","potentialAction":[{"@type":"ReadAction","target":["https:\/\/chtululu.be\/index.php\/produit\/geisha\/"]}]},{"@type":"ImageObject","inLanguage":"fr-FR","@id":"https:\/\/chtululu.be\/index.php\/produit\/geisha\/#primaryimage","url":"https:\/\/chtululu.be\/wp-content\/uploads\/2017\/01\/geisha.jpg","contentUrl":"https:\/\/chtululu.be\/wp-content\/uploads\/2017\/01\/geisha.jpg","width":200,"height":309},{"@type":"BreadcrumbList","@id":"https:\/\/chtululu.be\/index.php\/produit\/geisha\/#breadcrumb","itemListElement":[{"@type":"ListItem","position":1,"name":"Accueil","item":"https:\/\/chtululu.be\/"},{"@type":"ListItem","position":2,"name":"Les livres","item":"https:\/\/chtululu.be\/index.php\/livres-doccasion\/"},{"@type":"ListItem","position":3,"name":"Geisha"}]},{"@type":"WebSite","@id":"https:\/\/chtululu.be\/#website","url":"https:\/\/chtululu.be\/","name":"Le Chtululu","description":"Votre librairie de seconde main \u00e0 Soignies","publisher":{"@id":"https:\/\/chtululu.be\/#organization"},"potentialAction":[{"@type":"SearchAction","target":{"@type":"EntryPoint","urlTemplate":"https:\/\/chtululu.be\/?s={search_term_string}"},"query-input":{"@type":"PropertyValueSpecification","valueRequired":true,"valueName":"search_term_string"}}],"inLanguage":"fr-FR"},{"@type":"Organization","@id":"https:\/\/chtululu.be\/#organization","name":"Le Chtululu","url":"https:\/\/chtululu.be\/","logo":{"@type":"ImageObject","inLanguage":"fr-FR","@id":"https:\/\/chtululu.be\/#\/schema\/logo\/image\/","url":"https:\/\/chtululu.be\/wp-content\/uploads\/2016\/05\/logo-def-blanc.jpg","contentUrl":"https:\/\/chtululu.be\/wp-content\/uploads\/2016\/05\/logo-def-blanc.jpg","width":2048,"height":1901,"caption":"Le Chtululu"},"image":{"@id":"https:\/\/chtululu.be\/#\/schema\/logo\/image\/"}}]}},"_links":{"self":[{"href":"https:\/\/chtululu.be\/index.php\/wp-json\/wp\/v2\/product\/726","targetHints":{"allow":["GET"]}}],"collection":[{"href":"https:\/\/chtululu.be\/index.php\/wp-json\/wp\/v2\/product"}],"about":[{"href":"https:\/\/chtululu.be\/index.php\/wp-json\/wp\/v2\/types\/product"}],"wp:featuredmedia":[{"embeddable":true,"href":"https:\/\/chtululu.be\/index.php\/wp-json\/wp\/v2\/media\/708"}],"wp:attachment":[{"href":"https:\/\/chtululu.be\/index.php\/wp-json\/wp\/v2\/media?parent=726"}],"wp:term":[{"taxonomy":"product_brand","embeddable":true,"href":"https:\/\/chtululu.be\/index.php\/wp-json\/wp\/v2\/product_brand?post=726"},{"taxonomy":"product_cat","embeddable":true,"href":"https:\/\/chtululu.be\/index.php\/wp-json\/wp\/v2\/product_cat?post=726"},{"taxonomy":"product_tag","embeddable":true,"href":"https:\/\/chtululu.be\/index.php\/wp-json\/wp\/v2\/product_tag?post=726"}],"curies":[{"name":"wp","href":"https:\/\/api.w.org\/{rel}","templated":true}]}}