{"id":724,"date":"2017-01-08T18:17:39","date_gmt":"2017-01-08T17:17:39","guid":{"rendered":"http:\/\/chtululu.be\/index.php\/produit\/lambitieuse\/"},"modified":"2017-01-08T18:39:32","modified_gmt":"2017-01-08T17:39:32","slug":"lambitieuse","status":"publish","type":"product","link":"https:\/\/chtululu.be\/index.php\/produit\/lambitieuse\/","title":{"rendered":"L&rsquo;ambitieuse"},"content":{"rendered":"","protected":false},"excerpt":{"rendered":"<p><strong>Gallo Max<\/strong><br \/>\nL&rsquo;une s&rsquo;appelle Aurore. L&rsquo;autre Isabelle. Ce sont deux soeurs. Elles ont eu vingt ans dans les ann\u00e9es 70 quand, pour la premi\u00e8re fois, la vie semblait offrir aux jeunes femmes toutes les libert\u00e9s. Elles ont grandi dans une province rude et belle, le Jura, proches de la nature. L&rsquo;une montait un cheval noir, l&rsquo;autre un cheval fauve. Elles aimaient la vie avec violence. Elles voulaient \u00e9prouver toutes les passions, puisque l&rsquo;\u00e9poque effa\u00e7ait la vieille morale qu&rsquo;on leur avait inculqu\u00e9e dans le pensionnat catholique o\u00f9 elles avaient pass\u00e9 leur enfance. Elles allaient avec fougue rechercher l&rsquo;amour, allant d&rsquo;un homme \u00e0 l&rsquo;autre, se m\u00ealer \u00e0 tous les \u00e9v\u00e9nements, en conna\u00eetre les acteurs. L&rsquo;une, Aurore, avocate. L&rsquo;autre, Isabelle, inspectrice des finances, engag\u00e9e dans l&rsquo;aventure politique, gagnant sa place au coeur du pouvoir, \u00e0 l&rsquo;Elys\u00e9e, \u00e0 partir de 1981.<\/p>\n<p>Maintenant, Aurore et Isabelle ont pass\u00e9 la quarantaine. C&rsquo;est le moment d&rsquo;un premier bilan de leurs amours, de leurs carri\u00e8res. Ont-elles pay\u00e9 trop cher leurs ambitions? Cela valait-il la peine?<\/p>\n<p>Max Gallo raconte ces vies entrecrois\u00e9es, et, parce que le destin des femmes a \u00e9t\u00e9, durant ces deux derni\u00e8res d\u00e9cennies, le plus boulevers\u00e9 par l&rsquo;\u00e9volution des moeurs, il brosse ainsi un tableau des passions, des \u00e9lans et des tourments de la soci\u00e9t\u00e9 fran\u00e7aise d&rsquo;aujourd&rsquo;hui.<\/p>\n","protected":false},"featured_media":711,"template":"","meta":{"_acf_changed":false,"_exactmetrics_skip_tracking":false,"_exactmetrics_sitenote_active":false,"_exactmetrics_sitenote_note":"","_exactmetrics_sitenote_category":0},"product_brand":[],"product_cat":[24],"product_tag":[151],"class_list":{"0":"post-724","1":"product","2":"type-product","3":"status-publish","4":"has-post-thumbnail","6":"product_cat-roman","7":"product_tag-gallo-max","9":"first","10":"instock","11":"sold-individually","12":"taxable","13":"shipping-taxable","14":"purchasable","15":"product-type-simple"},"acf":[],"yoast_head":"<!-- This site is optimized with the Yoast SEO plugin v26.6 - https:\/\/yoast.com\/wordpress\/plugins\/seo\/ -->\n<title>L&#039;ambitieuse - Le Chtululu<\/title>\n<meta name=\"robots\" content=\"index, follow, max-snippet:-1, max-image-preview:large, max-video-preview:-1\" \/>\n<link rel=\"canonical\" href=\"https:\/\/chtululu.be\/index.php\/produit\/lambitieuse\/\" \/>\n<meta property=\"og:locale\" content=\"fr_FR\" \/>\n<meta property=\"og:type\" content=\"article\" \/>\n<meta property=\"og:title\" content=\"L&#039;ambitieuse - Le Chtululu\" \/>\n<meta property=\"og:description\" content=\"Gallo Max L&#039;une s&#039;appelle Aurore. L&#039;autre Isabelle. Ce sont deux soeurs. Elles ont eu vingt ans dans les ann\u00e9es 70 quand, pour la premi\u00e8re fois, la vie semblait offrir aux jeunes femmes toutes les libert\u00e9s. Elles ont grandi dans une province rude et belle, le Jura, proches de la nature. L&#039;une montait un cheval noir, l&#039;autre un cheval fauve. Elles aimaient la vie avec violence. Elles voulaient \u00e9prouver toutes les passions, puisque l&#039;\u00e9poque effa\u00e7ait la vieille morale qu&#039;on leur avait inculqu\u00e9e dans le pensionnat catholique o\u00f9 elles avaient pass\u00e9 leur enfance. Elles allaient avec fougue rechercher l&#039;amour, allant d&#039;un homme \u00e0 l&#039;autre, se m\u00ealer \u00e0 tous les \u00e9v\u00e9nements, en conna\u00eetre les acteurs. L&#039;une, Aurore, avocate. L&#039;autre, Isabelle, inspectrice des finances, engag\u00e9e dans l&#039;aventure politique, gagnant sa place au coeur du pouvoir, \u00e0 l&#039;Elys\u00e9e, \u00e0 partir de 1981.  Maintenant, Aurore et Isabelle ont pass\u00e9 la quarantaine. C&#039;est le moment d&#039;un premier bilan de leurs amours, de leurs carri\u00e8res. Ont-elles pay\u00e9 trop cher leurs ambitions? Cela valait-il la peine?  Max Gallo raconte ces vies entrecrois\u00e9es, et, parce que le destin des femmes a \u00e9t\u00e9, durant ces deux derni\u00e8res d\u00e9cennies, le plus boulevers\u00e9 par l&#039;\u00e9volution des moeurs, il brosse ainsi un tableau des passions, des \u00e9lans et des tourments de la soci\u00e9t\u00e9 fran\u00e7aise d&#039;aujourd&#039;hui.\" \/>\n<meta property=\"og:url\" content=\"https:\/\/chtululu.be\/index.php\/produit\/lambitieuse\/\" \/>\n<meta property=\"og:site_name\" content=\"Le Chtululu\" \/>\n<meta property=\"article:modified_time\" content=\"2017-01-08T17:39:32+00:00\" \/>\n<meta property=\"og:image\" content=\"https:\/\/chtululu.be\/wp-content\/uploads\/2017\/01\/ambitieuse.jpg\" \/>\n\t<meta property=\"og:image:width\" content=\"200\" \/>\n\t<meta property=\"og:image:height\" content=\"310\" \/>\n\t<meta property=\"og:image:type\" content=\"image\/jpeg\" \/>\n<meta name=\"twitter:card\" content=\"summary_large_image\" \/>\n<script type=\"application\/ld+json\" class=\"yoast-schema-graph\">{\"@context\":\"https:\/\/schema.org\",\"@graph\":[{\"@type\":\"WebPage\",\"@id\":\"https:\/\/chtululu.be\/index.php\/produit\/lambitieuse\/\",\"url\":\"https:\/\/chtululu.be\/index.php\/produit\/lambitieuse\/\",\"name\":\"L'ambitieuse - Le Chtululu\",\"isPartOf\":{\"@id\":\"https:\/\/chtululu.be\/#website\"},\"primaryImageOfPage\":{\"@id\":\"https:\/\/chtululu.be\/index.php\/produit\/lambitieuse\/#primaryimage\"},\"image\":{\"@id\":\"https:\/\/chtululu.be\/index.php\/produit\/lambitieuse\/#primaryimage\"},\"thumbnailUrl\":\"https:\/\/chtululu.be\/wp-content\/uploads\/2017\/01\/ambitieuse.jpg\",\"datePublished\":\"2017-01-08T17:17:39+00:00\",\"dateModified\":\"2017-01-08T17:39:32+00:00\",\"breadcrumb\":{\"@id\":\"https:\/\/chtululu.be\/index.php\/produit\/lambitieuse\/#breadcrumb\"},\"inLanguage\":\"fr-FR\",\"potentialAction\":[{\"@type\":\"ReadAction\",\"target\":[\"https:\/\/chtululu.be\/index.php\/produit\/lambitieuse\/\"]}]},{\"@type\":\"ImageObject\",\"inLanguage\":\"fr-FR\",\"@id\":\"https:\/\/chtululu.be\/index.php\/produit\/lambitieuse\/#primaryimage\",\"url\":\"https:\/\/chtululu.be\/wp-content\/uploads\/2017\/01\/ambitieuse.jpg\",\"contentUrl\":\"https:\/\/chtululu.be\/wp-content\/uploads\/2017\/01\/ambitieuse.jpg\",\"width\":200,\"height\":310,\"caption\":\"hdr\"},{\"@type\":\"BreadcrumbList\",\"@id\":\"https:\/\/chtululu.be\/index.php\/produit\/lambitieuse\/#breadcrumb\",\"itemListElement\":[{\"@type\":\"ListItem\",\"position\":1,\"name\":\"Accueil\",\"item\":\"https:\/\/chtululu.be\/\"},{\"@type\":\"ListItem\",\"position\":2,\"name\":\"Les livres\",\"item\":\"https:\/\/chtululu.be\/index.php\/livres-doccasion\/\"},{\"@type\":\"ListItem\",\"position\":3,\"name\":\"L&rsquo;ambitieuse\"}]},{\"@type\":\"WebSite\",\"@id\":\"https:\/\/chtululu.be\/#website\",\"url\":\"https:\/\/chtululu.be\/\",\"name\":\"Le Chtululu\",\"description\":\"Votre librairie de seconde main \u00e0 Soignies\",\"publisher\":{\"@id\":\"https:\/\/chtululu.be\/#organization\"},\"potentialAction\":[{\"@type\":\"SearchAction\",\"target\":{\"@type\":\"EntryPoint\",\"urlTemplate\":\"https:\/\/chtululu.be\/?s={search_term_string}\"},\"query-input\":{\"@type\":\"PropertyValueSpecification\",\"valueRequired\":true,\"valueName\":\"search_term_string\"}}],\"inLanguage\":\"fr-FR\"},{\"@type\":\"Organization\",\"@id\":\"https:\/\/chtululu.be\/#organization\",\"name\":\"Le Chtululu\",\"url\":\"https:\/\/chtululu.be\/\",\"logo\":{\"@type\":\"ImageObject\",\"inLanguage\":\"fr-FR\",\"@id\":\"https:\/\/chtululu.be\/#\/schema\/logo\/image\/\",\"url\":\"https:\/\/chtululu.be\/wp-content\/uploads\/2016\/05\/logo-def-blanc.jpg\",\"contentUrl\":\"https:\/\/chtululu.be\/wp-content\/uploads\/2016\/05\/logo-def-blanc.jpg\",\"width\":2048,\"height\":1901,\"caption\":\"Le Chtululu\"},\"image\":{\"@id\":\"https:\/\/chtululu.be\/#\/schema\/logo\/image\/\"}}]}<\/script>\n<!-- \/ Yoast SEO plugin. -->","yoast_head_json":{"title":"L'ambitieuse - Le Chtululu","robots":{"index":"index","follow":"follow","max-snippet":"max-snippet:-1","max-image-preview":"max-image-preview:large","max-video-preview":"max-video-preview:-1"},"canonical":"https:\/\/chtululu.be\/index.php\/produit\/lambitieuse\/","og_locale":"fr_FR","og_type":"article","og_title":"L'ambitieuse - Le Chtululu","og_description":"Gallo Max L'une s'appelle Aurore. L'autre Isabelle. Ce sont deux soeurs. Elles ont eu vingt ans dans les ann\u00e9es 70 quand, pour la premi\u00e8re fois, la vie semblait offrir aux jeunes femmes toutes les libert\u00e9s. Elles ont grandi dans une province rude et belle, le Jura, proches de la nature. L'une montait un cheval noir, l'autre un cheval fauve. Elles aimaient la vie avec violence. Elles voulaient \u00e9prouver toutes les passions, puisque l'\u00e9poque effa\u00e7ait la vieille morale qu'on leur avait inculqu\u00e9e dans le pensionnat catholique o\u00f9 elles avaient pass\u00e9 leur enfance. Elles allaient avec fougue rechercher l'amour, allant d'un homme \u00e0 l'autre, se m\u00ealer \u00e0 tous les \u00e9v\u00e9nements, en conna\u00eetre les acteurs. L'une, Aurore, avocate. L'autre, Isabelle, inspectrice des finances, engag\u00e9e dans l'aventure politique, gagnant sa place au coeur du pouvoir, \u00e0 l'Elys\u00e9e, \u00e0 partir de 1981.  Maintenant, Aurore et Isabelle ont pass\u00e9 la quarantaine. C'est le moment d'un premier bilan de leurs amours, de leurs carri\u00e8res. Ont-elles pay\u00e9 trop cher leurs ambitions? Cela valait-il la peine?  Max Gallo raconte ces vies entrecrois\u00e9es, et, parce que le destin des femmes a \u00e9t\u00e9, durant ces deux derni\u00e8res d\u00e9cennies, le plus boulevers\u00e9 par l'\u00e9volution des moeurs, il brosse ainsi un tableau des passions, des \u00e9lans et des tourments de la soci\u00e9t\u00e9 fran\u00e7aise d'aujourd'hui.","og_url":"https:\/\/chtululu.be\/index.php\/produit\/lambitieuse\/","og_site_name":"Le Chtululu","article_modified_time":"2017-01-08T17:39:32+00:00","og_image":[{"width":200,"height":310,"url":"https:\/\/chtululu.be\/wp-content\/uploads\/2017\/01\/ambitieuse.jpg","type":"image\/jpeg"}],"twitter_card":"summary_large_image","schema":{"@context":"https:\/\/schema.org","@graph":[{"@type":"WebPage","@id":"https:\/\/chtululu.be\/index.php\/produit\/lambitieuse\/","url":"https:\/\/chtululu.be\/index.php\/produit\/lambitieuse\/","name":"L'ambitieuse - Le Chtululu","isPartOf":{"@id":"https:\/\/chtululu.be\/#website"},"primaryImageOfPage":{"@id":"https:\/\/chtululu.be\/index.php\/produit\/lambitieuse\/#primaryimage"},"image":{"@id":"https:\/\/chtululu.be\/index.php\/produit\/lambitieuse\/#primaryimage"},"thumbnailUrl":"https:\/\/chtululu.be\/wp-content\/uploads\/2017\/01\/ambitieuse.jpg","datePublished":"2017-01-08T17:17:39+00:00","dateModified":"2017-01-08T17:39:32+00:00","breadcrumb":{"@id":"https:\/\/chtululu.be\/index.php\/produit\/lambitieuse\/#breadcrumb"},"inLanguage":"fr-FR","potentialAction":[{"@type":"ReadAction","target":["https:\/\/chtululu.be\/index.php\/produit\/lambitieuse\/"]}]},{"@type":"ImageObject","inLanguage":"fr-FR","@id":"https:\/\/chtululu.be\/index.php\/produit\/lambitieuse\/#primaryimage","url":"https:\/\/chtululu.be\/wp-content\/uploads\/2017\/01\/ambitieuse.jpg","contentUrl":"https:\/\/chtululu.be\/wp-content\/uploads\/2017\/01\/ambitieuse.jpg","width":200,"height":310,"caption":"hdr"},{"@type":"BreadcrumbList","@id":"https:\/\/chtululu.be\/index.php\/produit\/lambitieuse\/#breadcrumb","itemListElement":[{"@type":"ListItem","position":1,"name":"Accueil","item":"https:\/\/chtululu.be\/"},{"@type":"ListItem","position":2,"name":"Les livres","item":"https:\/\/chtululu.be\/index.php\/livres-doccasion\/"},{"@type":"ListItem","position":3,"name":"L&rsquo;ambitieuse"}]},{"@type":"WebSite","@id":"https:\/\/chtululu.be\/#website","url":"https:\/\/chtululu.be\/","name":"Le Chtululu","description":"Votre librairie de seconde main \u00e0 Soignies","publisher":{"@id":"https:\/\/chtululu.be\/#organization"},"potentialAction":[{"@type":"SearchAction","target":{"@type":"EntryPoint","urlTemplate":"https:\/\/chtululu.be\/?s={search_term_string}"},"query-input":{"@type":"PropertyValueSpecification","valueRequired":true,"valueName":"search_term_string"}}],"inLanguage":"fr-FR"},{"@type":"Organization","@id":"https:\/\/chtululu.be\/#organization","name":"Le Chtululu","url":"https:\/\/chtululu.be\/","logo":{"@type":"ImageObject","inLanguage":"fr-FR","@id":"https:\/\/chtululu.be\/#\/schema\/logo\/image\/","url":"https:\/\/chtululu.be\/wp-content\/uploads\/2016\/05\/logo-def-blanc.jpg","contentUrl":"https:\/\/chtululu.be\/wp-content\/uploads\/2016\/05\/logo-def-blanc.jpg","width":2048,"height":1901,"caption":"Le Chtululu"},"image":{"@id":"https:\/\/chtululu.be\/#\/schema\/logo\/image\/"}}]}},"_links":{"self":[{"href":"https:\/\/chtululu.be\/index.php\/wp-json\/wp\/v2\/product\/724","targetHints":{"allow":["GET"]}}],"collection":[{"href":"https:\/\/chtululu.be\/index.php\/wp-json\/wp\/v2\/product"}],"about":[{"href":"https:\/\/chtululu.be\/index.php\/wp-json\/wp\/v2\/types\/product"}],"wp:featuredmedia":[{"embeddable":true,"href":"https:\/\/chtululu.be\/index.php\/wp-json\/wp\/v2\/media\/711"}],"wp:attachment":[{"href":"https:\/\/chtululu.be\/index.php\/wp-json\/wp\/v2\/media?parent=724"}],"wp:term":[{"taxonomy":"product_brand","embeddable":true,"href":"https:\/\/chtululu.be\/index.php\/wp-json\/wp\/v2\/product_brand?post=724"},{"taxonomy":"product_cat","embeddable":true,"href":"https:\/\/chtululu.be\/index.php\/wp-json\/wp\/v2\/product_cat?post=724"},{"taxonomy":"product_tag","embeddable":true,"href":"https:\/\/chtululu.be\/index.php\/wp-json\/wp\/v2\/product_tag?post=724"}],"curies":[{"name":"wp","href":"https:\/\/api.w.org\/{rel}","templated":true}]}}