{"id":702,"date":"2017-01-07T20:22:08","date_gmt":"2017-01-07T19:22:08","guid":{"rendered":"http:\/\/chtululu.be\/index.php\/produit\/un-barrage-contre-le-pacifique\/"},"modified":"2017-01-07T20:27:15","modified_gmt":"2017-01-07T19:27:15","slug":"un-barrage-contre-le-pacifique","status":"publish","type":"product","link":"https:\/\/chtululu.be\/index.php\/produit\/un-barrage-contre-le-pacifique\/","title":{"rendered":"Un barrage contre le Pacifique"},"content":{"rendered":"","protected":false},"excerpt":{"rendered":"<p><strong>Duras Marguerite<\/strong><br \/>\n\u00ab\u00a0\u00c9crivain consid\u00e9rable, assur\u00e9ment, dont la musique unique est troublante comme une confidence \u00e0 peine murmur\u00e9e. On l&rsquo;a raill\u00e9e, on l&rsquo;a pastich\u00e9e, mais on n&rsquo;a jamais \u00e9gal\u00e9 Marguerite Duras\u00a0\u00bb. Fran\u00e7oise Giroud<\/p>\n","protected":false},"featured_media":682,"template":"","meta":{"_acf_changed":false,"_exactmetrics_skip_tracking":false,"_exactmetrics_sitenote_active":false,"_exactmetrics_sitenote_note":"","_exactmetrics_sitenote_category":0},"product_brand":[],"product_cat":[24],"product_tag":[120],"class_list":{"0":"post-702","1":"product","2":"type-product","3":"status-publish","4":"has-post-thumbnail","6":"product_cat-roman","7":"product_tag-duras-marguerite","9":"first","10":"instock","11":"sold-individually","12":"taxable","13":"shipping-taxable","14":"purchasable","15":"product-type-simple"},"acf":[],"yoast_head":"<!-- This site is optimized with the Yoast SEO plugin v26.6 - https:\/\/yoast.com\/wordpress\/plugins\/seo\/ -->\n<title>Un barrage contre le Pacifique - Le Chtululu<\/title>\n<meta name=\"robots\" content=\"index, follow, max-snippet:-1, max-image-preview:large, max-video-preview:-1\" \/>\n<link rel=\"canonical\" href=\"https:\/\/chtululu.be\/index.php\/produit\/un-barrage-contre-le-pacifique\/\" \/>\n<meta property=\"og:locale\" content=\"fr_FR\" \/>\n<meta property=\"og:type\" content=\"article\" \/>\n<meta property=\"og:title\" content=\"Un barrage contre le Pacifique - Le Chtululu\" \/>\n<meta property=\"og:description\" content=\"Duras Marguerite &quot;\u00c9crivain consid\u00e9rable, assur\u00e9ment, dont la musique unique est troublante comme une confidence \u00e0 peine murmur\u00e9e. On l&#039;a raill\u00e9e, on l&#039;a pastich\u00e9e, mais on n&#039;a jamais \u00e9gal\u00e9 Marguerite Duras&quot;. Fran\u00e7oise Giroud\" \/>\n<meta property=\"og:url\" content=\"https:\/\/chtululu.be\/index.php\/produit\/un-barrage-contre-le-pacifique\/\" \/>\n<meta property=\"og:site_name\" content=\"Le Chtululu\" \/>\n<meta property=\"article:modified_time\" content=\"2017-01-07T19:27:15+00:00\" \/>\n<meta property=\"og:image\" content=\"https:\/\/chtululu.be\/wp-content\/uploads\/2017\/01\/Un_barrage_contre_le_Pacifique.jpg\" \/>\n\t<meta property=\"og:image:width\" content=\"200\" \/>\n\t<meta property=\"og:image:height\" content=\"309\" \/>\n\t<meta property=\"og:image:type\" content=\"image\/jpeg\" \/>\n<meta name=\"twitter:card\" content=\"summary_large_image\" \/>\n<script type=\"application\/ld+json\" class=\"yoast-schema-graph\">{\"@context\":\"https:\/\/schema.org\",\"@graph\":[{\"@type\":\"WebPage\",\"@id\":\"https:\/\/chtululu.be\/index.php\/produit\/un-barrage-contre-le-pacifique\/\",\"url\":\"https:\/\/chtululu.be\/index.php\/produit\/un-barrage-contre-le-pacifique\/\",\"name\":\"Un barrage contre le Pacifique - Le Chtululu\",\"isPartOf\":{\"@id\":\"https:\/\/chtululu.be\/#website\"},\"primaryImageOfPage\":{\"@id\":\"https:\/\/chtululu.be\/index.php\/produit\/un-barrage-contre-le-pacifique\/#primaryimage\"},\"image\":{\"@id\":\"https:\/\/chtululu.be\/index.php\/produit\/un-barrage-contre-le-pacifique\/#primaryimage\"},\"thumbnailUrl\":\"https:\/\/chtululu.be\/wp-content\/uploads\/2017\/01\/Un_barrage_contre_le_Pacifique.jpg\",\"datePublished\":\"2017-01-07T19:22:08+00:00\",\"dateModified\":\"2017-01-07T19:27:15+00:00\",\"breadcrumb\":{\"@id\":\"https:\/\/chtululu.be\/index.php\/produit\/un-barrage-contre-le-pacifique\/#breadcrumb\"},\"inLanguage\":\"fr-FR\",\"potentialAction\":[{\"@type\":\"ReadAction\",\"target\":[\"https:\/\/chtululu.be\/index.php\/produit\/un-barrage-contre-le-pacifique\/\"]}]},{\"@type\":\"ImageObject\",\"inLanguage\":\"fr-FR\",\"@id\":\"https:\/\/chtululu.be\/index.php\/produit\/un-barrage-contre-le-pacifique\/#primaryimage\",\"url\":\"https:\/\/chtululu.be\/wp-content\/uploads\/2017\/01\/Un_barrage_contre_le_Pacifique.jpg\",\"contentUrl\":\"https:\/\/chtululu.be\/wp-content\/uploads\/2017\/01\/Un_barrage_contre_le_Pacifique.jpg\",\"width\":200,\"height\":309},{\"@type\":\"BreadcrumbList\",\"@id\":\"https:\/\/chtululu.be\/index.php\/produit\/un-barrage-contre-le-pacifique\/#breadcrumb\",\"itemListElement\":[{\"@type\":\"ListItem\",\"position\":1,\"name\":\"Accueil\",\"item\":\"https:\/\/chtululu.be\/\"},{\"@type\":\"ListItem\",\"position\":2,\"name\":\"Les livres\",\"item\":\"https:\/\/chtululu.be\/index.php\/livres-doccasion\/\"},{\"@type\":\"ListItem\",\"position\":3,\"name\":\"Un barrage contre le Pacifique\"}]},{\"@type\":\"WebSite\",\"@id\":\"https:\/\/chtululu.be\/#website\",\"url\":\"https:\/\/chtululu.be\/\",\"name\":\"Le Chtululu\",\"description\":\"Votre librairie de seconde main \u00e0 Soignies\",\"publisher\":{\"@id\":\"https:\/\/chtululu.be\/#organization\"},\"potentialAction\":[{\"@type\":\"SearchAction\",\"target\":{\"@type\":\"EntryPoint\",\"urlTemplate\":\"https:\/\/chtululu.be\/?s={search_term_string}\"},\"query-input\":{\"@type\":\"PropertyValueSpecification\",\"valueRequired\":true,\"valueName\":\"search_term_string\"}}],\"inLanguage\":\"fr-FR\"},{\"@type\":\"Organization\",\"@id\":\"https:\/\/chtululu.be\/#organization\",\"name\":\"Le Chtululu\",\"url\":\"https:\/\/chtululu.be\/\",\"logo\":{\"@type\":\"ImageObject\",\"inLanguage\":\"fr-FR\",\"@id\":\"https:\/\/chtululu.be\/#\/schema\/logo\/image\/\",\"url\":\"https:\/\/chtululu.be\/wp-content\/uploads\/2016\/05\/logo-def-blanc.jpg\",\"contentUrl\":\"https:\/\/chtululu.be\/wp-content\/uploads\/2016\/05\/logo-def-blanc.jpg\",\"width\":2048,\"height\":1901,\"caption\":\"Le Chtululu\"},\"image\":{\"@id\":\"https:\/\/chtululu.be\/#\/schema\/logo\/image\/\"}}]}<\/script>\n<!-- \/ Yoast SEO plugin. -->","yoast_head_json":{"title":"Un barrage contre le Pacifique - Le Chtululu","robots":{"index":"index","follow":"follow","max-snippet":"max-snippet:-1","max-image-preview":"max-image-preview:large","max-video-preview":"max-video-preview:-1"},"canonical":"https:\/\/chtululu.be\/index.php\/produit\/un-barrage-contre-le-pacifique\/","og_locale":"fr_FR","og_type":"article","og_title":"Un barrage contre le Pacifique - Le Chtululu","og_description":"Duras Marguerite \"\u00c9crivain consid\u00e9rable, assur\u00e9ment, dont la musique unique est troublante comme une confidence \u00e0 peine murmur\u00e9e. On l'a raill\u00e9e, on l'a pastich\u00e9e, mais on n'a jamais \u00e9gal\u00e9 Marguerite Duras\". Fran\u00e7oise Giroud","og_url":"https:\/\/chtululu.be\/index.php\/produit\/un-barrage-contre-le-pacifique\/","og_site_name":"Le Chtululu","article_modified_time":"2017-01-07T19:27:15+00:00","og_image":[{"width":200,"height":309,"url":"https:\/\/chtululu.be\/wp-content\/uploads\/2017\/01\/Un_barrage_contre_le_Pacifique.jpg","type":"image\/jpeg"}],"twitter_card":"summary_large_image","schema":{"@context":"https:\/\/schema.org","@graph":[{"@type":"WebPage","@id":"https:\/\/chtululu.be\/index.php\/produit\/un-barrage-contre-le-pacifique\/","url":"https:\/\/chtululu.be\/index.php\/produit\/un-barrage-contre-le-pacifique\/","name":"Un barrage contre le Pacifique - Le Chtululu","isPartOf":{"@id":"https:\/\/chtululu.be\/#website"},"primaryImageOfPage":{"@id":"https:\/\/chtululu.be\/index.php\/produit\/un-barrage-contre-le-pacifique\/#primaryimage"},"image":{"@id":"https:\/\/chtululu.be\/index.php\/produit\/un-barrage-contre-le-pacifique\/#primaryimage"},"thumbnailUrl":"https:\/\/chtululu.be\/wp-content\/uploads\/2017\/01\/Un_barrage_contre_le_Pacifique.jpg","datePublished":"2017-01-07T19:22:08+00:00","dateModified":"2017-01-07T19:27:15+00:00","breadcrumb":{"@id":"https:\/\/chtululu.be\/index.php\/produit\/un-barrage-contre-le-pacifique\/#breadcrumb"},"inLanguage":"fr-FR","potentialAction":[{"@type":"ReadAction","target":["https:\/\/chtululu.be\/index.php\/produit\/un-barrage-contre-le-pacifique\/"]}]},{"@type":"ImageObject","inLanguage":"fr-FR","@id":"https:\/\/chtululu.be\/index.php\/produit\/un-barrage-contre-le-pacifique\/#primaryimage","url":"https:\/\/chtululu.be\/wp-content\/uploads\/2017\/01\/Un_barrage_contre_le_Pacifique.jpg","contentUrl":"https:\/\/chtululu.be\/wp-content\/uploads\/2017\/01\/Un_barrage_contre_le_Pacifique.jpg","width":200,"height":309},{"@type":"BreadcrumbList","@id":"https:\/\/chtululu.be\/index.php\/produit\/un-barrage-contre-le-pacifique\/#breadcrumb","itemListElement":[{"@type":"ListItem","position":1,"name":"Accueil","item":"https:\/\/chtululu.be\/"},{"@type":"ListItem","position":2,"name":"Les livres","item":"https:\/\/chtululu.be\/index.php\/livres-doccasion\/"},{"@type":"ListItem","position":3,"name":"Un barrage contre le Pacifique"}]},{"@type":"WebSite","@id":"https:\/\/chtululu.be\/#website","url":"https:\/\/chtululu.be\/","name":"Le Chtululu","description":"Votre librairie de seconde main \u00e0 Soignies","publisher":{"@id":"https:\/\/chtululu.be\/#organization"},"potentialAction":[{"@type":"SearchAction","target":{"@type":"EntryPoint","urlTemplate":"https:\/\/chtululu.be\/?s={search_term_string}"},"query-input":{"@type":"PropertyValueSpecification","valueRequired":true,"valueName":"search_term_string"}}],"inLanguage":"fr-FR"},{"@type":"Organization","@id":"https:\/\/chtululu.be\/#organization","name":"Le Chtululu","url":"https:\/\/chtululu.be\/","logo":{"@type":"ImageObject","inLanguage":"fr-FR","@id":"https:\/\/chtululu.be\/#\/schema\/logo\/image\/","url":"https:\/\/chtululu.be\/wp-content\/uploads\/2016\/05\/logo-def-blanc.jpg","contentUrl":"https:\/\/chtululu.be\/wp-content\/uploads\/2016\/05\/logo-def-blanc.jpg","width":2048,"height":1901,"caption":"Le Chtululu"},"image":{"@id":"https:\/\/chtululu.be\/#\/schema\/logo\/image\/"}}]}},"_links":{"self":[{"href":"https:\/\/chtululu.be\/index.php\/wp-json\/wp\/v2\/product\/702","targetHints":{"allow":["GET"]}}],"collection":[{"href":"https:\/\/chtululu.be\/index.php\/wp-json\/wp\/v2\/product"}],"about":[{"href":"https:\/\/chtululu.be\/index.php\/wp-json\/wp\/v2\/types\/product"}],"wp:featuredmedia":[{"embeddable":true,"href":"https:\/\/chtululu.be\/index.php\/wp-json\/wp\/v2\/media\/682"}],"wp:attachment":[{"href":"https:\/\/chtululu.be\/index.php\/wp-json\/wp\/v2\/media?parent=702"}],"wp:term":[{"taxonomy":"product_brand","embeddable":true,"href":"https:\/\/chtululu.be\/index.php\/wp-json\/wp\/v2\/product_brand?post=702"},{"taxonomy":"product_cat","embeddable":true,"href":"https:\/\/chtululu.be\/index.php\/wp-json\/wp\/v2\/product_cat?post=702"},{"taxonomy":"product_tag","embeddable":true,"href":"https:\/\/chtululu.be\/index.php\/wp-json\/wp\/v2\/product_tag?post=702"}],"curies":[{"name":"wp","href":"https:\/\/api.w.org\/{rel}","templated":true}]}}