{"id":701,"date":"2017-01-07T20:22:08","date_gmt":"2017-01-07T19:22:08","guid":{"rendered":"http:\/\/chtululu.be\/index.php\/produit\/et-pourtant-nous-etions-heureux\/"},"modified":"2021-01-30T22:06:21","modified_gmt":"2021-01-30T21:06:21","slug":"et-pourtant-nous-etions-heureux","status":"publish","type":"product","link":"https:\/\/chtululu.be\/index.php\/produit\/et-pourtant-nous-etions-heureux\/","title":{"rendered":"Et pourtant nous \u00e9tions heureux"},"content":{"rendered":"","protected":false},"excerpt":{"rendered":"<p><strong>Duquesne Jacques<\/strong><br \/>\nJ\u0092 ai longtemps h\u00e9sit\u00e9 avant d\u0092\u00e9crire ce livre. Mes souvenirs d\u0092enfance sont uniques, certes, mais la plupart n\u0092ont rien d\u0092original. Il y eut la bataille de Dunkerque bien s\u00fbr, et la guerre. Le reste, c\u0092est la vie d\u0092une famille du peuple dans le Nord industriel, la vie d\u0092une rue, d\u0092un quartier que l\u0092on dirait aujourd\u0092hui \u00ab sensible \u00bb, d\u0092un monde disparu. Je m\u0092agace parfois d\u0092entendre parler de m\u00e9moire ; la r\u00e9p\u00e9tition de ce mot, toujours repris, m\u0092\u00e9nerve autant qu\u0092une rengaine. Je ne suis pas non plus tr\u00e8s port\u00e9 \u00e0 faire confidence. Mais les gens de ma rue, les miens, ont m\u00e9rit\u00e9 que l\u0092on parle d\u0092eux aussi. Ce que les humbles ont v\u00e9cu doit laisser une trace. Pourquoi chercher d\u0092autres justifications ? J\u0092\u00e9cris ce livre parce que le d\u00e9sir m\u0092en a pris. Et je voudrais le commencer par cette affirmation : en d\u00e9pit de ce que l\u0092on vient de lire, ou de ce que l\u0092on va lire parfois, nous avons connu le bonheur.<\/p>\n","protected":false},"featured_media":675,"template":"","meta":{"_acf_changed":false,"_exactmetrics_skip_tracking":false,"_exactmetrics_sitenote_active":false,"_exactmetrics_sitenote_note":"","_exactmetrics_sitenote_category":0},"product_brand":[],"product_cat":[24],"product_tag":[119],"class_list":{"0":"post-701","1":"product","2":"type-product","3":"status-publish","4":"has-post-thumbnail","6":"product_cat-roman","7":"product_tag-duquesne-jacques","9":"first","10":"instock","11":"taxable","12":"shipping-taxable","13":"purchasable","14":"product-type-simple"},"acf":[],"yoast_head":"<!-- This site is optimized with the Yoast SEO plugin v26.6 - https:\/\/yoast.com\/wordpress\/plugins\/seo\/ -->\n<title>Et pourtant nous \u00e9tions heureux - Le Chtululu<\/title>\n<meta name=\"robots\" content=\"index, follow, max-snippet:-1, max-image-preview:large, max-video-preview:-1\" \/>\n<link rel=\"canonical\" href=\"https:\/\/chtululu.be\/index.php\/produit\/et-pourtant-nous-etions-heureux\/\" \/>\n<meta property=\"og:locale\" content=\"fr_FR\" \/>\n<meta property=\"og:type\" content=\"article\" \/>\n<meta property=\"og:title\" content=\"Et pourtant nous \u00e9tions heureux - Le Chtululu\" \/>\n<meta property=\"og:description\" content=\"Duquesne Jacques J\u0092 ai longtemps h\u00e9sit\u00e9 avant d\u0092\u00e9crire ce livre. Mes souvenirs d\u0092enfance sont uniques, certes, mais la plupart n\u0092ont rien d\u0092original. Il y eut la bataille de Dunkerque bien s\u00fbr, et la guerre. Le reste, c\u0092est la vie d\u0092une famille du peuple dans le Nord industriel, la vie d\u0092une rue, d\u0092un quartier que l\u0092on dirait aujourd\u0092hui \u00ab sensible \u00bb, d\u0092un monde disparu. Je m\u0092agace parfois d\u0092entendre parler de m\u00e9moire ; la r\u00e9p\u00e9tition de ce mot, toujours repris, m\u0092\u00e9nerve autant qu\u0092une rengaine. Je ne suis pas non plus tr\u00e8s port\u00e9 \u00e0 faire confidence. Mais les gens de ma rue, les miens, ont m\u00e9rit\u00e9 que l\u0092on parle d\u0092eux aussi. Ce que les humbles ont v\u00e9cu doit laisser une trace. Pourquoi chercher d\u0092autres justifications ? J\u0092\u00e9cris ce livre parce que le d\u00e9sir m\u0092en a pris. Et je voudrais le commencer par cette affirmation : en d\u00e9pit de ce que l\u0092on vient de lire, ou de ce que l\u0092on va lire parfois, nous avons connu le bonheur.\" \/>\n<meta property=\"og:url\" content=\"https:\/\/chtululu.be\/index.php\/produit\/et-pourtant-nous-etions-heureux\/\" \/>\n<meta property=\"og:site_name\" content=\"Le Chtululu\" \/>\n<meta property=\"article:modified_time\" content=\"2021-01-30T21:06:21+00:00\" \/>\n<meta property=\"og:image\" content=\"https:\/\/chtululu.be\/wp-content\/uploads\/2017\/01\/Et_pourtant_nous_etions_heureux.jpg\" \/>\n\t<meta property=\"og:image:width\" content=\"200\" \/>\n\t<meta property=\"og:image:height\" content=\"307\" \/>\n\t<meta property=\"og:image:type\" content=\"image\/jpeg\" \/>\n<meta name=\"twitter:card\" content=\"summary_large_image\" \/>\n<script type=\"application\/ld+json\" class=\"yoast-schema-graph\">{\"@context\":\"https:\/\/schema.org\",\"@graph\":[{\"@type\":\"WebPage\",\"@id\":\"https:\/\/chtululu.be\/index.php\/produit\/et-pourtant-nous-etions-heureux\/\",\"url\":\"https:\/\/chtululu.be\/index.php\/produit\/et-pourtant-nous-etions-heureux\/\",\"name\":\"Et pourtant nous \u00e9tions heureux - Le Chtululu\",\"isPartOf\":{\"@id\":\"https:\/\/chtululu.be\/#website\"},\"primaryImageOfPage\":{\"@id\":\"https:\/\/chtululu.be\/index.php\/produit\/et-pourtant-nous-etions-heureux\/#primaryimage\"},\"image\":{\"@id\":\"https:\/\/chtululu.be\/index.php\/produit\/et-pourtant-nous-etions-heureux\/#primaryimage\"},\"thumbnailUrl\":\"https:\/\/chtululu.be\/wp-content\/uploads\/2017\/01\/Et_pourtant_nous_etions_heureux.jpg\",\"datePublished\":\"2017-01-07T19:22:08+00:00\",\"dateModified\":\"2021-01-30T21:06:21+00:00\",\"breadcrumb\":{\"@id\":\"https:\/\/chtululu.be\/index.php\/produit\/et-pourtant-nous-etions-heureux\/#breadcrumb\"},\"inLanguage\":\"fr-FR\",\"potentialAction\":[{\"@type\":\"ReadAction\",\"target\":[\"https:\/\/chtululu.be\/index.php\/produit\/et-pourtant-nous-etions-heureux\/\"]}]},{\"@type\":\"ImageObject\",\"inLanguage\":\"fr-FR\",\"@id\":\"https:\/\/chtululu.be\/index.php\/produit\/et-pourtant-nous-etions-heureux\/#primaryimage\",\"url\":\"https:\/\/chtululu.be\/wp-content\/uploads\/2017\/01\/Et_pourtant_nous_etions_heureux.jpg\",\"contentUrl\":\"https:\/\/chtululu.be\/wp-content\/uploads\/2017\/01\/Et_pourtant_nous_etions_heureux.jpg\",\"width\":200,\"height\":307},{\"@type\":\"BreadcrumbList\",\"@id\":\"https:\/\/chtululu.be\/index.php\/produit\/et-pourtant-nous-etions-heureux\/#breadcrumb\",\"itemListElement\":[{\"@type\":\"ListItem\",\"position\":1,\"name\":\"Accueil\",\"item\":\"https:\/\/chtululu.be\/\"},{\"@type\":\"ListItem\",\"position\":2,\"name\":\"Les livres\",\"item\":\"https:\/\/chtululu.be\/index.php\/livres-doccasion\/\"},{\"@type\":\"ListItem\",\"position\":3,\"name\":\"Et pourtant nous \u00e9tions heureux\"}]},{\"@type\":\"WebSite\",\"@id\":\"https:\/\/chtululu.be\/#website\",\"url\":\"https:\/\/chtululu.be\/\",\"name\":\"Le Chtululu\",\"description\":\"Votre librairie de seconde main \u00e0 Soignies\",\"publisher\":{\"@id\":\"https:\/\/chtululu.be\/#organization\"},\"potentialAction\":[{\"@type\":\"SearchAction\",\"target\":{\"@type\":\"EntryPoint\",\"urlTemplate\":\"https:\/\/chtululu.be\/?s={search_term_string}\"},\"query-input\":{\"@type\":\"PropertyValueSpecification\",\"valueRequired\":true,\"valueName\":\"search_term_string\"}}],\"inLanguage\":\"fr-FR\"},{\"@type\":\"Organization\",\"@id\":\"https:\/\/chtululu.be\/#organization\",\"name\":\"Le Chtululu\",\"url\":\"https:\/\/chtululu.be\/\",\"logo\":{\"@type\":\"ImageObject\",\"inLanguage\":\"fr-FR\",\"@id\":\"https:\/\/chtululu.be\/#\/schema\/logo\/image\/\",\"url\":\"https:\/\/chtululu.be\/wp-content\/uploads\/2016\/05\/logo-def-blanc.jpg\",\"contentUrl\":\"https:\/\/chtululu.be\/wp-content\/uploads\/2016\/05\/logo-def-blanc.jpg\",\"width\":2048,\"height\":1901,\"caption\":\"Le Chtululu\"},\"image\":{\"@id\":\"https:\/\/chtululu.be\/#\/schema\/logo\/image\/\"}}]}<\/script>\n<!-- \/ Yoast SEO plugin. -->","yoast_head_json":{"title":"Et pourtant nous \u00e9tions heureux - Le Chtululu","robots":{"index":"index","follow":"follow","max-snippet":"max-snippet:-1","max-image-preview":"max-image-preview:large","max-video-preview":"max-video-preview:-1"},"canonical":"https:\/\/chtululu.be\/index.php\/produit\/et-pourtant-nous-etions-heureux\/","og_locale":"fr_FR","og_type":"article","og_title":"Et pourtant nous \u00e9tions heureux - Le Chtululu","og_description":"Duquesne Jacques J\u0092 ai longtemps h\u00e9sit\u00e9 avant d\u0092\u00e9crire ce livre. Mes souvenirs d\u0092enfance sont uniques, certes, mais la plupart n\u0092ont rien d\u0092original. Il y eut la bataille de Dunkerque bien s\u00fbr, et la guerre. Le reste, c\u0092est la vie d\u0092une famille du peuple dans le Nord industriel, la vie d\u0092une rue, d\u0092un quartier que l\u0092on dirait aujourd\u0092hui \u00ab sensible \u00bb, d\u0092un monde disparu. Je m\u0092agace parfois d\u0092entendre parler de m\u00e9moire ; la r\u00e9p\u00e9tition de ce mot, toujours repris, m\u0092\u00e9nerve autant qu\u0092une rengaine. Je ne suis pas non plus tr\u00e8s port\u00e9 \u00e0 faire confidence. Mais les gens de ma rue, les miens, ont m\u00e9rit\u00e9 que l\u0092on parle d\u0092eux aussi. Ce que les humbles ont v\u00e9cu doit laisser une trace. Pourquoi chercher d\u0092autres justifications ? J\u0092\u00e9cris ce livre parce que le d\u00e9sir m\u0092en a pris. Et je voudrais le commencer par cette affirmation : en d\u00e9pit de ce que l\u0092on vient de lire, ou de ce que l\u0092on va lire parfois, nous avons connu le bonheur.","og_url":"https:\/\/chtululu.be\/index.php\/produit\/et-pourtant-nous-etions-heureux\/","og_site_name":"Le Chtululu","article_modified_time":"2021-01-30T21:06:21+00:00","og_image":[{"width":200,"height":307,"url":"https:\/\/chtululu.be\/wp-content\/uploads\/2017\/01\/Et_pourtant_nous_etions_heureux.jpg","type":"image\/jpeg"}],"twitter_card":"summary_large_image","schema":{"@context":"https:\/\/schema.org","@graph":[{"@type":"WebPage","@id":"https:\/\/chtululu.be\/index.php\/produit\/et-pourtant-nous-etions-heureux\/","url":"https:\/\/chtululu.be\/index.php\/produit\/et-pourtant-nous-etions-heureux\/","name":"Et pourtant nous \u00e9tions heureux - Le Chtululu","isPartOf":{"@id":"https:\/\/chtululu.be\/#website"},"primaryImageOfPage":{"@id":"https:\/\/chtululu.be\/index.php\/produit\/et-pourtant-nous-etions-heureux\/#primaryimage"},"image":{"@id":"https:\/\/chtululu.be\/index.php\/produit\/et-pourtant-nous-etions-heureux\/#primaryimage"},"thumbnailUrl":"https:\/\/chtululu.be\/wp-content\/uploads\/2017\/01\/Et_pourtant_nous_etions_heureux.jpg","datePublished":"2017-01-07T19:22:08+00:00","dateModified":"2021-01-30T21:06:21+00:00","breadcrumb":{"@id":"https:\/\/chtululu.be\/index.php\/produit\/et-pourtant-nous-etions-heureux\/#breadcrumb"},"inLanguage":"fr-FR","potentialAction":[{"@type":"ReadAction","target":["https:\/\/chtululu.be\/index.php\/produit\/et-pourtant-nous-etions-heureux\/"]}]},{"@type":"ImageObject","inLanguage":"fr-FR","@id":"https:\/\/chtululu.be\/index.php\/produit\/et-pourtant-nous-etions-heureux\/#primaryimage","url":"https:\/\/chtululu.be\/wp-content\/uploads\/2017\/01\/Et_pourtant_nous_etions_heureux.jpg","contentUrl":"https:\/\/chtululu.be\/wp-content\/uploads\/2017\/01\/Et_pourtant_nous_etions_heureux.jpg","width":200,"height":307},{"@type":"BreadcrumbList","@id":"https:\/\/chtululu.be\/index.php\/produit\/et-pourtant-nous-etions-heureux\/#breadcrumb","itemListElement":[{"@type":"ListItem","position":1,"name":"Accueil","item":"https:\/\/chtululu.be\/"},{"@type":"ListItem","position":2,"name":"Les livres","item":"https:\/\/chtululu.be\/index.php\/livres-doccasion\/"},{"@type":"ListItem","position":3,"name":"Et pourtant nous \u00e9tions heureux"}]},{"@type":"WebSite","@id":"https:\/\/chtululu.be\/#website","url":"https:\/\/chtululu.be\/","name":"Le Chtululu","description":"Votre librairie de seconde main \u00e0 Soignies","publisher":{"@id":"https:\/\/chtululu.be\/#organization"},"potentialAction":[{"@type":"SearchAction","target":{"@type":"EntryPoint","urlTemplate":"https:\/\/chtululu.be\/?s={search_term_string}"},"query-input":{"@type":"PropertyValueSpecification","valueRequired":true,"valueName":"search_term_string"}}],"inLanguage":"fr-FR"},{"@type":"Organization","@id":"https:\/\/chtululu.be\/#organization","name":"Le Chtululu","url":"https:\/\/chtululu.be\/","logo":{"@type":"ImageObject","inLanguage":"fr-FR","@id":"https:\/\/chtululu.be\/#\/schema\/logo\/image\/","url":"https:\/\/chtululu.be\/wp-content\/uploads\/2016\/05\/logo-def-blanc.jpg","contentUrl":"https:\/\/chtululu.be\/wp-content\/uploads\/2016\/05\/logo-def-blanc.jpg","width":2048,"height":1901,"caption":"Le Chtululu"},"image":{"@id":"https:\/\/chtululu.be\/#\/schema\/logo\/image\/"}}]}},"_links":{"self":[{"href":"https:\/\/chtululu.be\/index.php\/wp-json\/wp\/v2\/product\/701","targetHints":{"allow":["GET"]}}],"collection":[{"href":"https:\/\/chtululu.be\/index.php\/wp-json\/wp\/v2\/product"}],"about":[{"href":"https:\/\/chtululu.be\/index.php\/wp-json\/wp\/v2\/types\/product"}],"wp:featuredmedia":[{"embeddable":true,"href":"https:\/\/chtululu.be\/index.php\/wp-json\/wp\/v2\/media\/675"}],"wp:attachment":[{"href":"https:\/\/chtululu.be\/index.php\/wp-json\/wp\/v2\/media?parent=701"}],"wp:term":[{"taxonomy":"product_brand","embeddable":true,"href":"https:\/\/chtululu.be\/index.php\/wp-json\/wp\/v2\/product_brand?post=701"},{"taxonomy":"product_cat","embeddable":true,"href":"https:\/\/chtululu.be\/index.php\/wp-json\/wp\/v2\/product_cat?post=701"},{"taxonomy":"product_tag","embeddable":true,"href":"https:\/\/chtululu.be\/index.php\/wp-json\/wp\/v2\/product_tag?post=701"}],"curies":[{"name":"wp","href":"https:\/\/api.w.org\/{rel}","templated":true}]}}