{"id":692,"date":"2017-01-07T20:22:00","date_gmt":"2017-01-07T19:22:00","guid":{"rendered":"http:\/\/chtululu.be\/index.php\/produit\/ces-dames-du-palais-rizzi\/"},"modified":"2021-01-30T22:06:56","modified_gmt":"2021-01-30T21:06:56","slug":"ces-dames-du-palais-rizzi","status":"publish","type":"product","link":"https:\/\/chtululu.be\/index.php\/produit\/ces-dames-du-palais-rizzi\/","title":{"rendered":"Ces dames du Palais Rizzi"},"content":{"rendered":"","protected":false},"excerpt":{"rendered":"<p><strong>Dard Fr\u00e9d\u00e9ric<\/strong><br \/>\nDans l&rsquo;ombre v\u00e9n\u00e9neuse de la vieille b\u00e2tisse italienne, il se passe d&rsquo;\u00e9tranges choses.<br \/>\n\u00c7a commence par un air de mandoline et \u00e7a s&rsquo;ach\u00e8ve en cauchemar. Mais qu&rsquo;importe la d\u00e9mesure des passions ?<br \/>\nL&rsquo;essentiel n&rsquo;est-il pas que J\u00e9r\u00f4me Deuilh aille jusqu&rsquo;au bout de son terrible voyage parmi les myst\u00e9rieuses cr\u00e9atures qu&rsquo;on appelle \u00a0\u00bb ces dames du palais Rizzi \u00a0\u00bb ?<\/p>\n","protected":false},"featured_media":672,"template":"","meta":{"_acf_changed":false,"_exactmetrics_skip_tracking":false,"_exactmetrics_sitenote_active":false,"_exactmetrics_sitenote_note":"","_exactmetrics_sitenote_category":0},"product_brand":[],"product_cat":[385],"product_tag":[109,110],"class_list":{"0":"post-692","1":"product","2":"type-product","3":"status-publish","4":"has-post-thumbnail","6":"product_cat-thrillers-policiers","7":"product_tag-dard-frederic","8":"product_tag-san-antonio","10":"first","11":"instock","12":"sold-individually","13":"taxable","14":"shipping-taxable","15":"purchasable","16":"product-type-simple"},"acf":[],"yoast_head":"<!-- This site is optimized with the Yoast SEO plugin v26.6 - https:\/\/yoast.com\/wordpress\/plugins\/seo\/ -->\n<title>Ces dames du Palais Rizzi - Le Chtululu<\/title>\n<meta name=\"robots\" content=\"index, follow, max-snippet:-1, max-image-preview:large, max-video-preview:-1\" \/>\n<link rel=\"canonical\" href=\"https:\/\/chtululu.be\/index.php\/produit\/ces-dames-du-palais-rizzi\/\" \/>\n<meta property=\"og:locale\" content=\"fr_FR\" \/>\n<meta property=\"og:type\" content=\"article\" \/>\n<meta property=\"og:title\" content=\"Ces dames du Palais Rizzi - Le Chtululu\" \/>\n<meta property=\"og:description\" content=\"Dard Fr\u00e9d\u00e9ric Dans l&#039;ombre v\u00e9n\u00e9neuse de la vieille b\u00e2tisse italienne, il se passe d&#039;\u00e9tranges choses. \u00c7a commence par un air de mandoline et \u00e7a s&#039;ach\u00e8ve en cauchemar. Mais qu&#039;importe la d\u00e9mesure des passions ? L&#039;essentiel n&#039;est-il pas que J\u00e9r\u00f4me Deuilh aille jusqu&#039;au bout de son terrible voyage parmi les myst\u00e9rieuses cr\u00e9atures qu&#039;on appelle &quot; ces dames du palais Rizzi &quot; ?\" \/>\n<meta property=\"og:url\" content=\"https:\/\/chtululu.be\/index.php\/produit\/ces-dames-du-palais-rizzi\/\" \/>\n<meta property=\"og:site_name\" content=\"Le Chtululu\" \/>\n<meta property=\"article:modified_time\" content=\"2021-01-30T21:06:56+00:00\" \/>\n<meta property=\"og:image\" content=\"https:\/\/chtululu.be\/wp-content\/uploads\/2017\/01\/ces-dames-du-palais-rizzi.jpg\" \/>\n\t<meta property=\"og:image:width\" content=\"200\" \/>\n\t<meta property=\"og:image:height\" content=\"314\" \/>\n\t<meta property=\"og:image:type\" content=\"image\/jpeg\" \/>\n<meta name=\"twitter:card\" content=\"summary_large_image\" \/>\n<script type=\"application\/ld+json\" class=\"yoast-schema-graph\">{\"@context\":\"https:\/\/schema.org\",\"@graph\":[{\"@type\":\"WebPage\",\"@id\":\"https:\/\/chtululu.be\/index.php\/produit\/ces-dames-du-palais-rizzi\/\",\"url\":\"https:\/\/chtululu.be\/index.php\/produit\/ces-dames-du-palais-rizzi\/\",\"name\":\"Ces dames du Palais Rizzi - Le Chtululu\",\"isPartOf\":{\"@id\":\"https:\/\/chtululu.be\/#website\"},\"primaryImageOfPage\":{\"@id\":\"https:\/\/chtululu.be\/index.php\/produit\/ces-dames-du-palais-rizzi\/#primaryimage\"},\"image\":{\"@id\":\"https:\/\/chtululu.be\/index.php\/produit\/ces-dames-du-palais-rizzi\/#primaryimage\"},\"thumbnailUrl\":\"https:\/\/chtululu.be\/wp-content\/uploads\/2017\/01\/ces-dames-du-palais-rizzi.jpg\",\"datePublished\":\"2017-01-07T19:22:00+00:00\",\"dateModified\":\"2021-01-30T21:06:56+00:00\",\"breadcrumb\":{\"@id\":\"https:\/\/chtululu.be\/index.php\/produit\/ces-dames-du-palais-rizzi\/#breadcrumb\"},\"inLanguage\":\"fr-FR\",\"potentialAction\":[{\"@type\":\"ReadAction\",\"target\":[\"https:\/\/chtululu.be\/index.php\/produit\/ces-dames-du-palais-rizzi\/\"]}]},{\"@type\":\"ImageObject\",\"inLanguage\":\"fr-FR\",\"@id\":\"https:\/\/chtululu.be\/index.php\/produit\/ces-dames-du-palais-rizzi\/#primaryimage\",\"url\":\"https:\/\/chtululu.be\/wp-content\/uploads\/2017\/01\/ces-dames-du-palais-rizzi.jpg\",\"contentUrl\":\"https:\/\/chtululu.be\/wp-content\/uploads\/2017\/01\/ces-dames-du-palais-rizzi.jpg\",\"width\":200,\"height\":314},{\"@type\":\"BreadcrumbList\",\"@id\":\"https:\/\/chtululu.be\/index.php\/produit\/ces-dames-du-palais-rizzi\/#breadcrumb\",\"itemListElement\":[{\"@type\":\"ListItem\",\"position\":1,\"name\":\"Accueil\",\"item\":\"https:\/\/chtululu.be\/\"},{\"@type\":\"ListItem\",\"position\":2,\"name\":\"Les livres\",\"item\":\"https:\/\/chtululu.be\/index.php\/livres-doccasion\/\"},{\"@type\":\"ListItem\",\"position\":3,\"name\":\"Ces dames du Palais Rizzi\"}]},{\"@type\":\"WebSite\",\"@id\":\"https:\/\/chtululu.be\/#website\",\"url\":\"https:\/\/chtululu.be\/\",\"name\":\"Le Chtululu\",\"description\":\"Votre librairie de seconde main \u00e0 Soignies\",\"publisher\":{\"@id\":\"https:\/\/chtululu.be\/#organization\"},\"potentialAction\":[{\"@type\":\"SearchAction\",\"target\":{\"@type\":\"EntryPoint\",\"urlTemplate\":\"https:\/\/chtululu.be\/?s={search_term_string}\"},\"query-input\":{\"@type\":\"PropertyValueSpecification\",\"valueRequired\":true,\"valueName\":\"search_term_string\"}}],\"inLanguage\":\"fr-FR\"},{\"@type\":\"Organization\",\"@id\":\"https:\/\/chtululu.be\/#organization\",\"name\":\"Le Chtululu\",\"url\":\"https:\/\/chtululu.be\/\",\"logo\":{\"@type\":\"ImageObject\",\"inLanguage\":\"fr-FR\",\"@id\":\"https:\/\/chtululu.be\/#\/schema\/logo\/image\/\",\"url\":\"https:\/\/chtululu.be\/wp-content\/uploads\/2016\/05\/logo-def-blanc.jpg\",\"contentUrl\":\"https:\/\/chtululu.be\/wp-content\/uploads\/2016\/05\/logo-def-blanc.jpg\",\"width\":2048,\"height\":1901,\"caption\":\"Le Chtululu\"},\"image\":{\"@id\":\"https:\/\/chtululu.be\/#\/schema\/logo\/image\/\"}}]}<\/script>\n<!-- \/ Yoast SEO plugin. -->","yoast_head_json":{"title":"Ces dames du Palais Rizzi - Le Chtululu","robots":{"index":"index","follow":"follow","max-snippet":"max-snippet:-1","max-image-preview":"max-image-preview:large","max-video-preview":"max-video-preview:-1"},"canonical":"https:\/\/chtululu.be\/index.php\/produit\/ces-dames-du-palais-rizzi\/","og_locale":"fr_FR","og_type":"article","og_title":"Ces dames du Palais Rizzi - Le Chtululu","og_description":"Dard Fr\u00e9d\u00e9ric Dans l'ombre v\u00e9n\u00e9neuse de la vieille b\u00e2tisse italienne, il se passe d'\u00e9tranges choses. \u00c7a commence par un air de mandoline et \u00e7a s'ach\u00e8ve en cauchemar. Mais qu'importe la d\u00e9mesure des passions ? L'essentiel n'est-il pas que J\u00e9r\u00f4me Deuilh aille jusqu'au bout de son terrible voyage parmi les myst\u00e9rieuses cr\u00e9atures qu'on appelle \" ces dames du palais Rizzi \" ?","og_url":"https:\/\/chtululu.be\/index.php\/produit\/ces-dames-du-palais-rizzi\/","og_site_name":"Le Chtululu","article_modified_time":"2021-01-30T21:06:56+00:00","og_image":[{"width":200,"height":314,"url":"https:\/\/chtululu.be\/wp-content\/uploads\/2017\/01\/ces-dames-du-palais-rizzi.jpg","type":"image\/jpeg"}],"twitter_card":"summary_large_image","schema":{"@context":"https:\/\/schema.org","@graph":[{"@type":"WebPage","@id":"https:\/\/chtululu.be\/index.php\/produit\/ces-dames-du-palais-rizzi\/","url":"https:\/\/chtululu.be\/index.php\/produit\/ces-dames-du-palais-rizzi\/","name":"Ces dames du Palais Rizzi - Le Chtululu","isPartOf":{"@id":"https:\/\/chtululu.be\/#website"},"primaryImageOfPage":{"@id":"https:\/\/chtululu.be\/index.php\/produit\/ces-dames-du-palais-rizzi\/#primaryimage"},"image":{"@id":"https:\/\/chtululu.be\/index.php\/produit\/ces-dames-du-palais-rizzi\/#primaryimage"},"thumbnailUrl":"https:\/\/chtululu.be\/wp-content\/uploads\/2017\/01\/ces-dames-du-palais-rizzi.jpg","datePublished":"2017-01-07T19:22:00+00:00","dateModified":"2021-01-30T21:06:56+00:00","breadcrumb":{"@id":"https:\/\/chtululu.be\/index.php\/produit\/ces-dames-du-palais-rizzi\/#breadcrumb"},"inLanguage":"fr-FR","potentialAction":[{"@type":"ReadAction","target":["https:\/\/chtululu.be\/index.php\/produit\/ces-dames-du-palais-rizzi\/"]}]},{"@type":"ImageObject","inLanguage":"fr-FR","@id":"https:\/\/chtululu.be\/index.php\/produit\/ces-dames-du-palais-rizzi\/#primaryimage","url":"https:\/\/chtululu.be\/wp-content\/uploads\/2017\/01\/ces-dames-du-palais-rizzi.jpg","contentUrl":"https:\/\/chtululu.be\/wp-content\/uploads\/2017\/01\/ces-dames-du-palais-rizzi.jpg","width":200,"height":314},{"@type":"BreadcrumbList","@id":"https:\/\/chtululu.be\/index.php\/produit\/ces-dames-du-palais-rizzi\/#breadcrumb","itemListElement":[{"@type":"ListItem","position":1,"name":"Accueil","item":"https:\/\/chtululu.be\/"},{"@type":"ListItem","position":2,"name":"Les livres","item":"https:\/\/chtululu.be\/index.php\/livres-doccasion\/"},{"@type":"ListItem","position":3,"name":"Ces dames du Palais Rizzi"}]},{"@type":"WebSite","@id":"https:\/\/chtululu.be\/#website","url":"https:\/\/chtululu.be\/","name":"Le Chtululu","description":"Votre librairie de seconde main \u00e0 Soignies","publisher":{"@id":"https:\/\/chtululu.be\/#organization"},"potentialAction":[{"@type":"SearchAction","target":{"@type":"EntryPoint","urlTemplate":"https:\/\/chtululu.be\/?s={search_term_string}"},"query-input":{"@type":"PropertyValueSpecification","valueRequired":true,"valueName":"search_term_string"}}],"inLanguage":"fr-FR"},{"@type":"Organization","@id":"https:\/\/chtululu.be\/#organization","name":"Le Chtululu","url":"https:\/\/chtululu.be\/","logo":{"@type":"ImageObject","inLanguage":"fr-FR","@id":"https:\/\/chtululu.be\/#\/schema\/logo\/image\/","url":"https:\/\/chtululu.be\/wp-content\/uploads\/2016\/05\/logo-def-blanc.jpg","contentUrl":"https:\/\/chtululu.be\/wp-content\/uploads\/2016\/05\/logo-def-blanc.jpg","width":2048,"height":1901,"caption":"Le Chtululu"},"image":{"@id":"https:\/\/chtululu.be\/#\/schema\/logo\/image\/"}}]}},"_links":{"self":[{"href":"https:\/\/chtululu.be\/index.php\/wp-json\/wp\/v2\/product\/692","targetHints":{"allow":["GET"]}}],"collection":[{"href":"https:\/\/chtululu.be\/index.php\/wp-json\/wp\/v2\/product"}],"about":[{"href":"https:\/\/chtululu.be\/index.php\/wp-json\/wp\/v2\/types\/product"}],"wp:featuredmedia":[{"embeddable":true,"href":"https:\/\/chtululu.be\/index.php\/wp-json\/wp\/v2\/media\/672"}],"wp:attachment":[{"href":"https:\/\/chtululu.be\/index.php\/wp-json\/wp\/v2\/media?parent=692"}],"wp:term":[{"taxonomy":"product_brand","embeddable":true,"href":"https:\/\/chtululu.be\/index.php\/wp-json\/wp\/v2\/product_brand?post=692"},{"taxonomy":"product_cat","embeddable":true,"href":"https:\/\/chtululu.be\/index.php\/wp-json\/wp\/v2\/product_cat?post=692"},{"taxonomy":"product_tag","embeddable":true,"href":"https:\/\/chtululu.be\/index.php\/wp-json\/wp\/v2\/product_tag?post=692"}],"curies":[{"name":"wp","href":"https:\/\/api.w.org\/{rel}","templated":true}]}}