{"id":691,"date":"2017-01-07T20:22:00","date_gmt":"2017-01-07T19:22:00","guid":{"rendered":"http:\/\/chtululu.be\/index.php\/produit\/la-nurse-anglaise\/"},"modified":"2021-01-30T22:06:50","modified_gmt":"2021-01-30T21:06:50","slug":"la-nurse-anglaise","status":"publish","type":"product","link":"https:\/\/chtululu.be\/index.php\/produit\/la-nurse-anglaise\/","title":{"rendered":"La nurse anglaise"},"content":{"rendered":"","protected":false},"excerpt":{"rendered":"<p><strong>Dard Fr\u00e9d\u00e9ric<\/strong><br \/>\nSir David Bentham, lord et pair d&rsquo;Angleterre, compte parmi les individus les plus petits du Royaume-Uni puisque, \u00e0 vingt-huit ans, il ne mesure que 104 centim\u00e8tres. En revanche, la nature a dot\u00e9 ce gentleman d&rsquo;un attribut viril d&rsquo;une taille et d&rsquo;une puissance ph\u00e9nom\u00e9nales dont il use sans r\u00e9pit. Le nanisme de sir David, joint \u00e0 la richesse familiale, le dispense d&rsquo;exercer une profession. Alors, comme il d\u00e9teste l&rsquo;oisivet\u00e9, pour passer le temps, il tue les gens. Ses meurtres n&rsquo;ont jamais \u00e9t\u00e9 d\u00e9nombr\u00e9s.<\/p>\n","protected":false},"featured_media":680,"template":"","meta":{"_acf_changed":false,"_exactmetrics_skip_tracking":false,"_exactmetrics_sitenote_active":false,"_exactmetrics_sitenote_note":"","_exactmetrics_sitenote_category":0},"product_brand":[],"product_cat":[385],"product_tag":[109,110],"class_list":{"0":"post-691","1":"product","2":"type-product","3":"status-publish","4":"has-post-thumbnail","6":"product_cat-thrillers-policiers","7":"product_tag-dard-frederic","8":"product_tag-san-antonio","10":"first","11":"instock","12":"sold-individually","13":"taxable","14":"shipping-taxable","15":"purchasable","16":"product-type-simple"},"acf":[],"yoast_head":"<!-- This site is optimized with the Yoast SEO plugin v26.6 - https:\/\/yoast.com\/wordpress\/plugins\/seo\/ -->\n<title>La nurse anglaise - Le Chtululu<\/title>\n<meta name=\"robots\" content=\"index, follow, max-snippet:-1, max-image-preview:large, max-video-preview:-1\" \/>\n<link rel=\"canonical\" href=\"https:\/\/chtululu.be\/index.php\/produit\/la-nurse-anglaise\/\" \/>\n<meta property=\"og:locale\" content=\"fr_FR\" \/>\n<meta property=\"og:type\" content=\"article\" \/>\n<meta property=\"og:title\" content=\"La nurse anglaise - Le Chtululu\" \/>\n<meta property=\"og:description\" content=\"Dard Fr\u00e9d\u00e9ric Sir David Bentham, lord et pair d&#039;Angleterre, compte parmi les individus les plus petits du Royaume-Uni puisque, \u00e0 vingt-huit ans, il ne mesure que 104 centim\u00e8tres. En revanche, la nature a dot\u00e9 ce gentleman d&#039;un attribut viril d&#039;une taille et d&#039;une puissance ph\u00e9nom\u00e9nales dont il use sans r\u00e9pit. Le nanisme de sir David, joint \u00e0 la richesse familiale, le dispense d&#039;exercer une profession. Alors, comme il d\u00e9teste l&#039;oisivet\u00e9, pour passer le temps, il tue les gens. Ses meurtres n&#039;ont jamais \u00e9t\u00e9 d\u00e9nombr\u00e9s.\" \/>\n<meta property=\"og:url\" content=\"https:\/\/chtululu.be\/index.php\/produit\/la-nurse-anglaise\/\" \/>\n<meta property=\"og:site_name\" content=\"Le Chtululu\" \/>\n<meta property=\"article:modified_time\" content=\"2021-01-30T21:06:50+00:00\" \/>\n<meta property=\"og:image\" content=\"https:\/\/chtululu.be\/wp-content\/uploads\/2017\/01\/nurseanglaise.jpg\" \/>\n\t<meta property=\"og:image:width\" content=\"200\" \/>\n\t<meta property=\"og:image:height\" content=\"254\" \/>\n\t<meta property=\"og:image:type\" content=\"image\/jpeg\" \/>\n<meta name=\"twitter:card\" content=\"summary_large_image\" \/>\n<script type=\"application\/ld+json\" class=\"yoast-schema-graph\">{\"@context\":\"https:\/\/schema.org\",\"@graph\":[{\"@type\":\"WebPage\",\"@id\":\"https:\/\/chtululu.be\/index.php\/produit\/la-nurse-anglaise\/\",\"url\":\"https:\/\/chtululu.be\/index.php\/produit\/la-nurse-anglaise\/\",\"name\":\"La nurse anglaise - Le Chtululu\",\"isPartOf\":{\"@id\":\"https:\/\/chtululu.be\/#website\"},\"primaryImageOfPage\":{\"@id\":\"https:\/\/chtululu.be\/index.php\/produit\/la-nurse-anglaise\/#primaryimage\"},\"image\":{\"@id\":\"https:\/\/chtululu.be\/index.php\/produit\/la-nurse-anglaise\/#primaryimage\"},\"thumbnailUrl\":\"https:\/\/chtululu.be\/wp-content\/uploads\/2017\/01\/nurseanglaise.jpg\",\"datePublished\":\"2017-01-07T19:22:00+00:00\",\"dateModified\":\"2021-01-30T21:06:50+00:00\",\"breadcrumb\":{\"@id\":\"https:\/\/chtululu.be\/index.php\/produit\/la-nurse-anglaise\/#breadcrumb\"},\"inLanguage\":\"fr-FR\",\"potentialAction\":[{\"@type\":\"ReadAction\",\"target\":[\"https:\/\/chtululu.be\/index.php\/produit\/la-nurse-anglaise\/\"]}]},{\"@type\":\"ImageObject\",\"inLanguage\":\"fr-FR\",\"@id\":\"https:\/\/chtululu.be\/index.php\/produit\/la-nurse-anglaise\/#primaryimage\",\"url\":\"https:\/\/chtululu.be\/wp-content\/uploads\/2017\/01\/nurseanglaise.jpg\",\"contentUrl\":\"https:\/\/chtululu.be\/wp-content\/uploads\/2017\/01\/nurseanglaise.jpg\",\"width\":200,\"height\":254,\"caption\":\"dav\"},{\"@type\":\"BreadcrumbList\",\"@id\":\"https:\/\/chtululu.be\/index.php\/produit\/la-nurse-anglaise\/#breadcrumb\",\"itemListElement\":[{\"@type\":\"ListItem\",\"position\":1,\"name\":\"Accueil\",\"item\":\"https:\/\/chtululu.be\/\"},{\"@type\":\"ListItem\",\"position\":2,\"name\":\"Les livres\",\"item\":\"https:\/\/chtululu.be\/index.php\/livres-doccasion\/\"},{\"@type\":\"ListItem\",\"position\":3,\"name\":\"La nurse anglaise\"}]},{\"@type\":\"WebSite\",\"@id\":\"https:\/\/chtululu.be\/#website\",\"url\":\"https:\/\/chtululu.be\/\",\"name\":\"Le Chtululu\",\"description\":\"Votre librairie de seconde main \u00e0 Soignies\",\"publisher\":{\"@id\":\"https:\/\/chtululu.be\/#organization\"},\"potentialAction\":[{\"@type\":\"SearchAction\",\"target\":{\"@type\":\"EntryPoint\",\"urlTemplate\":\"https:\/\/chtululu.be\/?s={search_term_string}\"},\"query-input\":{\"@type\":\"PropertyValueSpecification\",\"valueRequired\":true,\"valueName\":\"search_term_string\"}}],\"inLanguage\":\"fr-FR\"},{\"@type\":\"Organization\",\"@id\":\"https:\/\/chtululu.be\/#organization\",\"name\":\"Le Chtululu\",\"url\":\"https:\/\/chtululu.be\/\",\"logo\":{\"@type\":\"ImageObject\",\"inLanguage\":\"fr-FR\",\"@id\":\"https:\/\/chtululu.be\/#\/schema\/logo\/image\/\",\"url\":\"https:\/\/chtululu.be\/wp-content\/uploads\/2016\/05\/logo-def-blanc.jpg\",\"contentUrl\":\"https:\/\/chtululu.be\/wp-content\/uploads\/2016\/05\/logo-def-blanc.jpg\",\"width\":2048,\"height\":1901,\"caption\":\"Le Chtululu\"},\"image\":{\"@id\":\"https:\/\/chtululu.be\/#\/schema\/logo\/image\/\"}}]}<\/script>\n<!-- \/ Yoast SEO plugin. -->","yoast_head_json":{"title":"La nurse anglaise - Le Chtululu","robots":{"index":"index","follow":"follow","max-snippet":"max-snippet:-1","max-image-preview":"max-image-preview:large","max-video-preview":"max-video-preview:-1"},"canonical":"https:\/\/chtululu.be\/index.php\/produit\/la-nurse-anglaise\/","og_locale":"fr_FR","og_type":"article","og_title":"La nurse anglaise - Le Chtululu","og_description":"Dard Fr\u00e9d\u00e9ric Sir David Bentham, lord et pair d'Angleterre, compte parmi les individus les plus petits du Royaume-Uni puisque, \u00e0 vingt-huit ans, il ne mesure que 104 centim\u00e8tres. En revanche, la nature a dot\u00e9 ce gentleman d'un attribut viril d'une taille et d'une puissance ph\u00e9nom\u00e9nales dont il use sans r\u00e9pit. Le nanisme de sir David, joint \u00e0 la richesse familiale, le dispense d'exercer une profession. Alors, comme il d\u00e9teste l'oisivet\u00e9, pour passer le temps, il tue les gens. Ses meurtres n'ont jamais \u00e9t\u00e9 d\u00e9nombr\u00e9s.","og_url":"https:\/\/chtululu.be\/index.php\/produit\/la-nurse-anglaise\/","og_site_name":"Le Chtululu","article_modified_time":"2021-01-30T21:06:50+00:00","og_image":[{"width":200,"height":254,"url":"https:\/\/chtululu.be\/wp-content\/uploads\/2017\/01\/nurseanglaise.jpg","type":"image\/jpeg"}],"twitter_card":"summary_large_image","schema":{"@context":"https:\/\/schema.org","@graph":[{"@type":"WebPage","@id":"https:\/\/chtululu.be\/index.php\/produit\/la-nurse-anglaise\/","url":"https:\/\/chtululu.be\/index.php\/produit\/la-nurse-anglaise\/","name":"La nurse anglaise - Le Chtululu","isPartOf":{"@id":"https:\/\/chtululu.be\/#website"},"primaryImageOfPage":{"@id":"https:\/\/chtululu.be\/index.php\/produit\/la-nurse-anglaise\/#primaryimage"},"image":{"@id":"https:\/\/chtululu.be\/index.php\/produit\/la-nurse-anglaise\/#primaryimage"},"thumbnailUrl":"https:\/\/chtululu.be\/wp-content\/uploads\/2017\/01\/nurseanglaise.jpg","datePublished":"2017-01-07T19:22:00+00:00","dateModified":"2021-01-30T21:06:50+00:00","breadcrumb":{"@id":"https:\/\/chtululu.be\/index.php\/produit\/la-nurse-anglaise\/#breadcrumb"},"inLanguage":"fr-FR","potentialAction":[{"@type":"ReadAction","target":["https:\/\/chtululu.be\/index.php\/produit\/la-nurse-anglaise\/"]}]},{"@type":"ImageObject","inLanguage":"fr-FR","@id":"https:\/\/chtululu.be\/index.php\/produit\/la-nurse-anglaise\/#primaryimage","url":"https:\/\/chtululu.be\/wp-content\/uploads\/2017\/01\/nurseanglaise.jpg","contentUrl":"https:\/\/chtululu.be\/wp-content\/uploads\/2017\/01\/nurseanglaise.jpg","width":200,"height":254,"caption":"dav"},{"@type":"BreadcrumbList","@id":"https:\/\/chtululu.be\/index.php\/produit\/la-nurse-anglaise\/#breadcrumb","itemListElement":[{"@type":"ListItem","position":1,"name":"Accueil","item":"https:\/\/chtululu.be\/"},{"@type":"ListItem","position":2,"name":"Les livres","item":"https:\/\/chtululu.be\/index.php\/livres-doccasion\/"},{"@type":"ListItem","position":3,"name":"La nurse anglaise"}]},{"@type":"WebSite","@id":"https:\/\/chtululu.be\/#website","url":"https:\/\/chtululu.be\/","name":"Le Chtululu","description":"Votre librairie de seconde main \u00e0 Soignies","publisher":{"@id":"https:\/\/chtululu.be\/#organization"},"potentialAction":[{"@type":"SearchAction","target":{"@type":"EntryPoint","urlTemplate":"https:\/\/chtululu.be\/?s={search_term_string}"},"query-input":{"@type":"PropertyValueSpecification","valueRequired":true,"valueName":"search_term_string"}}],"inLanguage":"fr-FR"},{"@type":"Organization","@id":"https:\/\/chtululu.be\/#organization","name":"Le Chtululu","url":"https:\/\/chtululu.be\/","logo":{"@type":"ImageObject","inLanguage":"fr-FR","@id":"https:\/\/chtululu.be\/#\/schema\/logo\/image\/","url":"https:\/\/chtululu.be\/wp-content\/uploads\/2016\/05\/logo-def-blanc.jpg","contentUrl":"https:\/\/chtululu.be\/wp-content\/uploads\/2016\/05\/logo-def-blanc.jpg","width":2048,"height":1901,"caption":"Le Chtululu"},"image":{"@id":"https:\/\/chtululu.be\/#\/schema\/logo\/image\/"}}]}},"_links":{"self":[{"href":"https:\/\/chtululu.be\/index.php\/wp-json\/wp\/v2\/product\/691","targetHints":{"allow":["GET"]}}],"collection":[{"href":"https:\/\/chtululu.be\/index.php\/wp-json\/wp\/v2\/product"}],"about":[{"href":"https:\/\/chtululu.be\/index.php\/wp-json\/wp\/v2\/types\/product"}],"wp:featuredmedia":[{"embeddable":true,"href":"https:\/\/chtululu.be\/index.php\/wp-json\/wp\/v2\/media\/680"}],"wp:attachment":[{"href":"https:\/\/chtululu.be\/index.php\/wp-json\/wp\/v2\/media?parent=691"}],"wp:term":[{"taxonomy":"product_brand","embeddable":true,"href":"https:\/\/chtululu.be\/index.php\/wp-json\/wp\/v2\/product_brand?post=691"},{"taxonomy":"product_cat","embeddable":true,"href":"https:\/\/chtululu.be\/index.php\/wp-json\/wp\/v2\/product_cat?post=691"},{"taxonomy":"product_tag","embeddable":true,"href":"https:\/\/chtululu.be\/index.php\/wp-json\/wp\/v2\/product_tag?post=691"}],"curies":[{"name":"wp","href":"https:\/\/api.w.org\/{rel}","templated":true}]}}