{"id":690,"date":"2017-01-07T20:21:58","date_gmt":"2017-01-07T19:21:58","guid":{"rendered":"http:\/\/chtululu.be\/index.php\/produit\/jai-aime-une-reine\/"},"modified":"2017-01-07T20:32:06","modified_gmt":"2017-01-07T19:32:06","slug":"jai-aime-une-reine","status":"publish","type":"product","link":"https:\/\/chtululu.be\/index.php\/produit\/jai-aime-une-reine\/","title":{"rendered":"J&rsquo;ai aim\u00e9 une reine"},"content":{"rendered":"","protected":false},"excerpt":{"rendered":"<p><strong>D&rsquo;Arvor Patrick Poivre<\/strong><br \/>\n26 mars 1774, Versailles : le jeune Gilbert de La Fayette, venu tout droit de son Auvergne natale, se pr\u00e9sente \u00e0 la Cour. Face \u00e0 lui, Marie-Antoinette, qui n&rsquo;est encore que Dauphine. Les jeunes gens se jaugent : Gilbert lit dans les yeux de la jeune fille le d\u00e9sir d&rsquo;une femme ; il en est s\u00fbr, il la d\u00e9sire aussi. D\u00e9sormais, leur destin est li\u00e9. Leurs routes vont se croiser et se d\u00e9croiser au fil de ces ann\u00e9es qui comptent parmi les plus marquantes de l&rsquo;histoire de France.<br \/>\nPour Gilbert, l&rsquo;occasion de briller aux yeux de sa reine va tr\u00e8s vite se pr\u00e9senter. A dix-huit ans, il n&rsquo;a qu&rsquo;une id\u00e9e en t\u00eate : aider les Am\u00e9ricains \u00e0 conqu\u00e9rir leur libert\u00e9 en combattant les Anglais qui, nagu\u00e8re, ont tu\u00e9 son p\u00e8re. Donn\u00e9 pour mort \u00e0 Paris, deux fois victorieux, on lui confie une division et le jeune marquis va trouver dans cette lutte l&rsquo;occasion de r\u00e9v\u00e9ler une bravoure et un sens du combat qui conduira George Washington, futur pr\u00e9sident des Etats-Unis, \u00e0 le consid\u00e9rer comme son fils adoptif.<br \/>\nDe retour en France, La Fayette est aur\u00e9ol\u00e9 d&rsquo;une telle gloire qu&rsquo;elle indispose \u00e0 la Cour, d&rsquo;autant plus qu&rsquo;il rapporte d&rsquo;Am\u00e9rique des id\u00e9es subversives.<br \/>\n1789 : La prise de la Bastille survient alors que notre h\u00e9ros est devenu chef de la Garde nationale. La Fayette est d\u00e9chir\u00e9 entre l&rsquo;amour qu&rsquo;il n&rsquo;a jamais cess\u00e9 de vouer \u00e0 la reine &#8211; il la sauvera \u00e0 trois reprises de la mort &#8211; et son engagement pour la d\u00e9fense des droits de l&rsquo;homme et la libert\u00e9 des citoyens.<br \/>\nC&rsquo;est dans cette bourrasque historique et romanesque que nous entra\u00eene Patrick Poivre d&rsquo;Arvor dans ce double roman de la folle aventure am\u00e9ricaine et de la passion fatale d&rsquo;un coeur r\u00e9publicain pour la reine de France.<\/p>\n","protected":false},"featured_media":676,"template":"","meta":{"_acf_changed":false,"_exactmetrics_skip_tracking":false,"_exactmetrics_sitenote_active":false,"_exactmetrics_sitenote_note":"","_exactmetrics_sitenote_category":0},"product_brand":[],"product_cat":[24],"product_tag":[107,108],"class_list":{"0":"post-690","1":"product","2":"type-product","3":"status-publish","4":"has-post-thumbnail","6":"product_cat-roman","7":"product_tag-darvor-patrick-poivre","8":"product_tag-roman-historique","10":"first","11":"instock","12":"sold-individually","13":"taxable","14":"shipping-taxable","15":"purchasable","16":"product-type-simple"},"acf":[],"yoast_head":"<!-- This site is optimized with the Yoast SEO plugin v26.6 - https:\/\/yoast.com\/wordpress\/plugins\/seo\/ -->\n<title>J&#039;ai aim\u00e9 une reine - Le Chtululu<\/title>\n<meta name=\"robots\" content=\"index, follow, max-snippet:-1, max-image-preview:large, max-video-preview:-1\" \/>\n<link rel=\"canonical\" href=\"https:\/\/chtululu.be\/index.php\/produit\/jai-aime-une-reine\/\" \/>\n<meta property=\"og:locale\" content=\"fr_FR\" \/>\n<meta property=\"og:type\" content=\"article\" \/>\n<meta property=\"og:title\" content=\"J&#039;ai aim\u00e9 une reine - Le Chtululu\" \/>\n<meta property=\"og:description\" content=\"D&#039;Arvor Patrick Poivre 26 mars 1774, Versailles : le jeune Gilbert de La Fayette, venu tout droit de son Auvergne natale, se pr\u00e9sente \u00e0 la Cour. Face \u00e0 lui, Marie-Antoinette, qui n&#039;est encore que Dauphine. Les jeunes gens se jaugent : Gilbert lit dans les yeux de la jeune fille le d\u00e9sir d&#039;une femme ; il en est s\u00fbr, il la d\u00e9sire aussi. D\u00e9sormais, leur destin est li\u00e9. Leurs routes vont se croiser et se d\u00e9croiser au fil de ces ann\u00e9es qui comptent parmi les plus marquantes de l&#039;histoire de France. Pour Gilbert, l&#039;occasion de briller aux yeux de sa reine va tr\u00e8s vite se pr\u00e9senter. A dix-huit ans, il n&#039;a qu&#039;une id\u00e9e en t\u00eate : aider les Am\u00e9ricains \u00e0 conqu\u00e9rir leur libert\u00e9 en combattant les Anglais qui, nagu\u00e8re, ont tu\u00e9 son p\u00e8re. Donn\u00e9 pour mort \u00e0 Paris, deux fois victorieux, on lui confie une division et le jeune marquis va trouver dans cette lutte l&#039;occasion de r\u00e9v\u00e9ler une bravoure et un sens du combat qui conduira George Washington, futur pr\u00e9sident des Etats-Unis, \u00e0 le consid\u00e9rer comme son fils adoptif. De retour en France, La Fayette est aur\u00e9ol\u00e9 d&#039;une telle gloire qu&#039;elle indispose \u00e0 la Cour, d&#039;autant plus qu&#039;il rapporte d&#039;Am\u00e9rique des id\u00e9es subversives. 1789 : La prise de la Bastille survient alors que notre h\u00e9ros est devenu chef de la Garde nationale. La Fayette est d\u00e9chir\u00e9 entre l&#039;amour qu&#039;il n&#039;a jamais cess\u00e9 de vouer \u00e0 la reine - il la sauvera \u00e0 trois reprises de la mort - et son engagement pour la d\u00e9fense des droits de l&#039;homme et la libert\u00e9 des citoyens. C&#039;est dans cette bourrasque historique et romanesque que nous entra\u00eene Patrick Poivre d&#039;Arvor dans ce double roman de la folle aventure am\u00e9ricaine et de la passion fatale d&#039;un coeur r\u00e9publicain pour la reine de France.\" \/>\n<meta property=\"og:url\" content=\"https:\/\/chtululu.be\/index.php\/produit\/jai-aime-une-reine\/\" \/>\n<meta property=\"og:site_name\" content=\"Le Chtululu\" \/>\n<meta property=\"article:modified_time\" content=\"2017-01-07T19:32:06+00:00\" \/>\n<meta property=\"og:image\" content=\"https:\/\/chtululu.be\/wp-content\/uploads\/2017\/01\/jai_aime_une_reine.jpg\" \/>\n\t<meta property=\"og:image:width\" content=\"200\" \/>\n\t<meta property=\"og:image:height\" content=\"306\" \/>\n\t<meta property=\"og:image:type\" content=\"image\/jpeg\" \/>\n<meta name=\"twitter:card\" content=\"summary_large_image\" \/>\n<script type=\"application\/ld+json\" class=\"yoast-schema-graph\">{\"@context\":\"https:\/\/schema.org\",\"@graph\":[{\"@type\":\"WebPage\",\"@id\":\"https:\/\/chtululu.be\/index.php\/produit\/jai-aime-une-reine\/\",\"url\":\"https:\/\/chtululu.be\/index.php\/produit\/jai-aime-une-reine\/\",\"name\":\"J'ai aim\u00e9 une reine - Le Chtululu\",\"isPartOf\":{\"@id\":\"https:\/\/chtululu.be\/#website\"},\"primaryImageOfPage\":{\"@id\":\"https:\/\/chtululu.be\/index.php\/produit\/jai-aime-une-reine\/#primaryimage\"},\"image\":{\"@id\":\"https:\/\/chtululu.be\/index.php\/produit\/jai-aime-une-reine\/#primaryimage\"},\"thumbnailUrl\":\"https:\/\/chtululu.be\/wp-content\/uploads\/2017\/01\/jai_aime_une_reine.jpg\",\"datePublished\":\"2017-01-07T19:21:58+00:00\",\"dateModified\":\"2017-01-07T19:32:06+00:00\",\"breadcrumb\":{\"@id\":\"https:\/\/chtululu.be\/index.php\/produit\/jai-aime-une-reine\/#breadcrumb\"},\"inLanguage\":\"fr-FR\",\"potentialAction\":[{\"@type\":\"ReadAction\",\"target\":[\"https:\/\/chtululu.be\/index.php\/produit\/jai-aime-une-reine\/\"]}]},{\"@type\":\"ImageObject\",\"inLanguage\":\"fr-FR\",\"@id\":\"https:\/\/chtululu.be\/index.php\/produit\/jai-aime-une-reine\/#primaryimage\",\"url\":\"https:\/\/chtululu.be\/wp-content\/uploads\/2017\/01\/jai_aime_une_reine.jpg\",\"contentUrl\":\"https:\/\/chtululu.be\/wp-content\/uploads\/2017\/01\/jai_aime_une_reine.jpg\",\"width\":200,\"height\":306},{\"@type\":\"BreadcrumbList\",\"@id\":\"https:\/\/chtululu.be\/index.php\/produit\/jai-aime-une-reine\/#breadcrumb\",\"itemListElement\":[{\"@type\":\"ListItem\",\"position\":1,\"name\":\"Accueil\",\"item\":\"https:\/\/chtululu.be\/\"},{\"@type\":\"ListItem\",\"position\":2,\"name\":\"Les livres\",\"item\":\"https:\/\/chtululu.be\/index.php\/livres-doccasion\/\"},{\"@type\":\"ListItem\",\"position\":3,\"name\":\"J&rsquo;ai aim\u00e9 une reine\"}]},{\"@type\":\"WebSite\",\"@id\":\"https:\/\/chtululu.be\/#website\",\"url\":\"https:\/\/chtululu.be\/\",\"name\":\"Le Chtululu\",\"description\":\"Votre librairie de seconde main \u00e0 Soignies\",\"publisher\":{\"@id\":\"https:\/\/chtululu.be\/#organization\"},\"potentialAction\":[{\"@type\":\"SearchAction\",\"target\":{\"@type\":\"EntryPoint\",\"urlTemplate\":\"https:\/\/chtululu.be\/?s={search_term_string}\"},\"query-input\":{\"@type\":\"PropertyValueSpecification\",\"valueRequired\":true,\"valueName\":\"search_term_string\"}}],\"inLanguage\":\"fr-FR\"},{\"@type\":\"Organization\",\"@id\":\"https:\/\/chtululu.be\/#organization\",\"name\":\"Le Chtululu\",\"url\":\"https:\/\/chtululu.be\/\",\"logo\":{\"@type\":\"ImageObject\",\"inLanguage\":\"fr-FR\",\"@id\":\"https:\/\/chtululu.be\/#\/schema\/logo\/image\/\",\"url\":\"https:\/\/chtululu.be\/wp-content\/uploads\/2016\/05\/logo-def-blanc.jpg\",\"contentUrl\":\"https:\/\/chtululu.be\/wp-content\/uploads\/2016\/05\/logo-def-blanc.jpg\",\"width\":2048,\"height\":1901,\"caption\":\"Le Chtululu\"},\"image\":{\"@id\":\"https:\/\/chtululu.be\/#\/schema\/logo\/image\/\"}}]}<\/script>\n<!-- \/ Yoast SEO plugin. -->","yoast_head_json":{"title":"J'ai aim\u00e9 une reine - Le Chtululu","robots":{"index":"index","follow":"follow","max-snippet":"max-snippet:-1","max-image-preview":"max-image-preview:large","max-video-preview":"max-video-preview:-1"},"canonical":"https:\/\/chtululu.be\/index.php\/produit\/jai-aime-une-reine\/","og_locale":"fr_FR","og_type":"article","og_title":"J'ai aim\u00e9 une reine - Le Chtululu","og_description":"D'Arvor Patrick Poivre 26 mars 1774, Versailles : le jeune Gilbert de La Fayette, venu tout droit de son Auvergne natale, se pr\u00e9sente \u00e0 la Cour. Face \u00e0 lui, Marie-Antoinette, qui n'est encore que Dauphine. Les jeunes gens se jaugent : Gilbert lit dans les yeux de la jeune fille le d\u00e9sir d'une femme ; il en est s\u00fbr, il la d\u00e9sire aussi. D\u00e9sormais, leur destin est li\u00e9. Leurs routes vont se croiser et se d\u00e9croiser au fil de ces ann\u00e9es qui comptent parmi les plus marquantes de l'histoire de France. Pour Gilbert, l'occasion de briller aux yeux de sa reine va tr\u00e8s vite se pr\u00e9senter. A dix-huit ans, il n'a qu'une id\u00e9e en t\u00eate : aider les Am\u00e9ricains \u00e0 conqu\u00e9rir leur libert\u00e9 en combattant les Anglais qui, nagu\u00e8re, ont tu\u00e9 son p\u00e8re. Donn\u00e9 pour mort \u00e0 Paris, deux fois victorieux, on lui confie une division et le jeune marquis va trouver dans cette lutte l'occasion de r\u00e9v\u00e9ler une bravoure et un sens du combat qui conduira George Washington, futur pr\u00e9sident des Etats-Unis, \u00e0 le consid\u00e9rer comme son fils adoptif. De retour en France, La Fayette est aur\u00e9ol\u00e9 d'une telle gloire qu'elle indispose \u00e0 la Cour, d'autant plus qu'il rapporte d'Am\u00e9rique des id\u00e9es subversives. 1789 : La prise de la Bastille survient alors que notre h\u00e9ros est devenu chef de la Garde nationale. La Fayette est d\u00e9chir\u00e9 entre l'amour qu'il n'a jamais cess\u00e9 de vouer \u00e0 la reine - il la sauvera \u00e0 trois reprises de la mort - et son engagement pour la d\u00e9fense des droits de l'homme et la libert\u00e9 des citoyens. C'est dans cette bourrasque historique et romanesque que nous entra\u00eene Patrick Poivre d'Arvor dans ce double roman de la folle aventure am\u00e9ricaine et de la passion fatale d'un coeur r\u00e9publicain pour la reine de France.","og_url":"https:\/\/chtululu.be\/index.php\/produit\/jai-aime-une-reine\/","og_site_name":"Le Chtululu","article_modified_time":"2017-01-07T19:32:06+00:00","og_image":[{"width":200,"height":306,"url":"https:\/\/chtululu.be\/wp-content\/uploads\/2017\/01\/jai_aime_une_reine.jpg","type":"image\/jpeg"}],"twitter_card":"summary_large_image","schema":{"@context":"https:\/\/schema.org","@graph":[{"@type":"WebPage","@id":"https:\/\/chtululu.be\/index.php\/produit\/jai-aime-une-reine\/","url":"https:\/\/chtululu.be\/index.php\/produit\/jai-aime-une-reine\/","name":"J'ai aim\u00e9 une reine - Le Chtululu","isPartOf":{"@id":"https:\/\/chtululu.be\/#website"},"primaryImageOfPage":{"@id":"https:\/\/chtululu.be\/index.php\/produit\/jai-aime-une-reine\/#primaryimage"},"image":{"@id":"https:\/\/chtululu.be\/index.php\/produit\/jai-aime-une-reine\/#primaryimage"},"thumbnailUrl":"https:\/\/chtululu.be\/wp-content\/uploads\/2017\/01\/jai_aime_une_reine.jpg","datePublished":"2017-01-07T19:21:58+00:00","dateModified":"2017-01-07T19:32:06+00:00","breadcrumb":{"@id":"https:\/\/chtululu.be\/index.php\/produit\/jai-aime-une-reine\/#breadcrumb"},"inLanguage":"fr-FR","potentialAction":[{"@type":"ReadAction","target":["https:\/\/chtululu.be\/index.php\/produit\/jai-aime-une-reine\/"]}]},{"@type":"ImageObject","inLanguage":"fr-FR","@id":"https:\/\/chtululu.be\/index.php\/produit\/jai-aime-une-reine\/#primaryimage","url":"https:\/\/chtululu.be\/wp-content\/uploads\/2017\/01\/jai_aime_une_reine.jpg","contentUrl":"https:\/\/chtululu.be\/wp-content\/uploads\/2017\/01\/jai_aime_une_reine.jpg","width":200,"height":306},{"@type":"BreadcrumbList","@id":"https:\/\/chtululu.be\/index.php\/produit\/jai-aime-une-reine\/#breadcrumb","itemListElement":[{"@type":"ListItem","position":1,"name":"Accueil","item":"https:\/\/chtululu.be\/"},{"@type":"ListItem","position":2,"name":"Les livres","item":"https:\/\/chtululu.be\/index.php\/livres-doccasion\/"},{"@type":"ListItem","position":3,"name":"J&rsquo;ai aim\u00e9 une reine"}]},{"@type":"WebSite","@id":"https:\/\/chtululu.be\/#website","url":"https:\/\/chtululu.be\/","name":"Le Chtululu","description":"Votre librairie de seconde main \u00e0 Soignies","publisher":{"@id":"https:\/\/chtululu.be\/#organization"},"potentialAction":[{"@type":"SearchAction","target":{"@type":"EntryPoint","urlTemplate":"https:\/\/chtululu.be\/?s={search_term_string}"},"query-input":{"@type":"PropertyValueSpecification","valueRequired":true,"valueName":"search_term_string"}}],"inLanguage":"fr-FR"},{"@type":"Organization","@id":"https:\/\/chtululu.be\/#organization","name":"Le Chtululu","url":"https:\/\/chtululu.be\/","logo":{"@type":"ImageObject","inLanguage":"fr-FR","@id":"https:\/\/chtululu.be\/#\/schema\/logo\/image\/","url":"https:\/\/chtululu.be\/wp-content\/uploads\/2016\/05\/logo-def-blanc.jpg","contentUrl":"https:\/\/chtululu.be\/wp-content\/uploads\/2016\/05\/logo-def-blanc.jpg","width":2048,"height":1901,"caption":"Le Chtululu"},"image":{"@id":"https:\/\/chtululu.be\/#\/schema\/logo\/image\/"}}]}},"_links":{"self":[{"href":"https:\/\/chtululu.be\/index.php\/wp-json\/wp\/v2\/product\/690","targetHints":{"allow":["GET"]}}],"collection":[{"href":"https:\/\/chtululu.be\/index.php\/wp-json\/wp\/v2\/product"}],"about":[{"href":"https:\/\/chtululu.be\/index.php\/wp-json\/wp\/v2\/types\/product"}],"wp:featuredmedia":[{"embeddable":true,"href":"https:\/\/chtululu.be\/index.php\/wp-json\/wp\/v2\/media\/676"}],"wp:attachment":[{"href":"https:\/\/chtululu.be\/index.php\/wp-json\/wp\/v2\/media?parent=690"}],"wp:term":[{"taxonomy":"product_brand","embeddable":true,"href":"https:\/\/chtululu.be\/index.php\/wp-json\/wp\/v2\/product_brand?post=690"},{"taxonomy":"product_cat","embeddable":true,"href":"https:\/\/chtululu.be\/index.php\/wp-json\/wp\/v2\/product_cat?post=690"},{"taxonomy":"product_tag","embeddable":true,"href":"https:\/\/chtululu.be\/index.php\/wp-json\/wp\/v2\/product_tag?post=690"}],"curies":[{"name":"wp","href":"https:\/\/api.w.org\/{rel}","templated":true}]}}