{"id":688,"date":"2017-01-07T20:21:56","date_gmt":"2017-01-07T19:21:56","guid":{"rendered":"http:\/\/chtululu.be\/index.php\/produit\/confidence-pour-confidence\/"},"modified":"2017-01-07T20:33:52","modified_gmt":"2017-01-07T19:33:52","slug":"confidence-pour-confidence","status":"publish","type":"product","link":"https:\/\/chtululu.be\/index.php\/produit\/confidence-pour-confidence\/","title":{"rendered":"Confidence pour confidence"},"content":{"rendered":"","protected":false},"excerpt":{"rendered":"<p><strong>Constant Paule<\/strong><br \/>\nAu lendemain d&rsquo;un colloque f\u00e9ministe \u00e0 Middleway, au Kansas, la maison de l&rsquo;universitaire noire Gloria Patter est au centre d&rsquo;un huis clos enjou\u00e9 et nostalgique entre quatre femmes d&rsquo;\u00e2ge m\u00fbr : l&rsquo;h\u00f4tesse Gloria, la romanci\u00e8re fran\u00e7aise Aurore Amer, l&rsquo;actrice norv\u00e9gienne Lola Dhol, dont les frasques ont \u00e9clabouss\u00e9 la presse d&rsquo;autrefois, et Babette Cohen, un professeur d&rsquo;origine pied-noir. Ces personnages, tant\u00f4t tr\u00e8s proches, tant\u00f4t aux antipodes, vivent leurs \u00e9checs et leurs petites gloires avec plus ou moins de sagesse et d&rsquo;ironie. Elles ont au moins en commun de vivre seules.<\/p>\n","protected":false},"featured_media":673,"template":"","meta":{"_acf_changed":false,"_exactmetrics_skip_tracking":false,"_exactmetrics_sitenote_active":false,"_exactmetrics_sitenote_note":"","_exactmetrics_sitenote_category":0},"product_brand":[],"product_cat":[24],"product_tag":[104,105],"class_list":{"0":"post-688","1":"product","2":"type-product","3":"status-publish","4":"has-post-thumbnail","6":"product_cat-roman","7":"product_tag-constant-paule","8":"product_tag-prix-goncourt","10":"first","11":"instock","12":"sold-individually","13":"taxable","14":"shipping-taxable","15":"purchasable","16":"product-type-simple"},"acf":[],"yoast_head":"<!-- This site is optimized with the Yoast SEO plugin v26.6 - https:\/\/yoast.com\/wordpress\/plugins\/seo\/ -->\n<title>Confidence pour confidence - Le Chtululu<\/title>\n<meta name=\"robots\" content=\"index, follow, max-snippet:-1, max-image-preview:large, max-video-preview:-1\" \/>\n<link rel=\"canonical\" href=\"https:\/\/chtululu.be\/index.php\/produit\/confidence-pour-confidence\/\" \/>\n<meta property=\"og:locale\" content=\"fr_FR\" \/>\n<meta property=\"og:type\" content=\"article\" \/>\n<meta property=\"og:title\" content=\"Confidence pour confidence - Le Chtululu\" \/>\n<meta property=\"og:description\" content=\"Constant Paule Au lendemain d&#039;un colloque f\u00e9ministe \u00e0 Middleway, au Kansas, la maison de l&#039;universitaire noire Gloria Patter est au centre d&#039;un huis clos enjou\u00e9 et nostalgique entre quatre femmes d&#039;\u00e2ge m\u00fbr : l&#039;h\u00f4tesse Gloria, la romanci\u00e8re fran\u00e7aise Aurore Amer, l&#039;actrice norv\u00e9gienne Lola Dhol, dont les frasques ont \u00e9clabouss\u00e9 la presse d&#039;autrefois, et Babette Cohen, un professeur d&#039;origine pied-noir. Ces personnages, tant\u00f4t tr\u00e8s proches, tant\u00f4t aux antipodes, vivent leurs \u00e9checs et leurs petites gloires avec plus ou moins de sagesse et d&#039;ironie. Elles ont au moins en commun de vivre seules.\" \/>\n<meta property=\"og:url\" content=\"https:\/\/chtululu.be\/index.php\/produit\/confidence-pour-confidence\/\" \/>\n<meta property=\"og:site_name\" content=\"Le Chtululu\" \/>\n<meta property=\"article:modified_time\" content=\"2017-01-07T19:33:52+00:00\" \/>\n<meta property=\"og:image\" content=\"https:\/\/chtululu.be\/wp-content\/uploads\/2017\/01\/confidence-pour-confidence.jpg\" \/>\n\t<meta property=\"og:image:width\" content=\"200\" \/>\n\t<meta property=\"og:image:height\" content=\"294\" \/>\n\t<meta property=\"og:image:type\" content=\"image\/jpeg\" \/>\n<meta name=\"twitter:card\" content=\"summary_large_image\" \/>\n<script type=\"application\/ld+json\" class=\"yoast-schema-graph\">{\"@context\":\"https:\/\/schema.org\",\"@graph\":[{\"@type\":\"WebPage\",\"@id\":\"https:\/\/chtululu.be\/index.php\/produit\/confidence-pour-confidence\/\",\"url\":\"https:\/\/chtululu.be\/index.php\/produit\/confidence-pour-confidence\/\",\"name\":\"Confidence pour confidence - Le Chtululu\",\"isPartOf\":{\"@id\":\"https:\/\/chtululu.be\/#website\"},\"primaryImageOfPage\":{\"@id\":\"https:\/\/chtululu.be\/index.php\/produit\/confidence-pour-confidence\/#primaryimage\"},\"image\":{\"@id\":\"https:\/\/chtululu.be\/index.php\/produit\/confidence-pour-confidence\/#primaryimage\"},\"thumbnailUrl\":\"https:\/\/chtululu.be\/wp-content\/uploads\/2017\/01\/confidence-pour-confidence.jpg\",\"datePublished\":\"2017-01-07T19:21:56+00:00\",\"dateModified\":\"2017-01-07T19:33:52+00:00\",\"breadcrumb\":{\"@id\":\"https:\/\/chtululu.be\/index.php\/produit\/confidence-pour-confidence\/#breadcrumb\"},\"inLanguage\":\"fr-FR\",\"potentialAction\":[{\"@type\":\"ReadAction\",\"target\":[\"https:\/\/chtululu.be\/index.php\/produit\/confidence-pour-confidence\/\"]}]},{\"@type\":\"ImageObject\",\"inLanguage\":\"fr-FR\",\"@id\":\"https:\/\/chtululu.be\/index.php\/produit\/confidence-pour-confidence\/#primaryimage\",\"url\":\"https:\/\/chtululu.be\/wp-content\/uploads\/2017\/01\/confidence-pour-confidence.jpg\",\"contentUrl\":\"https:\/\/chtululu.be\/wp-content\/uploads\/2017\/01\/confidence-pour-confidence.jpg\",\"width\":200,\"height\":294},{\"@type\":\"BreadcrumbList\",\"@id\":\"https:\/\/chtululu.be\/index.php\/produit\/confidence-pour-confidence\/#breadcrumb\",\"itemListElement\":[{\"@type\":\"ListItem\",\"position\":1,\"name\":\"Accueil\",\"item\":\"https:\/\/chtululu.be\/\"},{\"@type\":\"ListItem\",\"position\":2,\"name\":\"Les livres\",\"item\":\"https:\/\/chtululu.be\/index.php\/livres-doccasion\/\"},{\"@type\":\"ListItem\",\"position\":3,\"name\":\"Confidence pour confidence\"}]},{\"@type\":\"WebSite\",\"@id\":\"https:\/\/chtululu.be\/#website\",\"url\":\"https:\/\/chtululu.be\/\",\"name\":\"Le Chtululu\",\"description\":\"Votre librairie de seconde main \u00e0 Soignies\",\"publisher\":{\"@id\":\"https:\/\/chtululu.be\/#organization\"},\"potentialAction\":[{\"@type\":\"SearchAction\",\"target\":{\"@type\":\"EntryPoint\",\"urlTemplate\":\"https:\/\/chtululu.be\/?s={search_term_string}\"},\"query-input\":{\"@type\":\"PropertyValueSpecification\",\"valueRequired\":true,\"valueName\":\"search_term_string\"}}],\"inLanguage\":\"fr-FR\"},{\"@type\":\"Organization\",\"@id\":\"https:\/\/chtululu.be\/#organization\",\"name\":\"Le Chtululu\",\"url\":\"https:\/\/chtululu.be\/\",\"logo\":{\"@type\":\"ImageObject\",\"inLanguage\":\"fr-FR\",\"@id\":\"https:\/\/chtululu.be\/#\/schema\/logo\/image\/\",\"url\":\"https:\/\/chtululu.be\/wp-content\/uploads\/2016\/05\/logo-def-blanc.jpg\",\"contentUrl\":\"https:\/\/chtululu.be\/wp-content\/uploads\/2016\/05\/logo-def-blanc.jpg\",\"width\":2048,\"height\":1901,\"caption\":\"Le Chtululu\"},\"image\":{\"@id\":\"https:\/\/chtululu.be\/#\/schema\/logo\/image\/\"}}]}<\/script>\n<!-- \/ Yoast SEO plugin. -->","yoast_head_json":{"title":"Confidence pour confidence - Le Chtululu","robots":{"index":"index","follow":"follow","max-snippet":"max-snippet:-1","max-image-preview":"max-image-preview:large","max-video-preview":"max-video-preview:-1"},"canonical":"https:\/\/chtululu.be\/index.php\/produit\/confidence-pour-confidence\/","og_locale":"fr_FR","og_type":"article","og_title":"Confidence pour confidence - Le Chtululu","og_description":"Constant Paule Au lendemain d'un colloque f\u00e9ministe \u00e0 Middleway, au Kansas, la maison de l'universitaire noire Gloria Patter est au centre d'un huis clos enjou\u00e9 et nostalgique entre quatre femmes d'\u00e2ge m\u00fbr : l'h\u00f4tesse Gloria, la romanci\u00e8re fran\u00e7aise Aurore Amer, l'actrice norv\u00e9gienne Lola Dhol, dont les frasques ont \u00e9clabouss\u00e9 la presse d'autrefois, et Babette Cohen, un professeur d'origine pied-noir. Ces personnages, tant\u00f4t tr\u00e8s proches, tant\u00f4t aux antipodes, vivent leurs \u00e9checs et leurs petites gloires avec plus ou moins de sagesse et d'ironie. Elles ont au moins en commun de vivre seules.","og_url":"https:\/\/chtululu.be\/index.php\/produit\/confidence-pour-confidence\/","og_site_name":"Le Chtululu","article_modified_time":"2017-01-07T19:33:52+00:00","og_image":[{"width":200,"height":294,"url":"https:\/\/chtululu.be\/wp-content\/uploads\/2017\/01\/confidence-pour-confidence.jpg","type":"image\/jpeg"}],"twitter_card":"summary_large_image","schema":{"@context":"https:\/\/schema.org","@graph":[{"@type":"WebPage","@id":"https:\/\/chtululu.be\/index.php\/produit\/confidence-pour-confidence\/","url":"https:\/\/chtululu.be\/index.php\/produit\/confidence-pour-confidence\/","name":"Confidence pour confidence - Le Chtululu","isPartOf":{"@id":"https:\/\/chtululu.be\/#website"},"primaryImageOfPage":{"@id":"https:\/\/chtululu.be\/index.php\/produit\/confidence-pour-confidence\/#primaryimage"},"image":{"@id":"https:\/\/chtululu.be\/index.php\/produit\/confidence-pour-confidence\/#primaryimage"},"thumbnailUrl":"https:\/\/chtululu.be\/wp-content\/uploads\/2017\/01\/confidence-pour-confidence.jpg","datePublished":"2017-01-07T19:21:56+00:00","dateModified":"2017-01-07T19:33:52+00:00","breadcrumb":{"@id":"https:\/\/chtululu.be\/index.php\/produit\/confidence-pour-confidence\/#breadcrumb"},"inLanguage":"fr-FR","potentialAction":[{"@type":"ReadAction","target":["https:\/\/chtululu.be\/index.php\/produit\/confidence-pour-confidence\/"]}]},{"@type":"ImageObject","inLanguage":"fr-FR","@id":"https:\/\/chtululu.be\/index.php\/produit\/confidence-pour-confidence\/#primaryimage","url":"https:\/\/chtululu.be\/wp-content\/uploads\/2017\/01\/confidence-pour-confidence.jpg","contentUrl":"https:\/\/chtululu.be\/wp-content\/uploads\/2017\/01\/confidence-pour-confidence.jpg","width":200,"height":294},{"@type":"BreadcrumbList","@id":"https:\/\/chtululu.be\/index.php\/produit\/confidence-pour-confidence\/#breadcrumb","itemListElement":[{"@type":"ListItem","position":1,"name":"Accueil","item":"https:\/\/chtululu.be\/"},{"@type":"ListItem","position":2,"name":"Les livres","item":"https:\/\/chtululu.be\/index.php\/livres-doccasion\/"},{"@type":"ListItem","position":3,"name":"Confidence pour confidence"}]},{"@type":"WebSite","@id":"https:\/\/chtululu.be\/#website","url":"https:\/\/chtululu.be\/","name":"Le Chtululu","description":"Votre librairie de seconde main \u00e0 Soignies","publisher":{"@id":"https:\/\/chtululu.be\/#organization"},"potentialAction":[{"@type":"SearchAction","target":{"@type":"EntryPoint","urlTemplate":"https:\/\/chtululu.be\/?s={search_term_string}"},"query-input":{"@type":"PropertyValueSpecification","valueRequired":true,"valueName":"search_term_string"}}],"inLanguage":"fr-FR"},{"@type":"Organization","@id":"https:\/\/chtululu.be\/#organization","name":"Le Chtululu","url":"https:\/\/chtululu.be\/","logo":{"@type":"ImageObject","inLanguage":"fr-FR","@id":"https:\/\/chtululu.be\/#\/schema\/logo\/image\/","url":"https:\/\/chtululu.be\/wp-content\/uploads\/2016\/05\/logo-def-blanc.jpg","contentUrl":"https:\/\/chtululu.be\/wp-content\/uploads\/2016\/05\/logo-def-blanc.jpg","width":2048,"height":1901,"caption":"Le Chtululu"},"image":{"@id":"https:\/\/chtululu.be\/#\/schema\/logo\/image\/"}}]}},"_links":{"self":[{"href":"https:\/\/chtululu.be\/index.php\/wp-json\/wp\/v2\/product\/688","targetHints":{"allow":["GET"]}}],"collection":[{"href":"https:\/\/chtululu.be\/index.php\/wp-json\/wp\/v2\/product"}],"about":[{"href":"https:\/\/chtululu.be\/index.php\/wp-json\/wp\/v2\/types\/product"}],"wp:featuredmedia":[{"embeddable":true,"href":"https:\/\/chtululu.be\/index.php\/wp-json\/wp\/v2\/media\/673"}],"wp:attachment":[{"href":"https:\/\/chtululu.be\/index.php\/wp-json\/wp\/v2\/media?parent=688"}],"wp:term":[{"taxonomy":"product_brand","embeddable":true,"href":"https:\/\/chtululu.be\/index.php\/wp-json\/wp\/v2\/product_brand?post=688"},{"taxonomy":"product_cat","embeddable":true,"href":"https:\/\/chtululu.be\/index.php\/wp-json\/wp\/v2\/product_cat?post=688"},{"taxonomy":"product_tag","embeddable":true,"href":"https:\/\/chtululu.be\/index.php\/wp-json\/wp\/v2\/product_tag?post=688"}],"curies":[{"name":"wp","href":"https:\/\/api.w.org\/{rel}","templated":true}]}}