{"id":645,"date":"2017-01-07T16:59:23","date_gmt":"2017-01-07T15:59:23","guid":{"rendered":"http:\/\/chtululu.be\/index.php\/produit\/deux-petites-filles-en-bleu\/"},"modified":"2021-01-30T22:09:21","modified_gmt":"2021-01-30T21:09:21","slug":"deux-petites-filles-en-bleu","status":"publish","type":"product","link":"https:\/\/chtululu.be\/index.php\/produit\/deux-petites-filles-en-bleu\/","title":{"rendered":"Deux petites filles en bleu"},"content":{"rendered":"","protected":false},"excerpt":{"rendered":"<p><strong>Clark Mary Higgins<\/strong><br \/>\nGo\u00fbter d&rsquo;anniversaire chez les Frawley : on f\u00eate les trois ans des jumelles, Kelly et Kathy. Mais le soir m\u00eame, de retour d&rsquo;un d\u00eener, les parents des fillettes sont accueillis par la police : leur baby-sitter a perdu connaissance et les petites ont disparu. Kidnapp\u00e9es. Apr\u00e8s avoir r\u00e9ussi \u00e0 rassembler la ran\u00e7on de 8 millions de dollars exig\u00e9e, Steve et Margaret entrent en contact avec le ravisseur. Le jour de l&rsquo;\u00e9change, ils ne trouvent cependant que Kelly dans une voiture abandonn\u00e9e. Qu&rsquo;est-il advenu de Kathy ? Alors que tout espoir semble perdu, Kelly affirme que sa soeur est bien vivante, comme si les jumelles parvenaient \u00e0 communiquer par t\u00e9l\u00e9pathie&#8230; Jamais depuis Un cri dans la nuit, Mary Higgins Clark n&rsquo;avait \u00e9lev\u00e9 la tension \u00e0 un tel degr\u00e9. Un suspense extr\u00eame et angoissant qui nous plonge dans le pire des cauchemars : celui des kidnappings d&rsquo;enfants.<\/p>\n","protected":false},"featured_media":641,"template":"","meta":{"_acf_changed":false,"_exactmetrics_skip_tracking":false,"_exactmetrics_sitenote_active":false,"_exactmetrics_sitenote_note":"","_exactmetrics_sitenote_category":0},"product_brand":[],"product_cat":[385],"product_tag":[84],"class_list":{"0":"post-645","1":"product","2":"type-product","3":"status-publish","4":"has-post-thumbnail","6":"product_cat-thrillers-policiers","7":"product_tag-clark-mary-higgins","9":"first","10":"instock","11":"sold-individually","12":"taxable","13":"shipping-taxable","14":"purchasable","15":"product-type-simple"},"acf":[],"yoast_head":"<!-- This site is optimized with the Yoast SEO plugin v26.6 - https:\/\/yoast.com\/wordpress\/plugins\/seo\/ -->\n<title>Deux petites filles en bleu - Le Chtululu<\/title>\n<meta name=\"robots\" content=\"index, follow, max-snippet:-1, max-image-preview:large, max-video-preview:-1\" \/>\n<link rel=\"canonical\" href=\"https:\/\/chtululu.be\/index.php\/produit\/deux-petites-filles-en-bleu\/\" \/>\n<meta property=\"og:locale\" content=\"fr_FR\" \/>\n<meta property=\"og:type\" content=\"article\" \/>\n<meta property=\"og:title\" content=\"Deux petites filles en bleu - Le Chtululu\" \/>\n<meta property=\"og:description\" content=\"Clark Mary Higgins Go\u00fbter d&#039;anniversaire chez les Frawley : on f\u00eate les trois ans des jumelles, Kelly et Kathy. Mais le soir m\u00eame, de retour d&#039;un d\u00eener, les parents des fillettes sont accueillis par la police : leur baby-sitter a perdu connaissance et les petites ont disparu. Kidnapp\u00e9es. Apr\u00e8s avoir r\u00e9ussi \u00e0 rassembler la ran\u00e7on de 8 millions de dollars exig\u00e9e, Steve et Margaret entrent en contact avec le ravisseur. Le jour de l&#039;\u00e9change, ils ne trouvent cependant que Kelly dans une voiture abandonn\u00e9e. Qu&#039;est-il advenu de Kathy ? Alors que tout espoir semble perdu, Kelly affirme que sa soeur est bien vivante, comme si les jumelles parvenaient \u00e0 communiquer par t\u00e9l\u00e9pathie... Jamais depuis Un cri dans la nuit, Mary Higgins Clark n&#039;avait \u00e9lev\u00e9 la tension \u00e0 un tel degr\u00e9. Un suspense extr\u00eame et angoissant qui nous plonge dans le pire des cauchemars : celui des kidnappings d&#039;enfants.\" \/>\n<meta property=\"og:url\" content=\"https:\/\/chtululu.be\/index.php\/produit\/deux-petites-filles-en-bleu\/\" \/>\n<meta property=\"og:site_name\" content=\"Le Chtululu\" \/>\n<meta property=\"article:modified_time\" content=\"2021-01-30T21:09:21+00:00\" \/>\n<meta property=\"og:image\" content=\"https:\/\/chtululu.be\/wp-content\/uploads\/2017\/01\/deux-petites-filles-en-bleu.jpg\" \/>\n\t<meta property=\"og:image:width\" content=\"200\" \/>\n\t<meta property=\"og:image:height\" content=\"310\" \/>\n\t<meta property=\"og:image:type\" content=\"image\/jpeg\" \/>\n<meta name=\"twitter:card\" content=\"summary_large_image\" \/>\n<script type=\"application\/ld+json\" class=\"yoast-schema-graph\">{\"@context\":\"https:\/\/schema.org\",\"@graph\":[{\"@type\":\"WebPage\",\"@id\":\"https:\/\/chtululu.be\/index.php\/produit\/deux-petites-filles-en-bleu\/\",\"url\":\"https:\/\/chtululu.be\/index.php\/produit\/deux-petites-filles-en-bleu\/\",\"name\":\"Deux petites filles en bleu - Le Chtululu\",\"isPartOf\":{\"@id\":\"https:\/\/chtululu.be\/#website\"},\"primaryImageOfPage\":{\"@id\":\"https:\/\/chtululu.be\/index.php\/produit\/deux-petites-filles-en-bleu\/#primaryimage\"},\"image\":{\"@id\":\"https:\/\/chtululu.be\/index.php\/produit\/deux-petites-filles-en-bleu\/#primaryimage\"},\"thumbnailUrl\":\"https:\/\/chtululu.be\/wp-content\/uploads\/2017\/01\/deux-petites-filles-en-bleu.jpg\",\"datePublished\":\"2017-01-07T15:59:23+00:00\",\"dateModified\":\"2021-01-30T21:09:21+00:00\",\"breadcrumb\":{\"@id\":\"https:\/\/chtululu.be\/index.php\/produit\/deux-petites-filles-en-bleu\/#breadcrumb\"},\"inLanguage\":\"fr-FR\",\"potentialAction\":[{\"@type\":\"ReadAction\",\"target\":[\"https:\/\/chtululu.be\/index.php\/produit\/deux-petites-filles-en-bleu\/\"]}]},{\"@type\":\"ImageObject\",\"inLanguage\":\"fr-FR\",\"@id\":\"https:\/\/chtululu.be\/index.php\/produit\/deux-petites-filles-en-bleu\/#primaryimage\",\"url\":\"https:\/\/chtululu.be\/wp-content\/uploads\/2017\/01\/deux-petites-filles-en-bleu.jpg\",\"contentUrl\":\"https:\/\/chtululu.be\/wp-content\/uploads\/2017\/01\/deux-petites-filles-en-bleu.jpg\",\"width\":200,\"height\":310},{\"@type\":\"BreadcrumbList\",\"@id\":\"https:\/\/chtululu.be\/index.php\/produit\/deux-petites-filles-en-bleu\/#breadcrumb\",\"itemListElement\":[{\"@type\":\"ListItem\",\"position\":1,\"name\":\"Accueil\",\"item\":\"https:\/\/chtululu.be\/\"},{\"@type\":\"ListItem\",\"position\":2,\"name\":\"Les livres\",\"item\":\"https:\/\/chtululu.be\/index.php\/livres-doccasion\/\"},{\"@type\":\"ListItem\",\"position\":3,\"name\":\"Deux petites filles en bleu\"}]},{\"@type\":\"WebSite\",\"@id\":\"https:\/\/chtululu.be\/#website\",\"url\":\"https:\/\/chtululu.be\/\",\"name\":\"Le Chtululu\",\"description\":\"Votre librairie de seconde main \u00e0 Soignies\",\"publisher\":{\"@id\":\"https:\/\/chtululu.be\/#organization\"},\"potentialAction\":[{\"@type\":\"SearchAction\",\"target\":{\"@type\":\"EntryPoint\",\"urlTemplate\":\"https:\/\/chtululu.be\/?s={search_term_string}\"},\"query-input\":{\"@type\":\"PropertyValueSpecification\",\"valueRequired\":true,\"valueName\":\"search_term_string\"}}],\"inLanguage\":\"fr-FR\"},{\"@type\":\"Organization\",\"@id\":\"https:\/\/chtululu.be\/#organization\",\"name\":\"Le Chtululu\",\"url\":\"https:\/\/chtululu.be\/\",\"logo\":{\"@type\":\"ImageObject\",\"inLanguage\":\"fr-FR\",\"@id\":\"https:\/\/chtululu.be\/#\/schema\/logo\/image\/\",\"url\":\"https:\/\/chtululu.be\/wp-content\/uploads\/2016\/05\/logo-def-blanc.jpg\",\"contentUrl\":\"https:\/\/chtululu.be\/wp-content\/uploads\/2016\/05\/logo-def-blanc.jpg\",\"width\":2048,\"height\":1901,\"caption\":\"Le Chtululu\"},\"image\":{\"@id\":\"https:\/\/chtululu.be\/#\/schema\/logo\/image\/\"}}]}<\/script>\n<!-- \/ Yoast SEO plugin. -->","yoast_head_json":{"title":"Deux petites filles en bleu - Le Chtululu","robots":{"index":"index","follow":"follow","max-snippet":"max-snippet:-1","max-image-preview":"max-image-preview:large","max-video-preview":"max-video-preview:-1"},"canonical":"https:\/\/chtululu.be\/index.php\/produit\/deux-petites-filles-en-bleu\/","og_locale":"fr_FR","og_type":"article","og_title":"Deux petites filles en bleu - Le Chtululu","og_description":"Clark Mary Higgins Go\u00fbter d'anniversaire chez les Frawley : on f\u00eate les trois ans des jumelles, Kelly et Kathy. Mais le soir m\u00eame, de retour d'un d\u00eener, les parents des fillettes sont accueillis par la police : leur baby-sitter a perdu connaissance et les petites ont disparu. Kidnapp\u00e9es. Apr\u00e8s avoir r\u00e9ussi \u00e0 rassembler la ran\u00e7on de 8 millions de dollars exig\u00e9e, Steve et Margaret entrent en contact avec le ravisseur. Le jour de l'\u00e9change, ils ne trouvent cependant que Kelly dans une voiture abandonn\u00e9e. Qu'est-il advenu de Kathy ? Alors que tout espoir semble perdu, Kelly affirme que sa soeur est bien vivante, comme si les jumelles parvenaient \u00e0 communiquer par t\u00e9l\u00e9pathie... Jamais depuis Un cri dans la nuit, Mary Higgins Clark n'avait \u00e9lev\u00e9 la tension \u00e0 un tel degr\u00e9. Un suspense extr\u00eame et angoissant qui nous plonge dans le pire des cauchemars : celui des kidnappings d'enfants.","og_url":"https:\/\/chtululu.be\/index.php\/produit\/deux-petites-filles-en-bleu\/","og_site_name":"Le Chtululu","article_modified_time":"2021-01-30T21:09:21+00:00","og_image":[{"width":200,"height":310,"url":"https:\/\/chtululu.be\/wp-content\/uploads\/2017\/01\/deux-petites-filles-en-bleu.jpg","type":"image\/jpeg"}],"twitter_card":"summary_large_image","schema":{"@context":"https:\/\/schema.org","@graph":[{"@type":"WebPage","@id":"https:\/\/chtululu.be\/index.php\/produit\/deux-petites-filles-en-bleu\/","url":"https:\/\/chtululu.be\/index.php\/produit\/deux-petites-filles-en-bleu\/","name":"Deux petites filles en bleu - Le Chtululu","isPartOf":{"@id":"https:\/\/chtululu.be\/#website"},"primaryImageOfPage":{"@id":"https:\/\/chtululu.be\/index.php\/produit\/deux-petites-filles-en-bleu\/#primaryimage"},"image":{"@id":"https:\/\/chtululu.be\/index.php\/produit\/deux-petites-filles-en-bleu\/#primaryimage"},"thumbnailUrl":"https:\/\/chtululu.be\/wp-content\/uploads\/2017\/01\/deux-petites-filles-en-bleu.jpg","datePublished":"2017-01-07T15:59:23+00:00","dateModified":"2021-01-30T21:09:21+00:00","breadcrumb":{"@id":"https:\/\/chtululu.be\/index.php\/produit\/deux-petites-filles-en-bleu\/#breadcrumb"},"inLanguage":"fr-FR","potentialAction":[{"@type":"ReadAction","target":["https:\/\/chtululu.be\/index.php\/produit\/deux-petites-filles-en-bleu\/"]}]},{"@type":"ImageObject","inLanguage":"fr-FR","@id":"https:\/\/chtululu.be\/index.php\/produit\/deux-petites-filles-en-bleu\/#primaryimage","url":"https:\/\/chtululu.be\/wp-content\/uploads\/2017\/01\/deux-petites-filles-en-bleu.jpg","contentUrl":"https:\/\/chtululu.be\/wp-content\/uploads\/2017\/01\/deux-petites-filles-en-bleu.jpg","width":200,"height":310},{"@type":"BreadcrumbList","@id":"https:\/\/chtululu.be\/index.php\/produit\/deux-petites-filles-en-bleu\/#breadcrumb","itemListElement":[{"@type":"ListItem","position":1,"name":"Accueil","item":"https:\/\/chtululu.be\/"},{"@type":"ListItem","position":2,"name":"Les livres","item":"https:\/\/chtululu.be\/index.php\/livres-doccasion\/"},{"@type":"ListItem","position":3,"name":"Deux petites filles en bleu"}]},{"@type":"WebSite","@id":"https:\/\/chtululu.be\/#website","url":"https:\/\/chtululu.be\/","name":"Le Chtululu","description":"Votre librairie de seconde main \u00e0 Soignies","publisher":{"@id":"https:\/\/chtululu.be\/#organization"},"potentialAction":[{"@type":"SearchAction","target":{"@type":"EntryPoint","urlTemplate":"https:\/\/chtululu.be\/?s={search_term_string}"},"query-input":{"@type":"PropertyValueSpecification","valueRequired":true,"valueName":"search_term_string"}}],"inLanguage":"fr-FR"},{"@type":"Organization","@id":"https:\/\/chtululu.be\/#organization","name":"Le Chtululu","url":"https:\/\/chtululu.be\/","logo":{"@type":"ImageObject","inLanguage":"fr-FR","@id":"https:\/\/chtululu.be\/#\/schema\/logo\/image\/","url":"https:\/\/chtululu.be\/wp-content\/uploads\/2016\/05\/logo-def-blanc.jpg","contentUrl":"https:\/\/chtululu.be\/wp-content\/uploads\/2016\/05\/logo-def-blanc.jpg","width":2048,"height":1901,"caption":"Le Chtululu"},"image":{"@id":"https:\/\/chtululu.be\/#\/schema\/logo\/image\/"}}]}},"_links":{"self":[{"href":"https:\/\/chtululu.be\/index.php\/wp-json\/wp\/v2\/product\/645","targetHints":{"allow":["GET"]}}],"collection":[{"href":"https:\/\/chtululu.be\/index.php\/wp-json\/wp\/v2\/product"}],"about":[{"href":"https:\/\/chtululu.be\/index.php\/wp-json\/wp\/v2\/types\/product"}],"wp:featuredmedia":[{"embeddable":true,"href":"https:\/\/chtululu.be\/index.php\/wp-json\/wp\/v2\/media\/641"}],"wp:attachment":[{"href":"https:\/\/chtululu.be\/index.php\/wp-json\/wp\/v2\/media?parent=645"}],"wp:term":[{"taxonomy":"product_brand","embeddable":true,"href":"https:\/\/chtululu.be\/index.php\/wp-json\/wp\/v2\/product_brand?post=645"},{"taxonomy":"product_cat","embeddable":true,"href":"https:\/\/chtululu.be\/index.php\/wp-json\/wp\/v2\/product_cat?post=645"},{"taxonomy":"product_tag","embeddable":true,"href":"https:\/\/chtululu.be\/index.php\/wp-json\/wp\/v2\/product_tag?post=645"}],"curies":[{"name":"wp","href":"https:\/\/api.w.org\/{rel}","templated":true}]}}