{"id":644,"date":"2017-01-07T16:59:22","date_gmt":"2017-01-07T15:59:22","guid":{"rendered":"http:\/\/chtululu.be\/index.php\/produit\/un-cri-dans-la-nuit\/"},"modified":"2021-01-30T22:10:07","modified_gmt":"2021-01-30T21:10:07","slug":"un-cri-dans-la-nuit","status":"publish","type":"product","link":"https:\/\/chtululu.be\/index.php\/produit\/un-cri-dans-la-nuit\/","title":{"rendered":"Un cri dans la nuit"},"content":{"rendered":"","protected":false},"excerpt":{"rendered":"<p><strong>Clark Mary Higgins<\/strong><br \/>\nJeune divorc\u00e9e, Jenny se d\u00e9bat dans la vie pour \u00e9lever ses deux petites filles. Lorsqu&rsquo;elle fait la connaissance du beau, riche et irr\u00e9sistible Erich Krueger, Jenny a le coup de foudre. Apr\u00e8s une cour h\u00e2tive, Erich l&rsquo;\u00e9pouse et l&#8217;emm\u00e8ne avec ses filles chez lui, au Minnesota, dans une maison de r\u00eave. Mais le bonheur de Jenny ne dure pas longtemps. Bient\u00f4t survient une succession d&rsquo;incidents \u00e9tranges et terrifiants ; le conte de f\u00e9es tourne \u00e0 l&rsquo;\u00e9pouvante&#8230;<\/p>\n","protected":false},"featured_media":642,"template":"","meta":{"_acf_changed":false,"_exactmetrics_skip_tracking":false,"_exactmetrics_sitenote_active":false,"_exactmetrics_sitenote_note":"","_exactmetrics_sitenote_category":0},"product_brand":[],"product_cat":[385],"product_tag":[84],"class_list":{"0":"post-644","1":"product","2":"type-product","3":"status-publish","4":"has-post-thumbnail","6":"product_cat-thrillers-policiers","7":"product_tag-clark-mary-higgins","9":"first","10":"instock","11":"sold-individually","12":"taxable","13":"shipping-taxable","14":"purchasable","15":"product-type-simple"},"acf":[],"yoast_head":"<!-- This site is optimized with the Yoast SEO plugin v26.6 - https:\/\/yoast.com\/wordpress\/plugins\/seo\/ -->\n<title>Un cri dans la nuit - Le Chtululu<\/title>\n<meta name=\"robots\" content=\"index, follow, max-snippet:-1, max-image-preview:large, max-video-preview:-1\" \/>\n<link rel=\"canonical\" href=\"https:\/\/chtululu.be\/index.php\/produit\/un-cri-dans-la-nuit\/\" \/>\n<meta property=\"og:locale\" content=\"fr_FR\" \/>\n<meta property=\"og:type\" content=\"article\" \/>\n<meta property=\"og:title\" content=\"Un cri dans la nuit - Le Chtululu\" \/>\n<meta property=\"og:description\" content=\"Clark Mary Higgins Jeune divorc\u00e9e, Jenny se d\u00e9bat dans la vie pour \u00e9lever ses deux petites filles. Lorsqu&#039;elle fait la connaissance du beau, riche et irr\u00e9sistible Erich Krueger, Jenny a le coup de foudre. Apr\u00e8s une cour h\u00e2tive, Erich l&#039;\u00e9pouse et l&#039;emm\u00e8ne avec ses filles chez lui, au Minnesota, dans une maison de r\u00eave. Mais le bonheur de Jenny ne dure pas longtemps. Bient\u00f4t survient une succession d&#039;incidents \u00e9tranges et terrifiants ; le conte de f\u00e9es tourne \u00e0 l&#039;\u00e9pouvante...\" \/>\n<meta property=\"og:url\" content=\"https:\/\/chtululu.be\/index.php\/produit\/un-cri-dans-la-nuit\/\" \/>\n<meta property=\"og:site_name\" content=\"Le Chtululu\" \/>\n<meta property=\"article:modified_time\" content=\"2021-01-30T21:10:07+00:00\" \/>\n<meta property=\"og:image\" content=\"https:\/\/chtululu.be\/wp-content\/uploads\/2017\/01\/un-cri-dans-la-nuit.jpg\" \/>\n\t<meta property=\"og:image:width\" content=\"200\" \/>\n\t<meta property=\"og:image:height\" content=\"302\" \/>\n\t<meta property=\"og:image:type\" content=\"image\/jpeg\" \/>\n<meta name=\"twitter:card\" content=\"summary_large_image\" \/>\n<script type=\"application\/ld+json\" class=\"yoast-schema-graph\">{\"@context\":\"https:\/\/schema.org\",\"@graph\":[{\"@type\":\"WebPage\",\"@id\":\"https:\/\/chtululu.be\/index.php\/produit\/un-cri-dans-la-nuit\/\",\"url\":\"https:\/\/chtululu.be\/index.php\/produit\/un-cri-dans-la-nuit\/\",\"name\":\"Un cri dans la nuit - Le Chtululu\",\"isPartOf\":{\"@id\":\"https:\/\/chtululu.be\/#website\"},\"primaryImageOfPage\":{\"@id\":\"https:\/\/chtululu.be\/index.php\/produit\/un-cri-dans-la-nuit\/#primaryimage\"},\"image\":{\"@id\":\"https:\/\/chtululu.be\/index.php\/produit\/un-cri-dans-la-nuit\/#primaryimage\"},\"thumbnailUrl\":\"https:\/\/chtululu.be\/wp-content\/uploads\/2017\/01\/un-cri-dans-la-nuit.jpg\",\"datePublished\":\"2017-01-07T15:59:22+00:00\",\"dateModified\":\"2021-01-30T21:10:07+00:00\",\"breadcrumb\":{\"@id\":\"https:\/\/chtululu.be\/index.php\/produit\/un-cri-dans-la-nuit\/#breadcrumb\"},\"inLanguage\":\"fr-FR\",\"potentialAction\":[{\"@type\":\"ReadAction\",\"target\":[\"https:\/\/chtululu.be\/index.php\/produit\/un-cri-dans-la-nuit\/\"]}]},{\"@type\":\"ImageObject\",\"inLanguage\":\"fr-FR\",\"@id\":\"https:\/\/chtululu.be\/index.php\/produit\/un-cri-dans-la-nuit\/#primaryimage\",\"url\":\"https:\/\/chtululu.be\/wp-content\/uploads\/2017\/01\/un-cri-dans-la-nuit.jpg\",\"contentUrl\":\"https:\/\/chtululu.be\/wp-content\/uploads\/2017\/01\/un-cri-dans-la-nuit.jpg\",\"width\":200,\"height\":302},{\"@type\":\"BreadcrumbList\",\"@id\":\"https:\/\/chtululu.be\/index.php\/produit\/un-cri-dans-la-nuit\/#breadcrumb\",\"itemListElement\":[{\"@type\":\"ListItem\",\"position\":1,\"name\":\"Accueil\",\"item\":\"https:\/\/chtululu.be\/\"},{\"@type\":\"ListItem\",\"position\":2,\"name\":\"Les livres\",\"item\":\"https:\/\/chtululu.be\/index.php\/livres-doccasion\/\"},{\"@type\":\"ListItem\",\"position\":3,\"name\":\"Un cri dans la nuit\"}]},{\"@type\":\"WebSite\",\"@id\":\"https:\/\/chtululu.be\/#website\",\"url\":\"https:\/\/chtululu.be\/\",\"name\":\"Le Chtululu\",\"description\":\"Votre librairie de seconde main \u00e0 Soignies\",\"publisher\":{\"@id\":\"https:\/\/chtululu.be\/#organization\"},\"potentialAction\":[{\"@type\":\"SearchAction\",\"target\":{\"@type\":\"EntryPoint\",\"urlTemplate\":\"https:\/\/chtululu.be\/?s={search_term_string}\"},\"query-input\":{\"@type\":\"PropertyValueSpecification\",\"valueRequired\":true,\"valueName\":\"search_term_string\"}}],\"inLanguage\":\"fr-FR\"},{\"@type\":\"Organization\",\"@id\":\"https:\/\/chtululu.be\/#organization\",\"name\":\"Le Chtululu\",\"url\":\"https:\/\/chtululu.be\/\",\"logo\":{\"@type\":\"ImageObject\",\"inLanguage\":\"fr-FR\",\"@id\":\"https:\/\/chtululu.be\/#\/schema\/logo\/image\/\",\"url\":\"https:\/\/chtululu.be\/wp-content\/uploads\/2016\/05\/logo-def-blanc.jpg\",\"contentUrl\":\"https:\/\/chtululu.be\/wp-content\/uploads\/2016\/05\/logo-def-blanc.jpg\",\"width\":2048,\"height\":1901,\"caption\":\"Le Chtululu\"},\"image\":{\"@id\":\"https:\/\/chtululu.be\/#\/schema\/logo\/image\/\"}}]}<\/script>\n<!-- \/ Yoast SEO plugin. -->","yoast_head_json":{"title":"Un cri dans la nuit - Le Chtululu","robots":{"index":"index","follow":"follow","max-snippet":"max-snippet:-1","max-image-preview":"max-image-preview:large","max-video-preview":"max-video-preview:-1"},"canonical":"https:\/\/chtululu.be\/index.php\/produit\/un-cri-dans-la-nuit\/","og_locale":"fr_FR","og_type":"article","og_title":"Un cri dans la nuit - Le Chtululu","og_description":"Clark Mary Higgins Jeune divorc\u00e9e, Jenny se d\u00e9bat dans la vie pour \u00e9lever ses deux petites filles. Lorsqu'elle fait la connaissance du beau, riche et irr\u00e9sistible Erich Krueger, Jenny a le coup de foudre. Apr\u00e8s une cour h\u00e2tive, Erich l'\u00e9pouse et l'emm\u00e8ne avec ses filles chez lui, au Minnesota, dans une maison de r\u00eave. Mais le bonheur de Jenny ne dure pas longtemps. Bient\u00f4t survient une succession d'incidents \u00e9tranges et terrifiants ; le conte de f\u00e9es tourne \u00e0 l'\u00e9pouvante...","og_url":"https:\/\/chtululu.be\/index.php\/produit\/un-cri-dans-la-nuit\/","og_site_name":"Le Chtululu","article_modified_time":"2021-01-30T21:10:07+00:00","og_image":[{"width":200,"height":302,"url":"https:\/\/chtululu.be\/wp-content\/uploads\/2017\/01\/un-cri-dans-la-nuit.jpg","type":"image\/jpeg"}],"twitter_card":"summary_large_image","schema":{"@context":"https:\/\/schema.org","@graph":[{"@type":"WebPage","@id":"https:\/\/chtululu.be\/index.php\/produit\/un-cri-dans-la-nuit\/","url":"https:\/\/chtululu.be\/index.php\/produit\/un-cri-dans-la-nuit\/","name":"Un cri dans la nuit - Le Chtululu","isPartOf":{"@id":"https:\/\/chtululu.be\/#website"},"primaryImageOfPage":{"@id":"https:\/\/chtululu.be\/index.php\/produit\/un-cri-dans-la-nuit\/#primaryimage"},"image":{"@id":"https:\/\/chtululu.be\/index.php\/produit\/un-cri-dans-la-nuit\/#primaryimage"},"thumbnailUrl":"https:\/\/chtululu.be\/wp-content\/uploads\/2017\/01\/un-cri-dans-la-nuit.jpg","datePublished":"2017-01-07T15:59:22+00:00","dateModified":"2021-01-30T21:10:07+00:00","breadcrumb":{"@id":"https:\/\/chtululu.be\/index.php\/produit\/un-cri-dans-la-nuit\/#breadcrumb"},"inLanguage":"fr-FR","potentialAction":[{"@type":"ReadAction","target":["https:\/\/chtululu.be\/index.php\/produit\/un-cri-dans-la-nuit\/"]}]},{"@type":"ImageObject","inLanguage":"fr-FR","@id":"https:\/\/chtululu.be\/index.php\/produit\/un-cri-dans-la-nuit\/#primaryimage","url":"https:\/\/chtululu.be\/wp-content\/uploads\/2017\/01\/un-cri-dans-la-nuit.jpg","contentUrl":"https:\/\/chtululu.be\/wp-content\/uploads\/2017\/01\/un-cri-dans-la-nuit.jpg","width":200,"height":302},{"@type":"BreadcrumbList","@id":"https:\/\/chtululu.be\/index.php\/produit\/un-cri-dans-la-nuit\/#breadcrumb","itemListElement":[{"@type":"ListItem","position":1,"name":"Accueil","item":"https:\/\/chtululu.be\/"},{"@type":"ListItem","position":2,"name":"Les livres","item":"https:\/\/chtululu.be\/index.php\/livres-doccasion\/"},{"@type":"ListItem","position":3,"name":"Un cri dans la nuit"}]},{"@type":"WebSite","@id":"https:\/\/chtululu.be\/#website","url":"https:\/\/chtululu.be\/","name":"Le Chtululu","description":"Votre librairie de seconde main \u00e0 Soignies","publisher":{"@id":"https:\/\/chtululu.be\/#organization"},"potentialAction":[{"@type":"SearchAction","target":{"@type":"EntryPoint","urlTemplate":"https:\/\/chtululu.be\/?s={search_term_string}"},"query-input":{"@type":"PropertyValueSpecification","valueRequired":true,"valueName":"search_term_string"}}],"inLanguage":"fr-FR"},{"@type":"Organization","@id":"https:\/\/chtululu.be\/#organization","name":"Le Chtululu","url":"https:\/\/chtululu.be\/","logo":{"@type":"ImageObject","inLanguage":"fr-FR","@id":"https:\/\/chtululu.be\/#\/schema\/logo\/image\/","url":"https:\/\/chtululu.be\/wp-content\/uploads\/2016\/05\/logo-def-blanc.jpg","contentUrl":"https:\/\/chtululu.be\/wp-content\/uploads\/2016\/05\/logo-def-blanc.jpg","width":2048,"height":1901,"caption":"Le Chtululu"},"image":{"@id":"https:\/\/chtululu.be\/#\/schema\/logo\/image\/"}}]}},"_links":{"self":[{"href":"https:\/\/chtululu.be\/index.php\/wp-json\/wp\/v2\/product\/644","targetHints":{"allow":["GET"]}}],"collection":[{"href":"https:\/\/chtululu.be\/index.php\/wp-json\/wp\/v2\/product"}],"about":[{"href":"https:\/\/chtululu.be\/index.php\/wp-json\/wp\/v2\/types\/product"}],"wp:featuredmedia":[{"embeddable":true,"href":"https:\/\/chtululu.be\/index.php\/wp-json\/wp\/v2\/media\/642"}],"wp:attachment":[{"href":"https:\/\/chtululu.be\/index.php\/wp-json\/wp\/v2\/media?parent=644"}],"wp:term":[{"taxonomy":"product_brand","embeddable":true,"href":"https:\/\/chtululu.be\/index.php\/wp-json\/wp\/v2\/product_brand?post=644"},{"taxonomy":"product_cat","embeddable":true,"href":"https:\/\/chtululu.be\/index.php\/wp-json\/wp\/v2\/product_cat?post=644"},{"taxonomy":"product_tag","embeddable":true,"href":"https:\/\/chtululu.be\/index.php\/wp-json\/wp\/v2\/product_tag?post=644"}],"curies":[{"name":"wp","href":"https:\/\/api.w.org\/{rel}","templated":true}]}}