{"id":643,"date":"2017-01-07T16:59:22","date_gmt":"2017-01-07T15:59:22","guid":{"rendered":"http:\/\/chtululu.be\/index.php\/produit\/une-seconde-chance\/"},"modified":"2021-01-30T22:10:15","modified_gmt":"2021-01-30T21:10:15","slug":"une-seconde-chance","status":"publish","type":"product","link":"https:\/\/chtululu.be\/index.php\/produit\/une-seconde-chance\/","title":{"rendered":"Une seconde chance"},"content":{"rendered":"","protected":false},"excerpt":{"rendered":"<p><strong>Clark Mary Higgins<\/strong><br \/>\nNicholas Spencer, directeur d&rsquo;un centre de recherche m\u00e9dicale, dispara\u00eet dans un myst\u00e9rieux accident d&rsquo;avion. Peu apr\u00e8s, le vaccin anti-canc\u00e9reux sur lequel travaillaient ses laboratoires se voit refuser l&rsquo;autorisation de mise sur le march\u00e9 et Spencer est soup\u00e7onn\u00e9 d&rsquo;avoir d\u00e9tourn\u00e9 des sommes consid\u00e9rables, ruinant les petits actionnaires de sa soci\u00e9t\u00e9.<br \/>\nCarley, une jeune journaliste (et belle-soeur de Spencer) charg\u00e9e de couvrir l&rsquo;enqu\u00eate, se trouve rapidement confront\u00e9e \u00e0 des questions troublantes. Et si Spencer \u00e9tait la victime d&rsquo;un coup mont\u00e9 ? Si son accident d&rsquo;avion n&rsquo;\u00e9tait qu&rsquo;une mise en sc\u00e8ne ? Pourquoi les autorit\u00e9s m\u00e9dicales, favorables \u00e0 la sortie du vaccin, ont-elles brusquement chang\u00e9 d&rsquo;avis ?<br \/>\nCarley se rapproche alors de la v\u00e9rit\u00e9. Dangereusement&#8230;<\/p>\n","protected":false},"featured_media":640,"template":"","meta":{"_acf_changed":false,"_exactmetrics_skip_tracking":false,"_exactmetrics_sitenote_active":false,"_exactmetrics_sitenote_note":"","_exactmetrics_sitenote_category":0},"product_brand":[],"product_cat":[385],"product_tag":[84],"class_list":{"0":"post-643","1":"product","2":"type-product","3":"status-publish","4":"has-post-thumbnail","6":"product_cat-thrillers-policiers","7":"product_tag-clark-mary-higgins","9":"first","10":"instock","11":"sold-individually","12":"taxable","13":"shipping-taxable","14":"purchasable","15":"product-type-simple"},"acf":[],"yoast_head":"<!-- This site is optimized with the Yoast SEO plugin v26.6 - https:\/\/yoast.com\/wordpress\/plugins\/seo\/ -->\n<title>Une seconde chance - Le Chtululu<\/title>\n<meta name=\"robots\" content=\"index, follow, max-snippet:-1, max-image-preview:large, max-video-preview:-1\" \/>\n<link rel=\"canonical\" href=\"https:\/\/chtululu.be\/index.php\/produit\/une-seconde-chance\/\" \/>\n<meta property=\"og:locale\" content=\"fr_FR\" \/>\n<meta property=\"og:type\" content=\"article\" \/>\n<meta property=\"og:title\" content=\"Une seconde chance - Le Chtululu\" \/>\n<meta property=\"og:description\" content=\"Clark Mary Higgins Nicholas Spencer, directeur d&#039;un centre de recherche m\u00e9dicale, dispara\u00eet dans un myst\u00e9rieux accident d&#039;avion. Peu apr\u00e8s, le vaccin anti-canc\u00e9reux sur lequel travaillaient ses laboratoires se voit refuser l&#039;autorisation de mise sur le march\u00e9 et Spencer est soup\u00e7onn\u00e9 d&#039;avoir d\u00e9tourn\u00e9 des sommes consid\u00e9rables, ruinant les petits actionnaires de sa soci\u00e9t\u00e9. Carley, une jeune journaliste (et belle-soeur de Spencer) charg\u00e9e de couvrir l&#039;enqu\u00eate, se trouve rapidement confront\u00e9e \u00e0 des questions troublantes. Et si Spencer \u00e9tait la victime d&#039;un coup mont\u00e9 ? Si son accident d&#039;avion n&#039;\u00e9tait qu&#039;une mise en sc\u00e8ne ? Pourquoi les autorit\u00e9s m\u00e9dicales, favorables \u00e0 la sortie du vaccin, ont-elles brusquement chang\u00e9 d&#039;avis ? Carley se rapproche alors de la v\u00e9rit\u00e9. Dangereusement...\" \/>\n<meta property=\"og:url\" content=\"https:\/\/chtululu.be\/index.php\/produit\/une-seconde-chance\/\" \/>\n<meta property=\"og:site_name\" content=\"Le Chtululu\" \/>\n<meta property=\"article:modified_time\" content=\"2021-01-30T21:10:15+00:00\" \/>\n<meta property=\"og:image\" content=\"https:\/\/chtululu.be\/wp-content\/uploads\/2017\/01\/clark21.jpg\" \/>\n\t<meta property=\"og:image:width\" content=\"200\" \/>\n\t<meta property=\"og:image:height\" content=\"308\" \/>\n\t<meta property=\"og:image:type\" content=\"image\/jpeg\" \/>\n<meta name=\"twitter:card\" content=\"summary_large_image\" \/>\n<script type=\"application\/ld+json\" class=\"yoast-schema-graph\">{\"@context\":\"https:\/\/schema.org\",\"@graph\":[{\"@type\":\"WebPage\",\"@id\":\"https:\/\/chtululu.be\/index.php\/produit\/une-seconde-chance\/\",\"url\":\"https:\/\/chtululu.be\/index.php\/produit\/une-seconde-chance\/\",\"name\":\"Une seconde chance - Le Chtululu\",\"isPartOf\":{\"@id\":\"https:\/\/chtululu.be\/#website\"},\"primaryImageOfPage\":{\"@id\":\"https:\/\/chtululu.be\/index.php\/produit\/une-seconde-chance\/#primaryimage\"},\"image\":{\"@id\":\"https:\/\/chtululu.be\/index.php\/produit\/une-seconde-chance\/#primaryimage\"},\"thumbnailUrl\":\"https:\/\/chtululu.be\/wp-content\/uploads\/2017\/01\/clark21.jpg\",\"datePublished\":\"2017-01-07T15:59:22+00:00\",\"dateModified\":\"2021-01-30T21:10:15+00:00\",\"breadcrumb\":{\"@id\":\"https:\/\/chtululu.be\/index.php\/produit\/une-seconde-chance\/#breadcrumb\"},\"inLanguage\":\"fr-FR\",\"potentialAction\":[{\"@type\":\"ReadAction\",\"target\":[\"https:\/\/chtululu.be\/index.php\/produit\/une-seconde-chance\/\"]}]},{\"@type\":\"ImageObject\",\"inLanguage\":\"fr-FR\",\"@id\":\"https:\/\/chtululu.be\/index.php\/produit\/une-seconde-chance\/#primaryimage\",\"url\":\"https:\/\/chtululu.be\/wp-content\/uploads\/2017\/01\/clark21.jpg\",\"contentUrl\":\"https:\/\/chtululu.be\/wp-content\/uploads\/2017\/01\/clark21.jpg\",\"width\":200,\"height\":308},{\"@type\":\"BreadcrumbList\",\"@id\":\"https:\/\/chtululu.be\/index.php\/produit\/une-seconde-chance\/#breadcrumb\",\"itemListElement\":[{\"@type\":\"ListItem\",\"position\":1,\"name\":\"Accueil\",\"item\":\"https:\/\/chtululu.be\/\"},{\"@type\":\"ListItem\",\"position\":2,\"name\":\"Les livres\",\"item\":\"https:\/\/chtululu.be\/index.php\/livres-doccasion\/\"},{\"@type\":\"ListItem\",\"position\":3,\"name\":\"Une seconde chance\"}]},{\"@type\":\"WebSite\",\"@id\":\"https:\/\/chtululu.be\/#website\",\"url\":\"https:\/\/chtululu.be\/\",\"name\":\"Le Chtululu\",\"description\":\"Votre librairie de seconde main \u00e0 Soignies\",\"publisher\":{\"@id\":\"https:\/\/chtululu.be\/#organization\"},\"potentialAction\":[{\"@type\":\"SearchAction\",\"target\":{\"@type\":\"EntryPoint\",\"urlTemplate\":\"https:\/\/chtululu.be\/?s={search_term_string}\"},\"query-input\":{\"@type\":\"PropertyValueSpecification\",\"valueRequired\":true,\"valueName\":\"search_term_string\"}}],\"inLanguage\":\"fr-FR\"},{\"@type\":\"Organization\",\"@id\":\"https:\/\/chtululu.be\/#organization\",\"name\":\"Le Chtululu\",\"url\":\"https:\/\/chtululu.be\/\",\"logo\":{\"@type\":\"ImageObject\",\"inLanguage\":\"fr-FR\",\"@id\":\"https:\/\/chtululu.be\/#\/schema\/logo\/image\/\",\"url\":\"https:\/\/chtululu.be\/wp-content\/uploads\/2016\/05\/logo-def-blanc.jpg\",\"contentUrl\":\"https:\/\/chtululu.be\/wp-content\/uploads\/2016\/05\/logo-def-blanc.jpg\",\"width\":2048,\"height\":1901,\"caption\":\"Le Chtululu\"},\"image\":{\"@id\":\"https:\/\/chtululu.be\/#\/schema\/logo\/image\/\"}}]}<\/script>\n<!-- \/ Yoast SEO plugin. -->","yoast_head_json":{"title":"Une seconde chance - Le Chtululu","robots":{"index":"index","follow":"follow","max-snippet":"max-snippet:-1","max-image-preview":"max-image-preview:large","max-video-preview":"max-video-preview:-1"},"canonical":"https:\/\/chtululu.be\/index.php\/produit\/une-seconde-chance\/","og_locale":"fr_FR","og_type":"article","og_title":"Une seconde chance - Le Chtululu","og_description":"Clark Mary Higgins Nicholas Spencer, directeur d'un centre de recherche m\u00e9dicale, dispara\u00eet dans un myst\u00e9rieux accident d'avion. Peu apr\u00e8s, le vaccin anti-canc\u00e9reux sur lequel travaillaient ses laboratoires se voit refuser l'autorisation de mise sur le march\u00e9 et Spencer est soup\u00e7onn\u00e9 d'avoir d\u00e9tourn\u00e9 des sommes consid\u00e9rables, ruinant les petits actionnaires de sa soci\u00e9t\u00e9. Carley, une jeune journaliste (et belle-soeur de Spencer) charg\u00e9e de couvrir l'enqu\u00eate, se trouve rapidement confront\u00e9e \u00e0 des questions troublantes. Et si Spencer \u00e9tait la victime d'un coup mont\u00e9 ? Si son accident d'avion n'\u00e9tait qu'une mise en sc\u00e8ne ? Pourquoi les autorit\u00e9s m\u00e9dicales, favorables \u00e0 la sortie du vaccin, ont-elles brusquement chang\u00e9 d'avis ? Carley se rapproche alors de la v\u00e9rit\u00e9. Dangereusement...","og_url":"https:\/\/chtululu.be\/index.php\/produit\/une-seconde-chance\/","og_site_name":"Le Chtululu","article_modified_time":"2021-01-30T21:10:15+00:00","og_image":[{"width":200,"height":308,"url":"https:\/\/chtululu.be\/wp-content\/uploads\/2017\/01\/clark21.jpg","type":"image\/jpeg"}],"twitter_card":"summary_large_image","schema":{"@context":"https:\/\/schema.org","@graph":[{"@type":"WebPage","@id":"https:\/\/chtululu.be\/index.php\/produit\/une-seconde-chance\/","url":"https:\/\/chtululu.be\/index.php\/produit\/une-seconde-chance\/","name":"Une seconde chance - Le Chtululu","isPartOf":{"@id":"https:\/\/chtululu.be\/#website"},"primaryImageOfPage":{"@id":"https:\/\/chtululu.be\/index.php\/produit\/une-seconde-chance\/#primaryimage"},"image":{"@id":"https:\/\/chtululu.be\/index.php\/produit\/une-seconde-chance\/#primaryimage"},"thumbnailUrl":"https:\/\/chtululu.be\/wp-content\/uploads\/2017\/01\/clark21.jpg","datePublished":"2017-01-07T15:59:22+00:00","dateModified":"2021-01-30T21:10:15+00:00","breadcrumb":{"@id":"https:\/\/chtululu.be\/index.php\/produit\/une-seconde-chance\/#breadcrumb"},"inLanguage":"fr-FR","potentialAction":[{"@type":"ReadAction","target":["https:\/\/chtululu.be\/index.php\/produit\/une-seconde-chance\/"]}]},{"@type":"ImageObject","inLanguage":"fr-FR","@id":"https:\/\/chtululu.be\/index.php\/produit\/une-seconde-chance\/#primaryimage","url":"https:\/\/chtululu.be\/wp-content\/uploads\/2017\/01\/clark21.jpg","contentUrl":"https:\/\/chtululu.be\/wp-content\/uploads\/2017\/01\/clark21.jpg","width":200,"height":308},{"@type":"BreadcrumbList","@id":"https:\/\/chtululu.be\/index.php\/produit\/une-seconde-chance\/#breadcrumb","itemListElement":[{"@type":"ListItem","position":1,"name":"Accueil","item":"https:\/\/chtululu.be\/"},{"@type":"ListItem","position":2,"name":"Les livres","item":"https:\/\/chtululu.be\/index.php\/livres-doccasion\/"},{"@type":"ListItem","position":3,"name":"Une seconde chance"}]},{"@type":"WebSite","@id":"https:\/\/chtululu.be\/#website","url":"https:\/\/chtululu.be\/","name":"Le Chtululu","description":"Votre librairie de seconde main \u00e0 Soignies","publisher":{"@id":"https:\/\/chtululu.be\/#organization"},"potentialAction":[{"@type":"SearchAction","target":{"@type":"EntryPoint","urlTemplate":"https:\/\/chtululu.be\/?s={search_term_string}"},"query-input":{"@type":"PropertyValueSpecification","valueRequired":true,"valueName":"search_term_string"}}],"inLanguage":"fr-FR"},{"@type":"Organization","@id":"https:\/\/chtululu.be\/#organization","name":"Le Chtululu","url":"https:\/\/chtululu.be\/","logo":{"@type":"ImageObject","inLanguage":"fr-FR","@id":"https:\/\/chtululu.be\/#\/schema\/logo\/image\/","url":"https:\/\/chtululu.be\/wp-content\/uploads\/2016\/05\/logo-def-blanc.jpg","contentUrl":"https:\/\/chtululu.be\/wp-content\/uploads\/2016\/05\/logo-def-blanc.jpg","width":2048,"height":1901,"caption":"Le Chtululu"},"image":{"@id":"https:\/\/chtululu.be\/#\/schema\/logo\/image\/"}}]}},"_links":{"self":[{"href":"https:\/\/chtululu.be\/index.php\/wp-json\/wp\/v2\/product\/643","targetHints":{"allow":["GET"]}}],"collection":[{"href":"https:\/\/chtululu.be\/index.php\/wp-json\/wp\/v2\/product"}],"about":[{"href":"https:\/\/chtululu.be\/index.php\/wp-json\/wp\/v2\/types\/product"}],"wp:featuredmedia":[{"embeddable":true,"href":"https:\/\/chtululu.be\/index.php\/wp-json\/wp\/v2\/media\/640"}],"wp:attachment":[{"href":"https:\/\/chtululu.be\/index.php\/wp-json\/wp\/v2\/media?parent=643"}],"wp:term":[{"taxonomy":"product_brand","embeddable":true,"href":"https:\/\/chtululu.be\/index.php\/wp-json\/wp\/v2\/product_brand?post=643"},{"taxonomy":"product_cat","embeddable":true,"href":"https:\/\/chtululu.be\/index.php\/wp-json\/wp\/v2\/product_cat?post=643"},{"taxonomy":"product_tag","embeddable":true,"href":"https:\/\/chtululu.be\/index.php\/wp-json\/wp\/v2\/product_tag?post=643"}],"curies":[{"name":"wp","href":"https:\/\/api.w.org\/{rel}","templated":true}]}}