{"id":638,"date":"2017-01-04T21:21:03","date_gmt":"2017-01-04T20:21:03","guid":{"rendered":"http:\/\/chtululu.be\/index.php\/produit\/le-collier-vole\/"},"modified":"2021-01-30T22:08:28","modified_gmt":"2021-01-30T21:08:28","slug":"le-collier-vole","status":"publish","type":"product","link":"https:\/\/chtululu.be\/index.php\/produit\/le-collier-vole\/","title":{"rendered":"Le collier vol\u00e9"},"content":{"rendered":"","protected":false},"excerpt":{"rendered":"<p><strong>Clark Carol Higgins<\/strong><br \/>\nSur la plage de Waikiki, l&rsquo;oc\u00e9an rejette le corps de la journaliste Dorinda Dawes. Venue rejoindre sa meilleure amie, la d\u00e9tective Regan Reilly renonce vite \u00e0 ses vacances paradisiaques pour mener l&rsquo;enqu\u00eate. S&rsquo;agit-il d&rsquo;un accident ?<br \/>\nEt sinon, qui avait int\u00e9r\u00eat \u00e0 se d\u00e9barrasser de Dorinda, parmi les ennemis que lui avait valus sa plume acerbe ?<br \/>\nPourquoi arborait-elle un collier vol\u00e9 trente ans auparavant au mus\u00e9e d&rsquo;Honolulu ?<br \/>\n\u00c0 Regan de trouver les r\u00e9ponses avant qu&rsquo;il ne soit trop tard&#8230;<\/p>\n<p>Sa m\u00e8re Mary lui a transmis sa noire imagination et son talent pour \u00e9crire&#8230;<br \/>\nCarol Higgins Clark occupe d\u00e9sormais une place de choix parmi les reines du suspense. Apr\u00e8s Pas de veine et Chute libre, elle nous entra\u00eene sous le soleil de Hawaii dans un savant cocktail de frisson et d&rsquo;humour.<\/p>\n","protected":false},"featured_media":626,"template":"","meta":{"_acf_changed":false,"_exactmetrics_skip_tracking":false,"_exactmetrics_sitenote_active":false,"_exactmetrics_sitenote_note":"","_exactmetrics_sitenote_category":0},"product_brand":[],"product_cat":[385],"product_tag":[75],"class_list":{"0":"post-638","1":"product","2":"type-product","3":"status-publish","4":"has-post-thumbnail","6":"product_cat-thrillers-policiers","7":"product_tag-clark-carol-higgins","9":"first","10":"instock","11":"taxable","12":"shipping-taxable","13":"purchasable","14":"product-type-simple"},"acf":[],"yoast_head":"<!-- This site is optimized with the Yoast SEO plugin v26.6 - https:\/\/yoast.com\/wordpress\/plugins\/seo\/ -->\n<title>Le collier vol\u00e9 - Le Chtululu<\/title>\n<meta name=\"robots\" content=\"index, follow, max-snippet:-1, max-image-preview:large, max-video-preview:-1\" \/>\n<link rel=\"canonical\" href=\"https:\/\/chtululu.be\/index.php\/produit\/le-collier-vole\/\" \/>\n<meta property=\"og:locale\" content=\"fr_FR\" \/>\n<meta property=\"og:type\" content=\"article\" \/>\n<meta property=\"og:title\" content=\"Le collier vol\u00e9 - Le Chtululu\" \/>\n<meta property=\"og:description\" content=\"Clark Carol Higgins Sur la plage de Waikiki, l&#039;oc\u00e9an rejette le corps de la journaliste Dorinda Dawes. Venue rejoindre sa meilleure amie, la d\u00e9tective Regan Reilly renonce vite \u00e0 ses vacances paradisiaques pour mener l&#039;enqu\u00eate. S&#039;agit-il d&#039;un accident ? Et sinon, qui avait int\u00e9r\u00eat \u00e0 se d\u00e9barrasser de Dorinda, parmi les ennemis que lui avait valus sa plume acerbe ? Pourquoi arborait-elle un collier vol\u00e9 trente ans auparavant au mus\u00e9e d&#039;Honolulu ? \u00c0 Regan de trouver les r\u00e9ponses avant qu&#039;il ne soit trop tard...  Sa m\u00e8re Mary lui a transmis sa noire imagination et son talent pour \u00e9crire... Carol Higgins Clark occupe d\u00e9sormais une place de choix parmi les reines du suspense. Apr\u00e8s Pas de veine et Chute libre, elle nous entra\u00eene sous le soleil de Hawaii dans un savant cocktail de frisson et d&#039;humour.\" \/>\n<meta property=\"og:url\" content=\"https:\/\/chtululu.be\/index.php\/produit\/le-collier-vole\/\" \/>\n<meta property=\"og:site_name\" content=\"Le Chtululu\" \/>\n<meta property=\"article:modified_time\" content=\"2021-01-30T21:08:28+00:00\" \/>\n<meta property=\"og:image\" content=\"https:\/\/chtululu.be\/wp-content\/uploads\/2017\/01\/Le-collier.jpeg\" \/>\n\t<meta property=\"og:image:width\" content=\"200\" \/>\n\t<meta property=\"og:image:height\" content=\"324\" \/>\n\t<meta property=\"og:image:type\" content=\"image\/jpeg\" \/>\n<meta name=\"twitter:card\" content=\"summary_large_image\" \/>\n<script type=\"application\/ld+json\" class=\"yoast-schema-graph\">{\"@context\":\"https:\/\/schema.org\",\"@graph\":[{\"@type\":\"WebPage\",\"@id\":\"https:\/\/chtululu.be\/index.php\/produit\/le-collier-vole\/\",\"url\":\"https:\/\/chtululu.be\/index.php\/produit\/le-collier-vole\/\",\"name\":\"Le collier vol\u00e9 - Le Chtululu\",\"isPartOf\":{\"@id\":\"https:\/\/chtululu.be\/#website\"},\"primaryImageOfPage\":{\"@id\":\"https:\/\/chtululu.be\/index.php\/produit\/le-collier-vole\/#primaryimage\"},\"image\":{\"@id\":\"https:\/\/chtululu.be\/index.php\/produit\/le-collier-vole\/#primaryimage\"},\"thumbnailUrl\":\"https:\/\/chtululu.be\/wp-content\/uploads\/2017\/01\/Le-collier.jpeg\",\"datePublished\":\"2017-01-04T20:21:03+00:00\",\"dateModified\":\"2021-01-30T21:08:28+00:00\",\"breadcrumb\":{\"@id\":\"https:\/\/chtululu.be\/index.php\/produit\/le-collier-vole\/#breadcrumb\"},\"inLanguage\":\"fr-FR\",\"potentialAction\":[{\"@type\":\"ReadAction\",\"target\":[\"https:\/\/chtululu.be\/index.php\/produit\/le-collier-vole\/\"]}]},{\"@type\":\"ImageObject\",\"inLanguage\":\"fr-FR\",\"@id\":\"https:\/\/chtululu.be\/index.php\/produit\/le-collier-vole\/#primaryimage\",\"url\":\"https:\/\/chtululu.be\/wp-content\/uploads\/2017\/01\/Le-collier.jpeg\",\"contentUrl\":\"https:\/\/chtululu.be\/wp-content\/uploads\/2017\/01\/Le-collier.jpeg\",\"width\":200,\"height\":324},{\"@type\":\"BreadcrumbList\",\"@id\":\"https:\/\/chtululu.be\/index.php\/produit\/le-collier-vole\/#breadcrumb\",\"itemListElement\":[{\"@type\":\"ListItem\",\"position\":1,\"name\":\"Accueil\",\"item\":\"https:\/\/chtululu.be\/\"},{\"@type\":\"ListItem\",\"position\":2,\"name\":\"Les livres\",\"item\":\"https:\/\/chtululu.be\/index.php\/livres-doccasion\/\"},{\"@type\":\"ListItem\",\"position\":3,\"name\":\"Le collier vol\u00e9\"}]},{\"@type\":\"WebSite\",\"@id\":\"https:\/\/chtululu.be\/#website\",\"url\":\"https:\/\/chtululu.be\/\",\"name\":\"Le Chtululu\",\"description\":\"Votre librairie de seconde main \u00e0 Soignies\",\"publisher\":{\"@id\":\"https:\/\/chtululu.be\/#organization\"},\"potentialAction\":[{\"@type\":\"SearchAction\",\"target\":{\"@type\":\"EntryPoint\",\"urlTemplate\":\"https:\/\/chtululu.be\/?s={search_term_string}\"},\"query-input\":{\"@type\":\"PropertyValueSpecification\",\"valueRequired\":true,\"valueName\":\"search_term_string\"}}],\"inLanguage\":\"fr-FR\"},{\"@type\":\"Organization\",\"@id\":\"https:\/\/chtululu.be\/#organization\",\"name\":\"Le Chtululu\",\"url\":\"https:\/\/chtululu.be\/\",\"logo\":{\"@type\":\"ImageObject\",\"inLanguage\":\"fr-FR\",\"@id\":\"https:\/\/chtululu.be\/#\/schema\/logo\/image\/\",\"url\":\"https:\/\/chtululu.be\/wp-content\/uploads\/2016\/05\/logo-def-blanc.jpg\",\"contentUrl\":\"https:\/\/chtululu.be\/wp-content\/uploads\/2016\/05\/logo-def-blanc.jpg\",\"width\":2048,\"height\":1901,\"caption\":\"Le Chtululu\"},\"image\":{\"@id\":\"https:\/\/chtululu.be\/#\/schema\/logo\/image\/\"}}]}<\/script>\n<!-- \/ Yoast SEO plugin. -->","yoast_head_json":{"title":"Le collier vol\u00e9 - Le Chtululu","robots":{"index":"index","follow":"follow","max-snippet":"max-snippet:-1","max-image-preview":"max-image-preview:large","max-video-preview":"max-video-preview:-1"},"canonical":"https:\/\/chtululu.be\/index.php\/produit\/le-collier-vole\/","og_locale":"fr_FR","og_type":"article","og_title":"Le collier vol\u00e9 - Le Chtululu","og_description":"Clark Carol Higgins Sur la plage de Waikiki, l'oc\u00e9an rejette le corps de la journaliste Dorinda Dawes. Venue rejoindre sa meilleure amie, la d\u00e9tective Regan Reilly renonce vite \u00e0 ses vacances paradisiaques pour mener l'enqu\u00eate. S'agit-il d'un accident ? Et sinon, qui avait int\u00e9r\u00eat \u00e0 se d\u00e9barrasser de Dorinda, parmi les ennemis que lui avait valus sa plume acerbe ? Pourquoi arborait-elle un collier vol\u00e9 trente ans auparavant au mus\u00e9e d'Honolulu ? \u00c0 Regan de trouver les r\u00e9ponses avant qu'il ne soit trop tard...  Sa m\u00e8re Mary lui a transmis sa noire imagination et son talent pour \u00e9crire... Carol Higgins Clark occupe d\u00e9sormais une place de choix parmi les reines du suspense. Apr\u00e8s Pas de veine et Chute libre, elle nous entra\u00eene sous le soleil de Hawaii dans un savant cocktail de frisson et d'humour.","og_url":"https:\/\/chtululu.be\/index.php\/produit\/le-collier-vole\/","og_site_name":"Le Chtululu","article_modified_time":"2021-01-30T21:08:28+00:00","og_image":[{"width":200,"height":324,"url":"https:\/\/chtululu.be\/wp-content\/uploads\/2017\/01\/Le-collier.jpeg","type":"image\/jpeg"}],"twitter_card":"summary_large_image","schema":{"@context":"https:\/\/schema.org","@graph":[{"@type":"WebPage","@id":"https:\/\/chtululu.be\/index.php\/produit\/le-collier-vole\/","url":"https:\/\/chtululu.be\/index.php\/produit\/le-collier-vole\/","name":"Le collier vol\u00e9 - Le Chtululu","isPartOf":{"@id":"https:\/\/chtululu.be\/#website"},"primaryImageOfPage":{"@id":"https:\/\/chtululu.be\/index.php\/produit\/le-collier-vole\/#primaryimage"},"image":{"@id":"https:\/\/chtululu.be\/index.php\/produit\/le-collier-vole\/#primaryimage"},"thumbnailUrl":"https:\/\/chtululu.be\/wp-content\/uploads\/2017\/01\/Le-collier.jpeg","datePublished":"2017-01-04T20:21:03+00:00","dateModified":"2021-01-30T21:08:28+00:00","breadcrumb":{"@id":"https:\/\/chtululu.be\/index.php\/produit\/le-collier-vole\/#breadcrumb"},"inLanguage":"fr-FR","potentialAction":[{"@type":"ReadAction","target":["https:\/\/chtululu.be\/index.php\/produit\/le-collier-vole\/"]}]},{"@type":"ImageObject","inLanguage":"fr-FR","@id":"https:\/\/chtululu.be\/index.php\/produit\/le-collier-vole\/#primaryimage","url":"https:\/\/chtululu.be\/wp-content\/uploads\/2017\/01\/Le-collier.jpeg","contentUrl":"https:\/\/chtululu.be\/wp-content\/uploads\/2017\/01\/Le-collier.jpeg","width":200,"height":324},{"@type":"BreadcrumbList","@id":"https:\/\/chtululu.be\/index.php\/produit\/le-collier-vole\/#breadcrumb","itemListElement":[{"@type":"ListItem","position":1,"name":"Accueil","item":"https:\/\/chtululu.be\/"},{"@type":"ListItem","position":2,"name":"Les livres","item":"https:\/\/chtululu.be\/index.php\/livres-doccasion\/"},{"@type":"ListItem","position":3,"name":"Le collier vol\u00e9"}]},{"@type":"WebSite","@id":"https:\/\/chtululu.be\/#website","url":"https:\/\/chtululu.be\/","name":"Le Chtululu","description":"Votre librairie de seconde main \u00e0 Soignies","publisher":{"@id":"https:\/\/chtululu.be\/#organization"},"potentialAction":[{"@type":"SearchAction","target":{"@type":"EntryPoint","urlTemplate":"https:\/\/chtululu.be\/?s={search_term_string}"},"query-input":{"@type":"PropertyValueSpecification","valueRequired":true,"valueName":"search_term_string"}}],"inLanguage":"fr-FR"},{"@type":"Organization","@id":"https:\/\/chtululu.be\/#organization","name":"Le Chtululu","url":"https:\/\/chtululu.be\/","logo":{"@type":"ImageObject","inLanguage":"fr-FR","@id":"https:\/\/chtululu.be\/#\/schema\/logo\/image\/","url":"https:\/\/chtululu.be\/wp-content\/uploads\/2016\/05\/logo-def-blanc.jpg","contentUrl":"https:\/\/chtululu.be\/wp-content\/uploads\/2016\/05\/logo-def-blanc.jpg","width":2048,"height":1901,"caption":"Le Chtululu"},"image":{"@id":"https:\/\/chtululu.be\/#\/schema\/logo\/image\/"}}]}},"_links":{"self":[{"href":"https:\/\/chtululu.be\/index.php\/wp-json\/wp\/v2\/product\/638","targetHints":{"allow":["GET"]}}],"collection":[{"href":"https:\/\/chtululu.be\/index.php\/wp-json\/wp\/v2\/product"}],"about":[{"href":"https:\/\/chtululu.be\/index.php\/wp-json\/wp\/v2\/types\/product"}],"wp:featuredmedia":[{"embeddable":true,"href":"https:\/\/chtululu.be\/index.php\/wp-json\/wp\/v2\/media\/626"}],"wp:attachment":[{"href":"https:\/\/chtululu.be\/index.php\/wp-json\/wp\/v2\/media?parent=638"}],"wp:term":[{"taxonomy":"product_brand","embeddable":true,"href":"https:\/\/chtululu.be\/index.php\/wp-json\/wp\/v2\/product_brand?post=638"},{"taxonomy":"product_cat","embeddable":true,"href":"https:\/\/chtululu.be\/index.php\/wp-json\/wp\/v2\/product_cat?post=638"},{"taxonomy":"product_tag","embeddable":true,"href":"https:\/\/chtululu.be\/index.php\/wp-json\/wp\/v2\/product_tag?post=638"}],"curies":[{"name":"wp","href":"https:\/\/api.w.org\/{rel}","templated":true}]}}