{"id":637,"date":"2017-01-04T21:21:02","date_gmt":"2017-01-04T20:21:02","guid":{"rendered":"http:\/\/chtululu.be\/index.php\/produit\/felicite-t-3-et-4\/"},"modified":"2017-01-04T21:21:02","modified_gmt":"2017-01-04T20:21:02","slug":"felicite-t-3-et-4","status":"publish","type":"product","link":"https:\/\/chtululu.be\/index.php\/produit\/felicite-t-3-et-4\/","title":{"rendered":"F\u00e9licit\u00e9 t. 3 et 4"},"content":{"rendered":"","protected":false},"excerpt":{"rendered":"<p>Charland Jean-Pierre<br \/>\nAu Qu\u00e9bec \u00e0 la fin du XIXe si\u00e8cle, F\u00e9licit\u00e9 devient institutrice dans une petite paroisse. Apr\u00e8s avoir r\u00e9ussi \u00e0 \u00e9viter de nombreux dangers, elle \u00e9chappe \u00e0 la variole qui r\u00e9pand son lot de malheurs \u00e0 Montr\u00e9al. Son amiti\u00e9 avec Ph\u00e9b\u00e9e et son incroyable courage seront-ils suffisants pour vaincre toutes les \u00e9preuves \u00e0 venir ? <\/p>\n<p>Ainsi s\u0092ach\u00e8ve l&rsquo;\u00e9mouvante saga sign\u00e9e Jean-Pierre Charland. Avec son h\u00e9ro\u00efne au c\u009cur doux et solitaire, il l\u00e8ve le voile sur un pan m\u00e9connu de l\u0092histoire du Qu\u00e9bec.<\/p>\n","protected":false},"featured_media":625,"template":"","meta":{"_acf_changed":false,"_exactmetrics_skip_tracking":false,"_exactmetrics_sitenote_active":false,"_exactmetrics_sitenote_note":"","_exactmetrics_sitenote_category":0},"product_brand":[],"product_cat":[24],"product_tag":[74],"class_list":{"0":"post-637","1":"product","2":"type-product","3":"status-publish","4":"has-post-thumbnail","6":"product_cat-roman","7":"product_tag-charland-jean-pierre","9":"first","10":"instock","11":"taxable","12":"shipping-taxable","13":"purchasable","14":"product-type-simple"},"acf":[],"yoast_head":"<!-- This site is optimized with the Yoast SEO plugin v26.6 - https:\/\/yoast.com\/wordpress\/plugins\/seo\/ -->\n<title>F\u00e9licit\u00e9 t. 3 et 4 - Le Chtululu<\/title>\n<meta name=\"robots\" content=\"index, follow, max-snippet:-1, max-image-preview:large, max-video-preview:-1\" \/>\n<link rel=\"canonical\" href=\"https:\/\/chtululu.be\/index.php\/produit\/felicite-t-3-et-4\/\" \/>\n<meta property=\"og:locale\" content=\"fr_FR\" \/>\n<meta property=\"og:type\" content=\"article\" \/>\n<meta property=\"og:title\" content=\"F\u00e9licit\u00e9 t. 3 et 4 - Le Chtululu\" \/>\n<meta property=\"og:description\" content=\"Charland Jean-Pierre Au Qu\u00e9bec \u00e0 la fin du XIXe si\u00e8cle, F\u00e9licit\u00e9 devient institutrice dans une petite paroisse. Apr\u00e8s avoir r\u00e9ussi \u00e0 \u00e9viter de nombreux dangers, elle \u00e9chappe \u00e0 la variole qui r\u00e9pand son lot de malheurs \u00e0 Montr\u00e9al. Son amiti\u00e9 avec Ph\u00e9b\u00e9e et son incroyable courage seront-ils suffisants pour vaincre toutes les \u00e9preuves \u00e0 venir ?  Ainsi s\u0092ach\u00e8ve l&#039;\u00e9mouvante saga sign\u00e9e Jean-Pierre Charland. Avec son h\u00e9ro\u00efne au c\u009cur doux et solitaire, il l\u00e8ve le voile sur un pan m\u00e9connu de l\u0092histoire du Qu\u00e9bec.\" \/>\n<meta property=\"og:url\" content=\"https:\/\/chtululu.be\/index.php\/produit\/felicite-t-3-et-4\/\" \/>\n<meta property=\"og:site_name\" content=\"Le Chtululu\" \/>\n<meta property=\"og:image\" content=\"https:\/\/chtululu.be\/wp-content\/uploads\/2017\/01\/felicitet4.jpg\" \/>\n\t<meta property=\"og:image:width\" content=\"200\" \/>\n\t<meta property=\"og:image:height\" content=\"320\" \/>\n\t<meta property=\"og:image:type\" content=\"image\/jpeg\" \/>\n<meta name=\"twitter:card\" content=\"summary_large_image\" \/>\n<script type=\"application\/ld+json\" class=\"yoast-schema-graph\">{\"@context\":\"https:\/\/schema.org\",\"@graph\":[{\"@type\":\"WebPage\",\"@id\":\"https:\/\/chtululu.be\/index.php\/produit\/felicite-t-3-et-4\/\",\"url\":\"https:\/\/chtululu.be\/index.php\/produit\/felicite-t-3-et-4\/\",\"name\":\"F\u00e9licit\u00e9 t. 3 et 4 - Le Chtululu\",\"isPartOf\":{\"@id\":\"https:\/\/chtululu.be\/#website\"},\"primaryImageOfPage\":{\"@id\":\"https:\/\/chtululu.be\/index.php\/produit\/felicite-t-3-et-4\/#primaryimage\"},\"image\":{\"@id\":\"https:\/\/chtululu.be\/index.php\/produit\/felicite-t-3-et-4\/#primaryimage\"},\"thumbnailUrl\":\"https:\/\/chtululu.be\/wp-content\/uploads\/2017\/01\/felicitet4.jpg\",\"datePublished\":\"2017-01-04T20:21:02+00:00\",\"breadcrumb\":{\"@id\":\"https:\/\/chtululu.be\/index.php\/produit\/felicite-t-3-et-4\/#breadcrumb\"},\"inLanguage\":\"fr-FR\",\"potentialAction\":[{\"@type\":\"ReadAction\",\"target\":[\"https:\/\/chtululu.be\/index.php\/produit\/felicite-t-3-et-4\/\"]}]},{\"@type\":\"ImageObject\",\"inLanguage\":\"fr-FR\",\"@id\":\"https:\/\/chtululu.be\/index.php\/produit\/felicite-t-3-et-4\/#primaryimage\",\"url\":\"https:\/\/chtululu.be\/wp-content\/uploads\/2017\/01\/felicitet4.jpg\",\"contentUrl\":\"https:\/\/chtululu.be\/wp-content\/uploads\/2017\/01\/felicitet4.jpg\",\"width\":200,\"height\":320},{\"@type\":\"BreadcrumbList\",\"@id\":\"https:\/\/chtululu.be\/index.php\/produit\/felicite-t-3-et-4\/#breadcrumb\",\"itemListElement\":[{\"@type\":\"ListItem\",\"position\":1,\"name\":\"Accueil\",\"item\":\"https:\/\/chtululu.be\/\"},{\"@type\":\"ListItem\",\"position\":2,\"name\":\"Les livres\",\"item\":\"https:\/\/chtululu.be\/index.php\/livres-doccasion\/\"},{\"@type\":\"ListItem\",\"position\":3,\"name\":\"F\u00e9licit\u00e9 t. 3 et 4\"}]},{\"@type\":\"WebSite\",\"@id\":\"https:\/\/chtululu.be\/#website\",\"url\":\"https:\/\/chtululu.be\/\",\"name\":\"Le Chtululu\",\"description\":\"Votre librairie de seconde main \u00e0 Soignies\",\"publisher\":{\"@id\":\"https:\/\/chtululu.be\/#organization\"},\"potentialAction\":[{\"@type\":\"SearchAction\",\"target\":{\"@type\":\"EntryPoint\",\"urlTemplate\":\"https:\/\/chtululu.be\/?s={search_term_string}\"},\"query-input\":{\"@type\":\"PropertyValueSpecification\",\"valueRequired\":true,\"valueName\":\"search_term_string\"}}],\"inLanguage\":\"fr-FR\"},{\"@type\":\"Organization\",\"@id\":\"https:\/\/chtululu.be\/#organization\",\"name\":\"Le Chtululu\",\"url\":\"https:\/\/chtululu.be\/\",\"logo\":{\"@type\":\"ImageObject\",\"inLanguage\":\"fr-FR\",\"@id\":\"https:\/\/chtululu.be\/#\/schema\/logo\/image\/\",\"url\":\"https:\/\/chtululu.be\/wp-content\/uploads\/2016\/05\/logo-def-blanc.jpg\",\"contentUrl\":\"https:\/\/chtululu.be\/wp-content\/uploads\/2016\/05\/logo-def-blanc.jpg\",\"width\":2048,\"height\":1901,\"caption\":\"Le Chtululu\"},\"image\":{\"@id\":\"https:\/\/chtululu.be\/#\/schema\/logo\/image\/\"}}]}<\/script>\n<!-- \/ Yoast SEO plugin. -->","yoast_head_json":{"title":"F\u00e9licit\u00e9 t. 3 et 4 - Le Chtululu","robots":{"index":"index","follow":"follow","max-snippet":"max-snippet:-1","max-image-preview":"max-image-preview:large","max-video-preview":"max-video-preview:-1"},"canonical":"https:\/\/chtululu.be\/index.php\/produit\/felicite-t-3-et-4\/","og_locale":"fr_FR","og_type":"article","og_title":"F\u00e9licit\u00e9 t. 3 et 4 - Le Chtululu","og_description":"Charland Jean-Pierre Au Qu\u00e9bec \u00e0 la fin du XIXe si\u00e8cle, F\u00e9licit\u00e9 devient institutrice dans une petite paroisse. Apr\u00e8s avoir r\u00e9ussi \u00e0 \u00e9viter de nombreux dangers, elle \u00e9chappe \u00e0 la variole qui r\u00e9pand son lot de malheurs \u00e0 Montr\u00e9al. Son amiti\u00e9 avec Ph\u00e9b\u00e9e et son incroyable courage seront-ils suffisants pour vaincre toutes les \u00e9preuves \u00e0 venir ?  Ainsi s\u0092ach\u00e8ve l'\u00e9mouvante saga sign\u00e9e Jean-Pierre Charland. Avec son h\u00e9ro\u00efne au c\u009cur doux et solitaire, il l\u00e8ve le voile sur un pan m\u00e9connu de l\u0092histoire du Qu\u00e9bec.","og_url":"https:\/\/chtululu.be\/index.php\/produit\/felicite-t-3-et-4\/","og_site_name":"Le Chtululu","og_image":[{"width":200,"height":320,"url":"https:\/\/chtululu.be\/wp-content\/uploads\/2017\/01\/felicitet4.jpg","type":"image\/jpeg"}],"twitter_card":"summary_large_image","schema":{"@context":"https:\/\/schema.org","@graph":[{"@type":"WebPage","@id":"https:\/\/chtululu.be\/index.php\/produit\/felicite-t-3-et-4\/","url":"https:\/\/chtululu.be\/index.php\/produit\/felicite-t-3-et-4\/","name":"F\u00e9licit\u00e9 t. 3 et 4 - Le Chtululu","isPartOf":{"@id":"https:\/\/chtululu.be\/#website"},"primaryImageOfPage":{"@id":"https:\/\/chtululu.be\/index.php\/produit\/felicite-t-3-et-4\/#primaryimage"},"image":{"@id":"https:\/\/chtululu.be\/index.php\/produit\/felicite-t-3-et-4\/#primaryimage"},"thumbnailUrl":"https:\/\/chtululu.be\/wp-content\/uploads\/2017\/01\/felicitet4.jpg","datePublished":"2017-01-04T20:21:02+00:00","breadcrumb":{"@id":"https:\/\/chtululu.be\/index.php\/produit\/felicite-t-3-et-4\/#breadcrumb"},"inLanguage":"fr-FR","potentialAction":[{"@type":"ReadAction","target":["https:\/\/chtululu.be\/index.php\/produit\/felicite-t-3-et-4\/"]}]},{"@type":"ImageObject","inLanguage":"fr-FR","@id":"https:\/\/chtululu.be\/index.php\/produit\/felicite-t-3-et-4\/#primaryimage","url":"https:\/\/chtululu.be\/wp-content\/uploads\/2017\/01\/felicitet4.jpg","contentUrl":"https:\/\/chtululu.be\/wp-content\/uploads\/2017\/01\/felicitet4.jpg","width":200,"height":320},{"@type":"BreadcrumbList","@id":"https:\/\/chtululu.be\/index.php\/produit\/felicite-t-3-et-4\/#breadcrumb","itemListElement":[{"@type":"ListItem","position":1,"name":"Accueil","item":"https:\/\/chtululu.be\/"},{"@type":"ListItem","position":2,"name":"Les livres","item":"https:\/\/chtululu.be\/index.php\/livres-doccasion\/"},{"@type":"ListItem","position":3,"name":"F\u00e9licit\u00e9 t. 3 et 4"}]},{"@type":"WebSite","@id":"https:\/\/chtululu.be\/#website","url":"https:\/\/chtululu.be\/","name":"Le Chtululu","description":"Votre librairie de seconde main \u00e0 Soignies","publisher":{"@id":"https:\/\/chtululu.be\/#organization"},"potentialAction":[{"@type":"SearchAction","target":{"@type":"EntryPoint","urlTemplate":"https:\/\/chtululu.be\/?s={search_term_string}"},"query-input":{"@type":"PropertyValueSpecification","valueRequired":true,"valueName":"search_term_string"}}],"inLanguage":"fr-FR"},{"@type":"Organization","@id":"https:\/\/chtululu.be\/#organization","name":"Le Chtululu","url":"https:\/\/chtululu.be\/","logo":{"@type":"ImageObject","inLanguage":"fr-FR","@id":"https:\/\/chtululu.be\/#\/schema\/logo\/image\/","url":"https:\/\/chtululu.be\/wp-content\/uploads\/2016\/05\/logo-def-blanc.jpg","contentUrl":"https:\/\/chtululu.be\/wp-content\/uploads\/2016\/05\/logo-def-blanc.jpg","width":2048,"height":1901,"caption":"Le Chtululu"},"image":{"@id":"https:\/\/chtululu.be\/#\/schema\/logo\/image\/"}}]}},"_links":{"self":[{"href":"https:\/\/chtululu.be\/index.php\/wp-json\/wp\/v2\/product\/637","targetHints":{"allow":["GET"]}}],"collection":[{"href":"https:\/\/chtululu.be\/index.php\/wp-json\/wp\/v2\/product"}],"about":[{"href":"https:\/\/chtululu.be\/index.php\/wp-json\/wp\/v2\/types\/product"}],"wp:featuredmedia":[{"embeddable":true,"href":"https:\/\/chtululu.be\/index.php\/wp-json\/wp\/v2\/media\/625"}],"wp:attachment":[{"href":"https:\/\/chtululu.be\/index.php\/wp-json\/wp\/v2\/media?parent=637"}],"wp:term":[{"taxonomy":"product_brand","embeddable":true,"href":"https:\/\/chtululu.be\/index.php\/wp-json\/wp\/v2\/product_brand?post=637"},{"taxonomy":"product_cat","embeddable":true,"href":"https:\/\/chtululu.be\/index.php\/wp-json\/wp\/v2\/product_cat?post=637"},{"taxonomy":"product_tag","embeddable":true,"href":"https:\/\/chtululu.be\/index.php\/wp-json\/wp\/v2\/product_tag?post=637"}],"curies":[{"name":"wp","href":"https:\/\/api.w.org\/{rel}","templated":true}]}}