{"id":636,"date":"2017-01-04T21:21:01","date_gmt":"2017-01-04T20:21:01","guid":{"rendered":"http:\/\/chtululu.be\/index.php\/produit\/felicite-t-1-et-2\/"},"modified":"2017-01-04T21:22:31","modified_gmt":"2017-01-04T20:22:31","slug":"felicite-t-1-et-2","status":"publish","type":"product","link":"https:\/\/chtululu.be\/index.php\/produit\/felicite-t-1-et-2\/","title":{"rendered":"F\u00e9licit\u00e9 t. 1 et 2"},"content":{"rendered":"","protected":false},"excerpt":{"rendered":"<p><strong>Charland Jean-Pierre<\/strong><br \/>\nApr\u00e8s Les portes de Qu\u00e9bec, Jean-Pierre Charland revient avec les deux premiers volets d\u0092une saga \u00e9mouvante \u00e0 travers le personnage attachant de F\u00e9licit\u00e9. La jeune fille est destin\u00e9e au noviciat, mais sa passion l\u0092emporte. Elle veut \u00eatre institutrice, et c\u0092est bien le m\u00e9tier qu\u0092elle va exercer dans une petite paroisse. Mais pour ce c\u009cur courageux, solitaire et doux, les dangers sont grands, parfois dissimul\u00e9s sous des atours qu\u0092on ne soup\u00e7onnerait pas&#8230; F\u00e9licit\u00e9 parviendra-t-elle \u00e0 d\u00e9jouer les \u00e9preuves qui l\u0092attendent ?<\/p>\n","protected":false},"featured_media":624,"template":"","meta":{"_acf_changed":false,"_exactmetrics_skip_tracking":false,"_exactmetrics_sitenote_active":false,"_exactmetrics_sitenote_note":"","_exactmetrics_sitenote_category":0},"product_brand":[],"product_cat":[24],"product_tag":[74],"class_list":{"0":"post-636","1":"product","2":"type-product","3":"status-publish","4":"has-post-thumbnail","6":"product_cat-roman","7":"product_tag-charland-jean-pierre","9":"first","10":"instock","11":"taxable","12":"shipping-taxable","13":"purchasable","14":"product-type-simple"},"acf":[],"yoast_head":"<!-- This site is optimized with the Yoast SEO plugin v26.6 - https:\/\/yoast.com\/wordpress\/plugins\/seo\/ -->\n<title>F\u00e9licit\u00e9 t. 1 et 2 - Le Chtululu<\/title>\n<meta name=\"robots\" content=\"index, follow, max-snippet:-1, max-image-preview:large, max-video-preview:-1\" \/>\n<link rel=\"canonical\" href=\"https:\/\/chtululu.be\/index.php\/produit\/felicite-t-1-et-2\/\" \/>\n<meta property=\"og:locale\" content=\"fr_FR\" \/>\n<meta property=\"og:type\" content=\"article\" \/>\n<meta property=\"og:title\" content=\"F\u00e9licit\u00e9 t. 1 et 2 - Le Chtululu\" \/>\n<meta property=\"og:description\" content=\"Charland Jean-Pierre Apr\u00e8s Les portes de Qu\u00e9bec, Jean-Pierre Charland revient avec les deux premiers volets d\u0092une saga \u00e9mouvante \u00e0 travers le personnage attachant de F\u00e9licit\u00e9. La jeune fille est destin\u00e9e au noviciat, mais sa passion l\u0092emporte. Elle veut \u00eatre institutrice, et c\u0092est bien le m\u00e9tier qu\u0092elle va exercer dans une petite paroisse. Mais pour ce c\u009cur courageux, solitaire et doux, les dangers sont grands, parfois dissimul\u00e9s sous des atours qu\u0092on ne soup\u00e7onnerait pas... F\u00e9licit\u00e9 parviendra-t-elle \u00e0 d\u00e9jouer les \u00e9preuves qui l\u0092attendent ?\" \/>\n<meta property=\"og:url\" content=\"https:\/\/chtululu.be\/index.php\/produit\/felicite-t-1-et-2\/\" \/>\n<meta property=\"og:site_name\" content=\"Le Chtululu\" \/>\n<meta property=\"article:modified_time\" content=\"2017-01-04T20:22:31+00:00\" \/>\n<meta property=\"og:image\" content=\"https:\/\/chtululu.be\/wp-content\/uploads\/2017\/01\/felicite.jpg\" \/>\n\t<meta property=\"og:image:width\" content=\"200\" \/>\n\t<meta property=\"og:image:height\" content=\"326\" \/>\n\t<meta property=\"og:image:type\" content=\"image\/jpeg\" \/>\n<meta name=\"twitter:card\" content=\"summary_large_image\" \/>\n<script type=\"application\/ld+json\" class=\"yoast-schema-graph\">{\"@context\":\"https:\/\/schema.org\",\"@graph\":[{\"@type\":\"WebPage\",\"@id\":\"https:\/\/chtululu.be\/index.php\/produit\/felicite-t-1-et-2\/\",\"url\":\"https:\/\/chtululu.be\/index.php\/produit\/felicite-t-1-et-2\/\",\"name\":\"F\u00e9licit\u00e9 t. 1 et 2 - Le Chtululu\",\"isPartOf\":{\"@id\":\"https:\/\/chtululu.be\/#website\"},\"primaryImageOfPage\":{\"@id\":\"https:\/\/chtululu.be\/index.php\/produit\/felicite-t-1-et-2\/#primaryimage\"},\"image\":{\"@id\":\"https:\/\/chtululu.be\/index.php\/produit\/felicite-t-1-et-2\/#primaryimage\"},\"thumbnailUrl\":\"https:\/\/chtululu.be\/wp-content\/uploads\/2017\/01\/felicite.jpg\",\"datePublished\":\"2017-01-04T20:21:01+00:00\",\"dateModified\":\"2017-01-04T20:22:31+00:00\",\"breadcrumb\":{\"@id\":\"https:\/\/chtululu.be\/index.php\/produit\/felicite-t-1-et-2\/#breadcrumb\"},\"inLanguage\":\"fr-FR\",\"potentialAction\":[{\"@type\":\"ReadAction\",\"target\":[\"https:\/\/chtululu.be\/index.php\/produit\/felicite-t-1-et-2\/\"]}]},{\"@type\":\"ImageObject\",\"inLanguage\":\"fr-FR\",\"@id\":\"https:\/\/chtululu.be\/index.php\/produit\/felicite-t-1-et-2\/#primaryimage\",\"url\":\"https:\/\/chtululu.be\/wp-content\/uploads\/2017\/01\/felicite.jpg\",\"contentUrl\":\"https:\/\/chtululu.be\/wp-content\/uploads\/2017\/01\/felicite.jpg\",\"width\":200,\"height\":326},{\"@type\":\"BreadcrumbList\",\"@id\":\"https:\/\/chtululu.be\/index.php\/produit\/felicite-t-1-et-2\/#breadcrumb\",\"itemListElement\":[{\"@type\":\"ListItem\",\"position\":1,\"name\":\"Accueil\",\"item\":\"https:\/\/chtululu.be\/\"},{\"@type\":\"ListItem\",\"position\":2,\"name\":\"Les livres\",\"item\":\"https:\/\/chtululu.be\/index.php\/livres-doccasion\/\"},{\"@type\":\"ListItem\",\"position\":3,\"name\":\"F\u00e9licit\u00e9 t. 1 et 2\"}]},{\"@type\":\"WebSite\",\"@id\":\"https:\/\/chtululu.be\/#website\",\"url\":\"https:\/\/chtululu.be\/\",\"name\":\"Le Chtululu\",\"description\":\"Votre librairie de seconde main \u00e0 Soignies\",\"publisher\":{\"@id\":\"https:\/\/chtululu.be\/#organization\"},\"potentialAction\":[{\"@type\":\"SearchAction\",\"target\":{\"@type\":\"EntryPoint\",\"urlTemplate\":\"https:\/\/chtululu.be\/?s={search_term_string}\"},\"query-input\":{\"@type\":\"PropertyValueSpecification\",\"valueRequired\":true,\"valueName\":\"search_term_string\"}}],\"inLanguage\":\"fr-FR\"},{\"@type\":\"Organization\",\"@id\":\"https:\/\/chtululu.be\/#organization\",\"name\":\"Le Chtululu\",\"url\":\"https:\/\/chtululu.be\/\",\"logo\":{\"@type\":\"ImageObject\",\"inLanguage\":\"fr-FR\",\"@id\":\"https:\/\/chtululu.be\/#\/schema\/logo\/image\/\",\"url\":\"https:\/\/chtululu.be\/wp-content\/uploads\/2016\/05\/logo-def-blanc.jpg\",\"contentUrl\":\"https:\/\/chtululu.be\/wp-content\/uploads\/2016\/05\/logo-def-blanc.jpg\",\"width\":2048,\"height\":1901,\"caption\":\"Le Chtululu\"},\"image\":{\"@id\":\"https:\/\/chtululu.be\/#\/schema\/logo\/image\/\"}}]}<\/script>\n<!-- \/ Yoast SEO plugin. -->","yoast_head_json":{"title":"F\u00e9licit\u00e9 t. 1 et 2 - Le Chtululu","robots":{"index":"index","follow":"follow","max-snippet":"max-snippet:-1","max-image-preview":"max-image-preview:large","max-video-preview":"max-video-preview:-1"},"canonical":"https:\/\/chtululu.be\/index.php\/produit\/felicite-t-1-et-2\/","og_locale":"fr_FR","og_type":"article","og_title":"F\u00e9licit\u00e9 t. 1 et 2 - Le Chtululu","og_description":"Charland Jean-Pierre Apr\u00e8s Les portes de Qu\u00e9bec, Jean-Pierre Charland revient avec les deux premiers volets d\u0092une saga \u00e9mouvante \u00e0 travers le personnage attachant de F\u00e9licit\u00e9. La jeune fille est destin\u00e9e au noviciat, mais sa passion l\u0092emporte. Elle veut \u00eatre institutrice, et c\u0092est bien le m\u00e9tier qu\u0092elle va exercer dans une petite paroisse. Mais pour ce c\u009cur courageux, solitaire et doux, les dangers sont grands, parfois dissimul\u00e9s sous des atours qu\u0092on ne soup\u00e7onnerait pas... F\u00e9licit\u00e9 parviendra-t-elle \u00e0 d\u00e9jouer les \u00e9preuves qui l\u0092attendent ?","og_url":"https:\/\/chtululu.be\/index.php\/produit\/felicite-t-1-et-2\/","og_site_name":"Le Chtululu","article_modified_time":"2017-01-04T20:22:31+00:00","og_image":[{"width":200,"height":326,"url":"https:\/\/chtululu.be\/wp-content\/uploads\/2017\/01\/felicite.jpg","type":"image\/jpeg"}],"twitter_card":"summary_large_image","schema":{"@context":"https:\/\/schema.org","@graph":[{"@type":"WebPage","@id":"https:\/\/chtululu.be\/index.php\/produit\/felicite-t-1-et-2\/","url":"https:\/\/chtululu.be\/index.php\/produit\/felicite-t-1-et-2\/","name":"F\u00e9licit\u00e9 t. 1 et 2 - Le Chtululu","isPartOf":{"@id":"https:\/\/chtululu.be\/#website"},"primaryImageOfPage":{"@id":"https:\/\/chtululu.be\/index.php\/produit\/felicite-t-1-et-2\/#primaryimage"},"image":{"@id":"https:\/\/chtululu.be\/index.php\/produit\/felicite-t-1-et-2\/#primaryimage"},"thumbnailUrl":"https:\/\/chtululu.be\/wp-content\/uploads\/2017\/01\/felicite.jpg","datePublished":"2017-01-04T20:21:01+00:00","dateModified":"2017-01-04T20:22:31+00:00","breadcrumb":{"@id":"https:\/\/chtululu.be\/index.php\/produit\/felicite-t-1-et-2\/#breadcrumb"},"inLanguage":"fr-FR","potentialAction":[{"@type":"ReadAction","target":["https:\/\/chtululu.be\/index.php\/produit\/felicite-t-1-et-2\/"]}]},{"@type":"ImageObject","inLanguage":"fr-FR","@id":"https:\/\/chtululu.be\/index.php\/produit\/felicite-t-1-et-2\/#primaryimage","url":"https:\/\/chtululu.be\/wp-content\/uploads\/2017\/01\/felicite.jpg","contentUrl":"https:\/\/chtululu.be\/wp-content\/uploads\/2017\/01\/felicite.jpg","width":200,"height":326},{"@type":"BreadcrumbList","@id":"https:\/\/chtululu.be\/index.php\/produit\/felicite-t-1-et-2\/#breadcrumb","itemListElement":[{"@type":"ListItem","position":1,"name":"Accueil","item":"https:\/\/chtululu.be\/"},{"@type":"ListItem","position":2,"name":"Les livres","item":"https:\/\/chtululu.be\/index.php\/livres-doccasion\/"},{"@type":"ListItem","position":3,"name":"F\u00e9licit\u00e9 t. 1 et 2"}]},{"@type":"WebSite","@id":"https:\/\/chtululu.be\/#website","url":"https:\/\/chtululu.be\/","name":"Le Chtululu","description":"Votre librairie de seconde main \u00e0 Soignies","publisher":{"@id":"https:\/\/chtululu.be\/#organization"},"potentialAction":[{"@type":"SearchAction","target":{"@type":"EntryPoint","urlTemplate":"https:\/\/chtululu.be\/?s={search_term_string}"},"query-input":{"@type":"PropertyValueSpecification","valueRequired":true,"valueName":"search_term_string"}}],"inLanguage":"fr-FR"},{"@type":"Organization","@id":"https:\/\/chtululu.be\/#organization","name":"Le Chtululu","url":"https:\/\/chtululu.be\/","logo":{"@type":"ImageObject","inLanguage":"fr-FR","@id":"https:\/\/chtululu.be\/#\/schema\/logo\/image\/","url":"https:\/\/chtululu.be\/wp-content\/uploads\/2016\/05\/logo-def-blanc.jpg","contentUrl":"https:\/\/chtululu.be\/wp-content\/uploads\/2016\/05\/logo-def-blanc.jpg","width":2048,"height":1901,"caption":"Le Chtululu"},"image":{"@id":"https:\/\/chtululu.be\/#\/schema\/logo\/image\/"}}]}},"_links":{"self":[{"href":"https:\/\/chtululu.be\/index.php\/wp-json\/wp\/v2\/product\/636","targetHints":{"allow":["GET"]}}],"collection":[{"href":"https:\/\/chtululu.be\/index.php\/wp-json\/wp\/v2\/product"}],"about":[{"href":"https:\/\/chtululu.be\/index.php\/wp-json\/wp\/v2\/types\/product"}],"wp:featuredmedia":[{"embeddable":true,"href":"https:\/\/chtululu.be\/index.php\/wp-json\/wp\/v2\/media\/624"}],"wp:attachment":[{"href":"https:\/\/chtululu.be\/index.php\/wp-json\/wp\/v2\/media?parent=636"}],"wp:term":[{"taxonomy":"product_brand","embeddable":true,"href":"https:\/\/chtululu.be\/index.php\/wp-json\/wp\/v2\/product_brand?post=636"},{"taxonomy":"product_cat","embeddable":true,"href":"https:\/\/chtululu.be\/index.php\/wp-json\/wp\/v2\/product_cat?post=636"},{"taxonomy":"product_tag","embeddable":true,"href":"https:\/\/chtululu.be\/index.php\/wp-json\/wp\/v2\/product_tag?post=636"}],"curies":[{"name":"wp","href":"https:\/\/api.w.org\/{rel}","templated":true}]}}